{"id":996,"date":"2026-02-02T17:40:00","date_gmt":"2026-02-02T16:40:00","guid":{"rendered":"https:\/\/www.aglaiadesign.shop\/product\/\/"},"modified":"2026-02-03T17:39:52","modified_gmt":"2026-02-03T16:39:52","slug":"vesta-serotonin","status":"publish","type":"product","link":"https:\/\/www.aglaiadesign.shop\/en\/product\/vesta-serotonin\/","title":{"rendered":"Vesta Serotonin"},"content":{"rendered":"<h2 data-start=\"200\" data-end=\"237\"><strong data-start=\"203\" data-end=\"237\">Vesta Serotonin\u00a0<\/strong><\/h2>\n<p data-start=\"239\" data-end=\"587\">Vesta <strong data-start=\"245\" data-end=\"258\">Serotonin<\/strong> vznikla z autorsk\u00e9ho v\u00fdtvarn\u00e9ho motivu, jeho\u017e z\u00e1m\u011brem je <strong data-start=\"316\" data-end=\"381\">podpora lidsk\u00e9 psychiky, vnit\u0159n\u00ed rovnov\u00e1hy a emo\u010dn\u00ed stability<\/strong>. Serotonin je zn\u00e1m\u00fd jako hormon \u0161t\u011bst\u00ed \u2013 kl\u00ed\u010dov\u00e1 l\u00e1tka ovliv\u0148uj\u00edc\u00ed n\u00e1ladu, klid, sp\u00e1nek i schopnost vyrovn\u00e1vat se se stresem. Tento motiv pracuje pr\u00e1v\u011b s t\u011bmito kvalitami na symbolick\u00e9 a podprahov\u00e9 \u00farovni.<\/p>\n<p data-start=\"589\" data-end=\"925\">Obraz byl malov\u00e1n <strong data-start=\"607\" data-end=\"652\">Mark\u00e9tou Medunou Ko\u010dkovou (Aglaia Design)<\/strong> a p\u0159enesen na <strong data-start=\"667\" data-end=\"688\">sametov\u00fd materi\u00e1l<\/strong>, kter\u00fd umoc\u0148uje hloubku barev, jemnost p\u0159echod\u016f a pocit klidu p\u0159i no\u0161en\u00ed. Motiv Serotonin byl pou\u017eit i na jin\u00e9m modelu p\u0159i v\u00fdznamn\u00e9 p\u0159\u00edle\u017eitosti ve <strong data-start=\"837\" data-end=\"877\">Smetanov\u011b s\u00edni Obecn\u00edho domu v Praze<\/strong>, co\u017e podtrhuje jeho kulturn\u00ed i um\u011bleck\u00fd p\u0159esah.<\/p>\n<p data-start=\"927\" data-end=\"1181\">Vesta je navr\u017eena jako osobn\u00ed ochrann\u00fd prvek \u2013 od\u011bv, kter\u00fd nenese pouze estetickou hodnotu, ale i <strong data-start=\"1025\" data-end=\"1064\">v\u011bdom\u00fd z\u00e1m\u011br podpory du\u0161evn\u00ed pohody<\/strong>. Je ur\u010dena pro \u017eeny, kter\u00e9 vn\u00edmaj\u00ed oble\u010den\u00ed jako n\u00e1stroj p\u00e9\u010de o sebe i jako tich\u00fd, ale siln\u00fd v\u00fdraz osobn\u00edho postoje.<\/p>\n<h2 data-start=\"2190\" data-end=\"2232\"><strong data-start=\"2193\" data-end=\"2232\">\u0158emeslo a styling\u00a0<\/strong><\/h2>\n<p data-start=\"2234\" data-end=\"2519\">Vesta byla <strong data-start=\"2245\" data-end=\"2302\">navr\u017eena a ru\u010dn\u011b u\u0161ita v pra\u017esk\u00e9 d\u00edln\u011b Hannellendress<\/strong> (Hanka Mr\u00e1zov\u00e1). Precizn\u00ed krej\u010dovsk\u00e9 zpracov\u00e1n\u00ed podporuje funkci od\u011bvu jako nositeln\u00e9ho um\u011bleck\u00e9ho d\u00edla.<br data-start=\"2407\" data-end=\"2410\" \/>Ostatn\u00ed \u010d\u00e1sti outfitu jsou zap\u016fj\u010deny od zna\u010dky <strong data-start=\"2457\" data-end=\"2470\">Classybymh<\/strong> a slou\u017e\u00ed jako inspirace pro stylov\u00e9 kombinov\u00e1n\u00ed.<\/p>\n<p data-start=\"2234\" data-end=\"2519\"><strong>Velikost:<\/strong> 38\u201340<br \/>\n<strong>Materi\u00e1l:<\/strong>\u00a0samet<br \/>\n<strong>Proveden\u00ed:<\/strong>\u00a0autorsk\u00fd origin\u00e1l, unik\u00e1t<\/p>\n<p data-start=\"2234\" data-end=\"2519\">Od\u011bv vytvo\u0159en\u00fd s c\u00edlem posilovat radost, stabilitu a ochranu p\u0159ed psychick\u00fdm vy\u010derp\u00e1n\u00edm.<\/p>\n<p data-start=\"927\" data-end=\"1181\">\n","protected":false},"excerpt":{"rendered":"<p>Vesta Serotonin \u2013 autorsk\u00fd motiv podporuj\u00edc\u00ed psychickou rovnov\u00e1hu a vnit\u0159n\u00ed klid.<\/p>\n","protected":false},"featured_media":997,"comment_status":"open","ping_status":"closed","template":"","meta":[],"product_brand":[20],"product_cat":[39],"product_tag":[],"class_list":{"0":"post-996","1":"product","2":"type-product","3":"status-publish","4":"has-post-thumbnail","6":"product_brand-aglaia-design","7":"product_cat-modni-doplnky","9":"first","10":"instock","11":"shipping-taxable","12":"purchasable","13":"product-type-simple"},"yoast_head":"<!-- This site is optimized with the Yoast SEO plugin v27.4 - https:\/\/yoast.com\/product\/yoast-seo-wordpress\/ -->\n<title>Vesta Serotonin<\/title>\n<meta name=\"description\" content=\"Vesta Serotonin \u2013 autorsk\u00fd motiv podporuj\u00edc\u00ed psychickou rovnov\u00e1hu a vnit\u0159n\u00ed klid.\" \/>\n<meta name=\"robots\" content=\"index, follow, max-snippet:-1, max-image-preview:large, max-video-preview:-1\" \/>\n<link rel=\"canonical\" href=\"http:\/\/Vesta%20Serotonin%20\u2013%20autorsk\u00fd%20motiv%20podporuj\u00edc\u00ed%20psychickou%20rovnov\u00e1hu%20a%20vnit\u0159n\u00ed%20klid.\" \/>\n<meta property=\"og:locale\" content=\"en_US\" \/>\n<meta property=\"og:type\" content=\"article\" \/>\n<meta property=\"og:title\" content=\"Vesta Serotonin\" \/>\n<meta property=\"og:description\" content=\"Vesta Serotonin \u2013 autorsk\u00fd motiv podporuj\u00edc\u00ed psychickou rovnov\u00e1hu a vnit\u0159n\u00ed klid.\" \/>\n<meta property=\"og:url\" content=\"https:\/\/www.aglaiadesign.shop\/en\/product\/vesta-serotonin\/\" \/>\n<meta property=\"og:site_name\" content=\"AglaiaDesign.shop\" \/>\n<meta property=\"article:publisher\" content=\"https:\/\/www.facebook.com\/people\/AglaiaDesignshop\/61584360833340\/\" \/>\n<meta property=\"article:modified_time\" content=\"2026-02-03T16:39:52+00:00\" \/>\n<meta property=\"og:image\" content=\"https:\/\/www.aglaiadesign.shop\/wp-content\/uploads\/2026\/02\/serotonin-detail.jpeg\" \/>\n\t<meta property=\"og:image:width\" content=\"1406\" \/>\n\t<meta property=\"og:image:height\" content=\"1875\" \/>\n\t<meta property=\"og:image:type\" content=\"image\/jpeg\" \/>\n<meta name=\"twitter:card\" content=\"summary_large_image\" \/>\n<meta name=\"twitter:label1\" content=\"Est. reading time\" \/>\n\t<meta name=\"twitter:data1\" content=\"2 minutes\" \/>\n<script type=\"application\/ld+json\" class=\"yoast-schema-graph\">{\"@context\":\"https:\\\/\\\/schema.org\",\"@graph\":[{\"@type\":\"WebPage\",\"@id\":\"https:\\\/\\\/www.aglaiadesign.shop\\\/en\\\/product\\\/vesta-serotonin\\\/\",\"url\":\"https:\\\/\\\/www.aglaiadesign.shop\\\/en\\\/product\\\/vesta-serotonin\\\/\",\"name\":\"Vesta Serotonin - AglaiaDesign.shop\",\"isPartOf\":{\"@id\":\"https:\\\/\\\/www.aglaiadesign.shop\\\/#website\"},\"primaryImageOfPage\":{\"@id\":\"https:\\\/\\\/www.aglaiadesign.shop\\\/en\\\/product\\\/vesta-serotonin\\\/#primaryimage\"},\"image\":{\"@id\":\"https:\\\/\\\/www.aglaiadesign.shop\\\/en\\\/product\\\/vesta-serotonin\\\/#primaryimage\"},\"thumbnailUrl\":\"https:\\\/\\\/www.aglaiadesign.shop\\\/wp-content\\\/uploads\\\/2026\\\/02\\\/serotonin-detail.jpeg\",\"datePublished\":\"2026-02-02T16:40:00+00:00\",\"dateModified\":\"2026-02-03T16:39:52+00:00\",\"breadcrumb\":{\"@id\":\"https:\\\/\\\/www.aglaiadesign.shop\\\/en\\\/product\\\/vesta-serotonin\\\/#breadcrumb\"},\"inLanguage\":\"en-US\",\"potentialAction\":[{\"@type\":\"ReadAction\",\"target\":[\"https:\\\/\\\/www.aglaiadesign.shop\\\/en\\\/product\\\/vesta-serotonin\\\/\"]}]},{\"@type\":\"ImageObject\",\"inLanguage\":\"en-US\",\"@id\":\"https:\\\/\\\/www.aglaiadesign.shop\\\/en\\\/product\\\/vesta-serotonin\\\/#primaryimage\",\"url\":\"https:\\\/\\\/www.aglaiadesign.shop\\\/wp-content\\\/uploads\\\/2026\\\/02\\\/serotonin-detail.jpeg\",\"contentUrl\":\"https:\\\/\\\/www.aglaiadesign.shop\\\/wp-content\\\/uploads\\\/2026\\\/02\\\/serotonin-detail.jpeg\",\"width\":1406,\"height\":1875},{\"@type\":\"BreadcrumbList\",\"@id\":\"https:\\\/\\\/www.aglaiadesign.shop\\\/en\\\/product\\\/vesta-serotonin\\\/#breadcrumb\",\"itemListElement\":[{\"@type\":\"ListItem\",\"position\":1,\"name\":\"V\u00edtejte na e-shopu Aglaia Design\",\"item\":\"https:\\\/\\\/www.aglaiadesign.shop\\\/\"},{\"@type\":\"ListItem\",\"position\":2,\"name\":\"V\u00edtejte na e-shopu Aglaia Design\",\"item\":\"https:\\\/\\\/www.aglaiadesign.shop\\\/\"},{\"@type\":\"ListItem\",\"position\":3,\"name\":\"Vesta Serotonin\"}]},{\"@type\":\"WebSite\",\"@id\":\"https:\\\/\\\/www.aglaiadesign.shop\\\/en\\\/#website\",\"url\":\"https:\\\/\\\/www.aglaiadesign.shop\\\/en\\\/\",\"name\":\"AglaiaDesign.shop\",\"description\":\"Aglaia Design e-shop, obchod s enkaustick\u00fdmi obrazy a dal\u0161\u00edmi produkty s fotoreprodukc\u00ed t\u011bchto obraz\u016f.\",\"publisher\":{\"@id\":\"https:\\\/\\\/www.aglaiadesign.shop\\\/en\\\/#organization\"},\"potentialAction\":[{\"@type\":\"SearchAction\",\"target\":{\"@type\":\"EntryPoint\",\"urlTemplate\":\"https:\\\/\\\/www.aglaiadesign.shop\\\/en\\\/?s={search_term_string}\"},\"query-input\":{\"@type\":\"PropertyValueSpecification\",\"valueRequired\":true,\"valueName\":\"search_term_string\"}}],\"inLanguage\":\"en-US\"},{\"@type\":\"Organization\",\"@id\":\"https:\\\/\\\/www.aglaiadesign.shop\\\/en\\\/#organization\",\"name\":\"AglaiaDesign.shop\",\"url\":\"https:\\\/\\\/www.aglaiadesign.shop\\\/en\\\/\",\"logo\":{\"@type\":\"ImageObject\",\"inLanguage\":\"en-US\",\"@id\":\"https:\\\/\\\/www.aglaiadesign.shop\\\/en\\\/#\\\/schema\\\/logo\\\/image\\\/\",\"url\":\"https:\\\/\\\/www.aglaiadesign.shop\\\/wp-content\\\/uploads\\\/2025\\\/11\\\/cropped-cropped-ad-logo-final.png\",\"contentUrl\":\"https:\\\/\\\/www.aglaiadesign.shop\\\/wp-content\\\/uploads\\\/2025\\\/11\\\/cropped-cropped-ad-logo-final.png\",\"width\":512,\"height\":392,\"caption\":\"AglaiaDesign.shop\"},\"image\":{\"@id\":\"https:\\\/\\\/www.aglaiadesign.shop\\\/en\\\/#\\\/schema\\\/logo\\\/image\\\/\"},\"sameAs\":[\"https:\\\/\\\/www.facebook.com\\\/people\\\/AglaiaDesignshop\\\/61584360833340\\\/\",\"https:\\\/\\\/www.instagram.com\\\/aglaiadesign.shop?igsh=NWh6eXNwbXM0Y2c4\",\"https:\\\/\\\/www.tiktok.com\\\/@aglaia.design.m.k?_r=1&_t=ZN-92fGyZrw7WQ\"]}]}<\/script>\n<!-- \/ Yoast SEO plugin. -->","yoast_head_json":{"title":"Vesta Serotonin","description":"Vesta Serotonin \u2013 autorsk\u00fd motiv podporuj\u00edc\u00ed psychickou rovnov\u00e1hu a vnit\u0159n\u00ed klid.","robots":{"index":"index","follow":"follow","max-snippet":"max-snippet:-1","max-image-preview":"max-image-preview:large","max-video-preview":"max-video-preview:-1"},"canonical":"Vesta Serotonin \u2013 autorsk\u00fd motiv podporuj\u00edc\u00ed psychickou rovnov\u00e1hu a vnit\u0159n\u00ed klid.","og_locale":"en_US","og_type":"article","og_title":"Vesta Serotonin","og_description":"Vesta Serotonin \u2013 autorsk\u00fd motiv podporuj\u00edc\u00ed psychickou rovnov\u00e1hu a vnit\u0159n\u00ed klid.","og_url":"https:\/\/www.aglaiadesign.shop\/en\/product\/vesta-serotonin\/","og_site_name":"AglaiaDesign.shop","article_publisher":"https:\/\/www.facebook.com\/people\/AglaiaDesignshop\/61584360833340\/","article_modified_time":"2026-02-03T16:39:52+00:00","og_image":[{"width":1406,"height":1875,"url":"https:\/\/www.aglaiadesign.shop\/wp-content\/uploads\/2026\/02\/serotonin-detail.jpeg","type":"image\/jpeg"}],"twitter_card":"summary_large_image","twitter_misc":{"Est. reading time":"2 minutes"},"schema":{"@context":"https:\/\/schema.org","@graph":[{"@type":"WebPage","@id":"https:\/\/www.aglaiadesign.shop\/en\/product\/vesta-serotonin\/","url":"https:\/\/www.aglaiadesign.shop\/en\/product\/vesta-serotonin\/","name":"Vesta Serotonin - AglaiaDesign.shop","isPartOf":{"@id":"https:\/\/www.aglaiadesign.shop\/#website"},"primaryImageOfPage":{"@id":"https:\/\/www.aglaiadesign.shop\/en\/product\/vesta-serotonin\/#primaryimage"},"image":{"@id":"https:\/\/www.aglaiadesign.shop\/en\/product\/vesta-serotonin\/#primaryimage"},"thumbnailUrl":"https:\/\/www.aglaiadesign.shop\/wp-content\/uploads\/2026\/02\/serotonin-detail.jpeg","datePublished":"2026-02-02T16:40:00+00:00","dateModified":"2026-02-03T16:39:52+00:00","breadcrumb":{"@id":"https:\/\/www.aglaiadesign.shop\/en\/product\/vesta-serotonin\/#breadcrumb"},"inLanguage":"en-US","potentialAction":[{"@type":"ReadAction","target":["https:\/\/www.aglaiadesign.shop\/en\/product\/vesta-serotonin\/"]}]},{"@type":"ImageObject","inLanguage":"en-US","@id":"https:\/\/www.aglaiadesign.shop\/en\/product\/vesta-serotonin\/#primaryimage","url":"https:\/\/www.aglaiadesign.shop\/wp-content\/uploads\/2026\/02\/serotonin-detail.jpeg","contentUrl":"https:\/\/www.aglaiadesign.shop\/wp-content\/uploads\/2026\/02\/serotonin-detail.jpeg","width":1406,"height":1875},{"@type":"BreadcrumbList","@id":"https:\/\/www.aglaiadesign.shop\/en\/product\/vesta-serotonin\/#breadcrumb","itemListElement":[{"@type":"ListItem","position":1,"name":"V\u00edtejte na e-shopu Aglaia Design","item":"https:\/\/www.aglaiadesign.shop\/"},{"@type":"ListItem","position":2,"name":"V\u00edtejte na e-shopu Aglaia Design","item":"https:\/\/www.aglaiadesign.shop\/"},{"@type":"ListItem","position":3,"name":"Vesta Serotonin"}]},{"@type":"WebSite","@id":"https:\/\/www.aglaiadesign.shop\/en\/#website","url":"https:\/\/www.aglaiadesign.shop\/en\/","name":"AglaiaDesign.shop","description":"Aglaia Design e-shop, obchod s enkaustick\u00fdmi obrazy a dal\u0161\u00edmi produkty s fotoreprodukc\u00ed t\u011bchto obraz\u016f.","publisher":{"@id":"https:\/\/www.aglaiadesign.shop\/en\/#organization"},"potentialAction":[{"@type":"SearchAction","target":{"@type":"EntryPoint","urlTemplate":"https:\/\/www.aglaiadesign.shop\/en\/?s={search_term_string}"},"query-input":{"@type":"PropertyValueSpecification","valueRequired":true,"valueName":"search_term_string"}}],"inLanguage":"en-US"},{"@type":"Organization","@id":"https:\/\/www.aglaiadesign.shop\/en\/#organization","name":"AglaiaDesign.shop","url":"https:\/\/www.aglaiadesign.shop\/en\/","logo":{"@type":"ImageObject","inLanguage":"en-US","@id":"https:\/\/www.aglaiadesign.shop\/en\/#\/schema\/logo\/image\/","url":"https:\/\/www.aglaiadesign.shop\/wp-content\/uploads\/2025\/11\/cropped-cropped-ad-logo-final.png","contentUrl":"https:\/\/www.aglaiadesign.shop\/wp-content\/uploads\/2025\/11\/cropped-cropped-ad-logo-final.png","width":512,"height":392,"caption":"AglaiaDesign.shop"},"image":{"@id":"https:\/\/www.aglaiadesign.shop\/en\/#\/schema\/logo\/image\/"},"sameAs":["https:\/\/www.facebook.com\/people\/AglaiaDesignshop\/61584360833340\/","https:\/\/www.instagram.com\/aglaiadesign.shop?igsh=NWh6eXNwbXM0Y2c4","https:\/\/www.tiktok.com\/@aglaia.design.m.k?_r=1&_t=ZN-92fGyZrw7WQ"]}]}},"jetpack_sharing_enabled":true,"_links":{"self":[{"href":"https:\/\/www.aglaiadesign.shop\/en\/wp-json\/wp\/v2\/product\/996","targetHints":{"allow":["GET"]}}],"collection":[{"href":"https:\/\/www.aglaiadesign.shop\/en\/wp-json\/wp\/v2\/product"}],"about":[{"href":"https:\/\/www.aglaiadesign.shop\/en\/wp-json\/wp\/v2\/types\/product"}],"replies":[{"embeddable":true,"href":"https:\/\/www.aglaiadesign.shop\/en\/wp-json\/wp\/v2\/comments?post=996"}],"wp:featuredmedia":[{"embeddable":true,"href":"https:\/\/www.aglaiadesign.shop\/en\/wp-json\/wp\/v2\/media\/997"}],"wp:attachment":[{"href":"https:\/\/www.aglaiadesign.shop\/en\/wp-json\/wp\/v2\/media?parent=996"}],"wp:term":[{"taxonomy":"product_brand","embeddable":true,"href":"https:\/\/www.aglaiadesign.shop\/en\/wp-json\/wp\/v2\/product_brand?post=996"},{"taxonomy":"product_cat","embeddable":true,"href":"https:\/\/www.aglaiadesign.shop\/en\/wp-json\/wp\/v2\/product_cat?post=996"},{"taxonomy":"product_tag","embeddable":true,"href":"https:\/\/www.aglaiadesign.shop\/en\/wp-json\/wp\/v2\/product_tag?post=996"}],"curies":[{"name":"wp","href":"https:\/\/api.w.org\/{rel}","templated":true}]}}