{"id":974,"date":"2026-02-02T16:53:03","date_gmt":"2026-02-02T15:53:03","guid":{"rendered":"https:\/\/www.aglaiadesign.shop\/product\/\/"},"modified":"2026-02-03T17:43:12","modified_gmt":"2026-02-03T16:43:12","slug":"korzet-zivot","status":"publish","type":"product","link":"https:\/\/www.aglaiadesign.shop\/en\/product\/korzet-zivot\/","title":{"rendered":"Korzet \u017divot"},"content":{"rendered":"<h2 data-start=\"215\" data-end=\"249\"><strong data-start=\"218\" data-end=\"249\">Korzet \u017divot\u00a0<\/strong><\/h2>\n<p data-start=\"251\" data-end=\"533\">Korzet <strong data-start=\"258\" data-end=\"267\">\u017divot<\/strong> vznikl p\u0159enesen\u00edm autorsk\u00e9ho v\u00fdtvarn\u00e9ho motivu z obrazu malovan\u00e9ho v\u010del\u00edm voskem do precizn\u011b zpracovan\u00e9ho od\u011bvn\u00edho solit\u00e9ru. Motiv pracuje s energi\u00ed pohybu, vrstev a prom\u011bny, kter\u00e9 se zde soust\u0159ed\u00ed do oblasti st\u0159edu t\u011bla \u2013 m\u00edsta s\u00edly, rovnov\u00e1hy a vnit\u0159n\u00ed stability.<\/p>\n<p data-start=\"535\" data-end=\"756\">Korzet je navr\u017een jako v\u00fdrazn\u00fd stylingov\u00fd prvek, kter\u00fd propojuje um\u011bn\u00ed, \u017eenskost a sebev\u011bdom\u00ed. Autorsk\u00fd tisk zachov\u00e1v\u00e1 hloubku barev a strukturu p\u016fvodn\u00ed malby, zat\u00edmco st\u0159ih zv\u00fdraz\u0148uje siluetu a p\u0159irozen\u011b formuje postavu.<\/p>\n<p data-start=\"758\" data-end=\"896\">Je ur\u010den k vrstven\u00ed i samostatn\u00e9mu no\u0161en\u00ed a funguje jako nositeln\u00fd artefakt \u2013 v\u00fdrazn\u00fd detail, kter\u00fd d\u00e1v\u00e1 outfitu jasn\u00fd postoj a charakter.<\/p>\n<p data-start=\"758\" data-end=\"896\">Korzet byl <strong data-start=\"376\" data-end=\"431\">navr\u017een a ru\u010dn\u011b u\u0161it v pra\u017esk\u00e9 d\u00edln\u011b Hannellendress<\/strong> (Hanka Mr\u00e1zov\u00e1), kter\u00e1 je zn\u00e1m\u00e1 precizn\u00edm \u0159emesln\u00fdm zpracov\u00e1n\u00edm a citliv\u00fdm p\u0159\u00edstupem k autorsk\u00e9 m\u00f3d\u011b. Spojen\u00ed v\u00fdtvarn\u00e9ho motivu a kvalitn\u00edho krej\u010dovsk\u00e9ho zpracov\u00e1n\u00ed vytv\u00e1\u0159\u00ed harmonick\u00fd celek, kde forma podporuje v\u00fdznam.<\/p>\n<p data-start=\"758\" data-end=\"896\">Ostatn\u00ed \u010d\u00e1sti outfitu jsou zap\u016fj\u010deny od zna\u010dky <strong data-start=\"744\" data-end=\"757\">Classybymh<\/strong>, kter\u00e1 pom\u00e1h\u00e1 dotvo\u0159it celkov\u00fd styl a p\u0159edstavit mo\u017enosti kombinov\u00e1n\u00ed korzetu v osobit\u00e9m pojet\u00ed.<\/p>\n<p><strong>Velikost:<\/strong> 36\u201340<br \/>\n<strong>Materi\u00e1l:<\/strong>\u00a0samet<br \/>\n<strong>Proveden\u00ed:<\/strong>\u00a0autorsk\u00fd origin\u00e1l, unik\u00e1t<\/p>\n<p data-start=\"758\" data-end=\"896\">\u017divot zde nen\u00ed jen motivem, ale pocitem ukotven\u00ed, s\u00edly a v\u011bdom\u00e9 p\u0159\u00edtomnosti v t\u011ble.<\/p>\n","protected":false},"excerpt":{"rendered":"<p>Korzet \u017divot \u2013 autorsk\u00fd motiv energie a pohybu soust\u0159ed\u011bn\u00fd do \u017eensk\u00e9ho st\u0159edu s\u00edly.<\/p>\n","protected":false},"featured_media":975,"comment_status":"open","ping_status":"closed","template":"","meta":[],"product_brand":[20],"product_cat":[39],"product_tag":[],"class_list":{"0":"post-974","1":"product","2":"type-product","3":"status-publish","4":"has-post-thumbnail","6":"product_brand-aglaia-design","7":"product_cat-modni-doplnky","9":"first","10":"instock","11":"shipping-taxable","12":"purchasable","13":"product-type-simple"},"yoast_head":"<!-- This site is optimized with the Yoast SEO plugin v27.4 - https:\/\/yoast.com\/product\/yoast-seo-wordpress\/ -->\n<title>Korzet \u017divot<\/title>\n<meta name=\"description\" content=\"Korzet \u017divot \u2013 autorsk\u00fd motiv energie a pohybu soust\u0159ed\u011bn\u00fd do \u017eensk\u00e9ho st\u0159edu s\u00edly.\" \/>\n<meta name=\"robots\" content=\"index, follow, max-snippet:-1, max-image-preview:large, max-video-preview:-1\" \/>\n<link rel=\"canonical\" href=\"http:\/\/Korzet%20\u017divot%20\u2013%20autorsk\u00fd%20motiv%20energie%20a%20pohybu%20soust\u0159ed\u011bn\u00fd%20do%20\u017eensk\u00e9ho%20st\u0159edu%20s\u00edly.\" \/>\n<meta property=\"og:locale\" content=\"en_US\" \/>\n<meta property=\"og:type\" content=\"article\" \/>\n<meta property=\"og:title\" content=\"Korzet \u017divot\" \/>\n<meta property=\"og:description\" content=\"Korzet \u017divot \u2013 autorsk\u00fd motiv energie a pohybu soust\u0159ed\u011bn\u00fd do \u017eensk\u00e9ho st\u0159edu s\u00edly.\" \/>\n<meta property=\"og:url\" content=\"https:\/\/www.aglaiadesign.shop\/en\/product\/korzet-zivot\/\" \/>\n<meta property=\"og:site_name\" content=\"AglaiaDesign.shop\" \/>\n<meta property=\"article:publisher\" content=\"https:\/\/www.facebook.com\/people\/AglaiaDesignshop\/61584360833340\/\" \/>\n<meta property=\"article:modified_time\" content=\"2026-02-03T16:43:12+00:00\" \/>\n<meta property=\"og:image\" content=\"https:\/\/www.aglaiadesign.shop\/wp-content\/uploads\/2026\/02\/korzet-1.jpeg\" \/>\n\t<meta property=\"og:image:width\" content=\"1406\" \/>\n\t<meta property=\"og:image:height\" content=\"1875\" \/>\n\t<meta property=\"og:image:type\" content=\"image\/jpeg\" \/>\n<meta name=\"twitter:card\" content=\"summary_large_image\" \/>\n<meta name=\"twitter:label1\" content=\"Est. reading time\" \/>\n\t<meta name=\"twitter:data1\" content=\"2 minutes\" \/>\n<script type=\"application\/ld+json\" class=\"yoast-schema-graph\">{\"@context\":\"https:\\\/\\\/schema.org\",\"@graph\":[{\"@type\":\"WebPage\",\"@id\":\"https:\\\/\\\/www.aglaiadesign.shop\\\/en\\\/product\\\/korzet-zivot\\\/\",\"url\":\"https:\\\/\\\/www.aglaiadesign.shop\\\/en\\\/product\\\/korzet-zivot\\\/\",\"name\":\"Korzet \u017divot - AglaiaDesign.shop\",\"isPartOf\":{\"@id\":\"https:\\\/\\\/www.aglaiadesign.shop\\\/#website\"},\"primaryImageOfPage\":{\"@id\":\"https:\\\/\\\/www.aglaiadesign.shop\\\/en\\\/product\\\/korzet-zivot\\\/#primaryimage\"},\"image\":{\"@id\":\"https:\\\/\\\/www.aglaiadesign.shop\\\/en\\\/product\\\/korzet-zivot\\\/#primaryimage\"},\"thumbnailUrl\":\"https:\\\/\\\/www.aglaiadesign.shop\\\/wp-content\\\/uploads\\\/2026\\\/02\\\/korzet-1.jpeg\",\"datePublished\":\"2026-02-02T15:53:03+00:00\",\"dateModified\":\"2026-02-03T16:43:12+00:00\",\"breadcrumb\":{\"@id\":\"https:\\\/\\\/www.aglaiadesign.shop\\\/en\\\/product\\\/korzet-zivot\\\/#breadcrumb\"},\"inLanguage\":\"en-US\",\"potentialAction\":[{\"@type\":\"ReadAction\",\"target\":[\"https:\\\/\\\/www.aglaiadesign.shop\\\/en\\\/product\\\/korzet-zivot\\\/\"]}]},{\"@type\":\"ImageObject\",\"inLanguage\":\"en-US\",\"@id\":\"https:\\\/\\\/www.aglaiadesign.shop\\\/en\\\/product\\\/korzet-zivot\\\/#primaryimage\",\"url\":\"https:\\\/\\\/www.aglaiadesign.shop\\\/wp-content\\\/uploads\\\/2026\\\/02\\\/korzet-1.jpeg\",\"contentUrl\":\"https:\\\/\\\/www.aglaiadesign.shop\\\/wp-content\\\/uploads\\\/2026\\\/02\\\/korzet-1.jpeg\",\"width\":1406,\"height\":1875},{\"@type\":\"BreadcrumbList\",\"@id\":\"https:\\\/\\\/www.aglaiadesign.shop\\\/en\\\/product\\\/korzet-zivot\\\/#breadcrumb\",\"itemListElement\":[{\"@type\":\"ListItem\",\"position\":1,\"name\":\"V\u00edtejte na e-shopu Aglaia Design\",\"item\":\"https:\\\/\\\/www.aglaiadesign.shop\\\/\"},{\"@type\":\"ListItem\",\"position\":2,\"name\":\"V\u00edtejte na e-shopu Aglaia Design\",\"item\":\"https:\\\/\\\/www.aglaiadesign.shop\\\/\"},{\"@type\":\"ListItem\",\"position\":3,\"name\":\"Korzet \u017divot\"}]},{\"@type\":\"WebSite\",\"@id\":\"https:\\\/\\\/www.aglaiadesign.shop\\\/en\\\/#website\",\"url\":\"https:\\\/\\\/www.aglaiadesign.shop\\\/en\\\/\",\"name\":\"AglaiaDesign.shop\",\"description\":\"Aglaia Design e-shop, obchod s enkaustick\u00fdmi obrazy a dal\u0161\u00edmi produkty s fotoreprodukc\u00ed t\u011bchto obraz\u016f.\",\"publisher\":{\"@id\":\"https:\\\/\\\/www.aglaiadesign.shop\\\/en\\\/#organization\"},\"potentialAction\":[{\"@type\":\"SearchAction\",\"target\":{\"@type\":\"EntryPoint\",\"urlTemplate\":\"https:\\\/\\\/www.aglaiadesign.shop\\\/en\\\/?s={search_term_string}\"},\"query-input\":{\"@type\":\"PropertyValueSpecification\",\"valueRequired\":true,\"valueName\":\"search_term_string\"}}],\"inLanguage\":\"en-US\"},{\"@type\":\"Organization\",\"@id\":\"https:\\\/\\\/www.aglaiadesign.shop\\\/en\\\/#organization\",\"name\":\"AglaiaDesign.shop\",\"url\":\"https:\\\/\\\/www.aglaiadesign.shop\\\/en\\\/\",\"logo\":{\"@type\":\"ImageObject\",\"inLanguage\":\"en-US\",\"@id\":\"https:\\\/\\\/www.aglaiadesign.shop\\\/en\\\/#\\\/schema\\\/logo\\\/image\\\/\",\"url\":\"https:\\\/\\\/www.aglaiadesign.shop\\\/wp-content\\\/uploads\\\/2025\\\/11\\\/cropped-cropped-ad-logo-final.png\",\"contentUrl\":\"https:\\\/\\\/www.aglaiadesign.shop\\\/wp-content\\\/uploads\\\/2025\\\/11\\\/cropped-cropped-ad-logo-final.png\",\"width\":512,\"height\":392,\"caption\":\"AglaiaDesign.shop\"},\"image\":{\"@id\":\"https:\\\/\\\/www.aglaiadesign.shop\\\/en\\\/#\\\/schema\\\/logo\\\/image\\\/\"},\"sameAs\":[\"https:\\\/\\\/www.facebook.com\\\/people\\\/AglaiaDesignshop\\\/61584360833340\\\/\",\"https:\\\/\\\/www.instagram.com\\\/aglaiadesign.shop?igsh=NWh6eXNwbXM0Y2c4\",\"https:\\\/\\\/www.tiktok.com\\\/@aglaia.design.m.k?_r=1&_t=ZN-92fGyZrw7WQ\"]}]}<\/script>\n<!-- \/ Yoast SEO plugin. -->","yoast_head_json":{"title":"Korzet \u017divot","description":"Korzet \u017divot \u2013 autorsk\u00fd motiv energie a pohybu soust\u0159ed\u011bn\u00fd do \u017eensk\u00e9ho st\u0159edu s\u00edly.","robots":{"index":"index","follow":"follow","max-snippet":"max-snippet:-1","max-image-preview":"max-image-preview:large","max-video-preview":"max-video-preview:-1"},"canonical":"Korzet \u017divot \u2013 autorsk\u00fd motiv energie a pohybu soust\u0159ed\u011bn\u00fd do \u017eensk\u00e9ho st\u0159edu s\u00edly.","og_locale":"en_US","og_type":"article","og_title":"Korzet \u017divot","og_description":"Korzet \u017divot \u2013 autorsk\u00fd motiv energie a pohybu soust\u0159ed\u011bn\u00fd do \u017eensk\u00e9ho st\u0159edu s\u00edly.","og_url":"https:\/\/www.aglaiadesign.shop\/en\/product\/korzet-zivot\/","og_site_name":"AglaiaDesign.shop","article_publisher":"https:\/\/www.facebook.com\/people\/AglaiaDesignshop\/61584360833340\/","article_modified_time":"2026-02-03T16:43:12+00:00","og_image":[{"width":1406,"height":1875,"url":"https:\/\/www.aglaiadesign.shop\/wp-content\/uploads\/2026\/02\/korzet-1.jpeg","type":"image\/jpeg"}],"twitter_card":"summary_large_image","twitter_misc":{"Est. reading time":"2 minutes"},"schema":{"@context":"https:\/\/schema.org","@graph":[{"@type":"WebPage","@id":"https:\/\/www.aglaiadesign.shop\/en\/product\/korzet-zivot\/","url":"https:\/\/www.aglaiadesign.shop\/en\/product\/korzet-zivot\/","name":"Korzet \u017divot - AglaiaDesign.shop","isPartOf":{"@id":"https:\/\/www.aglaiadesign.shop\/#website"},"primaryImageOfPage":{"@id":"https:\/\/www.aglaiadesign.shop\/en\/product\/korzet-zivot\/#primaryimage"},"image":{"@id":"https:\/\/www.aglaiadesign.shop\/en\/product\/korzet-zivot\/#primaryimage"},"thumbnailUrl":"https:\/\/www.aglaiadesign.shop\/wp-content\/uploads\/2026\/02\/korzet-1.jpeg","datePublished":"2026-02-02T15:53:03+00:00","dateModified":"2026-02-03T16:43:12+00:00","breadcrumb":{"@id":"https:\/\/www.aglaiadesign.shop\/en\/product\/korzet-zivot\/#breadcrumb"},"inLanguage":"en-US","potentialAction":[{"@type":"ReadAction","target":["https:\/\/www.aglaiadesign.shop\/en\/product\/korzet-zivot\/"]}]},{"@type":"ImageObject","inLanguage":"en-US","@id":"https:\/\/www.aglaiadesign.shop\/en\/product\/korzet-zivot\/#primaryimage","url":"https:\/\/www.aglaiadesign.shop\/wp-content\/uploads\/2026\/02\/korzet-1.jpeg","contentUrl":"https:\/\/www.aglaiadesign.shop\/wp-content\/uploads\/2026\/02\/korzet-1.jpeg","width":1406,"height":1875},{"@type":"BreadcrumbList","@id":"https:\/\/www.aglaiadesign.shop\/en\/product\/korzet-zivot\/#breadcrumb","itemListElement":[{"@type":"ListItem","position":1,"name":"V\u00edtejte na e-shopu Aglaia Design","item":"https:\/\/www.aglaiadesign.shop\/"},{"@type":"ListItem","position":2,"name":"V\u00edtejte na e-shopu Aglaia Design","item":"https:\/\/www.aglaiadesign.shop\/"},{"@type":"ListItem","position":3,"name":"Korzet \u017divot"}]},{"@type":"WebSite","@id":"https:\/\/www.aglaiadesign.shop\/en\/#website","url":"https:\/\/www.aglaiadesign.shop\/en\/","name":"AglaiaDesign.shop","description":"Aglaia Design e-shop, obchod s enkaustick\u00fdmi obrazy a dal\u0161\u00edmi produkty s fotoreprodukc\u00ed t\u011bchto obraz\u016f.","publisher":{"@id":"https:\/\/www.aglaiadesign.shop\/en\/#organization"},"potentialAction":[{"@type":"SearchAction","target":{"@type":"EntryPoint","urlTemplate":"https:\/\/www.aglaiadesign.shop\/en\/?s={search_term_string}"},"query-input":{"@type":"PropertyValueSpecification","valueRequired":true,"valueName":"search_term_string"}}],"inLanguage":"en-US"},{"@type":"Organization","@id":"https:\/\/www.aglaiadesign.shop\/en\/#organization","name":"AglaiaDesign.shop","url":"https:\/\/www.aglaiadesign.shop\/en\/","logo":{"@type":"ImageObject","inLanguage":"en-US","@id":"https:\/\/www.aglaiadesign.shop\/en\/#\/schema\/logo\/image\/","url":"https:\/\/www.aglaiadesign.shop\/wp-content\/uploads\/2025\/11\/cropped-cropped-ad-logo-final.png","contentUrl":"https:\/\/www.aglaiadesign.shop\/wp-content\/uploads\/2025\/11\/cropped-cropped-ad-logo-final.png","width":512,"height":392,"caption":"AglaiaDesign.shop"},"image":{"@id":"https:\/\/www.aglaiadesign.shop\/en\/#\/schema\/logo\/image\/"},"sameAs":["https:\/\/www.facebook.com\/people\/AglaiaDesignshop\/61584360833340\/","https:\/\/www.instagram.com\/aglaiadesign.shop?igsh=NWh6eXNwbXM0Y2c4","https:\/\/www.tiktok.com\/@aglaia.design.m.k?_r=1&_t=ZN-92fGyZrw7WQ"]}]}},"jetpack_sharing_enabled":true,"_links":{"self":[{"href":"https:\/\/www.aglaiadesign.shop\/en\/wp-json\/wp\/v2\/product\/974","targetHints":{"allow":["GET"]}}],"collection":[{"href":"https:\/\/www.aglaiadesign.shop\/en\/wp-json\/wp\/v2\/product"}],"about":[{"href":"https:\/\/www.aglaiadesign.shop\/en\/wp-json\/wp\/v2\/types\/product"}],"replies":[{"embeddable":true,"href":"https:\/\/www.aglaiadesign.shop\/en\/wp-json\/wp\/v2\/comments?post=974"}],"wp:featuredmedia":[{"embeddable":true,"href":"https:\/\/www.aglaiadesign.shop\/en\/wp-json\/wp\/v2\/media\/975"}],"wp:attachment":[{"href":"https:\/\/www.aglaiadesign.shop\/en\/wp-json\/wp\/v2\/media?parent=974"}],"wp:term":[{"taxonomy":"product_brand","embeddable":true,"href":"https:\/\/www.aglaiadesign.shop\/en\/wp-json\/wp\/v2\/product_brand?post=974"},{"taxonomy":"product_cat","embeddable":true,"href":"https:\/\/www.aglaiadesign.shop\/en\/wp-json\/wp\/v2\/product_cat?post=974"},{"taxonomy":"product_tag","embeddable":true,"href":"https:\/\/www.aglaiadesign.shop\/en\/wp-json\/wp\/v2\/product_tag?post=974"}],"curies":[{"name":"wp","href":"https:\/\/api.w.org\/{rel}","templated":true}]}}