{"id":968,"date":"2026-02-02T16:11:47","date_gmt":"2026-02-02T15:11:47","guid":{"rendered":"https:\/\/www.aglaiadesign.shop\/product\/\/"},"modified":"2026-02-19T10:01:27","modified_gmt":"2026-02-19T09:01:27","slug":"bomberka-zivot","status":"publish","type":"product","link":"https:\/\/www.aglaiadesign.shop\/en\/product\/bomberka-zivot\/","title":{"rendered":"Bomberka \u017divot - Prod\u00e1no"},"content":{"rendered":"<p><strong>Bomberka \u017divot<\/strong><\/p>\n<p>Bomberka <strong>\u017divot<\/strong> je v\u00fdrazn\u00fdm autorsk\u00fdm kusem, kter\u00fd vznikl p\u0159enesen\u00edm origin\u00e1ln\u00edho obrazu malovan\u00e9ho <strong>v\u010del\u00edm voskem<\/strong> na <strong>sametovou l\u00e1tku<\/strong>. Motiv nese silnou energii pohybu, prom\u011bny a vnit\u0159n\u00ed s\u00edly \u2013 nen\u00ed dekorativn\u00ed, ale v\u00fdpov\u011bdn\u00ed.<\/p>\n<p>Autorkou obrazu je um\u011blkyn\u011b <strong>Mark\u00e9ta Meduna Ko\u010dkov\u00e1<\/strong>, zakladatelka zna\u010dky <strong>Aglaia Design<\/strong>. D\u00edlo bylo p\u0159evedeno tiskem na textil s d\u016frazem na hloubku barev, kontrast a strukturu, kter\u00e9 samet p\u0159irozen\u011b zesiluje.<\/p>\n<p>Bomberka byla <strong>navr\u017eena a ru\u010dn\u011b u\u0161ita v pra\u017esk\u00e9 d\u00edln\u011b Hannellendress<\/strong> (Hanka Mr\u00e1zov\u00e1) a vznikla jako <strong>jedine\u010dn\u00fd origin\u00e1l<\/strong>. St\u0159ih je navr\u017een tak, aby p\u0159irozen\u011b fungoval na men\u0161\u00ed i v\u011bt\u0161\u00ed postav\u011b a p\u016fsobil sebev\u011bdom\u011b, nikoli k\u0159ehce.<\/p>\n<p>Sametov\u00fd materi\u00e1l podtrhuje luxusn\u00ed charakter modelu a umo\u017e\u0148uje motivu pln\u011b vyniknout. Ostatn\u00ed \u010d\u00e1sti outfitu jsou zap\u016fj\u010deny od zna\u010dky <strong>Classybymh<\/strong> \u2013 jejich propojen\u00ed pom\u00e1h\u00e1 p\u0159edstavit celkov\u00fd styl a ukazuje, jak v\u00fdrazn\u00fd solit\u00e9r m\u016f\u017ee bomberka v \u0161atn\u00edku b\u00fdt.<\/p>\n<p><strong>Velikost:<\/strong> 38\u201340<br \/>\n<strong>Materi\u00e1l:<\/strong> samet<br \/>\n<strong>Proveden\u00ed:<\/strong> autorsk\u00fd origin\u00e1l, unik\u00e1t<\/p>\n<h3>\u017divot nen\u00ed klidn\u00fd stav, ale proud energie, kter\u00fd n\u00e1s formuje, zkou\u0161\u00ed a nut\u00ed r\u016fst \u2013 pr\u00e1v\u011b tuto syrovou s\u00edlu motiv nese.<\/h3>\n","protected":false},"excerpt":{"rendered":"<p>Autorsk\u00fd motiv \u017divot \u2013 energie, kter\u00e1 je vid\u011bt i c\u00edtit.<\/p>\n","protected":false},"featured_media":970,"comment_status":"open","ping_status":"closed","template":"","meta":[],"product_brand":[20],"product_cat":[39],"product_tag":[],"class_list":{"0":"post-968","1":"product","2":"type-product","3":"status-publish","4":"has-post-thumbnail","6":"product_brand-aglaia-design","7":"product_cat-modni-doplnky","9":"first","10":"instock","11":"shipping-taxable","12":"product-type-simple"},"yoast_head":"<!-- This site is optimized with the Yoast SEO plugin v27.4 - https:\/\/yoast.com\/product\/yoast-seo-wordpress\/ -->\n<title>Bomberka \u017divot - Prod\u00e1no<\/title>\n<meta name=\"description\" content=\"Autorsk\u00fd motiv \u017divot \u2013 energie, kter\u00e1 je vid\u011bt i c\u00edtit.\" \/>\n<meta name=\"robots\" content=\"index, follow, max-snippet:-1, max-image-preview:large, max-video-preview:-1\" \/>\n<link rel=\"canonical\" href=\"http:\/\/Autorsk\u00fd%20motiv%20\u017divot%20\u2013%20energie,%20kter\u00e1%20je%20vid\u011bt%20i%20c\u00edtit.\" \/>\n<meta property=\"og:locale\" content=\"en_US\" \/>\n<meta property=\"og:type\" content=\"article\" \/>\n<meta property=\"og:title\" content=\"Bomberka \u017divot - Prod\u00e1no\" \/>\n<meta property=\"og:description\" content=\"Autorsk\u00fd motiv \u017divot \u2013 energie, kter\u00e1 je vid\u011bt i c\u00edtit.\" \/>\n<meta property=\"og:url\" content=\"https:\/\/www.aglaiadesign.shop\/en\/product\/bomberka-zivot\/\" \/>\n<meta property=\"og:site_name\" content=\"AglaiaDesign.shop\" \/>\n<meta property=\"article:publisher\" content=\"https:\/\/www.facebook.com\/people\/AglaiaDesignshop\/61584360833340\/\" \/>\n<meta property=\"article:modified_time\" content=\"2026-02-19T09:01:27+00:00\" \/>\n<meta property=\"og:image\" content=\"https:\/\/www.aglaiadesign.shop\/wp-content\/uploads\/2026\/02\/bom.jpeg\" \/>\n\t<meta property=\"og:image:width\" content=\"1406\" \/>\n\t<meta property=\"og:image:height\" content=\"1875\" \/>\n\t<meta property=\"og:image:type\" content=\"image\/jpeg\" \/>\n<meta name=\"twitter:card\" content=\"summary_large_image\" \/>\n<meta name=\"twitter:label1\" content=\"Est. reading time\" \/>\n\t<meta name=\"twitter:data1\" content=\"2 minutes\" \/>\n<script type=\"application\/ld+json\" class=\"yoast-schema-graph\">{\"@context\":\"https:\\\/\\\/schema.org\",\"@graph\":[{\"@type\":\"WebPage\",\"@id\":\"https:\\\/\\\/www.aglaiadesign.shop\\\/en\\\/product\\\/bomberka-zivot\\\/\",\"url\":\"https:\\\/\\\/www.aglaiadesign.shop\\\/en\\\/product\\\/bomberka-zivot\\\/\",\"name\":\"Bomberka \u017divot - Prod\u00e1no - AglaiaDesign.shop\",\"isPartOf\":{\"@id\":\"https:\\\/\\\/www.aglaiadesign.shop\\\/#website\"},\"primaryImageOfPage\":{\"@id\":\"https:\\\/\\\/www.aglaiadesign.shop\\\/en\\\/product\\\/bomberka-zivot\\\/#primaryimage\"},\"image\":{\"@id\":\"https:\\\/\\\/www.aglaiadesign.shop\\\/en\\\/product\\\/bomberka-zivot\\\/#primaryimage\"},\"thumbnailUrl\":\"https:\\\/\\\/www.aglaiadesign.shop\\\/wp-content\\\/uploads\\\/2026\\\/02\\\/bom.jpeg\",\"datePublished\":\"2026-02-02T15:11:47+00:00\",\"dateModified\":\"2026-02-19T09:01:27+00:00\",\"breadcrumb\":{\"@id\":\"https:\\\/\\\/www.aglaiadesign.shop\\\/en\\\/product\\\/bomberka-zivot\\\/#breadcrumb\"},\"inLanguage\":\"en-US\",\"potentialAction\":[{\"@type\":\"ReadAction\",\"target\":[\"https:\\\/\\\/www.aglaiadesign.shop\\\/en\\\/product\\\/bomberka-zivot\\\/\"]}]},{\"@type\":\"ImageObject\",\"inLanguage\":\"en-US\",\"@id\":\"https:\\\/\\\/www.aglaiadesign.shop\\\/en\\\/product\\\/bomberka-zivot\\\/#primaryimage\",\"url\":\"https:\\\/\\\/www.aglaiadesign.shop\\\/wp-content\\\/uploads\\\/2026\\\/02\\\/bom.jpeg\",\"contentUrl\":\"https:\\\/\\\/www.aglaiadesign.shop\\\/wp-content\\\/uploads\\\/2026\\\/02\\\/bom.jpeg\",\"width\":1406,\"height\":1875},{\"@type\":\"BreadcrumbList\",\"@id\":\"https:\\\/\\\/www.aglaiadesign.shop\\\/en\\\/product\\\/bomberka-zivot\\\/#breadcrumb\",\"itemListElement\":[{\"@type\":\"ListItem\",\"position\":1,\"name\":\"V\u00edtejte na e-shopu Aglaia Design\",\"item\":\"https:\\\/\\\/www.aglaiadesign.shop\\\/\"},{\"@type\":\"ListItem\",\"position\":2,\"name\":\"V\u00edtejte na e-shopu Aglaia Design\",\"item\":\"https:\\\/\\\/www.aglaiadesign.shop\\\/\"},{\"@type\":\"ListItem\",\"position\":3,\"name\":\"Bomberka \u017divot - Prod\u00e1no\"}]},{\"@type\":\"WebSite\",\"@id\":\"https:\\\/\\\/www.aglaiadesign.shop\\\/en\\\/#website\",\"url\":\"https:\\\/\\\/www.aglaiadesign.shop\\\/en\\\/\",\"name\":\"AglaiaDesign.shop\",\"description\":\"Aglaia Design e-shop, obchod s enkaustick\u00fdmi obrazy a dal\u0161\u00edmi produkty s fotoreprodukc\u00ed t\u011bchto obraz\u016f.\",\"publisher\":{\"@id\":\"https:\\\/\\\/www.aglaiadesign.shop\\\/en\\\/#organization\"},\"potentialAction\":[{\"@type\":\"SearchAction\",\"target\":{\"@type\":\"EntryPoint\",\"urlTemplate\":\"https:\\\/\\\/www.aglaiadesign.shop\\\/en\\\/?s={search_term_string}\"},\"query-input\":{\"@type\":\"PropertyValueSpecification\",\"valueRequired\":true,\"valueName\":\"search_term_string\"}}],\"inLanguage\":\"en-US\"},{\"@type\":\"Organization\",\"@id\":\"https:\\\/\\\/www.aglaiadesign.shop\\\/en\\\/#organization\",\"name\":\"AglaiaDesign.shop\",\"url\":\"https:\\\/\\\/www.aglaiadesign.shop\\\/en\\\/\",\"logo\":{\"@type\":\"ImageObject\",\"inLanguage\":\"en-US\",\"@id\":\"https:\\\/\\\/www.aglaiadesign.shop\\\/en\\\/#\\\/schema\\\/logo\\\/image\\\/\",\"url\":\"https:\\\/\\\/www.aglaiadesign.shop\\\/wp-content\\\/uploads\\\/2025\\\/11\\\/cropped-cropped-ad-logo-final.png\",\"contentUrl\":\"https:\\\/\\\/www.aglaiadesign.shop\\\/wp-content\\\/uploads\\\/2025\\\/11\\\/cropped-cropped-ad-logo-final.png\",\"width\":512,\"height\":392,\"caption\":\"AglaiaDesign.shop\"},\"image\":{\"@id\":\"https:\\\/\\\/www.aglaiadesign.shop\\\/en\\\/#\\\/schema\\\/logo\\\/image\\\/\"},\"sameAs\":[\"https:\\\/\\\/www.facebook.com\\\/people\\\/AglaiaDesignshop\\\/61584360833340\\\/\",\"https:\\\/\\\/www.instagram.com\\\/aglaiadesign.shop?igsh=NWh6eXNwbXM0Y2c4\",\"https:\\\/\\\/www.tiktok.com\\\/@aglaia.design.m.k?_r=1&_t=ZN-92fGyZrw7WQ\"]}]}<\/script>\n<!-- \/ Yoast SEO plugin. -->","yoast_head_json":{"title":"Bomberka \u017divot - Prod\u00e1no","description":"Autorsk\u00fd motiv \u017divot \u2013 energie, kter\u00e1 je vid\u011bt i c\u00edtit.","robots":{"index":"index","follow":"follow","max-snippet":"max-snippet:-1","max-image-preview":"max-image-preview:large","max-video-preview":"max-video-preview:-1"},"canonical":"Autorsk\u00fd motiv \u017divot \u2013 energie, kter\u00e1 je vid\u011bt i c\u00edtit.","og_locale":"en_US","og_type":"article","og_title":"Bomberka \u017divot - Prod\u00e1no","og_description":"Autorsk\u00fd motiv \u017divot \u2013 energie, kter\u00e1 je vid\u011bt i c\u00edtit.","og_url":"https:\/\/www.aglaiadesign.shop\/en\/product\/bomberka-zivot\/","og_site_name":"AglaiaDesign.shop","article_publisher":"https:\/\/www.facebook.com\/people\/AglaiaDesignshop\/61584360833340\/","article_modified_time":"2026-02-19T09:01:27+00:00","og_image":[{"width":1406,"height":1875,"url":"https:\/\/www.aglaiadesign.shop\/wp-content\/uploads\/2026\/02\/bom.jpeg","type":"image\/jpeg"}],"twitter_card":"summary_large_image","twitter_misc":{"Est. reading time":"2 minutes"},"schema":{"@context":"https:\/\/schema.org","@graph":[{"@type":"WebPage","@id":"https:\/\/www.aglaiadesign.shop\/en\/product\/bomberka-zivot\/","url":"https:\/\/www.aglaiadesign.shop\/en\/product\/bomberka-zivot\/","name":"Bomberka \u017divot - Prod\u00e1no - AglaiaDesign.shop","isPartOf":{"@id":"https:\/\/www.aglaiadesign.shop\/#website"},"primaryImageOfPage":{"@id":"https:\/\/www.aglaiadesign.shop\/en\/product\/bomberka-zivot\/#primaryimage"},"image":{"@id":"https:\/\/www.aglaiadesign.shop\/en\/product\/bomberka-zivot\/#primaryimage"},"thumbnailUrl":"https:\/\/www.aglaiadesign.shop\/wp-content\/uploads\/2026\/02\/bom.jpeg","datePublished":"2026-02-02T15:11:47+00:00","dateModified":"2026-02-19T09:01:27+00:00","breadcrumb":{"@id":"https:\/\/www.aglaiadesign.shop\/en\/product\/bomberka-zivot\/#breadcrumb"},"inLanguage":"en-US","potentialAction":[{"@type":"ReadAction","target":["https:\/\/www.aglaiadesign.shop\/en\/product\/bomberka-zivot\/"]}]},{"@type":"ImageObject","inLanguage":"en-US","@id":"https:\/\/www.aglaiadesign.shop\/en\/product\/bomberka-zivot\/#primaryimage","url":"https:\/\/www.aglaiadesign.shop\/wp-content\/uploads\/2026\/02\/bom.jpeg","contentUrl":"https:\/\/www.aglaiadesign.shop\/wp-content\/uploads\/2026\/02\/bom.jpeg","width":1406,"height":1875},{"@type":"BreadcrumbList","@id":"https:\/\/www.aglaiadesign.shop\/en\/product\/bomberka-zivot\/#breadcrumb","itemListElement":[{"@type":"ListItem","position":1,"name":"V\u00edtejte na e-shopu Aglaia Design","item":"https:\/\/www.aglaiadesign.shop\/"},{"@type":"ListItem","position":2,"name":"V\u00edtejte na e-shopu Aglaia Design","item":"https:\/\/www.aglaiadesign.shop\/"},{"@type":"ListItem","position":3,"name":"Bomberka \u017divot - Prod\u00e1no"}]},{"@type":"WebSite","@id":"https:\/\/www.aglaiadesign.shop\/en\/#website","url":"https:\/\/www.aglaiadesign.shop\/en\/","name":"AglaiaDesign.shop","description":"Aglaia Design e-shop, obchod s enkaustick\u00fdmi obrazy a dal\u0161\u00edmi produkty s fotoreprodukc\u00ed t\u011bchto obraz\u016f.","publisher":{"@id":"https:\/\/www.aglaiadesign.shop\/en\/#organization"},"potentialAction":[{"@type":"SearchAction","target":{"@type":"EntryPoint","urlTemplate":"https:\/\/www.aglaiadesign.shop\/en\/?s={search_term_string}"},"query-input":{"@type":"PropertyValueSpecification","valueRequired":true,"valueName":"search_term_string"}}],"inLanguage":"en-US"},{"@type":"Organization","@id":"https:\/\/www.aglaiadesign.shop\/en\/#organization","name":"AglaiaDesign.shop","url":"https:\/\/www.aglaiadesign.shop\/en\/","logo":{"@type":"ImageObject","inLanguage":"en-US","@id":"https:\/\/www.aglaiadesign.shop\/en\/#\/schema\/logo\/image\/","url":"https:\/\/www.aglaiadesign.shop\/wp-content\/uploads\/2025\/11\/cropped-cropped-ad-logo-final.png","contentUrl":"https:\/\/www.aglaiadesign.shop\/wp-content\/uploads\/2025\/11\/cropped-cropped-ad-logo-final.png","width":512,"height":392,"caption":"AglaiaDesign.shop"},"image":{"@id":"https:\/\/www.aglaiadesign.shop\/en\/#\/schema\/logo\/image\/"},"sameAs":["https:\/\/www.facebook.com\/people\/AglaiaDesignshop\/61584360833340\/","https:\/\/www.instagram.com\/aglaiadesign.shop?igsh=NWh6eXNwbXM0Y2c4","https:\/\/www.tiktok.com\/@aglaia.design.m.k?_r=1&_t=ZN-92fGyZrw7WQ"]}]}},"jetpack_sharing_enabled":true,"_links":{"self":[{"href":"https:\/\/www.aglaiadesign.shop\/en\/wp-json\/wp\/v2\/product\/968","targetHints":{"allow":["GET"]}}],"collection":[{"href":"https:\/\/www.aglaiadesign.shop\/en\/wp-json\/wp\/v2\/product"}],"about":[{"href":"https:\/\/www.aglaiadesign.shop\/en\/wp-json\/wp\/v2\/types\/product"}],"replies":[{"embeddable":true,"href":"https:\/\/www.aglaiadesign.shop\/en\/wp-json\/wp\/v2\/comments?post=968"}],"wp:featuredmedia":[{"embeddable":true,"href":"https:\/\/www.aglaiadesign.shop\/en\/wp-json\/wp\/v2\/media\/970"}],"wp:attachment":[{"href":"https:\/\/www.aglaiadesign.shop\/en\/wp-json\/wp\/v2\/media?parent=968"}],"wp:term":[{"taxonomy":"product_brand","embeddable":true,"href":"https:\/\/www.aglaiadesign.shop\/en\/wp-json\/wp\/v2\/product_brand?post=968"},{"taxonomy":"product_cat","embeddable":true,"href":"https:\/\/www.aglaiadesign.shop\/en\/wp-json\/wp\/v2\/product_cat?post=968"},{"taxonomy":"product_tag","embeddable":true,"href":"https:\/\/www.aglaiadesign.shop\/en\/wp-json\/wp\/v2\/product_tag?post=968"}],"curies":[{"name":"wp","href":"https:\/\/api.w.org\/{rel}","templated":true}]}}