{"id":954,"date":"2026-02-02T12:36:17","date_gmt":"2026-02-02T11:36:17","guid":{"rendered":"https:\/\/www.aglaiadesign.shop\/product\/\/"},"modified":"2026-02-03T17:41:02","modified_gmt":"2026-02-03T16:41:02","slug":"koktejlky-panna-marie","status":"publish","type":"product","link":"https:\/\/www.aglaiadesign.shop\/en\/product\/koktejlky-panna-marie\/","title":{"rendered":"Koktejlky Panna Marie"},"content":{"rendered":"<p><strong>Exkluzivn\u00ed koktejlov\u00e9 \u0161aty s motivem Panny Marie jsou v\u00fdjime\u010dn\u00fdm spojen\u00edm um\u011bn\u00ed, m\u00f3dy a \u017eensk\u00e9 s\u00edly.<\/strong><br \/>\nAutorsk\u00fd design vznikl v ateli\u00e9ru Aglaia Design jako ru\u010dn\u011b malovan\u00fd obraz v\u010del\u00edm voskem. Tento jedine\u010dn\u00fd motiv byl n\u00e1sledn\u011b p\u0159enesen tiskem na sametov\u00fd materi\u00e1l, kter\u00fd \u0161at\u016fm dod\u00e1v\u00e1 hloubku, noblesu a jemn\u00fd luxusn\u00ed lesk.<\/p>\n<p>Zpracov\u00e1n\u00ed l\u00e1tky prob\u011bhlo v m\u00f3dn\u00edm sal\u00f3nu Hannellendress pod veden\u00edm m\u00f3dn\u00ed n\u00e1vrh\u00e1\u0159ky Hany Mr\u00e1zov\u00e9 (Praha \u2013 Vinohrady), zn\u00e1m\u00e9 sv\u00fdm d\u016frazem na precizn\u00ed st\u0159ih, eleganci a nad\u010dasovost. V\u00fdsledkem je model, kter\u00fd p\u0159irozen\u011b podtrhuje siluetu a p\u016fsob\u00ed sofistikovan\u011b p\u0159i ka\u017ed\u00e9 p\u0159\u00edle\u017eitosti.<\/p>\n<p>Na\u0161\u00ed viz\u00ed je vytv\u00e1\u0159et a nab\u00edzet <strong>jedine\u010dn\u00e9 kousky s hlub\u0161\u00edm v\u00fdznamem<\/strong>, kter\u00e9 podporuj\u00ed sebev\u011bdom\u00ed, osobn\u00ed styl a v\u00fdjime\u010dn\u00fd pocit z no\u0161en\u00ed. Tyto \u0161aty nejsou pouh\u00fdm od\u011bvem, ale vyj\u00e1d\u0159en\u00edm individuality a vnit\u0159n\u00ed s\u00edly.<\/p>\n<p>\u2714 autorsk\u00fd design s um\u011bleckou hodnotou<br \/>\n\u2714 ru\u010dn\u00ed pr\u00e1ce a lok\u00e1ln\u00ed zpracov\u00e1n\u00ed<br \/>\n\u2714 luxusn\u00ed sametov\u00fd materi\u00e1l<br \/>\n\u2714 nad\u010dasov\u00e1 elegance<\/p>\n<p><strong>Velikost: 40<\/strong><\/p>\n<p><em>Model pro \u017eeny, kter\u00e9 hledaj\u00ed v\u00fdjime\u010dnost, kvalitu a emoci v ka\u017ed\u00e9m detailu.<\/em><\/p>\n<p>Panna Marie jako symbol \u017eensk\u00e9 s\u00edly, ochrany a vnit\u0159n\u00ed pravdy p\u0159enesen\u00fd z obrazu do v\u00fdjime\u010dn\u00fdch koktejlek.<\/p>\n<p>&nbsp;<\/p>\n<p>&nbsp;<\/p>\n","protected":false},"excerpt":{"rendered":"<p>V\u00fdjime\u010dn\u00fd model pro \u017eeny, kter\u00e9 cht\u011bj\u00ed nosit v\u00edc ne\u017e jen \u0161aty.<\/p>\n","protected":false},"featured_media":957,"comment_status":"open","ping_status":"closed","template":"","meta":[],"product_brand":[20],"product_cat":[39],"product_tag":[],"class_list":{"0":"post-954","1":"product","2":"type-product","3":"status-publish","4":"has-post-thumbnail","6":"product_brand-aglaia-design","7":"product_cat-modni-doplnky","9":"first","10":"instock","11":"shipping-taxable","12":"purchasable","13":"product-type-simple"},"yoast_head":"<!-- This site is optimized with the Yoast SEO plugin v27.4 - https:\/\/yoast.com\/product\/yoast-seo-wordpress\/ -->\n<title>Koktejlky Panna Marie<\/title>\n<meta name=\"description\" content=\"V\u00fdjime\u010dn\u00fd model pro \u017eeny, kter\u00e9 cht\u011bj\u00ed nosit v\u00edc ne\u017e jen \u0161aty.\" \/>\n<meta name=\"robots\" content=\"index, follow, max-snippet:-1, max-image-preview:large, max-video-preview:-1\" \/>\n<link rel=\"canonical\" href=\"http:\/\/V\u00fdjime\u010dn\u00fd%20model%20pro%20\u017eeny,%20kter\u00e9%20cht\u011bj\u00ed%20nosit%20v\u00edc%20ne\u017e%20jen%20\u0161aty.\" \/>\n<meta property=\"og:locale\" content=\"en_US\" \/>\n<meta property=\"og:type\" content=\"article\" \/>\n<meta property=\"og:title\" content=\"Koktejlky Panna Marie\" \/>\n<meta property=\"og:description\" content=\"V\u00fdjime\u010dn\u00fd model pro \u017eeny, kter\u00e9 cht\u011bj\u00ed nosit v\u00edc ne\u017e jen \u0161aty.\" \/>\n<meta property=\"og:url\" content=\"https:\/\/www.aglaiadesign.shop\/en\/product\/koktejlky-panna-marie\/\" \/>\n<meta property=\"og:site_name\" content=\"AglaiaDesign.shop\" \/>\n<meta property=\"article:publisher\" content=\"https:\/\/www.facebook.com\/people\/AglaiaDesignshop\/61584360833340\/\" \/>\n<meta property=\"article:modified_time\" content=\"2026-02-03T16:41:02+00:00\" \/>\n<meta property=\"og:image\" content=\"https:\/\/www.aglaiadesign.shop\/wp-content\/uploads\/2026\/02\/panna-m.jpeg\" \/>\n\t<meta property=\"og:image:width\" content=\"1536\" \/>\n\t<meta property=\"og:image:height\" content=\"2048\" \/>\n\t<meta property=\"og:image:type\" content=\"image\/jpeg\" \/>\n<meta name=\"twitter:card\" content=\"summary_large_image\" \/>\n<meta name=\"twitter:label1\" content=\"Est. reading time\" \/>\n\t<meta name=\"twitter:data1\" content=\"2 minutes\" \/>\n<script type=\"application\/ld+json\" class=\"yoast-schema-graph\">{\"@context\":\"https:\\\/\\\/schema.org\",\"@graph\":[{\"@type\":\"WebPage\",\"@id\":\"https:\\\/\\\/www.aglaiadesign.shop\\\/en\\\/product\\\/koktejlky-panna-marie\\\/\",\"url\":\"https:\\\/\\\/www.aglaiadesign.shop\\\/en\\\/product\\\/koktejlky-panna-marie\\\/\",\"name\":\"Koktejlky Panna Marie - AglaiaDesign.shop\",\"isPartOf\":{\"@id\":\"https:\\\/\\\/www.aglaiadesign.shop\\\/#website\"},\"primaryImageOfPage\":{\"@id\":\"https:\\\/\\\/www.aglaiadesign.shop\\\/en\\\/product\\\/koktejlky-panna-marie\\\/#primaryimage\"},\"image\":{\"@id\":\"https:\\\/\\\/www.aglaiadesign.shop\\\/en\\\/product\\\/koktejlky-panna-marie\\\/#primaryimage\"},\"thumbnailUrl\":\"https:\\\/\\\/www.aglaiadesign.shop\\\/wp-content\\\/uploads\\\/2026\\\/02\\\/panna-m.jpeg\",\"datePublished\":\"2026-02-02T11:36:17+00:00\",\"dateModified\":\"2026-02-03T16:41:02+00:00\",\"breadcrumb\":{\"@id\":\"https:\\\/\\\/www.aglaiadesign.shop\\\/en\\\/product\\\/koktejlky-panna-marie\\\/#breadcrumb\"},\"inLanguage\":\"en-US\",\"potentialAction\":[{\"@type\":\"ReadAction\",\"target\":[\"https:\\\/\\\/www.aglaiadesign.shop\\\/en\\\/product\\\/koktejlky-panna-marie\\\/\"]}]},{\"@type\":\"ImageObject\",\"inLanguage\":\"en-US\",\"@id\":\"https:\\\/\\\/www.aglaiadesign.shop\\\/en\\\/product\\\/koktejlky-panna-marie\\\/#primaryimage\",\"url\":\"https:\\\/\\\/www.aglaiadesign.shop\\\/wp-content\\\/uploads\\\/2026\\\/02\\\/panna-m.jpeg\",\"contentUrl\":\"https:\\\/\\\/www.aglaiadesign.shop\\\/wp-content\\\/uploads\\\/2026\\\/02\\\/panna-m.jpeg\",\"width\":1536,\"height\":2048},{\"@type\":\"BreadcrumbList\",\"@id\":\"https:\\\/\\\/www.aglaiadesign.shop\\\/en\\\/product\\\/koktejlky-panna-marie\\\/#breadcrumb\",\"itemListElement\":[{\"@type\":\"ListItem\",\"position\":1,\"name\":\"V\u00edtejte na e-shopu Aglaia Design\",\"item\":\"https:\\\/\\\/www.aglaiadesign.shop\\\/\"},{\"@type\":\"ListItem\",\"position\":2,\"name\":\"V\u00edtejte na e-shopu Aglaia Design\",\"item\":\"https:\\\/\\\/www.aglaiadesign.shop\\\/\"},{\"@type\":\"ListItem\",\"position\":3,\"name\":\"Koktejlky Panna Marie\"}]},{\"@type\":\"WebSite\",\"@id\":\"https:\\\/\\\/www.aglaiadesign.shop\\\/en\\\/#website\",\"url\":\"https:\\\/\\\/www.aglaiadesign.shop\\\/en\\\/\",\"name\":\"AglaiaDesign.shop\",\"description\":\"Aglaia Design e-shop, obchod s enkaustick\u00fdmi obrazy a dal\u0161\u00edmi produkty s fotoreprodukc\u00ed t\u011bchto obraz\u016f.\",\"publisher\":{\"@id\":\"https:\\\/\\\/www.aglaiadesign.shop\\\/en\\\/#organization\"},\"potentialAction\":[{\"@type\":\"SearchAction\",\"target\":{\"@type\":\"EntryPoint\",\"urlTemplate\":\"https:\\\/\\\/www.aglaiadesign.shop\\\/en\\\/?s={search_term_string}\"},\"query-input\":{\"@type\":\"PropertyValueSpecification\",\"valueRequired\":true,\"valueName\":\"search_term_string\"}}],\"inLanguage\":\"en-US\"},{\"@type\":\"Organization\",\"@id\":\"https:\\\/\\\/www.aglaiadesign.shop\\\/en\\\/#organization\",\"name\":\"AglaiaDesign.shop\",\"url\":\"https:\\\/\\\/www.aglaiadesign.shop\\\/en\\\/\",\"logo\":{\"@type\":\"ImageObject\",\"inLanguage\":\"en-US\",\"@id\":\"https:\\\/\\\/www.aglaiadesign.shop\\\/en\\\/#\\\/schema\\\/logo\\\/image\\\/\",\"url\":\"https:\\\/\\\/www.aglaiadesign.shop\\\/wp-content\\\/uploads\\\/2025\\\/11\\\/cropped-cropped-ad-logo-final.png\",\"contentUrl\":\"https:\\\/\\\/www.aglaiadesign.shop\\\/wp-content\\\/uploads\\\/2025\\\/11\\\/cropped-cropped-ad-logo-final.png\",\"width\":512,\"height\":392,\"caption\":\"AglaiaDesign.shop\"},\"image\":{\"@id\":\"https:\\\/\\\/www.aglaiadesign.shop\\\/en\\\/#\\\/schema\\\/logo\\\/image\\\/\"},\"sameAs\":[\"https:\\\/\\\/www.facebook.com\\\/people\\\/AglaiaDesignshop\\\/61584360833340\\\/\",\"https:\\\/\\\/www.instagram.com\\\/aglaiadesign.shop?igsh=NWh6eXNwbXM0Y2c4\",\"https:\\\/\\\/www.tiktok.com\\\/@aglaia.design.m.k?_r=1&_t=ZN-92fGyZrw7WQ\"]}]}<\/script>\n<!-- \/ Yoast SEO plugin. -->","yoast_head_json":{"title":"Koktejlky Panna Marie","description":"V\u00fdjime\u010dn\u00fd model pro \u017eeny, kter\u00e9 cht\u011bj\u00ed nosit v\u00edc ne\u017e jen \u0161aty.","robots":{"index":"index","follow":"follow","max-snippet":"max-snippet:-1","max-image-preview":"max-image-preview:large","max-video-preview":"max-video-preview:-1"},"canonical":"V\u00fdjime\u010dn\u00fd model pro \u017eeny, kter\u00e9 cht\u011bj\u00ed nosit v\u00edc ne\u017e jen \u0161aty.","og_locale":"en_US","og_type":"article","og_title":"Koktejlky Panna Marie","og_description":"V\u00fdjime\u010dn\u00fd model pro \u017eeny, kter\u00e9 cht\u011bj\u00ed nosit v\u00edc ne\u017e jen \u0161aty.","og_url":"https:\/\/www.aglaiadesign.shop\/en\/product\/koktejlky-panna-marie\/","og_site_name":"AglaiaDesign.shop","article_publisher":"https:\/\/www.facebook.com\/people\/AglaiaDesignshop\/61584360833340\/","article_modified_time":"2026-02-03T16:41:02+00:00","og_image":[{"width":1536,"height":2048,"url":"https:\/\/www.aglaiadesign.shop\/wp-content\/uploads\/2026\/02\/panna-m.jpeg","type":"image\/jpeg"}],"twitter_card":"summary_large_image","twitter_misc":{"Est. reading time":"2 minutes"},"schema":{"@context":"https:\/\/schema.org","@graph":[{"@type":"WebPage","@id":"https:\/\/www.aglaiadesign.shop\/en\/product\/koktejlky-panna-marie\/","url":"https:\/\/www.aglaiadesign.shop\/en\/product\/koktejlky-panna-marie\/","name":"Koktejlky Panna Marie - AglaiaDesign.shop","isPartOf":{"@id":"https:\/\/www.aglaiadesign.shop\/#website"},"primaryImageOfPage":{"@id":"https:\/\/www.aglaiadesign.shop\/en\/product\/koktejlky-panna-marie\/#primaryimage"},"image":{"@id":"https:\/\/www.aglaiadesign.shop\/en\/product\/koktejlky-panna-marie\/#primaryimage"},"thumbnailUrl":"https:\/\/www.aglaiadesign.shop\/wp-content\/uploads\/2026\/02\/panna-m.jpeg","datePublished":"2026-02-02T11:36:17+00:00","dateModified":"2026-02-03T16:41:02+00:00","breadcrumb":{"@id":"https:\/\/www.aglaiadesign.shop\/en\/product\/koktejlky-panna-marie\/#breadcrumb"},"inLanguage":"en-US","potentialAction":[{"@type":"ReadAction","target":["https:\/\/www.aglaiadesign.shop\/en\/product\/koktejlky-panna-marie\/"]}]},{"@type":"ImageObject","inLanguage":"en-US","@id":"https:\/\/www.aglaiadesign.shop\/en\/product\/koktejlky-panna-marie\/#primaryimage","url":"https:\/\/www.aglaiadesign.shop\/wp-content\/uploads\/2026\/02\/panna-m.jpeg","contentUrl":"https:\/\/www.aglaiadesign.shop\/wp-content\/uploads\/2026\/02\/panna-m.jpeg","width":1536,"height":2048},{"@type":"BreadcrumbList","@id":"https:\/\/www.aglaiadesign.shop\/en\/product\/koktejlky-panna-marie\/#breadcrumb","itemListElement":[{"@type":"ListItem","position":1,"name":"V\u00edtejte na e-shopu Aglaia Design","item":"https:\/\/www.aglaiadesign.shop\/"},{"@type":"ListItem","position":2,"name":"V\u00edtejte na e-shopu Aglaia Design","item":"https:\/\/www.aglaiadesign.shop\/"},{"@type":"ListItem","position":3,"name":"Koktejlky Panna Marie"}]},{"@type":"WebSite","@id":"https:\/\/www.aglaiadesign.shop\/en\/#website","url":"https:\/\/www.aglaiadesign.shop\/en\/","name":"AglaiaDesign.shop","description":"Aglaia Design e-shop, obchod s enkaustick\u00fdmi obrazy a dal\u0161\u00edmi produkty s fotoreprodukc\u00ed t\u011bchto obraz\u016f.","publisher":{"@id":"https:\/\/www.aglaiadesign.shop\/en\/#organization"},"potentialAction":[{"@type":"SearchAction","target":{"@type":"EntryPoint","urlTemplate":"https:\/\/www.aglaiadesign.shop\/en\/?s={search_term_string}"},"query-input":{"@type":"PropertyValueSpecification","valueRequired":true,"valueName":"search_term_string"}}],"inLanguage":"en-US"},{"@type":"Organization","@id":"https:\/\/www.aglaiadesign.shop\/en\/#organization","name":"AglaiaDesign.shop","url":"https:\/\/www.aglaiadesign.shop\/en\/","logo":{"@type":"ImageObject","inLanguage":"en-US","@id":"https:\/\/www.aglaiadesign.shop\/en\/#\/schema\/logo\/image\/","url":"https:\/\/www.aglaiadesign.shop\/wp-content\/uploads\/2025\/11\/cropped-cropped-ad-logo-final.png","contentUrl":"https:\/\/www.aglaiadesign.shop\/wp-content\/uploads\/2025\/11\/cropped-cropped-ad-logo-final.png","width":512,"height":392,"caption":"AglaiaDesign.shop"},"image":{"@id":"https:\/\/www.aglaiadesign.shop\/en\/#\/schema\/logo\/image\/"},"sameAs":["https:\/\/www.facebook.com\/people\/AglaiaDesignshop\/61584360833340\/","https:\/\/www.instagram.com\/aglaiadesign.shop?igsh=NWh6eXNwbXM0Y2c4","https:\/\/www.tiktok.com\/@aglaia.design.m.k?_r=1&_t=ZN-92fGyZrw7WQ"]}]}},"jetpack_sharing_enabled":true,"_links":{"self":[{"href":"https:\/\/www.aglaiadesign.shop\/en\/wp-json\/wp\/v2\/product\/954","targetHints":{"allow":["GET"]}}],"collection":[{"href":"https:\/\/www.aglaiadesign.shop\/en\/wp-json\/wp\/v2\/product"}],"about":[{"href":"https:\/\/www.aglaiadesign.shop\/en\/wp-json\/wp\/v2\/types\/product"}],"replies":[{"embeddable":true,"href":"https:\/\/www.aglaiadesign.shop\/en\/wp-json\/wp\/v2\/comments?post=954"}],"wp:featuredmedia":[{"embeddable":true,"href":"https:\/\/www.aglaiadesign.shop\/en\/wp-json\/wp\/v2\/media\/957"}],"wp:attachment":[{"href":"https:\/\/www.aglaiadesign.shop\/en\/wp-json\/wp\/v2\/media?parent=954"}],"wp:term":[{"taxonomy":"product_brand","embeddable":true,"href":"https:\/\/www.aglaiadesign.shop\/en\/wp-json\/wp\/v2\/product_brand?post=954"},{"taxonomy":"product_cat","embeddable":true,"href":"https:\/\/www.aglaiadesign.shop\/en\/wp-json\/wp\/v2\/product_cat?post=954"},{"taxonomy":"product_tag","embeddable":true,"href":"https:\/\/www.aglaiadesign.shop\/en\/wp-json\/wp\/v2\/product_tag?post=954"}],"curies":[{"name":"wp","href":"https:\/\/api.w.org\/{rel}","templated":true}]}}