{"id":923,"date":"2026-01-14T21:27:10","date_gmt":"2026-01-14T20:27:10","guid":{"rendered":"https:\/\/www.aglaiadesign.shop\/product\/\/"},"modified":"2026-01-14T22:09:10","modified_gmt":"2026-01-14T21:09:10","slug":"fotoreprodukce","status":"publish","type":"product","link":"https:\/\/www.aglaiadesign.shop\/en\/product\/fotoreprodukce\/","title":{"rendered":"Fotoreprodukce \u017divot"},"content":{"rendered":"<p>Zaujal v\u00e1s n\u011bkter\u00fd z motiv\u016f?<br data-start=\"153\" data-end=\"156\" \/>M\u00e1te mo\u017enost po\u0159\u00eddit si <strong data-start=\"182\" data-end=\"210\">kopii z limitovan\u00e9 s\u00e9rie<\/strong>, kterou najdete u na\u0161ich produkt\u016f. Tisky jsou provedeny na <strong data-start=\"270\" data-end=\"290\">kvalitn\u00edm pap\u00ed\u0159e<\/strong>, vhodn\u00e9m k vlo\u017een\u00ed do pasparty. Ka\u017ed\u00e1 limitovan\u00e1 s\u00e9rie je opat\u0159ena <strong data-start=\"358\" data-end=\"412\">autorsk\u00fdm podpisem um\u011blkyn\u011b Mark\u00e9ty Meduny Ko\u010dkov\u00e9<\/strong>, jej\u00ed\u017e origin\u00e1ly jsou ru\u010dn\u011b malovan\u00e9.<\/p>\n<p>Ka\u017ed\u00e9 r\u00e1no se probouzet a uv\u011bdomovat si s\u00edlu \u017eivota \u2013 to je esence motivu \u017divot. \u017d\u00edt nev\u011bdom\u011b je jako sledovat film, kter\u00fd n\u00e1s nud\u00ed. Tento motiv je malov\u00e1n pro podporu v\u011bdom\u00e9ho pro\u017e\u00edv\u00e1n\u00ed, radosti a oslavov\u00e1n\u00ed ka\u017ed\u00e9ho okam\u017eiku. P\u0159ipom\u00edn\u00e1, \u017ee \u017eivot je posv\u00e1tnou naukou, a ka\u017ed\u00fd z n\u00e1s m\u016f\u017ee znovu uc\u00edtit jeho s\u00edlu v \u017eil\u00e1ch a oslavovat kv\u011bt vlastn\u00ed existence.<\/p>\n<p>Rozm\u011br: 50 cm x 70 cm<\/p>\n<p>Vhodn\u00fd do pasparty. Pasparta nen\u00ed sou\u010d\u00e1st\u00ed produktu.<\/p>\n","protected":false},"excerpt":{"rendered":"<p>Dola\u010fte sv\u016fj interi\u00e9r <strong data-start=\"291\" data-end=\"326\">reprodukc\u00ed s autorsk\u00fdm podpisem<\/strong>, kter\u00e1 harmonicky dopln\u00ed va\u0161e zakoupen\u00e9 produkty.<\/p>\n","protected":false},"featured_media":924,"comment_status":"open","ping_status":"closed","template":"","meta":[],"product_brand":[20],"product_cat":[52],"product_tag":[],"class_list":{"0":"post-923","1":"product","2":"type-product","3":"status-publish","4":"has-post-thumbnail","6":"product_brand-aglaia-design","7":"product_cat-reprodukce-obrazu-na-kvalitni-papir","9":"first","10":"instock","11":"shipping-taxable","12":"purchasable","13":"product-type-simple"},"yoast_head":"<!-- This site is optimized with the Yoast SEO plugin v27.4 - https:\/\/yoast.com\/product\/yoast-seo-wordpress\/ -->\n<title>Fotoreprodukce \u017divot<\/title>\n<meta name=\"description\" content=\"fotoreprodukce\" \/>\n<meta name=\"robots\" content=\"index, follow, max-snippet:-1, max-image-preview:large, max-video-preview:-1\" \/>\n<link rel=\"canonical\" href=\"http:\/\/Dola\u010fte%20sv\u016fj%20interi\u00e9r%20reprodukc\u00ed%20s%20autorsk\u00fdm%20podpisem,%20kter\u00e1%20harmonicky%20dopln\u00ed%20va\u0161e%20zakoupen\u00e9%20produkty.\" \/>\n<meta property=\"og:locale\" content=\"en_US\" \/>\n<meta property=\"og:type\" content=\"article\" \/>\n<meta property=\"og:title\" content=\"Fotoreprodukce \u017divot\" \/>\n<meta property=\"og:description\" content=\"fotoreprodukce\" \/>\n<meta property=\"og:url\" content=\"https:\/\/www.aglaiadesign.shop\/en\/product\/fotoreprodukce\/\" \/>\n<meta property=\"og:site_name\" content=\"AglaiaDesign.shop\" \/>\n<meta property=\"article:publisher\" content=\"https:\/\/www.facebook.com\/people\/AglaiaDesignshop\/61584360833340\/\" \/>\n<meta property=\"article:modified_time\" content=\"2026-01-14T21:09:10+00:00\" \/>\n<meta property=\"og:image\" content=\"https:\/\/www.aglaiadesign.shop\/wp-content\/uploads\/2026\/01\/Bez_nazvu_-_14._ledna_2026_17.532.jpeg\" \/>\n\t<meta property=\"og:image:width\" content=\"1545\" \/>\n\t<meta property=\"og:image:height\" content=\"2320\" \/>\n\t<meta property=\"og:image:type\" content=\"image\/jpeg\" \/>\n<meta name=\"twitter:card\" content=\"summary_large_image\" \/>\n<meta name=\"twitter:label1\" content=\"Est. reading time\" \/>\n\t<meta name=\"twitter:data1\" content=\"1 minute\" \/>\n<script type=\"application\/ld+json\" class=\"yoast-schema-graph\">{\"@context\":\"https:\\\/\\\/schema.org\",\"@graph\":[{\"@type\":\"WebPage\",\"@id\":\"https:\\\/\\\/www.aglaiadesign.shop\\\/en\\\/product\\\/fotoreprodukce\\\/\",\"url\":\"https:\\\/\\\/www.aglaiadesign.shop\\\/en\\\/product\\\/fotoreprodukce\\\/\",\"name\":\"Fotoreprodukce \u017divot - AglaiaDesign.shop\",\"isPartOf\":{\"@id\":\"https:\\\/\\\/www.aglaiadesign.shop\\\/#website\"},\"primaryImageOfPage\":{\"@id\":\"https:\\\/\\\/www.aglaiadesign.shop\\\/en\\\/product\\\/fotoreprodukce\\\/#primaryimage\"},\"image\":{\"@id\":\"https:\\\/\\\/www.aglaiadesign.shop\\\/en\\\/product\\\/fotoreprodukce\\\/#primaryimage\"},\"thumbnailUrl\":\"https:\\\/\\\/www.aglaiadesign.shop\\\/wp-content\\\/uploads\\\/2026\\\/01\\\/Bez_nazvu_-_14._ledna_2026_17.532.jpeg\",\"datePublished\":\"2026-01-14T20:27:10+00:00\",\"dateModified\":\"2026-01-14T21:09:10+00:00\",\"description\":\"fotoreprodukce\",\"breadcrumb\":{\"@id\":\"https:\\\/\\\/www.aglaiadesign.shop\\\/en\\\/product\\\/fotoreprodukce\\\/#breadcrumb\"},\"inLanguage\":\"en-US\",\"potentialAction\":[{\"@type\":\"ReadAction\",\"target\":[\"https:\\\/\\\/www.aglaiadesign.shop\\\/en\\\/product\\\/fotoreprodukce\\\/\"]}]},{\"@type\":\"ImageObject\",\"inLanguage\":\"en-US\",\"@id\":\"https:\\\/\\\/www.aglaiadesign.shop\\\/en\\\/product\\\/fotoreprodukce\\\/#primaryimage\",\"url\":\"https:\\\/\\\/www.aglaiadesign.shop\\\/wp-content\\\/uploads\\\/2026\\\/01\\\/Bez_nazvu_-_14._ledna_2026_17.532.jpeg\",\"contentUrl\":\"https:\\\/\\\/www.aglaiadesign.shop\\\/wp-content\\\/uploads\\\/2026\\\/01\\\/Bez_nazvu_-_14._ledna_2026_17.532.jpeg\",\"width\":1545,\"height\":2320},{\"@type\":\"BreadcrumbList\",\"@id\":\"https:\\\/\\\/www.aglaiadesign.shop\\\/en\\\/product\\\/fotoreprodukce\\\/#breadcrumb\",\"itemListElement\":[{\"@type\":\"ListItem\",\"position\":1,\"name\":\"V\u00edtejte na e-shopu Aglaia Design\",\"item\":\"https:\\\/\\\/www.aglaiadesign.shop\\\/\"},{\"@type\":\"ListItem\",\"position\":2,\"name\":\"V\u00edtejte na e-shopu Aglaia Design\",\"item\":\"https:\\\/\\\/www.aglaiadesign.shop\\\/\"},{\"@type\":\"ListItem\",\"position\":3,\"name\":\"Fotoreprodukce \u017divot\"}]},{\"@type\":\"WebSite\",\"@id\":\"https:\\\/\\\/www.aglaiadesign.shop\\\/en\\\/#website\",\"url\":\"https:\\\/\\\/www.aglaiadesign.shop\\\/en\\\/\",\"name\":\"AglaiaDesign.shop\",\"description\":\"Aglaia Design e-shop, obchod s enkaustick\u00fdmi obrazy a dal\u0161\u00edmi produkty s fotoreprodukc\u00ed t\u011bchto obraz\u016f.\",\"publisher\":{\"@id\":\"https:\\\/\\\/www.aglaiadesign.shop\\\/en\\\/#organization\"},\"potentialAction\":[{\"@type\":\"SearchAction\",\"target\":{\"@type\":\"EntryPoint\",\"urlTemplate\":\"https:\\\/\\\/www.aglaiadesign.shop\\\/en\\\/?s={search_term_string}\"},\"query-input\":{\"@type\":\"PropertyValueSpecification\",\"valueRequired\":true,\"valueName\":\"search_term_string\"}}],\"inLanguage\":\"en-US\"},{\"@type\":\"Organization\",\"@id\":\"https:\\\/\\\/www.aglaiadesign.shop\\\/en\\\/#organization\",\"name\":\"AglaiaDesign.shop\",\"url\":\"https:\\\/\\\/www.aglaiadesign.shop\\\/en\\\/\",\"logo\":{\"@type\":\"ImageObject\",\"inLanguage\":\"en-US\",\"@id\":\"https:\\\/\\\/www.aglaiadesign.shop\\\/en\\\/#\\\/schema\\\/logo\\\/image\\\/\",\"url\":\"https:\\\/\\\/www.aglaiadesign.shop\\\/wp-content\\\/uploads\\\/2025\\\/11\\\/cropped-cropped-ad-logo-final.png\",\"contentUrl\":\"https:\\\/\\\/www.aglaiadesign.shop\\\/wp-content\\\/uploads\\\/2025\\\/11\\\/cropped-cropped-ad-logo-final.png\",\"width\":512,\"height\":392,\"caption\":\"AglaiaDesign.shop\"},\"image\":{\"@id\":\"https:\\\/\\\/www.aglaiadesign.shop\\\/en\\\/#\\\/schema\\\/logo\\\/image\\\/\"},\"sameAs\":[\"https:\\\/\\\/www.facebook.com\\\/people\\\/AglaiaDesignshop\\\/61584360833340\\\/\",\"https:\\\/\\\/www.instagram.com\\\/aglaiadesign.shop?igsh=NWh6eXNwbXM0Y2c4\",\"https:\\\/\\\/www.tiktok.com\\\/@aglaia.design.m.k?_r=1&_t=ZN-92fGyZrw7WQ\"]}]}<\/script>\n<!-- \/ Yoast SEO plugin. -->","yoast_head_json":{"title":"Fotoreprodukce \u017divot","description":"fotoreprodukce","robots":{"index":"index","follow":"follow","max-snippet":"max-snippet:-1","max-image-preview":"max-image-preview:large","max-video-preview":"max-video-preview:-1"},"canonical":"Dola\u010fte sv\u016fj interi\u00e9r reprodukc\u00ed s autorsk\u00fdm podpisem, kter\u00e1 harmonicky dopln\u00ed va\u0161e zakoupen\u00e9 produkty.","og_locale":"en_US","og_type":"article","og_title":"Fotoreprodukce \u017divot","og_description":"fotoreprodukce","og_url":"https:\/\/www.aglaiadesign.shop\/en\/product\/fotoreprodukce\/","og_site_name":"AglaiaDesign.shop","article_publisher":"https:\/\/www.facebook.com\/people\/AglaiaDesignshop\/61584360833340\/","article_modified_time":"2026-01-14T21:09:10+00:00","og_image":[{"width":1545,"height":2320,"url":"https:\/\/www.aglaiadesign.shop\/wp-content\/uploads\/2026\/01\/Bez_nazvu_-_14._ledna_2026_17.532.jpeg","type":"image\/jpeg"}],"twitter_card":"summary_large_image","twitter_misc":{"Est. reading time":"1 minute"},"schema":{"@context":"https:\/\/schema.org","@graph":[{"@type":"WebPage","@id":"https:\/\/www.aglaiadesign.shop\/en\/product\/fotoreprodukce\/","url":"https:\/\/www.aglaiadesign.shop\/en\/product\/fotoreprodukce\/","name":"Fotoreprodukce \u017divot - AglaiaDesign.shop","isPartOf":{"@id":"https:\/\/www.aglaiadesign.shop\/#website"},"primaryImageOfPage":{"@id":"https:\/\/www.aglaiadesign.shop\/en\/product\/fotoreprodukce\/#primaryimage"},"image":{"@id":"https:\/\/www.aglaiadesign.shop\/en\/product\/fotoreprodukce\/#primaryimage"},"thumbnailUrl":"https:\/\/www.aglaiadesign.shop\/wp-content\/uploads\/2026\/01\/Bez_nazvu_-_14._ledna_2026_17.532.jpeg","datePublished":"2026-01-14T20:27:10+00:00","dateModified":"2026-01-14T21:09:10+00:00","description":"fotoreprodukce","breadcrumb":{"@id":"https:\/\/www.aglaiadesign.shop\/en\/product\/fotoreprodukce\/#breadcrumb"},"inLanguage":"en-US","potentialAction":[{"@type":"ReadAction","target":["https:\/\/www.aglaiadesign.shop\/en\/product\/fotoreprodukce\/"]}]},{"@type":"ImageObject","inLanguage":"en-US","@id":"https:\/\/www.aglaiadesign.shop\/en\/product\/fotoreprodukce\/#primaryimage","url":"https:\/\/www.aglaiadesign.shop\/wp-content\/uploads\/2026\/01\/Bez_nazvu_-_14._ledna_2026_17.532.jpeg","contentUrl":"https:\/\/www.aglaiadesign.shop\/wp-content\/uploads\/2026\/01\/Bez_nazvu_-_14._ledna_2026_17.532.jpeg","width":1545,"height":2320},{"@type":"BreadcrumbList","@id":"https:\/\/www.aglaiadesign.shop\/en\/product\/fotoreprodukce\/#breadcrumb","itemListElement":[{"@type":"ListItem","position":1,"name":"V\u00edtejte na e-shopu Aglaia Design","item":"https:\/\/www.aglaiadesign.shop\/"},{"@type":"ListItem","position":2,"name":"V\u00edtejte na e-shopu Aglaia Design","item":"https:\/\/www.aglaiadesign.shop\/"},{"@type":"ListItem","position":3,"name":"Fotoreprodukce \u017divot"}]},{"@type":"WebSite","@id":"https:\/\/www.aglaiadesign.shop\/en\/#website","url":"https:\/\/www.aglaiadesign.shop\/en\/","name":"AglaiaDesign.shop","description":"Aglaia Design e-shop, obchod s enkaustick\u00fdmi obrazy a dal\u0161\u00edmi produkty s fotoreprodukc\u00ed t\u011bchto obraz\u016f.","publisher":{"@id":"https:\/\/www.aglaiadesign.shop\/en\/#organization"},"potentialAction":[{"@type":"SearchAction","target":{"@type":"EntryPoint","urlTemplate":"https:\/\/www.aglaiadesign.shop\/en\/?s={search_term_string}"},"query-input":{"@type":"PropertyValueSpecification","valueRequired":true,"valueName":"search_term_string"}}],"inLanguage":"en-US"},{"@type":"Organization","@id":"https:\/\/www.aglaiadesign.shop\/en\/#organization","name":"AglaiaDesign.shop","url":"https:\/\/www.aglaiadesign.shop\/en\/","logo":{"@type":"ImageObject","inLanguage":"en-US","@id":"https:\/\/www.aglaiadesign.shop\/en\/#\/schema\/logo\/image\/","url":"https:\/\/www.aglaiadesign.shop\/wp-content\/uploads\/2025\/11\/cropped-cropped-ad-logo-final.png","contentUrl":"https:\/\/www.aglaiadesign.shop\/wp-content\/uploads\/2025\/11\/cropped-cropped-ad-logo-final.png","width":512,"height":392,"caption":"AglaiaDesign.shop"},"image":{"@id":"https:\/\/www.aglaiadesign.shop\/en\/#\/schema\/logo\/image\/"},"sameAs":["https:\/\/www.facebook.com\/people\/AglaiaDesignshop\/61584360833340\/","https:\/\/www.instagram.com\/aglaiadesign.shop?igsh=NWh6eXNwbXM0Y2c4","https:\/\/www.tiktok.com\/@aglaia.design.m.k?_r=1&_t=ZN-92fGyZrw7WQ"]}]}},"jetpack_sharing_enabled":true,"_links":{"self":[{"href":"https:\/\/www.aglaiadesign.shop\/en\/wp-json\/wp\/v2\/product\/923","targetHints":{"allow":["GET"]}}],"collection":[{"href":"https:\/\/www.aglaiadesign.shop\/en\/wp-json\/wp\/v2\/product"}],"about":[{"href":"https:\/\/www.aglaiadesign.shop\/en\/wp-json\/wp\/v2\/types\/product"}],"replies":[{"embeddable":true,"href":"https:\/\/www.aglaiadesign.shop\/en\/wp-json\/wp\/v2\/comments?post=923"}],"wp:featuredmedia":[{"embeddable":true,"href":"https:\/\/www.aglaiadesign.shop\/en\/wp-json\/wp\/v2\/media\/924"}],"wp:attachment":[{"href":"https:\/\/www.aglaiadesign.shop\/en\/wp-json\/wp\/v2\/media?parent=923"}],"wp:term":[{"taxonomy":"product_brand","embeddable":true,"href":"https:\/\/www.aglaiadesign.shop\/en\/wp-json\/wp\/v2\/product_brand?post=923"},{"taxonomy":"product_cat","embeddable":true,"href":"https:\/\/www.aglaiadesign.shop\/en\/wp-json\/wp\/v2\/product_cat?post=923"},{"taxonomy":"product_tag","embeddable":true,"href":"https:\/\/www.aglaiadesign.shop\/en\/wp-json\/wp\/v2\/product_tag?post=923"}],"curies":[{"name":"wp","href":"https:\/\/api.w.org\/{rel}","templated":true}]}}