{"id":900,"date":"2026-01-14T19:25:57","date_gmt":"2026-01-14T18:25:57","guid":{"rendered":"https:\/\/www.aglaiadesign.shop\/product\/\/"},"modified":"2026-01-14T20:16:53","modified_gmt":"2026-01-14T19:16:53","slug":"termohrnek-s-brckem-vyssi-ja","status":"publish","type":"product","link":"https:\/\/www.aglaiadesign.shop\/en\/product\/termohrnek-s-brckem-vyssi-ja\/","title":{"rendered":"Termohrnek s br\u010dkem - Vy\u0161\u0161\u00ed J\u00e1"},"content":{"rendered":"<p>Motiv Vy\u0161\u0161\u00ed J\u00e1 je kl\u00ed\u010dem k neviditeln\u00e9mu zdroji moudrosti. Podporuje intuici, p\u0159irozen\u00e9 veden\u00ed a hlubok\u00e9 vnit\u0159n\u00ed pozn\u00e1n\u00ed. Dop\u0159ejte si spojen\u00ed s vlastn\u00ed silou, kter\u00e1 p\u0159esahuje mysl a otev\u00edr\u00e1 nov\u00e9 perspektivy. Element vzduchu p\u0159in\u00e1\u0161\u00ed lehkost a inspiraci ka\u017ed\u00e9mu, kdo hled\u00e1 pravdiv\u00e9 odpov\u011bdi uvnit\u0159 sebe.<\/p>\n<p>Dvoust\u011bnn\u00fd termohrnek z nerezov\u00e9 oceli,<\/p>\n<p>s polyesterov\u00fdm povrchem ur\u010den\u00fdm pro sublima\u010dn\u00ed potisk, s vodot\u011bsn\u00fdm v\u00ed\u010dkem. Otvor na pit\u00ed nen\u00ed ur\u010den k \u00fapln\u00e9mu ut\u011bsn\u011bn\u00ed. Nedoporu\u010dujeme pokl\u00e1dat do ta\u0161ky a kabelky. Tento produkt je ur\u010den do auta a na b\u011b\u017en\u00e9 p\u0159enesen\u00ed. Polo\u017een\u00edm do ta\u0161ky se m\u016f\u017ee st\u00e1t, \u017ee se n\u00e1poj vylije.<\/p>\n<p>Pr\u016fm\u011br 82 \/ v\u00fd\u0161ka 145 mm<\/p>\n<p>Objem 450 ml \/ hmotnost 250 g<\/p>\n<p>Chladnut\u00ed Hork\u00e9ho n\u00e1poje v termosce p\u0159i okoln\u00ed teplot\u011b + 5C, cca 13h<\/p>\n<p>Dodac\u00ed lh\u016fta z\u00e1vis\u00ed na v\u00fdrob\u011b objednan\u00e9ho produktu. Nejpozd\u011bji v\u0161ak do 30 dn\u016f od zaplacen\u00ed objedn\u00e1vky.<\/p>\n","protected":false},"excerpt":{"rendered":"<p>Motiv Vy\u0161\u0161\u00ed J\u00e1 propojuje s\u00a0<strong>vnit\u0159n\u00ed moudrost\u00ed a intuic\u00ed,<\/strong> odhaluje s\u00edlu v ka\u017ed\u00e9m z n\u00e1s.<\/p>\n<p>V nab\u00eddce m\u00e1me dal\u0161\u00edch 14 motiv\u016f. Chcete-li jin\u00fd motiv na tento produkt, napi\u0161te n\u00e1m n\u00e1zev do zpr\u00e1vy k objedn\u00e1vce. Pro p\u0159edstavu jak bude jin\u00fd motiv vypadat, m\u016f\u017eete se inspirovat u termohrnk\u016f b\u00edl\u00fdch. Zde je tisk toto\u017en\u00fd. Motivy k v\u00fdb\u011bru najdete v t\u00e9to galerii pod termohrnkem.<\/p>\n","protected":false},"featured_media":901,"comment_status":"open","ping_status":"closed","template":"","meta":[],"product_brand":[20],"product_cat":[51],"product_tag":[],"class_list":{"0":"post-900","1":"product","2":"type-product","3":"status-publish","4":"has-post-thumbnail","6":"product_brand-aglaia-design","7":"product_cat-termohrnky-s-brckem","9":"first","10":"instock","11":"shipping-taxable","12":"purchasable","13":"product-type-simple"},"yoast_head":"<!-- This site is optimized with the Yoast SEO plugin v27.4 - https:\/\/yoast.com\/product\/yoast-seo-wordpress\/ -->\n<title>Termohrnek s br\u010dkem - Vy\u0161\u0161\u00ed J\u00e1<\/title>\n<meta name=\"description\" content=\"termohrnek s br\u010dkem Vy\u0161\u0161\u00ed J\u00e1\" \/>\n<meta name=\"robots\" content=\"index, follow, max-snippet:-1, max-image-preview:large, max-video-preview:-1\" \/>\n<link rel=\"canonical\" href=\"http:\/\/Motiv%20Vy\u0161\u0161\u00ed%20J\u00e1%20propojuje%20s\u00a0vnit\u0159n\u00ed%20moudrost\u00ed%20a%20intuic\u00ed,%20odhaluje%20s\u00edlu%20v%20ka\u017ed\u00e9m%20z%20n\u00e1s.%20%20V%20nab\u00eddce%20m\u00e1me%20dal\u0161\u00edch%2014%20motiv\u016f.%20Chcete-li%20jin\u00fd%20motiv%20na%20tento%20produkt,%20napi\u0161te%20n\u00e1m%20n\u00e1zev%20do%20zpr\u00e1vy%20k%20objedn\u00e1vce.%20Pro%20p\u0159edstavu%20jak%20bude%20jin\u00fd%20motiv%20vypadat,%20m\u016f\u017eete%20se%20inspirovat%20u%20termohrnk\u016f%20b\u00edl\u00fdch.%20Zde%20je%20tisk%20toto\u017en\u00fd.%20Motivy%20k%20v\u00fdb\u011bru%20najdete%20v%20t\u00e9to%20galerii%20pod%20termohrnkem.\" \/>\n<meta property=\"og:locale\" content=\"en_US\" \/>\n<meta property=\"og:type\" content=\"article\" \/>\n<meta property=\"og:title\" content=\"Termohrnek s br\u010dkem - Vy\u0161\u0161\u00ed J\u00e1\" \/>\n<meta property=\"og:description\" content=\"termohrnek s br\u010dkem Vy\u0161\u0161\u00ed J\u00e1\" \/>\n<meta property=\"og:url\" content=\"https:\/\/www.aglaiadesign.shop\/en\/product\/termohrnek-s-brckem-vyssi-ja\/\" \/>\n<meta property=\"og:site_name\" content=\"AglaiaDesign.shop\" \/>\n<meta property=\"article:publisher\" content=\"https:\/\/www.facebook.com\/people\/AglaiaDesignshop\/61584360833340\/\" \/>\n<meta property=\"article:modified_time\" content=\"2026-01-14T19:16:53+00:00\" \/>\n<meta property=\"og:image\" content=\"https:\/\/www.aglaiadesign.shop\/wp-content\/uploads\/2026\/01\/1067551-copy.png\" \/>\n\t<meta property=\"og:image:width\" content=\"1099\" \/>\n\t<meta property=\"og:image:height\" content=\"1000\" \/>\n\t<meta property=\"og:image:type\" content=\"image\/png\" \/>\n<meta name=\"twitter:card\" content=\"summary_large_image\" \/>\n<meta name=\"twitter:label1\" content=\"Est. reading time\" \/>\n\t<meta name=\"twitter:data1\" content=\"1 minute\" \/>\n<script type=\"application\/ld+json\" class=\"yoast-schema-graph\">{\"@context\":\"https:\\\/\\\/schema.org\",\"@graph\":[{\"@type\":\"WebPage\",\"@id\":\"https:\\\/\\\/www.aglaiadesign.shop\\\/en\\\/product\\\/termohrnek-s-brckem-vyssi-ja\\\/\",\"url\":\"https:\\\/\\\/www.aglaiadesign.shop\\\/en\\\/product\\\/termohrnek-s-brckem-vyssi-ja\\\/\",\"name\":\"Termohrnek s br\u010dkem - Vy\u0161\u0161\u00ed J\u00e1 - AglaiaDesign.shop\",\"isPartOf\":{\"@id\":\"https:\\\/\\\/www.aglaiadesign.shop\\\/#website\"},\"primaryImageOfPage\":{\"@id\":\"https:\\\/\\\/www.aglaiadesign.shop\\\/en\\\/product\\\/termohrnek-s-brckem-vyssi-ja\\\/#primaryimage\"},\"image\":{\"@id\":\"https:\\\/\\\/www.aglaiadesign.shop\\\/en\\\/product\\\/termohrnek-s-brckem-vyssi-ja\\\/#primaryimage\"},\"thumbnailUrl\":\"https:\\\/\\\/www.aglaiadesign.shop\\\/wp-content\\\/uploads\\\/2026\\\/01\\\/1067551-copy.png\",\"datePublished\":\"2026-01-14T18:25:57+00:00\",\"dateModified\":\"2026-01-14T19:16:53+00:00\",\"description\":\"termohrnek s br\u010dkem Vy\u0161\u0161\u00ed J\u00e1\",\"breadcrumb\":{\"@id\":\"https:\\\/\\\/www.aglaiadesign.shop\\\/en\\\/product\\\/termohrnek-s-brckem-vyssi-ja\\\/#breadcrumb\"},\"inLanguage\":\"en-US\",\"potentialAction\":[{\"@type\":\"ReadAction\",\"target\":[\"https:\\\/\\\/www.aglaiadesign.shop\\\/en\\\/product\\\/termohrnek-s-brckem-vyssi-ja\\\/\"]}]},{\"@type\":\"ImageObject\",\"inLanguage\":\"en-US\",\"@id\":\"https:\\\/\\\/www.aglaiadesign.shop\\\/en\\\/product\\\/termohrnek-s-brckem-vyssi-ja\\\/#primaryimage\",\"url\":\"https:\\\/\\\/www.aglaiadesign.shop\\\/wp-content\\\/uploads\\\/2026\\\/01\\\/1067551-copy.png\",\"contentUrl\":\"https:\\\/\\\/www.aglaiadesign.shop\\\/wp-content\\\/uploads\\\/2026\\\/01\\\/1067551-copy.png\",\"width\":1099,\"height\":1000},{\"@type\":\"BreadcrumbList\",\"@id\":\"https:\\\/\\\/www.aglaiadesign.shop\\\/en\\\/product\\\/termohrnek-s-brckem-vyssi-ja\\\/#breadcrumb\",\"itemListElement\":[{\"@type\":\"ListItem\",\"position\":1,\"name\":\"V\u00edtejte na e-shopu Aglaia Design\",\"item\":\"https:\\\/\\\/www.aglaiadesign.shop\\\/\"},{\"@type\":\"ListItem\",\"position\":2,\"name\":\"V\u00edtejte na e-shopu Aglaia Design\",\"item\":\"https:\\\/\\\/www.aglaiadesign.shop\\\/\"},{\"@type\":\"ListItem\",\"position\":3,\"name\":\"Termohrnek s br\u010dkem - Vy\u0161\u0161\u00ed J\u00e1\"}]},{\"@type\":\"WebSite\",\"@id\":\"https:\\\/\\\/www.aglaiadesign.shop\\\/en\\\/#website\",\"url\":\"https:\\\/\\\/www.aglaiadesign.shop\\\/en\\\/\",\"name\":\"AglaiaDesign.shop\",\"description\":\"Aglaia Design e-shop, obchod s enkaustick\u00fdmi obrazy a dal\u0161\u00edmi produkty s fotoreprodukc\u00ed t\u011bchto obraz\u016f.\",\"publisher\":{\"@id\":\"https:\\\/\\\/www.aglaiadesign.shop\\\/en\\\/#organization\"},\"potentialAction\":[{\"@type\":\"SearchAction\",\"target\":{\"@type\":\"EntryPoint\",\"urlTemplate\":\"https:\\\/\\\/www.aglaiadesign.shop\\\/en\\\/?s={search_term_string}\"},\"query-input\":{\"@type\":\"PropertyValueSpecification\",\"valueRequired\":true,\"valueName\":\"search_term_string\"}}],\"inLanguage\":\"en-US\"},{\"@type\":\"Organization\",\"@id\":\"https:\\\/\\\/www.aglaiadesign.shop\\\/en\\\/#organization\",\"name\":\"AglaiaDesign.shop\",\"url\":\"https:\\\/\\\/www.aglaiadesign.shop\\\/en\\\/\",\"logo\":{\"@type\":\"ImageObject\",\"inLanguage\":\"en-US\",\"@id\":\"https:\\\/\\\/www.aglaiadesign.shop\\\/en\\\/#\\\/schema\\\/logo\\\/image\\\/\",\"url\":\"https:\\\/\\\/www.aglaiadesign.shop\\\/wp-content\\\/uploads\\\/2025\\\/11\\\/cropped-cropped-ad-logo-final.png\",\"contentUrl\":\"https:\\\/\\\/www.aglaiadesign.shop\\\/wp-content\\\/uploads\\\/2025\\\/11\\\/cropped-cropped-ad-logo-final.png\",\"width\":512,\"height\":392,\"caption\":\"AglaiaDesign.shop\"},\"image\":{\"@id\":\"https:\\\/\\\/www.aglaiadesign.shop\\\/en\\\/#\\\/schema\\\/logo\\\/image\\\/\"},\"sameAs\":[\"https:\\\/\\\/www.facebook.com\\\/people\\\/AglaiaDesignshop\\\/61584360833340\\\/\",\"https:\\\/\\\/www.instagram.com\\\/aglaiadesign.shop?igsh=NWh6eXNwbXM0Y2c4\",\"https:\\\/\\\/www.tiktok.com\\\/@aglaia.design.m.k?_r=1&_t=ZN-92fGyZrw7WQ\"]}]}<\/script>\n<!-- \/ Yoast SEO plugin. -->","yoast_head_json":{"title":"Termohrnek s br\u010dkem - Vy\u0161\u0161\u00ed J\u00e1","description":"termohrnek s br\u010dkem Vy\u0161\u0161\u00ed J\u00e1","robots":{"index":"index","follow":"follow","max-snippet":"max-snippet:-1","max-image-preview":"max-image-preview:large","max-video-preview":"max-video-preview:-1"},"canonical":"Motiv Vy\u0161\u0161\u00ed J\u00e1 propojuje s\u00a0vnit\u0159n\u00ed moudrost\u00ed a intuic\u00ed, odhaluje s\u00edlu v ka\u017ed\u00e9m z n\u00e1s.  V nab\u00eddce m\u00e1me dal\u0161\u00edch 14 motiv\u016f. Chcete-li jin\u00fd motiv na tento produkt, napi\u0161te n\u00e1m n\u00e1zev do zpr\u00e1vy k objedn\u00e1vce. Pro p\u0159edstavu jak bude jin\u00fd motiv vypadat, m\u016f\u017eete se inspirovat u termohrnk\u016f b\u00edl\u00fdch. Zde je tisk toto\u017en\u00fd. Motivy k v\u00fdb\u011bru najdete v t\u00e9to galerii pod termohrnkem.","og_locale":"en_US","og_type":"article","og_title":"Termohrnek s br\u010dkem - Vy\u0161\u0161\u00ed J\u00e1","og_description":"termohrnek s br\u010dkem Vy\u0161\u0161\u00ed J\u00e1","og_url":"https:\/\/www.aglaiadesign.shop\/en\/product\/termohrnek-s-brckem-vyssi-ja\/","og_site_name":"AglaiaDesign.shop","article_publisher":"https:\/\/www.facebook.com\/people\/AglaiaDesignshop\/61584360833340\/","article_modified_time":"2026-01-14T19:16:53+00:00","og_image":[{"width":1099,"height":1000,"url":"https:\/\/www.aglaiadesign.shop\/wp-content\/uploads\/2026\/01\/1067551-copy.png","type":"image\/png"}],"twitter_card":"summary_large_image","twitter_misc":{"Est. reading time":"1 minute"},"schema":{"@context":"https:\/\/schema.org","@graph":[{"@type":"WebPage","@id":"https:\/\/www.aglaiadesign.shop\/en\/product\/termohrnek-s-brckem-vyssi-ja\/","url":"https:\/\/www.aglaiadesign.shop\/en\/product\/termohrnek-s-brckem-vyssi-ja\/","name":"Termohrnek s br\u010dkem - Vy\u0161\u0161\u00ed J\u00e1 - AglaiaDesign.shop","isPartOf":{"@id":"https:\/\/www.aglaiadesign.shop\/#website"},"primaryImageOfPage":{"@id":"https:\/\/www.aglaiadesign.shop\/en\/product\/termohrnek-s-brckem-vyssi-ja\/#primaryimage"},"image":{"@id":"https:\/\/www.aglaiadesign.shop\/en\/product\/termohrnek-s-brckem-vyssi-ja\/#primaryimage"},"thumbnailUrl":"https:\/\/www.aglaiadesign.shop\/wp-content\/uploads\/2026\/01\/1067551-copy.png","datePublished":"2026-01-14T18:25:57+00:00","dateModified":"2026-01-14T19:16:53+00:00","description":"termohrnek s br\u010dkem Vy\u0161\u0161\u00ed J\u00e1","breadcrumb":{"@id":"https:\/\/www.aglaiadesign.shop\/en\/product\/termohrnek-s-brckem-vyssi-ja\/#breadcrumb"},"inLanguage":"en-US","potentialAction":[{"@type":"ReadAction","target":["https:\/\/www.aglaiadesign.shop\/en\/product\/termohrnek-s-brckem-vyssi-ja\/"]}]},{"@type":"ImageObject","inLanguage":"en-US","@id":"https:\/\/www.aglaiadesign.shop\/en\/product\/termohrnek-s-brckem-vyssi-ja\/#primaryimage","url":"https:\/\/www.aglaiadesign.shop\/wp-content\/uploads\/2026\/01\/1067551-copy.png","contentUrl":"https:\/\/www.aglaiadesign.shop\/wp-content\/uploads\/2026\/01\/1067551-copy.png","width":1099,"height":1000},{"@type":"BreadcrumbList","@id":"https:\/\/www.aglaiadesign.shop\/en\/product\/termohrnek-s-brckem-vyssi-ja\/#breadcrumb","itemListElement":[{"@type":"ListItem","position":1,"name":"V\u00edtejte na e-shopu Aglaia Design","item":"https:\/\/www.aglaiadesign.shop\/"},{"@type":"ListItem","position":2,"name":"V\u00edtejte na e-shopu Aglaia Design","item":"https:\/\/www.aglaiadesign.shop\/"},{"@type":"ListItem","position":3,"name":"Termohrnek s br\u010dkem - Vy\u0161\u0161\u00ed J\u00e1"}]},{"@type":"WebSite","@id":"https:\/\/www.aglaiadesign.shop\/en\/#website","url":"https:\/\/www.aglaiadesign.shop\/en\/","name":"AglaiaDesign.shop","description":"Aglaia Design e-shop, obchod s enkaustick\u00fdmi obrazy a dal\u0161\u00edmi produkty s fotoreprodukc\u00ed t\u011bchto obraz\u016f.","publisher":{"@id":"https:\/\/www.aglaiadesign.shop\/en\/#organization"},"potentialAction":[{"@type":"SearchAction","target":{"@type":"EntryPoint","urlTemplate":"https:\/\/www.aglaiadesign.shop\/en\/?s={search_term_string}"},"query-input":{"@type":"PropertyValueSpecification","valueRequired":true,"valueName":"search_term_string"}}],"inLanguage":"en-US"},{"@type":"Organization","@id":"https:\/\/www.aglaiadesign.shop\/en\/#organization","name":"AglaiaDesign.shop","url":"https:\/\/www.aglaiadesign.shop\/en\/","logo":{"@type":"ImageObject","inLanguage":"en-US","@id":"https:\/\/www.aglaiadesign.shop\/en\/#\/schema\/logo\/image\/","url":"https:\/\/www.aglaiadesign.shop\/wp-content\/uploads\/2025\/11\/cropped-cropped-ad-logo-final.png","contentUrl":"https:\/\/www.aglaiadesign.shop\/wp-content\/uploads\/2025\/11\/cropped-cropped-ad-logo-final.png","width":512,"height":392,"caption":"AglaiaDesign.shop"},"image":{"@id":"https:\/\/www.aglaiadesign.shop\/en\/#\/schema\/logo\/image\/"},"sameAs":["https:\/\/www.facebook.com\/people\/AglaiaDesignshop\/61584360833340\/","https:\/\/www.instagram.com\/aglaiadesign.shop?igsh=NWh6eXNwbXM0Y2c4","https:\/\/www.tiktok.com\/@aglaia.design.m.k?_r=1&_t=ZN-92fGyZrw7WQ"]}]}},"jetpack_sharing_enabled":true,"_links":{"self":[{"href":"https:\/\/www.aglaiadesign.shop\/en\/wp-json\/wp\/v2\/product\/900","targetHints":{"allow":["GET"]}}],"collection":[{"href":"https:\/\/www.aglaiadesign.shop\/en\/wp-json\/wp\/v2\/product"}],"about":[{"href":"https:\/\/www.aglaiadesign.shop\/en\/wp-json\/wp\/v2\/types\/product"}],"replies":[{"embeddable":true,"href":"https:\/\/www.aglaiadesign.shop\/en\/wp-json\/wp\/v2\/comments?post=900"}],"wp:featuredmedia":[{"embeddable":true,"href":"https:\/\/www.aglaiadesign.shop\/en\/wp-json\/wp\/v2\/media\/901"}],"wp:attachment":[{"href":"https:\/\/www.aglaiadesign.shop\/en\/wp-json\/wp\/v2\/media?parent=900"}],"wp:term":[{"taxonomy":"product_brand","embeddable":true,"href":"https:\/\/www.aglaiadesign.shop\/en\/wp-json\/wp\/v2\/product_brand?post=900"},{"taxonomy":"product_cat","embeddable":true,"href":"https:\/\/www.aglaiadesign.shop\/en\/wp-json\/wp\/v2\/product_cat?post=900"},{"taxonomy":"product_tag","embeddable":true,"href":"https:\/\/www.aglaiadesign.shop\/en\/wp-json\/wp\/v2\/product_tag?post=900"}],"curies":[{"name":"wp","href":"https:\/\/api.w.org\/{rel}","templated":true}]}}