{"id":835,"date":"2025-11-30T09:46:11","date_gmt":"2025-11-30T08:46:11","guid":{"rendered":"https:\/\/www.aglaiadesign.shop\/product\/\/"},"modified":"2025-12-05T21:11:17","modified_gmt":"2025-12-05T20:11:17","slug":"sklokeramicka-fasada-velke-bilovice","status":"publish","type":"product","link":"https:\/\/www.aglaiadesign.shop\/en\/product\/sklokeramicka-fasada-velke-bilovice\/","title":{"rendered":"Sklokeramick\u00e1 fas\u00e1da Velk\u00e9 B\u00edlovice"},"content":{"rendered":"<p>Tento unik\u00e1tn\u00ed design vznikl ve spolupr\u00e1ci s Aglaia Design spol. s r.o. a Frajt s.r.o. Krom\u011b\u0159\u00ed\u017e.<br \/>\nPo volb\u011b motivu Aglaia Design je mo\u017en\u00e9 potisknout sklo, a to jak sklo do interi\u00e9ru tak i do exteri\u00e9ru. Keramick\u00fd tisk je \u00fa\u017easn\u00e1 technika, kterou firma Frajt bravurn\u011b ovl\u00e1d\u00e1. Tisk z\u016fst\u00e1v\u00e1 stejn\u00fd po celou dobu \u017eivotnosti skla. Je chr\u00e1n\u011bn p\u0159ed UV z\u00e1\u0159en\u00edm, teplotami a jin\u00fdmi vlivy, kter\u00e9 by mohly tisk ohrozit. Je mo\u017en\u00e9 sklo i oh\u00fdbat, a proto jsou zde op\u011bt dal\u0161\u00ed neomezen\u00e9 mo\u017enosti.<\/p>\n<p>N\u00e1\u0161 klient m\u00e1 k dispozici dv\u011b varianty spolupr\u00e1ce. Prvn\u00ed z nich je volba designu, kter\u00fd je k dispozici. V tomto p\u0159\u00edpad\u011b nebudete m\u00edt jedin\u00fd origin\u00e1l, ale budete disponovat zcela jedine\u010dn\u00fdm artefaktem ve Va\u0161em interi\u00e9ru \u010di exteri\u00e9ru.<br \/>\nDruhou mo\u017enost\u00ed je, si po domluv\u011b nechat vytvo\u0159it vlastn\u00ed obraz na z\u00e1klad\u011b kter\u00e9ho se pak fin\u00e1ln\u00ed sklo potiskne.<br \/>\nDok\u00e1\u017eeme pracovat i se zak\u00e1zkami doslova \u201eob\u0159\u00edch rozm\u011br\u016f\u201c. M\u016f\u017eeme v\u00e1m vytvo\u0159it ojedin\u011bl\u00fd n\u00e1m\u011bt na fas\u00e1du objektu firmy \u010di d\u016fm ze skla, nebo jak\u00e9koli interi\u00e9rov\u00e9 prvky do domu \u010di kancel\u00e1\u0159e. Nebojte se n\u00e1s oslovit s popt\u00e1vkou. V\u017edy V\u00e1s ochotn\u011b vyslechneme a v\u00fdsledn\u00fd n\u00e1vrh p\u0159izp\u016fsob\u00edme va\u0161emu p\u0159\u00e1n\u00ed.<\/p>\n<p>Realizace domu st\u00e1le prob\u00edh\u00e1 ve Velk\u00fdch B\u00edlovic\u00edch<\/p>\n","protected":false},"excerpt":{"rendered":"<p>Tento unik\u00e1tn\u00ed design vznikl ve spolupr\u00e1ci s Aglaia Design spol. s r.o. a Frajt s.r.o. Krom\u011b\u0159\u00ed\u017e. Po volb\u011b motivu Aglaia Design je mo\u017en\u00e9 potisknout sklo, a to jak sklo do interi\u00e9ru tak i do exteri\u00e9ru. Keramick\u00fd tisk je \u00fa\u017easn\u00e1 technika, kterou firma Frajt bravurn\u011b ovl\u00e1d\u00e1. Tisk z\u016fst\u00e1v\u00e1 stejn\u00fd po celou dobu \u017eivotnosti skla. Je chr\u00e1n\u011bn [&hellip;]<\/p>\n","protected":false},"featured_media":836,"comment_status":"open","ping_status":"closed","template":"","meta":[],"product_brand":[20],"product_cat":[34],"product_tag":[],"class_list":{"0":"post-835","1":"product","2":"type-product","3":"status-publish","4":"has-post-thumbnail","6":"product_brand-aglaia-design","7":"product_cat-sklenene-fasady","9":"first","10":"instock","11":"shipping-taxable","12":"product-type-simple"},"yoast_head":"<!-- This site is optimized with the Yoast SEO plugin v27.4 - https:\/\/yoast.com\/product\/yoast-seo-wordpress\/ -->\n<title>Sklokeramick\u00e1 fas\u00e1da Velk\u00e9 B\u00edlovice<\/title>\n<meta name=\"description\" content=\"Tento unik\u00e1tn\u00ed design vznikl ve spolupr\u00e1ci s Aglaia Design spol. s r.o. a Frajt s.r.o. Krom\u011b\u0159\u00ed\u017e. Po volb\u011b motivu Aglaia Design je mo\u017en\u00e9 potisknout sklo, a to jak sklo do interi\u00e9ru tak i do exteri\u00e9ru. Keramick\u00fd tisk je \u00fa\u017easn\u00e1 technika, kterou firma Frajt bravurn\u011b ovl\u00e1d\u00e1. Tisk z\u016fst\u00e1v\u00e1 stejn\u00fd po celou dobu \u017eivotnosti skla. Je chr\u00e1n\u011bn&hellip;\" \/>\n<meta name=\"robots\" content=\"index, follow, max-snippet:-1, max-image-preview:large, max-video-preview:-1\" \/>\n<link rel=\"canonical\" href=\"http:\/\/Tento%20unik\u00e1tn\u00ed%20design%20vznikl%20ve%20spolupr\u00e1ci%20s%20Aglaia%20Design%20spol.%20s%20r.o.%20a%20Frajt%20s.r.o.%20Krom\u011b\u0159\u00ed\u017e.%20Po%20volb\u011b%20motivu%20Aglaia%20Design%20je%20mo\u017en\u00e9%20potisknout%20sklo,%20a%20to%20jak%20sklo%20do%20interi\u00e9ru%20tak%20i%20do%20exteri\u00e9ru.%20Keramick\u00fd%20tisk%20je%20\u00fa\u017easn\u00e1%20technika,%20kterou%20firma%20Frajt%20bravurn\u011b%20ovl\u00e1d\u00e1.%20Tisk%20z\u016fst\u00e1v\u00e1%20stejn\u00fd%20po%20celou%20dobu%20\u017eivotnosti%20skla.%20Je%20chr\u00e1n\u011bn&hellip;\" \/>\n<meta property=\"og:locale\" content=\"en_US\" \/>\n<meta property=\"og:type\" content=\"article\" \/>\n<meta property=\"og:title\" content=\"Sklokeramick\u00e1 fas\u00e1da Velk\u00e9 B\u00edlovice\" \/>\n<meta property=\"og:description\" content=\"Tento unik\u00e1tn\u00ed design vznikl ve spolupr\u00e1ci s Aglaia Design spol. s r.o. a Frajt s.r.o. Krom\u011b\u0159\u00ed\u017e. Po volb\u011b motivu Aglaia Design je mo\u017en\u00e9 potisknout sklo, a to jak sklo do interi\u00e9ru tak i do exteri\u00e9ru. Keramick\u00fd tisk je \u00fa\u017easn\u00e1 technika, kterou firma Frajt bravurn\u011b ovl\u00e1d\u00e1. Tisk z\u016fst\u00e1v\u00e1 stejn\u00fd po celou dobu \u017eivotnosti skla. Je chr\u00e1n\u011bn&hellip;\" \/>\n<meta property=\"og:url\" content=\"https:\/\/www.aglaiadesign.shop\/en\/product\/sklokeramicka-fasada-velke-bilovice\/\" \/>\n<meta property=\"og:site_name\" content=\"AglaiaDesign.shop\" \/>\n<meta property=\"article:publisher\" content=\"https:\/\/www.facebook.com\/people\/AglaiaDesignshop\/61584360833340\/\" \/>\n<meta property=\"article:modified_time\" content=\"2025-12-05T20:11:17+00:00\" \/>\n<meta property=\"og:image\" content=\"https:\/\/www.aglaiadesign.shop\/wp-content\/uploads\/2025\/11\/R1-1-1024x640.png\" \/>\n\t<meta property=\"og:image:width\" content=\"1024\" \/>\n\t<meta property=\"og:image:height\" content=\"640\" \/>\n\t<meta property=\"og:image:type\" content=\"image\/png\" \/>\n<meta name=\"twitter:card\" content=\"summary_large_image\" \/>\n<meta name=\"twitter:label1\" content=\"Est. reading time\" \/>\n\t<meta name=\"twitter:data1\" content=\"1 minute\" \/>\n<script type=\"application\/ld+json\" class=\"yoast-schema-graph\">{\"@context\":\"https:\\\/\\\/schema.org\",\"@graph\":[{\"@type\":\"WebPage\",\"@id\":\"https:\\\/\\\/www.aglaiadesign.shop\\\/en\\\/product\\\/sklokeramicka-fasada-velke-bilovice\\\/\",\"url\":\"https:\\\/\\\/www.aglaiadesign.shop\\\/en\\\/product\\\/sklokeramicka-fasada-velke-bilovice\\\/\",\"name\":\"Sklokeramick\u00e1 fas\u00e1da Velk\u00e9 B\u00edlovice - AglaiaDesign.shop\",\"isPartOf\":{\"@id\":\"https:\\\/\\\/www.aglaiadesign.shop\\\/#website\"},\"primaryImageOfPage\":{\"@id\":\"https:\\\/\\\/www.aglaiadesign.shop\\\/en\\\/product\\\/sklokeramicka-fasada-velke-bilovice\\\/#primaryimage\"},\"image\":{\"@id\":\"https:\\\/\\\/www.aglaiadesign.shop\\\/en\\\/product\\\/sklokeramicka-fasada-velke-bilovice\\\/#primaryimage\"},\"thumbnailUrl\":\"https:\\\/\\\/www.aglaiadesign.shop\\\/wp-content\\\/uploads\\\/2025\\\/11\\\/R1-1.png\",\"datePublished\":\"2025-11-30T08:46:11+00:00\",\"dateModified\":\"2025-12-05T20:11:17+00:00\",\"breadcrumb\":{\"@id\":\"https:\\\/\\\/www.aglaiadesign.shop\\\/en\\\/product\\\/sklokeramicka-fasada-velke-bilovice\\\/#breadcrumb\"},\"inLanguage\":\"en-US\",\"potentialAction\":[{\"@type\":\"ReadAction\",\"target\":[\"https:\\\/\\\/www.aglaiadesign.shop\\\/en\\\/product\\\/sklokeramicka-fasada-velke-bilovice\\\/\"]}]},{\"@type\":\"ImageObject\",\"inLanguage\":\"en-US\",\"@id\":\"https:\\\/\\\/www.aglaiadesign.shop\\\/en\\\/product\\\/sklokeramicka-fasada-velke-bilovice\\\/#primaryimage\",\"url\":\"https:\\\/\\\/www.aglaiadesign.shop\\\/wp-content\\\/uploads\\\/2025\\\/11\\\/R1-1.png\",\"contentUrl\":\"https:\\\/\\\/www.aglaiadesign.shop\\\/wp-content\\\/uploads\\\/2025\\\/11\\\/R1-1.png\",\"width\":2560,\"height\":1600},{\"@type\":\"BreadcrumbList\",\"@id\":\"https:\\\/\\\/www.aglaiadesign.shop\\\/en\\\/product\\\/sklokeramicka-fasada-velke-bilovice\\\/#breadcrumb\",\"itemListElement\":[{\"@type\":\"ListItem\",\"position\":1,\"name\":\"V\u00edtejte na e-shopu Aglaia Design\",\"item\":\"https:\\\/\\\/www.aglaiadesign.shop\\\/\"},{\"@type\":\"ListItem\",\"position\":2,\"name\":\"V\u00edtejte na e-shopu Aglaia Design\",\"item\":\"https:\\\/\\\/www.aglaiadesign.shop\\\/\"},{\"@type\":\"ListItem\",\"position\":3,\"name\":\"Sklokeramick\u00e1 fas\u00e1da Velk\u00e9 B\u00edlovice\"}]},{\"@type\":\"WebSite\",\"@id\":\"https:\\\/\\\/www.aglaiadesign.shop\\\/en\\\/#website\",\"url\":\"https:\\\/\\\/www.aglaiadesign.shop\\\/en\\\/\",\"name\":\"AglaiaDesign.shop\",\"description\":\"Aglaia Design e-shop, obchod s enkaustick\u00fdmi obrazy a dal\u0161\u00edmi produkty s fotoreprodukc\u00ed t\u011bchto obraz\u016f.\",\"publisher\":{\"@id\":\"https:\\\/\\\/www.aglaiadesign.shop\\\/en\\\/#organization\"},\"potentialAction\":[{\"@type\":\"SearchAction\",\"target\":{\"@type\":\"EntryPoint\",\"urlTemplate\":\"https:\\\/\\\/www.aglaiadesign.shop\\\/en\\\/?s={search_term_string}\"},\"query-input\":{\"@type\":\"PropertyValueSpecification\",\"valueRequired\":true,\"valueName\":\"search_term_string\"}}],\"inLanguage\":\"en-US\"},{\"@type\":\"Organization\",\"@id\":\"https:\\\/\\\/www.aglaiadesign.shop\\\/en\\\/#organization\",\"name\":\"AglaiaDesign.shop\",\"url\":\"https:\\\/\\\/www.aglaiadesign.shop\\\/en\\\/\",\"logo\":{\"@type\":\"ImageObject\",\"inLanguage\":\"en-US\",\"@id\":\"https:\\\/\\\/www.aglaiadesign.shop\\\/en\\\/#\\\/schema\\\/logo\\\/image\\\/\",\"url\":\"https:\\\/\\\/www.aglaiadesign.shop\\\/wp-content\\\/uploads\\\/2025\\\/11\\\/cropped-cropped-ad-logo-final.png\",\"contentUrl\":\"https:\\\/\\\/www.aglaiadesign.shop\\\/wp-content\\\/uploads\\\/2025\\\/11\\\/cropped-cropped-ad-logo-final.png\",\"width\":512,\"height\":392,\"caption\":\"AglaiaDesign.shop\"},\"image\":{\"@id\":\"https:\\\/\\\/www.aglaiadesign.shop\\\/en\\\/#\\\/schema\\\/logo\\\/image\\\/\"},\"sameAs\":[\"https:\\\/\\\/www.facebook.com\\\/people\\\/AglaiaDesignshop\\\/61584360833340\\\/\",\"https:\\\/\\\/www.instagram.com\\\/aglaiadesign.shop?igsh=NWh6eXNwbXM0Y2c4\",\"https:\\\/\\\/www.tiktok.com\\\/@aglaia.design.m.k?_r=1&_t=ZN-92fGyZrw7WQ\"]}]}<\/script>\n<!-- \/ Yoast SEO plugin. -->","yoast_head_json":{"title":"Sklokeramick\u00e1 fas\u00e1da Velk\u00e9 B\u00edlovice","description":"Tento unik\u00e1tn\u00ed design vznikl ve spolupr\u00e1ci s Aglaia Design spol. s r.o. a Frajt s.r.o. Krom\u011b\u0159\u00ed\u017e. Po volb\u011b motivu Aglaia Design je mo\u017en\u00e9 potisknout sklo, a to jak sklo do interi\u00e9ru tak i do exteri\u00e9ru. Keramick\u00fd tisk je \u00fa\u017easn\u00e1 technika, kterou firma Frajt bravurn\u011b ovl\u00e1d\u00e1. Tisk z\u016fst\u00e1v\u00e1 stejn\u00fd po celou dobu \u017eivotnosti skla. Je chr\u00e1n\u011bn&hellip;","robots":{"index":"index","follow":"follow","max-snippet":"max-snippet:-1","max-image-preview":"max-image-preview:large","max-video-preview":"max-video-preview:-1"},"canonical":"Tento unik\u00e1tn\u00ed design vznikl ve spolupr\u00e1ci s Aglaia Design spol. s r.o. a Frajt s.r.o. Krom\u011b\u0159\u00ed\u017e. Po volb\u011b motivu Aglaia Design je mo\u017en\u00e9 potisknout sklo, a to jak sklo do interi\u00e9ru tak i do exteri\u00e9ru. Keramick\u00fd tisk je \u00fa\u017easn\u00e1 technika, kterou firma Frajt bravurn\u011b ovl\u00e1d\u00e1. Tisk z\u016fst\u00e1v\u00e1 stejn\u00fd po celou dobu \u017eivotnosti skla. Je chr\u00e1n\u011bn&hellip;","og_locale":"en_US","og_type":"article","og_title":"Sklokeramick\u00e1 fas\u00e1da Velk\u00e9 B\u00edlovice","og_description":"Tento unik\u00e1tn\u00ed design vznikl ve spolupr\u00e1ci s Aglaia Design spol. s r.o. a Frajt s.r.o. Krom\u011b\u0159\u00ed\u017e. Po volb\u011b motivu Aglaia Design je mo\u017en\u00e9 potisknout sklo, a to jak sklo do interi\u00e9ru tak i do exteri\u00e9ru. Keramick\u00fd tisk je \u00fa\u017easn\u00e1 technika, kterou firma Frajt bravurn\u011b ovl\u00e1d\u00e1. Tisk z\u016fst\u00e1v\u00e1 stejn\u00fd po celou dobu \u017eivotnosti skla. Je chr\u00e1n\u011bn&hellip;","og_url":"https:\/\/www.aglaiadesign.shop\/en\/product\/sklokeramicka-fasada-velke-bilovice\/","og_site_name":"AglaiaDesign.shop","article_publisher":"https:\/\/www.facebook.com\/people\/AglaiaDesignshop\/61584360833340\/","article_modified_time":"2025-12-05T20:11:17+00:00","og_image":[{"width":1024,"height":640,"url":"https:\/\/www.aglaiadesign.shop\/wp-content\/uploads\/2025\/11\/R1-1-1024x640.png","type":"image\/png"}],"twitter_card":"summary_large_image","twitter_misc":{"Est. reading time":"1 minute"},"schema":{"@context":"https:\/\/schema.org","@graph":[{"@type":"WebPage","@id":"https:\/\/www.aglaiadesign.shop\/en\/product\/sklokeramicka-fasada-velke-bilovice\/","url":"https:\/\/www.aglaiadesign.shop\/en\/product\/sklokeramicka-fasada-velke-bilovice\/","name":"Sklokeramick\u00e1 fas\u00e1da Velk\u00e9 B\u00edlovice - AglaiaDesign.shop","isPartOf":{"@id":"https:\/\/www.aglaiadesign.shop\/#website"},"primaryImageOfPage":{"@id":"https:\/\/www.aglaiadesign.shop\/en\/product\/sklokeramicka-fasada-velke-bilovice\/#primaryimage"},"image":{"@id":"https:\/\/www.aglaiadesign.shop\/en\/product\/sklokeramicka-fasada-velke-bilovice\/#primaryimage"},"thumbnailUrl":"https:\/\/www.aglaiadesign.shop\/wp-content\/uploads\/2025\/11\/R1-1.png","datePublished":"2025-11-30T08:46:11+00:00","dateModified":"2025-12-05T20:11:17+00:00","breadcrumb":{"@id":"https:\/\/www.aglaiadesign.shop\/en\/product\/sklokeramicka-fasada-velke-bilovice\/#breadcrumb"},"inLanguage":"en-US","potentialAction":[{"@type":"ReadAction","target":["https:\/\/www.aglaiadesign.shop\/en\/product\/sklokeramicka-fasada-velke-bilovice\/"]}]},{"@type":"ImageObject","inLanguage":"en-US","@id":"https:\/\/www.aglaiadesign.shop\/en\/product\/sklokeramicka-fasada-velke-bilovice\/#primaryimage","url":"https:\/\/www.aglaiadesign.shop\/wp-content\/uploads\/2025\/11\/R1-1.png","contentUrl":"https:\/\/www.aglaiadesign.shop\/wp-content\/uploads\/2025\/11\/R1-1.png","width":2560,"height":1600},{"@type":"BreadcrumbList","@id":"https:\/\/www.aglaiadesign.shop\/en\/product\/sklokeramicka-fasada-velke-bilovice\/#breadcrumb","itemListElement":[{"@type":"ListItem","position":1,"name":"V\u00edtejte na e-shopu Aglaia Design","item":"https:\/\/www.aglaiadesign.shop\/"},{"@type":"ListItem","position":2,"name":"V\u00edtejte na e-shopu Aglaia Design","item":"https:\/\/www.aglaiadesign.shop\/"},{"@type":"ListItem","position":3,"name":"Sklokeramick\u00e1 fas\u00e1da Velk\u00e9 B\u00edlovice"}]},{"@type":"WebSite","@id":"https:\/\/www.aglaiadesign.shop\/en\/#website","url":"https:\/\/www.aglaiadesign.shop\/en\/","name":"AglaiaDesign.shop","description":"Aglaia Design e-shop, obchod s enkaustick\u00fdmi obrazy a dal\u0161\u00edmi produkty s fotoreprodukc\u00ed t\u011bchto obraz\u016f.","publisher":{"@id":"https:\/\/www.aglaiadesign.shop\/en\/#organization"},"potentialAction":[{"@type":"SearchAction","target":{"@type":"EntryPoint","urlTemplate":"https:\/\/www.aglaiadesign.shop\/en\/?s={search_term_string}"},"query-input":{"@type":"PropertyValueSpecification","valueRequired":true,"valueName":"search_term_string"}}],"inLanguage":"en-US"},{"@type":"Organization","@id":"https:\/\/www.aglaiadesign.shop\/en\/#organization","name":"AglaiaDesign.shop","url":"https:\/\/www.aglaiadesign.shop\/en\/","logo":{"@type":"ImageObject","inLanguage":"en-US","@id":"https:\/\/www.aglaiadesign.shop\/en\/#\/schema\/logo\/image\/","url":"https:\/\/www.aglaiadesign.shop\/wp-content\/uploads\/2025\/11\/cropped-cropped-ad-logo-final.png","contentUrl":"https:\/\/www.aglaiadesign.shop\/wp-content\/uploads\/2025\/11\/cropped-cropped-ad-logo-final.png","width":512,"height":392,"caption":"AglaiaDesign.shop"},"image":{"@id":"https:\/\/www.aglaiadesign.shop\/en\/#\/schema\/logo\/image\/"},"sameAs":["https:\/\/www.facebook.com\/people\/AglaiaDesignshop\/61584360833340\/","https:\/\/www.instagram.com\/aglaiadesign.shop?igsh=NWh6eXNwbXM0Y2c4","https:\/\/www.tiktok.com\/@aglaia.design.m.k?_r=1&_t=ZN-92fGyZrw7WQ"]}]}},"jetpack_sharing_enabled":true,"_links":{"self":[{"href":"https:\/\/www.aglaiadesign.shop\/en\/wp-json\/wp\/v2\/product\/835","targetHints":{"allow":["GET"]}}],"collection":[{"href":"https:\/\/www.aglaiadesign.shop\/en\/wp-json\/wp\/v2\/product"}],"about":[{"href":"https:\/\/www.aglaiadesign.shop\/en\/wp-json\/wp\/v2\/types\/product"}],"replies":[{"embeddable":true,"href":"https:\/\/www.aglaiadesign.shop\/en\/wp-json\/wp\/v2\/comments?post=835"}],"wp:featuredmedia":[{"embeddable":true,"href":"https:\/\/www.aglaiadesign.shop\/en\/wp-json\/wp\/v2\/media\/836"}],"wp:attachment":[{"href":"https:\/\/www.aglaiadesign.shop\/en\/wp-json\/wp\/v2\/media?parent=835"}],"wp:term":[{"taxonomy":"product_brand","embeddable":true,"href":"https:\/\/www.aglaiadesign.shop\/en\/wp-json\/wp\/v2\/product_brand?post=835"},{"taxonomy":"product_cat","embeddable":true,"href":"https:\/\/www.aglaiadesign.shop\/en\/wp-json\/wp\/v2\/product_cat?post=835"},{"taxonomy":"product_tag","embeddable":true,"href":"https:\/\/www.aglaiadesign.shop\/en\/wp-json\/wp\/v2\/product_tag?post=835"}],"curies":[{"name":"wp","href":"https:\/\/api.w.org\/{rel}","templated":true}]}}