{"id":813,"date":"2025-11-29T17:45:40","date_gmt":"2025-11-29T16:45:40","guid":{"rendered":"https:\/\/www.aglaiadesign.shop\/product\/\/"},"modified":"2025-11-29T17:45:41","modified_gmt":"2025-11-29T16:45:41","slug":"motiv-nadeje","status":"publish","type":"product","link":"https:\/\/www.aglaiadesign.shop\/en\/product\/motiv-nadeje\/","title":{"rendered":"Motiv Nad\u011bje"},"content":{"rendered":"<h3 data-start=\"173\" data-end=\"226\"><strong data-start=\"177\" data-end=\"226\">Design sol\u00e1rn\u00edch panel\u016f i na netradi\u010dn\u00ed m\u00edsta<\/strong><\/h3>\n<p data-start=\"228\" data-end=\"444\">D\u00edky spolupr\u00e1ci s firmou <strong data-start=\"253\" data-end=\"268\">Color Solar<\/strong> v\u00e1m dok\u00e1\u017eeme vytvo\u0159it jedine\u010dn\u00fd design sol\u00e1rn\u00edch panel\u016f i tam, kde to d\u0159\u00edve nebylo mo\u017en\u00e9 \u2013 nap\u0159\u00edklad na m\u00edstech bez ji\u017en\u00ed orientace, na balk\u00f3nech, fas\u00e1d\u00e1ch a dal\u0161\u00edch ploch\u00e1ch.<\/p>\n<p data-start=\"446\" data-end=\"716\">Kotven\u00ed funguje podobn\u011b jako u sklen\u011bn\u00fdch fas\u00e1d, co\u017e n\u00e1m umo\u017e\u0148uje instalovat panely i na m\u00edsta, kter\u00e1 d\u0159\u00edve ne\u0161la pou\u017e\u00edt kv\u016fli nevhodn\u00e9mu sklonu. D\u00edky tomu m\u016f\u017eete sjednotit vzhled cel\u00e9 nemovitosti \u2013 stejn\u00fd design m\u016f\u017ee m\u00edt st\u0159echa, z\u00e1bradl\u00ed i dal\u0161\u00ed architektonick\u00e9 prvky.<\/p>\n<p data-start=\"718\" data-end=\"994\">Tento unik\u00e1tn\u00ed syst\u00e9m podporuje v\u00fdrobu energie a z\u00e1rove\u0148 nab\u00edz\u00ed \u0161irok\u00e9 mo\u017enosti vizu\u00e1ln\u00edho zpracov\u00e1n\u00ed. Ka\u017ed\u00e1 zak\u00e1zka je individu\u00e1ln\u00ed, proto se na n\u00e1s nev\u00e1hejte obr\u00e1tit s jak\u00fdmkoli dotazem.<br data-start=\"906\" data-end=\"909\" \/>R\u00e1di v\u00e1m pom\u016f\u017eeme s v\u00fdb\u011brem motivu, nebo pro v\u00e1s vytvo\u0159\u00edme zcela nov\u00fd design na m\u00edru.<\/p>\n<p data-start=\"996\" data-end=\"1078\">P\u0159epojen\u00ed ze st\u00e1vaj\u00edc\u00edch panel\u016f nen\u00ed probl\u00e9m \u2013 elektrick\u00e9 zapojen\u00ed z\u016fst\u00e1v\u00e1 stejn\u00e9.<\/p>\n<p>Panely Color Solar p\u0159in\u00e1\u0161ej\u00ed estetickou variabilitu i na energetickou v\u00fdrobu a podporuj\u00ed tak design i udr\u017eitelnost va\u0161\u00ed budovy.<\/p>\n<p>+ Jednoduch\u00e1 instalace<\/p>\n<p>+ 7 tvar\u016f panel\u016f<\/p>\n<p>+ N\u011bkolik konfigurac\u00ed<\/p>\n<p>+ 25 let z\u00e1ruka na tisk<\/p>\n<p>+ Estetick\u00e9 p\u016fsobiv\u00e9<\/p>\n<p>+ Snadno p\u0159izp\u016fsobiteln\u00e9<\/p>\n<p>+ Vyrobeno v \u010cesku<\/p>\n<p>+ Snadn\u00e1 \u00fadr\u017eba<\/p>\n<p>+ P\u0159\u00edprava projektu<\/p>\n<p>Fotovoltaick\u00e9 panely Color Solar nab\u00edzej\u00ed \u0159e\u0161en\u00ed, kter\u00e1 zva\u017euj\u00ed vizu\u00e1ln\u00ed atraktivitu se spolehlivost\u00ed a funk\u010dnost\u00ed.<\/p>\n<p>&nbsp;<\/p>\n","protected":false},"excerpt":{"rendered":"<h3 data-start=\"82\" data-end=\"136\"><strong data-start=\"86\" data-end=\"136\">Designov\u00e9 sol\u00e1rn\u00ed panely i na netradi\u010dn\u00ed m\u00edsta<\/strong><\/h3>\n<p data-start=\"138\" data-end=\"376\">D\u00edky spolupr\u00e1ci s <strong data-start=\"156\" data-end=\"171\">Color Solar<\/strong> instalujeme panely i tam, kde to d\u0159\u00edve ne\u0161lo \u2014 na balk\u00f3ny, fas\u00e1dy \u010di m\u00edsta bez ji\u017en\u00ed orientace.<br data-start=\"267\" data-end=\"270\" \/>Kotven\u00ed podobn\u00e9 sklen\u011bn\u00fdm fas\u00e1d\u00e1m umo\u017e\u0148uje sjednotit vzhled st\u0159echy, z\u00e1bradl\u00ed i dal\u0161\u00edch \u010d\u00e1st\u00ed nemovitosti.<\/p>\n<p data-start=\"378\" data-end=\"558\">Ka\u017ed\u00fd projekt \u0159e\u0161\u00edme individu\u00e1ln\u011b.<br data-start=\"412\" data-end=\"415\" \/>Vybereme v\u00e1m motiv, nebo vytvo\u0159\u00edme nov\u00fd design na m\u00edru.<br data-start=\"470\" data-end=\"473\" \/>P\u0159epojen\u00ed ze st\u00e1vaj\u00edc\u00edch panel\u016f je bez probl\u00e9m\u016f \u2014 elektrick\u00e9 zapojen\u00ed z\u016fst\u00e1v\u00e1 stejn\u00e9.<\/p>\n","protected":false},"featured_media":814,"comment_status":"open","ping_status":"closed","template":"","meta":[],"product_brand":[20],"product_cat":[33],"product_tag":[],"class_list":{"0":"post-813","1":"product","2":"type-product","3":"status-publish","4":"has-post-thumbnail","6":"product_brand-aglaia-design","7":"product_cat-solarni-panely","9":"first","10":"instock","11":"shipping-taxable","12":"product-type-simple"},"yoast_head":"<!-- This site is optimized with the Yoast SEO plugin v27.4 - https:\/\/yoast.com\/product\/yoast-seo-wordpress\/ -->\n<title>Motiv Nad\u011bje<\/title>\n<meta name=\"description\" content=\"Designov\u00e9 sol\u00e1rn\u00ed panely i na netradi\u010dn\u00ed m\u00edsta D\u00edky spolupr\u00e1ci s Color Solar instalujeme panely i tam, kde to d\u0159\u00edve ne\u0161lo \u2014 na balk\u00f3ny, fas\u00e1dy \u010di m\u00edsta bez ji\u017en\u00ed orientace.Kotven\u00ed podobn\u00e9 sklen\u011bn\u00fdm fas\u00e1d\u00e1m umo\u017e\u0148uje sjednotit vzhled st\u0159echy, z\u00e1bradl\u00ed i dal\u0161\u00edch \u010d\u00e1st\u00ed nemovitosti. Ka\u017ed\u00fd projekt \u0159e\u0161\u00edme individu\u00e1ln\u011b.Vybereme v\u00e1m motiv, nebo vytvo\u0159\u00edme nov\u00fd design na m\u00edru.P\u0159epojen\u00ed ze st\u00e1vaj\u00edc\u00edch panel\u016f je bez probl\u00e9m\u016f \u2014 elektrick\u00e9 zapojen\u00ed z\u016fst\u00e1v\u00e1 stejn\u00e9.\" \/>\n<meta name=\"robots\" content=\"index, follow, max-snippet:-1, max-image-preview:large, max-video-preview:-1\" \/>\n<link rel=\"canonical\" href=\"http:\/\/Designov\u00e9%20sol\u00e1rn\u00ed%20panely%20i%20na%20netradi\u010dn\u00ed%20m\u00edsta%20D\u00edky%20spolupr\u00e1ci%20s%20Color%20Solar%20instalujeme%20panely%20i%20tam,%20kde%20to%20d\u0159\u00edve%20ne\u0161lo%20\u2014%20na%20balk\u00f3ny,%20fas\u00e1dy%20\u010di%20m\u00edsta%20bez%20ji\u017en\u00ed%20orientace.Kotven\u00ed%20podobn\u00e9%20sklen\u011bn\u00fdm%20fas\u00e1d\u00e1m%20umo\u017e\u0148uje%20sjednotit%20vzhled%20st\u0159echy,%20z\u00e1bradl\u00ed%20i%20dal\u0161\u00edch%20\u010d\u00e1st\u00ed%20nemovitosti.%20Ka\u017ed\u00fd%20projekt%20\u0159e\u0161\u00edme%20individu\u00e1ln\u011b.Vybereme%20v\u00e1m%20motiv,%20nebo%20vytvo\u0159\u00edme%20nov\u00fd%20design%20na%20m\u00edru.P\u0159epojen\u00ed%20ze%20st\u00e1vaj\u00edc\u00edch%20panel\u016f%20je%20bez%20probl\u00e9m\u016f%20\u2014%20elektrick\u00e9%20zapojen\u00ed%20z\u016fst\u00e1v\u00e1%20stejn\u00e9.\" \/>\n<meta property=\"og:locale\" content=\"en_US\" \/>\n<meta property=\"og:type\" content=\"article\" \/>\n<meta property=\"og:title\" content=\"Motiv Nad\u011bje\" \/>\n<meta property=\"og:description\" content=\"Designov\u00e9 sol\u00e1rn\u00ed panely i na netradi\u010dn\u00ed m\u00edsta D\u00edky spolupr\u00e1ci s Color Solar instalujeme panely i tam, kde to d\u0159\u00edve ne\u0161lo \u2014 na balk\u00f3ny, fas\u00e1dy \u010di m\u00edsta bez ji\u017en\u00ed orientace.Kotven\u00ed podobn\u00e9 sklen\u011bn\u00fdm fas\u00e1d\u00e1m umo\u017e\u0148uje sjednotit vzhled st\u0159echy, z\u00e1bradl\u00ed i dal\u0161\u00edch \u010d\u00e1st\u00ed nemovitosti. Ka\u017ed\u00fd projekt \u0159e\u0161\u00edme individu\u00e1ln\u011b.Vybereme v\u00e1m motiv, nebo vytvo\u0159\u00edme nov\u00fd design na m\u00edru.P\u0159epojen\u00ed ze st\u00e1vaj\u00edc\u00edch panel\u016f je bez probl\u00e9m\u016f \u2014 elektrick\u00e9 zapojen\u00ed z\u016fst\u00e1v\u00e1 stejn\u00e9.\" \/>\n<meta property=\"og:url\" content=\"https:\/\/www.aglaiadesign.shop\/en\/product\/motiv-nadeje\/\" \/>\n<meta property=\"og:site_name\" content=\"AglaiaDesign.shop\" \/>\n<meta property=\"article:publisher\" content=\"https:\/\/www.facebook.com\/people\/AglaiaDesignshop\/61584360833340\/\" \/>\n<meta property=\"article:modified_time\" content=\"2025-11-29T16:45:41+00:00\" \/>\n<meta property=\"og:image\" content=\"https:\/\/www.aglaiadesign.shop\/wp-content\/uploads\/2025\/11\/525719308_122183753336343670_2833855977610379857_n.jpg\" \/>\n\t<meta property=\"og:image:width\" content=\"1536\" \/>\n\t<meta property=\"og:image:height\" content=\"2048\" \/>\n\t<meta property=\"og:image:type\" content=\"image\/jpeg\" \/>\n<meta name=\"twitter:card\" content=\"summary_large_image\" \/>\n<meta name=\"twitter:label1\" content=\"Est. reading time\" \/>\n\t<meta name=\"twitter:data1\" content=\"1 minute\" \/>\n<script type=\"application\/ld+json\" class=\"yoast-schema-graph\">{\"@context\":\"https:\\\/\\\/schema.org\",\"@graph\":[{\"@type\":\"WebPage\",\"@id\":\"https:\\\/\\\/www.aglaiadesign.shop\\\/en\\\/product\\\/motiv-nadeje\\\/\",\"url\":\"https:\\\/\\\/www.aglaiadesign.shop\\\/en\\\/product\\\/motiv-nadeje\\\/\",\"name\":\"Motiv Nad\u011bje - AglaiaDesign.shop\",\"isPartOf\":{\"@id\":\"https:\\\/\\\/www.aglaiadesign.shop\\\/#website\"},\"primaryImageOfPage\":{\"@id\":\"https:\\\/\\\/www.aglaiadesign.shop\\\/en\\\/product\\\/motiv-nadeje\\\/#primaryimage\"},\"image\":{\"@id\":\"https:\\\/\\\/www.aglaiadesign.shop\\\/en\\\/product\\\/motiv-nadeje\\\/#primaryimage\"},\"thumbnailUrl\":\"https:\\\/\\\/www.aglaiadesign.shop\\\/wp-content\\\/uploads\\\/2025\\\/11\\\/525719308_122183753336343670_2833855977610379857_n.jpg\",\"datePublished\":\"2025-11-29T16:45:40+00:00\",\"dateModified\":\"2025-11-29T16:45:41+00:00\",\"breadcrumb\":{\"@id\":\"https:\\\/\\\/www.aglaiadesign.shop\\\/en\\\/product\\\/motiv-nadeje\\\/#breadcrumb\"},\"inLanguage\":\"en-US\",\"potentialAction\":[{\"@type\":\"ReadAction\",\"target\":[\"https:\\\/\\\/www.aglaiadesign.shop\\\/en\\\/product\\\/motiv-nadeje\\\/\"]}]},{\"@type\":\"ImageObject\",\"inLanguage\":\"en-US\",\"@id\":\"https:\\\/\\\/www.aglaiadesign.shop\\\/en\\\/product\\\/motiv-nadeje\\\/#primaryimage\",\"url\":\"https:\\\/\\\/www.aglaiadesign.shop\\\/wp-content\\\/uploads\\\/2025\\\/11\\\/525719308_122183753336343670_2833855977610379857_n.jpg\",\"contentUrl\":\"https:\\\/\\\/www.aglaiadesign.shop\\\/wp-content\\\/uploads\\\/2025\\\/11\\\/525719308_122183753336343670_2833855977610379857_n.jpg\",\"width\":1536,\"height\":2048},{\"@type\":\"BreadcrumbList\",\"@id\":\"https:\\\/\\\/www.aglaiadesign.shop\\\/en\\\/product\\\/motiv-nadeje\\\/#breadcrumb\",\"itemListElement\":[{\"@type\":\"ListItem\",\"position\":1,\"name\":\"V\u00edtejte na e-shopu Aglaia Design\",\"item\":\"https:\\\/\\\/www.aglaiadesign.shop\\\/\"},{\"@type\":\"ListItem\",\"position\":2,\"name\":\"V\u00edtejte na e-shopu Aglaia Design\",\"item\":\"https:\\\/\\\/www.aglaiadesign.shop\\\/\"},{\"@type\":\"ListItem\",\"position\":3,\"name\":\"Motiv Nad\u011bje\"}]},{\"@type\":\"WebSite\",\"@id\":\"https:\\\/\\\/www.aglaiadesign.shop\\\/en\\\/#website\",\"url\":\"https:\\\/\\\/www.aglaiadesign.shop\\\/en\\\/\",\"name\":\"AglaiaDesign.shop\",\"description\":\"Aglaia Design e-shop, obchod s enkaustick\u00fdmi obrazy a dal\u0161\u00edmi produkty s fotoreprodukc\u00ed t\u011bchto obraz\u016f.\",\"publisher\":{\"@id\":\"https:\\\/\\\/www.aglaiadesign.shop\\\/en\\\/#organization\"},\"potentialAction\":[{\"@type\":\"SearchAction\",\"target\":{\"@type\":\"EntryPoint\",\"urlTemplate\":\"https:\\\/\\\/www.aglaiadesign.shop\\\/en\\\/?s={search_term_string}\"},\"query-input\":{\"@type\":\"PropertyValueSpecification\",\"valueRequired\":true,\"valueName\":\"search_term_string\"}}],\"inLanguage\":\"en-US\"},{\"@type\":\"Organization\",\"@id\":\"https:\\\/\\\/www.aglaiadesign.shop\\\/en\\\/#organization\",\"name\":\"AglaiaDesign.shop\",\"url\":\"https:\\\/\\\/www.aglaiadesign.shop\\\/en\\\/\",\"logo\":{\"@type\":\"ImageObject\",\"inLanguage\":\"en-US\",\"@id\":\"https:\\\/\\\/www.aglaiadesign.shop\\\/en\\\/#\\\/schema\\\/logo\\\/image\\\/\",\"url\":\"https:\\\/\\\/www.aglaiadesign.shop\\\/wp-content\\\/uploads\\\/2025\\\/11\\\/cropped-cropped-ad-logo-final.png\",\"contentUrl\":\"https:\\\/\\\/www.aglaiadesign.shop\\\/wp-content\\\/uploads\\\/2025\\\/11\\\/cropped-cropped-ad-logo-final.png\",\"width\":512,\"height\":392,\"caption\":\"AglaiaDesign.shop\"},\"image\":{\"@id\":\"https:\\\/\\\/www.aglaiadesign.shop\\\/en\\\/#\\\/schema\\\/logo\\\/image\\\/\"},\"sameAs\":[\"https:\\\/\\\/www.facebook.com\\\/people\\\/AglaiaDesignshop\\\/61584360833340\\\/\",\"https:\\\/\\\/www.instagram.com\\\/aglaiadesign.shop?igsh=NWh6eXNwbXM0Y2c4\",\"https:\\\/\\\/www.tiktok.com\\\/@aglaia.design.m.k?_r=1&_t=ZN-92fGyZrw7WQ\"]}]}<\/script>\n<!-- \/ Yoast SEO plugin. -->","yoast_head_json":{"title":"Motiv Nad\u011bje","description":"Designov\u00e9 sol\u00e1rn\u00ed panely i na netradi\u010dn\u00ed m\u00edsta D\u00edky spolupr\u00e1ci s Color Solar instalujeme panely i tam, kde to d\u0159\u00edve ne\u0161lo \u2014 na balk\u00f3ny, fas\u00e1dy \u010di m\u00edsta bez ji\u017en\u00ed orientace.Kotven\u00ed podobn\u00e9 sklen\u011bn\u00fdm fas\u00e1d\u00e1m umo\u017e\u0148uje sjednotit vzhled st\u0159echy, z\u00e1bradl\u00ed i dal\u0161\u00edch \u010d\u00e1st\u00ed nemovitosti. Ka\u017ed\u00fd projekt \u0159e\u0161\u00edme individu\u00e1ln\u011b.Vybereme v\u00e1m motiv, nebo vytvo\u0159\u00edme nov\u00fd design na m\u00edru.P\u0159epojen\u00ed ze st\u00e1vaj\u00edc\u00edch panel\u016f je bez probl\u00e9m\u016f \u2014 elektrick\u00e9 zapojen\u00ed z\u016fst\u00e1v\u00e1 stejn\u00e9.","robots":{"index":"index","follow":"follow","max-snippet":"max-snippet:-1","max-image-preview":"max-image-preview:large","max-video-preview":"max-video-preview:-1"},"canonical":"Designov\u00e9 sol\u00e1rn\u00ed panely i na netradi\u010dn\u00ed m\u00edsta D\u00edky spolupr\u00e1ci s Color Solar instalujeme panely i tam, kde to d\u0159\u00edve ne\u0161lo \u2014 na balk\u00f3ny, fas\u00e1dy \u010di m\u00edsta bez ji\u017en\u00ed orientace.Kotven\u00ed podobn\u00e9 sklen\u011bn\u00fdm fas\u00e1d\u00e1m umo\u017e\u0148uje sjednotit vzhled st\u0159echy, z\u00e1bradl\u00ed i dal\u0161\u00edch \u010d\u00e1st\u00ed nemovitosti. Ka\u017ed\u00fd projekt \u0159e\u0161\u00edme individu\u00e1ln\u011b.Vybereme v\u00e1m motiv, nebo vytvo\u0159\u00edme nov\u00fd design na m\u00edru.P\u0159epojen\u00ed ze st\u00e1vaj\u00edc\u00edch panel\u016f je bez probl\u00e9m\u016f \u2014 elektrick\u00e9 zapojen\u00ed z\u016fst\u00e1v\u00e1 stejn\u00e9.","og_locale":"en_US","og_type":"article","og_title":"Motiv Nad\u011bje","og_description":"Designov\u00e9 sol\u00e1rn\u00ed panely i na netradi\u010dn\u00ed m\u00edsta D\u00edky spolupr\u00e1ci s Color Solar instalujeme panely i tam, kde to d\u0159\u00edve ne\u0161lo \u2014 na balk\u00f3ny, fas\u00e1dy \u010di m\u00edsta bez ji\u017en\u00ed orientace.Kotven\u00ed podobn\u00e9 sklen\u011bn\u00fdm fas\u00e1d\u00e1m umo\u017e\u0148uje sjednotit vzhled st\u0159echy, z\u00e1bradl\u00ed i dal\u0161\u00edch \u010d\u00e1st\u00ed nemovitosti. Ka\u017ed\u00fd projekt \u0159e\u0161\u00edme individu\u00e1ln\u011b.Vybereme v\u00e1m motiv, nebo vytvo\u0159\u00edme nov\u00fd design na m\u00edru.P\u0159epojen\u00ed ze st\u00e1vaj\u00edc\u00edch panel\u016f je bez probl\u00e9m\u016f \u2014 elektrick\u00e9 zapojen\u00ed z\u016fst\u00e1v\u00e1 stejn\u00e9.","og_url":"https:\/\/www.aglaiadesign.shop\/en\/product\/motiv-nadeje\/","og_site_name":"AglaiaDesign.shop","article_publisher":"https:\/\/www.facebook.com\/people\/AglaiaDesignshop\/61584360833340\/","article_modified_time":"2025-11-29T16:45:41+00:00","og_image":[{"width":1536,"height":2048,"url":"https:\/\/www.aglaiadesign.shop\/wp-content\/uploads\/2025\/11\/525719308_122183753336343670_2833855977610379857_n.jpg","type":"image\/jpeg"}],"twitter_card":"summary_large_image","twitter_misc":{"Est. reading time":"1 minute"},"schema":{"@context":"https:\/\/schema.org","@graph":[{"@type":"WebPage","@id":"https:\/\/www.aglaiadesign.shop\/en\/product\/motiv-nadeje\/","url":"https:\/\/www.aglaiadesign.shop\/en\/product\/motiv-nadeje\/","name":"Motiv Nad\u011bje - AglaiaDesign.shop","isPartOf":{"@id":"https:\/\/www.aglaiadesign.shop\/#website"},"primaryImageOfPage":{"@id":"https:\/\/www.aglaiadesign.shop\/en\/product\/motiv-nadeje\/#primaryimage"},"image":{"@id":"https:\/\/www.aglaiadesign.shop\/en\/product\/motiv-nadeje\/#primaryimage"},"thumbnailUrl":"https:\/\/www.aglaiadesign.shop\/wp-content\/uploads\/2025\/11\/525719308_122183753336343670_2833855977610379857_n.jpg","datePublished":"2025-11-29T16:45:40+00:00","dateModified":"2025-11-29T16:45:41+00:00","breadcrumb":{"@id":"https:\/\/www.aglaiadesign.shop\/en\/product\/motiv-nadeje\/#breadcrumb"},"inLanguage":"en-US","potentialAction":[{"@type":"ReadAction","target":["https:\/\/www.aglaiadesign.shop\/en\/product\/motiv-nadeje\/"]}]},{"@type":"ImageObject","inLanguage":"en-US","@id":"https:\/\/www.aglaiadesign.shop\/en\/product\/motiv-nadeje\/#primaryimage","url":"https:\/\/www.aglaiadesign.shop\/wp-content\/uploads\/2025\/11\/525719308_122183753336343670_2833855977610379857_n.jpg","contentUrl":"https:\/\/www.aglaiadesign.shop\/wp-content\/uploads\/2025\/11\/525719308_122183753336343670_2833855977610379857_n.jpg","width":1536,"height":2048},{"@type":"BreadcrumbList","@id":"https:\/\/www.aglaiadesign.shop\/en\/product\/motiv-nadeje\/#breadcrumb","itemListElement":[{"@type":"ListItem","position":1,"name":"V\u00edtejte na e-shopu Aglaia Design","item":"https:\/\/www.aglaiadesign.shop\/"},{"@type":"ListItem","position":2,"name":"V\u00edtejte na e-shopu Aglaia Design","item":"https:\/\/www.aglaiadesign.shop\/"},{"@type":"ListItem","position":3,"name":"Motiv Nad\u011bje"}]},{"@type":"WebSite","@id":"https:\/\/www.aglaiadesign.shop\/en\/#website","url":"https:\/\/www.aglaiadesign.shop\/en\/","name":"AglaiaDesign.shop","description":"Aglaia Design e-shop, obchod s enkaustick\u00fdmi obrazy a dal\u0161\u00edmi produkty s fotoreprodukc\u00ed t\u011bchto obraz\u016f.","publisher":{"@id":"https:\/\/www.aglaiadesign.shop\/en\/#organization"},"potentialAction":[{"@type":"SearchAction","target":{"@type":"EntryPoint","urlTemplate":"https:\/\/www.aglaiadesign.shop\/en\/?s={search_term_string}"},"query-input":{"@type":"PropertyValueSpecification","valueRequired":true,"valueName":"search_term_string"}}],"inLanguage":"en-US"},{"@type":"Organization","@id":"https:\/\/www.aglaiadesign.shop\/en\/#organization","name":"AglaiaDesign.shop","url":"https:\/\/www.aglaiadesign.shop\/en\/","logo":{"@type":"ImageObject","inLanguage":"en-US","@id":"https:\/\/www.aglaiadesign.shop\/en\/#\/schema\/logo\/image\/","url":"https:\/\/www.aglaiadesign.shop\/wp-content\/uploads\/2025\/11\/cropped-cropped-ad-logo-final.png","contentUrl":"https:\/\/www.aglaiadesign.shop\/wp-content\/uploads\/2025\/11\/cropped-cropped-ad-logo-final.png","width":512,"height":392,"caption":"AglaiaDesign.shop"},"image":{"@id":"https:\/\/www.aglaiadesign.shop\/en\/#\/schema\/logo\/image\/"},"sameAs":["https:\/\/www.facebook.com\/people\/AglaiaDesignshop\/61584360833340\/","https:\/\/www.instagram.com\/aglaiadesign.shop?igsh=NWh6eXNwbXM0Y2c4","https:\/\/www.tiktok.com\/@aglaia.design.m.k?_r=1&_t=ZN-92fGyZrw7WQ"]}]}},"jetpack_sharing_enabled":true,"_links":{"self":[{"href":"https:\/\/www.aglaiadesign.shop\/en\/wp-json\/wp\/v2\/product\/813","targetHints":{"allow":["GET"]}}],"collection":[{"href":"https:\/\/www.aglaiadesign.shop\/en\/wp-json\/wp\/v2\/product"}],"about":[{"href":"https:\/\/www.aglaiadesign.shop\/en\/wp-json\/wp\/v2\/types\/product"}],"replies":[{"embeddable":true,"href":"https:\/\/www.aglaiadesign.shop\/en\/wp-json\/wp\/v2\/comments?post=813"}],"wp:featuredmedia":[{"embeddable":true,"href":"https:\/\/www.aglaiadesign.shop\/en\/wp-json\/wp\/v2\/media\/814"}],"wp:attachment":[{"href":"https:\/\/www.aglaiadesign.shop\/en\/wp-json\/wp\/v2\/media?parent=813"}],"wp:term":[{"taxonomy":"product_brand","embeddable":true,"href":"https:\/\/www.aglaiadesign.shop\/en\/wp-json\/wp\/v2\/product_brand?post=813"},{"taxonomy":"product_cat","embeddable":true,"href":"https:\/\/www.aglaiadesign.shop\/en\/wp-json\/wp\/v2\/product_cat?post=813"},{"taxonomy":"product_tag","embeddable":true,"href":"https:\/\/www.aglaiadesign.shop\/en\/wp-json\/wp\/v2\/product_tag?post=813"}],"curies":[{"name":"wp","href":"https:\/\/api.w.org\/{rel}","templated":true}]}}