{"id":792,"date":"2025-11-20T20:09:36","date_gmt":"2025-11-20T19:09:36","guid":{"rendered":"https:\/\/www.aglaiadesign.shop\/product\/\/"},"modified":"2025-12-30T23:25:59","modified_gmt":"2025-12-30T22:25:59","slug":"keramickyhrnekbily-omluva","status":"publish","type":"product","link":"https:\/\/www.aglaiadesign.shop\/en\/product\/keramickyhrnekbily-omluva\/","title":{"rendered":"Keramick\u00fd hrnek b\u00edl\u00fd - Omluva"},"content":{"rendered":"<p>C\u00edt\u00edte pot\u0159ebu omluvy, a\u0165 sob\u011b nebo druh\u00fdm? Motiv omluva je prvn\u00edm krokem k uvoln\u011bn\u00ed, klidu a obnoven\u00ed s\u00edly. P\u0159ipom\u00edn\u00e1, \u017ee omluva otev\u00edr\u00e1 prostor pro nov\u00fd za\u010d\u00e1tek a harmonii ve vztaz\u00edch i s\u00e1m se sebou. Dop\u0159ejte si jeho energii jako podporu ka\u017edodenn\u00ed rovnov\u00e1hy a vnit\u0159n\u00edho m\u00edru.<\/p>\n<p>Hrnek keramick\u00fd b\u00edl\u00fd<\/p>\n<p>Hrnek m\u00e1 standartn\u00ed velikost 300ml \/ 11oz Coating Orca<\/p>\n<ul>\n<li>keramick\u00fd glazovan\u00fd hrnek<\/li>\n<li>Barva: b\u00edl\u00e1 + potisk<\/li>\n<li>Objem: 330 ml<\/li>\n<li>Velikost: O 8,2 x V 9,5 cm<\/li>\n<li>Pro zachov\u00e1n\u00ed potisku doporu\u010duji ru\u010dn\u00ed myt\u00ed.<\/li>\n<\/ul>\n<p>Dodac\u00ed lh\u016fta z\u00e1vis\u00ed na v\u00fdrob\u011b objednan\u00e9ho produktu. Nejpozd\u011bji v\u0161ak do 30 dn\u016f od zaplacen\u00ed objedn\u00e1vky.<\/p>\n<p>Pracujeme na focen\u00ed dal\u0161\u00edch hrnk\u016f. Motiv\u016f bude 14.\u00a0 M\u016f\u017eete si je prohl\u00e9dnout na termo hrnk\u00e1ch a termosk\u00e1ch. M\u011bjte pros\u00edm trp\u011blivost. E-shop se st\u00e1le vyv\u00edj\u00ed. Pokud by jste cht\u011bli hrnek zlat\u00fd v jin\u00e9m motivu, napi\u0161te n\u00e1m. R\u00e1di v\u00e1m ho p\u0159iprav\u00edme.<\/p>\n<p>&nbsp;<\/p>\n","protected":false},"excerpt":{"rendered":"<p>Motiv Omluva p\u0159in\u00e1\u0161\u00ed\u00a0<strong>uvoln\u011bn\u00ed a klid<\/strong>. Podporuje proces sebeodpu\u0161t\u011bn\u00ed i sm\u00ed\u0159en\u00ed s druh\u00fdmi.<\/p>\n","protected":false},"featured_media":793,"comment_status":"open","ping_status":"closed","template":"","meta":[],"product_brand":[20],"product_cat":[46],"product_tag":[],"class_list":{"0":"post-792","1":"product","2":"type-product","3":"status-publish","4":"has-post-thumbnail","6":"product_brand-aglaia-design","7":"product_cat-keramicky-hrnek-bily","9":"first","10":"instock","11":"shipping-taxable","12":"purchasable","13":"product-type-simple"},"yoast_head":"<!-- This site is optimized with the Yoast SEO plugin v27.4 - https:\/\/yoast.com\/product\/yoast-seo-wordpress\/ -->\n<title>Keramick\u00fd hrnek b\u00edl\u00fd - Omluva<\/title>\n<meta name=\"description\" content=\"Motiv Omluva p\u0159in\u00e1\u0161\u00ed\u00a0uvoln\u011bn\u00ed a klid. Podporuje proces sebeodpu\u0161t\u011bn\u00ed i sm\u00ed\u0159en\u00ed s druh\u00fdmi.\" \/>\n<meta name=\"robots\" content=\"index, follow, max-snippet:-1, max-image-preview:large, max-video-preview:-1\" \/>\n<link rel=\"canonical\" href=\"http:\/\/Motiv%20Omluva%20p\u0159in\u00e1\u0161\u00ed\u00a0uvoln\u011bn\u00ed%20a%20klid.%20Podporuje%20proces%20sebeodpu\u0161t\u011bn\u00ed%20i%20sm\u00ed\u0159en\u00ed%20s%20druh\u00fdmi.\" \/>\n<meta property=\"og:locale\" content=\"en_US\" \/>\n<meta property=\"og:type\" content=\"article\" \/>\n<meta property=\"og:title\" content=\"Keramick\u00fd hrnek b\u00edl\u00fd - Omluva\" \/>\n<meta property=\"og:description\" content=\"Motiv Omluva p\u0159in\u00e1\u0161\u00ed\u00a0uvoln\u011bn\u00ed a klid. Podporuje proces sebeodpu\u0161t\u011bn\u00ed i sm\u00ed\u0159en\u00ed s druh\u00fdmi.\" \/>\n<meta property=\"og:url\" content=\"https:\/\/www.aglaiadesign.shop\/en\/product\/keramickyhrnekbily-omluva\/\" \/>\n<meta property=\"og:site_name\" content=\"AglaiaDesign.shop\" \/>\n<meta property=\"article:publisher\" content=\"https:\/\/www.facebook.com\/people\/AglaiaDesignshop\/61584360833340\/\" \/>\n<meta property=\"article:modified_time\" content=\"2025-12-30T22:25:59+00:00\" \/>\n<meta property=\"og:image\" content=\"https:\/\/www.aglaiadesign.shop\/wp-content\/uploads\/2025\/11\/1046182-copy.png\" \/>\n\t<meta property=\"og:image:width\" content=\"1000\" \/>\n\t<meta property=\"og:image:height\" content=\"1000\" \/>\n\t<meta property=\"og:image:type\" content=\"image\/png\" \/>\n<meta name=\"twitter:card\" content=\"summary_large_image\" \/>\n<meta name=\"twitter:label1\" content=\"Est. reading time\" \/>\n\t<meta name=\"twitter:data1\" content=\"1 minute\" \/>\n<script type=\"application\/ld+json\" class=\"yoast-schema-graph\">{\"@context\":\"https:\\\/\\\/schema.org\",\"@graph\":[{\"@type\":\"WebPage\",\"@id\":\"https:\\\/\\\/www.aglaiadesign.shop\\\/en\\\/product\\\/keramickyhrnekbily-omluva\\\/\",\"url\":\"https:\\\/\\\/www.aglaiadesign.shop\\\/en\\\/product\\\/keramickyhrnekbily-omluva\\\/\",\"name\":\"Keramick\u00fd hrnek b\u00edl\u00fd - Omluva - AglaiaDesign.shop\",\"isPartOf\":{\"@id\":\"https:\\\/\\\/www.aglaiadesign.shop\\\/#website\"},\"primaryImageOfPage\":{\"@id\":\"https:\\\/\\\/www.aglaiadesign.shop\\\/en\\\/product\\\/keramickyhrnekbily-omluva\\\/#primaryimage\"},\"image\":{\"@id\":\"https:\\\/\\\/www.aglaiadesign.shop\\\/en\\\/product\\\/keramickyhrnekbily-omluva\\\/#primaryimage\"},\"thumbnailUrl\":\"https:\\\/\\\/www.aglaiadesign.shop\\\/wp-content\\\/uploads\\\/2025\\\/11\\\/1046182-copy.png\",\"datePublished\":\"2025-11-20T19:09:36+00:00\",\"dateModified\":\"2025-12-30T22:25:59+00:00\",\"breadcrumb\":{\"@id\":\"https:\\\/\\\/www.aglaiadesign.shop\\\/en\\\/product\\\/keramickyhrnekbily-omluva\\\/#breadcrumb\"},\"inLanguage\":\"en-US\",\"potentialAction\":[{\"@type\":\"ReadAction\",\"target\":[\"https:\\\/\\\/www.aglaiadesign.shop\\\/en\\\/product\\\/keramickyhrnekbily-omluva\\\/\"]}]},{\"@type\":\"ImageObject\",\"inLanguage\":\"en-US\",\"@id\":\"https:\\\/\\\/www.aglaiadesign.shop\\\/en\\\/product\\\/keramickyhrnekbily-omluva\\\/#primaryimage\",\"url\":\"https:\\\/\\\/www.aglaiadesign.shop\\\/wp-content\\\/uploads\\\/2025\\\/11\\\/1046182-copy.png\",\"contentUrl\":\"https:\\\/\\\/www.aglaiadesign.shop\\\/wp-content\\\/uploads\\\/2025\\\/11\\\/1046182-copy.png\",\"width\":1000,\"height\":1000},{\"@type\":\"BreadcrumbList\",\"@id\":\"https:\\\/\\\/www.aglaiadesign.shop\\\/en\\\/product\\\/keramickyhrnekbily-omluva\\\/#breadcrumb\",\"itemListElement\":[{\"@type\":\"ListItem\",\"position\":1,\"name\":\"V\u00edtejte na e-shopu Aglaia Design\",\"item\":\"https:\\\/\\\/www.aglaiadesign.shop\\\/\"},{\"@type\":\"ListItem\",\"position\":2,\"name\":\"V\u00edtejte na e-shopu Aglaia Design\",\"item\":\"https:\\\/\\\/www.aglaiadesign.shop\\\/\"},{\"@type\":\"ListItem\",\"position\":3,\"name\":\"Keramick\u00fd hrnek b\u00edl\u00fd - Omluva\"}]},{\"@type\":\"WebSite\",\"@id\":\"https:\\\/\\\/www.aglaiadesign.shop\\\/en\\\/#website\",\"url\":\"https:\\\/\\\/www.aglaiadesign.shop\\\/en\\\/\",\"name\":\"AglaiaDesign.shop\",\"description\":\"Aglaia Design e-shop, obchod s enkaustick\u00fdmi obrazy a dal\u0161\u00edmi produkty s fotoreprodukc\u00ed t\u011bchto obraz\u016f.\",\"publisher\":{\"@id\":\"https:\\\/\\\/www.aglaiadesign.shop\\\/en\\\/#organization\"},\"potentialAction\":[{\"@type\":\"SearchAction\",\"target\":{\"@type\":\"EntryPoint\",\"urlTemplate\":\"https:\\\/\\\/www.aglaiadesign.shop\\\/en\\\/?s={search_term_string}\"},\"query-input\":{\"@type\":\"PropertyValueSpecification\",\"valueRequired\":true,\"valueName\":\"search_term_string\"}}],\"inLanguage\":\"en-US\"},{\"@type\":\"Organization\",\"@id\":\"https:\\\/\\\/www.aglaiadesign.shop\\\/en\\\/#organization\",\"name\":\"AglaiaDesign.shop\",\"url\":\"https:\\\/\\\/www.aglaiadesign.shop\\\/en\\\/\",\"logo\":{\"@type\":\"ImageObject\",\"inLanguage\":\"en-US\",\"@id\":\"https:\\\/\\\/www.aglaiadesign.shop\\\/en\\\/#\\\/schema\\\/logo\\\/image\\\/\",\"url\":\"https:\\\/\\\/www.aglaiadesign.shop\\\/wp-content\\\/uploads\\\/2025\\\/11\\\/cropped-cropped-ad-logo-final.png\",\"contentUrl\":\"https:\\\/\\\/www.aglaiadesign.shop\\\/wp-content\\\/uploads\\\/2025\\\/11\\\/cropped-cropped-ad-logo-final.png\",\"width\":512,\"height\":392,\"caption\":\"AglaiaDesign.shop\"},\"image\":{\"@id\":\"https:\\\/\\\/www.aglaiadesign.shop\\\/en\\\/#\\\/schema\\\/logo\\\/image\\\/\"},\"sameAs\":[\"https:\\\/\\\/www.facebook.com\\\/people\\\/AglaiaDesignshop\\\/61584360833340\\\/\",\"https:\\\/\\\/www.instagram.com\\\/aglaiadesign.shop?igsh=NWh6eXNwbXM0Y2c4\",\"https:\\\/\\\/www.tiktok.com\\\/@aglaia.design.m.k?_r=1&_t=ZN-92fGyZrw7WQ\"]}]}<\/script>\n<!-- \/ Yoast SEO plugin. -->","yoast_head_json":{"title":"Keramick\u00fd hrnek b\u00edl\u00fd - Omluva","description":"Motiv Omluva p\u0159in\u00e1\u0161\u00ed\u00a0uvoln\u011bn\u00ed a klid. Podporuje proces sebeodpu\u0161t\u011bn\u00ed i sm\u00ed\u0159en\u00ed s druh\u00fdmi.","robots":{"index":"index","follow":"follow","max-snippet":"max-snippet:-1","max-image-preview":"max-image-preview:large","max-video-preview":"max-video-preview:-1"},"canonical":"Motiv Omluva p\u0159in\u00e1\u0161\u00ed\u00a0uvoln\u011bn\u00ed a klid. Podporuje proces sebeodpu\u0161t\u011bn\u00ed i sm\u00ed\u0159en\u00ed s druh\u00fdmi.","og_locale":"en_US","og_type":"article","og_title":"Keramick\u00fd hrnek b\u00edl\u00fd - Omluva","og_description":"Motiv Omluva p\u0159in\u00e1\u0161\u00ed\u00a0uvoln\u011bn\u00ed a klid. Podporuje proces sebeodpu\u0161t\u011bn\u00ed i sm\u00ed\u0159en\u00ed s druh\u00fdmi.","og_url":"https:\/\/www.aglaiadesign.shop\/en\/product\/keramickyhrnekbily-omluva\/","og_site_name":"AglaiaDesign.shop","article_publisher":"https:\/\/www.facebook.com\/people\/AglaiaDesignshop\/61584360833340\/","article_modified_time":"2025-12-30T22:25:59+00:00","og_image":[{"width":1000,"height":1000,"url":"https:\/\/www.aglaiadesign.shop\/wp-content\/uploads\/2025\/11\/1046182-copy.png","type":"image\/png"}],"twitter_card":"summary_large_image","twitter_misc":{"Est. reading time":"1 minute"},"schema":{"@context":"https:\/\/schema.org","@graph":[{"@type":"WebPage","@id":"https:\/\/www.aglaiadesign.shop\/en\/product\/keramickyhrnekbily-omluva\/","url":"https:\/\/www.aglaiadesign.shop\/en\/product\/keramickyhrnekbily-omluva\/","name":"Keramick\u00fd hrnek b\u00edl\u00fd - Omluva - AglaiaDesign.shop","isPartOf":{"@id":"https:\/\/www.aglaiadesign.shop\/#website"},"primaryImageOfPage":{"@id":"https:\/\/www.aglaiadesign.shop\/en\/product\/keramickyhrnekbily-omluva\/#primaryimage"},"image":{"@id":"https:\/\/www.aglaiadesign.shop\/en\/product\/keramickyhrnekbily-omluva\/#primaryimage"},"thumbnailUrl":"https:\/\/www.aglaiadesign.shop\/wp-content\/uploads\/2025\/11\/1046182-copy.png","datePublished":"2025-11-20T19:09:36+00:00","dateModified":"2025-12-30T22:25:59+00:00","breadcrumb":{"@id":"https:\/\/www.aglaiadesign.shop\/en\/product\/keramickyhrnekbily-omluva\/#breadcrumb"},"inLanguage":"en-US","potentialAction":[{"@type":"ReadAction","target":["https:\/\/www.aglaiadesign.shop\/en\/product\/keramickyhrnekbily-omluva\/"]}]},{"@type":"ImageObject","inLanguage":"en-US","@id":"https:\/\/www.aglaiadesign.shop\/en\/product\/keramickyhrnekbily-omluva\/#primaryimage","url":"https:\/\/www.aglaiadesign.shop\/wp-content\/uploads\/2025\/11\/1046182-copy.png","contentUrl":"https:\/\/www.aglaiadesign.shop\/wp-content\/uploads\/2025\/11\/1046182-copy.png","width":1000,"height":1000},{"@type":"BreadcrumbList","@id":"https:\/\/www.aglaiadesign.shop\/en\/product\/keramickyhrnekbily-omluva\/#breadcrumb","itemListElement":[{"@type":"ListItem","position":1,"name":"V\u00edtejte na e-shopu Aglaia Design","item":"https:\/\/www.aglaiadesign.shop\/"},{"@type":"ListItem","position":2,"name":"V\u00edtejte na e-shopu Aglaia Design","item":"https:\/\/www.aglaiadesign.shop\/"},{"@type":"ListItem","position":3,"name":"Keramick\u00fd hrnek b\u00edl\u00fd - Omluva"}]},{"@type":"WebSite","@id":"https:\/\/www.aglaiadesign.shop\/en\/#website","url":"https:\/\/www.aglaiadesign.shop\/en\/","name":"AglaiaDesign.shop","description":"Aglaia Design e-shop, obchod s enkaustick\u00fdmi obrazy a dal\u0161\u00edmi produkty s fotoreprodukc\u00ed t\u011bchto obraz\u016f.","publisher":{"@id":"https:\/\/www.aglaiadesign.shop\/en\/#organization"},"potentialAction":[{"@type":"SearchAction","target":{"@type":"EntryPoint","urlTemplate":"https:\/\/www.aglaiadesign.shop\/en\/?s={search_term_string}"},"query-input":{"@type":"PropertyValueSpecification","valueRequired":true,"valueName":"search_term_string"}}],"inLanguage":"en-US"},{"@type":"Organization","@id":"https:\/\/www.aglaiadesign.shop\/en\/#organization","name":"AglaiaDesign.shop","url":"https:\/\/www.aglaiadesign.shop\/en\/","logo":{"@type":"ImageObject","inLanguage":"en-US","@id":"https:\/\/www.aglaiadesign.shop\/en\/#\/schema\/logo\/image\/","url":"https:\/\/www.aglaiadesign.shop\/wp-content\/uploads\/2025\/11\/cropped-cropped-ad-logo-final.png","contentUrl":"https:\/\/www.aglaiadesign.shop\/wp-content\/uploads\/2025\/11\/cropped-cropped-ad-logo-final.png","width":512,"height":392,"caption":"AglaiaDesign.shop"},"image":{"@id":"https:\/\/www.aglaiadesign.shop\/en\/#\/schema\/logo\/image\/"},"sameAs":["https:\/\/www.facebook.com\/people\/AglaiaDesignshop\/61584360833340\/","https:\/\/www.instagram.com\/aglaiadesign.shop?igsh=NWh6eXNwbXM0Y2c4","https:\/\/www.tiktok.com\/@aglaia.design.m.k?_r=1&_t=ZN-92fGyZrw7WQ"]}]}},"jetpack_sharing_enabled":true,"_links":{"self":[{"href":"https:\/\/www.aglaiadesign.shop\/en\/wp-json\/wp\/v2\/product\/792","targetHints":{"allow":["GET"]}}],"collection":[{"href":"https:\/\/www.aglaiadesign.shop\/en\/wp-json\/wp\/v2\/product"}],"about":[{"href":"https:\/\/www.aglaiadesign.shop\/en\/wp-json\/wp\/v2\/types\/product"}],"replies":[{"embeddable":true,"href":"https:\/\/www.aglaiadesign.shop\/en\/wp-json\/wp\/v2\/comments?post=792"}],"wp:featuredmedia":[{"embeddable":true,"href":"https:\/\/www.aglaiadesign.shop\/en\/wp-json\/wp\/v2\/media\/793"}],"wp:attachment":[{"href":"https:\/\/www.aglaiadesign.shop\/en\/wp-json\/wp\/v2\/media?parent=792"}],"wp:term":[{"taxonomy":"product_brand","embeddable":true,"href":"https:\/\/www.aglaiadesign.shop\/en\/wp-json\/wp\/v2\/product_brand?post=792"},{"taxonomy":"product_cat","embeddable":true,"href":"https:\/\/www.aglaiadesign.shop\/en\/wp-json\/wp\/v2\/product_cat?post=792"},{"taxonomy":"product_tag","embeddable":true,"href":"https:\/\/www.aglaiadesign.shop\/en\/wp-json\/wp\/v2\/product_tag?post=792"}],"curies":[{"name":"wp","href":"https:\/\/api.w.org\/{rel}","templated":true}]}}