{"id":783,"date":"2025-11-20T19:29:45","date_gmt":"2025-11-20T18:29:45","guid":{"rendered":"https:\/\/www.aglaiadesign.shop\/product\/\/"},"modified":"2025-11-20T19:37:13","modified_gmt":"2025-11-20T18:37:13","slug":"medicina-2","status":"publish","type":"product","link":"https:\/\/www.aglaiadesign.shop\/en\/product\/medicina-2\/","title":{"rendered":"Medic\u00edna"},"content":{"rendered":"<p>Hloubka uzdravov\u00e1n\u00ed je sou\u010d\u00e1st\u00ed ka\u017ed\u00e9ho z n\u00e1s. Motiv Medic\u00edna je tvo\u0159en s c\u00edlem pom\u00e1hat na cest\u011b k vnit\u0159n\u00ed rovnov\u00e1ze a samol\u00e9\u010debn\u00fdm proces\u016fm. p\u0159ipom\u00edn\u00e1, \u017ee uvoln\u011bn\u00ed a n\u00e1vrat k vlastn\u00ed p\u0159irozenosti je mo\u017en\u00fd kdykoli. Dop\u0159ejte si jeho energii jako podporu ka\u017edodenn\u00edho \u017eivota, a\u0165 u\u017e p\u0159i ritu\u00e1lu klidu, meditaci \u010di p\u0159i chv\u00edl\u00edch odpo\u010dinku.<\/p>\n<div class=\"elementToProof\">Textiln\u00ed podlo\u017eka\u00a0se spodn\u00ed gumou<br \/>\nMateri\u00e1l\u00a0b\u00edl\u00fd polyester \/ \u010dern\u00e1 pry\u017e<\/div>\n<div class=\"elementToProof\">\n<p>ROZM\u011aRY \u2013 HMOTNOST<\/p>\n<p>\u0160\u00ed\u0159ka\u00a0 x v\u00fd\u0161ka x tlou\u0161\u0165ka:\u00a0 235 x 196 x 5mm<br \/>\nHmotnost\u00a0120 g<\/p>\n<\/div>\n<div class=\"elementToProof\">zp\u016fsob potisku je sublimace.<\/div>\n<div><\/div>\n<div>Barvy se od motivu mohou li\u0161it. D\u016fvod je v materi\u00e1lu a podkladu pro tisk.<\/div>\n<p>&nbsp;<\/p>\n","protected":false},"excerpt":{"rendered":"<p>Motiv\u00a0<strong>Medic\u00edna<\/strong>\u00a0podporuje\u00a0<strong>samol\u00e9\u010den\u00ed\u00a0<\/strong>a\u00a0<strong>uvoln\u011bn\u00ed<\/strong>. P\u0159in\u00e1\u0161\u00ed harmonii t\u011bla i ducha a posiluje vnit\u0159n\u00ed rovnov\u00e1hu<\/p>\n","protected":false},"featured_media":781,"comment_status":"open","ping_status":"closed","template":"","meta":[],"product_brand":[20],"product_cat":[24],"product_tag":[],"class_list":{"0":"post-783","1":"product","2":"type-product","3":"status-publish","4":"has-post-thumbnail","6":"product_brand-aglaia-design","7":"product_cat-podlozky-pod-mys","9":"first","10":"instock","11":"shipping-taxable","12":"purchasable","13":"product-type-simple"},"yoast_head":"<!-- This site is optimized with the Yoast SEO plugin v27.4 - https:\/\/yoast.com\/product\/yoast-seo-wordpress\/ -->\n<title>Medic\u00edna<\/title>\n<meta name=\"description\" content=\"Motiv\u00a0Medic\u00edna\u00a0podporuje\u00a0samol\u00e9\u010den\u00ed\u00a0a\u00a0uvoln\u011bn\u00ed. P\u0159in\u00e1\u0161\u00ed harmonii t\u011bla i ducha a posiluje vnit\u0159n\u00ed rovnov\u00e1hu\" \/>\n<meta name=\"robots\" content=\"index, follow, max-snippet:-1, max-image-preview:large, max-video-preview:-1\" \/>\n<link rel=\"canonical\" href=\"http:\/\/Motiv\u00a0Medic\u00edna\u00a0podporuje\u00a0samol\u00e9\u010den\u00ed\u00a0a\u00a0uvoln\u011bn\u00ed.%20P\u0159in\u00e1\u0161\u00ed%20harmonii%20t\u011bla%20i%20ducha%20a%20posiluje%20vnit\u0159n\u00ed%20rovnov\u00e1hu\" \/>\n<meta property=\"og:locale\" content=\"en_US\" \/>\n<meta property=\"og:type\" content=\"article\" \/>\n<meta property=\"og:title\" content=\"Medic\u00edna\" \/>\n<meta property=\"og:description\" content=\"Motiv\u00a0Medic\u00edna\u00a0podporuje\u00a0samol\u00e9\u010den\u00ed\u00a0a\u00a0uvoln\u011bn\u00ed. P\u0159in\u00e1\u0161\u00ed harmonii t\u011bla i ducha a posiluje vnit\u0159n\u00ed rovnov\u00e1hu\" \/>\n<meta property=\"og:url\" content=\"https:\/\/www.aglaiadesign.shop\/en\/product\/medicina-2\/\" \/>\n<meta property=\"og:site_name\" content=\"AglaiaDesign.shop\" \/>\n<meta property=\"article:publisher\" content=\"https:\/\/www.facebook.com\/people\/AglaiaDesignshop\/61584360833340\/\" \/>\n<meta property=\"article:modified_time\" content=\"2025-11-20T18:37:13+00:00\" \/>\n<meta property=\"og:image\" content=\"https:\/\/www.aglaiadesign.shop\/wp-content\/uploads\/2025\/11\/N_1046221-copy-1024x886.png\" \/>\n\t<meta property=\"og:image:width\" content=\"1024\" \/>\n\t<meta property=\"og:image:height\" content=\"886\" \/>\n\t<meta property=\"og:image:type\" content=\"image\/png\" \/>\n<meta name=\"twitter:card\" content=\"summary_large_image\" \/>\n<meta name=\"twitter:label1\" content=\"Est. reading time\" \/>\n\t<meta name=\"twitter:data1\" content=\"1 minute\" \/>\n<script type=\"application\/ld+json\" class=\"yoast-schema-graph\">{\"@context\":\"https:\\\/\\\/schema.org\",\"@graph\":[{\"@type\":\"WebPage\",\"@id\":\"https:\\\/\\\/www.aglaiadesign.shop\\\/en\\\/product\\\/medicina-2\\\/\",\"url\":\"https:\\\/\\\/www.aglaiadesign.shop\\\/en\\\/product\\\/medicina-2\\\/\",\"name\":\"Medic\u00edna - AglaiaDesign.shop\",\"isPartOf\":{\"@id\":\"https:\\\/\\\/www.aglaiadesign.shop\\\/#website\"},\"primaryImageOfPage\":{\"@id\":\"https:\\\/\\\/www.aglaiadesign.shop\\\/en\\\/product\\\/medicina-2\\\/#primaryimage\"},\"image\":{\"@id\":\"https:\\\/\\\/www.aglaiadesign.shop\\\/en\\\/product\\\/medicina-2\\\/#primaryimage\"},\"thumbnailUrl\":\"https:\\\/\\\/www.aglaiadesign.shop\\\/wp-content\\\/uploads\\\/2025\\\/11\\\/N_1046221-copy.png\",\"datePublished\":\"2025-11-20T18:29:45+00:00\",\"dateModified\":\"2025-11-20T18:37:13+00:00\",\"breadcrumb\":{\"@id\":\"https:\\\/\\\/www.aglaiadesign.shop\\\/en\\\/product\\\/medicina-2\\\/#breadcrumb\"},\"inLanguage\":\"en-US\",\"potentialAction\":[{\"@type\":\"ReadAction\",\"target\":[\"https:\\\/\\\/www.aglaiadesign.shop\\\/en\\\/product\\\/medicina-2\\\/\"]}]},{\"@type\":\"ImageObject\",\"inLanguage\":\"en-US\",\"@id\":\"https:\\\/\\\/www.aglaiadesign.shop\\\/en\\\/product\\\/medicina-2\\\/#primaryimage\",\"url\":\"https:\\\/\\\/www.aglaiadesign.shop\\\/wp-content\\\/uploads\\\/2025\\\/11\\\/N_1046221-copy.png\",\"contentUrl\":\"https:\\\/\\\/www.aglaiadesign.shop\\\/wp-content\\\/uploads\\\/2025\\\/11\\\/N_1046221-copy.png\",\"width\":1156,\"height\":1000},{\"@type\":\"BreadcrumbList\",\"@id\":\"https:\\\/\\\/www.aglaiadesign.shop\\\/en\\\/product\\\/medicina-2\\\/#breadcrumb\",\"itemListElement\":[{\"@type\":\"ListItem\",\"position\":1,\"name\":\"V\u00edtejte na e-shopu Aglaia Design\",\"item\":\"https:\\\/\\\/www.aglaiadesign.shop\\\/\"},{\"@type\":\"ListItem\",\"position\":2,\"name\":\"V\u00edtejte na e-shopu Aglaia Design\",\"item\":\"https:\\\/\\\/www.aglaiadesign.shop\\\/\"},{\"@type\":\"ListItem\",\"position\":3,\"name\":\"Medic\u00edna\"}]},{\"@type\":\"WebSite\",\"@id\":\"https:\\\/\\\/www.aglaiadesign.shop\\\/en\\\/#website\",\"url\":\"https:\\\/\\\/www.aglaiadesign.shop\\\/en\\\/\",\"name\":\"AglaiaDesign.shop\",\"description\":\"Aglaia Design e-shop, obchod s enkaustick\u00fdmi obrazy a dal\u0161\u00edmi produkty s fotoreprodukc\u00ed t\u011bchto obraz\u016f.\",\"publisher\":{\"@id\":\"https:\\\/\\\/www.aglaiadesign.shop\\\/en\\\/#organization\"},\"potentialAction\":[{\"@type\":\"SearchAction\",\"target\":{\"@type\":\"EntryPoint\",\"urlTemplate\":\"https:\\\/\\\/www.aglaiadesign.shop\\\/en\\\/?s={search_term_string}\"},\"query-input\":{\"@type\":\"PropertyValueSpecification\",\"valueRequired\":true,\"valueName\":\"search_term_string\"}}],\"inLanguage\":\"en-US\"},{\"@type\":\"Organization\",\"@id\":\"https:\\\/\\\/www.aglaiadesign.shop\\\/en\\\/#organization\",\"name\":\"AglaiaDesign.shop\",\"url\":\"https:\\\/\\\/www.aglaiadesign.shop\\\/en\\\/\",\"logo\":{\"@type\":\"ImageObject\",\"inLanguage\":\"en-US\",\"@id\":\"https:\\\/\\\/www.aglaiadesign.shop\\\/en\\\/#\\\/schema\\\/logo\\\/image\\\/\",\"url\":\"https:\\\/\\\/www.aglaiadesign.shop\\\/wp-content\\\/uploads\\\/2025\\\/11\\\/cropped-cropped-ad-logo-final.png\",\"contentUrl\":\"https:\\\/\\\/www.aglaiadesign.shop\\\/wp-content\\\/uploads\\\/2025\\\/11\\\/cropped-cropped-ad-logo-final.png\",\"width\":512,\"height\":392,\"caption\":\"AglaiaDesign.shop\"},\"image\":{\"@id\":\"https:\\\/\\\/www.aglaiadesign.shop\\\/en\\\/#\\\/schema\\\/logo\\\/image\\\/\"},\"sameAs\":[\"https:\\\/\\\/www.facebook.com\\\/people\\\/AglaiaDesignshop\\\/61584360833340\\\/\",\"https:\\\/\\\/www.instagram.com\\\/aglaiadesign.shop?igsh=NWh6eXNwbXM0Y2c4\",\"https:\\\/\\\/www.tiktok.com\\\/@aglaia.design.m.k?_r=1&_t=ZN-92fGyZrw7WQ\"]}]}<\/script>\n<!-- \/ Yoast SEO plugin. -->","yoast_head_json":{"title":"Medic\u00edna","description":"Motiv\u00a0Medic\u00edna\u00a0podporuje\u00a0samol\u00e9\u010den\u00ed\u00a0a\u00a0uvoln\u011bn\u00ed. P\u0159in\u00e1\u0161\u00ed harmonii t\u011bla i ducha a posiluje vnit\u0159n\u00ed rovnov\u00e1hu","robots":{"index":"index","follow":"follow","max-snippet":"max-snippet:-1","max-image-preview":"max-image-preview:large","max-video-preview":"max-video-preview:-1"},"canonical":"Motiv\u00a0Medic\u00edna\u00a0podporuje\u00a0samol\u00e9\u010den\u00ed\u00a0a\u00a0uvoln\u011bn\u00ed. P\u0159in\u00e1\u0161\u00ed harmonii t\u011bla i ducha a posiluje vnit\u0159n\u00ed rovnov\u00e1hu","og_locale":"en_US","og_type":"article","og_title":"Medic\u00edna","og_description":"Motiv\u00a0Medic\u00edna\u00a0podporuje\u00a0samol\u00e9\u010den\u00ed\u00a0a\u00a0uvoln\u011bn\u00ed. P\u0159in\u00e1\u0161\u00ed harmonii t\u011bla i ducha a posiluje vnit\u0159n\u00ed rovnov\u00e1hu","og_url":"https:\/\/www.aglaiadesign.shop\/en\/product\/medicina-2\/","og_site_name":"AglaiaDesign.shop","article_publisher":"https:\/\/www.facebook.com\/people\/AglaiaDesignshop\/61584360833340\/","article_modified_time":"2025-11-20T18:37:13+00:00","og_image":[{"width":1024,"height":886,"url":"https:\/\/www.aglaiadesign.shop\/wp-content\/uploads\/2025\/11\/N_1046221-copy-1024x886.png","type":"image\/png"}],"twitter_card":"summary_large_image","twitter_misc":{"Est. reading time":"1 minute"},"schema":{"@context":"https:\/\/schema.org","@graph":[{"@type":"WebPage","@id":"https:\/\/www.aglaiadesign.shop\/en\/product\/medicina-2\/","url":"https:\/\/www.aglaiadesign.shop\/en\/product\/medicina-2\/","name":"Medic\u00edna - AglaiaDesign.shop","isPartOf":{"@id":"https:\/\/www.aglaiadesign.shop\/#website"},"primaryImageOfPage":{"@id":"https:\/\/www.aglaiadesign.shop\/en\/product\/medicina-2\/#primaryimage"},"image":{"@id":"https:\/\/www.aglaiadesign.shop\/en\/product\/medicina-2\/#primaryimage"},"thumbnailUrl":"https:\/\/www.aglaiadesign.shop\/wp-content\/uploads\/2025\/11\/N_1046221-copy.png","datePublished":"2025-11-20T18:29:45+00:00","dateModified":"2025-11-20T18:37:13+00:00","breadcrumb":{"@id":"https:\/\/www.aglaiadesign.shop\/en\/product\/medicina-2\/#breadcrumb"},"inLanguage":"en-US","potentialAction":[{"@type":"ReadAction","target":["https:\/\/www.aglaiadesign.shop\/en\/product\/medicina-2\/"]}]},{"@type":"ImageObject","inLanguage":"en-US","@id":"https:\/\/www.aglaiadesign.shop\/en\/product\/medicina-2\/#primaryimage","url":"https:\/\/www.aglaiadesign.shop\/wp-content\/uploads\/2025\/11\/N_1046221-copy.png","contentUrl":"https:\/\/www.aglaiadesign.shop\/wp-content\/uploads\/2025\/11\/N_1046221-copy.png","width":1156,"height":1000},{"@type":"BreadcrumbList","@id":"https:\/\/www.aglaiadesign.shop\/en\/product\/medicina-2\/#breadcrumb","itemListElement":[{"@type":"ListItem","position":1,"name":"V\u00edtejte na e-shopu Aglaia Design","item":"https:\/\/www.aglaiadesign.shop\/"},{"@type":"ListItem","position":2,"name":"V\u00edtejte na e-shopu Aglaia Design","item":"https:\/\/www.aglaiadesign.shop\/"},{"@type":"ListItem","position":3,"name":"Medic\u00edna"}]},{"@type":"WebSite","@id":"https:\/\/www.aglaiadesign.shop\/en\/#website","url":"https:\/\/www.aglaiadesign.shop\/en\/","name":"AglaiaDesign.shop","description":"Aglaia Design e-shop, obchod s enkaustick\u00fdmi obrazy a dal\u0161\u00edmi produkty s fotoreprodukc\u00ed t\u011bchto obraz\u016f.","publisher":{"@id":"https:\/\/www.aglaiadesign.shop\/en\/#organization"},"potentialAction":[{"@type":"SearchAction","target":{"@type":"EntryPoint","urlTemplate":"https:\/\/www.aglaiadesign.shop\/en\/?s={search_term_string}"},"query-input":{"@type":"PropertyValueSpecification","valueRequired":true,"valueName":"search_term_string"}}],"inLanguage":"en-US"},{"@type":"Organization","@id":"https:\/\/www.aglaiadesign.shop\/en\/#organization","name":"AglaiaDesign.shop","url":"https:\/\/www.aglaiadesign.shop\/en\/","logo":{"@type":"ImageObject","inLanguage":"en-US","@id":"https:\/\/www.aglaiadesign.shop\/en\/#\/schema\/logo\/image\/","url":"https:\/\/www.aglaiadesign.shop\/wp-content\/uploads\/2025\/11\/cropped-cropped-ad-logo-final.png","contentUrl":"https:\/\/www.aglaiadesign.shop\/wp-content\/uploads\/2025\/11\/cropped-cropped-ad-logo-final.png","width":512,"height":392,"caption":"AglaiaDesign.shop"},"image":{"@id":"https:\/\/www.aglaiadesign.shop\/en\/#\/schema\/logo\/image\/"},"sameAs":["https:\/\/www.facebook.com\/people\/AglaiaDesignshop\/61584360833340\/","https:\/\/www.instagram.com\/aglaiadesign.shop?igsh=NWh6eXNwbXM0Y2c4","https:\/\/www.tiktok.com\/@aglaia.design.m.k?_r=1&_t=ZN-92fGyZrw7WQ"]}]}},"jetpack_sharing_enabled":true,"_links":{"self":[{"href":"https:\/\/www.aglaiadesign.shop\/en\/wp-json\/wp\/v2\/product\/783","targetHints":{"allow":["GET"]}}],"collection":[{"href":"https:\/\/www.aglaiadesign.shop\/en\/wp-json\/wp\/v2\/product"}],"about":[{"href":"https:\/\/www.aglaiadesign.shop\/en\/wp-json\/wp\/v2\/types\/product"}],"replies":[{"embeddable":true,"href":"https:\/\/www.aglaiadesign.shop\/en\/wp-json\/wp\/v2\/comments?post=783"}],"wp:featuredmedia":[{"embeddable":true,"href":"https:\/\/www.aglaiadesign.shop\/en\/wp-json\/wp\/v2\/media\/781"}],"wp:attachment":[{"href":"https:\/\/www.aglaiadesign.shop\/en\/wp-json\/wp\/v2\/media?parent=783"}],"wp:term":[{"taxonomy":"product_brand","embeddable":true,"href":"https:\/\/www.aglaiadesign.shop\/en\/wp-json\/wp\/v2\/product_brand?post=783"},{"taxonomy":"product_cat","embeddable":true,"href":"https:\/\/www.aglaiadesign.shop\/en\/wp-json\/wp\/v2\/product_cat?post=783"},{"taxonomy":"product_tag","embeddable":true,"href":"https:\/\/www.aglaiadesign.shop\/en\/wp-json\/wp\/v2\/product_tag?post=783"}],"curies":[{"name":"wp","href":"https:\/\/api.w.org\/{rel}","templated":true}]}}