{"id":688,"date":"2025-11-19T10:18:54","date_gmt":"2025-11-19T09:18:54","guid":{"rendered":"https:\/\/www.aglaiadesign.shop\/product\/\/"},"modified":"2025-11-19T12:07:46","modified_gmt":"2025-11-19T11:07:46","slug":"slunecnice","status":"publish","type":"product","link":"https:\/\/www.aglaiadesign.shop\/en\/product\/slunecnice\/","title":{"rendered":"Slune\u010dnice - kopie ur\u010den\u00e1 pro tisk"},"content":{"rendered":"<p>V p\u0159\u00edpad\u011b, \u017ee si nem\u016f\u017eete objednat origin\u00e1ln\u00ed obraz, m\u00e1me zde alternativn\u00ed mo\u017enost kopie na pl\u00e1tno.<\/p>\n<p>Vytvo\u0159\u00edme v\u00e1m kopii p\u0159esn\u011b ve stejn\u00e9 velikosti jako je origin\u00e1l. Pop\u0159\u00edpad\u011b uprav\u00edme velikost dle va\u0161eho p\u0159\u00e1n\u00ed. Sta\u010d\u00ed napsat pozn\u00e1mku k objedn\u00e1vce. Dostanete platn\u00fd certifik\u00e1t s podpisem autorky.<\/p>\n","protected":false},"excerpt":{"rendered":"<p>Origin\u00e1l, kter\u00fd se v\u00e1m l\u00edbil u\u017e nen\u00ed k dispozici ? Nevad\u00ed. U n\u011bkter\u00fdch m\u016f\u017eeme vytvo\u0159it p\u0159esnou kopii s origin\u00e1ln\u00edm podpisem autorky.<\/p>\n","protected":false},"featured_media":621,"comment_status":"open","ping_status":"closed","template":"","meta":[],"product_brand":[20],"product_cat":[28],"product_tag":[],"class_list":{"0":"post-688","1":"product","2":"type-product","3":"status-publish","4":"has-post-thumbnail","6":"product_brand-aglaia-design","7":"product_cat-kopie-z-obrazu","9":"first","10":"instock","11":"shipping-taxable","12":"purchasable","13":"product-type-simple"},"yoast_head":"<!-- This site is optimized with the Yoast SEO plugin v27.4 - https:\/\/yoast.com\/product\/yoast-seo-wordpress\/ -->\n<title>Slune\u010dnice - kopie ur\u010den\u00e1 pro tisk<\/title>\n<meta name=\"description\" content=\"Origin\u00e1l, kter\u00fd se v\u00e1m l\u00edbil u\u017e nen\u00ed k dispozici ? Nevad\u00ed. U n\u011bkter\u00fdch m\u016f\u017eeme vytvo\u0159it p\u0159esnou kopii s origin\u00e1ln\u00edm podpisem autorky.\" \/>\n<meta name=\"robots\" content=\"index, follow, max-snippet:-1, max-image-preview:large, max-video-preview:-1\" \/>\n<link rel=\"canonical\" href=\"http:\/\/Origin\u00e1l,%20kter\u00fd%20se%20v\u00e1m%20l\u00edbil%20u\u017e%20nen\u00ed%20k%20dispozici%20?%20Nevad\u00ed.%20U%20n\u011bkter\u00fdch%20m\u016f\u017eeme%20vytvo\u0159it%20p\u0159esnou%20kopii%20s%20origin\u00e1ln\u00edm%20podpisem%20autorky.\" \/>\n<meta property=\"og:locale\" content=\"en_US\" \/>\n<meta property=\"og:type\" content=\"article\" \/>\n<meta property=\"og:title\" content=\"Slune\u010dnice - kopie ur\u010den\u00e1 pro tisk\" \/>\n<meta property=\"og:description\" content=\"Origin\u00e1l, kter\u00fd se v\u00e1m l\u00edbil u\u017e nen\u00ed k dispozici ? Nevad\u00ed. U n\u011bkter\u00fdch m\u016f\u017eeme vytvo\u0159it p\u0159esnou kopii s origin\u00e1ln\u00edm podpisem autorky.\" \/>\n<meta property=\"og:url\" content=\"https:\/\/www.aglaiadesign.shop\/en\/product\/slunecnice\/\" \/>\n<meta property=\"og:site_name\" content=\"AglaiaDesign.shop\" \/>\n<meta property=\"article:publisher\" content=\"https:\/\/www.facebook.com\/people\/AglaiaDesignshop\/61584360833340\/\" \/>\n<meta property=\"article:modified_time\" content=\"2025-11-19T11:07:46+00:00\" \/>\n<meta property=\"og:image\" content=\"https:\/\/www.aglaiadesign.shop\/wp-content\/uploads\/2025\/11\/Y8A0135-scaled.jpg\" \/>\n\t<meta property=\"og:image:width\" content=\"1798\" \/>\n\t<meta property=\"og:image:height\" content=\"2560\" \/>\n\t<meta property=\"og:image:type\" content=\"image\/jpeg\" \/>\n<meta name=\"twitter:card\" content=\"summary_large_image\" \/>\n<script type=\"application\/ld+json\" class=\"yoast-schema-graph\">{\"@context\":\"https:\\\/\\\/schema.org\",\"@graph\":[{\"@type\":\"WebPage\",\"@id\":\"https:\\\/\\\/www.aglaiadesign.shop\\\/en\\\/product\\\/slunecnice\\\/\",\"url\":\"https:\\\/\\\/www.aglaiadesign.shop\\\/en\\\/product\\\/slunecnice\\\/\",\"name\":\"Slune\u010dnice - kopie ur\u010den\u00e1 pro tisk - AglaiaDesign.shop\",\"isPartOf\":{\"@id\":\"https:\\\/\\\/www.aglaiadesign.shop\\\/#website\"},\"primaryImageOfPage\":{\"@id\":\"https:\\\/\\\/www.aglaiadesign.shop\\\/en\\\/product\\\/slunecnice\\\/#primaryimage\"},\"image\":{\"@id\":\"https:\\\/\\\/www.aglaiadesign.shop\\\/en\\\/product\\\/slunecnice\\\/#primaryimage\"},\"thumbnailUrl\":\"https:\\\/\\\/www.aglaiadesign.shop\\\/wp-content\\\/uploads\\\/2025\\\/11\\\/Y8A0135-scaled.jpg\",\"datePublished\":\"2025-11-19T09:18:54+00:00\",\"dateModified\":\"2025-11-19T11:07:46+00:00\",\"breadcrumb\":{\"@id\":\"https:\\\/\\\/www.aglaiadesign.shop\\\/en\\\/product\\\/slunecnice\\\/#breadcrumb\"},\"inLanguage\":\"en-US\",\"potentialAction\":[{\"@type\":\"ReadAction\",\"target\":[\"https:\\\/\\\/www.aglaiadesign.shop\\\/en\\\/product\\\/slunecnice\\\/\"]}]},{\"@type\":\"ImageObject\",\"inLanguage\":\"en-US\",\"@id\":\"https:\\\/\\\/www.aglaiadesign.shop\\\/en\\\/product\\\/slunecnice\\\/#primaryimage\",\"url\":\"https:\\\/\\\/www.aglaiadesign.shop\\\/wp-content\\\/uploads\\\/2025\\\/11\\\/Y8A0135-scaled.jpg\",\"contentUrl\":\"https:\\\/\\\/www.aglaiadesign.shop\\\/wp-content\\\/uploads\\\/2025\\\/11\\\/Y8A0135-scaled.jpg\",\"width\":1798,\"height\":2560},{\"@type\":\"BreadcrumbList\",\"@id\":\"https:\\\/\\\/www.aglaiadesign.shop\\\/en\\\/product\\\/slunecnice\\\/#breadcrumb\",\"itemListElement\":[{\"@type\":\"ListItem\",\"position\":1,\"name\":\"V\u00edtejte na e-shopu Aglaia Design\",\"item\":\"https:\\\/\\\/www.aglaiadesign.shop\\\/\"},{\"@type\":\"ListItem\",\"position\":2,\"name\":\"V\u00edtejte na e-shopu Aglaia Design\",\"item\":\"https:\\\/\\\/www.aglaiadesign.shop\\\/\"},{\"@type\":\"ListItem\",\"position\":3,\"name\":\"Slune\u010dnice - kopie ur\u010den\u00e1 pro tisk\"}]},{\"@type\":\"WebSite\",\"@id\":\"https:\\\/\\\/www.aglaiadesign.shop\\\/en\\\/#website\",\"url\":\"https:\\\/\\\/www.aglaiadesign.shop\\\/en\\\/\",\"name\":\"AglaiaDesign.shop\",\"description\":\"Aglaia Design e-shop, obchod s enkaustick\u00fdmi obrazy a dal\u0161\u00edmi produkty s fotoreprodukc\u00ed t\u011bchto obraz\u016f.\",\"publisher\":{\"@id\":\"https:\\\/\\\/www.aglaiadesign.shop\\\/en\\\/#organization\"},\"potentialAction\":[{\"@type\":\"SearchAction\",\"target\":{\"@type\":\"EntryPoint\",\"urlTemplate\":\"https:\\\/\\\/www.aglaiadesign.shop\\\/en\\\/?s={search_term_string}\"},\"query-input\":{\"@type\":\"PropertyValueSpecification\",\"valueRequired\":true,\"valueName\":\"search_term_string\"}}],\"inLanguage\":\"en-US\"},{\"@type\":\"Organization\",\"@id\":\"https:\\\/\\\/www.aglaiadesign.shop\\\/en\\\/#organization\",\"name\":\"AglaiaDesign.shop\",\"url\":\"https:\\\/\\\/www.aglaiadesign.shop\\\/en\\\/\",\"logo\":{\"@type\":\"ImageObject\",\"inLanguage\":\"en-US\",\"@id\":\"https:\\\/\\\/www.aglaiadesign.shop\\\/en\\\/#\\\/schema\\\/logo\\\/image\\\/\",\"url\":\"https:\\\/\\\/www.aglaiadesign.shop\\\/wp-content\\\/uploads\\\/2025\\\/11\\\/cropped-cropped-ad-logo-final.png\",\"contentUrl\":\"https:\\\/\\\/www.aglaiadesign.shop\\\/wp-content\\\/uploads\\\/2025\\\/11\\\/cropped-cropped-ad-logo-final.png\",\"width\":512,\"height\":392,\"caption\":\"AglaiaDesign.shop\"},\"image\":{\"@id\":\"https:\\\/\\\/www.aglaiadesign.shop\\\/en\\\/#\\\/schema\\\/logo\\\/image\\\/\"},\"sameAs\":[\"https:\\\/\\\/www.facebook.com\\\/people\\\/AglaiaDesignshop\\\/61584360833340\\\/\",\"https:\\\/\\\/www.instagram.com\\\/aglaiadesign.shop?igsh=NWh6eXNwbXM0Y2c4\",\"https:\\\/\\\/www.tiktok.com\\\/@aglaia.design.m.k?_r=1&_t=ZN-92fGyZrw7WQ\"]}]}<\/script>\n<!-- \/ Yoast SEO plugin. -->","yoast_head_json":{"title":"Slune\u010dnice - kopie ur\u010den\u00e1 pro tisk","description":"Origin\u00e1l, kter\u00fd se v\u00e1m l\u00edbil u\u017e nen\u00ed k dispozici ? Nevad\u00ed. U n\u011bkter\u00fdch m\u016f\u017eeme vytvo\u0159it p\u0159esnou kopii s origin\u00e1ln\u00edm podpisem autorky.","robots":{"index":"index","follow":"follow","max-snippet":"max-snippet:-1","max-image-preview":"max-image-preview:large","max-video-preview":"max-video-preview:-1"},"canonical":"Origin\u00e1l, kter\u00fd se v\u00e1m l\u00edbil u\u017e nen\u00ed k dispozici ? Nevad\u00ed. U n\u011bkter\u00fdch m\u016f\u017eeme vytvo\u0159it p\u0159esnou kopii s origin\u00e1ln\u00edm podpisem autorky.","og_locale":"en_US","og_type":"article","og_title":"Slune\u010dnice - kopie ur\u010den\u00e1 pro tisk","og_description":"Origin\u00e1l, kter\u00fd se v\u00e1m l\u00edbil u\u017e nen\u00ed k dispozici ? Nevad\u00ed. U n\u011bkter\u00fdch m\u016f\u017eeme vytvo\u0159it p\u0159esnou kopii s origin\u00e1ln\u00edm podpisem autorky.","og_url":"https:\/\/www.aglaiadesign.shop\/en\/product\/slunecnice\/","og_site_name":"AglaiaDesign.shop","article_publisher":"https:\/\/www.facebook.com\/people\/AglaiaDesignshop\/61584360833340\/","article_modified_time":"2025-11-19T11:07:46+00:00","og_image":[{"width":1798,"height":2560,"url":"https:\/\/www.aglaiadesign.shop\/wp-content\/uploads\/2025\/11\/Y8A0135-scaled.jpg","type":"image\/jpeg"}],"twitter_card":"summary_large_image","schema":{"@context":"https:\/\/schema.org","@graph":[{"@type":"WebPage","@id":"https:\/\/www.aglaiadesign.shop\/en\/product\/slunecnice\/","url":"https:\/\/www.aglaiadesign.shop\/en\/product\/slunecnice\/","name":"Slune\u010dnice - kopie ur\u010den\u00e1 pro tisk - AglaiaDesign.shop","isPartOf":{"@id":"https:\/\/www.aglaiadesign.shop\/#website"},"primaryImageOfPage":{"@id":"https:\/\/www.aglaiadesign.shop\/en\/product\/slunecnice\/#primaryimage"},"image":{"@id":"https:\/\/www.aglaiadesign.shop\/en\/product\/slunecnice\/#primaryimage"},"thumbnailUrl":"https:\/\/www.aglaiadesign.shop\/wp-content\/uploads\/2025\/11\/Y8A0135-scaled.jpg","datePublished":"2025-11-19T09:18:54+00:00","dateModified":"2025-11-19T11:07:46+00:00","breadcrumb":{"@id":"https:\/\/www.aglaiadesign.shop\/en\/product\/slunecnice\/#breadcrumb"},"inLanguage":"en-US","potentialAction":[{"@type":"ReadAction","target":["https:\/\/www.aglaiadesign.shop\/en\/product\/slunecnice\/"]}]},{"@type":"ImageObject","inLanguage":"en-US","@id":"https:\/\/www.aglaiadesign.shop\/en\/product\/slunecnice\/#primaryimage","url":"https:\/\/www.aglaiadesign.shop\/wp-content\/uploads\/2025\/11\/Y8A0135-scaled.jpg","contentUrl":"https:\/\/www.aglaiadesign.shop\/wp-content\/uploads\/2025\/11\/Y8A0135-scaled.jpg","width":1798,"height":2560},{"@type":"BreadcrumbList","@id":"https:\/\/www.aglaiadesign.shop\/en\/product\/slunecnice\/#breadcrumb","itemListElement":[{"@type":"ListItem","position":1,"name":"V\u00edtejte na e-shopu Aglaia Design","item":"https:\/\/www.aglaiadesign.shop\/"},{"@type":"ListItem","position":2,"name":"V\u00edtejte na e-shopu Aglaia Design","item":"https:\/\/www.aglaiadesign.shop\/"},{"@type":"ListItem","position":3,"name":"Slune\u010dnice - kopie ur\u010den\u00e1 pro tisk"}]},{"@type":"WebSite","@id":"https:\/\/www.aglaiadesign.shop\/en\/#website","url":"https:\/\/www.aglaiadesign.shop\/en\/","name":"AglaiaDesign.shop","description":"Aglaia Design e-shop, obchod s enkaustick\u00fdmi obrazy a dal\u0161\u00edmi produkty s fotoreprodukc\u00ed t\u011bchto obraz\u016f.","publisher":{"@id":"https:\/\/www.aglaiadesign.shop\/en\/#organization"},"potentialAction":[{"@type":"SearchAction","target":{"@type":"EntryPoint","urlTemplate":"https:\/\/www.aglaiadesign.shop\/en\/?s={search_term_string}"},"query-input":{"@type":"PropertyValueSpecification","valueRequired":true,"valueName":"search_term_string"}}],"inLanguage":"en-US"},{"@type":"Organization","@id":"https:\/\/www.aglaiadesign.shop\/en\/#organization","name":"AglaiaDesign.shop","url":"https:\/\/www.aglaiadesign.shop\/en\/","logo":{"@type":"ImageObject","inLanguage":"en-US","@id":"https:\/\/www.aglaiadesign.shop\/en\/#\/schema\/logo\/image\/","url":"https:\/\/www.aglaiadesign.shop\/wp-content\/uploads\/2025\/11\/cropped-cropped-ad-logo-final.png","contentUrl":"https:\/\/www.aglaiadesign.shop\/wp-content\/uploads\/2025\/11\/cropped-cropped-ad-logo-final.png","width":512,"height":392,"caption":"AglaiaDesign.shop"},"image":{"@id":"https:\/\/www.aglaiadesign.shop\/en\/#\/schema\/logo\/image\/"},"sameAs":["https:\/\/www.facebook.com\/people\/AglaiaDesignshop\/61584360833340\/","https:\/\/www.instagram.com\/aglaiadesign.shop?igsh=NWh6eXNwbXM0Y2c4","https:\/\/www.tiktok.com\/@aglaia.design.m.k?_r=1&_t=ZN-92fGyZrw7WQ"]}]}},"jetpack_sharing_enabled":true,"_links":{"self":[{"href":"https:\/\/www.aglaiadesign.shop\/en\/wp-json\/wp\/v2\/product\/688","targetHints":{"allow":["GET"]}}],"collection":[{"href":"https:\/\/www.aglaiadesign.shop\/en\/wp-json\/wp\/v2\/product"}],"about":[{"href":"https:\/\/www.aglaiadesign.shop\/en\/wp-json\/wp\/v2\/types\/product"}],"replies":[{"embeddable":true,"href":"https:\/\/www.aglaiadesign.shop\/en\/wp-json\/wp\/v2\/comments?post=688"}],"wp:featuredmedia":[{"embeddable":true,"href":"https:\/\/www.aglaiadesign.shop\/en\/wp-json\/wp\/v2\/media\/621"}],"wp:attachment":[{"href":"https:\/\/www.aglaiadesign.shop\/en\/wp-json\/wp\/v2\/media?parent=688"}],"wp:term":[{"taxonomy":"product_brand","embeddable":true,"href":"https:\/\/www.aglaiadesign.shop\/en\/wp-json\/wp\/v2\/product_brand?post=688"},{"taxonomy":"product_cat","embeddable":true,"href":"https:\/\/www.aglaiadesign.shop\/en\/wp-json\/wp\/v2\/product_cat?post=688"},{"taxonomy":"product_tag","embeddable":true,"href":"https:\/\/www.aglaiadesign.shop\/en\/wp-json\/wp\/v2\/product_tag?post=688"}],"curies":[{"name":"wp","href":"https:\/\/api.w.org\/{rel}","templated":true}]}}