{"id":68,"date":"2025-11-10T10:14:44","date_gmt":"2025-11-10T09:14:44","guid":{"rendered":"https:\/\/beta.aglaiadesign.shop\/?post_type=product&#038;p=68"},"modified":"2025-11-16T16:37:23","modified_gmt":"2025-11-16T15:37:23","slug":"stribrny-hrnek-monarchie","status":"publish","type":"product","link":"https:\/\/www.aglaiadesign.shop\/en\/product\/stribrny-hrnek-monarchie\/","title":{"rendered":"Keramick\u00fd hrnek st\u0159\u00edbrn\u00fd - Monarchie"},"content":{"rendered":"<p>Milovat kon\u011b lze i bez vlastnictv\u00ed &#8211; takov\u00fd je p\u0159\u00edb\u011bh motivu Monarchie. Inspirov\u00e1n osobn\u00ed zku\u0161enost\u00ed autorky s kon\u011bm jm\u00e9nem Monarchie, obraz podporuje vizi a odvahu sn\u00edt. P\u0159ipom\u00edn\u00e1, \u017ee sen n\u00e1s m\u016f\u017ee dov\u00e9st d\u00e1l, ne\u017e jsme si kdy dok\u00e1zali p\u0159edstavit. Dop\u0159ejte si motiv, kter\u00fd v\u00e1s bude v\u00e9st k va\u0161im c\u00edl\u016fm a sn\u016fm.<\/p>\n<p>Hrnek keramick\u00fd st\u0159\u00edb\u0159en\u00fd<\/p>\n<p>Hrnek m\u00e1 standartn\u00ed velikost 300ml \/ 11oz Coating Orca<\/p>\n<ul>\n<li>keramick\u00fd glazovan\u00fd hrnek<\/li>\n<li>Barva: st\u0159\u00edbrn\u00e1 + potisk<\/li>\n<li>Objem: 330 ml<\/li>\n<li>Velikost: O 8,2 x V 9,5 cm<\/li>\n<li>Pro zachov\u00e1n\u00ed potisku doporu\u010duji ru\u010dn\u00ed myt\u00ed.<\/li>\n<\/ul>\n<p>Dodac\u00ed lh\u016fta z\u00e1vis\u00ed na v\u00fdrob\u011b objednan\u00e9ho produktu. Nejpozd\u011bji v\u0161ak do 30 dn\u016f od zaplacen\u00ed objedn\u00e1vky.<\/p>\n<p>Pracujeme na focen\u00ed dal\u0161\u00edch hrnk\u016f. Motiv\u016f bude 14.\u00a0 M\u016f\u017eete si je prohl\u00e9dnout na termo hrnk\u00e1ch a termosk\u00e1ch. M\u011bjte pros\u00edm trp\u011blivost. E-shop se st\u00e1le vyv\u00edj\u00ed. Pokud by jste cht\u011bli hrnek st\u0159\u00edbrn\u00fd v jin\u00e9m motivu, napi\u0161te n\u00e1m. R\u00e1di v\u00e1m ho p\u0159iprav\u00edme.<\/p>\n<p>Barvy na hrnku se od motivu li\u0161\u00ed. P\u0159\u00ed\u010dinou je st\u0159\u00edbrn\u00fd podklad.<\/p>\n<p>&nbsp;<\/p>\n","protected":false},"excerpt":{"rendered":"<p>Motiv Monarchie podporuje <strong>sny a osobn\u00ed vizi.<\/strong> P\u0159ipom\u00edn\u00e1 s\u00edlu touhy a odvahy j\u00edt vlastn\u00ed cestou.<\/p>\n","protected":false},"featured_media":69,"comment_status":"open","ping_status":"closed","template":"","meta":[],"product_brand":[20],"product_cat":[17],"product_tag":[],"class_list":{"0":"post-68","1":"product","2":"type-product","3":"status-publish","4":"has-post-thumbnail","6":"product_brand-aglaia-design","7":"product_cat-stribrne-hrnky","9":"first","10":"instock","11":"shipping-taxable","12":"purchasable","13":"product-type-simple"},"yoast_head":"<!-- This site is optimized with the Yoast SEO plugin v27.4 - https:\/\/yoast.com\/product\/yoast-seo-wordpress\/ -->\n<title>Keramick\u00fd hrnek st\u0159\u00edbrn\u00fd - Monarchie<\/title>\n<meta name=\"description\" content=\"Motiv Monarchie podporuje sny a osobn\u00ed vizi. P\u0159ipom\u00edn\u00e1 s\u00edlu touhy a odvahy j\u00edt vlastn\u00ed cestou.\" \/>\n<meta name=\"robots\" content=\"index, follow, max-snippet:-1, max-image-preview:large, max-video-preview:-1\" \/>\n<link rel=\"canonical\" href=\"http:\/\/Motiv%20Monarchie%20podporuje%20sny%20a%20osobn\u00ed%20vizi.%20P\u0159ipom\u00edn\u00e1%20s\u00edlu%20touhy%20a%20odvahy%20j\u00edt%20vlastn\u00ed%20cestou.\" \/>\n<meta property=\"og:locale\" content=\"en_US\" \/>\n<meta property=\"og:type\" content=\"article\" \/>\n<meta property=\"og:title\" content=\"Keramick\u00fd hrnek st\u0159\u00edbrn\u00fd - Monarchie\" \/>\n<meta property=\"og:description\" content=\"Motiv Monarchie podporuje sny a osobn\u00ed vizi. P\u0159ipom\u00edn\u00e1 s\u00edlu touhy a odvahy j\u00edt vlastn\u00ed cestou.\" \/>\n<meta property=\"og:url\" content=\"https:\/\/www.aglaiadesign.shop\/en\/product\/stribrny-hrnek-monarchie\/\" \/>\n<meta property=\"og:site_name\" content=\"AglaiaDesign.shop\" \/>\n<meta property=\"article:publisher\" content=\"https:\/\/www.facebook.com\/people\/AglaiaDesignshop\/61584360833340\/\" \/>\n<meta property=\"article:modified_time\" content=\"2025-11-16T15:37:23+00:00\" \/>\n<meta property=\"og:image\" content=\"https:\/\/www.aglaiadesign.shop\/wp-content\/uploads\/2025\/11\/Stribrny-hrnek-Monarchie.png\" \/>\n\t<meta property=\"og:image:width\" content=\"945\" \/>\n\t<meta property=\"og:image:height\" content=\"945\" \/>\n\t<meta property=\"og:image:type\" content=\"image\/png\" \/>\n<meta name=\"twitter:card\" content=\"summary_large_image\" \/>\n<meta name=\"twitter:label1\" content=\"Est. reading time\" \/>\n\t<meta name=\"twitter:data1\" content=\"1 minute\" \/>\n<script type=\"application\/ld+json\" class=\"yoast-schema-graph\">{\"@context\":\"https:\\\/\\\/schema.org\",\"@graph\":[{\"@type\":\"WebPage\",\"@id\":\"https:\\\/\\\/www.aglaiadesign.shop\\\/en\\\/product\\\/stribrny-hrnek-monarchie\\\/\",\"url\":\"https:\\\/\\\/www.aglaiadesign.shop\\\/en\\\/product\\\/stribrny-hrnek-monarchie\\\/\",\"name\":\"Keramick\u00fd hrnek st\u0159\u00edbrn\u00fd - Monarchie - AglaiaDesign.shop\",\"isPartOf\":{\"@id\":\"https:\\\/\\\/www.aglaiadesign.shop\\\/#website\"},\"primaryImageOfPage\":{\"@id\":\"https:\\\/\\\/www.aglaiadesign.shop\\\/en\\\/product\\\/stribrny-hrnek-monarchie\\\/#primaryimage\"},\"image\":{\"@id\":\"https:\\\/\\\/www.aglaiadesign.shop\\\/en\\\/product\\\/stribrny-hrnek-monarchie\\\/#primaryimage\"},\"thumbnailUrl\":\"https:\\\/\\\/www.aglaiadesign.shop\\\/wp-content\\\/uploads\\\/2025\\\/11\\\/Stribrny-hrnek-Monarchie.png\",\"datePublished\":\"2025-11-10T09:14:44+00:00\",\"dateModified\":\"2025-11-16T15:37:23+00:00\",\"breadcrumb\":{\"@id\":\"https:\\\/\\\/www.aglaiadesign.shop\\\/en\\\/product\\\/stribrny-hrnek-monarchie\\\/#breadcrumb\"},\"inLanguage\":\"en-US\",\"potentialAction\":[{\"@type\":\"ReadAction\",\"target\":[\"https:\\\/\\\/www.aglaiadesign.shop\\\/en\\\/product\\\/stribrny-hrnek-monarchie\\\/\"]}]},{\"@type\":\"ImageObject\",\"inLanguage\":\"en-US\",\"@id\":\"https:\\\/\\\/www.aglaiadesign.shop\\\/en\\\/product\\\/stribrny-hrnek-monarchie\\\/#primaryimage\",\"url\":\"https:\\\/\\\/www.aglaiadesign.shop\\\/wp-content\\\/uploads\\\/2025\\\/11\\\/Stribrny-hrnek-Monarchie.png\",\"contentUrl\":\"https:\\\/\\\/www.aglaiadesign.shop\\\/wp-content\\\/uploads\\\/2025\\\/11\\\/Stribrny-hrnek-Monarchie.png\",\"width\":945,\"height\":945},{\"@type\":\"BreadcrumbList\",\"@id\":\"https:\\\/\\\/www.aglaiadesign.shop\\\/en\\\/product\\\/stribrny-hrnek-monarchie\\\/#breadcrumb\",\"itemListElement\":[{\"@type\":\"ListItem\",\"position\":1,\"name\":\"V\u00edtejte na e-shopu Aglaia Design\",\"item\":\"https:\\\/\\\/www.aglaiadesign.shop\\\/\"},{\"@type\":\"ListItem\",\"position\":2,\"name\":\"V\u00edtejte na e-shopu Aglaia Design\",\"item\":\"https:\\\/\\\/www.aglaiadesign.shop\\\/\"},{\"@type\":\"ListItem\",\"position\":3,\"name\":\"Keramick\u00fd hrnek st\u0159\u00edbrn\u00fd - Monarchie\"}]},{\"@type\":\"WebSite\",\"@id\":\"https:\\\/\\\/www.aglaiadesign.shop\\\/en\\\/#website\",\"url\":\"https:\\\/\\\/www.aglaiadesign.shop\\\/en\\\/\",\"name\":\"AglaiaDesign.shop\",\"description\":\"Aglaia Design e-shop, obchod s enkaustick\u00fdmi obrazy a dal\u0161\u00edmi produkty s fotoreprodukc\u00ed t\u011bchto obraz\u016f.\",\"publisher\":{\"@id\":\"https:\\\/\\\/www.aglaiadesign.shop\\\/en\\\/#organization\"},\"potentialAction\":[{\"@type\":\"SearchAction\",\"target\":{\"@type\":\"EntryPoint\",\"urlTemplate\":\"https:\\\/\\\/www.aglaiadesign.shop\\\/en\\\/?s={search_term_string}\"},\"query-input\":{\"@type\":\"PropertyValueSpecification\",\"valueRequired\":true,\"valueName\":\"search_term_string\"}}],\"inLanguage\":\"en-US\"},{\"@type\":\"Organization\",\"@id\":\"https:\\\/\\\/www.aglaiadesign.shop\\\/en\\\/#organization\",\"name\":\"AglaiaDesign.shop\",\"url\":\"https:\\\/\\\/www.aglaiadesign.shop\\\/en\\\/\",\"logo\":{\"@type\":\"ImageObject\",\"inLanguage\":\"en-US\",\"@id\":\"https:\\\/\\\/www.aglaiadesign.shop\\\/en\\\/#\\\/schema\\\/logo\\\/image\\\/\",\"url\":\"https:\\\/\\\/www.aglaiadesign.shop\\\/wp-content\\\/uploads\\\/2025\\\/11\\\/cropped-cropped-ad-logo-final.png\",\"contentUrl\":\"https:\\\/\\\/www.aglaiadesign.shop\\\/wp-content\\\/uploads\\\/2025\\\/11\\\/cropped-cropped-ad-logo-final.png\",\"width\":512,\"height\":392,\"caption\":\"AglaiaDesign.shop\"},\"image\":{\"@id\":\"https:\\\/\\\/www.aglaiadesign.shop\\\/en\\\/#\\\/schema\\\/logo\\\/image\\\/\"},\"sameAs\":[\"https:\\\/\\\/www.facebook.com\\\/people\\\/AglaiaDesignshop\\\/61584360833340\\\/\",\"https:\\\/\\\/www.instagram.com\\\/aglaiadesign.shop?igsh=NWh6eXNwbXM0Y2c4\",\"https:\\\/\\\/www.tiktok.com\\\/@aglaia.design.m.k?_r=1&_t=ZN-92fGyZrw7WQ\"]}]}<\/script>\n<!-- \/ Yoast SEO plugin. -->","yoast_head_json":{"title":"Keramick\u00fd hrnek st\u0159\u00edbrn\u00fd - Monarchie","description":"Motiv Monarchie podporuje sny a osobn\u00ed vizi. P\u0159ipom\u00edn\u00e1 s\u00edlu touhy a odvahy j\u00edt vlastn\u00ed cestou.","robots":{"index":"index","follow":"follow","max-snippet":"max-snippet:-1","max-image-preview":"max-image-preview:large","max-video-preview":"max-video-preview:-1"},"canonical":"Motiv Monarchie podporuje sny a osobn\u00ed vizi. P\u0159ipom\u00edn\u00e1 s\u00edlu touhy a odvahy j\u00edt vlastn\u00ed cestou.","og_locale":"en_US","og_type":"article","og_title":"Keramick\u00fd hrnek st\u0159\u00edbrn\u00fd - Monarchie","og_description":"Motiv Monarchie podporuje sny a osobn\u00ed vizi. P\u0159ipom\u00edn\u00e1 s\u00edlu touhy a odvahy j\u00edt vlastn\u00ed cestou.","og_url":"https:\/\/www.aglaiadesign.shop\/en\/product\/stribrny-hrnek-monarchie\/","og_site_name":"AglaiaDesign.shop","article_publisher":"https:\/\/www.facebook.com\/people\/AglaiaDesignshop\/61584360833340\/","article_modified_time":"2025-11-16T15:37:23+00:00","og_image":[{"width":945,"height":945,"url":"https:\/\/www.aglaiadesign.shop\/wp-content\/uploads\/2025\/11\/Stribrny-hrnek-Monarchie.png","type":"image\/png"}],"twitter_card":"summary_large_image","twitter_misc":{"Est. reading time":"1 minute"},"schema":{"@context":"https:\/\/schema.org","@graph":[{"@type":"WebPage","@id":"https:\/\/www.aglaiadesign.shop\/en\/product\/stribrny-hrnek-monarchie\/","url":"https:\/\/www.aglaiadesign.shop\/en\/product\/stribrny-hrnek-monarchie\/","name":"Keramick\u00fd hrnek st\u0159\u00edbrn\u00fd - Monarchie - AglaiaDesign.shop","isPartOf":{"@id":"https:\/\/www.aglaiadesign.shop\/#website"},"primaryImageOfPage":{"@id":"https:\/\/www.aglaiadesign.shop\/en\/product\/stribrny-hrnek-monarchie\/#primaryimage"},"image":{"@id":"https:\/\/www.aglaiadesign.shop\/en\/product\/stribrny-hrnek-monarchie\/#primaryimage"},"thumbnailUrl":"https:\/\/www.aglaiadesign.shop\/wp-content\/uploads\/2025\/11\/Stribrny-hrnek-Monarchie.png","datePublished":"2025-11-10T09:14:44+00:00","dateModified":"2025-11-16T15:37:23+00:00","breadcrumb":{"@id":"https:\/\/www.aglaiadesign.shop\/en\/product\/stribrny-hrnek-monarchie\/#breadcrumb"},"inLanguage":"en-US","potentialAction":[{"@type":"ReadAction","target":["https:\/\/www.aglaiadesign.shop\/en\/product\/stribrny-hrnek-monarchie\/"]}]},{"@type":"ImageObject","inLanguage":"en-US","@id":"https:\/\/www.aglaiadesign.shop\/en\/product\/stribrny-hrnek-monarchie\/#primaryimage","url":"https:\/\/www.aglaiadesign.shop\/wp-content\/uploads\/2025\/11\/Stribrny-hrnek-Monarchie.png","contentUrl":"https:\/\/www.aglaiadesign.shop\/wp-content\/uploads\/2025\/11\/Stribrny-hrnek-Monarchie.png","width":945,"height":945},{"@type":"BreadcrumbList","@id":"https:\/\/www.aglaiadesign.shop\/en\/product\/stribrny-hrnek-monarchie\/#breadcrumb","itemListElement":[{"@type":"ListItem","position":1,"name":"V\u00edtejte na e-shopu Aglaia Design","item":"https:\/\/www.aglaiadesign.shop\/"},{"@type":"ListItem","position":2,"name":"V\u00edtejte na e-shopu Aglaia Design","item":"https:\/\/www.aglaiadesign.shop\/"},{"@type":"ListItem","position":3,"name":"Keramick\u00fd hrnek st\u0159\u00edbrn\u00fd - Monarchie"}]},{"@type":"WebSite","@id":"https:\/\/www.aglaiadesign.shop\/en\/#website","url":"https:\/\/www.aglaiadesign.shop\/en\/","name":"AglaiaDesign.shop","description":"Aglaia Design e-shop, obchod s enkaustick\u00fdmi obrazy a dal\u0161\u00edmi produkty s fotoreprodukc\u00ed t\u011bchto obraz\u016f.","publisher":{"@id":"https:\/\/www.aglaiadesign.shop\/en\/#organization"},"potentialAction":[{"@type":"SearchAction","target":{"@type":"EntryPoint","urlTemplate":"https:\/\/www.aglaiadesign.shop\/en\/?s={search_term_string}"},"query-input":{"@type":"PropertyValueSpecification","valueRequired":true,"valueName":"search_term_string"}}],"inLanguage":"en-US"},{"@type":"Organization","@id":"https:\/\/www.aglaiadesign.shop\/en\/#organization","name":"AglaiaDesign.shop","url":"https:\/\/www.aglaiadesign.shop\/en\/","logo":{"@type":"ImageObject","inLanguage":"en-US","@id":"https:\/\/www.aglaiadesign.shop\/en\/#\/schema\/logo\/image\/","url":"https:\/\/www.aglaiadesign.shop\/wp-content\/uploads\/2025\/11\/cropped-cropped-ad-logo-final.png","contentUrl":"https:\/\/www.aglaiadesign.shop\/wp-content\/uploads\/2025\/11\/cropped-cropped-ad-logo-final.png","width":512,"height":392,"caption":"AglaiaDesign.shop"},"image":{"@id":"https:\/\/www.aglaiadesign.shop\/en\/#\/schema\/logo\/image\/"},"sameAs":["https:\/\/www.facebook.com\/people\/AglaiaDesignshop\/61584360833340\/","https:\/\/www.instagram.com\/aglaiadesign.shop?igsh=NWh6eXNwbXM0Y2c4","https:\/\/www.tiktok.com\/@aglaia.design.m.k?_r=1&_t=ZN-92fGyZrw7WQ"]}]}},"jetpack_sharing_enabled":true,"_links":{"self":[{"href":"https:\/\/www.aglaiadesign.shop\/en\/wp-json\/wp\/v2\/product\/68","targetHints":{"allow":["GET"]}}],"collection":[{"href":"https:\/\/www.aglaiadesign.shop\/en\/wp-json\/wp\/v2\/product"}],"about":[{"href":"https:\/\/www.aglaiadesign.shop\/en\/wp-json\/wp\/v2\/types\/product"}],"replies":[{"embeddable":true,"href":"https:\/\/www.aglaiadesign.shop\/en\/wp-json\/wp\/v2\/comments?post=68"}],"wp:featuredmedia":[{"embeddable":true,"href":"https:\/\/www.aglaiadesign.shop\/en\/wp-json\/wp\/v2\/media\/69"}],"wp:attachment":[{"href":"https:\/\/www.aglaiadesign.shop\/en\/wp-json\/wp\/v2\/media?parent=68"}],"wp:term":[{"taxonomy":"product_brand","embeddable":true,"href":"https:\/\/www.aglaiadesign.shop\/en\/wp-json\/wp\/v2\/product_brand?post=68"},{"taxonomy":"product_cat","embeddable":true,"href":"https:\/\/www.aglaiadesign.shop\/en\/wp-json\/wp\/v2\/product_cat?post=68"},{"taxonomy":"product_tag","embeddable":true,"href":"https:\/\/www.aglaiadesign.shop\/en\/wp-json\/wp\/v2\/product_tag?post=68"}],"curies":[{"name":"wp","href":"https:\/\/api.w.org\/{rel}","templated":true}]}}