{"id":569,"date":"2025-11-18T13:10:10","date_gmt":"2025-11-18T12:10:10","guid":{"rendered":"https:\/\/beta.aglaiadesign.shop\/?post_type=product&#038;p=569"},"modified":"2025-11-18T13:18:26","modified_gmt":"2025-11-18T12:18:26","slug":"tapety-z-motivu-aglaia-design","status":"publish","type":"product","link":"https:\/\/www.aglaiadesign.shop\/en\/product\/tapety-z-motivu-aglaia-design\/","title":{"rendered":"Tapety z motiv\u016f Aglaia Design"},"content":{"rendered":"<p>Tapety do interi\u00e9ru s na\u0161\u00edm motivem.<\/p>\n<p>M\u00e1me pro v\u00e1s mnoho mo\u017enost\u00ed. Jedna cesta je motiv z galerie Aglaia Design. V t\u00e9to variant\u011b se ceny pohybuj\u00ed od 3500k\u010d za m2 poti\u0161t\u011bn\u00e9 tapety. (M\u016f\u017eeme zajistit i celou realizaci.)<\/p>\n<p>Druh\u00e1 mo\u017enost je &#8211; malba obrazu na m\u00edru, kter\u00fd p\u0159eneseme na tapetu \u010di f\u00f3lii. U t\u00e9to varianty plat\u00edte tapetu + obraz.<\/p>\n<p>Mo\u017enosti jsou obrovsk\u00e9. M\u00e1me r\u016fzn\u00e9 druhy vliesov\u00fdch tapet. Struktury \u0161tuku, sat\u00e9nov\u00e9 povrchy, mat i lesk. Mo\u017enosti jsou i tapety se sklokeramick\u00fdm vl\u00e1knem, kter\u00e9 se p\u0159et\u0159ou speci\u00e1ln\u00edm lakem a m\u016f\u017eete je m\u00edt i v koupeln\u011b.<\/p>\n<p>Nab\u00eddka je zak\u00e1zkov\u00e9ho charakteru a proto n\u00e1s nev\u00e1hejte oslovit. V\u0161e d\u016fkladn\u011b prodiskutujeme a vytvo\u0159\u00edme individu\u00e1ln\u00ed cenovou nab\u00eddku, v\u00e1m p\u0159esn\u011b na m\u00edru.<\/p>\n<p>t\u011b\u0161\u00edme se na spolupr\u00e1ci a nov\u00e9 realizace.<\/p>\n","protected":false},"excerpt":{"rendered":"<p>Rozjasn\u011bte prostor ve kter\u00e9m se pohybujete. Barvy a tvary jsou jako potrava pro du\u0161evn\u00ed balanc. Vyberte si va\u0161i barevnou rovnov\u00e1hu. A\u0165 u\u017e doma nebo ve va\u0161\u00ed firm\u011b.<\/p>\n","protected":false},"featured_media":570,"comment_status":"open","ping_status":"closed","template":"","meta":[],"product_brand":[20],"product_cat":[30],"product_tag":[],"class_list":{"0":"post-569","1":"product","2":"type-product","3":"status-publish","4":"has-post-thumbnail","6":"product_brand-aglaia-design","7":"product_cat-tapety-a-folie","9":"first","10":"instock","11":"shipping-taxable","12":"purchasable","13":"product-type-simple"},"yoast_head":"<!-- This site is optimized with the Yoast SEO plugin v27.4 - https:\/\/yoast.com\/product\/yoast-seo-wordpress\/ -->\n<title>Tapety z motiv\u016f Aglaia Design<\/title>\n<meta name=\"description\" content=\"Rozjasn\u011bte prostor ve kter\u00e9m se pohybujete. Barvy a tvary jsou jako potrava pro du\u0161evn\u00ed balanc. Vyberte si va\u0161i barevnou rovnov\u00e1hu. A\u0165 u\u017e doma nebo ve va\u0161\u00ed firm\u011b.\" \/>\n<meta name=\"robots\" content=\"index, follow, max-snippet:-1, max-image-preview:large, max-video-preview:-1\" \/>\n<link rel=\"canonical\" href=\"http:\/\/Rozjasn\u011bte%20prostor%20ve%20kter\u00e9m%20se%20pohybujete.%20Barvy%20a%20tvary%20jsou%20jako%20potrava%20pro%20du\u0161evn\u00ed%20balanc.%20Vyberte%20si%20va\u0161i%20barevnou%20rovnov\u00e1hu.%20A\u0165%20u\u017e%20doma%20nebo%20ve%20va\u0161\u00ed%20firm\u011b.\" \/>\n<meta property=\"og:locale\" content=\"en_US\" \/>\n<meta property=\"og:type\" content=\"article\" \/>\n<meta property=\"og:title\" content=\"Tapety z motiv\u016f Aglaia Design\" \/>\n<meta property=\"og:description\" content=\"Rozjasn\u011bte prostor ve kter\u00e9m se pohybujete. Barvy a tvary jsou jako potrava pro du\u0161evn\u00ed balanc. Vyberte si va\u0161i barevnou rovnov\u00e1hu. A\u0165 u\u017e doma nebo ve va\u0161\u00ed firm\u011b.\" \/>\n<meta property=\"og:url\" content=\"https:\/\/www.aglaiadesign.shop\/en\/product\/tapety-z-motivu-aglaia-design\/\" \/>\n<meta property=\"og:site_name\" content=\"AglaiaDesign.shop\" \/>\n<meta property=\"article:publisher\" content=\"https:\/\/www.facebook.com\/people\/AglaiaDesignshop\/61584360833340\/\" \/>\n<meta property=\"article:modified_time\" content=\"2025-11-18T12:18:26+00:00\" \/>\n<meta property=\"og:image\" content=\"https:\/\/www.aglaiadesign.shop\/wp-content\/uploads\/2025\/11\/464738775_122138895776343670_8387165702856472649_n.jpg\" \/>\n\t<meta property=\"og:image:width\" content=\"1536\" \/>\n\t<meta property=\"og:image:height\" content=\"2048\" \/>\n\t<meta property=\"og:image:type\" content=\"image\/jpeg\" \/>\n<meta name=\"twitter:card\" content=\"summary_large_image\" \/>\n<meta name=\"twitter:label1\" content=\"Est. reading time\" \/>\n\t<meta name=\"twitter:data1\" content=\"1 minute\" \/>\n<script type=\"application\/ld+json\" class=\"yoast-schema-graph\">{\"@context\":\"https:\\\/\\\/schema.org\",\"@graph\":[{\"@type\":\"WebPage\",\"@id\":\"https:\\\/\\\/www.aglaiadesign.shop\\\/en\\\/product\\\/tapety-z-motivu-aglaia-design\\\/\",\"url\":\"https:\\\/\\\/www.aglaiadesign.shop\\\/en\\\/product\\\/tapety-z-motivu-aglaia-design\\\/\",\"name\":\"Tapety z motiv\u016f Aglaia Design - AglaiaDesign.shop\",\"isPartOf\":{\"@id\":\"https:\\\/\\\/www.aglaiadesign.shop\\\/#website\"},\"primaryImageOfPage\":{\"@id\":\"https:\\\/\\\/www.aglaiadesign.shop\\\/en\\\/product\\\/tapety-z-motivu-aglaia-design\\\/#primaryimage\"},\"image\":{\"@id\":\"https:\\\/\\\/www.aglaiadesign.shop\\\/en\\\/product\\\/tapety-z-motivu-aglaia-design\\\/#primaryimage\"},\"thumbnailUrl\":\"https:\\\/\\\/www.aglaiadesign.shop\\\/wp-content\\\/uploads\\\/2025\\\/11\\\/464738775_122138895776343670_8387165702856472649_n.jpg\",\"datePublished\":\"2025-11-18T12:10:10+00:00\",\"dateModified\":\"2025-11-18T12:18:26+00:00\",\"breadcrumb\":{\"@id\":\"https:\\\/\\\/www.aglaiadesign.shop\\\/en\\\/product\\\/tapety-z-motivu-aglaia-design\\\/#breadcrumb\"},\"inLanguage\":\"en-US\",\"potentialAction\":[{\"@type\":\"ReadAction\",\"target\":[\"https:\\\/\\\/www.aglaiadesign.shop\\\/en\\\/product\\\/tapety-z-motivu-aglaia-design\\\/\"]}]},{\"@type\":\"ImageObject\",\"inLanguage\":\"en-US\",\"@id\":\"https:\\\/\\\/www.aglaiadesign.shop\\\/en\\\/product\\\/tapety-z-motivu-aglaia-design\\\/#primaryimage\",\"url\":\"https:\\\/\\\/www.aglaiadesign.shop\\\/wp-content\\\/uploads\\\/2025\\\/11\\\/464738775_122138895776343670_8387165702856472649_n.jpg\",\"contentUrl\":\"https:\\\/\\\/www.aglaiadesign.shop\\\/wp-content\\\/uploads\\\/2025\\\/11\\\/464738775_122138895776343670_8387165702856472649_n.jpg\",\"width\":1536,\"height\":2048},{\"@type\":\"BreadcrumbList\",\"@id\":\"https:\\\/\\\/www.aglaiadesign.shop\\\/en\\\/product\\\/tapety-z-motivu-aglaia-design\\\/#breadcrumb\",\"itemListElement\":[{\"@type\":\"ListItem\",\"position\":1,\"name\":\"V\u00edtejte na e-shopu Aglaia Design\",\"item\":\"https:\\\/\\\/www.aglaiadesign.shop\\\/\"},{\"@type\":\"ListItem\",\"position\":2,\"name\":\"V\u00edtejte na e-shopu Aglaia Design\",\"item\":\"https:\\\/\\\/www.aglaiadesign.shop\\\/\"},{\"@type\":\"ListItem\",\"position\":3,\"name\":\"Tapety z motiv\u016f Aglaia Design\"}]},{\"@type\":\"WebSite\",\"@id\":\"https:\\\/\\\/www.aglaiadesign.shop\\\/en\\\/#website\",\"url\":\"https:\\\/\\\/www.aglaiadesign.shop\\\/en\\\/\",\"name\":\"AglaiaDesign.shop\",\"description\":\"Aglaia Design e-shop, obchod s enkaustick\u00fdmi obrazy a dal\u0161\u00edmi produkty s fotoreprodukc\u00ed t\u011bchto obraz\u016f.\",\"publisher\":{\"@id\":\"https:\\\/\\\/www.aglaiadesign.shop\\\/en\\\/#organization\"},\"potentialAction\":[{\"@type\":\"SearchAction\",\"target\":{\"@type\":\"EntryPoint\",\"urlTemplate\":\"https:\\\/\\\/www.aglaiadesign.shop\\\/en\\\/?s={search_term_string}\"},\"query-input\":{\"@type\":\"PropertyValueSpecification\",\"valueRequired\":true,\"valueName\":\"search_term_string\"}}],\"inLanguage\":\"en-US\"},{\"@type\":\"Organization\",\"@id\":\"https:\\\/\\\/www.aglaiadesign.shop\\\/en\\\/#organization\",\"name\":\"AglaiaDesign.shop\",\"url\":\"https:\\\/\\\/www.aglaiadesign.shop\\\/en\\\/\",\"logo\":{\"@type\":\"ImageObject\",\"inLanguage\":\"en-US\",\"@id\":\"https:\\\/\\\/www.aglaiadesign.shop\\\/en\\\/#\\\/schema\\\/logo\\\/image\\\/\",\"url\":\"https:\\\/\\\/www.aglaiadesign.shop\\\/wp-content\\\/uploads\\\/2025\\\/11\\\/cropped-cropped-ad-logo-final.png\",\"contentUrl\":\"https:\\\/\\\/www.aglaiadesign.shop\\\/wp-content\\\/uploads\\\/2025\\\/11\\\/cropped-cropped-ad-logo-final.png\",\"width\":512,\"height\":392,\"caption\":\"AglaiaDesign.shop\"},\"image\":{\"@id\":\"https:\\\/\\\/www.aglaiadesign.shop\\\/en\\\/#\\\/schema\\\/logo\\\/image\\\/\"},\"sameAs\":[\"https:\\\/\\\/www.facebook.com\\\/people\\\/AglaiaDesignshop\\\/61584360833340\\\/\",\"https:\\\/\\\/www.instagram.com\\\/aglaiadesign.shop?igsh=NWh6eXNwbXM0Y2c4\",\"https:\\\/\\\/www.tiktok.com\\\/@aglaia.design.m.k?_r=1&_t=ZN-92fGyZrw7WQ\"]}]}<\/script>\n<!-- \/ Yoast SEO plugin. -->","yoast_head_json":{"title":"Tapety z motiv\u016f Aglaia Design","description":"Rozjasn\u011bte prostor ve kter\u00e9m se pohybujete. Barvy a tvary jsou jako potrava pro du\u0161evn\u00ed balanc. Vyberte si va\u0161i barevnou rovnov\u00e1hu. A\u0165 u\u017e doma nebo ve va\u0161\u00ed firm\u011b.","robots":{"index":"index","follow":"follow","max-snippet":"max-snippet:-1","max-image-preview":"max-image-preview:large","max-video-preview":"max-video-preview:-1"},"canonical":"Rozjasn\u011bte prostor ve kter\u00e9m se pohybujete. Barvy a tvary jsou jako potrava pro du\u0161evn\u00ed balanc. Vyberte si va\u0161i barevnou rovnov\u00e1hu. A\u0165 u\u017e doma nebo ve va\u0161\u00ed firm\u011b.","og_locale":"en_US","og_type":"article","og_title":"Tapety z motiv\u016f Aglaia Design","og_description":"Rozjasn\u011bte prostor ve kter\u00e9m se pohybujete. Barvy a tvary jsou jako potrava pro du\u0161evn\u00ed balanc. Vyberte si va\u0161i barevnou rovnov\u00e1hu. A\u0165 u\u017e doma nebo ve va\u0161\u00ed firm\u011b.","og_url":"https:\/\/www.aglaiadesign.shop\/en\/product\/tapety-z-motivu-aglaia-design\/","og_site_name":"AglaiaDesign.shop","article_publisher":"https:\/\/www.facebook.com\/people\/AglaiaDesignshop\/61584360833340\/","article_modified_time":"2025-11-18T12:18:26+00:00","og_image":[{"width":1536,"height":2048,"url":"https:\/\/www.aglaiadesign.shop\/wp-content\/uploads\/2025\/11\/464738775_122138895776343670_8387165702856472649_n.jpg","type":"image\/jpeg"}],"twitter_card":"summary_large_image","twitter_misc":{"Est. reading time":"1 minute"},"schema":{"@context":"https:\/\/schema.org","@graph":[{"@type":"WebPage","@id":"https:\/\/www.aglaiadesign.shop\/en\/product\/tapety-z-motivu-aglaia-design\/","url":"https:\/\/www.aglaiadesign.shop\/en\/product\/tapety-z-motivu-aglaia-design\/","name":"Tapety z motiv\u016f Aglaia Design - AglaiaDesign.shop","isPartOf":{"@id":"https:\/\/www.aglaiadesign.shop\/#website"},"primaryImageOfPage":{"@id":"https:\/\/www.aglaiadesign.shop\/en\/product\/tapety-z-motivu-aglaia-design\/#primaryimage"},"image":{"@id":"https:\/\/www.aglaiadesign.shop\/en\/product\/tapety-z-motivu-aglaia-design\/#primaryimage"},"thumbnailUrl":"https:\/\/www.aglaiadesign.shop\/wp-content\/uploads\/2025\/11\/464738775_122138895776343670_8387165702856472649_n.jpg","datePublished":"2025-11-18T12:10:10+00:00","dateModified":"2025-11-18T12:18:26+00:00","breadcrumb":{"@id":"https:\/\/www.aglaiadesign.shop\/en\/product\/tapety-z-motivu-aglaia-design\/#breadcrumb"},"inLanguage":"en-US","potentialAction":[{"@type":"ReadAction","target":["https:\/\/www.aglaiadesign.shop\/en\/product\/tapety-z-motivu-aglaia-design\/"]}]},{"@type":"ImageObject","inLanguage":"en-US","@id":"https:\/\/www.aglaiadesign.shop\/en\/product\/tapety-z-motivu-aglaia-design\/#primaryimage","url":"https:\/\/www.aglaiadesign.shop\/wp-content\/uploads\/2025\/11\/464738775_122138895776343670_8387165702856472649_n.jpg","contentUrl":"https:\/\/www.aglaiadesign.shop\/wp-content\/uploads\/2025\/11\/464738775_122138895776343670_8387165702856472649_n.jpg","width":1536,"height":2048},{"@type":"BreadcrumbList","@id":"https:\/\/www.aglaiadesign.shop\/en\/product\/tapety-z-motivu-aglaia-design\/#breadcrumb","itemListElement":[{"@type":"ListItem","position":1,"name":"V\u00edtejte na e-shopu Aglaia Design","item":"https:\/\/www.aglaiadesign.shop\/"},{"@type":"ListItem","position":2,"name":"V\u00edtejte na e-shopu Aglaia Design","item":"https:\/\/www.aglaiadesign.shop\/"},{"@type":"ListItem","position":3,"name":"Tapety z motiv\u016f Aglaia Design"}]},{"@type":"WebSite","@id":"https:\/\/www.aglaiadesign.shop\/en\/#website","url":"https:\/\/www.aglaiadesign.shop\/en\/","name":"AglaiaDesign.shop","description":"Aglaia Design e-shop, obchod s enkaustick\u00fdmi obrazy a dal\u0161\u00edmi produkty s fotoreprodukc\u00ed t\u011bchto obraz\u016f.","publisher":{"@id":"https:\/\/www.aglaiadesign.shop\/en\/#organization"},"potentialAction":[{"@type":"SearchAction","target":{"@type":"EntryPoint","urlTemplate":"https:\/\/www.aglaiadesign.shop\/en\/?s={search_term_string}"},"query-input":{"@type":"PropertyValueSpecification","valueRequired":true,"valueName":"search_term_string"}}],"inLanguage":"en-US"},{"@type":"Organization","@id":"https:\/\/www.aglaiadesign.shop\/en\/#organization","name":"AglaiaDesign.shop","url":"https:\/\/www.aglaiadesign.shop\/en\/","logo":{"@type":"ImageObject","inLanguage":"en-US","@id":"https:\/\/www.aglaiadesign.shop\/en\/#\/schema\/logo\/image\/","url":"https:\/\/www.aglaiadesign.shop\/wp-content\/uploads\/2025\/11\/cropped-cropped-ad-logo-final.png","contentUrl":"https:\/\/www.aglaiadesign.shop\/wp-content\/uploads\/2025\/11\/cropped-cropped-ad-logo-final.png","width":512,"height":392,"caption":"AglaiaDesign.shop"},"image":{"@id":"https:\/\/www.aglaiadesign.shop\/en\/#\/schema\/logo\/image\/"},"sameAs":["https:\/\/www.facebook.com\/people\/AglaiaDesignshop\/61584360833340\/","https:\/\/www.instagram.com\/aglaiadesign.shop?igsh=NWh6eXNwbXM0Y2c4","https:\/\/www.tiktok.com\/@aglaia.design.m.k?_r=1&_t=ZN-92fGyZrw7WQ"]}]}},"jetpack_sharing_enabled":true,"_links":{"self":[{"href":"https:\/\/www.aglaiadesign.shop\/en\/wp-json\/wp\/v2\/product\/569","targetHints":{"allow":["GET"]}}],"collection":[{"href":"https:\/\/www.aglaiadesign.shop\/en\/wp-json\/wp\/v2\/product"}],"about":[{"href":"https:\/\/www.aglaiadesign.shop\/en\/wp-json\/wp\/v2\/types\/product"}],"replies":[{"embeddable":true,"href":"https:\/\/www.aglaiadesign.shop\/en\/wp-json\/wp\/v2\/comments?post=569"}],"wp:featuredmedia":[{"embeddable":true,"href":"https:\/\/www.aglaiadesign.shop\/en\/wp-json\/wp\/v2\/media\/570"}],"wp:attachment":[{"href":"https:\/\/www.aglaiadesign.shop\/en\/wp-json\/wp\/v2\/media?parent=569"}],"wp:term":[{"taxonomy":"product_brand","embeddable":true,"href":"https:\/\/www.aglaiadesign.shop\/en\/wp-json\/wp\/v2\/product_brand?post=569"},{"taxonomy":"product_cat","embeddable":true,"href":"https:\/\/www.aglaiadesign.shop\/en\/wp-json\/wp\/v2\/product_cat?post=569"},{"taxonomy":"product_tag","embeddable":true,"href":"https:\/\/www.aglaiadesign.shop\/en\/wp-json\/wp\/v2\/product_tag?post=569"}],"curies":[{"name":"wp","href":"https:\/\/api.w.org\/{rel}","templated":true}]}}