{"id":554,"date":"2025-11-18T12:21:10","date_gmt":"2025-11-18T11:21:10","guid":{"rendered":"https:\/\/beta.aglaiadesign.shop\/?post_type=product&#038;p=554"},"modified":"2025-11-24T21:44:20","modified_gmt":"2025-11-24T20:44:20","slug":"unikatni-stolek-kovovy-s-onyxem","status":"publish","type":"product","link":"https:\/\/www.aglaiadesign.shop\/en\/product\/unikatni-stolek-kovovy-s-onyxem\/","title":{"rendered":"Unik\u00e1tn\u00ed stolek - kovov\u00fd s onyxem"},"content":{"rendered":"<p>Stolek je men\u0161\u00ed a po kompletn\u00ed renovaci. Dvakr\u00e1t vyzlacen\u00fd barvou, Speci\u00e1ln\u011b vybran\u00fd k\u00e1men Onyx, do horn\u00ed i spodn\u00ed \u010d\u00e1sti stolku. \u010caloun\u011bn\u00ed je samet poti\u0161t\u011bn\u00fd motivem \u017divot. Stolky se objevily v \u010cR asi t\u0159i. N\u00e1m se poda\u0159ilo z\u00edskat jeden. S l\u00e1skou jsme mu dali nov\u00fd kab\u00e1t. Je celokovov\u00fd a bohu\u017eel nezn\u00e1me autora kovov\u00fdch prvk\u016f.<\/p>\n<p>&nbsp;<\/p>\n","protected":false},"excerpt":{"rendered":"<p>Unik\u00e1tn\u00ed stolek kovov\u00fd po renovaci. Motiv je \u017divot. V \u010cR byly takov\u00e9 stolky pouze t\u0159i. P\u016fvod Rusko. Ru\u010dn\u00ed pr\u00e1ce a um\u011bleck\u00e9 d\u00edlo je v\u017edy spojen\u00ed, kter\u00e9mu neodol\u00e1me. Snoub\u00ed se tu kr\u00e1sa a um\u011bn\u00ed \u010dlov\u011bka. Tou\u017e\u00edte po n\u011b\u010dem v\u00fdjime\u010dn\u00fdm? Pokud ano je ur\u010den p\u0159\u00edmo v\u00e1m. Stejn\u00fd nenajdete.<\/p>\n","protected":false},"featured_media":555,"comment_status":"open","ping_status":"closed","template":"","meta":[],"product_brand":[20],"product_cat":[26],"product_tag":[],"class_list":{"0":"post-554","1":"product","2":"type-product","3":"status-publish","4":"has-post-thumbnail","6":"product_brand-aglaia-design","7":"product_cat-nabytek","9":"first","10":"instock","11":"shipping-taxable","12":"purchasable","13":"product-type-simple"},"yoast_head":"<!-- This site is optimized with the Yoast SEO plugin v27.4 - https:\/\/yoast.com\/product\/yoast-seo-wordpress\/ -->\n<title>Unik\u00e1tn\u00ed stolek - kovov\u00fd s onyxem<\/title>\n<meta name=\"description\" content=\"Unik\u00e1tn\u00ed stolek kovov\u00fd po renovaci. Motiv je \u017divot. V \u010cR byly takov\u00e9 stolky pouze t\u0159i. P\u016fvod Rusko. Ru\u010dn\u00ed pr\u00e1ce a um\u011bleck\u00e9 d\u00edlo je v\u017edy spojen\u00ed, kter\u00e9mu neodol\u00e1me. Snoub\u00ed se tu kr\u00e1sa a um\u011bn\u00ed \u010dlov\u011bka. Tou\u017e\u00edte po n\u011b\u010dem v\u00fdjime\u010dn\u00fdm? Pokud ano je ur\u010den p\u0159\u00edmo v\u00e1m. Stejn\u00fd nenajdete.\" \/>\n<meta name=\"robots\" content=\"index, follow, max-snippet:-1, max-image-preview:large, max-video-preview:-1\" \/>\n<link rel=\"canonical\" href=\"http:\/\/Unik\u00e1tn\u00ed%20stolek%20kovov\u00fd%20po%20renovaci.%20Motiv%20je%20\u017divot.%20V%20\u010cR%20byly%20takov\u00e9%20stolky%20pouze%20t\u0159i.%20P\u016fvod%20Rusko.%20Ru\u010dn\u00ed%20pr\u00e1ce%20a%20um\u011bleck\u00e9%20d\u00edlo%20je%20v\u017edy%20spojen\u00ed,%20kter\u00e9mu%20neodol\u00e1me.%20Snoub\u00ed%20se%20tu%20kr\u00e1sa%20a%20um\u011bn\u00ed%20\u010dlov\u011bka.%20Tou\u017e\u00edte%20po%20n\u011b\u010dem%20v\u00fdjime\u010dn\u00fdm?%20Pokud%20ano%20je%20ur\u010den%20p\u0159\u00edmo%20v\u00e1m.%20Stejn\u00fd%20nenajdete.\" \/>\n<meta property=\"og:locale\" content=\"en_US\" \/>\n<meta property=\"og:type\" content=\"article\" \/>\n<meta property=\"og:title\" content=\"Unik\u00e1tn\u00ed stolek - kovov\u00fd s onyxem\" \/>\n<meta property=\"og:description\" content=\"Unik\u00e1tn\u00ed stolek kovov\u00fd po renovaci. Motiv je \u017divot. V \u010cR byly takov\u00e9 stolky pouze t\u0159i. P\u016fvod Rusko. Ru\u010dn\u00ed pr\u00e1ce a um\u011bleck\u00e9 d\u00edlo je v\u017edy spojen\u00ed, kter\u00e9mu neodol\u00e1me. Snoub\u00ed se tu kr\u00e1sa a um\u011bn\u00ed \u010dlov\u011bka. Tou\u017e\u00edte po n\u011b\u010dem v\u00fdjime\u010dn\u00fdm? Pokud ano je ur\u010den p\u0159\u00edmo v\u00e1m. Stejn\u00fd nenajdete.\" \/>\n<meta property=\"og:url\" content=\"https:\/\/www.aglaiadesign.shop\/en\/product\/unikatni-stolek-kovovy-s-onyxem\/\" \/>\n<meta property=\"og:site_name\" content=\"AglaiaDesign.shop\" \/>\n<meta property=\"article:publisher\" content=\"https:\/\/www.facebook.com\/people\/AglaiaDesignshop\/61584360833340\/\" \/>\n<meta property=\"article:modified_time\" content=\"2025-11-24T20:44:20+00:00\" \/>\n<meta property=\"og:image\" content=\"https:\/\/www.aglaiadesign.shop\/wp-content\/uploads\/2025\/11\/356641704_806137180895341_283850390117429667_n.jpg\" \/>\n\t<meta property=\"og:image:width\" content=\"955\" \/>\n\t<meta property=\"og:image:height\" content=\"960\" \/>\n\t<meta property=\"og:image:type\" content=\"image\/jpeg\" \/>\n<meta name=\"twitter:card\" content=\"summary_large_image\" \/>\n<script type=\"application\/ld+json\" class=\"yoast-schema-graph\">{\"@context\":\"https:\\\/\\\/schema.org\",\"@graph\":[{\"@type\":\"WebPage\",\"@id\":\"https:\\\/\\\/www.aglaiadesign.shop\\\/en\\\/product\\\/unikatni-stolek-kovovy-s-onyxem\\\/\",\"url\":\"https:\\\/\\\/www.aglaiadesign.shop\\\/en\\\/product\\\/unikatni-stolek-kovovy-s-onyxem\\\/\",\"name\":\"Unik\u00e1tn\u00ed stolek - kovov\u00fd s onyxem - AglaiaDesign.shop\",\"isPartOf\":{\"@id\":\"https:\\\/\\\/www.aglaiadesign.shop\\\/#website\"},\"primaryImageOfPage\":{\"@id\":\"https:\\\/\\\/www.aglaiadesign.shop\\\/en\\\/product\\\/unikatni-stolek-kovovy-s-onyxem\\\/#primaryimage\"},\"image\":{\"@id\":\"https:\\\/\\\/www.aglaiadesign.shop\\\/en\\\/product\\\/unikatni-stolek-kovovy-s-onyxem\\\/#primaryimage\"},\"thumbnailUrl\":\"https:\\\/\\\/www.aglaiadesign.shop\\\/wp-content\\\/uploads\\\/2025\\\/11\\\/356641704_806137180895341_283850390117429667_n.jpg\",\"datePublished\":\"2025-11-18T11:21:10+00:00\",\"dateModified\":\"2025-11-24T20:44:20+00:00\",\"breadcrumb\":{\"@id\":\"https:\\\/\\\/www.aglaiadesign.shop\\\/en\\\/product\\\/unikatni-stolek-kovovy-s-onyxem\\\/#breadcrumb\"},\"inLanguage\":\"en-US\",\"potentialAction\":[{\"@type\":\"ReadAction\",\"target\":[\"https:\\\/\\\/www.aglaiadesign.shop\\\/en\\\/product\\\/unikatni-stolek-kovovy-s-onyxem\\\/\"]}]},{\"@type\":\"ImageObject\",\"inLanguage\":\"en-US\",\"@id\":\"https:\\\/\\\/www.aglaiadesign.shop\\\/en\\\/product\\\/unikatni-stolek-kovovy-s-onyxem\\\/#primaryimage\",\"url\":\"https:\\\/\\\/www.aglaiadesign.shop\\\/wp-content\\\/uploads\\\/2025\\\/11\\\/356641704_806137180895341_283850390117429667_n.jpg\",\"contentUrl\":\"https:\\\/\\\/www.aglaiadesign.shop\\\/wp-content\\\/uploads\\\/2025\\\/11\\\/356641704_806137180895341_283850390117429667_n.jpg\",\"width\":955,\"height\":960},{\"@type\":\"BreadcrumbList\",\"@id\":\"https:\\\/\\\/www.aglaiadesign.shop\\\/en\\\/product\\\/unikatni-stolek-kovovy-s-onyxem\\\/#breadcrumb\",\"itemListElement\":[{\"@type\":\"ListItem\",\"position\":1,\"name\":\"V\u00edtejte na e-shopu Aglaia Design\",\"item\":\"https:\\\/\\\/www.aglaiadesign.shop\\\/\"},{\"@type\":\"ListItem\",\"position\":2,\"name\":\"V\u00edtejte na e-shopu Aglaia Design\",\"item\":\"https:\\\/\\\/www.aglaiadesign.shop\\\/\"},{\"@type\":\"ListItem\",\"position\":3,\"name\":\"Unik\u00e1tn\u00ed stolek - kovov\u00fd s onyxem\"}]},{\"@type\":\"WebSite\",\"@id\":\"https:\\\/\\\/www.aglaiadesign.shop\\\/en\\\/#website\",\"url\":\"https:\\\/\\\/www.aglaiadesign.shop\\\/en\\\/\",\"name\":\"AglaiaDesign.shop\",\"description\":\"Aglaia Design e-shop, obchod s enkaustick\u00fdmi obrazy a dal\u0161\u00edmi produkty s fotoreprodukc\u00ed t\u011bchto obraz\u016f.\",\"publisher\":{\"@id\":\"https:\\\/\\\/www.aglaiadesign.shop\\\/en\\\/#organization\"},\"potentialAction\":[{\"@type\":\"SearchAction\",\"target\":{\"@type\":\"EntryPoint\",\"urlTemplate\":\"https:\\\/\\\/www.aglaiadesign.shop\\\/en\\\/?s={search_term_string}\"},\"query-input\":{\"@type\":\"PropertyValueSpecification\",\"valueRequired\":true,\"valueName\":\"search_term_string\"}}],\"inLanguage\":\"en-US\"},{\"@type\":\"Organization\",\"@id\":\"https:\\\/\\\/www.aglaiadesign.shop\\\/en\\\/#organization\",\"name\":\"AglaiaDesign.shop\",\"url\":\"https:\\\/\\\/www.aglaiadesign.shop\\\/en\\\/\",\"logo\":{\"@type\":\"ImageObject\",\"inLanguage\":\"en-US\",\"@id\":\"https:\\\/\\\/www.aglaiadesign.shop\\\/en\\\/#\\\/schema\\\/logo\\\/image\\\/\",\"url\":\"https:\\\/\\\/www.aglaiadesign.shop\\\/wp-content\\\/uploads\\\/2025\\\/11\\\/cropped-cropped-ad-logo-final.png\",\"contentUrl\":\"https:\\\/\\\/www.aglaiadesign.shop\\\/wp-content\\\/uploads\\\/2025\\\/11\\\/cropped-cropped-ad-logo-final.png\",\"width\":512,\"height\":392,\"caption\":\"AglaiaDesign.shop\"},\"image\":{\"@id\":\"https:\\\/\\\/www.aglaiadesign.shop\\\/en\\\/#\\\/schema\\\/logo\\\/image\\\/\"},\"sameAs\":[\"https:\\\/\\\/www.facebook.com\\\/people\\\/AglaiaDesignshop\\\/61584360833340\\\/\",\"https:\\\/\\\/www.instagram.com\\\/aglaiadesign.shop?igsh=NWh6eXNwbXM0Y2c4\",\"https:\\\/\\\/www.tiktok.com\\\/@aglaia.design.m.k?_r=1&_t=ZN-92fGyZrw7WQ\"]}]}<\/script>\n<!-- \/ Yoast SEO plugin. -->","yoast_head_json":{"title":"Unik\u00e1tn\u00ed stolek - kovov\u00fd s onyxem","description":"Unik\u00e1tn\u00ed stolek kovov\u00fd po renovaci. Motiv je \u017divot. V \u010cR byly takov\u00e9 stolky pouze t\u0159i. P\u016fvod Rusko. Ru\u010dn\u00ed pr\u00e1ce a um\u011bleck\u00e9 d\u00edlo je v\u017edy spojen\u00ed, kter\u00e9mu neodol\u00e1me. Snoub\u00ed se tu kr\u00e1sa a um\u011bn\u00ed \u010dlov\u011bka. Tou\u017e\u00edte po n\u011b\u010dem v\u00fdjime\u010dn\u00fdm? Pokud ano je ur\u010den p\u0159\u00edmo v\u00e1m. Stejn\u00fd nenajdete.","robots":{"index":"index","follow":"follow","max-snippet":"max-snippet:-1","max-image-preview":"max-image-preview:large","max-video-preview":"max-video-preview:-1"},"canonical":"Unik\u00e1tn\u00ed stolek kovov\u00fd po renovaci. Motiv je \u017divot. V \u010cR byly takov\u00e9 stolky pouze t\u0159i. P\u016fvod Rusko. Ru\u010dn\u00ed pr\u00e1ce a um\u011bleck\u00e9 d\u00edlo je v\u017edy spojen\u00ed, kter\u00e9mu neodol\u00e1me. Snoub\u00ed se tu kr\u00e1sa a um\u011bn\u00ed \u010dlov\u011bka. Tou\u017e\u00edte po n\u011b\u010dem v\u00fdjime\u010dn\u00fdm? Pokud ano je ur\u010den p\u0159\u00edmo v\u00e1m. Stejn\u00fd nenajdete.","og_locale":"en_US","og_type":"article","og_title":"Unik\u00e1tn\u00ed stolek - kovov\u00fd s onyxem","og_description":"Unik\u00e1tn\u00ed stolek kovov\u00fd po renovaci. Motiv je \u017divot. V \u010cR byly takov\u00e9 stolky pouze t\u0159i. P\u016fvod Rusko. Ru\u010dn\u00ed pr\u00e1ce a um\u011bleck\u00e9 d\u00edlo je v\u017edy spojen\u00ed, kter\u00e9mu neodol\u00e1me. Snoub\u00ed se tu kr\u00e1sa a um\u011bn\u00ed \u010dlov\u011bka. Tou\u017e\u00edte po n\u011b\u010dem v\u00fdjime\u010dn\u00fdm? Pokud ano je ur\u010den p\u0159\u00edmo v\u00e1m. Stejn\u00fd nenajdete.","og_url":"https:\/\/www.aglaiadesign.shop\/en\/product\/unikatni-stolek-kovovy-s-onyxem\/","og_site_name":"AglaiaDesign.shop","article_publisher":"https:\/\/www.facebook.com\/people\/AglaiaDesignshop\/61584360833340\/","article_modified_time":"2025-11-24T20:44:20+00:00","og_image":[{"width":955,"height":960,"url":"https:\/\/www.aglaiadesign.shop\/wp-content\/uploads\/2025\/11\/356641704_806137180895341_283850390117429667_n.jpg","type":"image\/jpeg"}],"twitter_card":"summary_large_image","schema":{"@context":"https:\/\/schema.org","@graph":[{"@type":"WebPage","@id":"https:\/\/www.aglaiadesign.shop\/en\/product\/unikatni-stolek-kovovy-s-onyxem\/","url":"https:\/\/www.aglaiadesign.shop\/en\/product\/unikatni-stolek-kovovy-s-onyxem\/","name":"Unik\u00e1tn\u00ed stolek - kovov\u00fd s onyxem - AglaiaDesign.shop","isPartOf":{"@id":"https:\/\/www.aglaiadesign.shop\/#website"},"primaryImageOfPage":{"@id":"https:\/\/www.aglaiadesign.shop\/en\/product\/unikatni-stolek-kovovy-s-onyxem\/#primaryimage"},"image":{"@id":"https:\/\/www.aglaiadesign.shop\/en\/product\/unikatni-stolek-kovovy-s-onyxem\/#primaryimage"},"thumbnailUrl":"https:\/\/www.aglaiadesign.shop\/wp-content\/uploads\/2025\/11\/356641704_806137180895341_283850390117429667_n.jpg","datePublished":"2025-11-18T11:21:10+00:00","dateModified":"2025-11-24T20:44:20+00:00","breadcrumb":{"@id":"https:\/\/www.aglaiadesign.shop\/en\/product\/unikatni-stolek-kovovy-s-onyxem\/#breadcrumb"},"inLanguage":"en-US","potentialAction":[{"@type":"ReadAction","target":["https:\/\/www.aglaiadesign.shop\/en\/product\/unikatni-stolek-kovovy-s-onyxem\/"]}]},{"@type":"ImageObject","inLanguage":"en-US","@id":"https:\/\/www.aglaiadesign.shop\/en\/product\/unikatni-stolek-kovovy-s-onyxem\/#primaryimage","url":"https:\/\/www.aglaiadesign.shop\/wp-content\/uploads\/2025\/11\/356641704_806137180895341_283850390117429667_n.jpg","contentUrl":"https:\/\/www.aglaiadesign.shop\/wp-content\/uploads\/2025\/11\/356641704_806137180895341_283850390117429667_n.jpg","width":955,"height":960},{"@type":"BreadcrumbList","@id":"https:\/\/www.aglaiadesign.shop\/en\/product\/unikatni-stolek-kovovy-s-onyxem\/#breadcrumb","itemListElement":[{"@type":"ListItem","position":1,"name":"V\u00edtejte na e-shopu Aglaia Design","item":"https:\/\/www.aglaiadesign.shop\/"},{"@type":"ListItem","position":2,"name":"V\u00edtejte na e-shopu Aglaia Design","item":"https:\/\/www.aglaiadesign.shop\/"},{"@type":"ListItem","position":3,"name":"Unik\u00e1tn\u00ed stolek - kovov\u00fd s onyxem"}]},{"@type":"WebSite","@id":"https:\/\/www.aglaiadesign.shop\/en\/#website","url":"https:\/\/www.aglaiadesign.shop\/en\/","name":"AglaiaDesign.shop","description":"Aglaia Design e-shop, obchod s enkaustick\u00fdmi obrazy a dal\u0161\u00edmi produkty s fotoreprodukc\u00ed t\u011bchto obraz\u016f.","publisher":{"@id":"https:\/\/www.aglaiadesign.shop\/en\/#organization"},"potentialAction":[{"@type":"SearchAction","target":{"@type":"EntryPoint","urlTemplate":"https:\/\/www.aglaiadesign.shop\/en\/?s={search_term_string}"},"query-input":{"@type":"PropertyValueSpecification","valueRequired":true,"valueName":"search_term_string"}}],"inLanguage":"en-US"},{"@type":"Organization","@id":"https:\/\/www.aglaiadesign.shop\/en\/#organization","name":"AglaiaDesign.shop","url":"https:\/\/www.aglaiadesign.shop\/en\/","logo":{"@type":"ImageObject","inLanguage":"en-US","@id":"https:\/\/www.aglaiadesign.shop\/en\/#\/schema\/logo\/image\/","url":"https:\/\/www.aglaiadesign.shop\/wp-content\/uploads\/2025\/11\/cropped-cropped-ad-logo-final.png","contentUrl":"https:\/\/www.aglaiadesign.shop\/wp-content\/uploads\/2025\/11\/cropped-cropped-ad-logo-final.png","width":512,"height":392,"caption":"AglaiaDesign.shop"},"image":{"@id":"https:\/\/www.aglaiadesign.shop\/en\/#\/schema\/logo\/image\/"},"sameAs":["https:\/\/www.facebook.com\/people\/AglaiaDesignshop\/61584360833340\/","https:\/\/www.instagram.com\/aglaiadesign.shop?igsh=NWh6eXNwbXM0Y2c4","https:\/\/www.tiktok.com\/@aglaia.design.m.k?_r=1&_t=ZN-92fGyZrw7WQ"]}]}},"jetpack_sharing_enabled":true,"_links":{"self":[{"href":"https:\/\/www.aglaiadesign.shop\/en\/wp-json\/wp\/v2\/product\/554","targetHints":{"allow":["GET"]}}],"collection":[{"href":"https:\/\/www.aglaiadesign.shop\/en\/wp-json\/wp\/v2\/product"}],"about":[{"href":"https:\/\/www.aglaiadesign.shop\/en\/wp-json\/wp\/v2\/types\/product"}],"replies":[{"embeddable":true,"href":"https:\/\/www.aglaiadesign.shop\/en\/wp-json\/wp\/v2\/comments?post=554"}],"wp:featuredmedia":[{"embeddable":true,"href":"https:\/\/www.aglaiadesign.shop\/en\/wp-json\/wp\/v2\/media\/555"}],"wp:attachment":[{"href":"https:\/\/www.aglaiadesign.shop\/en\/wp-json\/wp\/v2\/media?parent=554"}],"wp:term":[{"taxonomy":"product_brand","embeddable":true,"href":"https:\/\/www.aglaiadesign.shop\/en\/wp-json\/wp\/v2\/product_brand?post=554"},{"taxonomy":"product_cat","embeddable":true,"href":"https:\/\/www.aglaiadesign.shop\/en\/wp-json\/wp\/v2\/product_cat?post=554"},{"taxonomy":"product_tag","embeddable":true,"href":"https:\/\/www.aglaiadesign.shop\/en\/wp-json\/wp\/v2\/product_tag?post=554"}],"curies":[{"name":"wp","href":"https:\/\/api.w.org\/{rel}","templated":true}]}}