{"id":506,"date":"2025-11-18T11:37:46","date_gmt":"2025-11-18T10:37:46","guid":{"rendered":"https:\/\/beta.aglaiadesign.shop\/?post_type=product&#038;p=506"},"modified":"2025-11-20T20:43:23","modified_gmt":"2025-11-20T19:43:23","slug":"sklenene-obrazy","status":"publish","type":"product","link":"https:\/\/www.aglaiadesign.shop\/en\/product\/sklenene-obrazy\/","title":{"rendered":"Sklen\u011bn\u00e9 obrazy"},"content":{"rendered":"<p>Tento unik\u00e1tn\u00ed design vznikl ve spolupr\u00e1ci s Aglaia Design spol. s r.o. a Frajt s.r.o. Krom\u011b\u0159\u00ed\u017e.<br \/>\nPo volb\u011b motivu Aglaia Design je mo\u017en\u00e9 potisknout sklo, a to jak sklo do interi\u00e9ru tak i do exteri\u00e9ru. Keramick\u00fd tisk je \u00fa\u017easn\u00e1 technologie, kterou firma Frajt &#8211; Image Glass bravurn\u011b ovl\u00e1d\u00e1. Tisk z\u016fst\u00e1v\u00e1 stejn\u00fd po celou dobu \u017eivotnosti skla. Je chr\u00e1n\u011bn p\u0159ed UV z\u00e1\u0159en\u00edm, teplotami a jin\u00fdmi vlivy, kter\u00e9 by mohly tisk ohrozit. Je mo\u017en\u00e9 sklo i oh\u00fdbat, a proto jsou zde op\u011bt dal\u0161\u00ed neomezen\u00e9 mo\u017enosti.<\/p>\n<p>N\u00e1\u0161 klient m\u00e1 k dispozici dv\u011b varianty spolupr\u00e1ce. Prvn\u00ed z nich je volba designu, kter\u00fd je k dispozici. V tomto p\u0159\u00edpad\u011b nebudete m\u00edt jedin\u00fd origin\u00e1l, ale budete disponovat zcela jedine\u010dn\u00fdm artefaktem ve Va\u0161em interi\u00e9ru \u010di exteri\u00e9ru.<br \/>\nDruhou mo\u017enost\u00ed je, si po domluv\u011b nechat vytvo\u0159it vlastn\u00ed obraz na z\u00e1klad\u011b kter\u00e9ho se pak fin\u00e1ln\u00ed sklo potiskne.<br \/>\nDok\u00e1\u017eeme pracovat i se zak\u00e1zkami doslova \u201eob\u0159\u00edch rozm\u011br\u016f\u201c. M\u016f\u017eeme v\u00e1m vytvo\u0159it ojedin\u011bl\u00fd n\u00e1m\u011bt na fas\u00e1du objektu firmy \u010di d\u016fm ze skla, nebo jak\u00e9koli interi\u00e9rov\u00e9 prvky do domu \u010di kancel\u00e1\u0159e. Nebojte se n\u00e1s oslovit s popt\u00e1vkou. V\u017edy V\u00e1s ochotn\u011b vyslechneme a v\u00fdsledn\u00fd n\u00e1vrh p\u0159izp\u016fsob\u00edme va\u0161emu p\u0159\u00e1n\u00ed.<\/p>\n<p>Minim\u00e1ln\u00ed velikost skla je 1m2 \/ 25 000 k\u010d<\/p>\n<p>V p\u0159\u00edpad\u011b v\u011bt\u0161\u00ed zak\u00e1zky se cena upravuje individu\u00e1ln\u011b.<\/p>\n<p>Sklo je mo\u017en\u00e9 i podsv\u00edtit.<\/p>\n","protected":false},"excerpt":{"rendered":"<p>Barvy a tvary hraj\u00ed v na\u0161ich \u017eivotech v\u00fdznamnou roli. \u201eUm\u011bn\u00ed je vstupn\u00ed br\u00e1na do emocion\u00e1ln\u00ed komnaty.&#8221;\u00a0 Mark\u00e9ta Meduna Ko\u010dkov\u00e1<\/p>\n","protected":false},"featured_media":507,"comment_status":"open","ping_status":"closed","template":"","meta":[],"product_brand":[20],"product_cat":[29],"product_tag":[],"class_list":{"0":"post-506","1":"product","2":"type-product","3":"status-publish","4":"has-post-thumbnail","6":"product_brand-aglaia-design","7":"product_cat-sklenene-obrazy","9":"first","10":"instock","11":"shipping-taxable","12":"purchasable","13":"product-type-simple"},"yoast_head":"<!-- This site is optimized with the Yoast SEO plugin v27.4 - https:\/\/yoast.com\/product\/yoast-seo-wordpress\/ -->\n<title>Sklen\u011bn\u00e9 obrazy<\/title>\n<meta name=\"description\" content=\"Barvy a tvary hraj\u00ed v na\u0161ich \u017eivotech v\u00fdznamnou roli. \u201eUm\u011bn\u00ed je vstupn\u00ed br\u00e1na do emocion\u00e1ln\u00ed komnaty.&quot;\u00a0 Mark\u00e9ta Meduna Ko\u010dkov\u00e1\" \/>\n<meta name=\"robots\" content=\"index, follow, max-snippet:-1, max-image-preview:large, max-video-preview:-1\" \/>\n<link rel=\"canonical\" href=\"http:\/\/Barvy%20a%20tvary%20hraj\u00ed%20v%20na\u0161ich%20\u017eivotech%20v\u00fdznamnou%20roli.%20\u201eUm\u011bn\u00ed%20je%20vstupn\u00ed%20br\u00e1na%20do%20emocion\u00e1ln\u00ed%20komnaty.\u00a0%20Mark\u00e9ta%20Meduna%20Ko\u010dkov\u00e1\" \/>\n<meta property=\"og:locale\" content=\"en_US\" \/>\n<meta property=\"og:type\" content=\"article\" \/>\n<meta property=\"og:title\" content=\"Sklen\u011bn\u00e9 obrazy\" \/>\n<meta property=\"og:description\" content=\"Barvy a tvary hraj\u00ed v na\u0161ich \u017eivotech v\u00fdznamnou roli. \u201eUm\u011bn\u00ed je vstupn\u00ed br\u00e1na do emocion\u00e1ln\u00ed komnaty.&quot;\u00a0 Mark\u00e9ta Meduna Ko\u010dkov\u00e1\" \/>\n<meta property=\"og:url\" content=\"https:\/\/www.aglaiadesign.shop\/en\/product\/sklenene-obrazy\/\" \/>\n<meta property=\"og:site_name\" content=\"AglaiaDesign.shop\" \/>\n<meta property=\"article:publisher\" content=\"https:\/\/www.facebook.com\/people\/AglaiaDesignshop\/61584360833340\/\" \/>\n<meta property=\"article:modified_time\" content=\"2025-11-20T19:43:23+00:00\" \/>\n<meta property=\"og:image\" content=\"https:\/\/www.aglaiadesign.shop\/wp-content\/uploads\/2025\/11\/274894129_5991932730833186_5630938907613977462_n.jpg\" \/>\n\t<meta property=\"og:image:width\" content=\"1153\" \/>\n\t<meta property=\"og:image:height\" content=\"2048\" \/>\n\t<meta property=\"og:image:type\" content=\"image\/jpeg\" \/>\n<meta name=\"twitter:card\" content=\"summary_large_image\" \/>\n<meta name=\"twitter:label1\" content=\"Est. reading time\" \/>\n\t<meta name=\"twitter:data1\" content=\"1 minute\" \/>\n<script type=\"application\/ld+json\" class=\"yoast-schema-graph\">{\"@context\":\"https:\\\/\\\/schema.org\",\"@graph\":[{\"@type\":\"WebPage\",\"@id\":\"https:\\\/\\\/www.aglaiadesign.shop\\\/en\\\/product\\\/sklenene-obrazy\\\/\",\"url\":\"https:\\\/\\\/www.aglaiadesign.shop\\\/en\\\/product\\\/sklenene-obrazy\\\/\",\"name\":\"Sklen\u011bn\u00e9 obrazy - AglaiaDesign.shop\",\"isPartOf\":{\"@id\":\"https:\\\/\\\/www.aglaiadesign.shop\\\/#website\"},\"primaryImageOfPage\":{\"@id\":\"https:\\\/\\\/www.aglaiadesign.shop\\\/en\\\/product\\\/sklenene-obrazy\\\/#primaryimage\"},\"image\":{\"@id\":\"https:\\\/\\\/www.aglaiadesign.shop\\\/en\\\/product\\\/sklenene-obrazy\\\/#primaryimage\"},\"thumbnailUrl\":\"https:\\\/\\\/www.aglaiadesign.shop\\\/wp-content\\\/uploads\\\/2025\\\/11\\\/274894129_5991932730833186_5630938907613977462_n.jpg\",\"datePublished\":\"2025-11-18T10:37:46+00:00\",\"dateModified\":\"2025-11-20T19:43:23+00:00\",\"breadcrumb\":{\"@id\":\"https:\\\/\\\/www.aglaiadesign.shop\\\/en\\\/product\\\/sklenene-obrazy\\\/#breadcrumb\"},\"inLanguage\":\"en-US\",\"potentialAction\":[{\"@type\":\"ReadAction\",\"target\":[\"https:\\\/\\\/www.aglaiadesign.shop\\\/en\\\/product\\\/sklenene-obrazy\\\/\"]}]},{\"@type\":\"ImageObject\",\"inLanguage\":\"en-US\",\"@id\":\"https:\\\/\\\/www.aglaiadesign.shop\\\/en\\\/product\\\/sklenene-obrazy\\\/#primaryimage\",\"url\":\"https:\\\/\\\/www.aglaiadesign.shop\\\/wp-content\\\/uploads\\\/2025\\\/11\\\/274894129_5991932730833186_5630938907613977462_n.jpg\",\"contentUrl\":\"https:\\\/\\\/www.aglaiadesign.shop\\\/wp-content\\\/uploads\\\/2025\\\/11\\\/274894129_5991932730833186_5630938907613977462_n.jpg\",\"width\":1153,\"height\":2048},{\"@type\":\"BreadcrumbList\",\"@id\":\"https:\\\/\\\/www.aglaiadesign.shop\\\/en\\\/product\\\/sklenene-obrazy\\\/#breadcrumb\",\"itemListElement\":[{\"@type\":\"ListItem\",\"position\":1,\"name\":\"V\u00edtejte na e-shopu Aglaia Design\",\"item\":\"https:\\\/\\\/www.aglaiadesign.shop\\\/\"},{\"@type\":\"ListItem\",\"position\":2,\"name\":\"V\u00edtejte na e-shopu Aglaia Design\",\"item\":\"https:\\\/\\\/www.aglaiadesign.shop\\\/\"},{\"@type\":\"ListItem\",\"position\":3,\"name\":\"Sklen\u011bn\u00e9 obrazy\"}]},{\"@type\":\"WebSite\",\"@id\":\"https:\\\/\\\/www.aglaiadesign.shop\\\/en\\\/#website\",\"url\":\"https:\\\/\\\/www.aglaiadesign.shop\\\/en\\\/\",\"name\":\"AglaiaDesign.shop\",\"description\":\"Aglaia Design e-shop, obchod s enkaustick\u00fdmi obrazy a dal\u0161\u00edmi produkty s fotoreprodukc\u00ed t\u011bchto obraz\u016f.\",\"publisher\":{\"@id\":\"https:\\\/\\\/www.aglaiadesign.shop\\\/en\\\/#organization\"},\"potentialAction\":[{\"@type\":\"SearchAction\",\"target\":{\"@type\":\"EntryPoint\",\"urlTemplate\":\"https:\\\/\\\/www.aglaiadesign.shop\\\/en\\\/?s={search_term_string}\"},\"query-input\":{\"@type\":\"PropertyValueSpecification\",\"valueRequired\":true,\"valueName\":\"search_term_string\"}}],\"inLanguage\":\"en-US\"},{\"@type\":\"Organization\",\"@id\":\"https:\\\/\\\/www.aglaiadesign.shop\\\/en\\\/#organization\",\"name\":\"AglaiaDesign.shop\",\"url\":\"https:\\\/\\\/www.aglaiadesign.shop\\\/en\\\/\",\"logo\":{\"@type\":\"ImageObject\",\"inLanguage\":\"en-US\",\"@id\":\"https:\\\/\\\/www.aglaiadesign.shop\\\/en\\\/#\\\/schema\\\/logo\\\/image\\\/\",\"url\":\"https:\\\/\\\/www.aglaiadesign.shop\\\/wp-content\\\/uploads\\\/2025\\\/11\\\/cropped-cropped-ad-logo-final.png\",\"contentUrl\":\"https:\\\/\\\/www.aglaiadesign.shop\\\/wp-content\\\/uploads\\\/2025\\\/11\\\/cropped-cropped-ad-logo-final.png\",\"width\":512,\"height\":392,\"caption\":\"AglaiaDesign.shop\"},\"image\":{\"@id\":\"https:\\\/\\\/www.aglaiadesign.shop\\\/en\\\/#\\\/schema\\\/logo\\\/image\\\/\"},\"sameAs\":[\"https:\\\/\\\/www.facebook.com\\\/people\\\/AglaiaDesignshop\\\/61584360833340\\\/\",\"https:\\\/\\\/www.instagram.com\\\/aglaiadesign.shop?igsh=NWh6eXNwbXM0Y2c4\",\"https:\\\/\\\/www.tiktok.com\\\/@aglaia.design.m.k?_r=1&_t=ZN-92fGyZrw7WQ\"]}]}<\/script>\n<!-- \/ Yoast SEO plugin. -->","yoast_head_json":{"title":"Sklen\u011bn\u00e9 obrazy","description":"Barvy a tvary hraj\u00ed v na\u0161ich \u017eivotech v\u00fdznamnou roli. \u201eUm\u011bn\u00ed je vstupn\u00ed br\u00e1na do emocion\u00e1ln\u00ed komnaty.\"\u00a0 Mark\u00e9ta Meduna Ko\u010dkov\u00e1","robots":{"index":"index","follow":"follow","max-snippet":"max-snippet:-1","max-image-preview":"max-image-preview:large","max-video-preview":"max-video-preview:-1"},"canonical":"Barvy a tvary hraj\u00ed v na\u0161ich \u017eivotech v\u00fdznamnou roli. \u201eUm\u011bn\u00ed je vstupn\u00ed br\u00e1na do emocion\u00e1ln\u00ed komnaty.\"\u00a0 Mark\u00e9ta Meduna Ko\u010dkov\u00e1","og_locale":"en_US","og_type":"article","og_title":"Sklen\u011bn\u00e9 obrazy","og_description":"Barvy a tvary hraj\u00ed v na\u0161ich \u017eivotech v\u00fdznamnou roli. \u201eUm\u011bn\u00ed je vstupn\u00ed br\u00e1na do emocion\u00e1ln\u00ed komnaty.\"\u00a0 Mark\u00e9ta Meduna Ko\u010dkov\u00e1","og_url":"https:\/\/www.aglaiadesign.shop\/en\/product\/sklenene-obrazy\/","og_site_name":"AglaiaDesign.shop","article_publisher":"https:\/\/www.facebook.com\/people\/AglaiaDesignshop\/61584360833340\/","article_modified_time":"2025-11-20T19:43:23+00:00","og_image":[{"width":1153,"height":2048,"url":"https:\/\/www.aglaiadesign.shop\/wp-content\/uploads\/2025\/11\/274894129_5991932730833186_5630938907613977462_n.jpg","type":"image\/jpeg"}],"twitter_card":"summary_large_image","twitter_misc":{"Est. reading time":"1 minute"},"schema":{"@context":"https:\/\/schema.org","@graph":[{"@type":"WebPage","@id":"https:\/\/www.aglaiadesign.shop\/en\/product\/sklenene-obrazy\/","url":"https:\/\/www.aglaiadesign.shop\/en\/product\/sklenene-obrazy\/","name":"Sklen\u011bn\u00e9 obrazy - AglaiaDesign.shop","isPartOf":{"@id":"https:\/\/www.aglaiadesign.shop\/#website"},"primaryImageOfPage":{"@id":"https:\/\/www.aglaiadesign.shop\/en\/product\/sklenene-obrazy\/#primaryimage"},"image":{"@id":"https:\/\/www.aglaiadesign.shop\/en\/product\/sklenene-obrazy\/#primaryimage"},"thumbnailUrl":"https:\/\/www.aglaiadesign.shop\/wp-content\/uploads\/2025\/11\/274894129_5991932730833186_5630938907613977462_n.jpg","datePublished":"2025-11-18T10:37:46+00:00","dateModified":"2025-11-20T19:43:23+00:00","breadcrumb":{"@id":"https:\/\/www.aglaiadesign.shop\/en\/product\/sklenene-obrazy\/#breadcrumb"},"inLanguage":"en-US","potentialAction":[{"@type":"ReadAction","target":["https:\/\/www.aglaiadesign.shop\/en\/product\/sklenene-obrazy\/"]}]},{"@type":"ImageObject","inLanguage":"en-US","@id":"https:\/\/www.aglaiadesign.shop\/en\/product\/sklenene-obrazy\/#primaryimage","url":"https:\/\/www.aglaiadesign.shop\/wp-content\/uploads\/2025\/11\/274894129_5991932730833186_5630938907613977462_n.jpg","contentUrl":"https:\/\/www.aglaiadesign.shop\/wp-content\/uploads\/2025\/11\/274894129_5991932730833186_5630938907613977462_n.jpg","width":1153,"height":2048},{"@type":"BreadcrumbList","@id":"https:\/\/www.aglaiadesign.shop\/en\/product\/sklenene-obrazy\/#breadcrumb","itemListElement":[{"@type":"ListItem","position":1,"name":"V\u00edtejte na e-shopu Aglaia Design","item":"https:\/\/www.aglaiadesign.shop\/"},{"@type":"ListItem","position":2,"name":"V\u00edtejte na e-shopu Aglaia Design","item":"https:\/\/www.aglaiadesign.shop\/"},{"@type":"ListItem","position":3,"name":"Sklen\u011bn\u00e9 obrazy"}]},{"@type":"WebSite","@id":"https:\/\/www.aglaiadesign.shop\/en\/#website","url":"https:\/\/www.aglaiadesign.shop\/en\/","name":"AglaiaDesign.shop","description":"Aglaia Design e-shop, obchod s enkaustick\u00fdmi obrazy a dal\u0161\u00edmi produkty s fotoreprodukc\u00ed t\u011bchto obraz\u016f.","publisher":{"@id":"https:\/\/www.aglaiadesign.shop\/en\/#organization"},"potentialAction":[{"@type":"SearchAction","target":{"@type":"EntryPoint","urlTemplate":"https:\/\/www.aglaiadesign.shop\/en\/?s={search_term_string}"},"query-input":{"@type":"PropertyValueSpecification","valueRequired":true,"valueName":"search_term_string"}}],"inLanguage":"en-US"},{"@type":"Organization","@id":"https:\/\/www.aglaiadesign.shop\/en\/#organization","name":"AglaiaDesign.shop","url":"https:\/\/www.aglaiadesign.shop\/en\/","logo":{"@type":"ImageObject","inLanguage":"en-US","@id":"https:\/\/www.aglaiadesign.shop\/en\/#\/schema\/logo\/image\/","url":"https:\/\/www.aglaiadesign.shop\/wp-content\/uploads\/2025\/11\/cropped-cropped-ad-logo-final.png","contentUrl":"https:\/\/www.aglaiadesign.shop\/wp-content\/uploads\/2025\/11\/cropped-cropped-ad-logo-final.png","width":512,"height":392,"caption":"AglaiaDesign.shop"},"image":{"@id":"https:\/\/www.aglaiadesign.shop\/en\/#\/schema\/logo\/image\/"},"sameAs":["https:\/\/www.facebook.com\/people\/AglaiaDesignshop\/61584360833340\/","https:\/\/www.instagram.com\/aglaiadesign.shop?igsh=NWh6eXNwbXM0Y2c4","https:\/\/www.tiktok.com\/@aglaia.design.m.k?_r=1&_t=ZN-92fGyZrw7WQ"]}]}},"jetpack_sharing_enabled":true,"_links":{"self":[{"href":"https:\/\/www.aglaiadesign.shop\/en\/wp-json\/wp\/v2\/product\/506","targetHints":{"allow":["GET"]}}],"collection":[{"href":"https:\/\/www.aglaiadesign.shop\/en\/wp-json\/wp\/v2\/product"}],"about":[{"href":"https:\/\/www.aglaiadesign.shop\/en\/wp-json\/wp\/v2\/types\/product"}],"replies":[{"embeddable":true,"href":"https:\/\/www.aglaiadesign.shop\/en\/wp-json\/wp\/v2\/comments?post=506"}],"wp:featuredmedia":[{"embeddable":true,"href":"https:\/\/www.aglaiadesign.shop\/en\/wp-json\/wp\/v2\/media\/507"}],"wp:attachment":[{"href":"https:\/\/www.aglaiadesign.shop\/en\/wp-json\/wp\/v2\/media?parent=506"}],"wp:term":[{"taxonomy":"product_brand","embeddable":true,"href":"https:\/\/www.aglaiadesign.shop\/en\/wp-json\/wp\/v2\/product_brand?post=506"},{"taxonomy":"product_cat","embeddable":true,"href":"https:\/\/www.aglaiadesign.shop\/en\/wp-json\/wp\/v2\/product_cat?post=506"},{"taxonomy":"product_tag","embeddable":true,"href":"https:\/\/www.aglaiadesign.shop\/en\/wp-json\/wp\/v2\/product_tag?post=506"}],"curies":[{"name":"wp","href":"https:\/\/api.w.org\/{rel}","templated":true}]}}