{"id":498,"date":"2025-11-18T10:30:02","date_gmt":"2025-11-18T09:30:02","guid":{"rendered":"https:\/\/beta.aglaiadesign.shop\/?post_type=product&#038;p=498"},"modified":"2025-11-18T10:36:06","modified_gmt":"2025-11-18T09:36:06","slug":"dno-bazenu-do-wellness-podlahy-z-pryskyrice","status":"publish","type":"product","link":"https:\/\/www.aglaiadesign.shop\/en\/product\/dno-bazenu-do-wellness-podlahy-z-pryskyrice\/","title":{"rendered":"Dno baz\u00e9nu do wellness - podlahy z prysky\u0159ice"},"content":{"rendered":"<p>Podlahy z prysky\u0159ice u n\u00e1s m\u016f\u017eete objednat na zak\u00e1zku.<\/p>\n<p>Na takov\u00e9 zak\u00e1zce spolupracujeme t\u0159i firmy. Nejprve si vyberete motiv z d\u00edlny Aglaia Design, nebo v\u00e1m autorka namaluje obraz na m\u00edru, kter\u00fd nikdo jin\u00fd na sv\u011bt\u011b nebude m\u00edt k dispozici.\u00a0 V\u00fdb\u011br z galerie obraz\u016f je varianta 1, kde se cena pohybuje 7 500k\u010d za m2.<\/p>\n<p>Druh\u00e1 varianta je unik\u00e1tn\u00ed d\u00edlo na m\u00edru a zde zaplat\u00edte 7 500k\u010d za m2 + nov\u00fd obraz od autorky. Cena obrazu je individu\u00e1ln\u00ed, dle rozm\u011bru pl\u00e1tna. U t\u00e9to varianty budete m\u00edt i origin\u00e1ln\u00ed obraz, kter\u00fd v\u00e1m p\u0159\u00edjemn\u011b dopln\u00ed design k podlaze.<\/p>\n<p>Nev\u00e1hejte n\u00e1s kontaktovat s popt\u00e1vkou. V\u0161e v\u00e1m r\u00e1di vysv\u011btl\u00edme, zam\u011b\u0159\u00edme a porad\u00edme s v\u00fdb\u011brem do va\u0161eho interi\u00e9ru. Mo\u017enosti tvrdosti prysky\u0159ice jsou r\u016fzn\u00e9.<\/p>\n<p>Postup<\/p>\n<ul>\n<li>Zam\u011b\u0159en\u00ed a doporu\u010den\u00ed podkladu pro podlahu z prysky\u0159ice.<\/li>\n<li>V\u00fdb\u011br motivu z na\u0161\u00ed d\u00edlny Aglaia Design.<\/li>\n<li>Potisk speci\u00e1ln\u00ed f\u00f3lie.<\/li>\n<li>Nalepen\u00ed f\u00f3lie na p\u0159ipraven\u00fd podklad.<\/li>\n<li>Zalit\u00ed prysky\u0159ic\u00ed<\/li>\n<\/ul>\n<p>&nbsp;<\/p>\n","protected":false},"excerpt":{"rendered":"<p>Dejte barvu a tvar va\u0161\u00ed podlaze. Vytvo\u0159te si neoby\u010dejn\u00e9 prost\u0159ed\u00ed, kter\u00e9 v\u00e1m vylad\u00ed mysl i emoce p\u0159i ka\u017ed\u00e9m kroku.<\/p>\n<p>\u201eDu\u0161e se obarv\u00ed barvou sv\u00fdch my\u0161lenek.&#8221; Markus Aurelius<\/p>\n<p>&nbsp;<\/p>\n","protected":false},"featured_media":499,"comment_status":"open","ping_status":"closed","template":"","meta":[],"product_brand":[20],"product_cat":[31],"product_tag":[],"class_list":{"0":"post-498","1":"product","2":"type-product","3":"status-publish","4":"has-post-thumbnail","6":"product_brand-aglaia-design","7":"product_cat-podlahy-z-pryskyrice","9":"first","10":"instock","11":"shipping-taxable","12":"purchasable","13":"product-type-simple"},"yoast_head":"<!-- This site is optimized with the Yoast SEO plugin v27.4 - https:\/\/yoast.com\/product\/yoast-seo-wordpress\/ -->\n<title>Dno baz\u00e9nu do wellness - podlahy z prysky\u0159ice<\/title>\n<meta name=\"description\" content=\"Dejte barvu a tvar va\u0161\u00ed podlaze. Vytvo\u0159te si neoby\u010dejn\u00e9 prost\u0159ed\u00ed, kter\u00e9 v\u00e1m vylad\u00ed mysl i emoce p\u0159i ka\u017ed\u00e9m kroku.  \u201eDu\u0161e se obarv\u00ed barvou sv\u00fdch my\u0161lenek.&quot; Markus Aurelius  &nbsp;\" \/>\n<meta name=\"robots\" content=\"index, follow, max-snippet:-1, max-image-preview:large, max-video-preview:-1\" \/>\n<link rel=\"canonical\" href=\"http:\/\/Dejte%20barvu%20a%20tvar%20va\u0161\u00ed%20podlaze.%20Vytvo\u0159te%20si%20neoby\u010dejn\u00e9%20prost\u0159ed\u00ed,%20kter\u00e9%20v\u00e1m%20vylad\u00ed%20mysl%20i%20emoce%20p\u0159i%20ka\u017ed\u00e9m%20kroku.%20%20\u201eDu\u0161e%20se%20obarv\u00ed%20barvou%20sv\u00fdch%20my\u0161lenek.%20Markus%20Aurelius%20%20&nbsp;\" \/>\n<meta property=\"og:locale\" content=\"en_US\" \/>\n<meta property=\"og:type\" content=\"article\" \/>\n<meta property=\"og:title\" content=\"Dno baz\u00e9nu do wellness - podlahy z prysky\u0159ice\" \/>\n<meta property=\"og:description\" content=\"Dejte barvu a tvar va\u0161\u00ed podlaze. Vytvo\u0159te si neoby\u010dejn\u00e9 prost\u0159ed\u00ed, kter\u00e9 v\u00e1m vylad\u00ed mysl i emoce p\u0159i ka\u017ed\u00e9m kroku.  \u201eDu\u0161e se obarv\u00ed barvou sv\u00fdch my\u0161lenek.&quot; Markus Aurelius  &nbsp;\" \/>\n<meta property=\"og:url\" content=\"https:\/\/www.aglaiadesign.shop\/en\/product\/dno-bazenu-do-wellness-podlahy-z-pryskyrice\/\" \/>\n<meta property=\"og:site_name\" content=\"AglaiaDesign.shop\" \/>\n<meta property=\"article:publisher\" content=\"https:\/\/www.facebook.com\/people\/AglaiaDesignshop\/61584360833340\/\" \/>\n<meta property=\"article:modified_time\" content=\"2025-11-18T09:36:06+00:00\" \/>\n<meta property=\"og:image\" content=\"https:\/\/www.aglaiadesign.shop\/wp-content\/uploads\/2025\/11\/469254477_122144493830343670_5647234937911393527_n-1.jpg\" \/>\n\t<meta property=\"og:image:width\" content=\"1536\" \/>\n\t<meta property=\"og:image:height\" content=\"2048\" \/>\n\t<meta property=\"og:image:type\" content=\"image\/jpeg\" \/>\n<meta name=\"twitter:card\" content=\"summary_large_image\" \/>\n<meta name=\"twitter:label1\" content=\"Est. reading time\" \/>\n\t<meta name=\"twitter:data1\" content=\"1 minute\" \/>\n<script type=\"application\/ld+json\" class=\"yoast-schema-graph\">{\"@context\":\"https:\\\/\\\/schema.org\",\"@graph\":[{\"@type\":\"WebPage\",\"@id\":\"https:\\\/\\\/www.aglaiadesign.shop\\\/en\\\/product\\\/dno-bazenu-do-wellness-podlahy-z-pryskyrice\\\/\",\"url\":\"https:\\\/\\\/www.aglaiadesign.shop\\\/en\\\/product\\\/dno-bazenu-do-wellness-podlahy-z-pryskyrice\\\/\",\"name\":\"Dno baz\u00e9nu do wellness - podlahy z prysky\u0159ice - AglaiaDesign.shop\",\"isPartOf\":{\"@id\":\"https:\\\/\\\/www.aglaiadesign.shop\\\/#website\"},\"primaryImageOfPage\":{\"@id\":\"https:\\\/\\\/www.aglaiadesign.shop\\\/en\\\/product\\\/dno-bazenu-do-wellness-podlahy-z-pryskyrice\\\/#primaryimage\"},\"image\":{\"@id\":\"https:\\\/\\\/www.aglaiadesign.shop\\\/en\\\/product\\\/dno-bazenu-do-wellness-podlahy-z-pryskyrice\\\/#primaryimage\"},\"thumbnailUrl\":\"https:\\\/\\\/www.aglaiadesign.shop\\\/wp-content\\\/uploads\\\/2025\\\/11\\\/469254477_122144493830343670_5647234937911393527_n-1.jpg\",\"datePublished\":\"2025-11-18T09:30:02+00:00\",\"dateModified\":\"2025-11-18T09:36:06+00:00\",\"breadcrumb\":{\"@id\":\"https:\\\/\\\/www.aglaiadesign.shop\\\/en\\\/product\\\/dno-bazenu-do-wellness-podlahy-z-pryskyrice\\\/#breadcrumb\"},\"inLanguage\":\"en-US\",\"potentialAction\":[{\"@type\":\"ReadAction\",\"target\":[\"https:\\\/\\\/www.aglaiadesign.shop\\\/en\\\/product\\\/dno-bazenu-do-wellness-podlahy-z-pryskyrice\\\/\"]}]},{\"@type\":\"ImageObject\",\"inLanguage\":\"en-US\",\"@id\":\"https:\\\/\\\/www.aglaiadesign.shop\\\/en\\\/product\\\/dno-bazenu-do-wellness-podlahy-z-pryskyrice\\\/#primaryimage\",\"url\":\"https:\\\/\\\/www.aglaiadesign.shop\\\/wp-content\\\/uploads\\\/2025\\\/11\\\/469254477_122144493830343670_5647234937911393527_n-1.jpg\",\"contentUrl\":\"https:\\\/\\\/www.aglaiadesign.shop\\\/wp-content\\\/uploads\\\/2025\\\/11\\\/469254477_122144493830343670_5647234937911393527_n-1.jpg\",\"width\":1536,\"height\":2048},{\"@type\":\"BreadcrumbList\",\"@id\":\"https:\\\/\\\/www.aglaiadesign.shop\\\/en\\\/product\\\/dno-bazenu-do-wellness-podlahy-z-pryskyrice\\\/#breadcrumb\",\"itemListElement\":[{\"@type\":\"ListItem\",\"position\":1,\"name\":\"V\u00edtejte na e-shopu Aglaia Design\",\"item\":\"https:\\\/\\\/www.aglaiadesign.shop\\\/\"},{\"@type\":\"ListItem\",\"position\":2,\"name\":\"V\u00edtejte na e-shopu Aglaia Design\",\"item\":\"https:\\\/\\\/www.aglaiadesign.shop\\\/\"},{\"@type\":\"ListItem\",\"position\":3,\"name\":\"Dno baz\u00e9nu do wellness - podlahy z prysky\u0159ice\"}]},{\"@type\":\"WebSite\",\"@id\":\"https:\\\/\\\/www.aglaiadesign.shop\\\/en\\\/#website\",\"url\":\"https:\\\/\\\/www.aglaiadesign.shop\\\/en\\\/\",\"name\":\"AglaiaDesign.shop\",\"description\":\"Aglaia Design e-shop, obchod s enkaustick\u00fdmi obrazy a dal\u0161\u00edmi produkty s fotoreprodukc\u00ed t\u011bchto obraz\u016f.\",\"publisher\":{\"@id\":\"https:\\\/\\\/www.aglaiadesign.shop\\\/en\\\/#organization\"},\"potentialAction\":[{\"@type\":\"SearchAction\",\"target\":{\"@type\":\"EntryPoint\",\"urlTemplate\":\"https:\\\/\\\/www.aglaiadesign.shop\\\/en\\\/?s={search_term_string}\"},\"query-input\":{\"@type\":\"PropertyValueSpecification\",\"valueRequired\":true,\"valueName\":\"search_term_string\"}}],\"inLanguage\":\"en-US\"},{\"@type\":\"Organization\",\"@id\":\"https:\\\/\\\/www.aglaiadesign.shop\\\/en\\\/#organization\",\"name\":\"AglaiaDesign.shop\",\"url\":\"https:\\\/\\\/www.aglaiadesign.shop\\\/en\\\/\",\"logo\":{\"@type\":\"ImageObject\",\"inLanguage\":\"en-US\",\"@id\":\"https:\\\/\\\/www.aglaiadesign.shop\\\/en\\\/#\\\/schema\\\/logo\\\/image\\\/\",\"url\":\"https:\\\/\\\/www.aglaiadesign.shop\\\/wp-content\\\/uploads\\\/2025\\\/11\\\/cropped-cropped-ad-logo-final.png\",\"contentUrl\":\"https:\\\/\\\/www.aglaiadesign.shop\\\/wp-content\\\/uploads\\\/2025\\\/11\\\/cropped-cropped-ad-logo-final.png\",\"width\":512,\"height\":392,\"caption\":\"AglaiaDesign.shop\"},\"image\":{\"@id\":\"https:\\\/\\\/www.aglaiadesign.shop\\\/en\\\/#\\\/schema\\\/logo\\\/image\\\/\"},\"sameAs\":[\"https:\\\/\\\/www.facebook.com\\\/people\\\/AglaiaDesignshop\\\/61584360833340\\\/\",\"https:\\\/\\\/www.instagram.com\\\/aglaiadesign.shop?igsh=NWh6eXNwbXM0Y2c4\",\"https:\\\/\\\/www.tiktok.com\\\/@aglaia.design.m.k?_r=1&_t=ZN-92fGyZrw7WQ\"]}]}<\/script>\n<!-- \/ Yoast SEO plugin. -->","yoast_head_json":{"title":"Dno baz\u00e9nu do wellness - podlahy z prysky\u0159ice","description":"Dejte barvu a tvar va\u0161\u00ed podlaze. Vytvo\u0159te si neoby\u010dejn\u00e9 prost\u0159ed\u00ed, kter\u00e9 v\u00e1m vylad\u00ed mysl i emoce p\u0159i ka\u017ed\u00e9m kroku.  \u201eDu\u0161e se obarv\u00ed barvou sv\u00fdch my\u0161lenek.\" Markus Aurelius  &nbsp;","robots":{"index":"index","follow":"follow","max-snippet":"max-snippet:-1","max-image-preview":"max-image-preview:large","max-video-preview":"max-video-preview:-1"},"canonical":"Dejte barvu a tvar va\u0161\u00ed podlaze. Vytvo\u0159te si neoby\u010dejn\u00e9 prost\u0159ed\u00ed, kter\u00e9 v\u00e1m vylad\u00ed mysl i emoce p\u0159i ka\u017ed\u00e9m kroku.  \u201eDu\u0161e se obarv\u00ed barvou sv\u00fdch my\u0161lenek.\" Markus Aurelius  &nbsp;","og_locale":"en_US","og_type":"article","og_title":"Dno baz\u00e9nu do wellness - podlahy z prysky\u0159ice","og_description":"Dejte barvu a tvar va\u0161\u00ed podlaze. Vytvo\u0159te si neoby\u010dejn\u00e9 prost\u0159ed\u00ed, kter\u00e9 v\u00e1m vylad\u00ed mysl i emoce p\u0159i ka\u017ed\u00e9m kroku.  \u201eDu\u0161e se obarv\u00ed barvou sv\u00fdch my\u0161lenek.\" Markus Aurelius  &nbsp;","og_url":"https:\/\/www.aglaiadesign.shop\/en\/product\/dno-bazenu-do-wellness-podlahy-z-pryskyrice\/","og_site_name":"AglaiaDesign.shop","article_publisher":"https:\/\/www.facebook.com\/people\/AglaiaDesignshop\/61584360833340\/","article_modified_time":"2025-11-18T09:36:06+00:00","og_image":[{"width":1536,"height":2048,"url":"https:\/\/www.aglaiadesign.shop\/wp-content\/uploads\/2025\/11\/469254477_122144493830343670_5647234937911393527_n-1.jpg","type":"image\/jpeg"}],"twitter_card":"summary_large_image","twitter_misc":{"Est. reading time":"1 minute"},"schema":{"@context":"https:\/\/schema.org","@graph":[{"@type":"WebPage","@id":"https:\/\/www.aglaiadesign.shop\/en\/product\/dno-bazenu-do-wellness-podlahy-z-pryskyrice\/","url":"https:\/\/www.aglaiadesign.shop\/en\/product\/dno-bazenu-do-wellness-podlahy-z-pryskyrice\/","name":"Dno baz\u00e9nu do wellness - podlahy z prysky\u0159ice - AglaiaDesign.shop","isPartOf":{"@id":"https:\/\/www.aglaiadesign.shop\/#website"},"primaryImageOfPage":{"@id":"https:\/\/www.aglaiadesign.shop\/en\/product\/dno-bazenu-do-wellness-podlahy-z-pryskyrice\/#primaryimage"},"image":{"@id":"https:\/\/www.aglaiadesign.shop\/en\/product\/dno-bazenu-do-wellness-podlahy-z-pryskyrice\/#primaryimage"},"thumbnailUrl":"https:\/\/www.aglaiadesign.shop\/wp-content\/uploads\/2025\/11\/469254477_122144493830343670_5647234937911393527_n-1.jpg","datePublished":"2025-11-18T09:30:02+00:00","dateModified":"2025-11-18T09:36:06+00:00","breadcrumb":{"@id":"https:\/\/www.aglaiadesign.shop\/en\/product\/dno-bazenu-do-wellness-podlahy-z-pryskyrice\/#breadcrumb"},"inLanguage":"en-US","potentialAction":[{"@type":"ReadAction","target":["https:\/\/www.aglaiadesign.shop\/en\/product\/dno-bazenu-do-wellness-podlahy-z-pryskyrice\/"]}]},{"@type":"ImageObject","inLanguage":"en-US","@id":"https:\/\/www.aglaiadesign.shop\/en\/product\/dno-bazenu-do-wellness-podlahy-z-pryskyrice\/#primaryimage","url":"https:\/\/www.aglaiadesign.shop\/wp-content\/uploads\/2025\/11\/469254477_122144493830343670_5647234937911393527_n-1.jpg","contentUrl":"https:\/\/www.aglaiadesign.shop\/wp-content\/uploads\/2025\/11\/469254477_122144493830343670_5647234937911393527_n-1.jpg","width":1536,"height":2048},{"@type":"BreadcrumbList","@id":"https:\/\/www.aglaiadesign.shop\/en\/product\/dno-bazenu-do-wellness-podlahy-z-pryskyrice\/#breadcrumb","itemListElement":[{"@type":"ListItem","position":1,"name":"V\u00edtejte na e-shopu Aglaia Design","item":"https:\/\/www.aglaiadesign.shop\/"},{"@type":"ListItem","position":2,"name":"V\u00edtejte na e-shopu Aglaia Design","item":"https:\/\/www.aglaiadesign.shop\/"},{"@type":"ListItem","position":3,"name":"Dno baz\u00e9nu do wellness - podlahy z prysky\u0159ice"}]},{"@type":"WebSite","@id":"https:\/\/www.aglaiadesign.shop\/en\/#website","url":"https:\/\/www.aglaiadesign.shop\/en\/","name":"AglaiaDesign.shop","description":"Aglaia Design e-shop, obchod s enkaustick\u00fdmi obrazy a dal\u0161\u00edmi produkty s fotoreprodukc\u00ed t\u011bchto obraz\u016f.","publisher":{"@id":"https:\/\/www.aglaiadesign.shop\/en\/#organization"},"potentialAction":[{"@type":"SearchAction","target":{"@type":"EntryPoint","urlTemplate":"https:\/\/www.aglaiadesign.shop\/en\/?s={search_term_string}"},"query-input":{"@type":"PropertyValueSpecification","valueRequired":true,"valueName":"search_term_string"}}],"inLanguage":"en-US"},{"@type":"Organization","@id":"https:\/\/www.aglaiadesign.shop\/en\/#organization","name":"AglaiaDesign.shop","url":"https:\/\/www.aglaiadesign.shop\/en\/","logo":{"@type":"ImageObject","inLanguage":"en-US","@id":"https:\/\/www.aglaiadesign.shop\/en\/#\/schema\/logo\/image\/","url":"https:\/\/www.aglaiadesign.shop\/wp-content\/uploads\/2025\/11\/cropped-cropped-ad-logo-final.png","contentUrl":"https:\/\/www.aglaiadesign.shop\/wp-content\/uploads\/2025\/11\/cropped-cropped-ad-logo-final.png","width":512,"height":392,"caption":"AglaiaDesign.shop"},"image":{"@id":"https:\/\/www.aglaiadesign.shop\/en\/#\/schema\/logo\/image\/"},"sameAs":["https:\/\/www.facebook.com\/people\/AglaiaDesignshop\/61584360833340\/","https:\/\/www.instagram.com\/aglaiadesign.shop?igsh=NWh6eXNwbXM0Y2c4","https:\/\/www.tiktok.com\/@aglaia.design.m.k?_r=1&_t=ZN-92fGyZrw7WQ"]}]}},"jetpack_sharing_enabled":true,"_links":{"self":[{"href":"https:\/\/www.aglaiadesign.shop\/en\/wp-json\/wp\/v2\/product\/498","targetHints":{"allow":["GET"]}}],"collection":[{"href":"https:\/\/www.aglaiadesign.shop\/en\/wp-json\/wp\/v2\/product"}],"about":[{"href":"https:\/\/www.aglaiadesign.shop\/en\/wp-json\/wp\/v2\/types\/product"}],"replies":[{"embeddable":true,"href":"https:\/\/www.aglaiadesign.shop\/en\/wp-json\/wp\/v2\/comments?post=498"}],"wp:featuredmedia":[{"embeddable":true,"href":"https:\/\/www.aglaiadesign.shop\/en\/wp-json\/wp\/v2\/media\/499"}],"wp:attachment":[{"href":"https:\/\/www.aglaiadesign.shop\/en\/wp-json\/wp\/v2\/media?parent=498"}],"wp:term":[{"taxonomy":"product_brand","embeddable":true,"href":"https:\/\/www.aglaiadesign.shop\/en\/wp-json\/wp\/v2\/product_brand?post=498"},{"taxonomy":"product_cat","embeddable":true,"href":"https:\/\/www.aglaiadesign.shop\/en\/wp-json\/wp\/v2\/product_cat?post=498"},{"taxonomy":"product_tag","embeddable":true,"href":"https:\/\/www.aglaiadesign.shop\/en\/wp-json\/wp\/v2\/product_tag?post=498"}],"curies":[{"name":"wp","href":"https:\/\/api.w.org\/{rel}","templated":true}]}}