{"id":483,"date":"2025-11-16T22:10:17","date_gmt":"2025-11-16T21:10:17","guid":{"rendered":"https:\/\/beta.aglaiadesign.shop\/?post_type=product&#038;p=483"},"modified":"2026-01-14T19:58:33","modified_gmt":"2026-01-14T18:58:33","slug":"zlatytermohrnek-hojnost","status":"publish","type":"product","link":"https:\/\/www.aglaiadesign.shop\/en\/product\/zlatytermohrnek-hojnost\/","title":{"rendered":"Zlat\u00fd termohrnek - Hojnost"},"content":{"rendered":"<p>P\u0159i stvo\u0159en\u00ed sv\u011bta byla hojnost nep\u0159ehl\u00e9dnuteln\u00e1 \u2013 tolik barev, \u017eivo\u010dich\u016f a rostlin. Motiv Hojnost n\u00e1m p\u0159ipom\u00edn\u00e1, \u017ee \u017eivot je st\u00e1le pln\u00fd dar\u016f. Podporuje nejen finan\u010dn\u00ed hojnost, ale hlavn\u011b duchovn\u00ed r\u016fst a uv\u011bdom\u011bn\u00ed si \u017eivota v plnosti. Dop\u0159ejte si energii hojnosti ka\u017ed\u00fd den a nechte se inspirovat k v\u011bt\u0161\u00ed vd\u011b\u010dnosti a \u017eivotn\u00ed radosti.<\/p>\n<p>Dvoust\u011bnn\u00fd termohrnek z nerezov\u00e9 oceli,<\/p>\n<p>s polyesterov\u00fdm povrchem ur\u010den\u00fdm pro sublima\u010dn\u00ed potisk, s vodot\u011bsn\u00fdm v\u00ed\u010dkem. Otvor na pit\u00ed nen\u00ed ur\u010den k \u00fapln\u00e9mu ut\u011bsn\u011bn\u00ed. Nedoporu\u010dujeme pokl\u00e1dat do ta\u0161ky a kabelky. Tento produkt je ur\u010den do auta a na b\u011b\u017en\u00e9 p\u0159enesen\u00ed. Polo\u017een\u00edm do ta\u0161ky se m\u016f\u017ee st\u00e1t, \u017ee se n\u00e1poj vylije.<\/p>\n<p>Pr\u016fm\u011br 82 \/ v\u00fd\u0161ka 145 mm<\/p>\n<p>Objem 450 ml \/ hmotnost 250 g<\/p>\n<p>Chladnut\u00ed Hork\u00e9ho n\u00e1poje v termosce p\u0159i okoln\u00ed teplot\u011b + 5C, cca 13h.<\/p>\n<p>Barvy se od motivu li\u0161\u00ed. D\u016fvod je zlat\u00fd podklad.<\/p>\n<p>Dodac\u00ed lh\u016fta z\u00e1vis\u00ed na v\u00fdrob\u011b objednan\u00e9ho produktu. Nejpozd\u011bji v\u0161ak do 30 dn\u016f od zaplacen\u00ed objedn\u00e1vky.<\/p>\n","protected":false},"excerpt":{"rendered":"<p>Motiv Hojnost p\u0159in\u00e1\u0161\u00ed\u00a0<strong>pocit plnosti, r\u016fstu a vnit\u0159n\u00ed prosperity.<\/strong><\/p>\n","protected":false},"featured_media":484,"comment_status":"open","ping_status":"closed","template":"","meta":[],"product_brand":[20],"product_cat":[48],"product_tag":[],"class_list":{"0":"post-483","1":"product","2":"type-product","3":"status-publish","4":"has-post-thumbnail","6":"product_brand-aglaia-design","7":"product_cat-termohrnky-zlate","9":"first","10":"instock","11":"shipping-taxable","12":"purchasable","13":"product-type-simple"},"yoast_head":"<!-- This site is optimized with the Yoast SEO plugin v27.4 - https:\/\/yoast.com\/product\/yoast-seo-wordpress\/ -->\n<title>Zlat\u00fd termohrnek - Hojnost<\/title>\n<meta name=\"description\" content=\"Motiv Hojnost p\u0159in\u00e1\u0161\u00ed\u00a0pocit plnosti, r\u016fstu a vnit\u0159n\u00ed prosperity.\" \/>\n<meta name=\"robots\" content=\"index, follow, max-snippet:-1, max-image-preview:large, max-video-preview:-1\" \/>\n<link rel=\"canonical\" href=\"http:\/\/Motiv%20Hojnost%20p\u0159in\u00e1\u0161\u00ed\u00a0pocit%20plnosti,%20r\u016fstu%20a%20vnit\u0159n\u00ed%20prosperity.\" \/>\n<meta property=\"og:locale\" content=\"en_US\" \/>\n<meta property=\"og:type\" content=\"article\" \/>\n<meta property=\"og:title\" content=\"Zlat\u00fd termohrnek - Hojnost\" \/>\n<meta property=\"og:description\" content=\"Motiv Hojnost p\u0159in\u00e1\u0161\u00ed\u00a0pocit plnosti, r\u016fstu a vnit\u0159n\u00ed prosperity.\" \/>\n<meta property=\"og:url\" content=\"https:\/\/www.aglaiadesign.shop\/en\/product\/zlatytermohrnek-hojnost\/\" \/>\n<meta property=\"og:site_name\" content=\"AglaiaDesign.shop\" \/>\n<meta property=\"article:publisher\" content=\"https:\/\/www.facebook.com\/people\/AglaiaDesignshop\/61584360833340\/\" \/>\n<meta property=\"article:modified_time\" content=\"2026-01-14T18:58:33+00:00\" \/>\n<meta property=\"og:image\" content=\"https:\/\/www.aglaiadesign.shop\/wp-content\/uploads\/2025\/11\/Termo-hrnek-na-cestu-zlaty-Hojnost.png\" \/>\n\t<meta property=\"og:image:width\" content=\"1000\" \/>\n\t<meta property=\"og:image:height\" content=\"1000\" \/>\n\t<meta property=\"og:image:type\" content=\"image\/png\" \/>\n<meta name=\"twitter:card\" content=\"summary_large_image\" \/>\n<meta name=\"twitter:label1\" content=\"Est. reading time\" \/>\n\t<meta name=\"twitter:data1\" content=\"1 minute\" \/>\n<script type=\"application\/ld+json\" class=\"yoast-schema-graph\">{\"@context\":\"https:\\\/\\\/schema.org\",\"@graph\":[{\"@type\":\"WebPage\",\"@id\":\"https:\\\/\\\/www.aglaiadesign.shop\\\/en\\\/product\\\/zlatytermohrnek-hojnost\\\/\",\"url\":\"https:\\\/\\\/www.aglaiadesign.shop\\\/en\\\/product\\\/zlatytermohrnek-hojnost\\\/\",\"name\":\"Zlat\u00fd termohrnek - Hojnost - AglaiaDesign.shop\",\"isPartOf\":{\"@id\":\"https:\\\/\\\/www.aglaiadesign.shop\\\/#website\"},\"primaryImageOfPage\":{\"@id\":\"https:\\\/\\\/www.aglaiadesign.shop\\\/en\\\/product\\\/zlatytermohrnek-hojnost\\\/#primaryimage\"},\"image\":{\"@id\":\"https:\\\/\\\/www.aglaiadesign.shop\\\/en\\\/product\\\/zlatytermohrnek-hojnost\\\/#primaryimage\"},\"thumbnailUrl\":\"https:\\\/\\\/www.aglaiadesign.shop\\\/wp-content\\\/uploads\\\/2025\\\/11\\\/Termo-hrnek-na-cestu-zlaty-Hojnost.png\",\"datePublished\":\"2025-11-16T21:10:17+00:00\",\"dateModified\":\"2026-01-14T18:58:33+00:00\",\"breadcrumb\":{\"@id\":\"https:\\\/\\\/www.aglaiadesign.shop\\\/en\\\/product\\\/zlatytermohrnek-hojnost\\\/#breadcrumb\"},\"inLanguage\":\"en-US\",\"potentialAction\":[{\"@type\":\"ReadAction\",\"target\":[\"https:\\\/\\\/www.aglaiadesign.shop\\\/en\\\/product\\\/zlatytermohrnek-hojnost\\\/\"]}]},{\"@type\":\"ImageObject\",\"inLanguage\":\"en-US\",\"@id\":\"https:\\\/\\\/www.aglaiadesign.shop\\\/en\\\/product\\\/zlatytermohrnek-hojnost\\\/#primaryimage\",\"url\":\"https:\\\/\\\/www.aglaiadesign.shop\\\/wp-content\\\/uploads\\\/2025\\\/11\\\/Termo-hrnek-na-cestu-zlaty-Hojnost.png\",\"contentUrl\":\"https:\\\/\\\/www.aglaiadesign.shop\\\/wp-content\\\/uploads\\\/2025\\\/11\\\/Termo-hrnek-na-cestu-zlaty-Hojnost.png\",\"width\":1000,\"height\":1000},{\"@type\":\"BreadcrumbList\",\"@id\":\"https:\\\/\\\/www.aglaiadesign.shop\\\/en\\\/product\\\/zlatytermohrnek-hojnost\\\/#breadcrumb\",\"itemListElement\":[{\"@type\":\"ListItem\",\"position\":1,\"name\":\"V\u00edtejte na e-shopu Aglaia Design\",\"item\":\"https:\\\/\\\/www.aglaiadesign.shop\\\/\"},{\"@type\":\"ListItem\",\"position\":2,\"name\":\"V\u00edtejte na e-shopu Aglaia Design\",\"item\":\"https:\\\/\\\/www.aglaiadesign.shop\\\/\"},{\"@type\":\"ListItem\",\"position\":3,\"name\":\"Zlat\u00fd termohrnek - Hojnost\"}]},{\"@type\":\"WebSite\",\"@id\":\"https:\\\/\\\/www.aglaiadesign.shop\\\/en\\\/#website\",\"url\":\"https:\\\/\\\/www.aglaiadesign.shop\\\/en\\\/\",\"name\":\"AglaiaDesign.shop\",\"description\":\"Aglaia Design e-shop, obchod s enkaustick\u00fdmi obrazy a dal\u0161\u00edmi produkty s fotoreprodukc\u00ed t\u011bchto obraz\u016f.\",\"publisher\":{\"@id\":\"https:\\\/\\\/www.aglaiadesign.shop\\\/en\\\/#organization\"},\"potentialAction\":[{\"@type\":\"SearchAction\",\"target\":{\"@type\":\"EntryPoint\",\"urlTemplate\":\"https:\\\/\\\/www.aglaiadesign.shop\\\/en\\\/?s={search_term_string}\"},\"query-input\":{\"@type\":\"PropertyValueSpecification\",\"valueRequired\":true,\"valueName\":\"search_term_string\"}}],\"inLanguage\":\"en-US\"},{\"@type\":\"Organization\",\"@id\":\"https:\\\/\\\/www.aglaiadesign.shop\\\/en\\\/#organization\",\"name\":\"AglaiaDesign.shop\",\"url\":\"https:\\\/\\\/www.aglaiadesign.shop\\\/en\\\/\",\"logo\":{\"@type\":\"ImageObject\",\"inLanguage\":\"en-US\",\"@id\":\"https:\\\/\\\/www.aglaiadesign.shop\\\/en\\\/#\\\/schema\\\/logo\\\/image\\\/\",\"url\":\"https:\\\/\\\/www.aglaiadesign.shop\\\/wp-content\\\/uploads\\\/2025\\\/11\\\/cropped-cropped-ad-logo-final.png\",\"contentUrl\":\"https:\\\/\\\/www.aglaiadesign.shop\\\/wp-content\\\/uploads\\\/2025\\\/11\\\/cropped-cropped-ad-logo-final.png\",\"width\":512,\"height\":392,\"caption\":\"AglaiaDesign.shop\"},\"image\":{\"@id\":\"https:\\\/\\\/www.aglaiadesign.shop\\\/en\\\/#\\\/schema\\\/logo\\\/image\\\/\"},\"sameAs\":[\"https:\\\/\\\/www.facebook.com\\\/people\\\/AglaiaDesignshop\\\/61584360833340\\\/\",\"https:\\\/\\\/www.instagram.com\\\/aglaiadesign.shop?igsh=NWh6eXNwbXM0Y2c4\",\"https:\\\/\\\/www.tiktok.com\\\/@aglaia.design.m.k?_r=1&_t=ZN-92fGyZrw7WQ\"]}]}<\/script>\n<!-- \/ Yoast SEO plugin. -->","yoast_head_json":{"title":"Zlat\u00fd termohrnek - Hojnost","description":"Motiv Hojnost p\u0159in\u00e1\u0161\u00ed\u00a0pocit plnosti, r\u016fstu a vnit\u0159n\u00ed prosperity.","robots":{"index":"index","follow":"follow","max-snippet":"max-snippet:-1","max-image-preview":"max-image-preview:large","max-video-preview":"max-video-preview:-1"},"canonical":"Motiv Hojnost p\u0159in\u00e1\u0161\u00ed\u00a0pocit plnosti, r\u016fstu a vnit\u0159n\u00ed prosperity.","og_locale":"en_US","og_type":"article","og_title":"Zlat\u00fd termohrnek - Hojnost","og_description":"Motiv Hojnost p\u0159in\u00e1\u0161\u00ed\u00a0pocit plnosti, r\u016fstu a vnit\u0159n\u00ed prosperity.","og_url":"https:\/\/www.aglaiadesign.shop\/en\/product\/zlatytermohrnek-hojnost\/","og_site_name":"AglaiaDesign.shop","article_publisher":"https:\/\/www.facebook.com\/people\/AglaiaDesignshop\/61584360833340\/","article_modified_time":"2026-01-14T18:58:33+00:00","og_image":[{"width":1000,"height":1000,"url":"https:\/\/www.aglaiadesign.shop\/wp-content\/uploads\/2025\/11\/Termo-hrnek-na-cestu-zlaty-Hojnost.png","type":"image\/png"}],"twitter_card":"summary_large_image","twitter_misc":{"Est. reading time":"1 minute"},"schema":{"@context":"https:\/\/schema.org","@graph":[{"@type":"WebPage","@id":"https:\/\/www.aglaiadesign.shop\/en\/product\/zlatytermohrnek-hojnost\/","url":"https:\/\/www.aglaiadesign.shop\/en\/product\/zlatytermohrnek-hojnost\/","name":"Zlat\u00fd termohrnek - Hojnost - AglaiaDesign.shop","isPartOf":{"@id":"https:\/\/www.aglaiadesign.shop\/#website"},"primaryImageOfPage":{"@id":"https:\/\/www.aglaiadesign.shop\/en\/product\/zlatytermohrnek-hojnost\/#primaryimage"},"image":{"@id":"https:\/\/www.aglaiadesign.shop\/en\/product\/zlatytermohrnek-hojnost\/#primaryimage"},"thumbnailUrl":"https:\/\/www.aglaiadesign.shop\/wp-content\/uploads\/2025\/11\/Termo-hrnek-na-cestu-zlaty-Hojnost.png","datePublished":"2025-11-16T21:10:17+00:00","dateModified":"2026-01-14T18:58:33+00:00","breadcrumb":{"@id":"https:\/\/www.aglaiadesign.shop\/en\/product\/zlatytermohrnek-hojnost\/#breadcrumb"},"inLanguage":"en-US","potentialAction":[{"@type":"ReadAction","target":["https:\/\/www.aglaiadesign.shop\/en\/product\/zlatytermohrnek-hojnost\/"]}]},{"@type":"ImageObject","inLanguage":"en-US","@id":"https:\/\/www.aglaiadesign.shop\/en\/product\/zlatytermohrnek-hojnost\/#primaryimage","url":"https:\/\/www.aglaiadesign.shop\/wp-content\/uploads\/2025\/11\/Termo-hrnek-na-cestu-zlaty-Hojnost.png","contentUrl":"https:\/\/www.aglaiadesign.shop\/wp-content\/uploads\/2025\/11\/Termo-hrnek-na-cestu-zlaty-Hojnost.png","width":1000,"height":1000},{"@type":"BreadcrumbList","@id":"https:\/\/www.aglaiadesign.shop\/en\/product\/zlatytermohrnek-hojnost\/#breadcrumb","itemListElement":[{"@type":"ListItem","position":1,"name":"V\u00edtejte na e-shopu Aglaia Design","item":"https:\/\/www.aglaiadesign.shop\/"},{"@type":"ListItem","position":2,"name":"V\u00edtejte na e-shopu Aglaia Design","item":"https:\/\/www.aglaiadesign.shop\/"},{"@type":"ListItem","position":3,"name":"Zlat\u00fd termohrnek - Hojnost"}]},{"@type":"WebSite","@id":"https:\/\/www.aglaiadesign.shop\/en\/#website","url":"https:\/\/www.aglaiadesign.shop\/en\/","name":"AglaiaDesign.shop","description":"Aglaia Design e-shop, obchod s enkaustick\u00fdmi obrazy a dal\u0161\u00edmi produkty s fotoreprodukc\u00ed t\u011bchto obraz\u016f.","publisher":{"@id":"https:\/\/www.aglaiadesign.shop\/en\/#organization"},"potentialAction":[{"@type":"SearchAction","target":{"@type":"EntryPoint","urlTemplate":"https:\/\/www.aglaiadesign.shop\/en\/?s={search_term_string}"},"query-input":{"@type":"PropertyValueSpecification","valueRequired":true,"valueName":"search_term_string"}}],"inLanguage":"en-US"},{"@type":"Organization","@id":"https:\/\/www.aglaiadesign.shop\/en\/#organization","name":"AglaiaDesign.shop","url":"https:\/\/www.aglaiadesign.shop\/en\/","logo":{"@type":"ImageObject","inLanguage":"en-US","@id":"https:\/\/www.aglaiadesign.shop\/en\/#\/schema\/logo\/image\/","url":"https:\/\/www.aglaiadesign.shop\/wp-content\/uploads\/2025\/11\/cropped-cropped-ad-logo-final.png","contentUrl":"https:\/\/www.aglaiadesign.shop\/wp-content\/uploads\/2025\/11\/cropped-cropped-ad-logo-final.png","width":512,"height":392,"caption":"AglaiaDesign.shop"},"image":{"@id":"https:\/\/www.aglaiadesign.shop\/en\/#\/schema\/logo\/image\/"},"sameAs":["https:\/\/www.facebook.com\/people\/AglaiaDesignshop\/61584360833340\/","https:\/\/www.instagram.com\/aglaiadesign.shop?igsh=NWh6eXNwbXM0Y2c4","https:\/\/www.tiktok.com\/@aglaia.design.m.k?_r=1&_t=ZN-92fGyZrw7WQ"]}]}},"jetpack_sharing_enabled":true,"_links":{"self":[{"href":"https:\/\/www.aglaiadesign.shop\/en\/wp-json\/wp\/v2\/product\/483","targetHints":{"allow":["GET"]}}],"collection":[{"href":"https:\/\/www.aglaiadesign.shop\/en\/wp-json\/wp\/v2\/product"}],"about":[{"href":"https:\/\/www.aglaiadesign.shop\/en\/wp-json\/wp\/v2\/types\/product"}],"replies":[{"embeddable":true,"href":"https:\/\/www.aglaiadesign.shop\/en\/wp-json\/wp\/v2\/comments?post=483"}],"wp:featuredmedia":[{"embeddable":true,"href":"https:\/\/www.aglaiadesign.shop\/en\/wp-json\/wp\/v2\/media\/484"}],"wp:attachment":[{"href":"https:\/\/www.aglaiadesign.shop\/en\/wp-json\/wp\/v2\/media?parent=483"}],"wp:term":[{"taxonomy":"product_brand","embeddable":true,"href":"https:\/\/www.aglaiadesign.shop\/en\/wp-json\/wp\/v2\/product_brand?post=483"},{"taxonomy":"product_cat","embeddable":true,"href":"https:\/\/www.aglaiadesign.shop\/en\/wp-json\/wp\/v2\/product_cat?post=483"},{"taxonomy":"product_tag","embeddable":true,"href":"https:\/\/www.aglaiadesign.shop\/en\/wp-json\/wp\/v2\/product_tag?post=483"}],"curies":[{"name":"wp","href":"https:\/\/api.w.org\/{rel}","templated":true}]}}