{"id":456,"date":"2025-11-16T20:48:19","date_gmt":"2025-11-16T19:48:19","guid":{"rendered":"https:\/\/beta.aglaiadesign.shop\/?post_type=product&#038;p=456"},"modified":"2026-01-14T20:19:43","modified_gmt":"2026-01-14T19:19:43","slug":"bily-termohrnek-medicina","status":"publish","type":"product","link":"https:\/\/www.aglaiadesign.shop\/en\/product\/bily-termohrnek-medicina\/","title":{"rendered":"B\u00edl\u00fd termohrnek - Medic\u00edna"},"content":{"rendered":"<p>Hloubka uzdravov\u00e1n\u00ed je sou\u010d\u00e1st\u00ed ka\u017ed\u00e9ho z n\u00e1s. Motiv Medic\u00edna je tvo\u0159en s c\u00edlem pom\u00e1hat na cest\u011b k vnit\u0159n\u00ed rovnov\u00e1ze a samol\u00e9\u010debn\u00fdm proces\u016fm. p\u0159ipom\u00edn\u00e1, \u017ee uvoln\u011bn\u00ed a n\u00e1vrat k vlastn\u00ed p\u0159irozenosti je mo\u017en\u00fd kdykoli. Dop\u0159ejte si jeho energii jako podporu ka\u017edodenn\u00edho \u017eivota, a\u0165 u\u017e p\u0159i ritu\u00e1lu klidu, meditaci \u010di p\u0159i chv\u00edl\u00edch odpo\u010dinku.<\/p>\n<p>Dvoust\u011bnn\u00fd termohrnek z nerezov\u00e9 oceli,<\/p>\n<p>s polyesterov\u00fdm povrchem ur\u010den\u00fdm pro sublima\u010dn\u00ed potisk, s vodot\u011bsn\u00fdm v\u00ed\u010dkem. Otvor na pit\u00ed nen\u00ed ur\u010den k \u00fapln\u00e9mu ut\u011bsn\u011bn\u00ed. Nedoporu\u010dujeme pokl\u00e1dat do ta\u0161ky a kabelky. Tento produkt je ur\u010den do auta a na b\u011b\u017en\u00e9 p\u0159enesen\u00ed. Polo\u017een\u00edm do ta\u0161ky se m\u016f\u017ee st\u00e1t, \u017ee se n\u00e1poj vylije.<\/p>\n<p>Pr\u016fm\u011br 82 \/ v\u00fd\u0161ka 145 mm<\/p>\n<p>Objem 450 ml \/ hmotnost 250 g<\/p>\n<p>Chladnut\u00ed Hork\u00e9ho n\u00e1poje v termosce p\u0159i okoln\u00ed teplot\u011b + 5C, cca 13h.<\/p>\n<p>Dodac\u00ed lh\u016fta z\u00e1vis\u00ed na v\u00fdrob\u011b objednan\u00e9ho produktu. Nejpozd\u011bji v\u0161ak do 30 dn\u016f od zaplacen\u00ed objedn\u00e1vky.<\/p>\n","protected":false},"excerpt":{"rendered":"<p>Motiv\u00a0<strong>Medic\u00edna<\/strong>\u00a0podporuje\u00a0<strong>samol\u00e9\u010den\u00ed\u00a0<\/strong>a\u00a0<strong>uvoln\u011bn\u00ed<\/strong>. P\u0159in\u00e1\u0161\u00ed harmonii t\u011bla i ducha a posiluje vnit\u0159n\u00ed rovnov\u00e1hu<\/p>\n","protected":false},"featured_media":457,"comment_status":"open","ping_status":"closed","template":"","meta":[],"product_brand":[20],"product_cat":[18],"product_tag":[],"class_list":{"0":"post-456","1":"product","2":"type-product","3":"status-publish","4":"has-post-thumbnail","6":"product_brand-aglaia-design","7":"product_cat-termohrnky","9":"first","10":"instock","11":"shipping-taxable","12":"purchasable","13":"product-type-simple"},"yoast_head":"<!-- This site is optimized with the Yoast SEO plugin v27.4 - https:\/\/yoast.com\/product\/yoast-seo-wordpress\/ -->\n<title>B\u00edl\u00fd termohrnek - Medic\u00edna<\/title>\n<meta name=\"description\" content=\"Motiv\u00a0Medic\u00edna\u00a0podporuje\u00a0samol\u00e9\u010den\u00ed\u00a0a\u00a0uvoln\u011bn\u00ed. P\u0159in\u00e1\u0161\u00ed harmonii t\u011bla i ducha a posiluje vnit\u0159n\u00ed rovnov\u00e1hu\" \/>\n<meta name=\"robots\" content=\"index, follow, max-snippet:-1, max-image-preview:large, max-video-preview:-1\" \/>\n<link rel=\"canonical\" href=\"http:\/\/Motiv\u00a0Medic\u00edna\u00a0podporuje\u00a0samol\u00e9\u010den\u00ed\u00a0a\u00a0uvoln\u011bn\u00ed.%20P\u0159in\u00e1\u0161\u00ed%20harmonii%20t\u011bla%20i%20ducha%20a%20posiluje%20vnit\u0159n\u00ed%20rovnov\u00e1hu\" \/>\n<meta property=\"og:locale\" content=\"en_US\" \/>\n<meta property=\"og:type\" content=\"article\" \/>\n<meta property=\"og:title\" content=\"B\u00edl\u00fd termohrnek - Medic\u00edna\" \/>\n<meta property=\"og:description\" content=\"Motiv\u00a0Medic\u00edna\u00a0podporuje\u00a0samol\u00e9\u010den\u00ed\u00a0a\u00a0uvoln\u011bn\u00ed. P\u0159in\u00e1\u0161\u00ed harmonii t\u011bla i ducha a posiluje vnit\u0159n\u00ed rovnov\u00e1hu\" \/>\n<meta property=\"og:url\" content=\"https:\/\/www.aglaiadesign.shop\/en\/product\/bily-termohrnek-medicina\/\" \/>\n<meta property=\"og:site_name\" content=\"AglaiaDesign.shop\" \/>\n<meta property=\"article:publisher\" content=\"https:\/\/www.facebook.com\/people\/AglaiaDesignshop\/61584360833340\/\" \/>\n<meta property=\"article:modified_time\" content=\"2026-01-14T19:19:43+00:00\" \/>\n<meta property=\"og:image\" content=\"https:\/\/www.aglaiadesign.shop\/wp-content\/uploads\/2025\/11\/Termo-hrnek-na-cestu-bily-Medicina.png\" \/>\n\t<meta property=\"og:image:width\" content=\"1000\" \/>\n\t<meta property=\"og:image:height\" content=\"1000\" \/>\n\t<meta property=\"og:image:type\" content=\"image\/png\" \/>\n<meta name=\"twitter:card\" content=\"summary_large_image\" \/>\n<meta name=\"twitter:label1\" content=\"Est. reading time\" \/>\n\t<meta name=\"twitter:data1\" content=\"1 minute\" \/>\n<script type=\"application\/ld+json\" class=\"yoast-schema-graph\">{\"@context\":\"https:\\\/\\\/schema.org\",\"@graph\":[{\"@type\":\"WebPage\",\"@id\":\"https:\\\/\\\/www.aglaiadesign.shop\\\/en\\\/product\\\/bily-termohrnek-medicina\\\/\",\"url\":\"https:\\\/\\\/www.aglaiadesign.shop\\\/en\\\/product\\\/bily-termohrnek-medicina\\\/\",\"name\":\"B\u00edl\u00fd termohrnek - Medic\u00edna - AglaiaDesign.shop\",\"isPartOf\":{\"@id\":\"https:\\\/\\\/www.aglaiadesign.shop\\\/#website\"},\"primaryImageOfPage\":{\"@id\":\"https:\\\/\\\/www.aglaiadesign.shop\\\/en\\\/product\\\/bily-termohrnek-medicina\\\/#primaryimage\"},\"image\":{\"@id\":\"https:\\\/\\\/www.aglaiadesign.shop\\\/en\\\/product\\\/bily-termohrnek-medicina\\\/#primaryimage\"},\"thumbnailUrl\":\"https:\\\/\\\/www.aglaiadesign.shop\\\/wp-content\\\/uploads\\\/2025\\\/11\\\/Termo-hrnek-na-cestu-bily-Medicina.png\",\"datePublished\":\"2025-11-16T19:48:19+00:00\",\"dateModified\":\"2026-01-14T19:19:43+00:00\",\"breadcrumb\":{\"@id\":\"https:\\\/\\\/www.aglaiadesign.shop\\\/en\\\/product\\\/bily-termohrnek-medicina\\\/#breadcrumb\"},\"inLanguage\":\"en-US\",\"potentialAction\":[{\"@type\":\"ReadAction\",\"target\":[\"https:\\\/\\\/www.aglaiadesign.shop\\\/en\\\/product\\\/bily-termohrnek-medicina\\\/\"]}]},{\"@type\":\"ImageObject\",\"inLanguage\":\"en-US\",\"@id\":\"https:\\\/\\\/www.aglaiadesign.shop\\\/en\\\/product\\\/bily-termohrnek-medicina\\\/#primaryimage\",\"url\":\"https:\\\/\\\/www.aglaiadesign.shop\\\/wp-content\\\/uploads\\\/2025\\\/11\\\/Termo-hrnek-na-cestu-bily-Medicina.png\",\"contentUrl\":\"https:\\\/\\\/www.aglaiadesign.shop\\\/wp-content\\\/uploads\\\/2025\\\/11\\\/Termo-hrnek-na-cestu-bily-Medicina.png\",\"width\":1000,\"height\":1000},{\"@type\":\"BreadcrumbList\",\"@id\":\"https:\\\/\\\/www.aglaiadesign.shop\\\/en\\\/product\\\/bily-termohrnek-medicina\\\/#breadcrumb\",\"itemListElement\":[{\"@type\":\"ListItem\",\"position\":1,\"name\":\"V\u00edtejte na e-shopu Aglaia Design\",\"item\":\"https:\\\/\\\/www.aglaiadesign.shop\\\/\"},{\"@type\":\"ListItem\",\"position\":2,\"name\":\"V\u00edtejte na e-shopu Aglaia Design\",\"item\":\"https:\\\/\\\/www.aglaiadesign.shop\\\/\"},{\"@type\":\"ListItem\",\"position\":3,\"name\":\"B\u00edl\u00fd termohrnek - Medic\u00edna\"}]},{\"@type\":\"WebSite\",\"@id\":\"https:\\\/\\\/www.aglaiadesign.shop\\\/en\\\/#website\",\"url\":\"https:\\\/\\\/www.aglaiadesign.shop\\\/en\\\/\",\"name\":\"AglaiaDesign.shop\",\"description\":\"Aglaia Design e-shop, obchod s enkaustick\u00fdmi obrazy a dal\u0161\u00edmi produkty s fotoreprodukc\u00ed t\u011bchto obraz\u016f.\",\"publisher\":{\"@id\":\"https:\\\/\\\/www.aglaiadesign.shop\\\/en\\\/#organization\"},\"potentialAction\":[{\"@type\":\"SearchAction\",\"target\":{\"@type\":\"EntryPoint\",\"urlTemplate\":\"https:\\\/\\\/www.aglaiadesign.shop\\\/en\\\/?s={search_term_string}\"},\"query-input\":{\"@type\":\"PropertyValueSpecification\",\"valueRequired\":true,\"valueName\":\"search_term_string\"}}],\"inLanguage\":\"en-US\"},{\"@type\":\"Organization\",\"@id\":\"https:\\\/\\\/www.aglaiadesign.shop\\\/en\\\/#organization\",\"name\":\"AglaiaDesign.shop\",\"url\":\"https:\\\/\\\/www.aglaiadesign.shop\\\/en\\\/\",\"logo\":{\"@type\":\"ImageObject\",\"inLanguage\":\"en-US\",\"@id\":\"https:\\\/\\\/www.aglaiadesign.shop\\\/en\\\/#\\\/schema\\\/logo\\\/image\\\/\",\"url\":\"https:\\\/\\\/www.aglaiadesign.shop\\\/wp-content\\\/uploads\\\/2025\\\/11\\\/cropped-cropped-ad-logo-final.png\",\"contentUrl\":\"https:\\\/\\\/www.aglaiadesign.shop\\\/wp-content\\\/uploads\\\/2025\\\/11\\\/cropped-cropped-ad-logo-final.png\",\"width\":512,\"height\":392,\"caption\":\"AglaiaDesign.shop\"},\"image\":{\"@id\":\"https:\\\/\\\/www.aglaiadesign.shop\\\/en\\\/#\\\/schema\\\/logo\\\/image\\\/\"},\"sameAs\":[\"https:\\\/\\\/www.facebook.com\\\/people\\\/AglaiaDesignshop\\\/61584360833340\\\/\",\"https:\\\/\\\/www.instagram.com\\\/aglaiadesign.shop?igsh=NWh6eXNwbXM0Y2c4\",\"https:\\\/\\\/www.tiktok.com\\\/@aglaia.design.m.k?_r=1&_t=ZN-92fGyZrw7WQ\"]}]}<\/script>\n<!-- \/ Yoast SEO plugin. -->","yoast_head_json":{"title":"B\u00edl\u00fd termohrnek - Medic\u00edna","description":"Motiv\u00a0Medic\u00edna\u00a0podporuje\u00a0samol\u00e9\u010den\u00ed\u00a0a\u00a0uvoln\u011bn\u00ed. P\u0159in\u00e1\u0161\u00ed harmonii t\u011bla i ducha a posiluje vnit\u0159n\u00ed rovnov\u00e1hu","robots":{"index":"index","follow":"follow","max-snippet":"max-snippet:-1","max-image-preview":"max-image-preview:large","max-video-preview":"max-video-preview:-1"},"canonical":"Motiv\u00a0Medic\u00edna\u00a0podporuje\u00a0samol\u00e9\u010den\u00ed\u00a0a\u00a0uvoln\u011bn\u00ed. P\u0159in\u00e1\u0161\u00ed harmonii t\u011bla i ducha a posiluje vnit\u0159n\u00ed rovnov\u00e1hu","og_locale":"en_US","og_type":"article","og_title":"B\u00edl\u00fd termohrnek - Medic\u00edna","og_description":"Motiv\u00a0Medic\u00edna\u00a0podporuje\u00a0samol\u00e9\u010den\u00ed\u00a0a\u00a0uvoln\u011bn\u00ed. P\u0159in\u00e1\u0161\u00ed harmonii t\u011bla i ducha a posiluje vnit\u0159n\u00ed rovnov\u00e1hu","og_url":"https:\/\/www.aglaiadesign.shop\/en\/product\/bily-termohrnek-medicina\/","og_site_name":"AglaiaDesign.shop","article_publisher":"https:\/\/www.facebook.com\/people\/AglaiaDesignshop\/61584360833340\/","article_modified_time":"2026-01-14T19:19:43+00:00","og_image":[{"width":1000,"height":1000,"url":"https:\/\/www.aglaiadesign.shop\/wp-content\/uploads\/2025\/11\/Termo-hrnek-na-cestu-bily-Medicina.png","type":"image\/png"}],"twitter_card":"summary_large_image","twitter_misc":{"Est. reading time":"1 minute"},"schema":{"@context":"https:\/\/schema.org","@graph":[{"@type":"WebPage","@id":"https:\/\/www.aglaiadesign.shop\/en\/product\/bily-termohrnek-medicina\/","url":"https:\/\/www.aglaiadesign.shop\/en\/product\/bily-termohrnek-medicina\/","name":"B\u00edl\u00fd termohrnek - Medic\u00edna - AglaiaDesign.shop","isPartOf":{"@id":"https:\/\/www.aglaiadesign.shop\/#website"},"primaryImageOfPage":{"@id":"https:\/\/www.aglaiadesign.shop\/en\/product\/bily-termohrnek-medicina\/#primaryimage"},"image":{"@id":"https:\/\/www.aglaiadesign.shop\/en\/product\/bily-termohrnek-medicina\/#primaryimage"},"thumbnailUrl":"https:\/\/www.aglaiadesign.shop\/wp-content\/uploads\/2025\/11\/Termo-hrnek-na-cestu-bily-Medicina.png","datePublished":"2025-11-16T19:48:19+00:00","dateModified":"2026-01-14T19:19:43+00:00","breadcrumb":{"@id":"https:\/\/www.aglaiadesign.shop\/en\/product\/bily-termohrnek-medicina\/#breadcrumb"},"inLanguage":"en-US","potentialAction":[{"@type":"ReadAction","target":["https:\/\/www.aglaiadesign.shop\/en\/product\/bily-termohrnek-medicina\/"]}]},{"@type":"ImageObject","inLanguage":"en-US","@id":"https:\/\/www.aglaiadesign.shop\/en\/product\/bily-termohrnek-medicina\/#primaryimage","url":"https:\/\/www.aglaiadesign.shop\/wp-content\/uploads\/2025\/11\/Termo-hrnek-na-cestu-bily-Medicina.png","contentUrl":"https:\/\/www.aglaiadesign.shop\/wp-content\/uploads\/2025\/11\/Termo-hrnek-na-cestu-bily-Medicina.png","width":1000,"height":1000},{"@type":"BreadcrumbList","@id":"https:\/\/www.aglaiadesign.shop\/en\/product\/bily-termohrnek-medicina\/#breadcrumb","itemListElement":[{"@type":"ListItem","position":1,"name":"V\u00edtejte na e-shopu Aglaia Design","item":"https:\/\/www.aglaiadesign.shop\/"},{"@type":"ListItem","position":2,"name":"V\u00edtejte na e-shopu Aglaia Design","item":"https:\/\/www.aglaiadesign.shop\/"},{"@type":"ListItem","position":3,"name":"B\u00edl\u00fd termohrnek - Medic\u00edna"}]},{"@type":"WebSite","@id":"https:\/\/www.aglaiadesign.shop\/en\/#website","url":"https:\/\/www.aglaiadesign.shop\/en\/","name":"AglaiaDesign.shop","description":"Aglaia Design e-shop, obchod s enkaustick\u00fdmi obrazy a dal\u0161\u00edmi produkty s fotoreprodukc\u00ed t\u011bchto obraz\u016f.","publisher":{"@id":"https:\/\/www.aglaiadesign.shop\/en\/#organization"},"potentialAction":[{"@type":"SearchAction","target":{"@type":"EntryPoint","urlTemplate":"https:\/\/www.aglaiadesign.shop\/en\/?s={search_term_string}"},"query-input":{"@type":"PropertyValueSpecification","valueRequired":true,"valueName":"search_term_string"}}],"inLanguage":"en-US"},{"@type":"Organization","@id":"https:\/\/www.aglaiadesign.shop\/en\/#organization","name":"AglaiaDesign.shop","url":"https:\/\/www.aglaiadesign.shop\/en\/","logo":{"@type":"ImageObject","inLanguage":"en-US","@id":"https:\/\/www.aglaiadesign.shop\/en\/#\/schema\/logo\/image\/","url":"https:\/\/www.aglaiadesign.shop\/wp-content\/uploads\/2025\/11\/cropped-cropped-ad-logo-final.png","contentUrl":"https:\/\/www.aglaiadesign.shop\/wp-content\/uploads\/2025\/11\/cropped-cropped-ad-logo-final.png","width":512,"height":392,"caption":"AglaiaDesign.shop"},"image":{"@id":"https:\/\/www.aglaiadesign.shop\/en\/#\/schema\/logo\/image\/"},"sameAs":["https:\/\/www.facebook.com\/people\/AglaiaDesignshop\/61584360833340\/","https:\/\/www.instagram.com\/aglaiadesign.shop?igsh=NWh6eXNwbXM0Y2c4","https:\/\/www.tiktok.com\/@aglaia.design.m.k?_r=1&_t=ZN-92fGyZrw7WQ"]}]}},"jetpack_sharing_enabled":true,"_links":{"self":[{"href":"https:\/\/www.aglaiadesign.shop\/en\/wp-json\/wp\/v2\/product\/456","targetHints":{"allow":["GET"]}}],"collection":[{"href":"https:\/\/www.aglaiadesign.shop\/en\/wp-json\/wp\/v2\/product"}],"about":[{"href":"https:\/\/www.aglaiadesign.shop\/en\/wp-json\/wp\/v2\/types\/product"}],"replies":[{"embeddable":true,"href":"https:\/\/www.aglaiadesign.shop\/en\/wp-json\/wp\/v2\/comments?post=456"}],"wp:featuredmedia":[{"embeddable":true,"href":"https:\/\/www.aglaiadesign.shop\/en\/wp-json\/wp\/v2\/media\/457"}],"wp:attachment":[{"href":"https:\/\/www.aglaiadesign.shop\/en\/wp-json\/wp\/v2\/media?parent=456"}],"wp:term":[{"taxonomy":"product_brand","embeddable":true,"href":"https:\/\/www.aglaiadesign.shop\/en\/wp-json\/wp\/v2\/product_brand?post=456"},{"taxonomy":"product_cat","embeddable":true,"href":"https:\/\/www.aglaiadesign.shop\/en\/wp-json\/wp\/v2\/product_cat?post=456"},{"taxonomy":"product_tag","embeddable":true,"href":"https:\/\/www.aglaiadesign.shop\/en\/wp-json\/wp\/v2\/product_tag?post=456"}],"curies":[{"name":"wp","href":"https:\/\/api.w.org\/{rel}","templated":true}]}}