{"id":428,"date":"2025-11-16T18:51:01","date_gmt":"2025-11-16T17:51:01","guid":{"rendered":"https:\/\/beta.aglaiadesign.shop\/?post_type=product&#038;p=428"},"modified":"2025-11-16T18:52:52","modified_gmt":"2025-11-16T17:52:52","slug":"bila-termoska-nadeje","status":"publish","type":"product","link":"https:\/\/www.aglaiadesign.shop\/en\/product\/bila-termoska-nadeje\/","title":{"rendered":"B\u00edl\u00e1 termoska - Nad\u011bje"},"content":{"rendered":"<p>C\u00edt\u00edte, \u017ee v\u00e1m doch\u00e1z\u00ed s\u00edla? Motiv Nad\u011bje je zde pro v\u00e1s i pro va\u0161e bl\u00edzk\u00e9. P\u0159ipom\u00edn\u00e1, \u017ee nikdy nejsme sami a \u017ee ka\u017ed\u00fd krok, kter\u00fd jsme ji\u017e zvl\u00e1dli, m\u00e1 v\u00fdznam. Posiluje v\u011bdom\u00ed, \u017ee \u017eivotn\u00ed v\u00fdzvy zvl\u00e1dneme a \u017ee nad\u011bje je v\u017edy dostupn\u00e1, kdy\u017e se znovu otev\u0159eme sv\u011btu.<\/p>\n<p>600 ml termoska z nerezov\u00e9 oceli<\/p>\n<p>s polyesterov\u00fdm povrchem ur\u010den\u00fdm pro sublima\u010dn\u00ed potisk.<\/p>\n<p>V\u00ed\u010dko s rukojet\u00ed, bambusov\u00fd povrch.<\/p>\n<p>Objem: 600 ml<\/p>\n<p>V\u00fd\u0161ka: 250 mm<\/p>\n<p>Pr\u016fm\u011br: 70 mm<\/p>\n<p>Barva: b\u00edl\u00e1 s potiskem se st\u0159\u00edbrn\u00fdm uz\u00e1v\u011brem<\/p>\n<p>Chladnut\u00ed hork\u00e9ho n\u00e1poje v termosce p\u0159i okoln\u00ed teplot\u011b +5C, cca 13 h<\/p>\n<p>Dodac\u00ed lh\u016fta z\u00e1vis\u00ed na v\u00fdrob\u011b objednan\u00e9ho produktu. Nejpozd\u011bji v\u0161ak do 30 dn\u016f od zaplacen\u00ed objedn\u00e1vky.<\/p>\n","protected":false},"excerpt":{"rendered":"<p>Motiv Nad\u011bje p\u0159in\u00e1\u0161\u00ed <strong>s\u00edlu a povzbuzen\u00ed<\/strong>, kdy\u017e se c\u00edt\u00edme ztraceni.<\/p>\n","protected":false},"featured_media":429,"comment_status":"open","ping_status":"closed","template":"","meta":[],"product_brand":[20],"product_cat":[19],"product_tag":[],"class_list":{"0":"post-428","1":"product","2":"type-product","3":"status-publish","4":"has-post-thumbnail","6":"product_brand-aglaia-design","7":"product_cat-termosky","9":"first","10":"instock","11":"shipping-taxable","12":"purchasable","13":"product-type-simple"},"yoast_head":"<!-- This site is optimized with the Yoast SEO plugin v27.4 - https:\/\/yoast.com\/product\/yoast-seo-wordpress\/ -->\n<title>B\u00edl\u00e1 termoska - Nad\u011bje<\/title>\n<meta name=\"description\" content=\"Motiv Nad\u011bje p\u0159in\u00e1\u0161\u00ed s\u00edlu a povzbuzen\u00ed, kdy\u017e se c\u00edt\u00edme ztraceni.\" \/>\n<meta name=\"robots\" content=\"index, follow, max-snippet:-1, max-image-preview:large, max-video-preview:-1\" \/>\n<link rel=\"canonical\" href=\"http:\/\/Motiv%20Nad\u011bje%20p\u0159in\u00e1\u0161\u00ed%20s\u00edlu%20a%20povzbuzen\u00ed,%20kdy\u017e%20se%20c\u00edt\u00edme%20ztraceni.\" \/>\n<meta property=\"og:locale\" content=\"en_US\" \/>\n<meta property=\"og:type\" content=\"article\" \/>\n<meta property=\"og:title\" content=\"B\u00edl\u00e1 termoska - Nad\u011bje\" \/>\n<meta property=\"og:description\" content=\"Motiv Nad\u011bje p\u0159in\u00e1\u0161\u00ed s\u00edlu a povzbuzen\u00ed, kdy\u017e se c\u00edt\u00edme ztraceni.\" \/>\n<meta property=\"og:url\" content=\"https:\/\/www.aglaiadesign.shop\/en\/product\/bila-termoska-nadeje\/\" \/>\n<meta property=\"og:site_name\" content=\"AglaiaDesign.shop\" \/>\n<meta property=\"article:publisher\" content=\"https:\/\/www.facebook.com\/people\/AglaiaDesignshop\/61584360833340\/\" \/>\n<meta property=\"article:modified_time\" content=\"2025-11-16T17:52:52+00:00\" \/>\n<meta property=\"og:image\" content=\"https:\/\/www.aglaiadesign.shop\/wp-content\/uploads\/2025\/11\/Termoska-Nadeje.png\" \/>\n\t<meta property=\"og:image:width\" content=\"1000\" \/>\n\t<meta property=\"og:image:height\" content=\"1000\" \/>\n\t<meta property=\"og:image:type\" content=\"image\/png\" \/>\n<meta name=\"twitter:card\" content=\"summary_large_image\" \/>\n<meta name=\"twitter:label1\" content=\"Est. reading time\" \/>\n\t<meta name=\"twitter:data1\" content=\"1 minute\" \/>\n<script type=\"application\/ld+json\" class=\"yoast-schema-graph\">{\"@context\":\"https:\\\/\\\/schema.org\",\"@graph\":[{\"@type\":\"WebPage\",\"@id\":\"https:\\\/\\\/www.aglaiadesign.shop\\\/en\\\/product\\\/bila-termoska-nadeje\\\/\",\"url\":\"https:\\\/\\\/www.aglaiadesign.shop\\\/en\\\/product\\\/bila-termoska-nadeje\\\/\",\"name\":\"B\u00edl\u00e1 termoska - Nad\u011bje - AglaiaDesign.shop\",\"isPartOf\":{\"@id\":\"https:\\\/\\\/www.aglaiadesign.shop\\\/#website\"},\"primaryImageOfPage\":{\"@id\":\"https:\\\/\\\/www.aglaiadesign.shop\\\/en\\\/product\\\/bila-termoska-nadeje\\\/#primaryimage\"},\"image\":{\"@id\":\"https:\\\/\\\/www.aglaiadesign.shop\\\/en\\\/product\\\/bila-termoska-nadeje\\\/#primaryimage\"},\"thumbnailUrl\":\"https:\\\/\\\/www.aglaiadesign.shop\\\/wp-content\\\/uploads\\\/2025\\\/11\\\/Termoska-Nadeje.png\",\"datePublished\":\"2025-11-16T17:51:01+00:00\",\"dateModified\":\"2025-11-16T17:52:52+00:00\",\"breadcrumb\":{\"@id\":\"https:\\\/\\\/www.aglaiadesign.shop\\\/en\\\/product\\\/bila-termoska-nadeje\\\/#breadcrumb\"},\"inLanguage\":\"en-US\",\"potentialAction\":[{\"@type\":\"ReadAction\",\"target\":[\"https:\\\/\\\/www.aglaiadesign.shop\\\/en\\\/product\\\/bila-termoska-nadeje\\\/\"]}]},{\"@type\":\"ImageObject\",\"inLanguage\":\"en-US\",\"@id\":\"https:\\\/\\\/www.aglaiadesign.shop\\\/en\\\/product\\\/bila-termoska-nadeje\\\/#primaryimage\",\"url\":\"https:\\\/\\\/www.aglaiadesign.shop\\\/wp-content\\\/uploads\\\/2025\\\/11\\\/Termoska-Nadeje.png\",\"contentUrl\":\"https:\\\/\\\/www.aglaiadesign.shop\\\/wp-content\\\/uploads\\\/2025\\\/11\\\/Termoska-Nadeje.png\",\"width\":1000,\"height\":1000},{\"@type\":\"BreadcrumbList\",\"@id\":\"https:\\\/\\\/www.aglaiadesign.shop\\\/en\\\/product\\\/bila-termoska-nadeje\\\/#breadcrumb\",\"itemListElement\":[{\"@type\":\"ListItem\",\"position\":1,\"name\":\"V\u00edtejte na e-shopu Aglaia Design\",\"item\":\"https:\\\/\\\/www.aglaiadesign.shop\\\/\"},{\"@type\":\"ListItem\",\"position\":2,\"name\":\"V\u00edtejte na e-shopu Aglaia Design\",\"item\":\"https:\\\/\\\/www.aglaiadesign.shop\\\/\"},{\"@type\":\"ListItem\",\"position\":3,\"name\":\"B\u00edl\u00e1 termoska - Nad\u011bje\"}]},{\"@type\":\"WebSite\",\"@id\":\"https:\\\/\\\/www.aglaiadesign.shop\\\/en\\\/#website\",\"url\":\"https:\\\/\\\/www.aglaiadesign.shop\\\/en\\\/\",\"name\":\"AglaiaDesign.shop\",\"description\":\"Aglaia Design e-shop, obchod s enkaustick\u00fdmi obrazy a dal\u0161\u00edmi produkty s fotoreprodukc\u00ed t\u011bchto obraz\u016f.\",\"publisher\":{\"@id\":\"https:\\\/\\\/www.aglaiadesign.shop\\\/en\\\/#organization\"},\"potentialAction\":[{\"@type\":\"SearchAction\",\"target\":{\"@type\":\"EntryPoint\",\"urlTemplate\":\"https:\\\/\\\/www.aglaiadesign.shop\\\/en\\\/?s={search_term_string}\"},\"query-input\":{\"@type\":\"PropertyValueSpecification\",\"valueRequired\":true,\"valueName\":\"search_term_string\"}}],\"inLanguage\":\"en-US\"},{\"@type\":\"Organization\",\"@id\":\"https:\\\/\\\/www.aglaiadesign.shop\\\/en\\\/#organization\",\"name\":\"AglaiaDesign.shop\",\"url\":\"https:\\\/\\\/www.aglaiadesign.shop\\\/en\\\/\",\"logo\":{\"@type\":\"ImageObject\",\"inLanguage\":\"en-US\",\"@id\":\"https:\\\/\\\/www.aglaiadesign.shop\\\/en\\\/#\\\/schema\\\/logo\\\/image\\\/\",\"url\":\"https:\\\/\\\/www.aglaiadesign.shop\\\/wp-content\\\/uploads\\\/2025\\\/11\\\/cropped-cropped-ad-logo-final.png\",\"contentUrl\":\"https:\\\/\\\/www.aglaiadesign.shop\\\/wp-content\\\/uploads\\\/2025\\\/11\\\/cropped-cropped-ad-logo-final.png\",\"width\":512,\"height\":392,\"caption\":\"AglaiaDesign.shop\"},\"image\":{\"@id\":\"https:\\\/\\\/www.aglaiadesign.shop\\\/en\\\/#\\\/schema\\\/logo\\\/image\\\/\"},\"sameAs\":[\"https:\\\/\\\/www.facebook.com\\\/people\\\/AglaiaDesignshop\\\/61584360833340\\\/\",\"https:\\\/\\\/www.instagram.com\\\/aglaiadesign.shop?igsh=NWh6eXNwbXM0Y2c4\",\"https:\\\/\\\/www.tiktok.com\\\/@aglaia.design.m.k?_r=1&_t=ZN-92fGyZrw7WQ\"]}]}<\/script>\n<!-- \/ Yoast SEO plugin. -->","yoast_head_json":{"title":"B\u00edl\u00e1 termoska - Nad\u011bje","description":"Motiv Nad\u011bje p\u0159in\u00e1\u0161\u00ed s\u00edlu a povzbuzen\u00ed, kdy\u017e se c\u00edt\u00edme ztraceni.","robots":{"index":"index","follow":"follow","max-snippet":"max-snippet:-1","max-image-preview":"max-image-preview:large","max-video-preview":"max-video-preview:-1"},"canonical":"Motiv Nad\u011bje p\u0159in\u00e1\u0161\u00ed s\u00edlu a povzbuzen\u00ed, kdy\u017e se c\u00edt\u00edme ztraceni.","og_locale":"en_US","og_type":"article","og_title":"B\u00edl\u00e1 termoska - Nad\u011bje","og_description":"Motiv Nad\u011bje p\u0159in\u00e1\u0161\u00ed s\u00edlu a povzbuzen\u00ed, kdy\u017e se c\u00edt\u00edme ztraceni.","og_url":"https:\/\/www.aglaiadesign.shop\/en\/product\/bila-termoska-nadeje\/","og_site_name":"AglaiaDesign.shop","article_publisher":"https:\/\/www.facebook.com\/people\/AglaiaDesignshop\/61584360833340\/","article_modified_time":"2025-11-16T17:52:52+00:00","og_image":[{"width":1000,"height":1000,"url":"https:\/\/www.aglaiadesign.shop\/wp-content\/uploads\/2025\/11\/Termoska-Nadeje.png","type":"image\/png"}],"twitter_card":"summary_large_image","twitter_misc":{"Est. reading time":"1 minute"},"schema":{"@context":"https:\/\/schema.org","@graph":[{"@type":"WebPage","@id":"https:\/\/www.aglaiadesign.shop\/en\/product\/bila-termoska-nadeje\/","url":"https:\/\/www.aglaiadesign.shop\/en\/product\/bila-termoska-nadeje\/","name":"B\u00edl\u00e1 termoska - Nad\u011bje - AglaiaDesign.shop","isPartOf":{"@id":"https:\/\/www.aglaiadesign.shop\/#website"},"primaryImageOfPage":{"@id":"https:\/\/www.aglaiadesign.shop\/en\/product\/bila-termoska-nadeje\/#primaryimage"},"image":{"@id":"https:\/\/www.aglaiadesign.shop\/en\/product\/bila-termoska-nadeje\/#primaryimage"},"thumbnailUrl":"https:\/\/www.aglaiadesign.shop\/wp-content\/uploads\/2025\/11\/Termoska-Nadeje.png","datePublished":"2025-11-16T17:51:01+00:00","dateModified":"2025-11-16T17:52:52+00:00","breadcrumb":{"@id":"https:\/\/www.aglaiadesign.shop\/en\/product\/bila-termoska-nadeje\/#breadcrumb"},"inLanguage":"en-US","potentialAction":[{"@type":"ReadAction","target":["https:\/\/www.aglaiadesign.shop\/en\/product\/bila-termoska-nadeje\/"]}]},{"@type":"ImageObject","inLanguage":"en-US","@id":"https:\/\/www.aglaiadesign.shop\/en\/product\/bila-termoska-nadeje\/#primaryimage","url":"https:\/\/www.aglaiadesign.shop\/wp-content\/uploads\/2025\/11\/Termoska-Nadeje.png","contentUrl":"https:\/\/www.aglaiadesign.shop\/wp-content\/uploads\/2025\/11\/Termoska-Nadeje.png","width":1000,"height":1000},{"@type":"BreadcrumbList","@id":"https:\/\/www.aglaiadesign.shop\/en\/product\/bila-termoska-nadeje\/#breadcrumb","itemListElement":[{"@type":"ListItem","position":1,"name":"V\u00edtejte na e-shopu Aglaia Design","item":"https:\/\/www.aglaiadesign.shop\/"},{"@type":"ListItem","position":2,"name":"V\u00edtejte na e-shopu Aglaia Design","item":"https:\/\/www.aglaiadesign.shop\/"},{"@type":"ListItem","position":3,"name":"B\u00edl\u00e1 termoska - Nad\u011bje"}]},{"@type":"WebSite","@id":"https:\/\/www.aglaiadesign.shop\/en\/#website","url":"https:\/\/www.aglaiadesign.shop\/en\/","name":"AglaiaDesign.shop","description":"Aglaia Design e-shop, obchod s enkaustick\u00fdmi obrazy a dal\u0161\u00edmi produkty s fotoreprodukc\u00ed t\u011bchto obraz\u016f.","publisher":{"@id":"https:\/\/www.aglaiadesign.shop\/en\/#organization"},"potentialAction":[{"@type":"SearchAction","target":{"@type":"EntryPoint","urlTemplate":"https:\/\/www.aglaiadesign.shop\/en\/?s={search_term_string}"},"query-input":{"@type":"PropertyValueSpecification","valueRequired":true,"valueName":"search_term_string"}}],"inLanguage":"en-US"},{"@type":"Organization","@id":"https:\/\/www.aglaiadesign.shop\/en\/#organization","name":"AglaiaDesign.shop","url":"https:\/\/www.aglaiadesign.shop\/en\/","logo":{"@type":"ImageObject","inLanguage":"en-US","@id":"https:\/\/www.aglaiadesign.shop\/en\/#\/schema\/logo\/image\/","url":"https:\/\/www.aglaiadesign.shop\/wp-content\/uploads\/2025\/11\/cropped-cropped-ad-logo-final.png","contentUrl":"https:\/\/www.aglaiadesign.shop\/wp-content\/uploads\/2025\/11\/cropped-cropped-ad-logo-final.png","width":512,"height":392,"caption":"AglaiaDesign.shop"},"image":{"@id":"https:\/\/www.aglaiadesign.shop\/en\/#\/schema\/logo\/image\/"},"sameAs":["https:\/\/www.facebook.com\/people\/AglaiaDesignshop\/61584360833340\/","https:\/\/www.instagram.com\/aglaiadesign.shop?igsh=NWh6eXNwbXM0Y2c4","https:\/\/www.tiktok.com\/@aglaia.design.m.k?_r=1&_t=ZN-92fGyZrw7WQ"]}]}},"jetpack_sharing_enabled":true,"_links":{"self":[{"href":"https:\/\/www.aglaiadesign.shop\/en\/wp-json\/wp\/v2\/product\/428","targetHints":{"allow":["GET"]}}],"collection":[{"href":"https:\/\/www.aglaiadesign.shop\/en\/wp-json\/wp\/v2\/product"}],"about":[{"href":"https:\/\/www.aglaiadesign.shop\/en\/wp-json\/wp\/v2\/types\/product"}],"replies":[{"embeddable":true,"href":"https:\/\/www.aglaiadesign.shop\/en\/wp-json\/wp\/v2\/comments?post=428"}],"wp:featuredmedia":[{"embeddable":true,"href":"https:\/\/www.aglaiadesign.shop\/en\/wp-json\/wp\/v2\/media\/429"}],"wp:attachment":[{"href":"https:\/\/www.aglaiadesign.shop\/en\/wp-json\/wp\/v2\/media?parent=428"}],"wp:term":[{"taxonomy":"product_brand","embeddable":true,"href":"https:\/\/www.aglaiadesign.shop\/en\/wp-json\/wp\/v2\/product_brand?post=428"},{"taxonomy":"product_cat","embeddable":true,"href":"https:\/\/www.aglaiadesign.shop\/en\/wp-json\/wp\/v2\/product_cat?post=428"},{"taxonomy":"product_tag","embeddable":true,"href":"https:\/\/www.aglaiadesign.shop\/en\/wp-json\/wp\/v2\/product_tag?post=428"}],"curies":[{"name":"wp","href":"https:\/\/api.w.org\/{rel}","templated":true}]}}