{"id":391,"date":"2025-11-16T14:36:04","date_gmt":"2025-11-16T13:36:04","guid":{"rendered":"https:\/\/beta.aglaiadesign.shop\/?post_type=product&#038;p=391"},"modified":"2025-11-16T16:35:51","modified_gmt":"2025-11-16T15:35:51","slug":"keramicky-hrnek-stribrny-medicina","status":"publish","type":"product","link":"https:\/\/www.aglaiadesign.shop\/en\/product\/keramicky-hrnek-stribrny-medicina\/","title":{"rendered":"Keramick\u00fd hrnek st\u0159\u00edbrn\u00fd - Medic\u00edna"},"content":{"rendered":"<p>Hloubka uzdravov\u00e1n\u00ed je sou\u010d\u00e1st\u00ed ka\u017ed\u00e9ho z n\u00e1s. Motiv Medic\u00edna je tvo\u0159en s c\u00edlem pom\u00e1hat na cest\u011b k vnit\u0159n\u00ed rovnov\u00e1ze a samol\u00e9\u010debn\u00fdm proces\u016fm. p\u0159ipom\u00edn\u00e1, \u017ee uvoln\u011bn\u00ed a n\u00e1vrat k vlastn\u00ed p\u0159irozenosti je mo\u017en\u00fd kdykoli. Dop\u0159ejte si jeho energii jako podporu ka\u017edodenn\u00edho \u017eivota, a\u0165 u\u017e p\u0159i ritu\u00e1lu klidu, meditaci \u010di p\u0159i chv\u00edl\u00edch odpo\u010dinku.<\/p>\n<p>Hrnek keramick\u00fd st\u0159\u00edb\u0159en\u00fd<\/p>\n<p>Hrnek m\u00e1 standartn\u00ed velikost 300ml \/ 11oz Coating Orca<\/p>\n<ul>\n<li>keramick\u00fd glazovan\u00fd hrnek<\/li>\n<li>Barva: st\u0159\u00edbrn\u00e1 + potisk<\/li>\n<li>Objem: 330 ml<\/li>\n<li>Velikost: O 8,2 x V 9,5 cm<\/li>\n<li>Pro zachov\u00e1n\u00ed potisku doporu\u010duji ru\u010dn\u00ed myt\u00ed.<\/li>\n<\/ul>\n<p>Dodac\u00ed lh\u016fta z\u00e1vis\u00ed na v\u00fdrob\u011b objednan\u00e9ho produktu. Nejpozd\u011bji v\u0161ak do 30 dn\u016f od zaplacen\u00ed objedn\u00e1vky.<\/p>\n<p>Pracujeme na focen\u00ed dal\u0161\u00edch hrnk\u016f. Motiv\u016f bude 14.\u00a0 M\u016f\u017eete si je prohl\u00e9dnout na termo hrnk\u00e1ch a termosk\u00e1ch. M\u011bjte pros\u00edm trp\u011blivost. E-shop se st\u00e1le vyv\u00edj\u00ed. Pokud by jste cht\u011bli hrnek st\u0159\u00edbrn\u00fd v jin\u00e9m motivu, napi\u0161te n\u00e1m. R\u00e1di v\u00e1m ho p\u0159iprav\u00edme.<\/p>\n<p>Barvy na hrnku se od motivu li\u0161\u00ed. D\u016fvod je st\u0159\u00edbrn\u00fd podklad.<\/p>\n<p>&nbsp;<\/p>\n","protected":false},"excerpt":{"rendered":"<p>Motiv <strong>Medic\u00edna<\/strong> podporuje <strong>samol\u00e9\u010den\u00ed <\/strong>a <strong>uvoln\u011bn\u00ed<\/strong>. P\u0159in\u00e1\u0161\u00ed harmonii t\u011bla i ducha a posiluje vnit\u0159n\u00ed rovnov\u00e1hu<\/p>\n","protected":false},"featured_media":393,"comment_status":"open","ping_status":"closed","template":"","meta":[],"product_brand":[20],"product_cat":[17],"product_tag":[],"class_list":{"0":"post-391","1":"product","2":"type-product","3":"status-publish","4":"has-post-thumbnail","6":"product_brand-aglaia-design","7":"product_cat-stribrne-hrnky","9":"first","10":"instock","11":"shipping-taxable","12":"purchasable","13":"product-type-simple"},"yoast_head":"<!-- This site is optimized with the Yoast SEO plugin v27.4 - https:\/\/yoast.com\/product\/yoast-seo-wordpress\/ -->\n<title>Keramick\u00fd hrnek st\u0159\u00edbrn\u00fd - Medic\u00edna<\/title>\n<meta name=\"description\" content=\"Motiv Medic\u00edna podporuje samol\u00e9\u010den\u00ed a uvoln\u011bn\u00ed. P\u0159in\u00e1\u0161\u00ed harmonii t\u011bla i ducha a posiluje vnit\u0159n\u00ed rovnov\u00e1hu\" \/>\n<meta name=\"robots\" content=\"index, follow, max-snippet:-1, max-image-preview:large, max-video-preview:-1\" \/>\n<link rel=\"canonical\" href=\"http:\/\/Motiv%20Medic\u00edna%20podporuje%20samol\u00e9\u010den\u00ed%20a%20uvoln\u011bn\u00ed.%20P\u0159in\u00e1\u0161\u00ed%20harmonii%20t\u011bla%20i%20ducha%20a%20posiluje%20vnit\u0159n\u00ed%20rovnov\u00e1hu\" \/>\n<meta property=\"og:locale\" content=\"en_US\" \/>\n<meta property=\"og:type\" content=\"article\" \/>\n<meta property=\"og:title\" content=\"Keramick\u00fd hrnek st\u0159\u00edbrn\u00fd - Medic\u00edna\" \/>\n<meta property=\"og:description\" content=\"Motiv Medic\u00edna podporuje samol\u00e9\u010den\u00ed a uvoln\u011bn\u00ed. P\u0159in\u00e1\u0161\u00ed harmonii t\u011bla i ducha a posiluje vnit\u0159n\u00ed rovnov\u00e1hu\" \/>\n<meta property=\"og:url\" content=\"https:\/\/www.aglaiadesign.shop\/en\/product\/keramicky-hrnek-stribrny-medicina\/\" \/>\n<meta property=\"og:site_name\" content=\"AglaiaDesign.shop\" \/>\n<meta property=\"article:publisher\" content=\"https:\/\/www.facebook.com\/people\/AglaiaDesignshop\/61584360833340\/\" \/>\n<meta property=\"article:modified_time\" content=\"2025-11-16T15:35:51+00:00\" \/>\n<meta property=\"og:image\" content=\"https:\/\/www.aglaiadesign.shop\/wp-content\/uploads\/2025\/11\/Stribrny-hrnek-Medicina.png\" \/>\n\t<meta property=\"og:image:width\" content=\"1000\" \/>\n\t<meta property=\"og:image:height\" content=\"1000\" \/>\n\t<meta property=\"og:image:type\" content=\"image\/png\" \/>\n<meta name=\"twitter:card\" content=\"summary_large_image\" \/>\n<meta name=\"twitter:label1\" content=\"Est. reading time\" \/>\n\t<meta name=\"twitter:data1\" content=\"1 minute\" \/>\n<script type=\"application\/ld+json\" class=\"yoast-schema-graph\">{\"@context\":\"https:\\\/\\\/schema.org\",\"@graph\":[{\"@type\":\"WebPage\",\"@id\":\"https:\\\/\\\/www.aglaiadesign.shop\\\/en\\\/product\\\/keramicky-hrnek-stribrny-medicina\\\/\",\"url\":\"https:\\\/\\\/www.aglaiadesign.shop\\\/en\\\/product\\\/keramicky-hrnek-stribrny-medicina\\\/\",\"name\":\"Keramick\u00fd hrnek st\u0159\u00edbrn\u00fd - Medic\u00edna - AglaiaDesign.shop\",\"isPartOf\":{\"@id\":\"https:\\\/\\\/www.aglaiadesign.shop\\\/#website\"},\"primaryImageOfPage\":{\"@id\":\"https:\\\/\\\/www.aglaiadesign.shop\\\/en\\\/product\\\/keramicky-hrnek-stribrny-medicina\\\/#primaryimage\"},\"image\":{\"@id\":\"https:\\\/\\\/www.aglaiadesign.shop\\\/en\\\/product\\\/keramicky-hrnek-stribrny-medicina\\\/#primaryimage\"},\"thumbnailUrl\":\"https:\\\/\\\/www.aglaiadesign.shop\\\/wp-content\\\/uploads\\\/2025\\\/11\\\/Stribrny-hrnek-Medicina.png\",\"datePublished\":\"2025-11-16T13:36:04+00:00\",\"dateModified\":\"2025-11-16T15:35:51+00:00\",\"breadcrumb\":{\"@id\":\"https:\\\/\\\/www.aglaiadesign.shop\\\/en\\\/product\\\/keramicky-hrnek-stribrny-medicina\\\/#breadcrumb\"},\"inLanguage\":\"en-US\",\"potentialAction\":[{\"@type\":\"ReadAction\",\"target\":[\"https:\\\/\\\/www.aglaiadesign.shop\\\/en\\\/product\\\/keramicky-hrnek-stribrny-medicina\\\/\"]}]},{\"@type\":\"ImageObject\",\"inLanguage\":\"en-US\",\"@id\":\"https:\\\/\\\/www.aglaiadesign.shop\\\/en\\\/product\\\/keramicky-hrnek-stribrny-medicina\\\/#primaryimage\",\"url\":\"https:\\\/\\\/www.aglaiadesign.shop\\\/wp-content\\\/uploads\\\/2025\\\/11\\\/Stribrny-hrnek-Medicina.png\",\"contentUrl\":\"https:\\\/\\\/www.aglaiadesign.shop\\\/wp-content\\\/uploads\\\/2025\\\/11\\\/Stribrny-hrnek-Medicina.png\",\"width\":1000,\"height\":1000},{\"@type\":\"BreadcrumbList\",\"@id\":\"https:\\\/\\\/www.aglaiadesign.shop\\\/en\\\/product\\\/keramicky-hrnek-stribrny-medicina\\\/#breadcrumb\",\"itemListElement\":[{\"@type\":\"ListItem\",\"position\":1,\"name\":\"V\u00edtejte na e-shopu Aglaia Design\",\"item\":\"https:\\\/\\\/www.aglaiadesign.shop\\\/\"},{\"@type\":\"ListItem\",\"position\":2,\"name\":\"V\u00edtejte na e-shopu Aglaia Design\",\"item\":\"https:\\\/\\\/www.aglaiadesign.shop\\\/\"},{\"@type\":\"ListItem\",\"position\":3,\"name\":\"Keramick\u00fd hrnek st\u0159\u00edbrn\u00fd - Medic\u00edna\"}]},{\"@type\":\"WebSite\",\"@id\":\"https:\\\/\\\/www.aglaiadesign.shop\\\/en\\\/#website\",\"url\":\"https:\\\/\\\/www.aglaiadesign.shop\\\/en\\\/\",\"name\":\"AglaiaDesign.shop\",\"description\":\"Aglaia Design e-shop, obchod s enkaustick\u00fdmi obrazy a dal\u0161\u00edmi produkty s fotoreprodukc\u00ed t\u011bchto obraz\u016f.\",\"publisher\":{\"@id\":\"https:\\\/\\\/www.aglaiadesign.shop\\\/en\\\/#organization\"},\"potentialAction\":[{\"@type\":\"SearchAction\",\"target\":{\"@type\":\"EntryPoint\",\"urlTemplate\":\"https:\\\/\\\/www.aglaiadesign.shop\\\/en\\\/?s={search_term_string}\"},\"query-input\":{\"@type\":\"PropertyValueSpecification\",\"valueRequired\":true,\"valueName\":\"search_term_string\"}}],\"inLanguage\":\"en-US\"},{\"@type\":\"Organization\",\"@id\":\"https:\\\/\\\/www.aglaiadesign.shop\\\/en\\\/#organization\",\"name\":\"AglaiaDesign.shop\",\"url\":\"https:\\\/\\\/www.aglaiadesign.shop\\\/en\\\/\",\"logo\":{\"@type\":\"ImageObject\",\"inLanguage\":\"en-US\",\"@id\":\"https:\\\/\\\/www.aglaiadesign.shop\\\/en\\\/#\\\/schema\\\/logo\\\/image\\\/\",\"url\":\"https:\\\/\\\/www.aglaiadesign.shop\\\/wp-content\\\/uploads\\\/2025\\\/11\\\/cropped-cropped-ad-logo-final.png\",\"contentUrl\":\"https:\\\/\\\/www.aglaiadesign.shop\\\/wp-content\\\/uploads\\\/2025\\\/11\\\/cropped-cropped-ad-logo-final.png\",\"width\":512,\"height\":392,\"caption\":\"AglaiaDesign.shop\"},\"image\":{\"@id\":\"https:\\\/\\\/www.aglaiadesign.shop\\\/en\\\/#\\\/schema\\\/logo\\\/image\\\/\"},\"sameAs\":[\"https:\\\/\\\/www.facebook.com\\\/people\\\/AglaiaDesignshop\\\/61584360833340\\\/\",\"https:\\\/\\\/www.instagram.com\\\/aglaiadesign.shop?igsh=NWh6eXNwbXM0Y2c4\",\"https:\\\/\\\/www.tiktok.com\\\/@aglaia.design.m.k?_r=1&_t=ZN-92fGyZrw7WQ\"]}]}<\/script>\n<!-- \/ Yoast SEO plugin. -->","yoast_head_json":{"title":"Keramick\u00fd hrnek st\u0159\u00edbrn\u00fd - Medic\u00edna","description":"Motiv Medic\u00edna podporuje samol\u00e9\u010den\u00ed a uvoln\u011bn\u00ed. P\u0159in\u00e1\u0161\u00ed harmonii t\u011bla i ducha a posiluje vnit\u0159n\u00ed rovnov\u00e1hu","robots":{"index":"index","follow":"follow","max-snippet":"max-snippet:-1","max-image-preview":"max-image-preview:large","max-video-preview":"max-video-preview:-1"},"canonical":"Motiv Medic\u00edna podporuje samol\u00e9\u010den\u00ed a uvoln\u011bn\u00ed. P\u0159in\u00e1\u0161\u00ed harmonii t\u011bla i ducha a posiluje vnit\u0159n\u00ed rovnov\u00e1hu","og_locale":"en_US","og_type":"article","og_title":"Keramick\u00fd hrnek st\u0159\u00edbrn\u00fd - Medic\u00edna","og_description":"Motiv Medic\u00edna podporuje samol\u00e9\u010den\u00ed a uvoln\u011bn\u00ed. P\u0159in\u00e1\u0161\u00ed harmonii t\u011bla i ducha a posiluje vnit\u0159n\u00ed rovnov\u00e1hu","og_url":"https:\/\/www.aglaiadesign.shop\/en\/product\/keramicky-hrnek-stribrny-medicina\/","og_site_name":"AglaiaDesign.shop","article_publisher":"https:\/\/www.facebook.com\/people\/AglaiaDesignshop\/61584360833340\/","article_modified_time":"2025-11-16T15:35:51+00:00","og_image":[{"width":1000,"height":1000,"url":"https:\/\/www.aglaiadesign.shop\/wp-content\/uploads\/2025\/11\/Stribrny-hrnek-Medicina.png","type":"image\/png"}],"twitter_card":"summary_large_image","twitter_misc":{"Est. reading time":"1 minute"},"schema":{"@context":"https:\/\/schema.org","@graph":[{"@type":"WebPage","@id":"https:\/\/www.aglaiadesign.shop\/en\/product\/keramicky-hrnek-stribrny-medicina\/","url":"https:\/\/www.aglaiadesign.shop\/en\/product\/keramicky-hrnek-stribrny-medicina\/","name":"Keramick\u00fd hrnek st\u0159\u00edbrn\u00fd - Medic\u00edna - AglaiaDesign.shop","isPartOf":{"@id":"https:\/\/www.aglaiadesign.shop\/#website"},"primaryImageOfPage":{"@id":"https:\/\/www.aglaiadesign.shop\/en\/product\/keramicky-hrnek-stribrny-medicina\/#primaryimage"},"image":{"@id":"https:\/\/www.aglaiadesign.shop\/en\/product\/keramicky-hrnek-stribrny-medicina\/#primaryimage"},"thumbnailUrl":"https:\/\/www.aglaiadesign.shop\/wp-content\/uploads\/2025\/11\/Stribrny-hrnek-Medicina.png","datePublished":"2025-11-16T13:36:04+00:00","dateModified":"2025-11-16T15:35:51+00:00","breadcrumb":{"@id":"https:\/\/www.aglaiadesign.shop\/en\/product\/keramicky-hrnek-stribrny-medicina\/#breadcrumb"},"inLanguage":"en-US","potentialAction":[{"@type":"ReadAction","target":["https:\/\/www.aglaiadesign.shop\/en\/product\/keramicky-hrnek-stribrny-medicina\/"]}]},{"@type":"ImageObject","inLanguage":"en-US","@id":"https:\/\/www.aglaiadesign.shop\/en\/product\/keramicky-hrnek-stribrny-medicina\/#primaryimage","url":"https:\/\/www.aglaiadesign.shop\/wp-content\/uploads\/2025\/11\/Stribrny-hrnek-Medicina.png","contentUrl":"https:\/\/www.aglaiadesign.shop\/wp-content\/uploads\/2025\/11\/Stribrny-hrnek-Medicina.png","width":1000,"height":1000},{"@type":"BreadcrumbList","@id":"https:\/\/www.aglaiadesign.shop\/en\/product\/keramicky-hrnek-stribrny-medicina\/#breadcrumb","itemListElement":[{"@type":"ListItem","position":1,"name":"V\u00edtejte na e-shopu Aglaia Design","item":"https:\/\/www.aglaiadesign.shop\/"},{"@type":"ListItem","position":2,"name":"V\u00edtejte na e-shopu Aglaia Design","item":"https:\/\/www.aglaiadesign.shop\/"},{"@type":"ListItem","position":3,"name":"Keramick\u00fd hrnek st\u0159\u00edbrn\u00fd - Medic\u00edna"}]},{"@type":"WebSite","@id":"https:\/\/www.aglaiadesign.shop\/en\/#website","url":"https:\/\/www.aglaiadesign.shop\/en\/","name":"AglaiaDesign.shop","description":"Aglaia Design e-shop, obchod s enkaustick\u00fdmi obrazy a dal\u0161\u00edmi produkty s fotoreprodukc\u00ed t\u011bchto obraz\u016f.","publisher":{"@id":"https:\/\/www.aglaiadesign.shop\/en\/#organization"},"potentialAction":[{"@type":"SearchAction","target":{"@type":"EntryPoint","urlTemplate":"https:\/\/www.aglaiadesign.shop\/en\/?s={search_term_string}"},"query-input":{"@type":"PropertyValueSpecification","valueRequired":true,"valueName":"search_term_string"}}],"inLanguage":"en-US"},{"@type":"Organization","@id":"https:\/\/www.aglaiadesign.shop\/en\/#organization","name":"AglaiaDesign.shop","url":"https:\/\/www.aglaiadesign.shop\/en\/","logo":{"@type":"ImageObject","inLanguage":"en-US","@id":"https:\/\/www.aglaiadesign.shop\/en\/#\/schema\/logo\/image\/","url":"https:\/\/www.aglaiadesign.shop\/wp-content\/uploads\/2025\/11\/cropped-cropped-ad-logo-final.png","contentUrl":"https:\/\/www.aglaiadesign.shop\/wp-content\/uploads\/2025\/11\/cropped-cropped-ad-logo-final.png","width":512,"height":392,"caption":"AglaiaDesign.shop"},"image":{"@id":"https:\/\/www.aglaiadesign.shop\/en\/#\/schema\/logo\/image\/"},"sameAs":["https:\/\/www.facebook.com\/people\/AglaiaDesignshop\/61584360833340\/","https:\/\/www.instagram.com\/aglaiadesign.shop?igsh=NWh6eXNwbXM0Y2c4","https:\/\/www.tiktok.com\/@aglaia.design.m.k?_r=1&_t=ZN-92fGyZrw7WQ"]}]}},"jetpack_sharing_enabled":true,"_links":{"self":[{"href":"https:\/\/www.aglaiadesign.shop\/en\/wp-json\/wp\/v2\/product\/391","targetHints":{"allow":["GET"]}}],"collection":[{"href":"https:\/\/www.aglaiadesign.shop\/en\/wp-json\/wp\/v2\/product"}],"about":[{"href":"https:\/\/www.aglaiadesign.shop\/en\/wp-json\/wp\/v2\/types\/product"}],"replies":[{"embeddable":true,"href":"https:\/\/www.aglaiadesign.shop\/en\/wp-json\/wp\/v2\/comments?post=391"}],"wp:featuredmedia":[{"embeddable":true,"href":"https:\/\/www.aglaiadesign.shop\/en\/wp-json\/wp\/v2\/media\/393"}],"wp:attachment":[{"href":"https:\/\/www.aglaiadesign.shop\/en\/wp-json\/wp\/v2\/media?parent=391"}],"wp:term":[{"taxonomy":"product_brand","embeddable":true,"href":"https:\/\/www.aglaiadesign.shop\/en\/wp-json\/wp\/v2\/product_brand?post=391"},{"taxonomy":"product_cat","embeddable":true,"href":"https:\/\/www.aglaiadesign.shop\/en\/wp-json\/wp\/v2\/product_cat?post=391"},{"taxonomy":"product_tag","embeddable":true,"href":"https:\/\/www.aglaiadesign.shop\/en\/wp-json\/wp\/v2\/product_tag?post=391"}],"curies":[{"name":"wp","href":"https:\/\/api.w.org\/{rel}","templated":true}]}}