{"id":384,"date":"2025-11-16T13:50:48","date_gmt":"2025-11-16T12:50:48","guid":{"rendered":"https:\/\/beta.aglaiadesign.shop\/?post_type=product&#038;p=384"},"modified":"2025-11-16T13:50:48","modified_gmt":"2025-11-16T12:50:48","slug":"novy-zivotni-styl","status":"publish","type":"product","link":"https:\/\/www.aglaiadesign.shop\/en\/product\/novy-zivotni-styl\/","title":{"rendered":"Nov\u00fd \u017eivotn\u00ed styl"},"content":{"rendered":"<p>Zlat\u00e9 pl\u00e1tno pokryt\u00e9 pro\u017eitkem nov\u00e9 \u00farovn\u011b v\u011bdom\u00ed. Energie a esence tohoto d\u00edla je podpo\u0159it rozhodnut\u00ed, \u017e\u00edt jinak. L\u00e9pe! P\u0159ipom\u00ednat si ka\u017ed\u00fd den, kdy\u017e se na obraz zahled\u00edm, \u017ee jsem cht\u011bl \/ cht\u011bla n\u011bco ve sv\u00e9m \u017eivot\u011b radik\u00e1ln\u011b zm\u011bnit.\u00a0 Udr\u017eet si nastaven\u00fd sm\u011br, podporovat se a j\u00edt za lep\u0161\u00edm \u017eivotn\u00edm stylem.<\/p>\n<p>Ka\u017ed\u00fd origin\u00e1l, kter\u00fd nen\u00ed tvo\u0159en na m\u00edru (pro osobn\u00ed zak\u00e1zku) je d\u00e1le tiskem p\u0159en\u00e1\u0161en na dal\u0161\u00ed m\u00e9dia. Origin\u00e1ln\u00ed obraz je pouze jeden, ale m\u016f\u017eete ho spat\u0159it na kopi\u00edch a ve ve\u0159ejn\u00e9m prostoru. Budouc\u00ed hodnota origin\u00e1ln\u00edho obrazu se t\u00edm m\u016f\u017ee zvedat. Origin\u00e1ln\u00ed obraz je v\u00fdhodn\u00e1 investice do budoucnosti.<\/p>\n<p>Malba v\u010del\u00edm voskem<\/p>\n<p>&nbsp;<\/p>\n","protected":false},"excerpt":{"rendered":"<p>Zlat\u00e9 pl\u00e1tno pokryt\u00e9 pro\u017eitkem nov\u00e9 \u00farovn\u011b v\u011bdom\u00ed. Energie a esence tohoto d\u00edla je podpo\u0159it rozhodnut\u00ed, \u017e\u00edt jinak. L\u00e9pe! P\u0159ipom\u00ednat si ka\u017ed\u00fd den, kdy\u017e se na obraz zahled\u00edm, \u017ee jsem cht\u011bl \/ cht\u011bla n\u011bco ve sv\u00e9m \u017eivot\u011b radik\u00e1ln\u011b zm\u011bnit.\u00a0 Udr\u017eet si nastaven\u00fd sm\u011br, podporovat se a j\u00edt za lep\u0161\u00edm \u017eivotn\u00edm stylem. Ka\u017ed\u00fd origin\u00e1l, kter\u00fd nen\u00ed tvo\u0159en [&hellip;]<\/p>\n","protected":false},"featured_media":385,"comment_status":"open","ping_status":"closed","template":"","meta":[],"product_brand":[20],"product_cat":[27],"product_tag":[],"class_list":{"0":"post-384","1":"product","2":"type-product","3":"status-publish","4":"has-post-thumbnail","6":"product_brand-aglaia-design","7":"product_cat-originalni-obrazy","9":"first","10":"instock","11":"shipping-taxable","12":"purchasable","13":"product-type-simple"},"yoast_head":"<!-- This site is optimized with the Yoast SEO plugin v27.4 - https:\/\/yoast.com\/product\/yoast-seo-wordpress\/ -->\n<title>Nov\u00fd \u017eivotn\u00ed styl<\/title>\n<meta name=\"description\" content=\"Zlat\u00e9 pl\u00e1tno pokryt\u00e9 pro\u017eitkem nov\u00e9 \u00farovn\u011b v\u011bdom\u00ed. Energie a esence tohoto d\u00edla je podpo\u0159it rozhodnut\u00ed, \u017e\u00edt jinak. L\u00e9pe! P\u0159ipom\u00ednat si ka\u017ed\u00fd den, kdy\u017e se na obraz zahled\u00edm, \u017ee jsem cht\u011bl \/ cht\u011bla n\u011bco ve sv\u00e9m \u017eivot\u011b radik\u00e1ln\u011b zm\u011bnit.\u00a0 Udr\u017eet si nastaven\u00fd sm\u011br, podporovat se a j\u00edt za lep\u0161\u00edm \u017eivotn\u00edm stylem. Ka\u017ed\u00fd origin\u00e1l, kter\u00fd nen\u00ed tvo\u0159en&hellip;\" \/>\n<meta name=\"robots\" content=\"index, follow, max-snippet:-1, max-image-preview:large, max-video-preview:-1\" \/>\n<link rel=\"canonical\" href=\"http:\/\/Zlat\u00e9%20pl\u00e1tno%20pokryt\u00e9%20pro\u017eitkem%20nov\u00e9%20\u00farovn\u011b%20v\u011bdom\u00ed.%20Energie%20a%20esence%20tohoto%20d\u00edla%20je%20podpo\u0159it%20rozhodnut\u00ed,%20\u017e\u00edt%20jinak.%20L\u00e9pe!%20P\u0159ipom\u00ednat%20si%20ka\u017ed\u00fd%20den,%20kdy\u017e%20se%20na%20obraz%20zahled\u00edm,%20\u017ee%20jsem%20cht\u011bl%20\/%20cht\u011bla%20n\u011bco%20ve%20sv\u00e9m%20\u017eivot\u011b%20radik\u00e1ln\u011b%20zm\u011bnit.\u00a0%20Udr\u017eet%20si%20nastaven\u00fd%20sm\u011br,%20podporovat%20se%20a%20j\u00edt%20za%20lep\u0161\u00edm%20\u017eivotn\u00edm%20stylem.%20Ka\u017ed\u00fd%20origin\u00e1l,%20kter\u00fd%20nen\u00ed%20tvo\u0159en&hellip;\" \/>\n<meta property=\"og:locale\" content=\"en_US\" \/>\n<meta property=\"og:type\" content=\"article\" \/>\n<meta property=\"og:title\" content=\"Nov\u00fd \u017eivotn\u00ed styl\" \/>\n<meta property=\"og:description\" content=\"Zlat\u00e9 pl\u00e1tno pokryt\u00e9 pro\u017eitkem nov\u00e9 \u00farovn\u011b v\u011bdom\u00ed. Energie a esence tohoto d\u00edla je podpo\u0159it rozhodnut\u00ed, \u017e\u00edt jinak. L\u00e9pe! P\u0159ipom\u00ednat si ka\u017ed\u00fd den, kdy\u017e se na obraz zahled\u00edm, \u017ee jsem cht\u011bl \/ cht\u011bla n\u011bco ve sv\u00e9m \u017eivot\u011b radik\u00e1ln\u011b zm\u011bnit.\u00a0 Udr\u017eet si nastaven\u00fd sm\u011br, podporovat se a j\u00edt za lep\u0161\u00edm \u017eivotn\u00edm stylem. Ka\u017ed\u00fd origin\u00e1l, kter\u00fd nen\u00ed tvo\u0159en&hellip;\" \/>\n<meta property=\"og:url\" content=\"https:\/\/www.aglaiadesign.shop\/en\/product\/novy-zivotni-styl\/\" \/>\n<meta property=\"og:site_name\" content=\"AglaiaDesign.shop\" \/>\n<meta property=\"article:publisher\" content=\"https:\/\/www.facebook.com\/people\/AglaiaDesignshop\/61584360833340\/\" \/>\n<meta property=\"og:image\" content=\"https:\/\/www.aglaiadesign.shop\/wp-content\/uploads\/2025\/11\/5Y8A2412-scaled.jpg\" \/>\n\t<meta property=\"og:image:width\" content=\"2560\" \/>\n\t<meta property=\"og:image:height\" content=\"2289\" \/>\n\t<meta property=\"og:image:type\" content=\"image\/jpeg\" \/>\n<meta name=\"twitter:card\" content=\"summary_large_image\" \/>\n<meta name=\"twitter:label1\" content=\"Est. reading time\" \/>\n\t<meta name=\"twitter:data1\" content=\"1 minute\" \/>\n<script type=\"application\/ld+json\" class=\"yoast-schema-graph\">{\"@context\":\"https:\\\/\\\/schema.org\",\"@graph\":[{\"@type\":\"WebPage\",\"@id\":\"https:\\\/\\\/www.aglaiadesign.shop\\\/en\\\/product\\\/novy-zivotni-styl\\\/\",\"url\":\"https:\\\/\\\/www.aglaiadesign.shop\\\/en\\\/product\\\/novy-zivotni-styl\\\/\",\"name\":\"Nov\u00fd \u017eivotn\u00ed styl - AglaiaDesign.shop\",\"isPartOf\":{\"@id\":\"https:\\\/\\\/www.aglaiadesign.shop\\\/#website\"},\"primaryImageOfPage\":{\"@id\":\"https:\\\/\\\/www.aglaiadesign.shop\\\/en\\\/product\\\/novy-zivotni-styl\\\/#primaryimage\"},\"image\":{\"@id\":\"https:\\\/\\\/www.aglaiadesign.shop\\\/en\\\/product\\\/novy-zivotni-styl\\\/#primaryimage\"},\"thumbnailUrl\":\"https:\\\/\\\/www.aglaiadesign.shop\\\/wp-content\\\/uploads\\\/2025\\\/11\\\/5Y8A2412-scaled.jpg\",\"datePublished\":\"2025-11-16T12:50:48+00:00\",\"breadcrumb\":{\"@id\":\"https:\\\/\\\/www.aglaiadesign.shop\\\/en\\\/product\\\/novy-zivotni-styl\\\/#breadcrumb\"},\"inLanguage\":\"en-US\",\"potentialAction\":[{\"@type\":\"ReadAction\",\"target\":[\"https:\\\/\\\/www.aglaiadesign.shop\\\/en\\\/product\\\/novy-zivotni-styl\\\/\"]}]},{\"@type\":\"ImageObject\",\"inLanguage\":\"en-US\",\"@id\":\"https:\\\/\\\/www.aglaiadesign.shop\\\/en\\\/product\\\/novy-zivotni-styl\\\/#primaryimage\",\"url\":\"https:\\\/\\\/www.aglaiadesign.shop\\\/wp-content\\\/uploads\\\/2025\\\/11\\\/5Y8A2412-scaled.jpg\",\"contentUrl\":\"https:\\\/\\\/www.aglaiadesign.shop\\\/wp-content\\\/uploads\\\/2025\\\/11\\\/5Y8A2412-scaled.jpg\",\"width\":2560,\"height\":2289},{\"@type\":\"BreadcrumbList\",\"@id\":\"https:\\\/\\\/www.aglaiadesign.shop\\\/en\\\/product\\\/novy-zivotni-styl\\\/#breadcrumb\",\"itemListElement\":[{\"@type\":\"ListItem\",\"position\":1,\"name\":\"V\u00edtejte na e-shopu Aglaia Design\",\"item\":\"https:\\\/\\\/www.aglaiadesign.shop\\\/\"},{\"@type\":\"ListItem\",\"position\":2,\"name\":\"V\u00edtejte na e-shopu Aglaia Design\",\"item\":\"https:\\\/\\\/www.aglaiadesign.shop\\\/\"},{\"@type\":\"ListItem\",\"position\":3,\"name\":\"Nov\u00fd \u017eivotn\u00ed styl\"}]},{\"@type\":\"WebSite\",\"@id\":\"https:\\\/\\\/www.aglaiadesign.shop\\\/en\\\/#website\",\"url\":\"https:\\\/\\\/www.aglaiadesign.shop\\\/en\\\/\",\"name\":\"AglaiaDesign.shop\",\"description\":\"Aglaia Design e-shop, obchod s enkaustick\u00fdmi obrazy a dal\u0161\u00edmi produkty s fotoreprodukc\u00ed t\u011bchto obraz\u016f.\",\"publisher\":{\"@id\":\"https:\\\/\\\/www.aglaiadesign.shop\\\/en\\\/#organization\"},\"potentialAction\":[{\"@type\":\"SearchAction\",\"target\":{\"@type\":\"EntryPoint\",\"urlTemplate\":\"https:\\\/\\\/www.aglaiadesign.shop\\\/en\\\/?s={search_term_string}\"},\"query-input\":{\"@type\":\"PropertyValueSpecification\",\"valueRequired\":true,\"valueName\":\"search_term_string\"}}],\"inLanguage\":\"en-US\"},{\"@type\":\"Organization\",\"@id\":\"https:\\\/\\\/www.aglaiadesign.shop\\\/en\\\/#organization\",\"name\":\"AglaiaDesign.shop\",\"url\":\"https:\\\/\\\/www.aglaiadesign.shop\\\/en\\\/\",\"logo\":{\"@type\":\"ImageObject\",\"inLanguage\":\"en-US\",\"@id\":\"https:\\\/\\\/www.aglaiadesign.shop\\\/en\\\/#\\\/schema\\\/logo\\\/image\\\/\",\"url\":\"https:\\\/\\\/www.aglaiadesign.shop\\\/wp-content\\\/uploads\\\/2025\\\/11\\\/cropped-cropped-ad-logo-final.png\",\"contentUrl\":\"https:\\\/\\\/www.aglaiadesign.shop\\\/wp-content\\\/uploads\\\/2025\\\/11\\\/cropped-cropped-ad-logo-final.png\",\"width\":512,\"height\":392,\"caption\":\"AglaiaDesign.shop\"},\"image\":{\"@id\":\"https:\\\/\\\/www.aglaiadesign.shop\\\/en\\\/#\\\/schema\\\/logo\\\/image\\\/\"},\"sameAs\":[\"https:\\\/\\\/www.facebook.com\\\/people\\\/AglaiaDesignshop\\\/61584360833340\\\/\",\"https:\\\/\\\/www.instagram.com\\\/aglaiadesign.shop?igsh=NWh6eXNwbXM0Y2c4\",\"https:\\\/\\\/www.tiktok.com\\\/@aglaia.design.m.k?_r=1&_t=ZN-92fGyZrw7WQ\"]}]}<\/script>\n<!-- \/ Yoast SEO plugin. -->","yoast_head_json":{"title":"Nov\u00fd \u017eivotn\u00ed styl","description":"Zlat\u00e9 pl\u00e1tno pokryt\u00e9 pro\u017eitkem nov\u00e9 \u00farovn\u011b v\u011bdom\u00ed. Energie a esence tohoto d\u00edla je podpo\u0159it rozhodnut\u00ed, \u017e\u00edt jinak. L\u00e9pe! P\u0159ipom\u00ednat si ka\u017ed\u00fd den, kdy\u017e se na obraz zahled\u00edm, \u017ee jsem cht\u011bl \/ cht\u011bla n\u011bco ve sv\u00e9m \u017eivot\u011b radik\u00e1ln\u011b zm\u011bnit.\u00a0 Udr\u017eet si nastaven\u00fd sm\u011br, podporovat se a j\u00edt za lep\u0161\u00edm \u017eivotn\u00edm stylem. Ka\u017ed\u00fd origin\u00e1l, kter\u00fd nen\u00ed tvo\u0159en&hellip;","robots":{"index":"index","follow":"follow","max-snippet":"max-snippet:-1","max-image-preview":"max-image-preview:large","max-video-preview":"max-video-preview:-1"},"canonical":"Zlat\u00e9 pl\u00e1tno pokryt\u00e9 pro\u017eitkem nov\u00e9 \u00farovn\u011b v\u011bdom\u00ed. Energie a esence tohoto d\u00edla je podpo\u0159it rozhodnut\u00ed, \u017e\u00edt jinak. L\u00e9pe! P\u0159ipom\u00ednat si ka\u017ed\u00fd den, kdy\u017e se na obraz zahled\u00edm, \u017ee jsem cht\u011bl \/ cht\u011bla n\u011bco ve sv\u00e9m \u017eivot\u011b radik\u00e1ln\u011b zm\u011bnit.\u00a0 Udr\u017eet si nastaven\u00fd sm\u011br, podporovat se a j\u00edt za lep\u0161\u00edm \u017eivotn\u00edm stylem. Ka\u017ed\u00fd origin\u00e1l, kter\u00fd nen\u00ed tvo\u0159en&hellip;","og_locale":"en_US","og_type":"article","og_title":"Nov\u00fd \u017eivotn\u00ed styl","og_description":"Zlat\u00e9 pl\u00e1tno pokryt\u00e9 pro\u017eitkem nov\u00e9 \u00farovn\u011b v\u011bdom\u00ed. Energie a esence tohoto d\u00edla je podpo\u0159it rozhodnut\u00ed, \u017e\u00edt jinak. L\u00e9pe! P\u0159ipom\u00ednat si ka\u017ed\u00fd den, kdy\u017e se na obraz zahled\u00edm, \u017ee jsem cht\u011bl \/ cht\u011bla n\u011bco ve sv\u00e9m \u017eivot\u011b radik\u00e1ln\u011b zm\u011bnit.\u00a0 Udr\u017eet si nastaven\u00fd sm\u011br, podporovat se a j\u00edt za lep\u0161\u00edm \u017eivotn\u00edm stylem. Ka\u017ed\u00fd origin\u00e1l, kter\u00fd nen\u00ed tvo\u0159en&hellip;","og_url":"https:\/\/www.aglaiadesign.shop\/en\/product\/novy-zivotni-styl\/","og_site_name":"AglaiaDesign.shop","article_publisher":"https:\/\/www.facebook.com\/people\/AglaiaDesignshop\/61584360833340\/","og_image":[{"width":2560,"height":2289,"url":"https:\/\/www.aglaiadesign.shop\/wp-content\/uploads\/2025\/11\/5Y8A2412-scaled.jpg","type":"image\/jpeg"}],"twitter_card":"summary_large_image","twitter_misc":{"Est. reading time":"1 minute"},"schema":{"@context":"https:\/\/schema.org","@graph":[{"@type":"WebPage","@id":"https:\/\/www.aglaiadesign.shop\/en\/product\/novy-zivotni-styl\/","url":"https:\/\/www.aglaiadesign.shop\/en\/product\/novy-zivotni-styl\/","name":"Nov\u00fd \u017eivotn\u00ed styl - AglaiaDesign.shop","isPartOf":{"@id":"https:\/\/www.aglaiadesign.shop\/#website"},"primaryImageOfPage":{"@id":"https:\/\/www.aglaiadesign.shop\/en\/product\/novy-zivotni-styl\/#primaryimage"},"image":{"@id":"https:\/\/www.aglaiadesign.shop\/en\/product\/novy-zivotni-styl\/#primaryimage"},"thumbnailUrl":"https:\/\/www.aglaiadesign.shop\/wp-content\/uploads\/2025\/11\/5Y8A2412-scaled.jpg","datePublished":"2025-11-16T12:50:48+00:00","breadcrumb":{"@id":"https:\/\/www.aglaiadesign.shop\/en\/product\/novy-zivotni-styl\/#breadcrumb"},"inLanguage":"en-US","potentialAction":[{"@type":"ReadAction","target":["https:\/\/www.aglaiadesign.shop\/en\/product\/novy-zivotni-styl\/"]}]},{"@type":"ImageObject","inLanguage":"en-US","@id":"https:\/\/www.aglaiadesign.shop\/en\/product\/novy-zivotni-styl\/#primaryimage","url":"https:\/\/www.aglaiadesign.shop\/wp-content\/uploads\/2025\/11\/5Y8A2412-scaled.jpg","contentUrl":"https:\/\/www.aglaiadesign.shop\/wp-content\/uploads\/2025\/11\/5Y8A2412-scaled.jpg","width":2560,"height":2289},{"@type":"BreadcrumbList","@id":"https:\/\/www.aglaiadesign.shop\/en\/product\/novy-zivotni-styl\/#breadcrumb","itemListElement":[{"@type":"ListItem","position":1,"name":"V\u00edtejte na e-shopu Aglaia Design","item":"https:\/\/www.aglaiadesign.shop\/"},{"@type":"ListItem","position":2,"name":"V\u00edtejte na e-shopu Aglaia Design","item":"https:\/\/www.aglaiadesign.shop\/"},{"@type":"ListItem","position":3,"name":"Nov\u00fd \u017eivotn\u00ed styl"}]},{"@type":"WebSite","@id":"https:\/\/www.aglaiadesign.shop\/en\/#website","url":"https:\/\/www.aglaiadesign.shop\/en\/","name":"AglaiaDesign.shop","description":"Aglaia Design e-shop, obchod s enkaustick\u00fdmi obrazy a dal\u0161\u00edmi produkty s fotoreprodukc\u00ed t\u011bchto obraz\u016f.","publisher":{"@id":"https:\/\/www.aglaiadesign.shop\/en\/#organization"},"potentialAction":[{"@type":"SearchAction","target":{"@type":"EntryPoint","urlTemplate":"https:\/\/www.aglaiadesign.shop\/en\/?s={search_term_string}"},"query-input":{"@type":"PropertyValueSpecification","valueRequired":true,"valueName":"search_term_string"}}],"inLanguage":"en-US"},{"@type":"Organization","@id":"https:\/\/www.aglaiadesign.shop\/en\/#organization","name":"AglaiaDesign.shop","url":"https:\/\/www.aglaiadesign.shop\/en\/","logo":{"@type":"ImageObject","inLanguage":"en-US","@id":"https:\/\/www.aglaiadesign.shop\/en\/#\/schema\/logo\/image\/","url":"https:\/\/www.aglaiadesign.shop\/wp-content\/uploads\/2025\/11\/cropped-cropped-ad-logo-final.png","contentUrl":"https:\/\/www.aglaiadesign.shop\/wp-content\/uploads\/2025\/11\/cropped-cropped-ad-logo-final.png","width":512,"height":392,"caption":"AglaiaDesign.shop"},"image":{"@id":"https:\/\/www.aglaiadesign.shop\/en\/#\/schema\/logo\/image\/"},"sameAs":["https:\/\/www.facebook.com\/people\/AglaiaDesignshop\/61584360833340\/","https:\/\/www.instagram.com\/aglaiadesign.shop?igsh=NWh6eXNwbXM0Y2c4","https:\/\/www.tiktok.com\/@aglaia.design.m.k?_r=1&_t=ZN-92fGyZrw7WQ"]}]}},"jetpack_sharing_enabled":true,"_links":{"self":[{"href":"https:\/\/www.aglaiadesign.shop\/en\/wp-json\/wp\/v2\/product\/384","targetHints":{"allow":["GET"]}}],"collection":[{"href":"https:\/\/www.aglaiadesign.shop\/en\/wp-json\/wp\/v2\/product"}],"about":[{"href":"https:\/\/www.aglaiadesign.shop\/en\/wp-json\/wp\/v2\/types\/product"}],"replies":[{"embeddable":true,"href":"https:\/\/www.aglaiadesign.shop\/en\/wp-json\/wp\/v2\/comments?post=384"}],"wp:featuredmedia":[{"embeddable":true,"href":"https:\/\/www.aglaiadesign.shop\/en\/wp-json\/wp\/v2\/media\/385"}],"wp:attachment":[{"href":"https:\/\/www.aglaiadesign.shop\/en\/wp-json\/wp\/v2\/media?parent=384"}],"wp:term":[{"taxonomy":"product_brand","embeddable":true,"href":"https:\/\/www.aglaiadesign.shop\/en\/wp-json\/wp\/v2\/product_brand?post=384"},{"taxonomy":"product_cat","embeddable":true,"href":"https:\/\/www.aglaiadesign.shop\/en\/wp-json\/wp\/v2\/product_cat?post=384"},{"taxonomy":"product_tag","embeddable":true,"href":"https:\/\/www.aglaiadesign.shop\/en\/wp-json\/wp\/v2\/product_tag?post=384"}],"curies":[{"name":"wp","href":"https:\/\/api.w.org\/{rel}","templated":true}]}}