{"id":380,"date":"2025-11-16T13:30:24","date_gmt":"2025-11-16T12:30:24","guid":{"rendered":"https:\/\/beta.aglaiadesign.shop\/?post_type=product&#038;p=380"},"modified":"2026-02-19T10:03:52","modified_gmt":"2026-02-19T09:03:52","slug":"harmonie","status":"publish","type":"product","link":"https:\/\/www.aglaiadesign.shop\/en\/product\/harmonie\/","title":{"rendered":"Harmonie"},"content":{"rendered":"<p>Harmonie na v\u0161ech rovin\u00e1ch. L\u00e1ska, komunikace, vztahy, \u017eivot. Takov\u00e9 je t\u00e9ma labut\u00edho spojen\u00ed a klidn\u00e9 modr\u00e9 barvy. Mo\u017enost v\u011bnovat jako dar \u010dlov\u011bku, kter\u00e9mu ze srdce p\u0159ejete klid a harmonii. Nebo ji chcete c\u00edtit ka\u017ed\u00fd den ve sv\u00e9m prostoru? Pak je to obraz p\u0159\u00edmo pro V\u00e1s.<\/p>\n<p>Ka\u017ed\u00fd origin\u00e1l, kter\u00fd nen\u00ed tvo\u0159en na m\u00edru (pro osobn\u00ed zak\u00e1zku) je d\u00e1le tiskem p\u0159en\u00e1\u0161en na dal\u0161\u00ed m\u00e9dia. Origin\u00e1ln\u00ed obraz je pouze jeden, ale m\u016f\u017eete ho spat\u0159it na kopi\u00edch a ve ve\u0159ejn\u00e9m prostoru. Budouc\u00ed hodnota origin\u00e1ln\u00edho obrazu se t\u00edm m\u016f\u017ee zvedat. Origin\u00e1ln\u00ed obraz je v\u00fdhodn\u00e1 investice do budoucnosti.<\/p>\n<p>Malba v\u010del\u00edm voskem + tmel<\/p>\n<p>90 cm x 70 cm \/ canvas<\/p>\n","protected":false},"excerpt":{"rendered":"<p>Harmonie na v\u0161ech rovin\u00e1ch. L\u00e1ska, komunikace, vztahy, \u017eivot. Takov\u00e9 je t\u00e9ma labut\u00edho spojen\u00ed a klidn\u00e9 modr\u00e9 barvy. Mo\u017enost v\u011bnovat jako dar \u010dlov\u011bku, kter\u00e9mu ze srdce p\u0159ejete klid a harmonii. Nebo ji chcete c\u00edtit ka\u017ed\u00fd den ve sv\u00e9m prostoru? Pak je to obraz p\u0159\u00edmo pro V\u00e1s. Ka\u017ed\u00fd origin\u00e1l, kter\u00fd nen\u00ed tvo\u0159en na m\u00edru (pro osobn\u00ed zak\u00e1zku) [&hellip;]<\/p>\n","protected":false},"featured_media":381,"comment_status":"open","ping_status":"closed","template":"","meta":[],"product_brand":[20],"product_cat":[27],"product_tag":[],"class_list":{"0":"post-380","1":"product","2":"type-product","3":"status-publish","4":"has-post-thumbnail","6":"product_brand-aglaia-design","7":"product_cat-originalni-obrazy","9":"first","10":"instock","11":"shipping-taxable","12":"purchasable","13":"product-type-simple"},"yoast_head":"<!-- This site is optimized with the Yoast SEO plugin v27.4 - https:\/\/yoast.com\/product\/yoast-seo-wordpress\/ -->\n<title>Harmonie<\/title>\n<meta name=\"description\" content=\"Harmonie na v\u0161ech rovin\u00e1ch. L\u00e1ska, komunikace, vztahy, \u017eivot. Takov\u00e9 je t\u00e9ma labut\u00edho spojen\u00ed a klidn\u00e9 modr\u00e9 barvy. Mo\u017enost v\u011bnovat jako dar \u010dlov\u011bku, kter\u00e9mu ze srdce p\u0159ejete klid a harmonii. Nebo ji chcete c\u00edtit ka\u017ed\u00fd den ve sv\u00e9m prostoru? Pak je to obraz p\u0159\u00edmo pro V\u00e1s. Ka\u017ed\u00fd origin\u00e1l, kter\u00fd nen\u00ed tvo\u0159en na m\u00edru (pro osobn\u00ed zak\u00e1zku)&hellip;\" \/>\n<meta name=\"robots\" content=\"index, follow, max-snippet:-1, max-image-preview:large, max-video-preview:-1\" \/>\n<link rel=\"canonical\" href=\"http:\/\/Harmonie%20na%20v\u0161ech%20rovin\u00e1ch.%20L\u00e1ska,%20komunikace,%20vztahy,%20\u017eivot.%20Takov\u00e9%20je%20t\u00e9ma%20labut\u00edho%20spojen\u00ed%20a%20klidn\u00e9%20modr\u00e9%20barvy.%20Mo\u017enost%20v\u011bnovat%20jako%20dar%20\u010dlov\u011bku,%20kter\u00e9mu%20ze%20srdce%20p\u0159ejete%20klid%20a%20harmonii.%20Nebo%20ji%20chcete%20c\u00edtit%20ka\u017ed\u00fd%20den%20ve%20sv\u00e9m%20prostoru?%20Pak%20je%20to%20obraz%20p\u0159\u00edmo%20pro%20V\u00e1s.%20Ka\u017ed\u00fd%20origin\u00e1l,%20kter\u00fd%20nen\u00ed%20tvo\u0159en%20na%20m\u00edru%20(pro%20osobn\u00ed%20zak\u00e1zku)&hellip;\" \/>\n<meta property=\"og:locale\" content=\"en_US\" \/>\n<meta property=\"og:type\" content=\"article\" \/>\n<meta property=\"og:title\" content=\"Harmonie\" \/>\n<meta property=\"og:description\" content=\"Harmonie na v\u0161ech rovin\u00e1ch. L\u00e1ska, komunikace, vztahy, \u017eivot. Takov\u00e9 je t\u00e9ma labut\u00edho spojen\u00ed a klidn\u00e9 modr\u00e9 barvy. Mo\u017enost v\u011bnovat jako dar \u010dlov\u011bku, kter\u00e9mu ze srdce p\u0159ejete klid a harmonii. Nebo ji chcete c\u00edtit ka\u017ed\u00fd den ve sv\u00e9m prostoru? Pak je to obraz p\u0159\u00edmo pro V\u00e1s. Ka\u017ed\u00fd origin\u00e1l, kter\u00fd nen\u00ed tvo\u0159en na m\u00edru (pro osobn\u00ed zak\u00e1zku)&hellip;\" \/>\n<meta property=\"og:url\" content=\"https:\/\/www.aglaiadesign.shop\/en\/product\/harmonie\/\" \/>\n<meta property=\"og:site_name\" content=\"AglaiaDesign.shop\" \/>\n<meta property=\"article:publisher\" content=\"https:\/\/www.facebook.com\/people\/AglaiaDesignshop\/61584360833340\/\" \/>\n<meta property=\"article:modified_time\" content=\"2026-02-19T09:03:52+00:00\" \/>\n<meta property=\"og:image\" content=\"https:\/\/www.aglaiadesign.shop\/wp-content\/uploads\/2025\/11\/1X6A9088-scaled.jpg\" \/>\n\t<meta property=\"og:image:width\" content=\"1996\" \/>\n\t<meta property=\"og:image:height\" content=\"2560\" \/>\n\t<meta property=\"og:image:type\" content=\"image\/jpeg\" \/>\n<meta name=\"twitter:card\" content=\"summary_large_image\" \/>\n<meta name=\"twitter:label1\" content=\"Est. reading time\" \/>\n\t<meta name=\"twitter:data1\" content=\"1 minute\" \/>\n<script type=\"application\/ld+json\" class=\"yoast-schema-graph\">{\"@context\":\"https:\\\/\\\/schema.org\",\"@graph\":[{\"@type\":\"WebPage\",\"@id\":\"https:\\\/\\\/www.aglaiadesign.shop\\\/en\\\/product\\\/harmonie\\\/\",\"url\":\"https:\\\/\\\/www.aglaiadesign.shop\\\/en\\\/product\\\/harmonie\\\/\",\"name\":\"Harmonie - AglaiaDesign.shop\",\"isPartOf\":{\"@id\":\"https:\\\/\\\/www.aglaiadesign.shop\\\/#website\"},\"primaryImageOfPage\":{\"@id\":\"https:\\\/\\\/www.aglaiadesign.shop\\\/en\\\/product\\\/harmonie\\\/#primaryimage\"},\"image\":{\"@id\":\"https:\\\/\\\/www.aglaiadesign.shop\\\/en\\\/product\\\/harmonie\\\/#primaryimage\"},\"thumbnailUrl\":\"https:\\\/\\\/www.aglaiadesign.shop\\\/wp-content\\\/uploads\\\/2025\\\/11\\\/1X6A9088-scaled.jpg\",\"datePublished\":\"2025-11-16T12:30:24+00:00\",\"dateModified\":\"2026-02-19T09:03:52+00:00\",\"breadcrumb\":{\"@id\":\"https:\\\/\\\/www.aglaiadesign.shop\\\/en\\\/product\\\/harmonie\\\/#breadcrumb\"},\"inLanguage\":\"en-US\",\"potentialAction\":[{\"@type\":\"ReadAction\",\"target\":[\"https:\\\/\\\/www.aglaiadesign.shop\\\/en\\\/product\\\/harmonie\\\/\"]}]},{\"@type\":\"ImageObject\",\"inLanguage\":\"en-US\",\"@id\":\"https:\\\/\\\/www.aglaiadesign.shop\\\/en\\\/product\\\/harmonie\\\/#primaryimage\",\"url\":\"https:\\\/\\\/www.aglaiadesign.shop\\\/wp-content\\\/uploads\\\/2025\\\/11\\\/1X6A9088-scaled.jpg\",\"contentUrl\":\"https:\\\/\\\/www.aglaiadesign.shop\\\/wp-content\\\/uploads\\\/2025\\\/11\\\/1X6A9088-scaled.jpg\",\"width\":1996,\"height\":2560},{\"@type\":\"BreadcrumbList\",\"@id\":\"https:\\\/\\\/www.aglaiadesign.shop\\\/en\\\/product\\\/harmonie\\\/#breadcrumb\",\"itemListElement\":[{\"@type\":\"ListItem\",\"position\":1,\"name\":\"V\u00edtejte na e-shopu Aglaia Design\",\"item\":\"https:\\\/\\\/www.aglaiadesign.shop\\\/\"},{\"@type\":\"ListItem\",\"position\":2,\"name\":\"V\u00edtejte na e-shopu Aglaia Design\",\"item\":\"https:\\\/\\\/www.aglaiadesign.shop\\\/\"},{\"@type\":\"ListItem\",\"position\":3,\"name\":\"Harmonie\"}]},{\"@type\":\"WebSite\",\"@id\":\"https:\\\/\\\/www.aglaiadesign.shop\\\/en\\\/#website\",\"url\":\"https:\\\/\\\/www.aglaiadesign.shop\\\/en\\\/\",\"name\":\"AglaiaDesign.shop\",\"description\":\"Aglaia Design e-shop, obchod s enkaustick\u00fdmi obrazy a dal\u0161\u00edmi produkty s fotoreprodukc\u00ed t\u011bchto obraz\u016f.\",\"publisher\":{\"@id\":\"https:\\\/\\\/www.aglaiadesign.shop\\\/en\\\/#organization\"},\"potentialAction\":[{\"@type\":\"SearchAction\",\"target\":{\"@type\":\"EntryPoint\",\"urlTemplate\":\"https:\\\/\\\/www.aglaiadesign.shop\\\/en\\\/?s={search_term_string}\"},\"query-input\":{\"@type\":\"PropertyValueSpecification\",\"valueRequired\":true,\"valueName\":\"search_term_string\"}}],\"inLanguage\":\"en-US\"},{\"@type\":\"Organization\",\"@id\":\"https:\\\/\\\/www.aglaiadesign.shop\\\/en\\\/#organization\",\"name\":\"AglaiaDesign.shop\",\"url\":\"https:\\\/\\\/www.aglaiadesign.shop\\\/en\\\/\",\"logo\":{\"@type\":\"ImageObject\",\"inLanguage\":\"en-US\",\"@id\":\"https:\\\/\\\/www.aglaiadesign.shop\\\/en\\\/#\\\/schema\\\/logo\\\/image\\\/\",\"url\":\"https:\\\/\\\/www.aglaiadesign.shop\\\/wp-content\\\/uploads\\\/2025\\\/11\\\/cropped-cropped-ad-logo-final.png\",\"contentUrl\":\"https:\\\/\\\/www.aglaiadesign.shop\\\/wp-content\\\/uploads\\\/2025\\\/11\\\/cropped-cropped-ad-logo-final.png\",\"width\":512,\"height\":392,\"caption\":\"AglaiaDesign.shop\"},\"image\":{\"@id\":\"https:\\\/\\\/www.aglaiadesign.shop\\\/en\\\/#\\\/schema\\\/logo\\\/image\\\/\"},\"sameAs\":[\"https:\\\/\\\/www.facebook.com\\\/people\\\/AglaiaDesignshop\\\/61584360833340\\\/\",\"https:\\\/\\\/www.instagram.com\\\/aglaiadesign.shop?igsh=NWh6eXNwbXM0Y2c4\",\"https:\\\/\\\/www.tiktok.com\\\/@aglaia.design.m.k?_r=1&_t=ZN-92fGyZrw7WQ\"]}]}<\/script>\n<!-- \/ Yoast SEO plugin. -->","yoast_head_json":{"title":"Harmonie","description":"Harmonie na v\u0161ech rovin\u00e1ch. L\u00e1ska, komunikace, vztahy, \u017eivot. Takov\u00e9 je t\u00e9ma labut\u00edho spojen\u00ed a klidn\u00e9 modr\u00e9 barvy. Mo\u017enost v\u011bnovat jako dar \u010dlov\u011bku, kter\u00e9mu ze srdce p\u0159ejete klid a harmonii. Nebo ji chcete c\u00edtit ka\u017ed\u00fd den ve sv\u00e9m prostoru? Pak je to obraz p\u0159\u00edmo pro V\u00e1s. Ka\u017ed\u00fd origin\u00e1l, kter\u00fd nen\u00ed tvo\u0159en na m\u00edru (pro osobn\u00ed zak\u00e1zku)&hellip;","robots":{"index":"index","follow":"follow","max-snippet":"max-snippet:-1","max-image-preview":"max-image-preview:large","max-video-preview":"max-video-preview:-1"},"canonical":"Harmonie na v\u0161ech rovin\u00e1ch. L\u00e1ska, komunikace, vztahy, \u017eivot. Takov\u00e9 je t\u00e9ma labut\u00edho spojen\u00ed a klidn\u00e9 modr\u00e9 barvy. Mo\u017enost v\u011bnovat jako dar \u010dlov\u011bku, kter\u00e9mu ze srdce p\u0159ejete klid a harmonii. Nebo ji chcete c\u00edtit ka\u017ed\u00fd den ve sv\u00e9m prostoru? Pak je to obraz p\u0159\u00edmo pro V\u00e1s. Ka\u017ed\u00fd origin\u00e1l, kter\u00fd nen\u00ed tvo\u0159en na m\u00edru (pro osobn\u00ed zak\u00e1zku)&hellip;","og_locale":"en_US","og_type":"article","og_title":"Harmonie","og_description":"Harmonie na v\u0161ech rovin\u00e1ch. L\u00e1ska, komunikace, vztahy, \u017eivot. Takov\u00e9 je t\u00e9ma labut\u00edho spojen\u00ed a klidn\u00e9 modr\u00e9 barvy. Mo\u017enost v\u011bnovat jako dar \u010dlov\u011bku, kter\u00e9mu ze srdce p\u0159ejete klid a harmonii. Nebo ji chcete c\u00edtit ka\u017ed\u00fd den ve sv\u00e9m prostoru? Pak je to obraz p\u0159\u00edmo pro V\u00e1s. Ka\u017ed\u00fd origin\u00e1l, kter\u00fd nen\u00ed tvo\u0159en na m\u00edru (pro osobn\u00ed zak\u00e1zku)&hellip;","og_url":"https:\/\/www.aglaiadesign.shop\/en\/product\/harmonie\/","og_site_name":"AglaiaDesign.shop","article_publisher":"https:\/\/www.facebook.com\/people\/AglaiaDesignshop\/61584360833340\/","article_modified_time":"2026-02-19T09:03:52+00:00","og_image":[{"width":1996,"height":2560,"url":"https:\/\/www.aglaiadesign.shop\/wp-content\/uploads\/2025\/11\/1X6A9088-scaled.jpg","type":"image\/jpeg"}],"twitter_card":"summary_large_image","twitter_misc":{"Est. reading time":"1 minute"},"schema":{"@context":"https:\/\/schema.org","@graph":[{"@type":"WebPage","@id":"https:\/\/www.aglaiadesign.shop\/en\/product\/harmonie\/","url":"https:\/\/www.aglaiadesign.shop\/en\/product\/harmonie\/","name":"Harmonie - AglaiaDesign.shop","isPartOf":{"@id":"https:\/\/www.aglaiadesign.shop\/#website"},"primaryImageOfPage":{"@id":"https:\/\/www.aglaiadesign.shop\/en\/product\/harmonie\/#primaryimage"},"image":{"@id":"https:\/\/www.aglaiadesign.shop\/en\/product\/harmonie\/#primaryimage"},"thumbnailUrl":"https:\/\/www.aglaiadesign.shop\/wp-content\/uploads\/2025\/11\/1X6A9088-scaled.jpg","datePublished":"2025-11-16T12:30:24+00:00","dateModified":"2026-02-19T09:03:52+00:00","breadcrumb":{"@id":"https:\/\/www.aglaiadesign.shop\/en\/product\/harmonie\/#breadcrumb"},"inLanguage":"en-US","potentialAction":[{"@type":"ReadAction","target":["https:\/\/www.aglaiadesign.shop\/en\/product\/harmonie\/"]}]},{"@type":"ImageObject","inLanguage":"en-US","@id":"https:\/\/www.aglaiadesign.shop\/en\/product\/harmonie\/#primaryimage","url":"https:\/\/www.aglaiadesign.shop\/wp-content\/uploads\/2025\/11\/1X6A9088-scaled.jpg","contentUrl":"https:\/\/www.aglaiadesign.shop\/wp-content\/uploads\/2025\/11\/1X6A9088-scaled.jpg","width":1996,"height":2560},{"@type":"BreadcrumbList","@id":"https:\/\/www.aglaiadesign.shop\/en\/product\/harmonie\/#breadcrumb","itemListElement":[{"@type":"ListItem","position":1,"name":"V\u00edtejte na e-shopu Aglaia Design","item":"https:\/\/www.aglaiadesign.shop\/"},{"@type":"ListItem","position":2,"name":"V\u00edtejte na e-shopu Aglaia Design","item":"https:\/\/www.aglaiadesign.shop\/"},{"@type":"ListItem","position":3,"name":"Harmonie"}]},{"@type":"WebSite","@id":"https:\/\/www.aglaiadesign.shop\/en\/#website","url":"https:\/\/www.aglaiadesign.shop\/en\/","name":"AglaiaDesign.shop","description":"Aglaia Design e-shop, obchod s enkaustick\u00fdmi obrazy a dal\u0161\u00edmi produkty s fotoreprodukc\u00ed t\u011bchto obraz\u016f.","publisher":{"@id":"https:\/\/www.aglaiadesign.shop\/en\/#organization"},"potentialAction":[{"@type":"SearchAction","target":{"@type":"EntryPoint","urlTemplate":"https:\/\/www.aglaiadesign.shop\/en\/?s={search_term_string}"},"query-input":{"@type":"PropertyValueSpecification","valueRequired":true,"valueName":"search_term_string"}}],"inLanguage":"en-US"},{"@type":"Organization","@id":"https:\/\/www.aglaiadesign.shop\/en\/#organization","name":"AglaiaDesign.shop","url":"https:\/\/www.aglaiadesign.shop\/en\/","logo":{"@type":"ImageObject","inLanguage":"en-US","@id":"https:\/\/www.aglaiadesign.shop\/en\/#\/schema\/logo\/image\/","url":"https:\/\/www.aglaiadesign.shop\/wp-content\/uploads\/2025\/11\/cropped-cropped-ad-logo-final.png","contentUrl":"https:\/\/www.aglaiadesign.shop\/wp-content\/uploads\/2025\/11\/cropped-cropped-ad-logo-final.png","width":512,"height":392,"caption":"AglaiaDesign.shop"},"image":{"@id":"https:\/\/www.aglaiadesign.shop\/en\/#\/schema\/logo\/image\/"},"sameAs":["https:\/\/www.facebook.com\/people\/AglaiaDesignshop\/61584360833340\/","https:\/\/www.instagram.com\/aglaiadesign.shop?igsh=NWh6eXNwbXM0Y2c4","https:\/\/www.tiktok.com\/@aglaia.design.m.k?_r=1&_t=ZN-92fGyZrw7WQ"]}]}},"jetpack_sharing_enabled":true,"_links":{"self":[{"href":"https:\/\/www.aglaiadesign.shop\/en\/wp-json\/wp\/v2\/product\/380","targetHints":{"allow":["GET"]}}],"collection":[{"href":"https:\/\/www.aglaiadesign.shop\/en\/wp-json\/wp\/v2\/product"}],"about":[{"href":"https:\/\/www.aglaiadesign.shop\/en\/wp-json\/wp\/v2\/types\/product"}],"replies":[{"embeddable":true,"href":"https:\/\/www.aglaiadesign.shop\/en\/wp-json\/wp\/v2\/comments?post=380"}],"wp:featuredmedia":[{"embeddable":true,"href":"https:\/\/www.aglaiadesign.shop\/en\/wp-json\/wp\/v2\/media\/381"}],"wp:attachment":[{"href":"https:\/\/www.aglaiadesign.shop\/en\/wp-json\/wp\/v2\/media?parent=380"}],"wp:term":[{"taxonomy":"product_brand","embeddable":true,"href":"https:\/\/www.aglaiadesign.shop\/en\/wp-json\/wp\/v2\/product_brand?post=380"},{"taxonomy":"product_cat","embeddable":true,"href":"https:\/\/www.aglaiadesign.shop\/en\/wp-json\/wp\/v2\/product_cat?post=380"},{"taxonomy":"product_tag","embeddable":true,"href":"https:\/\/www.aglaiadesign.shop\/en\/wp-json\/wp\/v2\/product_tag?post=380"}],"curies":[{"name":"wp","href":"https:\/\/api.w.org\/{rel}","templated":true}]}}