{"id":377,"date":"2025-11-16T13:03:47","date_gmt":"2025-11-16T12:03:47","guid":{"rendered":"https:\/\/beta.aglaiadesign.shop\/?post_type=product&#038;p=377"},"modified":"2025-11-16T13:03:47","modified_gmt":"2025-11-16T12:03:47","slug":"trpelivost-2","status":"publish","type":"product","link":"https:\/\/www.aglaiadesign.shop\/en\/product\/trpelivost-2\/","title":{"rendered":"Trp\u011blivost"},"content":{"rendered":"<p>Tak jako rejnok ve vod\u011b a p\u00edsku, trp\u011bliv\u011b \u010dek\u00e1 na svou ko\u0159ist, tak i my bychom m\u011bli p\u011bstovat trp\u011blivost v na\u0161em \u017eivot\u011b. Kdy\u017e zasad\u00edme sem\u00ednko, tak mus\u00edme tak\u00e9 \u010dekat a\u017e vyroste rostlina, pak kv\u011bt a plody. To v\u0161e n\u00e1m ukazuje jak je trp\u011blivost nutn\u00e1 v ka\u017ed\u00e9m procesu. Obraz n\u00e1m to bude p\u0159ipom\u00ednat p\u0159i ka\u017ed\u00e9m pohledu.<\/p>\n<p>Ka\u017ed\u00fd origin\u00e1l, kter\u00fd nen\u00ed tvo\u0159en na m\u00edru (pro osobn\u00ed zak\u00e1zku) je d\u00e1le tiskem p\u0159en\u00e1\u0161en na dal\u0161\u00ed m\u00e9dia. Origin\u00e1ln\u00ed obraz je pouze jeden, ale m\u016f\u017eete ho spat\u0159it na kopi\u00edch a ve ve\u0159ejn\u00e9m prostoru. Budouc\u00ed hodnota origin\u00e1ln\u00edho obrazu se t\u00edm m\u016f\u017ee zvedat. Origin\u00e1ln\u00ed obraz je v\u00fdhodn\u00e1 investice do budoucnosti.<\/p>\n<p>Malba v\u010del\u00edm voskem<\/p>\n<p>80 cm x 60 cm \/ canvas<\/p>\n","protected":false},"excerpt":{"rendered":"<p>Tak jako rejnok ve vod\u011b a p\u00edsku, trp\u011bliv\u011b \u010dek\u00e1 na svou ko\u0159ist, tak i my bychom m\u011bli p\u011bstovat trp\u011blivost v na\u0161em \u017eivot\u011b. Kdy\u017e zasad\u00edme sem\u00ednko, tak mus\u00edme tak\u00e9 \u010dekat a\u017e vyroste rostlina, pak kv\u011bt a plody. To v\u0161e n\u00e1m ukazuje jak je trp\u011blivost nutn\u00e1 v ka\u017ed\u00e9m procesu. Obraz n\u00e1m to bude p\u0159ipom\u00ednat p\u0159i ka\u017ed\u00e9m pohledu. [&hellip;]<\/p>\n","protected":false},"featured_media":374,"comment_status":"open","ping_status":"closed","template":"","meta":[],"product_brand":[20],"product_cat":[27],"product_tag":[],"class_list":{"0":"post-377","1":"product","2":"type-product","3":"status-publish","4":"has-post-thumbnail","6":"product_brand-aglaia-design","7":"product_cat-originalni-obrazy","9":"first","10":"instock","11":"shipping-taxable","12":"purchasable","13":"product-type-simple"},"yoast_head":"<!-- This site is optimized with the Yoast SEO plugin v27.4 - https:\/\/yoast.com\/product\/yoast-seo-wordpress\/ -->\n<title>Trp\u011blivost<\/title>\n<meta name=\"description\" content=\"Tak jako rejnok ve vod\u011b a p\u00edsku, trp\u011bliv\u011b \u010dek\u00e1 na svou ko\u0159ist, tak i my bychom m\u011bli p\u011bstovat trp\u011blivost v na\u0161em \u017eivot\u011b. Kdy\u017e zasad\u00edme sem\u00ednko, tak mus\u00edme tak\u00e9 \u010dekat a\u017e vyroste rostlina, pak kv\u011bt a plody. To v\u0161e n\u00e1m ukazuje jak je trp\u011blivost nutn\u00e1 v ka\u017ed\u00e9m procesu. Obraz n\u00e1m to bude p\u0159ipom\u00ednat p\u0159i ka\u017ed\u00e9m pohledu.&hellip;\" \/>\n<meta name=\"robots\" content=\"index, follow, max-snippet:-1, max-image-preview:large, max-video-preview:-1\" \/>\n<link rel=\"canonical\" href=\"http:\/\/Tak%20jako%20rejnok%20ve%20vod\u011b%20a%20p\u00edsku,%20trp\u011bliv\u011b%20\u010dek\u00e1%20na%20svou%20ko\u0159ist,%20tak%20i%20my%20bychom%20m\u011bli%20p\u011bstovat%20trp\u011blivost%20v%20na\u0161em%20\u017eivot\u011b.%20Kdy\u017e%20zasad\u00edme%20sem\u00ednko,%20tak%20mus\u00edme%20tak\u00e9%20\u010dekat%20a\u017e%20vyroste%20rostlina,%20pak%20kv\u011bt%20a%20plody.%20To%20v\u0161e%20n\u00e1m%20ukazuje%20jak%20je%20trp\u011blivost%20nutn\u00e1%20v%20ka\u017ed\u00e9m%20procesu.%20Obraz%20n\u00e1m%20to%20bude%20p\u0159ipom\u00ednat%20p\u0159i%20ka\u017ed\u00e9m%20pohledu.&hellip;\" \/>\n<meta property=\"og:locale\" content=\"en_US\" \/>\n<meta property=\"og:type\" content=\"article\" \/>\n<meta property=\"og:title\" content=\"Trp\u011blivost\" \/>\n<meta property=\"og:description\" content=\"Tak jako rejnok ve vod\u011b a p\u00edsku, trp\u011bliv\u011b \u010dek\u00e1 na svou ko\u0159ist, tak i my bychom m\u011bli p\u011bstovat trp\u011blivost v na\u0161em \u017eivot\u011b. Kdy\u017e zasad\u00edme sem\u00ednko, tak mus\u00edme tak\u00e9 \u010dekat a\u017e vyroste rostlina, pak kv\u011bt a plody. To v\u0161e n\u00e1m ukazuje jak je trp\u011blivost nutn\u00e1 v ka\u017ed\u00e9m procesu. Obraz n\u00e1m to bude p\u0159ipom\u00ednat p\u0159i ka\u017ed\u00e9m pohledu.&hellip;\" \/>\n<meta property=\"og:url\" content=\"https:\/\/www.aglaiadesign.shop\/en\/product\/trpelivost-2\/\" \/>\n<meta property=\"og:site_name\" content=\"AglaiaDesign.shop\" \/>\n<meta property=\"article:publisher\" content=\"https:\/\/www.facebook.com\/people\/AglaiaDesignshop\/61584360833340\/\" \/>\n<meta property=\"og:image\" content=\"https:\/\/www.aglaiadesign.shop\/wp-content\/uploads\/2025\/11\/1X6A8820-scaled.jpg\" \/>\n\t<meta property=\"og:image:width\" content=\"1918\" \/>\n\t<meta property=\"og:image:height\" content=\"2560\" \/>\n\t<meta property=\"og:image:type\" content=\"image\/jpeg\" \/>\n<meta name=\"twitter:card\" content=\"summary_large_image\" \/>\n<meta name=\"twitter:label1\" content=\"Est. reading time\" \/>\n\t<meta name=\"twitter:data1\" content=\"1 minute\" \/>\n<script type=\"application\/ld+json\" class=\"yoast-schema-graph\">{\"@context\":\"https:\\\/\\\/schema.org\",\"@graph\":[{\"@type\":\"WebPage\",\"@id\":\"https:\\\/\\\/www.aglaiadesign.shop\\\/en\\\/product\\\/trpelivost-2\\\/\",\"url\":\"https:\\\/\\\/www.aglaiadesign.shop\\\/en\\\/product\\\/trpelivost-2\\\/\",\"name\":\"Trp\u011blivost - AglaiaDesign.shop\",\"isPartOf\":{\"@id\":\"https:\\\/\\\/www.aglaiadesign.shop\\\/#website\"},\"primaryImageOfPage\":{\"@id\":\"https:\\\/\\\/www.aglaiadesign.shop\\\/en\\\/product\\\/trpelivost-2\\\/#primaryimage\"},\"image\":{\"@id\":\"https:\\\/\\\/www.aglaiadesign.shop\\\/en\\\/product\\\/trpelivost-2\\\/#primaryimage\"},\"thumbnailUrl\":\"https:\\\/\\\/www.aglaiadesign.shop\\\/wp-content\\\/uploads\\\/2025\\\/11\\\/1X6A8820-scaled.jpg\",\"datePublished\":\"2025-11-16T12:03:47+00:00\",\"breadcrumb\":{\"@id\":\"https:\\\/\\\/www.aglaiadesign.shop\\\/en\\\/product\\\/trpelivost-2\\\/#breadcrumb\"},\"inLanguage\":\"en-US\",\"potentialAction\":[{\"@type\":\"ReadAction\",\"target\":[\"https:\\\/\\\/www.aglaiadesign.shop\\\/en\\\/product\\\/trpelivost-2\\\/\"]}]},{\"@type\":\"ImageObject\",\"inLanguage\":\"en-US\",\"@id\":\"https:\\\/\\\/www.aglaiadesign.shop\\\/en\\\/product\\\/trpelivost-2\\\/#primaryimage\",\"url\":\"https:\\\/\\\/www.aglaiadesign.shop\\\/wp-content\\\/uploads\\\/2025\\\/11\\\/1X6A8820-scaled.jpg\",\"contentUrl\":\"https:\\\/\\\/www.aglaiadesign.shop\\\/wp-content\\\/uploads\\\/2025\\\/11\\\/1X6A8820-scaled.jpg\",\"width\":1918,\"height\":2560},{\"@type\":\"BreadcrumbList\",\"@id\":\"https:\\\/\\\/www.aglaiadesign.shop\\\/en\\\/product\\\/trpelivost-2\\\/#breadcrumb\",\"itemListElement\":[{\"@type\":\"ListItem\",\"position\":1,\"name\":\"V\u00edtejte na e-shopu Aglaia Design\",\"item\":\"https:\\\/\\\/www.aglaiadesign.shop\\\/\"},{\"@type\":\"ListItem\",\"position\":2,\"name\":\"V\u00edtejte na e-shopu Aglaia Design\",\"item\":\"https:\\\/\\\/www.aglaiadesign.shop\\\/\"},{\"@type\":\"ListItem\",\"position\":3,\"name\":\"Trp\u011blivost\"}]},{\"@type\":\"WebSite\",\"@id\":\"https:\\\/\\\/www.aglaiadesign.shop\\\/en\\\/#website\",\"url\":\"https:\\\/\\\/www.aglaiadesign.shop\\\/en\\\/\",\"name\":\"AglaiaDesign.shop\",\"description\":\"Aglaia Design e-shop, obchod s enkaustick\u00fdmi obrazy a dal\u0161\u00edmi produkty s fotoreprodukc\u00ed t\u011bchto obraz\u016f.\",\"publisher\":{\"@id\":\"https:\\\/\\\/www.aglaiadesign.shop\\\/en\\\/#organization\"},\"potentialAction\":[{\"@type\":\"SearchAction\",\"target\":{\"@type\":\"EntryPoint\",\"urlTemplate\":\"https:\\\/\\\/www.aglaiadesign.shop\\\/en\\\/?s={search_term_string}\"},\"query-input\":{\"@type\":\"PropertyValueSpecification\",\"valueRequired\":true,\"valueName\":\"search_term_string\"}}],\"inLanguage\":\"en-US\"},{\"@type\":\"Organization\",\"@id\":\"https:\\\/\\\/www.aglaiadesign.shop\\\/en\\\/#organization\",\"name\":\"AglaiaDesign.shop\",\"url\":\"https:\\\/\\\/www.aglaiadesign.shop\\\/en\\\/\",\"logo\":{\"@type\":\"ImageObject\",\"inLanguage\":\"en-US\",\"@id\":\"https:\\\/\\\/www.aglaiadesign.shop\\\/en\\\/#\\\/schema\\\/logo\\\/image\\\/\",\"url\":\"https:\\\/\\\/www.aglaiadesign.shop\\\/wp-content\\\/uploads\\\/2025\\\/11\\\/cropped-cropped-ad-logo-final.png\",\"contentUrl\":\"https:\\\/\\\/www.aglaiadesign.shop\\\/wp-content\\\/uploads\\\/2025\\\/11\\\/cropped-cropped-ad-logo-final.png\",\"width\":512,\"height\":392,\"caption\":\"AglaiaDesign.shop\"},\"image\":{\"@id\":\"https:\\\/\\\/www.aglaiadesign.shop\\\/en\\\/#\\\/schema\\\/logo\\\/image\\\/\"},\"sameAs\":[\"https:\\\/\\\/www.facebook.com\\\/people\\\/AglaiaDesignshop\\\/61584360833340\\\/\",\"https:\\\/\\\/www.instagram.com\\\/aglaiadesign.shop?igsh=NWh6eXNwbXM0Y2c4\",\"https:\\\/\\\/www.tiktok.com\\\/@aglaia.design.m.k?_r=1&_t=ZN-92fGyZrw7WQ\"]}]}<\/script>\n<!-- \/ Yoast SEO plugin. -->","yoast_head_json":{"title":"Trp\u011blivost","description":"Tak jako rejnok ve vod\u011b a p\u00edsku, trp\u011bliv\u011b \u010dek\u00e1 na svou ko\u0159ist, tak i my bychom m\u011bli p\u011bstovat trp\u011blivost v na\u0161em \u017eivot\u011b. Kdy\u017e zasad\u00edme sem\u00ednko, tak mus\u00edme tak\u00e9 \u010dekat a\u017e vyroste rostlina, pak kv\u011bt a plody. To v\u0161e n\u00e1m ukazuje jak je trp\u011blivost nutn\u00e1 v ka\u017ed\u00e9m procesu. Obraz n\u00e1m to bude p\u0159ipom\u00ednat p\u0159i ka\u017ed\u00e9m pohledu.&hellip;","robots":{"index":"index","follow":"follow","max-snippet":"max-snippet:-1","max-image-preview":"max-image-preview:large","max-video-preview":"max-video-preview:-1"},"canonical":"Tak jako rejnok ve vod\u011b a p\u00edsku, trp\u011bliv\u011b \u010dek\u00e1 na svou ko\u0159ist, tak i my bychom m\u011bli p\u011bstovat trp\u011blivost v na\u0161em \u017eivot\u011b. Kdy\u017e zasad\u00edme sem\u00ednko, tak mus\u00edme tak\u00e9 \u010dekat a\u017e vyroste rostlina, pak kv\u011bt a plody. To v\u0161e n\u00e1m ukazuje jak je trp\u011blivost nutn\u00e1 v ka\u017ed\u00e9m procesu. Obraz n\u00e1m to bude p\u0159ipom\u00ednat p\u0159i ka\u017ed\u00e9m pohledu.&hellip;","og_locale":"en_US","og_type":"article","og_title":"Trp\u011blivost","og_description":"Tak jako rejnok ve vod\u011b a p\u00edsku, trp\u011bliv\u011b \u010dek\u00e1 na svou ko\u0159ist, tak i my bychom m\u011bli p\u011bstovat trp\u011blivost v na\u0161em \u017eivot\u011b. Kdy\u017e zasad\u00edme sem\u00ednko, tak mus\u00edme tak\u00e9 \u010dekat a\u017e vyroste rostlina, pak kv\u011bt a plody. To v\u0161e n\u00e1m ukazuje jak je trp\u011blivost nutn\u00e1 v ka\u017ed\u00e9m procesu. Obraz n\u00e1m to bude p\u0159ipom\u00ednat p\u0159i ka\u017ed\u00e9m pohledu.&hellip;","og_url":"https:\/\/www.aglaiadesign.shop\/en\/product\/trpelivost-2\/","og_site_name":"AglaiaDesign.shop","article_publisher":"https:\/\/www.facebook.com\/people\/AglaiaDesignshop\/61584360833340\/","og_image":[{"width":1918,"height":2560,"url":"https:\/\/www.aglaiadesign.shop\/wp-content\/uploads\/2025\/11\/1X6A8820-scaled.jpg","type":"image\/jpeg"}],"twitter_card":"summary_large_image","twitter_misc":{"Est. reading time":"1 minute"},"schema":{"@context":"https:\/\/schema.org","@graph":[{"@type":"WebPage","@id":"https:\/\/www.aglaiadesign.shop\/en\/product\/trpelivost-2\/","url":"https:\/\/www.aglaiadesign.shop\/en\/product\/trpelivost-2\/","name":"Trp\u011blivost - AglaiaDesign.shop","isPartOf":{"@id":"https:\/\/www.aglaiadesign.shop\/#website"},"primaryImageOfPage":{"@id":"https:\/\/www.aglaiadesign.shop\/en\/product\/trpelivost-2\/#primaryimage"},"image":{"@id":"https:\/\/www.aglaiadesign.shop\/en\/product\/trpelivost-2\/#primaryimage"},"thumbnailUrl":"https:\/\/www.aglaiadesign.shop\/wp-content\/uploads\/2025\/11\/1X6A8820-scaled.jpg","datePublished":"2025-11-16T12:03:47+00:00","breadcrumb":{"@id":"https:\/\/www.aglaiadesign.shop\/en\/product\/trpelivost-2\/#breadcrumb"},"inLanguage":"en-US","potentialAction":[{"@type":"ReadAction","target":["https:\/\/www.aglaiadesign.shop\/en\/product\/trpelivost-2\/"]}]},{"@type":"ImageObject","inLanguage":"en-US","@id":"https:\/\/www.aglaiadesign.shop\/en\/product\/trpelivost-2\/#primaryimage","url":"https:\/\/www.aglaiadesign.shop\/wp-content\/uploads\/2025\/11\/1X6A8820-scaled.jpg","contentUrl":"https:\/\/www.aglaiadesign.shop\/wp-content\/uploads\/2025\/11\/1X6A8820-scaled.jpg","width":1918,"height":2560},{"@type":"BreadcrumbList","@id":"https:\/\/www.aglaiadesign.shop\/en\/product\/trpelivost-2\/#breadcrumb","itemListElement":[{"@type":"ListItem","position":1,"name":"V\u00edtejte na e-shopu Aglaia Design","item":"https:\/\/www.aglaiadesign.shop\/"},{"@type":"ListItem","position":2,"name":"V\u00edtejte na e-shopu Aglaia Design","item":"https:\/\/www.aglaiadesign.shop\/"},{"@type":"ListItem","position":3,"name":"Trp\u011blivost"}]},{"@type":"WebSite","@id":"https:\/\/www.aglaiadesign.shop\/en\/#website","url":"https:\/\/www.aglaiadesign.shop\/en\/","name":"AglaiaDesign.shop","description":"Aglaia Design e-shop, obchod s enkaustick\u00fdmi obrazy a dal\u0161\u00edmi produkty s fotoreprodukc\u00ed t\u011bchto obraz\u016f.","publisher":{"@id":"https:\/\/www.aglaiadesign.shop\/en\/#organization"},"potentialAction":[{"@type":"SearchAction","target":{"@type":"EntryPoint","urlTemplate":"https:\/\/www.aglaiadesign.shop\/en\/?s={search_term_string}"},"query-input":{"@type":"PropertyValueSpecification","valueRequired":true,"valueName":"search_term_string"}}],"inLanguage":"en-US"},{"@type":"Organization","@id":"https:\/\/www.aglaiadesign.shop\/en\/#organization","name":"AglaiaDesign.shop","url":"https:\/\/www.aglaiadesign.shop\/en\/","logo":{"@type":"ImageObject","inLanguage":"en-US","@id":"https:\/\/www.aglaiadesign.shop\/en\/#\/schema\/logo\/image\/","url":"https:\/\/www.aglaiadesign.shop\/wp-content\/uploads\/2025\/11\/cropped-cropped-ad-logo-final.png","contentUrl":"https:\/\/www.aglaiadesign.shop\/wp-content\/uploads\/2025\/11\/cropped-cropped-ad-logo-final.png","width":512,"height":392,"caption":"AglaiaDesign.shop"},"image":{"@id":"https:\/\/www.aglaiadesign.shop\/en\/#\/schema\/logo\/image\/"},"sameAs":["https:\/\/www.facebook.com\/people\/AglaiaDesignshop\/61584360833340\/","https:\/\/www.instagram.com\/aglaiadesign.shop?igsh=NWh6eXNwbXM0Y2c4","https:\/\/www.tiktok.com\/@aglaia.design.m.k?_r=1&_t=ZN-92fGyZrw7WQ"]}]}},"jetpack_sharing_enabled":true,"_links":{"self":[{"href":"https:\/\/www.aglaiadesign.shop\/en\/wp-json\/wp\/v2\/product\/377","targetHints":{"allow":["GET"]}}],"collection":[{"href":"https:\/\/www.aglaiadesign.shop\/en\/wp-json\/wp\/v2\/product"}],"about":[{"href":"https:\/\/www.aglaiadesign.shop\/en\/wp-json\/wp\/v2\/types\/product"}],"replies":[{"embeddable":true,"href":"https:\/\/www.aglaiadesign.shop\/en\/wp-json\/wp\/v2\/comments?post=377"}],"wp:featuredmedia":[{"embeddable":true,"href":"https:\/\/www.aglaiadesign.shop\/en\/wp-json\/wp\/v2\/media\/374"}],"wp:attachment":[{"href":"https:\/\/www.aglaiadesign.shop\/en\/wp-json\/wp\/v2\/media?parent=377"}],"wp:term":[{"taxonomy":"product_brand","embeddable":true,"href":"https:\/\/www.aglaiadesign.shop\/en\/wp-json\/wp\/v2\/product_brand?post=377"},{"taxonomy":"product_cat","embeddable":true,"href":"https:\/\/www.aglaiadesign.shop\/en\/wp-json\/wp\/v2\/product_cat?post=377"},{"taxonomy":"product_tag","embeddable":true,"href":"https:\/\/www.aglaiadesign.shop\/en\/wp-json\/wp\/v2\/product_tag?post=377"}],"curies":[{"name":"wp","href":"https:\/\/api.w.org\/{rel}","templated":true}]}}