{"id":371,"date":"2025-11-15T16:07:27","date_gmt":"2025-11-15T15:07:27","guid":{"rendered":"https:\/\/beta.aglaiadesign.shop\/?post_type=product&#038;p=371"},"modified":"2025-11-15T16:07:27","modified_gmt":"2025-11-15T15:07:27","slug":"sen-houslisty","status":"publish","type":"product","link":"https:\/\/www.aglaiadesign.shop\/en\/product\/sen-houslisty\/","title":{"rendered":"Sen houslisty"},"content":{"rendered":"<p>Tento origin\u00e1ln\u00ed obraz byl n\u00e1vrh na desku zn\u00e1m\u00e9ho houslisty. Bohu\u017eel k realizaci nedo\u0161lo. Origin\u00e1ln\u00ed d\u00edlo je nyn\u00ed na prodej.<\/p>\n<p>Ka\u017ed\u00fd origin\u00e1l, kter\u00fd nen\u00ed tvo\u0159en na m\u00edru (pro osobn\u00ed zak\u00e1zku) je d\u00e1le tiskem p\u0159en\u00e1\u0161en na dal\u0161\u00ed m\u00e9dia. Origin\u00e1ln\u00ed obraz je pouze jeden, ale m\u016f\u017eete ho spat\u0159it na kopi\u00edch a ve ve\u0159ejn\u00e9m prostoru. Budouc\u00ed hodnota origin\u00e1ln\u00edho obrazu se t\u00edm m\u016f\u017ee zvedat. Origin\u00e1ln\u00ed obraz je v\u00fdhodn\u00e1 investice do budoucnosti.<\/p>\n<p>Malba v\u010del\u00edm voskem<\/p>\n<p>100 cm x 100 cm \/ canvas<\/p>\n","protected":false},"excerpt":{"rendered":"<p>Tento origin\u00e1ln\u00ed obraz byl n\u00e1vrh na desku zn\u00e1m\u00e9ho houslisty. Bohu\u017eel k realizaci nedo\u0161lo. Origin\u00e1ln\u00ed d\u00edlo je nyn\u00ed na prodej. Ka\u017ed\u00fd origin\u00e1l, kter\u00fd nen\u00ed tvo\u0159en na m\u00edru (pro osobn\u00ed zak\u00e1zku) je d\u00e1le tiskem p\u0159en\u00e1\u0161en na dal\u0161\u00ed m\u00e9dia. Origin\u00e1ln\u00ed obraz je pouze jeden, ale m\u016f\u017eete ho spat\u0159it na kopi\u00edch a ve ve\u0159ejn\u00e9m prostoru. Budouc\u00ed hodnota origin\u00e1ln\u00edho obrazu [&hellip;]<\/p>\n","protected":false},"featured_media":372,"comment_status":"open","ping_status":"closed","template":"","meta":[],"product_brand":[20],"product_cat":[27],"product_tag":[],"class_list":{"0":"post-371","1":"product","2":"type-product","3":"status-publish","4":"has-post-thumbnail","6":"product_brand-aglaia-design","7":"product_cat-originalni-obrazy","9":"first","10":"instock","11":"shipping-taxable","12":"purchasable","13":"product-type-simple"},"yoast_head":"<!-- This site is optimized with the Yoast SEO plugin v27.4 - https:\/\/yoast.com\/product\/yoast-seo-wordpress\/ -->\n<title>Sen houslisty<\/title>\n<meta name=\"description\" content=\"Tento origin\u00e1ln\u00ed obraz byl n\u00e1vrh na desku zn\u00e1m\u00e9ho houslisty. Bohu\u017eel k realizaci nedo\u0161lo. Origin\u00e1ln\u00ed d\u00edlo je nyn\u00ed na prodej. Ka\u017ed\u00fd origin\u00e1l, kter\u00fd nen\u00ed tvo\u0159en na m\u00edru (pro osobn\u00ed zak\u00e1zku) je d\u00e1le tiskem p\u0159en\u00e1\u0161en na dal\u0161\u00ed m\u00e9dia. Origin\u00e1ln\u00ed obraz je pouze jeden, ale m\u016f\u017eete ho spat\u0159it na kopi\u00edch a ve ve\u0159ejn\u00e9m prostoru. Budouc\u00ed hodnota origin\u00e1ln\u00edho obrazu&hellip;\" \/>\n<meta name=\"robots\" content=\"index, follow, max-snippet:-1, max-image-preview:large, max-video-preview:-1\" \/>\n<link rel=\"canonical\" href=\"http:\/\/Tento%20origin\u00e1ln\u00ed%20obraz%20byl%20n\u00e1vrh%20na%20desku%20zn\u00e1m\u00e9ho%20houslisty.%20Bohu\u017eel%20k%20realizaci%20nedo\u0161lo.%20Origin\u00e1ln\u00ed%20d\u00edlo%20je%20nyn\u00ed%20na%20prodej.%20Ka\u017ed\u00fd%20origin\u00e1l,%20kter\u00fd%20nen\u00ed%20tvo\u0159en%20na%20m\u00edru%20(pro%20osobn\u00ed%20zak\u00e1zku)%20je%20d\u00e1le%20tiskem%20p\u0159en\u00e1\u0161en%20na%20dal\u0161\u00ed%20m\u00e9dia.%20Origin\u00e1ln\u00ed%20obraz%20je%20pouze%20jeden,%20ale%20m\u016f\u017eete%20ho%20spat\u0159it%20na%20kopi\u00edch%20a%20ve%20ve\u0159ejn\u00e9m%20prostoru.%20Budouc\u00ed%20hodnota%20origin\u00e1ln\u00edho%20obrazu&hellip;\" \/>\n<meta property=\"og:locale\" content=\"en_US\" \/>\n<meta property=\"og:type\" content=\"article\" \/>\n<meta property=\"og:title\" content=\"Sen houslisty\" \/>\n<meta property=\"og:description\" content=\"Tento origin\u00e1ln\u00ed obraz byl n\u00e1vrh na desku zn\u00e1m\u00e9ho houslisty. Bohu\u017eel k realizaci nedo\u0161lo. Origin\u00e1ln\u00ed d\u00edlo je nyn\u00ed na prodej. Ka\u017ed\u00fd origin\u00e1l, kter\u00fd nen\u00ed tvo\u0159en na m\u00edru (pro osobn\u00ed zak\u00e1zku) je d\u00e1le tiskem p\u0159en\u00e1\u0161en na dal\u0161\u00ed m\u00e9dia. Origin\u00e1ln\u00ed obraz je pouze jeden, ale m\u016f\u017eete ho spat\u0159it na kopi\u00edch a ve ve\u0159ejn\u00e9m prostoru. Budouc\u00ed hodnota origin\u00e1ln\u00edho obrazu&hellip;\" \/>\n<meta property=\"og:url\" content=\"https:\/\/www.aglaiadesign.shop\/en\/product\/sen-houslisty\/\" \/>\n<meta property=\"og:site_name\" content=\"AglaiaDesign.shop\" \/>\n<meta property=\"article:publisher\" content=\"https:\/\/www.facebook.com\/people\/AglaiaDesignshop\/61584360833340\/\" \/>\n<meta property=\"og:image\" content=\"https:\/\/www.aglaiadesign.shop\/wp-content\/uploads\/2025\/11\/1X6A8811-1022x1024.jpg\" \/>\n\t<meta property=\"og:image:width\" content=\"1022\" \/>\n\t<meta property=\"og:image:height\" content=\"1024\" \/>\n\t<meta property=\"og:image:type\" content=\"image\/jpeg\" \/>\n<meta name=\"twitter:card\" content=\"summary_large_image\" \/>\n<meta name=\"twitter:label1\" content=\"Est. reading time\" \/>\n\t<meta name=\"twitter:data1\" content=\"1 minute\" \/>\n<script type=\"application\/ld+json\" class=\"yoast-schema-graph\">{\"@context\":\"https:\\\/\\\/schema.org\",\"@graph\":[{\"@type\":\"WebPage\",\"@id\":\"https:\\\/\\\/www.aglaiadesign.shop\\\/en\\\/product\\\/sen-houslisty\\\/\",\"url\":\"https:\\\/\\\/www.aglaiadesign.shop\\\/en\\\/product\\\/sen-houslisty\\\/\",\"name\":\"Sen houslisty - AglaiaDesign.shop\",\"isPartOf\":{\"@id\":\"https:\\\/\\\/www.aglaiadesign.shop\\\/#website\"},\"primaryImageOfPage\":{\"@id\":\"https:\\\/\\\/www.aglaiadesign.shop\\\/en\\\/product\\\/sen-houslisty\\\/#primaryimage\"},\"image\":{\"@id\":\"https:\\\/\\\/www.aglaiadesign.shop\\\/en\\\/product\\\/sen-houslisty\\\/#primaryimage\"},\"thumbnailUrl\":\"https:\\\/\\\/www.aglaiadesign.shop\\\/wp-content\\\/uploads\\\/2025\\\/11\\\/1X6A8811-scaled.jpg\",\"datePublished\":\"2025-11-15T15:07:27+00:00\",\"breadcrumb\":{\"@id\":\"https:\\\/\\\/www.aglaiadesign.shop\\\/en\\\/product\\\/sen-houslisty\\\/#breadcrumb\"},\"inLanguage\":\"en-US\",\"potentialAction\":[{\"@type\":\"ReadAction\",\"target\":[\"https:\\\/\\\/www.aglaiadesign.shop\\\/en\\\/product\\\/sen-houslisty\\\/\"]}]},{\"@type\":\"ImageObject\",\"inLanguage\":\"en-US\",\"@id\":\"https:\\\/\\\/www.aglaiadesign.shop\\\/en\\\/product\\\/sen-houslisty\\\/#primaryimage\",\"url\":\"https:\\\/\\\/www.aglaiadesign.shop\\\/wp-content\\\/uploads\\\/2025\\\/11\\\/1X6A8811-scaled.jpg\",\"contentUrl\":\"https:\\\/\\\/www.aglaiadesign.shop\\\/wp-content\\\/uploads\\\/2025\\\/11\\\/1X6A8811-scaled.jpg\",\"width\":2556,\"height\":2560},{\"@type\":\"BreadcrumbList\",\"@id\":\"https:\\\/\\\/www.aglaiadesign.shop\\\/en\\\/product\\\/sen-houslisty\\\/#breadcrumb\",\"itemListElement\":[{\"@type\":\"ListItem\",\"position\":1,\"name\":\"V\u00edtejte na e-shopu Aglaia Design\",\"item\":\"https:\\\/\\\/www.aglaiadesign.shop\\\/\"},{\"@type\":\"ListItem\",\"position\":2,\"name\":\"V\u00edtejte na e-shopu Aglaia Design\",\"item\":\"https:\\\/\\\/www.aglaiadesign.shop\\\/\"},{\"@type\":\"ListItem\",\"position\":3,\"name\":\"Sen houslisty\"}]},{\"@type\":\"WebSite\",\"@id\":\"https:\\\/\\\/www.aglaiadesign.shop\\\/en\\\/#website\",\"url\":\"https:\\\/\\\/www.aglaiadesign.shop\\\/en\\\/\",\"name\":\"AglaiaDesign.shop\",\"description\":\"Aglaia Design e-shop, obchod s enkaustick\u00fdmi obrazy a dal\u0161\u00edmi produkty s fotoreprodukc\u00ed t\u011bchto obraz\u016f.\",\"publisher\":{\"@id\":\"https:\\\/\\\/www.aglaiadesign.shop\\\/en\\\/#organization\"},\"potentialAction\":[{\"@type\":\"SearchAction\",\"target\":{\"@type\":\"EntryPoint\",\"urlTemplate\":\"https:\\\/\\\/www.aglaiadesign.shop\\\/en\\\/?s={search_term_string}\"},\"query-input\":{\"@type\":\"PropertyValueSpecification\",\"valueRequired\":true,\"valueName\":\"search_term_string\"}}],\"inLanguage\":\"en-US\"},{\"@type\":\"Organization\",\"@id\":\"https:\\\/\\\/www.aglaiadesign.shop\\\/en\\\/#organization\",\"name\":\"AglaiaDesign.shop\",\"url\":\"https:\\\/\\\/www.aglaiadesign.shop\\\/en\\\/\",\"logo\":{\"@type\":\"ImageObject\",\"inLanguage\":\"en-US\",\"@id\":\"https:\\\/\\\/www.aglaiadesign.shop\\\/en\\\/#\\\/schema\\\/logo\\\/image\\\/\",\"url\":\"https:\\\/\\\/www.aglaiadesign.shop\\\/wp-content\\\/uploads\\\/2025\\\/11\\\/cropped-cropped-ad-logo-final.png\",\"contentUrl\":\"https:\\\/\\\/www.aglaiadesign.shop\\\/wp-content\\\/uploads\\\/2025\\\/11\\\/cropped-cropped-ad-logo-final.png\",\"width\":512,\"height\":392,\"caption\":\"AglaiaDesign.shop\"},\"image\":{\"@id\":\"https:\\\/\\\/www.aglaiadesign.shop\\\/en\\\/#\\\/schema\\\/logo\\\/image\\\/\"},\"sameAs\":[\"https:\\\/\\\/www.facebook.com\\\/people\\\/AglaiaDesignshop\\\/61584360833340\\\/\",\"https:\\\/\\\/www.instagram.com\\\/aglaiadesign.shop?igsh=NWh6eXNwbXM0Y2c4\",\"https:\\\/\\\/www.tiktok.com\\\/@aglaia.design.m.k?_r=1&_t=ZN-92fGyZrw7WQ\"]}]}<\/script>\n<!-- \/ Yoast SEO plugin. -->","yoast_head_json":{"title":"Sen houslisty","description":"Tento origin\u00e1ln\u00ed obraz byl n\u00e1vrh na desku zn\u00e1m\u00e9ho houslisty. Bohu\u017eel k realizaci nedo\u0161lo. Origin\u00e1ln\u00ed d\u00edlo je nyn\u00ed na prodej. Ka\u017ed\u00fd origin\u00e1l, kter\u00fd nen\u00ed tvo\u0159en na m\u00edru (pro osobn\u00ed zak\u00e1zku) je d\u00e1le tiskem p\u0159en\u00e1\u0161en na dal\u0161\u00ed m\u00e9dia. Origin\u00e1ln\u00ed obraz je pouze jeden, ale m\u016f\u017eete ho spat\u0159it na kopi\u00edch a ve ve\u0159ejn\u00e9m prostoru. Budouc\u00ed hodnota origin\u00e1ln\u00edho obrazu&hellip;","robots":{"index":"index","follow":"follow","max-snippet":"max-snippet:-1","max-image-preview":"max-image-preview:large","max-video-preview":"max-video-preview:-1"},"canonical":"Tento origin\u00e1ln\u00ed obraz byl n\u00e1vrh na desku zn\u00e1m\u00e9ho houslisty. Bohu\u017eel k realizaci nedo\u0161lo. Origin\u00e1ln\u00ed d\u00edlo je nyn\u00ed na prodej. Ka\u017ed\u00fd origin\u00e1l, kter\u00fd nen\u00ed tvo\u0159en na m\u00edru (pro osobn\u00ed zak\u00e1zku) je d\u00e1le tiskem p\u0159en\u00e1\u0161en na dal\u0161\u00ed m\u00e9dia. Origin\u00e1ln\u00ed obraz je pouze jeden, ale m\u016f\u017eete ho spat\u0159it na kopi\u00edch a ve ve\u0159ejn\u00e9m prostoru. Budouc\u00ed hodnota origin\u00e1ln\u00edho obrazu&hellip;","og_locale":"en_US","og_type":"article","og_title":"Sen houslisty","og_description":"Tento origin\u00e1ln\u00ed obraz byl n\u00e1vrh na desku zn\u00e1m\u00e9ho houslisty. Bohu\u017eel k realizaci nedo\u0161lo. Origin\u00e1ln\u00ed d\u00edlo je nyn\u00ed na prodej. Ka\u017ed\u00fd origin\u00e1l, kter\u00fd nen\u00ed tvo\u0159en na m\u00edru (pro osobn\u00ed zak\u00e1zku) je d\u00e1le tiskem p\u0159en\u00e1\u0161en na dal\u0161\u00ed m\u00e9dia. Origin\u00e1ln\u00ed obraz je pouze jeden, ale m\u016f\u017eete ho spat\u0159it na kopi\u00edch a ve ve\u0159ejn\u00e9m prostoru. Budouc\u00ed hodnota origin\u00e1ln\u00edho obrazu&hellip;","og_url":"https:\/\/www.aglaiadesign.shop\/en\/product\/sen-houslisty\/","og_site_name":"AglaiaDesign.shop","article_publisher":"https:\/\/www.facebook.com\/people\/AglaiaDesignshop\/61584360833340\/","og_image":[{"width":1022,"height":1024,"url":"https:\/\/www.aglaiadesign.shop\/wp-content\/uploads\/2025\/11\/1X6A8811-1022x1024.jpg","type":"image\/jpeg"}],"twitter_card":"summary_large_image","twitter_misc":{"Est. reading time":"1 minute"},"schema":{"@context":"https:\/\/schema.org","@graph":[{"@type":"WebPage","@id":"https:\/\/www.aglaiadesign.shop\/en\/product\/sen-houslisty\/","url":"https:\/\/www.aglaiadesign.shop\/en\/product\/sen-houslisty\/","name":"Sen houslisty - AglaiaDesign.shop","isPartOf":{"@id":"https:\/\/www.aglaiadesign.shop\/#website"},"primaryImageOfPage":{"@id":"https:\/\/www.aglaiadesign.shop\/en\/product\/sen-houslisty\/#primaryimage"},"image":{"@id":"https:\/\/www.aglaiadesign.shop\/en\/product\/sen-houslisty\/#primaryimage"},"thumbnailUrl":"https:\/\/www.aglaiadesign.shop\/wp-content\/uploads\/2025\/11\/1X6A8811-scaled.jpg","datePublished":"2025-11-15T15:07:27+00:00","breadcrumb":{"@id":"https:\/\/www.aglaiadesign.shop\/en\/product\/sen-houslisty\/#breadcrumb"},"inLanguage":"en-US","potentialAction":[{"@type":"ReadAction","target":["https:\/\/www.aglaiadesign.shop\/en\/product\/sen-houslisty\/"]}]},{"@type":"ImageObject","inLanguage":"en-US","@id":"https:\/\/www.aglaiadesign.shop\/en\/product\/sen-houslisty\/#primaryimage","url":"https:\/\/www.aglaiadesign.shop\/wp-content\/uploads\/2025\/11\/1X6A8811-scaled.jpg","contentUrl":"https:\/\/www.aglaiadesign.shop\/wp-content\/uploads\/2025\/11\/1X6A8811-scaled.jpg","width":2556,"height":2560},{"@type":"BreadcrumbList","@id":"https:\/\/www.aglaiadesign.shop\/en\/product\/sen-houslisty\/#breadcrumb","itemListElement":[{"@type":"ListItem","position":1,"name":"V\u00edtejte na e-shopu Aglaia Design","item":"https:\/\/www.aglaiadesign.shop\/"},{"@type":"ListItem","position":2,"name":"V\u00edtejte na e-shopu Aglaia Design","item":"https:\/\/www.aglaiadesign.shop\/"},{"@type":"ListItem","position":3,"name":"Sen houslisty"}]},{"@type":"WebSite","@id":"https:\/\/www.aglaiadesign.shop\/en\/#website","url":"https:\/\/www.aglaiadesign.shop\/en\/","name":"AglaiaDesign.shop","description":"Aglaia Design e-shop, obchod s enkaustick\u00fdmi obrazy a dal\u0161\u00edmi produkty s fotoreprodukc\u00ed t\u011bchto obraz\u016f.","publisher":{"@id":"https:\/\/www.aglaiadesign.shop\/en\/#organization"},"potentialAction":[{"@type":"SearchAction","target":{"@type":"EntryPoint","urlTemplate":"https:\/\/www.aglaiadesign.shop\/en\/?s={search_term_string}"},"query-input":{"@type":"PropertyValueSpecification","valueRequired":true,"valueName":"search_term_string"}}],"inLanguage":"en-US"},{"@type":"Organization","@id":"https:\/\/www.aglaiadesign.shop\/en\/#organization","name":"AglaiaDesign.shop","url":"https:\/\/www.aglaiadesign.shop\/en\/","logo":{"@type":"ImageObject","inLanguage":"en-US","@id":"https:\/\/www.aglaiadesign.shop\/en\/#\/schema\/logo\/image\/","url":"https:\/\/www.aglaiadesign.shop\/wp-content\/uploads\/2025\/11\/cropped-cropped-ad-logo-final.png","contentUrl":"https:\/\/www.aglaiadesign.shop\/wp-content\/uploads\/2025\/11\/cropped-cropped-ad-logo-final.png","width":512,"height":392,"caption":"AglaiaDesign.shop"},"image":{"@id":"https:\/\/www.aglaiadesign.shop\/en\/#\/schema\/logo\/image\/"},"sameAs":["https:\/\/www.facebook.com\/people\/AglaiaDesignshop\/61584360833340\/","https:\/\/www.instagram.com\/aglaiadesign.shop?igsh=NWh6eXNwbXM0Y2c4","https:\/\/www.tiktok.com\/@aglaia.design.m.k?_r=1&_t=ZN-92fGyZrw7WQ"]}]}},"jetpack_sharing_enabled":true,"_links":{"self":[{"href":"https:\/\/www.aglaiadesign.shop\/en\/wp-json\/wp\/v2\/product\/371","targetHints":{"allow":["GET"]}}],"collection":[{"href":"https:\/\/www.aglaiadesign.shop\/en\/wp-json\/wp\/v2\/product"}],"about":[{"href":"https:\/\/www.aglaiadesign.shop\/en\/wp-json\/wp\/v2\/types\/product"}],"replies":[{"embeddable":true,"href":"https:\/\/www.aglaiadesign.shop\/en\/wp-json\/wp\/v2\/comments?post=371"}],"wp:featuredmedia":[{"embeddable":true,"href":"https:\/\/www.aglaiadesign.shop\/en\/wp-json\/wp\/v2\/media\/372"}],"wp:attachment":[{"href":"https:\/\/www.aglaiadesign.shop\/en\/wp-json\/wp\/v2\/media?parent=371"}],"wp:term":[{"taxonomy":"product_brand","embeddable":true,"href":"https:\/\/www.aglaiadesign.shop\/en\/wp-json\/wp\/v2\/product_brand?post=371"},{"taxonomy":"product_cat","embeddable":true,"href":"https:\/\/www.aglaiadesign.shop\/en\/wp-json\/wp\/v2\/product_cat?post=371"},{"taxonomy":"product_tag","embeddable":true,"href":"https:\/\/www.aglaiadesign.shop\/en\/wp-json\/wp\/v2\/product_tag?post=371"}],"curies":[{"name":"wp","href":"https:\/\/api.w.org\/{rel}","templated":true}]}}