{"id":367,"date":"2025-11-15T10:07:20","date_gmt":"2025-11-15T09:07:20","guid":{"rendered":"https:\/\/beta.aglaiadesign.shop\/?post_type=product&#038;p=367"},"modified":"2025-11-15T10:09:37","modified_gmt":"2025-11-15T09:09:37","slug":"sarasvati","status":"publish","type":"product","link":"https:\/\/www.aglaiadesign.shop\/en\/product\/sarasvati\/","title":{"rendered":"Sarasvati"},"content":{"rendered":"<div class=\"Y3BBE\" data-sfc-cp=\"\" data-hveid=\"CAEIABAC\">Sarasvat\u00ed je\u00a0<mark class=\"HxTRcb\">hinduistick\u00e1 bohyn\u011b v\u011bd\u011bn\u00ed, um\u011bn\u00ed, hudby, \u0159e\u010di a p\u00edsemnictv\u00ed<\/mark>, kter\u00e1 je zobrazov\u00e1na jako \u017eena v b\u00edl\u00e9m, sed\u00edc\u00ed na lotosu. Je man\u017eelkou Brahmy a je tak\u00e9 patronkou student\u016f, um\u011blc\u016f a u\u010denc\u016f, kter\u00fdm ud\u011bluje moudrost a inspiraci. Jej\u00edmi symboly jsou kniha, kor\u00e1lky a n\u00e1stroj v\u00edna (indick\u00e1 loutna), a \u010dasto je doprov\u00e1zena labut\u00ed.<span class=\"uJ19be notranslate\" data-wiz-uids=\"PRUwce_9,PRUwce_a,PRUwce_b\"><span class=\"vKEkVd\" data-animation-atomic=\"\">\u00a0<\/span><\/span><\/div>\n<ul class=\"KsbFXc U6u95\">\n<li style=\"list-style-type: none;\">\n<ul class=\"KsbFXc U6u95\">\n<li data-hveid=\"CAEIABAG\"><span class=\"T286Pc\" data-sfc-cp=\"\"><strong class=\"Yjhzub\">Role a symbolika:<\/strong>\u00a0Je uct\u00edv\u00e1na jako bohyn\u011b moudrosti, tvorby a um\u011bn\u00ed. P\u016fvodn\u011b byla v\u00e9dskou \u0159\u00ed\u010dn\u00ed bohyn\u00ed, ale pozd\u011bji se identifikovala s V\u00e1k, bohyn\u00ed \u0159e\u010di.<\/span><\/li>\n<li data-hveid=\"CAEIABAH\"><span class=\"T286Pc\" data-sfc-cp=\"\"><strong class=\"Yjhzub\">Zobrazen\u00ed:<\/strong>\u00a0\u010casto se zobrazuje v b\u00edl\u00e9m od\u011bvu, s \u010dty\u0159mi pa\u017eemi, v nich\u017e dr\u017e\u00ed knihu (symbol sv\u011btsk\u00e9ho v\u011bd\u011bn\u00ed), r\u016f\u017eenec (symbol duchovn\u00ed moudrosti), n\u00e1dobu s vodou a n\u00e1stroj v\u00edna.<\/span><\/li>\n<li data-hveid=\"CAEIABAI\"><span class=\"T286Pc\" data-sfc-cp=\"\"><strong class=\"Yjhzub\">Spojen\u00ed s jin\u00fdmi bohyn\u011bmi:<\/strong>\u00a0Spolu s bohyn\u011bmi L\u00e1k\u0161m\u00ed a P\u00e1rvat\u00ed tvo\u0159\u00ed trojici bohyn\u00ed zvanou\u00a0<span id=\"ijEIYabruLfOQwPAPx_nuwQ4_6\"><em class=\"eujQNb\">Tridevi<\/em><\/span><span id=\"ijEIYabruLfOQwPAPx_nuwQ4_7\"><\/span><span id=\"ijEIYabruLfOQwPAPx_nuwQ4_8\">.<\/span><\/span><\/li>\n<\/ul>\n<\/li>\n<\/ul>\n<ul>\n<li data-hveid=\"CAEIABAJ\"><span class=\"T286Pc\" data-sfc-cp=\"\"><strong class=\"Yjhzub\">V jin\u00fdch n\u00e1bo\u017eenstv\u00edch:<\/strong>\u00a0Je uct\u00edv\u00e1na i v buddhismu pod jm\u00e9nem Benzaiten a v d\u017einismu je uct\u00edv\u00e1na jako bohyn\u011b zodpov\u011bdn\u00e1 za \u0161\u00ed\u0159en\u00ed u\u010den\u00ed T\u00edrthankar\u016f.<\/span><\/li>\n<\/ul>\n<ul>\n<li data-hveid=\"CAEIABAK\"><span class=\"T286Pc\" data-sfc-cp=\"\"><strong class=\"Yjhzub\">Uct\u00edv\u00e1n\u00ed:<\/strong>\u00a0Lid\u00e9 ji vz\u00fdvaj\u00ed, aby jim pomohla soust\u0159edit se na kreativn\u00ed projekty, z\u00edskat moudrost a inspirovat se p\u0159i um\u011bleck\u00e9 tvorb\u011b.<\/span><span class=\"uJ19be notranslate\" data-wiz-uids=\"PRUwce_y,PRUwce_z,PRUwce_10\"><span class=\"vKEkVd\" data-animation-atomic=\"\">\u00a0<\/span><\/span><\/li>\n<\/ul>\n<p>Ka\u017ed\u00fd origin\u00e1l, kter\u00fd nen\u00ed tvo\u0159en na m\u00edru (pro osobn\u00ed zak\u00e1zku) je d\u00e1le tiskem p\u0159en\u00e1\u0161en na dal\u0161\u00ed m\u00e9dia. Origin\u00e1ln\u00ed obraz je pouze jeden, ale m\u016f\u017eete ho spat\u0159it na kopi\u00edch a ve ve\u0159ejn\u00e9m prostoru. Budouc\u00ed hodnota origin\u00e1ln\u00edho obrazu se t\u00edm m\u016f\u017ee zvedat. Origin\u00e1ln\u00ed obraz je v\u00fdhodn\u00e1 investice do budoucnosti.<\/p>\n<p>malba v\u010del\u00edm voskem, tmel a zdoben\u00ed<\/p>\n<p>140 cm x 70 cm \/ canvas<\/p>\n<p>&nbsp;<\/p>\n","protected":false},"excerpt":{"rendered":"<p>Sarasvat\u00ed je\u00a0hinduistick\u00e1 bohyn\u011b v\u011bd\u011bn\u00ed, um\u011bn\u00ed, hudby, \u0159e\u010di a p\u00edsemnictv\u00ed, kter\u00e1 je zobrazov\u00e1na jako \u017eena v b\u00edl\u00e9m, sed\u00edc\u00ed na lotosu. Je man\u017eelkou Brahmy a je tak\u00e9 patronkou student\u016f, um\u011blc\u016f a u\u010denc\u016f, kter\u00fdm ud\u011bluje moudrost a inspiraci. Jej\u00edmi symboly jsou kniha, kor\u00e1lky a n\u00e1stroj v\u00edna (indick\u00e1 loutna), a \u010dasto je doprov\u00e1zena labut\u00ed.\u00a0 Role a symbolika:\u00a0Je uct\u00edv\u00e1na jako [&hellip;]<\/p>\n","protected":false},"featured_media":368,"comment_status":"open","ping_status":"closed","template":"","meta":[],"product_brand":[20],"product_cat":[27],"product_tag":[],"class_list":{"0":"post-367","1":"product","2":"type-product","3":"status-publish","4":"has-post-thumbnail","6":"product_brand-aglaia-design","7":"product_cat-originalni-obrazy","9":"first","10":"instock","11":"shipping-taxable","12":"purchasable","13":"product-type-simple"},"yoast_head":"<!-- This site is optimized with the Yoast SEO plugin v27.4 - https:\/\/yoast.com\/product\/yoast-seo-wordpress\/ -->\n<title>Sarasvati<\/title>\n<meta name=\"description\" content=\"Sarasvat\u00ed je\u00a0hinduistick\u00e1 bohyn\u011b v\u011bd\u011bn\u00ed, um\u011bn\u00ed, hudby, \u0159e\u010di a p\u00edsemnictv\u00ed, kter\u00e1 je zobrazov\u00e1na jako \u017eena v b\u00edl\u00e9m, sed\u00edc\u00ed na lotosu. Je man\u017eelkou Brahmy a je tak\u00e9 patronkou student\u016f, um\u011blc\u016f a u\u010denc\u016f, kter\u00fdm ud\u011bluje moudrost a inspiraci. Jej\u00edmi symboly jsou kniha, kor\u00e1lky a n\u00e1stroj v\u00edna (indick\u00e1 loutna), a \u010dasto je doprov\u00e1zena labut\u00ed.\u00a0 Role a symbolika:\u00a0Je uct\u00edv\u00e1na jako&hellip;\" \/>\n<meta name=\"robots\" content=\"index, follow, max-snippet:-1, max-image-preview:large, max-video-preview:-1\" \/>\n<link rel=\"canonical\" href=\"\" \/>\n<meta property=\"og:locale\" content=\"en_US\" \/>\n<meta property=\"og:type\" content=\"article\" \/>\n<meta property=\"og:title\" content=\"Sarasvati\" \/>\n<meta property=\"og:description\" content=\"Sarasvat\u00ed je\u00a0hinduistick\u00e1 bohyn\u011b v\u011bd\u011bn\u00ed, um\u011bn\u00ed, hudby, \u0159e\u010di a p\u00edsemnictv\u00ed, kter\u00e1 je zobrazov\u00e1na jako \u017eena v b\u00edl\u00e9m, sed\u00edc\u00ed na lotosu. Je man\u017eelkou Brahmy a je tak\u00e9 patronkou student\u016f, um\u011blc\u016f a u\u010denc\u016f, kter\u00fdm ud\u011bluje moudrost a inspiraci. Jej\u00edmi symboly jsou kniha, kor\u00e1lky a n\u00e1stroj v\u00edna (indick\u00e1 loutna), a \u010dasto je doprov\u00e1zena labut\u00ed.\u00a0 Role a symbolika:\u00a0Je uct\u00edv\u00e1na jako&hellip;\" \/>\n<meta property=\"og:url\" content=\"https:\/\/www.aglaiadesign.shop\/en\/product\/sarasvati\/\" \/>\n<meta property=\"og:site_name\" content=\"AglaiaDesign.shop\" \/>\n<meta property=\"article:publisher\" content=\"https:\/\/www.facebook.com\/people\/AglaiaDesignshop\/61584360833340\/\" \/>\n<meta property=\"article:modified_time\" content=\"2025-11-15T09:09:37+00:00\" \/>\n<meta property=\"og:image\" content=\"https:\/\/www.aglaiadesign.shop\/wp-content\/uploads\/2025\/11\/1X6A8785-scaled.jpg\" \/>\n\t<meta property=\"og:image:width\" content=\"1279\" \/>\n\t<meta property=\"og:image:height\" content=\"2560\" \/>\n\t<meta property=\"og:image:type\" content=\"image\/jpeg\" \/>\n<meta name=\"twitter:card\" content=\"summary_large_image\" \/>\n<meta name=\"twitter:label1\" content=\"Est. reading time\" \/>\n\t<meta name=\"twitter:data1\" content=\"2 minutes\" \/>\n<script type=\"application\/ld+json\" class=\"yoast-schema-graph\">{\"@context\":\"https:\\\/\\\/schema.org\",\"@graph\":[{\"@type\":\"WebPage\",\"@id\":\"https:\\\/\\\/www.aglaiadesign.shop\\\/en\\\/product\\\/sarasvati\\\/\",\"url\":\"https:\\\/\\\/www.aglaiadesign.shop\\\/en\\\/product\\\/sarasvati\\\/\",\"name\":\"Sarasvati - AglaiaDesign.shop\",\"isPartOf\":{\"@id\":\"https:\\\/\\\/www.aglaiadesign.shop\\\/#website\"},\"primaryImageOfPage\":{\"@id\":\"https:\\\/\\\/www.aglaiadesign.shop\\\/en\\\/product\\\/sarasvati\\\/#primaryimage\"},\"image\":{\"@id\":\"https:\\\/\\\/www.aglaiadesign.shop\\\/en\\\/product\\\/sarasvati\\\/#primaryimage\"},\"thumbnailUrl\":\"https:\\\/\\\/www.aglaiadesign.shop\\\/wp-content\\\/uploads\\\/2025\\\/11\\\/1X6A8785-scaled.jpg\",\"datePublished\":\"2025-11-15T09:07:20+00:00\",\"dateModified\":\"2025-11-15T09:09:37+00:00\",\"breadcrumb\":{\"@id\":\"https:\\\/\\\/www.aglaiadesign.shop\\\/en\\\/product\\\/sarasvati\\\/#breadcrumb\"},\"inLanguage\":\"en-US\",\"potentialAction\":[{\"@type\":\"ReadAction\",\"target\":[\"https:\\\/\\\/www.aglaiadesign.shop\\\/en\\\/product\\\/sarasvati\\\/\"]}]},{\"@type\":\"ImageObject\",\"inLanguage\":\"en-US\",\"@id\":\"https:\\\/\\\/www.aglaiadesign.shop\\\/en\\\/product\\\/sarasvati\\\/#primaryimage\",\"url\":\"https:\\\/\\\/www.aglaiadesign.shop\\\/wp-content\\\/uploads\\\/2025\\\/11\\\/1X6A8785-scaled.jpg\",\"contentUrl\":\"https:\\\/\\\/www.aglaiadesign.shop\\\/wp-content\\\/uploads\\\/2025\\\/11\\\/1X6A8785-scaled.jpg\",\"width\":1279,\"height\":2560},{\"@type\":\"BreadcrumbList\",\"@id\":\"https:\\\/\\\/www.aglaiadesign.shop\\\/en\\\/product\\\/sarasvati\\\/#breadcrumb\",\"itemListElement\":[{\"@type\":\"ListItem\",\"position\":1,\"name\":\"V\u00edtejte na e-shopu Aglaia Design\",\"item\":\"https:\\\/\\\/www.aglaiadesign.shop\\\/\"},{\"@type\":\"ListItem\",\"position\":2,\"name\":\"V\u00edtejte na e-shopu Aglaia Design\",\"item\":\"https:\\\/\\\/www.aglaiadesign.shop\\\/\"},{\"@type\":\"ListItem\",\"position\":3,\"name\":\"Sarasvati\"}]},{\"@type\":\"WebSite\",\"@id\":\"https:\\\/\\\/www.aglaiadesign.shop\\\/en\\\/#website\",\"url\":\"https:\\\/\\\/www.aglaiadesign.shop\\\/en\\\/\",\"name\":\"AglaiaDesign.shop\",\"description\":\"Aglaia Design e-shop, obchod s enkaustick\u00fdmi obrazy a dal\u0161\u00edmi produkty s fotoreprodukc\u00ed t\u011bchto obraz\u016f.\",\"publisher\":{\"@id\":\"https:\\\/\\\/www.aglaiadesign.shop\\\/en\\\/#organization\"},\"potentialAction\":[{\"@type\":\"SearchAction\",\"target\":{\"@type\":\"EntryPoint\",\"urlTemplate\":\"https:\\\/\\\/www.aglaiadesign.shop\\\/en\\\/?s={search_term_string}\"},\"query-input\":{\"@type\":\"PropertyValueSpecification\",\"valueRequired\":true,\"valueName\":\"search_term_string\"}}],\"inLanguage\":\"en-US\"},{\"@type\":\"Organization\",\"@id\":\"https:\\\/\\\/www.aglaiadesign.shop\\\/en\\\/#organization\",\"name\":\"AglaiaDesign.shop\",\"url\":\"https:\\\/\\\/www.aglaiadesign.shop\\\/en\\\/\",\"logo\":{\"@type\":\"ImageObject\",\"inLanguage\":\"en-US\",\"@id\":\"https:\\\/\\\/www.aglaiadesign.shop\\\/en\\\/#\\\/schema\\\/logo\\\/image\\\/\",\"url\":\"https:\\\/\\\/www.aglaiadesign.shop\\\/wp-content\\\/uploads\\\/2025\\\/11\\\/cropped-cropped-ad-logo-final.png\",\"contentUrl\":\"https:\\\/\\\/www.aglaiadesign.shop\\\/wp-content\\\/uploads\\\/2025\\\/11\\\/cropped-cropped-ad-logo-final.png\",\"width\":512,\"height\":392,\"caption\":\"AglaiaDesign.shop\"},\"image\":{\"@id\":\"https:\\\/\\\/www.aglaiadesign.shop\\\/en\\\/#\\\/schema\\\/logo\\\/image\\\/\"},\"sameAs\":[\"https:\\\/\\\/www.facebook.com\\\/people\\\/AglaiaDesignshop\\\/61584360833340\\\/\",\"https:\\\/\\\/www.instagram.com\\\/aglaiadesign.shop?igsh=NWh6eXNwbXM0Y2c4\",\"https:\\\/\\\/www.tiktok.com\\\/@aglaia.design.m.k?_r=1&_t=ZN-92fGyZrw7WQ\"]}]}<\/script>\n<!-- \/ Yoast SEO plugin. -->","yoast_head_json":{"title":"Sarasvati","description":"Sarasvat\u00ed je\u00a0hinduistick\u00e1 bohyn\u011b v\u011bd\u011bn\u00ed, um\u011bn\u00ed, hudby, \u0159e\u010di a p\u00edsemnictv\u00ed, kter\u00e1 je zobrazov\u00e1na jako \u017eena v b\u00edl\u00e9m, sed\u00edc\u00ed na lotosu. Je man\u017eelkou Brahmy a je tak\u00e9 patronkou student\u016f, um\u011blc\u016f a u\u010denc\u016f, kter\u00fdm ud\u011bluje moudrost a inspiraci. Jej\u00edmi symboly jsou kniha, kor\u00e1lky a n\u00e1stroj v\u00edna (indick\u00e1 loutna), a \u010dasto je doprov\u00e1zena labut\u00ed.\u00a0 Role a symbolika:\u00a0Je uct\u00edv\u00e1na jako&hellip;","robots":{"index":"index","follow":"follow","max-snippet":"max-snippet:-1","max-image-preview":"max-image-preview:large","max-video-preview":"max-video-preview:-1"},"canonical":"Sarasvat\u00ed je\u00a0hinduistick\u00e1 bohyn\u011b v\u011bd\u011bn\u00ed, um\u011bn\u00ed, hudby, \u0159e\u010di a p\u00edsemnictv\u00ed, kter\u00e1 je zobrazov\u00e1na jako \u017eena v b\u00edl\u00e9m, sed\u00edc\u00ed na lotosu. Je man\u017eelkou Brahmy a je tak\u00e9 patronkou student\u016f, um\u011blc\u016f a u\u010denc\u016f, kter\u00fdm ud\u011bluje moudrost a inspiraci. Jej\u00edmi symboly jsou kniha, kor\u00e1lky a n\u00e1stroj v\u00edna (indick\u00e1 loutna), a \u010dasto je doprov\u00e1zena labut\u00ed.\u00a0 Role a symbolika:\u00a0Je uct\u00edv\u00e1na jako&hellip;","og_locale":"en_US","og_type":"article","og_title":"Sarasvati","og_description":"Sarasvat\u00ed je\u00a0hinduistick\u00e1 bohyn\u011b v\u011bd\u011bn\u00ed, um\u011bn\u00ed, hudby, \u0159e\u010di a p\u00edsemnictv\u00ed, kter\u00e1 je zobrazov\u00e1na jako \u017eena v b\u00edl\u00e9m, sed\u00edc\u00ed na lotosu. Je man\u017eelkou Brahmy a je tak\u00e9 patronkou student\u016f, um\u011blc\u016f a u\u010denc\u016f, kter\u00fdm ud\u011bluje moudrost a inspiraci. Jej\u00edmi symboly jsou kniha, kor\u00e1lky a n\u00e1stroj v\u00edna (indick\u00e1 loutna), a \u010dasto je doprov\u00e1zena labut\u00ed.\u00a0 Role a symbolika:\u00a0Je uct\u00edv\u00e1na jako&hellip;","og_url":"https:\/\/www.aglaiadesign.shop\/en\/product\/sarasvati\/","og_site_name":"AglaiaDesign.shop","article_publisher":"https:\/\/www.facebook.com\/people\/AglaiaDesignshop\/61584360833340\/","article_modified_time":"2025-11-15T09:09:37+00:00","og_image":[{"width":1279,"height":2560,"url":"https:\/\/www.aglaiadesign.shop\/wp-content\/uploads\/2025\/11\/1X6A8785-scaled.jpg","type":"image\/jpeg"}],"twitter_card":"summary_large_image","twitter_misc":{"Est. reading time":"2 minutes"},"schema":{"@context":"https:\/\/schema.org","@graph":[{"@type":"WebPage","@id":"https:\/\/www.aglaiadesign.shop\/en\/product\/sarasvati\/","url":"https:\/\/www.aglaiadesign.shop\/en\/product\/sarasvati\/","name":"Sarasvati - AglaiaDesign.shop","isPartOf":{"@id":"https:\/\/www.aglaiadesign.shop\/#website"},"primaryImageOfPage":{"@id":"https:\/\/www.aglaiadesign.shop\/en\/product\/sarasvati\/#primaryimage"},"image":{"@id":"https:\/\/www.aglaiadesign.shop\/en\/product\/sarasvati\/#primaryimage"},"thumbnailUrl":"https:\/\/www.aglaiadesign.shop\/wp-content\/uploads\/2025\/11\/1X6A8785-scaled.jpg","datePublished":"2025-11-15T09:07:20+00:00","dateModified":"2025-11-15T09:09:37+00:00","breadcrumb":{"@id":"https:\/\/www.aglaiadesign.shop\/en\/product\/sarasvati\/#breadcrumb"},"inLanguage":"en-US","potentialAction":[{"@type":"ReadAction","target":["https:\/\/www.aglaiadesign.shop\/en\/product\/sarasvati\/"]}]},{"@type":"ImageObject","inLanguage":"en-US","@id":"https:\/\/www.aglaiadesign.shop\/en\/product\/sarasvati\/#primaryimage","url":"https:\/\/www.aglaiadesign.shop\/wp-content\/uploads\/2025\/11\/1X6A8785-scaled.jpg","contentUrl":"https:\/\/www.aglaiadesign.shop\/wp-content\/uploads\/2025\/11\/1X6A8785-scaled.jpg","width":1279,"height":2560},{"@type":"BreadcrumbList","@id":"https:\/\/www.aglaiadesign.shop\/en\/product\/sarasvati\/#breadcrumb","itemListElement":[{"@type":"ListItem","position":1,"name":"V\u00edtejte na e-shopu Aglaia Design","item":"https:\/\/www.aglaiadesign.shop\/"},{"@type":"ListItem","position":2,"name":"V\u00edtejte na e-shopu Aglaia Design","item":"https:\/\/www.aglaiadesign.shop\/"},{"@type":"ListItem","position":3,"name":"Sarasvati"}]},{"@type":"WebSite","@id":"https:\/\/www.aglaiadesign.shop\/en\/#website","url":"https:\/\/www.aglaiadesign.shop\/en\/","name":"AglaiaDesign.shop","description":"Aglaia Design e-shop, obchod s enkaustick\u00fdmi obrazy a dal\u0161\u00edmi produkty s fotoreprodukc\u00ed t\u011bchto obraz\u016f.","publisher":{"@id":"https:\/\/www.aglaiadesign.shop\/en\/#organization"},"potentialAction":[{"@type":"SearchAction","target":{"@type":"EntryPoint","urlTemplate":"https:\/\/www.aglaiadesign.shop\/en\/?s={search_term_string}"},"query-input":{"@type":"PropertyValueSpecification","valueRequired":true,"valueName":"search_term_string"}}],"inLanguage":"en-US"},{"@type":"Organization","@id":"https:\/\/www.aglaiadesign.shop\/en\/#organization","name":"AglaiaDesign.shop","url":"https:\/\/www.aglaiadesign.shop\/en\/","logo":{"@type":"ImageObject","inLanguage":"en-US","@id":"https:\/\/www.aglaiadesign.shop\/en\/#\/schema\/logo\/image\/","url":"https:\/\/www.aglaiadesign.shop\/wp-content\/uploads\/2025\/11\/cropped-cropped-ad-logo-final.png","contentUrl":"https:\/\/www.aglaiadesign.shop\/wp-content\/uploads\/2025\/11\/cropped-cropped-ad-logo-final.png","width":512,"height":392,"caption":"AglaiaDesign.shop"},"image":{"@id":"https:\/\/www.aglaiadesign.shop\/en\/#\/schema\/logo\/image\/"},"sameAs":["https:\/\/www.facebook.com\/people\/AglaiaDesignshop\/61584360833340\/","https:\/\/www.instagram.com\/aglaiadesign.shop?igsh=NWh6eXNwbXM0Y2c4","https:\/\/www.tiktok.com\/@aglaia.design.m.k?_r=1&_t=ZN-92fGyZrw7WQ"]}]}},"jetpack_sharing_enabled":true,"_links":{"self":[{"href":"https:\/\/www.aglaiadesign.shop\/en\/wp-json\/wp\/v2\/product\/367","targetHints":{"allow":["GET"]}}],"collection":[{"href":"https:\/\/www.aglaiadesign.shop\/en\/wp-json\/wp\/v2\/product"}],"about":[{"href":"https:\/\/www.aglaiadesign.shop\/en\/wp-json\/wp\/v2\/types\/product"}],"replies":[{"embeddable":true,"href":"https:\/\/www.aglaiadesign.shop\/en\/wp-json\/wp\/v2\/comments?post=367"}],"wp:featuredmedia":[{"embeddable":true,"href":"https:\/\/www.aglaiadesign.shop\/en\/wp-json\/wp\/v2\/media\/368"}],"wp:attachment":[{"href":"https:\/\/www.aglaiadesign.shop\/en\/wp-json\/wp\/v2\/media?parent=367"}],"wp:term":[{"taxonomy":"product_brand","embeddable":true,"href":"https:\/\/www.aglaiadesign.shop\/en\/wp-json\/wp\/v2\/product_brand?post=367"},{"taxonomy":"product_cat","embeddable":true,"href":"https:\/\/www.aglaiadesign.shop\/en\/wp-json\/wp\/v2\/product_cat?post=367"},{"taxonomy":"product_tag","embeddable":true,"href":"https:\/\/www.aglaiadesign.shop\/en\/wp-json\/wp\/v2\/product_tag?post=367"}],"curies":[{"name":"wp","href":"https:\/\/api.w.org\/{rel}","templated":true}]}}