{"id":357,"date":"2025-11-15T09:28:53","date_gmt":"2025-11-15T08:28:53","guid":{"rendered":"https:\/\/beta.aglaiadesign.shop\/?post_type=product&#038;p=357"},"modified":"2025-11-15T09:28:53","modified_gmt":"2025-11-15T08:28:53","slug":"vazky","status":"publish","type":"product","link":"https:\/\/www.aglaiadesign.shop\/en\/product\/vazky\/","title":{"rendered":"V\u00e1\u017eky"},"content":{"rendered":"<p>\u0158\u00edk\u00e1 se, \u017ee nejrychlej\u0161\u00ed transformace je u v\u00e1\u017eek samoz\u0159ejmost\u00ed. Z vodn\u00ed nymfy se v jeden okam\u017eik stane l\u00edtaj\u00edc\u00ed dravec. Proces je uskute\u010dn\u011bn\u00fd v kr\u00e1tk\u00e9m \u010dase. Proto tyto v\u00e1\u017eky nesou vibraci rychl\u00e9 transformace. Vhodn\u00e9 tam, kde se na sob\u011b intenzivn\u011b pracuje.<\/p>\n<p>Ka\u017ed\u00fd origin\u00e1l, kter\u00fd nen\u00ed tvo\u0159en na m\u00edru (pro osobn\u00ed zak\u00e1zku) je d\u00e1le tiskem p\u0159en\u00e1\u0161en na dal\u0161\u00ed m\u00e9dia. Origin\u00e1ln\u00ed obraz je pouze jeden, ale m\u016f\u017eete ho spat\u0159it na kopi\u00edch a ve ve\u0159ejn\u00e9m prostoru. Budouc\u00ed hodnota origin\u00e1ln\u00edho obrazu se t\u00edm m\u016f\u017ee zvedat. Origin\u00e1ln\u00ed obraz je v\u00fdhodn\u00e1 investice do budoucnosti.<\/p>\n<p>Malba v\u010del\u00edm voskem<\/p>\n<p>100 cm x 100 cm \/ canvas<\/p>\n","protected":false},"excerpt":{"rendered":"<p>\u0158\u00edk\u00e1 se, \u017ee nejrychlej\u0161\u00ed transformace je u v\u00e1\u017eek samoz\u0159ejmost\u00ed. Z vodn\u00ed nymfy se v jeden okam\u017eik stane l\u00edtaj\u00edc\u00ed dravec. Proces je uskute\u010dn\u011bn\u00fd v kr\u00e1tk\u00e9m \u010dase. Proto tyto v\u00e1\u017eky nesou vibraci rychl\u00e9 transformace. Vhodn\u00e9 tam, kde se na sob\u011b intenzivn\u011b pracuje. Ka\u017ed\u00fd origin\u00e1l, kter\u00fd nen\u00ed tvo\u0159en na m\u00edru (pro osobn\u00ed zak\u00e1zku) je d\u00e1le tiskem p\u0159en\u00e1\u0161en na [&hellip;]<\/p>\n","protected":false},"featured_media":358,"comment_status":"open","ping_status":"closed","template":"","meta":[],"product_brand":[20],"product_cat":[27],"product_tag":[],"class_list":{"0":"post-357","1":"product","2":"type-product","3":"status-publish","4":"has-post-thumbnail","6":"product_brand-aglaia-design","7":"product_cat-originalni-obrazy","9":"first","10":"instock","11":"shipping-taxable","12":"purchasable","13":"product-type-simple"},"yoast_head":"<!-- This site is optimized with the Yoast SEO plugin v27.4 - https:\/\/yoast.com\/product\/yoast-seo-wordpress\/ -->\n<title>V\u00e1\u017eky<\/title>\n<meta name=\"description\" content=\"\u0158\u00edk\u00e1 se, \u017ee nejrychlej\u0161\u00ed transformace je u v\u00e1\u017eek samoz\u0159ejmost\u00ed. Z vodn\u00ed nymfy se v jeden okam\u017eik stane l\u00edtaj\u00edc\u00ed dravec. Proces je uskute\u010dn\u011bn\u00fd v kr\u00e1tk\u00e9m \u010dase. Proto tyto v\u00e1\u017eky nesou vibraci rychl\u00e9 transformace. Vhodn\u00e9 tam, kde se na sob\u011b intenzivn\u011b pracuje. Ka\u017ed\u00fd origin\u00e1l, kter\u00fd nen\u00ed tvo\u0159en na m\u00edru (pro osobn\u00ed zak\u00e1zku) je d\u00e1le tiskem p\u0159en\u00e1\u0161en na&hellip;\" \/>\n<meta name=\"robots\" content=\"index, follow, max-snippet:-1, max-image-preview:large, max-video-preview:-1\" \/>\n<link rel=\"canonical\" href=\"http:\/\/\u0158\u00edk\u00e1%20se,%20\u017ee%20nejrychlej\u0161\u00ed%20transformace%20je%20u%20v\u00e1\u017eek%20samoz\u0159ejmost\u00ed.%20Z%20vodn\u00ed%20nymfy%20se%20v%20jeden%20okam\u017eik%20stane%20l\u00edtaj\u00edc\u00ed%20dravec.%20Proces%20je%20uskute\u010dn\u011bn\u00fd%20v%20kr\u00e1tk\u00e9m%20\u010dase.%20Proto%20tyto%20v\u00e1\u017eky%20nesou%20vibraci%20rychl\u00e9%20transformace.%20Vhodn\u00e9%20tam,%20kde%20se%20na%20sob\u011b%20intenzivn\u011b%20pracuje.%20Ka\u017ed\u00fd%20origin\u00e1l,%20kter\u00fd%20nen\u00ed%20tvo\u0159en%20na%20m\u00edru%20(pro%20osobn\u00ed%20zak\u00e1zku)%20je%20d\u00e1le%20tiskem%20p\u0159en\u00e1\u0161en%20na&hellip;\" \/>\n<meta property=\"og:locale\" content=\"en_US\" \/>\n<meta property=\"og:type\" content=\"article\" \/>\n<meta property=\"og:title\" content=\"V\u00e1\u017eky\" \/>\n<meta property=\"og:description\" content=\"\u0158\u00edk\u00e1 se, \u017ee nejrychlej\u0161\u00ed transformace je u v\u00e1\u017eek samoz\u0159ejmost\u00ed. Z vodn\u00ed nymfy se v jeden okam\u017eik stane l\u00edtaj\u00edc\u00ed dravec. Proces je uskute\u010dn\u011bn\u00fd v kr\u00e1tk\u00e9m \u010dase. Proto tyto v\u00e1\u017eky nesou vibraci rychl\u00e9 transformace. Vhodn\u00e9 tam, kde se na sob\u011b intenzivn\u011b pracuje. Ka\u017ed\u00fd origin\u00e1l, kter\u00fd nen\u00ed tvo\u0159en na m\u00edru (pro osobn\u00ed zak\u00e1zku) je d\u00e1le tiskem p\u0159en\u00e1\u0161en na&hellip;\" \/>\n<meta property=\"og:url\" content=\"https:\/\/www.aglaiadesign.shop\/en\/product\/vazky\/\" \/>\n<meta property=\"og:site_name\" content=\"AglaiaDesign.shop\" \/>\n<meta property=\"article:publisher\" content=\"https:\/\/www.facebook.com\/people\/AglaiaDesignshop\/61584360833340\/\" \/>\n<meta property=\"og:image\" content=\"https:\/\/www.aglaiadesign.shop\/wp-content\/uploads\/2025\/11\/1X6A6024-scaled.jpg\" \/>\n\t<meta property=\"og:image:width\" content=\"2560\" \/>\n\t<meta property=\"og:image:height\" content=\"2550\" \/>\n\t<meta property=\"og:image:type\" content=\"image\/jpeg\" \/>\n<meta name=\"twitter:card\" content=\"summary_large_image\" \/>\n<meta name=\"twitter:label1\" content=\"Est. reading time\" \/>\n\t<meta name=\"twitter:data1\" content=\"1 minute\" \/>\n<script type=\"application\/ld+json\" class=\"yoast-schema-graph\">{\"@context\":\"https:\\\/\\\/schema.org\",\"@graph\":[{\"@type\":\"WebPage\",\"@id\":\"https:\\\/\\\/www.aglaiadesign.shop\\\/en\\\/product\\\/vazky\\\/\",\"url\":\"https:\\\/\\\/www.aglaiadesign.shop\\\/en\\\/product\\\/vazky\\\/\",\"name\":\"V\u00e1\u017eky - AglaiaDesign.shop\",\"isPartOf\":{\"@id\":\"https:\\\/\\\/www.aglaiadesign.shop\\\/#website\"},\"primaryImageOfPage\":{\"@id\":\"https:\\\/\\\/www.aglaiadesign.shop\\\/en\\\/product\\\/vazky\\\/#primaryimage\"},\"image\":{\"@id\":\"https:\\\/\\\/www.aglaiadesign.shop\\\/en\\\/product\\\/vazky\\\/#primaryimage\"},\"thumbnailUrl\":\"https:\\\/\\\/www.aglaiadesign.shop\\\/wp-content\\\/uploads\\\/2025\\\/11\\\/1X6A6024-scaled.jpg\",\"datePublished\":\"2025-11-15T08:28:53+00:00\",\"breadcrumb\":{\"@id\":\"https:\\\/\\\/www.aglaiadesign.shop\\\/en\\\/product\\\/vazky\\\/#breadcrumb\"},\"inLanguage\":\"en-US\",\"potentialAction\":[{\"@type\":\"ReadAction\",\"target\":[\"https:\\\/\\\/www.aglaiadesign.shop\\\/en\\\/product\\\/vazky\\\/\"]}]},{\"@type\":\"ImageObject\",\"inLanguage\":\"en-US\",\"@id\":\"https:\\\/\\\/www.aglaiadesign.shop\\\/en\\\/product\\\/vazky\\\/#primaryimage\",\"url\":\"https:\\\/\\\/www.aglaiadesign.shop\\\/wp-content\\\/uploads\\\/2025\\\/11\\\/1X6A6024-scaled.jpg\",\"contentUrl\":\"https:\\\/\\\/www.aglaiadesign.shop\\\/wp-content\\\/uploads\\\/2025\\\/11\\\/1X6A6024-scaled.jpg\",\"width\":2560,\"height\":2550},{\"@type\":\"BreadcrumbList\",\"@id\":\"https:\\\/\\\/www.aglaiadesign.shop\\\/en\\\/product\\\/vazky\\\/#breadcrumb\",\"itemListElement\":[{\"@type\":\"ListItem\",\"position\":1,\"name\":\"V\u00edtejte na e-shopu Aglaia Design\",\"item\":\"https:\\\/\\\/www.aglaiadesign.shop\\\/\"},{\"@type\":\"ListItem\",\"position\":2,\"name\":\"V\u00edtejte na e-shopu Aglaia Design\",\"item\":\"https:\\\/\\\/www.aglaiadesign.shop\\\/\"},{\"@type\":\"ListItem\",\"position\":3,\"name\":\"V\u00e1\u017eky\"}]},{\"@type\":\"WebSite\",\"@id\":\"https:\\\/\\\/www.aglaiadesign.shop\\\/en\\\/#website\",\"url\":\"https:\\\/\\\/www.aglaiadesign.shop\\\/en\\\/\",\"name\":\"AglaiaDesign.shop\",\"description\":\"Aglaia Design e-shop, obchod s enkaustick\u00fdmi obrazy a dal\u0161\u00edmi produkty s fotoreprodukc\u00ed t\u011bchto obraz\u016f.\",\"publisher\":{\"@id\":\"https:\\\/\\\/www.aglaiadesign.shop\\\/en\\\/#organization\"},\"potentialAction\":[{\"@type\":\"SearchAction\",\"target\":{\"@type\":\"EntryPoint\",\"urlTemplate\":\"https:\\\/\\\/www.aglaiadesign.shop\\\/en\\\/?s={search_term_string}\"},\"query-input\":{\"@type\":\"PropertyValueSpecification\",\"valueRequired\":true,\"valueName\":\"search_term_string\"}}],\"inLanguage\":\"en-US\"},{\"@type\":\"Organization\",\"@id\":\"https:\\\/\\\/www.aglaiadesign.shop\\\/en\\\/#organization\",\"name\":\"AglaiaDesign.shop\",\"url\":\"https:\\\/\\\/www.aglaiadesign.shop\\\/en\\\/\",\"logo\":{\"@type\":\"ImageObject\",\"inLanguage\":\"en-US\",\"@id\":\"https:\\\/\\\/www.aglaiadesign.shop\\\/en\\\/#\\\/schema\\\/logo\\\/image\\\/\",\"url\":\"https:\\\/\\\/www.aglaiadesign.shop\\\/wp-content\\\/uploads\\\/2025\\\/11\\\/cropped-cropped-ad-logo-final.png\",\"contentUrl\":\"https:\\\/\\\/www.aglaiadesign.shop\\\/wp-content\\\/uploads\\\/2025\\\/11\\\/cropped-cropped-ad-logo-final.png\",\"width\":512,\"height\":392,\"caption\":\"AglaiaDesign.shop\"},\"image\":{\"@id\":\"https:\\\/\\\/www.aglaiadesign.shop\\\/en\\\/#\\\/schema\\\/logo\\\/image\\\/\"},\"sameAs\":[\"https:\\\/\\\/www.facebook.com\\\/people\\\/AglaiaDesignshop\\\/61584360833340\\\/\",\"https:\\\/\\\/www.instagram.com\\\/aglaiadesign.shop?igsh=NWh6eXNwbXM0Y2c4\",\"https:\\\/\\\/www.tiktok.com\\\/@aglaia.design.m.k?_r=1&_t=ZN-92fGyZrw7WQ\"]}]}<\/script>\n<!-- \/ Yoast SEO plugin. -->","yoast_head_json":{"title":"V\u00e1\u017eky","description":"\u0158\u00edk\u00e1 se, \u017ee nejrychlej\u0161\u00ed transformace je u v\u00e1\u017eek samoz\u0159ejmost\u00ed. Z vodn\u00ed nymfy se v jeden okam\u017eik stane l\u00edtaj\u00edc\u00ed dravec. Proces je uskute\u010dn\u011bn\u00fd v kr\u00e1tk\u00e9m \u010dase. Proto tyto v\u00e1\u017eky nesou vibraci rychl\u00e9 transformace. Vhodn\u00e9 tam, kde se na sob\u011b intenzivn\u011b pracuje. Ka\u017ed\u00fd origin\u00e1l, kter\u00fd nen\u00ed tvo\u0159en na m\u00edru (pro osobn\u00ed zak\u00e1zku) je d\u00e1le tiskem p\u0159en\u00e1\u0161en na&hellip;","robots":{"index":"index","follow":"follow","max-snippet":"max-snippet:-1","max-image-preview":"max-image-preview:large","max-video-preview":"max-video-preview:-1"},"canonical":"\u0158\u00edk\u00e1 se, \u017ee nejrychlej\u0161\u00ed transformace je u v\u00e1\u017eek samoz\u0159ejmost\u00ed. Z vodn\u00ed nymfy se v jeden okam\u017eik stane l\u00edtaj\u00edc\u00ed dravec. Proces je uskute\u010dn\u011bn\u00fd v kr\u00e1tk\u00e9m \u010dase. Proto tyto v\u00e1\u017eky nesou vibraci rychl\u00e9 transformace. Vhodn\u00e9 tam, kde se na sob\u011b intenzivn\u011b pracuje. Ka\u017ed\u00fd origin\u00e1l, kter\u00fd nen\u00ed tvo\u0159en na m\u00edru (pro osobn\u00ed zak\u00e1zku) je d\u00e1le tiskem p\u0159en\u00e1\u0161en na&hellip;","og_locale":"en_US","og_type":"article","og_title":"V\u00e1\u017eky","og_description":"\u0158\u00edk\u00e1 se, \u017ee nejrychlej\u0161\u00ed transformace je u v\u00e1\u017eek samoz\u0159ejmost\u00ed. Z vodn\u00ed nymfy se v jeden okam\u017eik stane l\u00edtaj\u00edc\u00ed dravec. Proces je uskute\u010dn\u011bn\u00fd v kr\u00e1tk\u00e9m \u010dase. Proto tyto v\u00e1\u017eky nesou vibraci rychl\u00e9 transformace. Vhodn\u00e9 tam, kde se na sob\u011b intenzivn\u011b pracuje. Ka\u017ed\u00fd origin\u00e1l, kter\u00fd nen\u00ed tvo\u0159en na m\u00edru (pro osobn\u00ed zak\u00e1zku) je d\u00e1le tiskem p\u0159en\u00e1\u0161en na&hellip;","og_url":"https:\/\/www.aglaiadesign.shop\/en\/product\/vazky\/","og_site_name":"AglaiaDesign.shop","article_publisher":"https:\/\/www.facebook.com\/people\/AglaiaDesignshop\/61584360833340\/","og_image":[{"width":2560,"height":2550,"url":"https:\/\/www.aglaiadesign.shop\/wp-content\/uploads\/2025\/11\/1X6A6024-scaled.jpg","type":"image\/jpeg"}],"twitter_card":"summary_large_image","twitter_misc":{"Est. reading time":"1 minute"},"schema":{"@context":"https:\/\/schema.org","@graph":[{"@type":"WebPage","@id":"https:\/\/www.aglaiadesign.shop\/en\/product\/vazky\/","url":"https:\/\/www.aglaiadesign.shop\/en\/product\/vazky\/","name":"V\u00e1\u017eky - AglaiaDesign.shop","isPartOf":{"@id":"https:\/\/www.aglaiadesign.shop\/#website"},"primaryImageOfPage":{"@id":"https:\/\/www.aglaiadesign.shop\/en\/product\/vazky\/#primaryimage"},"image":{"@id":"https:\/\/www.aglaiadesign.shop\/en\/product\/vazky\/#primaryimage"},"thumbnailUrl":"https:\/\/www.aglaiadesign.shop\/wp-content\/uploads\/2025\/11\/1X6A6024-scaled.jpg","datePublished":"2025-11-15T08:28:53+00:00","breadcrumb":{"@id":"https:\/\/www.aglaiadesign.shop\/en\/product\/vazky\/#breadcrumb"},"inLanguage":"en-US","potentialAction":[{"@type":"ReadAction","target":["https:\/\/www.aglaiadesign.shop\/en\/product\/vazky\/"]}]},{"@type":"ImageObject","inLanguage":"en-US","@id":"https:\/\/www.aglaiadesign.shop\/en\/product\/vazky\/#primaryimage","url":"https:\/\/www.aglaiadesign.shop\/wp-content\/uploads\/2025\/11\/1X6A6024-scaled.jpg","contentUrl":"https:\/\/www.aglaiadesign.shop\/wp-content\/uploads\/2025\/11\/1X6A6024-scaled.jpg","width":2560,"height":2550},{"@type":"BreadcrumbList","@id":"https:\/\/www.aglaiadesign.shop\/en\/product\/vazky\/#breadcrumb","itemListElement":[{"@type":"ListItem","position":1,"name":"V\u00edtejte na e-shopu Aglaia Design","item":"https:\/\/www.aglaiadesign.shop\/"},{"@type":"ListItem","position":2,"name":"V\u00edtejte na e-shopu Aglaia Design","item":"https:\/\/www.aglaiadesign.shop\/"},{"@type":"ListItem","position":3,"name":"V\u00e1\u017eky"}]},{"@type":"WebSite","@id":"https:\/\/www.aglaiadesign.shop\/en\/#website","url":"https:\/\/www.aglaiadesign.shop\/en\/","name":"AglaiaDesign.shop","description":"Aglaia Design e-shop, obchod s enkaustick\u00fdmi obrazy a dal\u0161\u00edmi produkty s fotoreprodukc\u00ed t\u011bchto obraz\u016f.","publisher":{"@id":"https:\/\/www.aglaiadesign.shop\/en\/#organization"},"potentialAction":[{"@type":"SearchAction","target":{"@type":"EntryPoint","urlTemplate":"https:\/\/www.aglaiadesign.shop\/en\/?s={search_term_string}"},"query-input":{"@type":"PropertyValueSpecification","valueRequired":true,"valueName":"search_term_string"}}],"inLanguage":"en-US"},{"@type":"Organization","@id":"https:\/\/www.aglaiadesign.shop\/en\/#organization","name":"AglaiaDesign.shop","url":"https:\/\/www.aglaiadesign.shop\/en\/","logo":{"@type":"ImageObject","inLanguage":"en-US","@id":"https:\/\/www.aglaiadesign.shop\/en\/#\/schema\/logo\/image\/","url":"https:\/\/www.aglaiadesign.shop\/wp-content\/uploads\/2025\/11\/cropped-cropped-ad-logo-final.png","contentUrl":"https:\/\/www.aglaiadesign.shop\/wp-content\/uploads\/2025\/11\/cropped-cropped-ad-logo-final.png","width":512,"height":392,"caption":"AglaiaDesign.shop"},"image":{"@id":"https:\/\/www.aglaiadesign.shop\/en\/#\/schema\/logo\/image\/"},"sameAs":["https:\/\/www.facebook.com\/people\/AglaiaDesignshop\/61584360833340\/","https:\/\/www.instagram.com\/aglaiadesign.shop?igsh=NWh6eXNwbXM0Y2c4","https:\/\/www.tiktok.com\/@aglaia.design.m.k?_r=1&_t=ZN-92fGyZrw7WQ"]}]}},"jetpack_sharing_enabled":true,"_links":{"self":[{"href":"https:\/\/www.aglaiadesign.shop\/en\/wp-json\/wp\/v2\/product\/357","targetHints":{"allow":["GET"]}}],"collection":[{"href":"https:\/\/www.aglaiadesign.shop\/en\/wp-json\/wp\/v2\/product"}],"about":[{"href":"https:\/\/www.aglaiadesign.shop\/en\/wp-json\/wp\/v2\/types\/product"}],"replies":[{"embeddable":true,"href":"https:\/\/www.aglaiadesign.shop\/en\/wp-json\/wp\/v2\/comments?post=357"}],"wp:featuredmedia":[{"embeddable":true,"href":"https:\/\/www.aglaiadesign.shop\/en\/wp-json\/wp\/v2\/media\/358"}],"wp:attachment":[{"href":"https:\/\/www.aglaiadesign.shop\/en\/wp-json\/wp\/v2\/media?parent=357"}],"wp:term":[{"taxonomy":"product_brand","embeddable":true,"href":"https:\/\/www.aglaiadesign.shop\/en\/wp-json\/wp\/v2\/product_brand?post=357"},{"taxonomy":"product_cat","embeddable":true,"href":"https:\/\/www.aglaiadesign.shop\/en\/wp-json\/wp\/v2\/product_cat?post=357"},{"taxonomy":"product_tag","embeddable":true,"href":"https:\/\/www.aglaiadesign.shop\/en\/wp-json\/wp\/v2\/product_tag?post=357"}],"curies":[{"name":"wp","href":"https:\/\/api.w.org\/{rel}","templated":true}]}}