{"id":355,"date":"2025-11-15T09:21:09","date_gmt":"2025-11-15T08:21:09","guid":{"rendered":"https:\/\/beta.aglaiadesign.shop\/?post_type=product&#038;p=355"},"modified":"2025-11-15T09:21:09","modified_gmt":"2025-11-15T08:21:09","slug":"uzdravovani-rodove-linie","status":"publish","type":"product","link":"https:\/\/www.aglaiadesign.shop\/en\/product\/uzdravovani-rodove-linie\/","title":{"rendered":"Uzdravov\u00e1n\u00ed rodov\u00e9 linie"},"content":{"rendered":"<p>V ka\u017ed\u00e9m p\u0159\u00edb\u011bhu rodiny se tvo\u0159\u00ed bloky, bolesti a r\u016fzn\u00e9 negativn\u00ed vlivy, kter\u00e9 se d\u00e1le epigeneticky p\u0159en\u00e1\u0161ej\u00ed na dal\u0161\u00ed potomky rodu. Je dobr\u00e9 o vlivech v\u011bd\u011bt a pracovat s t\u00edm na v\u011bdom\u00e9 \u00farovni. Jako pomocn\u00edk k t\u011bmto \u00fa\u010del\u016fm m\u016f\u017ee b\u00fdt pr\u00e1v\u011b tento obraz.<\/p>\n<p>Ka\u017ed\u00fd origin\u00e1l, kter\u00fd nen\u00ed tvo\u0159en na m\u00edru (pro osobn\u00ed zak\u00e1zku) je d\u00e1le tiskem p\u0159en\u00e1\u0161en na dal\u0161\u00ed m\u00e9dia. Origin\u00e1ln\u00ed obraz je pouze jeden, ale m\u016f\u017eete ho spat\u0159it na kopi\u00edch a ve ve\u0159ejn\u00e9m prostoru. Budouc\u00ed hodnota origin\u00e1ln\u00edho obrazu se t\u00edm m\u016f\u017ee zvedat. Origin\u00e1ln\u00ed obraz je v\u00fdhodn\u00e1 investice do budoucnosti.<\/p>\n<p>Malba v\u010del\u00edm voskem, cukrem a p\u00edskem.<\/p>\n<p>120 cm x 100 cm \/ canvas<\/p>\n<p>&nbsp;<\/p>\n","protected":false},"excerpt":{"rendered":"<p>V ka\u017ed\u00e9m p\u0159\u00edb\u011bhu rodiny se tvo\u0159\u00ed bloky, bolesti a r\u016fzn\u00e9 negativn\u00ed vlivy, kter\u00e9 se d\u00e1le epigeneticky p\u0159en\u00e1\u0161ej\u00ed na dal\u0161\u00ed potomky rodu. Je dobr\u00e9 o vlivech v\u011bd\u011bt a pracovat s t\u00edm na v\u011bdom\u00e9 \u00farovni. Jako pomocn\u00edk k t\u011bmto \u00fa\u010del\u016fm m\u016f\u017ee b\u00fdt pr\u00e1v\u011b tento obraz. Ka\u017ed\u00fd origin\u00e1l, kter\u00fd nen\u00ed tvo\u0159en na m\u00edru (pro osobn\u00ed zak\u00e1zku) je d\u00e1le [&hellip;]<\/p>\n","protected":false},"featured_media":356,"comment_status":"open","ping_status":"closed","template":"","meta":[],"product_brand":[20],"product_cat":[27],"product_tag":[],"class_list":{"0":"post-355","1":"product","2":"type-product","3":"status-publish","4":"has-post-thumbnail","6":"product_brand-aglaia-design","7":"product_cat-originalni-obrazy","9":"first","10":"instock","11":"shipping-taxable","12":"purchasable","13":"product-type-simple"},"yoast_head":"<!-- This site is optimized with the Yoast SEO plugin v27.4 - https:\/\/yoast.com\/product\/yoast-seo-wordpress\/ -->\n<title>Uzdravov\u00e1n\u00ed rodov\u00e9 linie<\/title>\n<meta name=\"description\" content=\"V ka\u017ed\u00e9m p\u0159\u00edb\u011bhu rodiny se tvo\u0159\u00ed bloky, bolesti a r\u016fzn\u00e9 negativn\u00ed vlivy, kter\u00e9 se d\u00e1le epigeneticky p\u0159en\u00e1\u0161ej\u00ed na dal\u0161\u00ed potomky rodu. Je dobr\u00e9 o vlivech v\u011bd\u011bt a pracovat s t\u00edm na v\u011bdom\u00e9 \u00farovni. Jako pomocn\u00edk k t\u011bmto \u00fa\u010del\u016fm m\u016f\u017ee b\u00fdt pr\u00e1v\u011b tento obraz. Ka\u017ed\u00fd origin\u00e1l, kter\u00fd nen\u00ed tvo\u0159en na m\u00edru (pro osobn\u00ed zak\u00e1zku) je d\u00e1le&hellip;\" \/>\n<meta name=\"robots\" content=\"index, follow, max-snippet:-1, max-image-preview:large, max-video-preview:-1\" \/>\n<link rel=\"canonical\" href=\"http:\/\/V%20ka\u017ed\u00e9m%20p\u0159\u00edb\u011bhu%20rodiny%20se%20tvo\u0159\u00ed%20bloky,%20bolesti%20a%20r\u016fzn\u00e9%20negativn\u00ed%20vlivy,%20kter\u00e9%20se%20d\u00e1le%20epigeneticky%20p\u0159en\u00e1\u0161ej\u00ed%20na%20dal\u0161\u00ed%20potomky%20rodu.%20Je%20dobr\u00e9%20o%20vlivech%20v\u011bd\u011bt%20a%20pracovat%20s%20t\u00edm%20na%20v\u011bdom\u00e9%20\u00farovni.%20Jako%20pomocn\u00edk%20k%20t\u011bmto%20\u00fa\u010del\u016fm%20m\u016f\u017ee%20b\u00fdt%20pr\u00e1v\u011b%20tento%20obraz.%20Ka\u017ed\u00fd%20origin\u00e1l,%20kter\u00fd%20nen\u00ed%20tvo\u0159en%20na%20m\u00edru%20(pro%20osobn\u00ed%20zak\u00e1zku)%20je%20d\u00e1le&hellip;\" \/>\n<meta property=\"og:locale\" content=\"en_US\" \/>\n<meta property=\"og:type\" content=\"article\" \/>\n<meta property=\"og:title\" content=\"Uzdravov\u00e1n\u00ed rodov\u00e9 linie\" \/>\n<meta property=\"og:description\" content=\"V ka\u017ed\u00e9m p\u0159\u00edb\u011bhu rodiny se tvo\u0159\u00ed bloky, bolesti a r\u016fzn\u00e9 negativn\u00ed vlivy, kter\u00e9 se d\u00e1le epigeneticky p\u0159en\u00e1\u0161ej\u00ed na dal\u0161\u00ed potomky rodu. Je dobr\u00e9 o vlivech v\u011bd\u011bt a pracovat s t\u00edm na v\u011bdom\u00e9 \u00farovni. Jako pomocn\u00edk k t\u011bmto \u00fa\u010del\u016fm m\u016f\u017ee b\u00fdt pr\u00e1v\u011b tento obraz. Ka\u017ed\u00fd origin\u00e1l, kter\u00fd nen\u00ed tvo\u0159en na m\u00edru (pro osobn\u00ed zak\u00e1zku) je d\u00e1le&hellip;\" \/>\n<meta property=\"og:url\" content=\"https:\/\/www.aglaiadesign.shop\/en\/product\/uzdravovani-rodove-linie\/\" \/>\n<meta property=\"og:site_name\" content=\"AglaiaDesign.shop\" \/>\n<meta property=\"article:publisher\" content=\"https:\/\/www.facebook.com\/people\/AglaiaDesignshop\/61584360833340\/\" \/>\n<meta property=\"og:image\" content=\"https:\/\/www.aglaiadesign.shop\/wp-content\/uploads\/2025\/11\/5Y8A3499-scaled.jpg\" \/>\n\t<meta property=\"og:image:width\" content=\"2132\" \/>\n\t<meta property=\"og:image:height\" content=\"2560\" \/>\n\t<meta property=\"og:image:type\" content=\"image\/jpeg\" \/>\n<meta name=\"twitter:card\" content=\"summary_large_image\" \/>\n<meta name=\"twitter:label1\" content=\"Est. reading time\" \/>\n\t<meta name=\"twitter:data1\" content=\"1 minute\" \/>\n<script type=\"application\/ld+json\" class=\"yoast-schema-graph\">{\"@context\":\"https:\\\/\\\/schema.org\",\"@graph\":[{\"@type\":\"WebPage\",\"@id\":\"https:\\\/\\\/www.aglaiadesign.shop\\\/en\\\/product\\\/uzdravovani-rodove-linie\\\/\",\"url\":\"https:\\\/\\\/www.aglaiadesign.shop\\\/en\\\/product\\\/uzdravovani-rodove-linie\\\/\",\"name\":\"Uzdravov\u00e1n\u00ed rodov\u00e9 linie - AglaiaDesign.shop\",\"isPartOf\":{\"@id\":\"https:\\\/\\\/www.aglaiadesign.shop\\\/#website\"},\"primaryImageOfPage\":{\"@id\":\"https:\\\/\\\/www.aglaiadesign.shop\\\/en\\\/product\\\/uzdravovani-rodove-linie\\\/#primaryimage\"},\"image\":{\"@id\":\"https:\\\/\\\/www.aglaiadesign.shop\\\/en\\\/product\\\/uzdravovani-rodove-linie\\\/#primaryimage\"},\"thumbnailUrl\":\"https:\\\/\\\/www.aglaiadesign.shop\\\/wp-content\\\/uploads\\\/2025\\\/11\\\/5Y8A3499-scaled.jpg\",\"datePublished\":\"2025-11-15T08:21:09+00:00\",\"breadcrumb\":{\"@id\":\"https:\\\/\\\/www.aglaiadesign.shop\\\/en\\\/product\\\/uzdravovani-rodove-linie\\\/#breadcrumb\"},\"inLanguage\":\"en-US\",\"potentialAction\":[{\"@type\":\"ReadAction\",\"target\":[\"https:\\\/\\\/www.aglaiadesign.shop\\\/en\\\/product\\\/uzdravovani-rodove-linie\\\/\"]}]},{\"@type\":\"ImageObject\",\"inLanguage\":\"en-US\",\"@id\":\"https:\\\/\\\/www.aglaiadesign.shop\\\/en\\\/product\\\/uzdravovani-rodove-linie\\\/#primaryimage\",\"url\":\"https:\\\/\\\/www.aglaiadesign.shop\\\/wp-content\\\/uploads\\\/2025\\\/11\\\/5Y8A3499-scaled.jpg\",\"contentUrl\":\"https:\\\/\\\/www.aglaiadesign.shop\\\/wp-content\\\/uploads\\\/2025\\\/11\\\/5Y8A3499-scaled.jpg\",\"width\":2132,\"height\":2560},{\"@type\":\"BreadcrumbList\",\"@id\":\"https:\\\/\\\/www.aglaiadesign.shop\\\/en\\\/product\\\/uzdravovani-rodove-linie\\\/#breadcrumb\",\"itemListElement\":[{\"@type\":\"ListItem\",\"position\":1,\"name\":\"V\u00edtejte na e-shopu Aglaia Design\",\"item\":\"https:\\\/\\\/www.aglaiadesign.shop\\\/\"},{\"@type\":\"ListItem\",\"position\":2,\"name\":\"V\u00edtejte na e-shopu Aglaia Design\",\"item\":\"https:\\\/\\\/www.aglaiadesign.shop\\\/\"},{\"@type\":\"ListItem\",\"position\":3,\"name\":\"Uzdravov\u00e1n\u00ed rodov\u00e9 linie\"}]},{\"@type\":\"WebSite\",\"@id\":\"https:\\\/\\\/www.aglaiadesign.shop\\\/en\\\/#website\",\"url\":\"https:\\\/\\\/www.aglaiadesign.shop\\\/en\\\/\",\"name\":\"AglaiaDesign.shop\",\"description\":\"Aglaia Design e-shop, obchod s enkaustick\u00fdmi obrazy a dal\u0161\u00edmi produkty s fotoreprodukc\u00ed t\u011bchto obraz\u016f.\",\"publisher\":{\"@id\":\"https:\\\/\\\/www.aglaiadesign.shop\\\/en\\\/#organization\"},\"potentialAction\":[{\"@type\":\"SearchAction\",\"target\":{\"@type\":\"EntryPoint\",\"urlTemplate\":\"https:\\\/\\\/www.aglaiadesign.shop\\\/en\\\/?s={search_term_string}\"},\"query-input\":{\"@type\":\"PropertyValueSpecification\",\"valueRequired\":true,\"valueName\":\"search_term_string\"}}],\"inLanguage\":\"en-US\"},{\"@type\":\"Organization\",\"@id\":\"https:\\\/\\\/www.aglaiadesign.shop\\\/en\\\/#organization\",\"name\":\"AglaiaDesign.shop\",\"url\":\"https:\\\/\\\/www.aglaiadesign.shop\\\/en\\\/\",\"logo\":{\"@type\":\"ImageObject\",\"inLanguage\":\"en-US\",\"@id\":\"https:\\\/\\\/www.aglaiadesign.shop\\\/en\\\/#\\\/schema\\\/logo\\\/image\\\/\",\"url\":\"https:\\\/\\\/www.aglaiadesign.shop\\\/wp-content\\\/uploads\\\/2025\\\/11\\\/cropped-cropped-ad-logo-final.png\",\"contentUrl\":\"https:\\\/\\\/www.aglaiadesign.shop\\\/wp-content\\\/uploads\\\/2025\\\/11\\\/cropped-cropped-ad-logo-final.png\",\"width\":512,\"height\":392,\"caption\":\"AglaiaDesign.shop\"},\"image\":{\"@id\":\"https:\\\/\\\/www.aglaiadesign.shop\\\/en\\\/#\\\/schema\\\/logo\\\/image\\\/\"},\"sameAs\":[\"https:\\\/\\\/www.facebook.com\\\/people\\\/AglaiaDesignshop\\\/61584360833340\\\/\",\"https:\\\/\\\/www.instagram.com\\\/aglaiadesign.shop?igsh=NWh6eXNwbXM0Y2c4\",\"https:\\\/\\\/www.tiktok.com\\\/@aglaia.design.m.k?_r=1&_t=ZN-92fGyZrw7WQ\"]}]}<\/script>\n<!-- \/ Yoast SEO plugin. -->","yoast_head_json":{"title":"Uzdravov\u00e1n\u00ed rodov\u00e9 linie","description":"V ka\u017ed\u00e9m p\u0159\u00edb\u011bhu rodiny se tvo\u0159\u00ed bloky, bolesti a r\u016fzn\u00e9 negativn\u00ed vlivy, kter\u00e9 se d\u00e1le epigeneticky p\u0159en\u00e1\u0161ej\u00ed na dal\u0161\u00ed potomky rodu. Je dobr\u00e9 o vlivech v\u011bd\u011bt a pracovat s t\u00edm na v\u011bdom\u00e9 \u00farovni. Jako pomocn\u00edk k t\u011bmto \u00fa\u010del\u016fm m\u016f\u017ee b\u00fdt pr\u00e1v\u011b tento obraz. Ka\u017ed\u00fd origin\u00e1l, kter\u00fd nen\u00ed tvo\u0159en na m\u00edru (pro osobn\u00ed zak\u00e1zku) je d\u00e1le&hellip;","robots":{"index":"index","follow":"follow","max-snippet":"max-snippet:-1","max-image-preview":"max-image-preview:large","max-video-preview":"max-video-preview:-1"},"canonical":"V ka\u017ed\u00e9m p\u0159\u00edb\u011bhu rodiny se tvo\u0159\u00ed bloky, bolesti a r\u016fzn\u00e9 negativn\u00ed vlivy, kter\u00e9 se d\u00e1le epigeneticky p\u0159en\u00e1\u0161ej\u00ed na dal\u0161\u00ed potomky rodu. Je dobr\u00e9 o vlivech v\u011bd\u011bt a pracovat s t\u00edm na v\u011bdom\u00e9 \u00farovni. Jako pomocn\u00edk k t\u011bmto \u00fa\u010del\u016fm m\u016f\u017ee b\u00fdt pr\u00e1v\u011b tento obraz. Ka\u017ed\u00fd origin\u00e1l, kter\u00fd nen\u00ed tvo\u0159en na m\u00edru (pro osobn\u00ed zak\u00e1zku) je d\u00e1le&hellip;","og_locale":"en_US","og_type":"article","og_title":"Uzdravov\u00e1n\u00ed rodov\u00e9 linie","og_description":"V ka\u017ed\u00e9m p\u0159\u00edb\u011bhu rodiny se tvo\u0159\u00ed bloky, bolesti a r\u016fzn\u00e9 negativn\u00ed vlivy, kter\u00e9 se d\u00e1le epigeneticky p\u0159en\u00e1\u0161ej\u00ed na dal\u0161\u00ed potomky rodu. Je dobr\u00e9 o vlivech v\u011bd\u011bt a pracovat s t\u00edm na v\u011bdom\u00e9 \u00farovni. Jako pomocn\u00edk k t\u011bmto \u00fa\u010del\u016fm m\u016f\u017ee b\u00fdt pr\u00e1v\u011b tento obraz. Ka\u017ed\u00fd origin\u00e1l, kter\u00fd nen\u00ed tvo\u0159en na m\u00edru (pro osobn\u00ed zak\u00e1zku) je d\u00e1le&hellip;","og_url":"https:\/\/www.aglaiadesign.shop\/en\/product\/uzdravovani-rodove-linie\/","og_site_name":"AglaiaDesign.shop","article_publisher":"https:\/\/www.facebook.com\/people\/AglaiaDesignshop\/61584360833340\/","og_image":[{"width":2132,"height":2560,"url":"https:\/\/www.aglaiadesign.shop\/wp-content\/uploads\/2025\/11\/5Y8A3499-scaled.jpg","type":"image\/jpeg"}],"twitter_card":"summary_large_image","twitter_misc":{"Est. reading time":"1 minute"},"schema":{"@context":"https:\/\/schema.org","@graph":[{"@type":"WebPage","@id":"https:\/\/www.aglaiadesign.shop\/en\/product\/uzdravovani-rodove-linie\/","url":"https:\/\/www.aglaiadesign.shop\/en\/product\/uzdravovani-rodove-linie\/","name":"Uzdravov\u00e1n\u00ed rodov\u00e9 linie - AglaiaDesign.shop","isPartOf":{"@id":"https:\/\/www.aglaiadesign.shop\/#website"},"primaryImageOfPage":{"@id":"https:\/\/www.aglaiadesign.shop\/en\/product\/uzdravovani-rodove-linie\/#primaryimage"},"image":{"@id":"https:\/\/www.aglaiadesign.shop\/en\/product\/uzdravovani-rodove-linie\/#primaryimage"},"thumbnailUrl":"https:\/\/www.aglaiadesign.shop\/wp-content\/uploads\/2025\/11\/5Y8A3499-scaled.jpg","datePublished":"2025-11-15T08:21:09+00:00","breadcrumb":{"@id":"https:\/\/www.aglaiadesign.shop\/en\/product\/uzdravovani-rodove-linie\/#breadcrumb"},"inLanguage":"en-US","potentialAction":[{"@type":"ReadAction","target":["https:\/\/www.aglaiadesign.shop\/en\/product\/uzdravovani-rodove-linie\/"]}]},{"@type":"ImageObject","inLanguage":"en-US","@id":"https:\/\/www.aglaiadesign.shop\/en\/product\/uzdravovani-rodove-linie\/#primaryimage","url":"https:\/\/www.aglaiadesign.shop\/wp-content\/uploads\/2025\/11\/5Y8A3499-scaled.jpg","contentUrl":"https:\/\/www.aglaiadesign.shop\/wp-content\/uploads\/2025\/11\/5Y8A3499-scaled.jpg","width":2132,"height":2560},{"@type":"BreadcrumbList","@id":"https:\/\/www.aglaiadesign.shop\/en\/product\/uzdravovani-rodove-linie\/#breadcrumb","itemListElement":[{"@type":"ListItem","position":1,"name":"V\u00edtejte na e-shopu Aglaia Design","item":"https:\/\/www.aglaiadesign.shop\/"},{"@type":"ListItem","position":2,"name":"V\u00edtejte na e-shopu Aglaia Design","item":"https:\/\/www.aglaiadesign.shop\/"},{"@type":"ListItem","position":3,"name":"Uzdravov\u00e1n\u00ed rodov\u00e9 linie"}]},{"@type":"WebSite","@id":"https:\/\/www.aglaiadesign.shop\/en\/#website","url":"https:\/\/www.aglaiadesign.shop\/en\/","name":"AglaiaDesign.shop","description":"Aglaia Design e-shop, obchod s enkaustick\u00fdmi obrazy a dal\u0161\u00edmi produkty s fotoreprodukc\u00ed t\u011bchto obraz\u016f.","publisher":{"@id":"https:\/\/www.aglaiadesign.shop\/en\/#organization"},"potentialAction":[{"@type":"SearchAction","target":{"@type":"EntryPoint","urlTemplate":"https:\/\/www.aglaiadesign.shop\/en\/?s={search_term_string}"},"query-input":{"@type":"PropertyValueSpecification","valueRequired":true,"valueName":"search_term_string"}}],"inLanguage":"en-US"},{"@type":"Organization","@id":"https:\/\/www.aglaiadesign.shop\/en\/#organization","name":"AglaiaDesign.shop","url":"https:\/\/www.aglaiadesign.shop\/en\/","logo":{"@type":"ImageObject","inLanguage":"en-US","@id":"https:\/\/www.aglaiadesign.shop\/en\/#\/schema\/logo\/image\/","url":"https:\/\/www.aglaiadesign.shop\/wp-content\/uploads\/2025\/11\/cropped-cropped-ad-logo-final.png","contentUrl":"https:\/\/www.aglaiadesign.shop\/wp-content\/uploads\/2025\/11\/cropped-cropped-ad-logo-final.png","width":512,"height":392,"caption":"AglaiaDesign.shop"},"image":{"@id":"https:\/\/www.aglaiadesign.shop\/en\/#\/schema\/logo\/image\/"},"sameAs":["https:\/\/www.facebook.com\/people\/AglaiaDesignshop\/61584360833340\/","https:\/\/www.instagram.com\/aglaiadesign.shop?igsh=NWh6eXNwbXM0Y2c4","https:\/\/www.tiktok.com\/@aglaia.design.m.k?_r=1&_t=ZN-92fGyZrw7WQ"]}]}},"jetpack_sharing_enabled":true,"_links":{"self":[{"href":"https:\/\/www.aglaiadesign.shop\/en\/wp-json\/wp\/v2\/product\/355","targetHints":{"allow":["GET"]}}],"collection":[{"href":"https:\/\/www.aglaiadesign.shop\/en\/wp-json\/wp\/v2\/product"}],"about":[{"href":"https:\/\/www.aglaiadesign.shop\/en\/wp-json\/wp\/v2\/types\/product"}],"replies":[{"embeddable":true,"href":"https:\/\/www.aglaiadesign.shop\/en\/wp-json\/wp\/v2\/comments?post=355"}],"wp:featuredmedia":[{"embeddable":true,"href":"https:\/\/www.aglaiadesign.shop\/en\/wp-json\/wp\/v2\/media\/356"}],"wp:attachment":[{"href":"https:\/\/www.aglaiadesign.shop\/en\/wp-json\/wp\/v2\/media?parent=355"}],"wp:term":[{"taxonomy":"product_brand","embeddable":true,"href":"https:\/\/www.aglaiadesign.shop\/en\/wp-json\/wp\/v2\/product_brand?post=355"},{"taxonomy":"product_cat","embeddable":true,"href":"https:\/\/www.aglaiadesign.shop\/en\/wp-json\/wp\/v2\/product_cat?post=355"},{"taxonomy":"product_tag","embeddable":true,"href":"https:\/\/www.aglaiadesign.shop\/en\/wp-json\/wp\/v2\/product_tag?post=355"}],"curies":[{"name":"wp","href":"https:\/\/api.w.org\/{rel}","templated":true}]}}