{"id":348,"date":"2025-11-15T08:52:10","date_gmt":"2025-11-15T07:52:10","guid":{"rendered":"https:\/\/beta.aglaiadesign.shop\/?post_type=product&#038;p=348"},"modified":"2025-11-15T08:52:10","modified_gmt":"2025-11-15T07:52:10","slug":"348","status":"publish","type":"product","link":"https:\/\/www.aglaiadesign.shop\/en\/product\/348\/","title":{"rendered":""},"content":{"rendered":"<p>Nen\u00ed nic ulevuj\u00edc\u00edho, ne\u017e omluvit se s\u00e1m sob\u011b, nebo n\u011bkomu jin\u00e9mu. Kdy\u017e n\u011bkomu odpust\u00edme a je\u0161t\u011b se k tomu dok\u00e1\u017eeme omluvit, p\u0159ijde bla\u017een\u00fd pocit vnit\u0159n\u00edho uspokojen\u00ed. Pokud jsme schopni se omluvit i sami sob\u011b, \u017ee jsme si vzali p\u0159\u00edli\u0161, na sv\u00e1 bedra, nebo jsme na sebe moc tvrd\u00ed, pak p\u0159ijde uvoln\u011bn\u00ed a du\u0161evn\u00ed klid. Takov\u00e9 je to s obrazem Omluva.<\/p>\n<p>Barvy na fotografii se mohou trochu li\u0161it od origin\u00e1lu. Je to zp\u016fsobeno sv\u011btlem p\u0159i focen\u00ed.<\/p>\n<p>Ka\u017ed\u00fd origin\u00e1l, kter\u00fd nen\u00ed tvo\u0159en na m\u00edru (pro osobn\u00ed zak\u00e1zku) je d\u00e1le tiskem p\u0159en\u00e1\u0161en na dal\u0161\u00ed m\u00e9dia. Origin\u00e1ln\u00ed obraz je pouze jeden, ale m\u016f\u017eete ho spat\u0159it na kopi\u00edch a ve ve\u0159ejn\u00e9m prostoru. Budouc\u00ed hodnota origin\u00e1ln\u00edho obrazu se t\u00edm m\u016f\u017ee zvedat. Origin\u00e1ln\u00ed obraz je v\u00fdhodn\u00e1 investice do budoucnosti.<\/p>\n<p>Malba v\u010del\u00edm voskem<\/p>\n<p>80 cm x 60 cm \/ canvas<\/p>\n","protected":false},"excerpt":{"rendered":"<p>Nen\u00ed nic ulevuj\u00edc\u00edho, ne\u017e omluvit se s\u00e1m sob\u011b, nebo n\u011bkomu jin\u00e9mu. Kdy\u017e n\u011bkomu odpust\u00edme a je\u0161t\u011b se k tomu dok\u00e1\u017eeme omluvit, p\u0159ijde bla\u017een\u00fd pocit vnit\u0159n\u00edho uspokojen\u00ed. Pokud jsme schopni se omluvit i sami sob\u011b, \u017ee jsme si vzali p\u0159\u00edli\u0161, na sv\u00e1 bedra, nebo jsme na sebe moc tvrd\u00ed, pak p\u0159ijde uvoln\u011bn\u00ed a du\u0161evn\u00ed klid. Takov\u00e9 [&hellip;]<\/p>\n","protected":false},"featured_media":349,"comment_status":"open","ping_status":"closed","template":"","meta":[],"product_brand":[20],"product_cat":[27],"product_tag":[],"class_list":{"0":"post-348","1":"product","2":"type-product","3":"status-publish","4":"has-post-thumbnail","6":"product_brand-aglaia-design","7":"product_cat-originalni-obrazy","9":"first","10":"instock","11":"shipping-taxable","12":"purchasable","13":"product-type-simple"},"yoast_head":"<!-- This site is optimized with the Yoast SEO plugin v27.4 - https:\/\/yoast.com\/product\/yoast-seo-wordpress\/ -->\n<title>- AglaiaDesign.shop<\/title>\n<meta name=\"description\" content=\"Nen\u00ed nic ulevuj\u00edc\u00edho, ne\u017e omluvit se s\u00e1m sob\u011b, nebo n\u011bkomu jin\u00e9mu. Kdy\u017e n\u011bkomu odpust\u00edme a je\u0161t\u011b se k tomu dok\u00e1\u017eeme omluvit, p\u0159ijde bla\u017een\u00fd pocit vnit\u0159n\u00edho uspokojen\u00ed. Pokud jsme schopni se omluvit i sami sob\u011b, \u017ee jsme si vzali p\u0159\u00edli\u0161, na sv\u00e1 bedra, nebo jsme na sebe moc tvrd\u00ed, pak p\u0159ijde uvoln\u011bn\u00ed a du\u0161evn\u00ed klid. Takov\u00e9&hellip;\" \/>\n<meta name=\"robots\" content=\"index, follow, max-snippet:-1, max-image-preview:large, max-video-preview:-1\" \/>\n<link rel=\"canonical\" href=\"http:\/\/Nen\u00ed%20nic%20ulevuj\u00edc\u00edho,%20ne\u017e%20omluvit%20se%20s\u00e1m%20sob\u011b,%20nebo%20n\u011bkomu%20jin\u00e9mu.%20Kdy\u017e%20n\u011bkomu%20odpust\u00edme%20a%20je\u0161t\u011b%20se%20k%20tomu%20dok\u00e1\u017eeme%20omluvit,%20p\u0159ijde%20bla\u017een\u00fd%20pocit%20vnit\u0159n\u00edho%20uspokojen\u00ed.%20Pokud%20jsme%20schopni%20se%20omluvit%20i%20sami%20sob\u011b,%20\u017ee%20jsme%20si%20vzali%20p\u0159\u00edli\u0161,%20na%20sv\u00e1%20bedra,%20nebo%20jsme%20na%20sebe%20moc%20tvrd\u00ed,%20pak%20p\u0159ijde%20uvoln\u011bn\u00ed%20a%20du\u0161evn\u00ed%20klid.%20Takov\u00e9&hellip;\" \/>\n<meta property=\"og:locale\" content=\"en_US\" \/>\n<meta property=\"og:type\" content=\"article\" \/>\n<meta property=\"og:title\" content=\"- AglaiaDesign.shop\" \/>\n<meta property=\"og:description\" content=\"Nen\u00ed nic ulevuj\u00edc\u00edho, ne\u017e omluvit se s\u00e1m sob\u011b, nebo n\u011bkomu jin\u00e9mu. Kdy\u017e n\u011bkomu odpust\u00edme a je\u0161t\u011b se k tomu dok\u00e1\u017eeme omluvit, p\u0159ijde bla\u017een\u00fd pocit vnit\u0159n\u00edho uspokojen\u00ed. Pokud jsme schopni se omluvit i sami sob\u011b, \u017ee jsme si vzali p\u0159\u00edli\u0161, na sv\u00e1 bedra, nebo jsme na sebe moc tvrd\u00ed, pak p\u0159ijde uvoln\u011bn\u00ed a du\u0161evn\u00ed klid. Takov\u00e9&hellip;\" \/>\n<meta property=\"og:url\" content=\"https:\/\/www.aglaiadesign.shop\/en\/product\/348\/\" \/>\n<meta property=\"og:site_name\" content=\"AglaiaDesign.shop\" \/>\n<meta property=\"article:publisher\" content=\"https:\/\/www.facebook.com\/people\/AglaiaDesignshop\/61584360833340\/\" \/>\n<meta property=\"og:image\" content=\"https:\/\/www.aglaiadesign.shop\/wp-content\/uploads\/2025\/11\/5Y8A3490-scaled-e1763192643483.jpg\" \/>\n\t<meta property=\"og:image:width\" content=\"1930\" \/>\n\t<meta property=\"og:image:height\" content=\"2560\" \/>\n\t<meta property=\"og:image:type\" content=\"image\/jpeg\" \/>\n<meta name=\"twitter:card\" content=\"summary_large_image\" \/>\n<meta name=\"twitter:label1\" content=\"Est. reading time\" \/>\n\t<meta name=\"twitter:data1\" content=\"1 minute\" \/>\n<script type=\"application\/ld+json\" class=\"yoast-schema-graph\">{\"@context\":\"https:\\\/\\\/schema.org\",\"@graph\":[{\"@type\":\"WebPage\",\"@id\":\"https:\\\/\\\/www.aglaiadesign.shop\\\/en\\\/product\\\/348\\\/\",\"url\":\"https:\\\/\\\/www.aglaiadesign.shop\\\/en\\\/product\\\/348\\\/\",\"name\":\"- AglaiaDesign.shop\",\"isPartOf\":{\"@id\":\"https:\\\/\\\/www.aglaiadesign.shop\\\/#website\"},\"primaryImageOfPage\":{\"@id\":\"https:\\\/\\\/www.aglaiadesign.shop\\\/en\\\/product\\\/348\\\/#primaryimage\"},\"image\":{\"@id\":\"https:\\\/\\\/www.aglaiadesign.shop\\\/en\\\/product\\\/348\\\/#primaryimage\"},\"thumbnailUrl\":\"https:\\\/\\\/www.aglaiadesign.shop\\\/wp-content\\\/uploads\\\/2025\\\/11\\\/5Y8A3490-scaled-e1763192643483.jpg\",\"datePublished\":\"2025-11-15T07:52:10+00:00\",\"breadcrumb\":{\"@id\":\"https:\\\/\\\/www.aglaiadesign.shop\\\/en\\\/product\\\/348\\\/#breadcrumb\"},\"inLanguage\":\"en-US\",\"potentialAction\":[{\"@type\":\"ReadAction\",\"target\":[\"https:\\\/\\\/www.aglaiadesign.shop\\\/en\\\/product\\\/348\\\/\"]}]},{\"@type\":\"ImageObject\",\"inLanguage\":\"en-US\",\"@id\":\"https:\\\/\\\/www.aglaiadesign.shop\\\/en\\\/product\\\/348\\\/#primaryimage\",\"url\":\"https:\\\/\\\/www.aglaiadesign.shop\\\/wp-content\\\/uploads\\\/2025\\\/11\\\/5Y8A3490-scaled-e1763192643483.jpg\",\"contentUrl\":\"https:\\\/\\\/www.aglaiadesign.shop\\\/wp-content\\\/uploads\\\/2025\\\/11\\\/5Y8A3490-scaled-e1763192643483.jpg\",\"width\":1930,\"height\":2560},{\"@type\":\"BreadcrumbList\",\"@id\":\"https:\\\/\\\/www.aglaiadesign.shop\\\/en\\\/product\\\/348\\\/#breadcrumb\",\"itemListElement\":[{\"@type\":\"ListItem\",\"position\":1,\"name\":\"V\u00edtejte na e-shopu Aglaia Design\",\"item\":\"https:\\\/\\\/www.aglaiadesign.shop\\\/\"},{\"@type\":\"ListItem\",\"position\":2,\"name\":\"V\u00edtejte na e-shopu Aglaia Design\",\"item\":\"https:\\\/\\\/www.aglaiadesign.shop\\\/\"}]},{\"@type\":\"WebSite\",\"@id\":\"https:\\\/\\\/www.aglaiadesign.shop\\\/en\\\/#website\",\"url\":\"https:\\\/\\\/www.aglaiadesign.shop\\\/en\\\/\",\"name\":\"AglaiaDesign.shop\",\"description\":\"Aglaia Design e-shop, obchod s enkaustick\u00fdmi obrazy a dal\u0161\u00edmi produkty s fotoreprodukc\u00ed t\u011bchto obraz\u016f.\",\"publisher\":{\"@id\":\"https:\\\/\\\/www.aglaiadesign.shop\\\/en\\\/#organization\"},\"potentialAction\":[{\"@type\":\"SearchAction\",\"target\":{\"@type\":\"EntryPoint\",\"urlTemplate\":\"https:\\\/\\\/www.aglaiadesign.shop\\\/en\\\/?s={search_term_string}\"},\"query-input\":{\"@type\":\"PropertyValueSpecification\",\"valueRequired\":true,\"valueName\":\"search_term_string\"}}],\"inLanguage\":\"en-US\"},{\"@type\":\"Organization\",\"@id\":\"https:\\\/\\\/www.aglaiadesign.shop\\\/en\\\/#organization\",\"name\":\"AglaiaDesign.shop\",\"url\":\"https:\\\/\\\/www.aglaiadesign.shop\\\/en\\\/\",\"logo\":{\"@type\":\"ImageObject\",\"inLanguage\":\"en-US\",\"@id\":\"https:\\\/\\\/www.aglaiadesign.shop\\\/en\\\/#\\\/schema\\\/logo\\\/image\\\/\",\"url\":\"https:\\\/\\\/www.aglaiadesign.shop\\\/wp-content\\\/uploads\\\/2025\\\/11\\\/cropped-cropped-ad-logo-final.png\",\"contentUrl\":\"https:\\\/\\\/www.aglaiadesign.shop\\\/wp-content\\\/uploads\\\/2025\\\/11\\\/cropped-cropped-ad-logo-final.png\",\"width\":512,\"height\":392,\"caption\":\"AglaiaDesign.shop\"},\"image\":{\"@id\":\"https:\\\/\\\/www.aglaiadesign.shop\\\/en\\\/#\\\/schema\\\/logo\\\/image\\\/\"},\"sameAs\":[\"https:\\\/\\\/www.facebook.com\\\/people\\\/AglaiaDesignshop\\\/61584360833340\\\/\",\"https:\\\/\\\/www.instagram.com\\\/aglaiadesign.shop?igsh=NWh6eXNwbXM0Y2c4\",\"https:\\\/\\\/www.tiktok.com\\\/@aglaia.design.m.k?_r=1&_t=ZN-92fGyZrw7WQ\"]}]}<\/script>\n<!-- \/ Yoast SEO plugin. -->","yoast_head_json":{"title":"- AglaiaDesign.shop","description":"Nen\u00ed nic ulevuj\u00edc\u00edho, ne\u017e omluvit se s\u00e1m sob\u011b, nebo n\u011bkomu jin\u00e9mu. Kdy\u017e n\u011bkomu odpust\u00edme a je\u0161t\u011b se k tomu dok\u00e1\u017eeme omluvit, p\u0159ijde bla\u017een\u00fd pocit vnit\u0159n\u00edho uspokojen\u00ed. Pokud jsme schopni se omluvit i sami sob\u011b, \u017ee jsme si vzali p\u0159\u00edli\u0161, na sv\u00e1 bedra, nebo jsme na sebe moc tvrd\u00ed, pak p\u0159ijde uvoln\u011bn\u00ed a du\u0161evn\u00ed klid. Takov\u00e9&hellip;","robots":{"index":"index","follow":"follow","max-snippet":"max-snippet:-1","max-image-preview":"max-image-preview:large","max-video-preview":"max-video-preview:-1"},"canonical":"Nen\u00ed nic ulevuj\u00edc\u00edho, ne\u017e omluvit se s\u00e1m sob\u011b, nebo n\u011bkomu jin\u00e9mu. Kdy\u017e n\u011bkomu odpust\u00edme a je\u0161t\u011b se k tomu dok\u00e1\u017eeme omluvit, p\u0159ijde bla\u017een\u00fd pocit vnit\u0159n\u00edho uspokojen\u00ed. Pokud jsme schopni se omluvit i sami sob\u011b, \u017ee jsme si vzali p\u0159\u00edli\u0161, na sv\u00e1 bedra, nebo jsme na sebe moc tvrd\u00ed, pak p\u0159ijde uvoln\u011bn\u00ed a du\u0161evn\u00ed klid. Takov\u00e9&hellip;","og_locale":"en_US","og_type":"article","og_title":"- AglaiaDesign.shop","og_description":"Nen\u00ed nic ulevuj\u00edc\u00edho, ne\u017e omluvit se s\u00e1m sob\u011b, nebo n\u011bkomu jin\u00e9mu. Kdy\u017e n\u011bkomu odpust\u00edme a je\u0161t\u011b se k tomu dok\u00e1\u017eeme omluvit, p\u0159ijde bla\u017een\u00fd pocit vnit\u0159n\u00edho uspokojen\u00ed. Pokud jsme schopni se omluvit i sami sob\u011b, \u017ee jsme si vzali p\u0159\u00edli\u0161, na sv\u00e1 bedra, nebo jsme na sebe moc tvrd\u00ed, pak p\u0159ijde uvoln\u011bn\u00ed a du\u0161evn\u00ed klid. Takov\u00e9&hellip;","og_url":"https:\/\/www.aglaiadesign.shop\/en\/product\/348\/","og_site_name":"AglaiaDesign.shop","article_publisher":"https:\/\/www.facebook.com\/people\/AglaiaDesignshop\/61584360833340\/","og_image":[{"width":1930,"height":2560,"url":"https:\/\/www.aglaiadesign.shop\/wp-content\/uploads\/2025\/11\/5Y8A3490-scaled-e1763192643483.jpg","type":"image\/jpeg"}],"twitter_card":"summary_large_image","twitter_misc":{"Est. reading time":"1 minute"},"schema":{"@context":"https:\/\/schema.org","@graph":[{"@type":"WebPage","@id":"https:\/\/www.aglaiadesign.shop\/en\/product\/348\/","url":"https:\/\/www.aglaiadesign.shop\/en\/product\/348\/","name":"- AglaiaDesign.shop","isPartOf":{"@id":"https:\/\/www.aglaiadesign.shop\/#website"},"primaryImageOfPage":{"@id":"https:\/\/www.aglaiadesign.shop\/en\/product\/348\/#primaryimage"},"image":{"@id":"https:\/\/www.aglaiadesign.shop\/en\/product\/348\/#primaryimage"},"thumbnailUrl":"https:\/\/www.aglaiadesign.shop\/wp-content\/uploads\/2025\/11\/5Y8A3490-scaled-e1763192643483.jpg","datePublished":"2025-11-15T07:52:10+00:00","breadcrumb":{"@id":"https:\/\/www.aglaiadesign.shop\/en\/product\/348\/#breadcrumb"},"inLanguage":"en-US","potentialAction":[{"@type":"ReadAction","target":["https:\/\/www.aglaiadesign.shop\/en\/product\/348\/"]}]},{"@type":"ImageObject","inLanguage":"en-US","@id":"https:\/\/www.aglaiadesign.shop\/en\/product\/348\/#primaryimage","url":"https:\/\/www.aglaiadesign.shop\/wp-content\/uploads\/2025\/11\/5Y8A3490-scaled-e1763192643483.jpg","contentUrl":"https:\/\/www.aglaiadesign.shop\/wp-content\/uploads\/2025\/11\/5Y8A3490-scaled-e1763192643483.jpg","width":1930,"height":2560},{"@type":"BreadcrumbList","@id":"https:\/\/www.aglaiadesign.shop\/en\/product\/348\/#breadcrumb","itemListElement":[{"@type":"ListItem","position":1,"name":"V\u00edtejte na e-shopu Aglaia Design","item":"https:\/\/www.aglaiadesign.shop\/"},{"@type":"ListItem","position":2,"name":"V\u00edtejte na e-shopu Aglaia Design","item":"https:\/\/www.aglaiadesign.shop\/"}]},{"@type":"WebSite","@id":"https:\/\/www.aglaiadesign.shop\/en\/#website","url":"https:\/\/www.aglaiadesign.shop\/en\/","name":"AglaiaDesign.shop","description":"Aglaia Design e-shop, obchod s enkaustick\u00fdmi obrazy a dal\u0161\u00edmi produkty s fotoreprodukc\u00ed t\u011bchto obraz\u016f.","publisher":{"@id":"https:\/\/www.aglaiadesign.shop\/en\/#organization"},"potentialAction":[{"@type":"SearchAction","target":{"@type":"EntryPoint","urlTemplate":"https:\/\/www.aglaiadesign.shop\/en\/?s={search_term_string}"},"query-input":{"@type":"PropertyValueSpecification","valueRequired":true,"valueName":"search_term_string"}}],"inLanguage":"en-US"},{"@type":"Organization","@id":"https:\/\/www.aglaiadesign.shop\/en\/#organization","name":"AglaiaDesign.shop","url":"https:\/\/www.aglaiadesign.shop\/en\/","logo":{"@type":"ImageObject","inLanguage":"en-US","@id":"https:\/\/www.aglaiadesign.shop\/en\/#\/schema\/logo\/image\/","url":"https:\/\/www.aglaiadesign.shop\/wp-content\/uploads\/2025\/11\/cropped-cropped-ad-logo-final.png","contentUrl":"https:\/\/www.aglaiadesign.shop\/wp-content\/uploads\/2025\/11\/cropped-cropped-ad-logo-final.png","width":512,"height":392,"caption":"AglaiaDesign.shop"},"image":{"@id":"https:\/\/www.aglaiadesign.shop\/en\/#\/schema\/logo\/image\/"},"sameAs":["https:\/\/www.facebook.com\/people\/AglaiaDesignshop\/61584360833340\/","https:\/\/www.instagram.com\/aglaiadesign.shop?igsh=NWh6eXNwbXM0Y2c4","https:\/\/www.tiktok.com\/@aglaia.design.m.k?_r=1&_t=ZN-92fGyZrw7WQ"]}]}},"jetpack_sharing_enabled":true,"_links":{"self":[{"href":"https:\/\/www.aglaiadesign.shop\/en\/wp-json\/wp\/v2\/product\/348","targetHints":{"allow":["GET"]}}],"collection":[{"href":"https:\/\/www.aglaiadesign.shop\/en\/wp-json\/wp\/v2\/product"}],"about":[{"href":"https:\/\/www.aglaiadesign.shop\/en\/wp-json\/wp\/v2\/types\/product"}],"replies":[{"embeddable":true,"href":"https:\/\/www.aglaiadesign.shop\/en\/wp-json\/wp\/v2\/comments?post=348"}],"wp:featuredmedia":[{"embeddable":true,"href":"https:\/\/www.aglaiadesign.shop\/en\/wp-json\/wp\/v2\/media\/349"}],"wp:attachment":[{"href":"https:\/\/www.aglaiadesign.shop\/en\/wp-json\/wp\/v2\/media?parent=348"}],"wp:term":[{"taxonomy":"product_brand","embeddable":true,"href":"https:\/\/www.aglaiadesign.shop\/en\/wp-json\/wp\/v2\/product_brand?post=348"},{"taxonomy":"product_cat","embeddable":true,"href":"https:\/\/www.aglaiadesign.shop\/en\/wp-json\/wp\/v2\/product_cat?post=348"},{"taxonomy":"product_tag","embeddable":true,"href":"https:\/\/www.aglaiadesign.shop\/en\/wp-json\/wp\/v2\/product_tag?post=348"}],"curies":[{"name":"wp","href":"https:\/\/api.w.org\/{rel}","templated":true}]}}