{"id":337,"date":"2025-11-14T08:24:35","date_gmt":"2025-11-14T07:24:35","guid":{"rendered":"https:\/\/beta.aglaiadesign.shop\/?post_type=product&#038;p=337"},"modified":"2025-11-14T08:40:46","modified_gmt":"2025-11-14T07:40:46","slug":"zrozeni-zeme-3","status":"publish","type":"product","link":"https:\/\/www.aglaiadesign.shop\/en\/product\/zrozeni-zeme-3\/","title":{"rendered":"Zrozen\u00ed Zem\u011b 3"},"content":{"rendered":"<p>Dokon\u010den\u00ed procesu Zrozen\u00ed Zem\u011b. Velk\u00fd form\u00e1t obrazu oslavuje Zrod na\u0161\u00ed planety. D\u00edt\u011b s k\u0159\u00eddly mot\u00fdla je symbolem lid\u00ed na Zemi. \u017dena porodila s pomoc\u00ed mimozemsk\u00e9 civilizace. tak jak n\u00e1m ukazuj\u00ed Sumersk\u00e9 tabulky, \u017ee jsme byli stvo\u0159eni mimozemskou civilizac\u00ed. v\u0161e je pojato jako symbolick\u00fd p\u0159\u00edb\u011bh na\u0161eho po\u010d\u00e1tku.<\/p>\n<p>Ka\u017ed\u00fd origin\u00e1l, kter\u00fd nen\u00ed tvo\u0159en na m\u00edru (pro osobn\u00ed zak\u00e1zku) je d\u00e1le tiskem p\u0159en\u00e1\u0161en na dal\u0161\u00ed m\u00e9dia. Origin\u00e1ln\u00ed obraz je pouze jeden, ale m\u016f\u017eete ho spat\u0159it na kopi\u00edch a ve ve\u0159ejn\u00e9m prostoru. Budouc\u00ed hodnota origin\u00e1ln\u00edho obrazu se t\u00edm m\u016f\u017ee zvedat. Origin\u00e1ln\u00ed obraz je v\u00fdhodn\u00e1 investice do budoucnosti<\/p>\n<p>Olejomalba a v\u010del\u00ed vosk<\/p>\n<p>2 m x 1.5 m \/ canvas<\/p>\n","protected":false},"excerpt":{"rendered":"<p>Dokon\u010den\u00ed procesu Zrozen\u00ed Zem\u011b. Velk\u00fd form\u00e1t obrazu oslavuje Zrod na\u0161\u00ed planety. D\u00edt\u011b s k\u0159\u00eddly mot\u00fdla je symbolem lid\u00ed na Zemi. \u017dena porodila s pomoc\u00ed mimozemsk\u00e9 civilizace. tak jak n\u00e1m ukazuj\u00ed Sumersk\u00e9 tabulky, \u017ee jsme byli stvo\u0159eni mimozemskou civilizac\u00ed. v\u0161e je pojato jako symbolick\u00fd p\u0159\u00edb\u011bh na\u0161eho po\u010d\u00e1tku. Ka\u017ed\u00fd origin\u00e1l, kter\u00fd nen\u00ed tvo\u0159en na m\u00edru (pro osobn\u00ed [&hellip;]<\/p>\n","protected":false},"featured_media":338,"comment_status":"open","ping_status":"closed","template":"","meta":[],"product_brand":[20],"product_cat":[27],"product_tag":[],"class_list":{"0":"post-337","1":"product","2":"type-product","3":"status-publish","4":"has-post-thumbnail","6":"product_brand-aglaia-design","7":"product_cat-originalni-obrazy","9":"first","10":"instock","11":"shipping-taxable","12":"purchasable","13":"product-type-simple"},"yoast_head":"<!-- This site is optimized with the Yoast SEO plugin v27.4 - https:\/\/yoast.com\/product\/yoast-seo-wordpress\/ -->\n<title>Zrozen\u00ed Zem\u011b 3<\/title>\n<meta name=\"description\" content=\"Dokon\u010den\u00ed procesu Zrozen\u00ed Zem\u011b. Velk\u00fd form\u00e1t obrazu oslavuje Zrod na\u0161\u00ed planety. D\u00edt\u011b s k\u0159\u00eddly mot\u00fdla je symbolem lid\u00ed na Zemi. \u017dena porodila s pomoc\u00ed mimozemsk\u00e9 civilizace. tak jak n\u00e1m ukazuj\u00ed Sumersk\u00e9 tabulky, \u017ee jsme byli stvo\u0159eni mimozemskou civilizac\u00ed. v\u0161e je pojato jako symbolick\u00fd p\u0159\u00edb\u011bh na\u0161eho po\u010d\u00e1tku. Ka\u017ed\u00fd origin\u00e1l, kter\u00fd nen\u00ed tvo\u0159en na m\u00edru (pro osobn\u00ed&hellip;\" \/>\n<meta name=\"robots\" content=\"index, follow, max-snippet:-1, max-image-preview:large, max-video-preview:-1\" \/>\n<link rel=\"canonical\" href=\"http:\/\/Dokon\u010den\u00ed%20procesu%20Zrozen\u00ed%20Zem\u011b.%20Velk\u00fd%20form\u00e1t%20obrazu%20oslavuje%20Zrod%20na\u0161\u00ed%20planety.%20D\u00edt\u011b%20s%20k\u0159\u00eddly%20mot\u00fdla%20je%20symbolem%20lid\u00ed%20na%20Zemi.%20\u017dena%20porodila%20s%20pomoc\u00ed%20mimozemsk\u00e9%20civilizace.%20tak%20jak%20n\u00e1m%20ukazuj\u00ed%20Sumersk\u00e9%20tabulky,%20\u017ee%20jsme%20byli%20stvo\u0159eni%20mimozemskou%20civilizac\u00ed.%20v\u0161e%20je%20pojato%20jako%20symbolick\u00fd%20p\u0159\u00edb\u011bh%20na\u0161eho%20po\u010d\u00e1tku.%20Ka\u017ed\u00fd%20origin\u00e1l,%20kter\u00fd%20nen\u00ed%20tvo\u0159en%20na%20m\u00edru%20(pro%20osobn\u00ed&hellip;\" \/>\n<meta property=\"og:locale\" content=\"en_US\" \/>\n<meta property=\"og:type\" content=\"article\" \/>\n<meta property=\"og:title\" content=\"Zrozen\u00ed Zem\u011b 3\" \/>\n<meta property=\"og:description\" content=\"Dokon\u010den\u00ed procesu Zrozen\u00ed Zem\u011b. Velk\u00fd form\u00e1t obrazu oslavuje Zrod na\u0161\u00ed planety. D\u00edt\u011b s k\u0159\u00eddly mot\u00fdla je symbolem lid\u00ed na Zemi. \u017dena porodila s pomoc\u00ed mimozemsk\u00e9 civilizace. tak jak n\u00e1m ukazuj\u00ed Sumersk\u00e9 tabulky, \u017ee jsme byli stvo\u0159eni mimozemskou civilizac\u00ed. v\u0161e je pojato jako symbolick\u00fd p\u0159\u00edb\u011bh na\u0161eho po\u010d\u00e1tku. Ka\u017ed\u00fd origin\u00e1l, kter\u00fd nen\u00ed tvo\u0159en na m\u00edru (pro osobn\u00ed&hellip;\" \/>\n<meta property=\"og:url\" content=\"https:\/\/www.aglaiadesign.shop\/en\/product\/zrozeni-zeme-3\/\" \/>\n<meta property=\"og:site_name\" content=\"AglaiaDesign.shop\" \/>\n<meta property=\"article:publisher\" content=\"https:\/\/www.facebook.com\/people\/AglaiaDesignshop\/61584360833340\/\" \/>\n<meta property=\"article:modified_time\" content=\"2025-11-14T07:40:46+00:00\" \/>\n<meta property=\"og:image\" content=\"https:\/\/www.aglaiadesign.shop\/wp-content\/uploads\/2025\/11\/Y8A0084-scaled.jpg\" \/>\n\t<meta property=\"og:image:width\" content=\"1919\" \/>\n\t<meta property=\"og:image:height\" content=\"2560\" \/>\n\t<meta property=\"og:image:type\" content=\"image\/jpeg\" \/>\n<meta name=\"twitter:card\" content=\"summary_large_image\" \/>\n<meta name=\"twitter:label1\" content=\"Est. reading time\" \/>\n\t<meta name=\"twitter:data1\" content=\"1 minute\" \/>\n<script type=\"application\/ld+json\" class=\"yoast-schema-graph\">{\"@context\":\"https:\\\/\\\/schema.org\",\"@graph\":[{\"@type\":\"WebPage\",\"@id\":\"https:\\\/\\\/www.aglaiadesign.shop\\\/en\\\/product\\\/zrozeni-zeme-3\\\/\",\"url\":\"https:\\\/\\\/www.aglaiadesign.shop\\\/en\\\/product\\\/zrozeni-zeme-3\\\/\",\"name\":\"Zrozen\u00ed Zem\u011b 3 - AglaiaDesign.shop\",\"isPartOf\":{\"@id\":\"https:\\\/\\\/www.aglaiadesign.shop\\\/#website\"},\"primaryImageOfPage\":{\"@id\":\"https:\\\/\\\/www.aglaiadesign.shop\\\/en\\\/product\\\/zrozeni-zeme-3\\\/#primaryimage\"},\"image\":{\"@id\":\"https:\\\/\\\/www.aglaiadesign.shop\\\/en\\\/product\\\/zrozeni-zeme-3\\\/#primaryimage\"},\"thumbnailUrl\":\"https:\\\/\\\/www.aglaiadesign.shop\\\/wp-content\\\/uploads\\\/2025\\\/11\\\/Y8A0084-scaled.jpg\",\"datePublished\":\"2025-11-14T07:24:35+00:00\",\"dateModified\":\"2025-11-14T07:40:46+00:00\",\"breadcrumb\":{\"@id\":\"https:\\\/\\\/www.aglaiadesign.shop\\\/en\\\/product\\\/zrozeni-zeme-3\\\/#breadcrumb\"},\"inLanguage\":\"en-US\",\"potentialAction\":[{\"@type\":\"ReadAction\",\"target\":[\"https:\\\/\\\/www.aglaiadesign.shop\\\/en\\\/product\\\/zrozeni-zeme-3\\\/\"]}]},{\"@type\":\"ImageObject\",\"inLanguage\":\"en-US\",\"@id\":\"https:\\\/\\\/www.aglaiadesign.shop\\\/en\\\/product\\\/zrozeni-zeme-3\\\/#primaryimage\",\"url\":\"https:\\\/\\\/www.aglaiadesign.shop\\\/wp-content\\\/uploads\\\/2025\\\/11\\\/Y8A0084-scaled.jpg\",\"contentUrl\":\"https:\\\/\\\/www.aglaiadesign.shop\\\/wp-content\\\/uploads\\\/2025\\\/11\\\/Y8A0084-scaled.jpg\",\"width\":1919,\"height\":2560},{\"@type\":\"BreadcrumbList\",\"@id\":\"https:\\\/\\\/www.aglaiadesign.shop\\\/en\\\/product\\\/zrozeni-zeme-3\\\/#breadcrumb\",\"itemListElement\":[{\"@type\":\"ListItem\",\"position\":1,\"name\":\"V\u00edtejte na e-shopu Aglaia Design\",\"item\":\"https:\\\/\\\/www.aglaiadesign.shop\\\/\"},{\"@type\":\"ListItem\",\"position\":2,\"name\":\"V\u00edtejte na e-shopu Aglaia Design\",\"item\":\"https:\\\/\\\/www.aglaiadesign.shop\\\/\"},{\"@type\":\"ListItem\",\"position\":3,\"name\":\"Zrozen\u00ed Zem\u011b 3\"}]},{\"@type\":\"WebSite\",\"@id\":\"https:\\\/\\\/www.aglaiadesign.shop\\\/en\\\/#website\",\"url\":\"https:\\\/\\\/www.aglaiadesign.shop\\\/en\\\/\",\"name\":\"AglaiaDesign.shop\",\"description\":\"Aglaia Design e-shop, obchod s enkaustick\u00fdmi obrazy a dal\u0161\u00edmi produkty s fotoreprodukc\u00ed t\u011bchto obraz\u016f.\",\"publisher\":{\"@id\":\"https:\\\/\\\/www.aglaiadesign.shop\\\/en\\\/#organization\"},\"potentialAction\":[{\"@type\":\"SearchAction\",\"target\":{\"@type\":\"EntryPoint\",\"urlTemplate\":\"https:\\\/\\\/www.aglaiadesign.shop\\\/en\\\/?s={search_term_string}\"},\"query-input\":{\"@type\":\"PropertyValueSpecification\",\"valueRequired\":true,\"valueName\":\"search_term_string\"}}],\"inLanguage\":\"en-US\"},{\"@type\":\"Organization\",\"@id\":\"https:\\\/\\\/www.aglaiadesign.shop\\\/en\\\/#organization\",\"name\":\"AglaiaDesign.shop\",\"url\":\"https:\\\/\\\/www.aglaiadesign.shop\\\/en\\\/\",\"logo\":{\"@type\":\"ImageObject\",\"inLanguage\":\"en-US\",\"@id\":\"https:\\\/\\\/www.aglaiadesign.shop\\\/en\\\/#\\\/schema\\\/logo\\\/image\\\/\",\"url\":\"https:\\\/\\\/www.aglaiadesign.shop\\\/wp-content\\\/uploads\\\/2025\\\/11\\\/cropped-cropped-ad-logo-final.png\",\"contentUrl\":\"https:\\\/\\\/www.aglaiadesign.shop\\\/wp-content\\\/uploads\\\/2025\\\/11\\\/cropped-cropped-ad-logo-final.png\",\"width\":512,\"height\":392,\"caption\":\"AglaiaDesign.shop\"},\"image\":{\"@id\":\"https:\\\/\\\/www.aglaiadesign.shop\\\/en\\\/#\\\/schema\\\/logo\\\/image\\\/\"},\"sameAs\":[\"https:\\\/\\\/www.facebook.com\\\/people\\\/AglaiaDesignshop\\\/61584360833340\\\/\",\"https:\\\/\\\/www.instagram.com\\\/aglaiadesign.shop?igsh=NWh6eXNwbXM0Y2c4\",\"https:\\\/\\\/www.tiktok.com\\\/@aglaia.design.m.k?_r=1&_t=ZN-92fGyZrw7WQ\"]}]}<\/script>\n<!-- \/ Yoast SEO plugin. -->","yoast_head_json":{"title":"Zrozen\u00ed Zem\u011b 3","description":"Dokon\u010den\u00ed procesu Zrozen\u00ed Zem\u011b. Velk\u00fd form\u00e1t obrazu oslavuje Zrod na\u0161\u00ed planety. D\u00edt\u011b s k\u0159\u00eddly mot\u00fdla je symbolem lid\u00ed na Zemi. \u017dena porodila s pomoc\u00ed mimozemsk\u00e9 civilizace. tak jak n\u00e1m ukazuj\u00ed Sumersk\u00e9 tabulky, \u017ee jsme byli stvo\u0159eni mimozemskou civilizac\u00ed. v\u0161e je pojato jako symbolick\u00fd p\u0159\u00edb\u011bh na\u0161eho po\u010d\u00e1tku. Ka\u017ed\u00fd origin\u00e1l, kter\u00fd nen\u00ed tvo\u0159en na m\u00edru (pro osobn\u00ed&hellip;","robots":{"index":"index","follow":"follow","max-snippet":"max-snippet:-1","max-image-preview":"max-image-preview:large","max-video-preview":"max-video-preview:-1"},"canonical":"Dokon\u010den\u00ed procesu Zrozen\u00ed Zem\u011b. Velk\u00fd form\u00e1t obrazu oslavuje Zrod na\u0161\u00ed planety. D\u00edt\u011b s k\u0159\u00eddly mot\u00fdla je symbolem lid\u00ed na Zemi. \u017dena porodila s pomoc\u00ed mimozemsk\u00e9 civilizace. tak jak n\u00e1m ukazuj\u00ed Sumersk\u00e9 tabulky, \u017ee jsme byli stvo\u0159eni mimozemskou civilizac\u00ed. v\u0161e je pojato jako symbolick\u00fd p\u0159\u00edb\u011bh na\u0161eho po\u010d\u00e1tku. Ka\u017ed\u00fd origin\u00e1l, kter\u00fd nen\u00ed tvo\u0159en na m\u00edru (pro osobn\u00ed&hellip;","og_locale":"en_US","og_type":"article","og_title":"Zrozen\u00ed Zem\u011b 3","og_description":"Dokon\u010den\u00ed procesu Zrozen\u00ed Zem\u011b. Velk\u00fd form\u00e1t obrazu oslavuje Zrod na\u0161\u00ed planety. D\u00edt\u011b s k\u0159\u00eddly mot\u00fdla je symbolem lid\u00ed na Zemi. \u017dena porodila s pomoc\u00ed mimozemsk\u00e9 civilizace. tak jak n\u00e1m ukazuj\u00ed Sumersk\u00e9 tabulky, \u017ee jsme byli stvo\u0159eni mimozemskou civilizac\u00ed. v\u0161e je pojato jako symbolick\u00fd p\u0159\u00edb\u011bh na\u0161eho po\u010d\u00e1tku. Ka\u017ed\u00fd origin\u00e1l, kter\u00fd nen\u00ed tvo\u0159en na m\u00edru (pro osobn\u00ed&hellip;","og_url":"https:\/\/www.aglaiadesign.shop\/en\/product\/zrozeni-zeme-3\/","og_site_name":"AglaiaDesign.shop","article_publisher":"https:\/\/www.facebook.com\/people\/AglaiaDesignshop\/61584360833340\/","article_modified_time":"2025-11-14T07:40:46+00:00","og_image":[{"width":1919,"height":2560,"url":"https:\/\/www.aglaiadesign.shop\/wp-content\/uploads\/2025\/11\/Y8A0084-scaled.jpg","type":"image\/jpeg"}],"twitter_card":"summary_large_image","twitter_misc":{"Est. reading time":"1 minute"},"schema":{"@context":"https:\/\/schema.org","@graph":[{"@type":"WebPage","@id":"https:\/\/www.aglaiadesign.shop\/en\/product\/zrozeni-zeme-3\/","url":"https:\/\/www.aglaiadesign.shop\/en\/product\/zrozeni-zeme-3\/","name":"Zrozen\u00ed Zem\u011b 3 - AglaiaDesign.shop","isPartOf":{"@id":"https:\/\/www.aglaiadesign.shop\/#website"},"primaryImageOfPage":{"@id":"https:\/\/www.aglaiadesign.shop\/en\/product\/zrozeni-zeme-3\/#primaryimage"},"image":{"@id":"https:\/\/www.aglaiadesign.shop\/en\/product\/zrozeni-zeme-3\/#primaryimage"},"thumbnailUrl":"https:\/\/www.aglaiadesign.shop\/wp-content\/uploads\/2025\/11\/Y8A0084-scaled.jpg","datePublished":"2025-11-14T07:24:35+00:00","dateModified":"2025-11-14T07:40:46+00:00","breadcrumb":{"@id":"https:\/\/www.aglaiadesign.shop\/en\/product\/zrozeni-zeme-3\/#breadcrumb"},"inLanguage":"en-US","potentialAction":[{"@type":"ReadAction","target":["https:\/\/www.aglaiadesign.shop\/en\/product\/zrozeni-zeme-3\/"]}]},{"@type":"ImageObject","inLanguage":"en-US","@id":"https:\/\/www.aglaiadesign.shop\/en\/product\/zrozeni-zeme-3\/#primaryimage","url":"https:\/\/www.aglaiadesign.shop\/wp-content\/uploads\/2025\/11\/Y8A0084-scaled.jpg","contentUrl":"https:\/\/www.aglaiadesign.shop\/wp-content\/uploads\/2025\/11\/Y8A0084-scaled.jpg","width":1919,"height":2560},{"@type":"BreadcrumbList","@id":"https:\/\/www.aglaiadesign.shop\/en\/product\/zrozeni-zeme-3\/#breadcrumb","itemListElement":[{"@type":"ListItem","position":1,"name":"V\u00edtejte na e-shopu Aglaia Design","item":"https:\/\/www.aglaiadesign.shop\/"},{"@type":"ListItem","position":2,"name":"V\u00edtejte na e-shopu Aglaia Design","item":"https:\/\/www.aglaiadesign.shop\/"},{"@type":"ListItem","position":3,"name":"Zrozen\u00ed Zem\u011b 3"}]},{"@type":"WebSite","@id":"https:\/\/www.aglaiadesign.shop\/en\/#website","url":"https:\/\/www.aglaiadesign.shop\/en\/","name":"AglaiaDesign.shop","description":"Aglaia Design e-shop, obchod s enkaustick\u00fdmi obrazy a dal\u0161\u00edmi produkty s fotoreprodukc\u00ed t\u011bchto obraz\u016f.","publisher":{"@id":"https:\/\/www.aglaiadesign.shop\/en\/#organization"},"potentialAction":[{"@type":"SearchAction","target":{"@type":"EntryPoint","urlTemplate":"https:\/\/www.aglaiadesign.shop\/en\/?s={search_term_string}"},"query-input":{"@type":"PropertyValueSpecification","valueRequired":true,"valueName":"search_term_string"}}],"inLanguage":"en-US"},{"@type":"Organization","@id":"https:\/\/www.aglaiadesign.shop\/en\/#organization","name":"AglaiaDesign.shop","url":"https:\/\/www.aglaiadesign.shop\/en\/","logo":{"@type":"ImageObject","inLanguage":"en-US","@id":"https:\/\/www.aglaiadesign.shop\/en\/#\/schema\/logo\/image\/","url":"https:\/\/www.aglaiadesign.shop\/wp-content\/uploads\/2025\/11\/cropped-cropped-ad-logo-final.png","contentUrl":"https:\/\/www.aglaiadesign.shop\/wp-content\/uploads\/2025\/11\/cropped-cropped-ad-logo-final.png","width":512,"height":392,"caption":"AglaiaDesign.shop"},"image":{"@id":"https:\/\/www.aglaiadesign.shop\/en\/#\/schema\/logo\/image\/"},"sameAs":["https:\/\/www.facebook.com\/people\/AglaiaDesignshop\/61584360833340\/","https:\/\/www.instagram.com\/aglaiadesign.shop?igsh=NWh6eXNwbXM0Y2c4","https:\/\/www.tiktok.com\/@aglaia.design.m.k?_r=1&_t=ZN-92fGyZrw7WQ"]}]}},"jetpack_sharing_enabled":true,"_links":{"self":[{"href":"https:\/\/www.aglaiadesign.shop\/en\/wp-json\/wp\/v2\/product\/337","targetHints":{"allow":["GET"]}}],"collection":[{"href":"https:\/\/www.aglaiadesign.shop\/en\/wp-json\/wp\/v2\/product"}],"about":[{"href":"https:\/\/www.aglaiadesign.shop\/en\/wp-json\/wp\/v2\/types\/product"}],"replies":[{"embeddable":true,"href":"https:\/\/www.aglaiadesign.shop\/en\/wp-json\/wp\/v2\/comments?post=337"}],"wp:featuredmedia":[{"embeddable":true,"href":"https:\/\/www.aglaiadesign.shop\/en\/wp-json\/wp\/v2\/media\/338"}],"wp:attachment":[{"href":"https:\/\/www.aglaiadesign.shop\/en\/wp-json\/wp\/v2\/media?parent=337"}],"wp:term":[{"taxonomy":"product_brand","embeddable":true,"href":"https:\/\/www.aglaiadesign.shop\/en\/wp-json\/wp\/v2\/product_brand?post=337"},{"taxonomy":"product_cat","embeddable":true,"href":"https:\/\/www.aglaiadesign.shop\/en\/wp-json\/wp\/v2\/product_cat?post=337"},{"taxonomy":"product_tag","embeddable":true,"href":"https:\/\/www.aglaiadesign.shop\/en\/wp-json\/wp\/v2\/product_tag?post=337"}],"curies":[{"name":"wp","href":"https:\/\/api.w.org\/{rel}","templated":true}]}}