{"id":333,"date":"2025-11-14T08:10:55","date_gmt":"2025-11-14T07:10:55","guid":{"rendered":"https:\/\/beta.aglaiadesign.shop\/?post_type=product&#038;p=333"},"modified":"2025-11-14T08:39:49","modified_gmt":"2025-11-14T07:39:49","slug":"zrozeni-zeme-1","status":"publish","type":"product","link":"https:\/\/www.aglaiadesign.shop\/en\/product\/zrozeni-zeme-1\/","title":{"rendered":"Zrozen\u00ed Zem\u011b 1"},"content":{"rendered":"<p>Zrozen\u00ed zem\u011b pat\u0159\u00ed do s\u00e9rie t\u0159ech obraz\u016f. Inspirace pro tvorbu bylo t\u0159et\u00ed t\u011bhotenstv\u00ed autorky a cesta do Dubaje. Jsou to prvn\u00ed obrazy, kde autorka pou\u017eila olejomalbu v kombinaci se v\u010del\u00edm voskem. Tak jako se nov\u00fd \u017eivot rod\u00ed skrze \u017eenu, tak na\u0161e Zem\u011b m\u00e1 v tomto snu podobnou symboliku. Na obrazu je \u017eena je\u0161t\u011b p\u0159i s\u00edle a \u010derp\u00e1 ze slunce. m\u00e1 netradi\u010dn\u00ed dopravn\u00ed lo\u010f a p\u0159i cest\u011b ji str\u00e1\u017e\u00ed and\u011bl\u00e9. V dal\u0161\u00edch obrazech Zrozen\u00ed Zem\u011b 2 a 3 uvid\u00edte celou cestu a\u017e do porodu. Podpo\u0159te svou fantasii a nechte na sebe p\u0159\u00edb\u011bh p\u016fsobit. Doporu\u010dujeme zakoupit v\u0161echny t\u0159i obrazy, aby byl p\u0159\u00edb\u011bh ucelen\u00fd. Vy\u017eaduj\u00ed v\u011bt\u0161\u00ed prostor.<\/p>\n<p>Ka\u017ed\u00fd origin\u00e1l, kter\u00fd nen\u00ed tvo\u0159en na m\u00edru (pro osobn\u00ed zak\u00e1zku) je d\u00e1le tiskem p\u0159en\u00e1\u0161en na dal\u0161\u00ed m\u00e9dia. Origin\u00e1ln\u00ed obraz je pouze jeden, ale m\u016f\u017eete ho spat\u0159it na kopi\u00edch a ve ve\u0159ejn\u00e9m prostoru. Budouc\u00ed hodnota origin\u00e1ln\u00edho obrazu se t\u00edm m\u016f\u017ee zvedat. Origin\u00e1ln\u00ed obraz je v\u00fdhodn\u00e1 investice do budoucnosti<\/p>\n<p>olejomalba a v\u010del\u00ed vosk<\/p>\n<p>170 cm x 90 cm \/ canvas<\/p>\n","protected":false},"excerpt":{"rendered":"<p>Zrozen\u00ed zem\u011b pat\u0159\u00ed do s\u00e9rie t\u0159ech obraz\u016f. Inspirace pro tvorbu bylo t\u0159et\u00ed t\u011bhotenstv\u00ed autorky a cesta do Dubaje. Jsou to prvn\u00ed obrazy, kde autorka pou\u017eila olejomalbu v kombinaci se v\u010del\u00edm voskem. Tak jako se nov\u00fd \u017eivot rod\u00ed skrze \u017eenu, tak na\u0161e Zem\u011b m\u00e1 v tomto snu podobnou symboliku. Na obrazu je \u017eena je\u0161t\u011b p\u0159i s\u00edle [&hellip;]<\/p>\n","protected":false},"featured_media":334,"comment_status":"open","ping_status":"closed","template":"","meta":[],"product_brand":[20],"product_cat":[27],"product_tag":[],"class_list":{"0":"post-333","1":"product","2":"type-product","3":"status-publish","4":"has-post-thumbnail","6":"product_brand-aglaia-design","7":"product_cat-originalni-obrazy","9":"first","10":"instock","11":"shipping-taxable","12":"purchasable","13":"product-type-simple"},"yoast_head":"<!-- This site is optimized with the Yoast SEO plugin v27.4 - https:\/\/yoast.com\/product\/yoast-seo-wordpress\/ -->\n<title>Zrozen\u00ed Zem\u011b 1<\/title>\n<meta name=\"description\" content=\"Zrozen\u00ed zem\u011b pat\u0159\u00ed do s\u00e9rie t\u0159ech obraz\u016f. Inspirace pro tvorbu bylo t\u0159et\u00ed t\u011bhotenstv\u00ed autorky a cesta do Dubaje. Jsou to prvn\u00ed obrazy, kde autorka pou\u017eila olejomalbu v kombinaci se v\u010del\u00edm voskem. Tak jako se nov\u00fd \u017eivot rod\u00ed skrze \u017eenu, tak na\u0161e Zem\u011b m\u00e1 v tomto snu podobnou symboliku. Na obrazu je \u017eena je\u0161t\u011b p\u0159i s\u00edle&hellip;\" \/>\n<meta name=\"robots\" content=\"index, follow, max-snippet:-1, max-image-preview:large, max-video-preview:-1\" \/>\n<link rel=\"canonical\" href=\"http:\/\/Zrozen\u00ed%20zem\u011b%20pat\u0159\u00ed%20do%20s\u00e9rie%20t\u0159ech%20obraz\u016f.%20Inspirace%20pro%20tvorbu%20bylo%20t\u0159et\u00ed%20t\u011bhotenstv\u00ed%20autorky%20a%20cesta%20do%20Dubaje.%20Jsou%20to%20prvn\u00ed%20obrazy,%20kde%20autorka%20pou\u017eila%20olejomalbu%20v%20kombinaci%20se%20v\u010del\u00edm%20voskem.%20Tak%20jako%20se%20nov\u00fd%20\u017eivot%20rod\u00ed%20skrze%20\u017eenu,%20tak%20na\u0161e%20Zem\u011b%20m\u00e1%20v%20tomto%20snu%20podobnou%20symboliku.%20Na%20obrazu%20je%20\u017eena%20je\u0161t\u011b%20p\u0159i%20s\u00edle&hellip;\" \/>\n<meta property=\"og:locale\" content=\"en_US\" \/>\n<meta property=\"og:type\" content=\"article\" \/>\n<meta property=\"og:title\" content=\"Zrozen\u00ed Zem\u011b 1\" \/>\n<meta property=\"og:description\" content=\"Zrozen\u00ed zem\u011b pat\u0159\u00ed do s\u00e9rie t\u0159ech obraz\u016f. Inspirace pro tvorbu bylo t\u0159et\u00ed t\u011bhotenstv\u00ed autorky a cesta do Dubaje. Jsou to prvn\u00ed obrazy, kde autorka pou\u017eila olejomalbu v kombinaci se v\u010del\u00edm voskem. Tak jako se nov\u00fd \u017eivot rod\u00ed skrze \u017eenu, tak na\u0161e Zem\u011b m\u00e1 v tomto snu podobnou symboliku. Na obrazu je \u017eena je\u0161t\u011b p\u0159i s\u00edle&hellip;\" \/>\n<meta property=\"og:url\" content=\"https:\/\/www.aglaiadesign.shop\/en\/product\/zrozeni-zeme-1\/\" \/>\n<meta property=\"og:site_name\" content=\"AglaiaDesign.shop\" \/>\n<meta property=\"article:publisher\" content=\"https:\/\/www.facebook.com\/people\/AglaiaDesignshop\/61584360833340\/\" \/>\n<meta property=\"article:modified_time\" content=\"2025-11-14T07:39:49+00:00\" \/>\n<meta property=\"og:image\" content=\"https:\/\/www.aglaiadesign.shop\/wp-content\/uploads\/2025\/11\/Y8A0095-scaled.jpg\" \/>\n\t<meta property=\"og:image:width\" content=\"1606\" \/>\n\t<meta property=\"og:image:height\" content=\"2560\" \/>\n\t<meta property=\"og:image:type\" content=\"image\/jpeg\" \/>\n<meta name=\"twitter:card\" content=\"summary_large_image\" \/>\n<meta name=\"twitter:label1\" content=\"Est. reading time\" \/>\n\t<meta name=\"twitter:data1\" content=\"1 minute\" \/>\n<script type=\"application\/ld+json\" class=\"yoast-schema-graph\">{\"@context\":\"https:\\\/\\\/schema.org\",\"@graph\":[{\"@type\":\"WebPage\",\"@id\":\"https:\\\/\\\/www.aglaiadesign.shop\\\/en\\\/product\\\/zrozeni-zeme-1\\\/\",\"url\":\"https:\\\/\\\/www.aglaiadesign.shop\\\/en\\\/product\\\/zrozeni-zeme-1\\\/\",\"name\":\"Zrozen\u00ed Zem\u011b 1 - AglaiaDesign.shop\",\"isPartOf\":{\"@id\":\"https:\\\/\\\/www.aglaiadesign.shop\\\/#website\"},\"primaryImageOfPage\":{\"@id\":\"https:\\\/\\\/www.aglaiadesign.shop\\\/en\\\/product\\\/zrozeni-zeme-1\\\/#primaryimage\"},\"image\":{\"@id\":\"https:\\\/\\\/www.aglaiadesign.shop\\\/en\\\/product\\\/zrozeni-zeme-1\\\/#primaryimage\"},\"thumbnailUrl\":\"https:\\\/\\\/www.aglaiadesign.shop\\\/wp-content\\\/uploads\\\/2025\\\/11\\\/Y8A0095-scaled.jpg\",\"datePublished\":\"2025-11-14T07:10:55+00:00\",\"dateModified\":\"2025-11-14T07:39:49+00:00\",\"breadcrumb\":{\"@id\":\"https:\\\/\\\/www.aglaiadesign.shop\\\/en\\\/product\\\/zrozeni-zeme-1\\\/#breadcrumb\"},\"inLanguage\":\"en-US\",\"potentialAction\":[{\"@type\":\"ReadAction\",\"target\":[\"https:\\\/\\\/www.aglaiadesign.shop\\\/en\\\/product\\\/zrozeni-zeme-1\\\/\"]}]},{\"@type\":\"ImageObject\",\"inLanguage\":\"en-US\",\"@id\":\"https:\\\/\\\/www.aglaiadesign.shop\\\/en\\\/product\\\/zrozeni-zeme-1\\\/#primaryimage\",\"url\":\"https:\\\/\\\/www.aglaiadesign.shop\\\/wp-content\\\/uploads\\\/2025\\\/11\\\/Y8A0095-scaled.jpg\",\"contentUrl\":\"https:\\\/\\\/www.aglaiadesign.shop\\\/wp-content\\\/uploads\\\/2025\\\/11\\\/Y8A0095-scaled.jpg\",\"width\":1606,\"height\":2560},{\"@type\":\"BreadcrumbList\",\"@id\":\"https:\\\/\\\/www.aglaiadesign.shop\\\/en\\\/product\\\/zrozeni-zeme-1\\\/#breadcrumb\",\"itemListElement\":[{\"@type\":\"ListItem\",\"position\":1,\"name\":\"V\u00edtejte na e-shopu Aglaia Design\",\"item\":\"https:\\\/\\\/www.aglaiadesign.shop\\\/\"},{\"@type\":\"ListItem\",\"position\":2,\"name\":\"V\u00edtejte na e-shopu Aglaia Design\",\"item\":\"https:\\\/\\\/www.aglaiadesign.shop\\\/\"},{\"@type\":\"ListItem\",\"position\":3,\"name\":\"Zrozen\u00ed Zem\u011b 1\"}]},{\"@type\":\"WebSite\",\"@id\":\"https:\\\/\\\/www.aglaiadesign.shop\\\/en\\\/#website\",\"url\":\"https:\\\/\\\/www.aglaiadesign.shop\\\/en\\\/\",\"name\":\"AglaiaDesign.shop\",\"description\":\"Aglaia Design e-shop, obchod s enkaustick\u00fdmi obrazy a dal\u0161\u00edmi produkty s fotoreprodukc\u00ed t\u011bchto obraz\u016f.\",\"publisher\":{\"@id\":\"https:\\\/\\\/www.aglaiadesign.shop\\\/en\\\/#organization\"},\"potentialAction\":[{\"@type\":\"SearchAction\",\"target\":{\"@type\":\"EntryPoint\",\"urlTemplate\":\"https:\\\/\\\/www.aglaiadesign.shop\\\/en\\\/?s={search_term_string}\"},\"query-input\":{\"@type\":\"PropertyValueSpecification\",\"valueRequired\":true,\"valueName\":\"search_term_string\"}}],\"inLanguage\":\"en-US\"},{\"@type\":\"Organization\",\"@id\":\"https:\\\/\\\/www.aglaiadesign.shop\\\/en\\\/#organization\",\"name\":\"AglaiaDesign.shop\",\"url\":\"https:\\\/\\\/www.aglaiadesign.shop\\\/en\\\/\",\"logo\":{\"@type\":\"ImageObject\",\"inLanguage\":\"en-US\",\"@id\":\"https:\\\/\\\/www.aglaiadesign.shop\\\/en\\\/#\\\/schema\\\/logo\\\/image\\\/\",\"url\":\"https:\\\/\\\/www.aglaiadesign.shop\\\/wp-content\\\/uploads\\\/2025\\\/11\\\/cropped-cropped-ad-logo-final.png\",\"contentUrl\":\"https:\\\/\\\/www.aglaiadesign.shop\\\/wp-content\\\/uploads\\\/2025\\\/11\\\/cropped-cropped-ad-logo-final.png\",\"width\":512,\"height\":392,\"caption\":\"AglaiaDesign.shop\"},\"image\":{\"@id\":\"https:\\\/\\\/www.aglaiadesign.shop\\\/en\\\/#\\\/schema\\\/logo\\\/image\\\/\"},\"sameAs\":[\"https:\\\/\\\/www.facebook.com\\\/people\\\/AglaiaDesignshop\\\/61584360833340\\\/\",\"https:\\\/\\\/www.instagram.com\\\/aglaiadesign.shop?igsh=NWh6eXNwbXM0Y2c4\",\"https:\\\/\\\/www.tiktok.com\\\/@aglaia.design.m.k?_r=1&_t=ZN-92fGyZrw7WQ\"]}]}<\/script>\n<!-- \/ Yoast SEO plugin. -->","yoast_head_json":{"title":"Zrozen\u00ed Zem\u011b 1","description":"Zrozen\u00ed zem\u011b pat\u0159\u00ed do s\u00e9rie t\u0159ech obraz\u016f. Inspirace pro tvorbu bylo t\u0159et\u00ed t\u011bhotenstv\u00ed autorky a cesta do Dubaje. Jsou to prvn\u00ed obrazy, kde autorka pou\u017eila olejomalbu v kombinaci se v\u010del\u00edm voskem. Tak jako se nov\u00fd \u017eivot rod\u00ed skrze \u017eenu, tak na\u0161e Zem\u011b m\u00e1 v tomto snu podobnou symboliku. Na obrazu je \u017eena je\u0161t\u011b p\u0159i s\u00edle&hellip;","robots":{"index":"index","follow":"follow","max-snippet":"max-snippet:-1","max-image-preview":"max-image-preview:large","max-video-preview":"max-video-preview:-1"},"canonical":"Zrozen\u00ed zem\u011b pat\u0159\u00ed do s\u00e9rie t\u0159ech obraz\u016f. Inspirace pro tvorbu bylo t\u0159et\u00ed t\u011bhotenstv\u00ed autorky a cesta do Dubaje. Jsou to prvn\u00ed obrazy, kde autorka pou\u017eila olejomalbu v kombinaci se v\u010del\u00edm voskem. Tak jako se nov\u00fd \u017eivot rod\u00ed skrze \u017eenu, tak na\u0161e Zem\u011b m\u00e1 v tomto snu podobnou symboliku. Na obrazu je \u017eena je\u0161t\u011b p\u0159i s\u00edle&hellip;","og_locale":"en_US","og_type":"article","og_title":"Zrozen\u00ed Zem\u011b 1","og_description":"Zrozen\u00ed zem\u011b pat\u0159\u00ed do s\u00e9rie t\u0159ech obraz\u016f. Inspirace pro tvorbu bylo t\u0159et\u00ed t\u011bhotenstv\u00ed autorky a cesta do Dubaje. Jsou to prvn\u00ed obrazy, kde autorka pou\u017eila olejomalbu v kombinaci se v\u010del\u00edm voskem. Tak jako se nov\u00fd \u017eivot rod\u00ed skrze \u017eenu, tak na\u0161e Zem\u011b m\u00e1 v tomto snu podobnou symboliku. Na obrazu je \u017eena je\u0161t\u011b p\u0159i s\u00edle&hellip;","og_url":"https:\/\/www.aglaiadesign.shop\/en\/product\/zrozeni-zeme-1\/","og_site_name":"AglaiaDesign.shop","article_publisher":"https:\/\/www.facebook.com\/people\/AglaiaDesignshop\/61584360833340\/","article_modified_time":"2025-11-14T07:39:49+00:00","og_image":[{"width":1606,"height":2560,"url":"https:\/\/www.aglaiadesign.shop\/wp-content\/uploads\/2025\/11\/Y8A0095-scaled.jpg","type":"image\/jpeg"}],"twitter_card":"summary_large_image","twitter_misc":{"Est. reading time":"1 minute"},"schema":{"@context":"https:\/\/schema.org","@graph":[{"@type":"WebPage","@id":"https:\/\/www.aglaiadesign.shop\/en\/product\/zrozeni-zeme-1\/","url":"https:\/\/www.aglaiadesign.shop\/en\/product\/zrozeni-zeme-1\/","name":"Zrozen\u00ed Zem\u011b 1 - AglaiaDesign.shop","isPartOf":{"@id":"https:\/\/www.aglaiadesign.shop\/#website"},"primaryImageOfPage":{"@id":"https:\/\/www.aglaiadesign.shop\/en\/product\/zrozeni-zeme-1\/#primaryimage"},"image":{"@id":"https:\/\/www.aglaiadesign.shop\/en\/product\/zrozeni-zeme-1\/#primaryimage"},"thumbnailUrl":"https:\/\/www.aglaiadesign.shop\/wp-content\/uploads\/2025\/11\/Y8A0095-scaled.jpg","datePublished":"2025-11-14T07:10:55+00:00","dateModified":"2025-11-14T07:39:49+00:00","breadcrumb":{"@id":"https:\/\/www.aglaiadesign.shop\/en\/product\/zrozeni-zeme-1\/#breadcrumb"},"inLanguage":"en-US","potentialAction":[{"@type":"ReadAction","target":["https:\/\/www.aglaiadesign.shop\/en\/product\/zrozeni-zeme-1\/"]}]},{"@type":"ImageObject","inLanguage":"en-US","@id":"https:\/\/www.aglaiadesign.shop\/en\/product\/zrozeni-zeme-1\/#primaryimage","url":"https:\/\/www.aglaiadesign.shop\/wp-content\/uploads\/2025\/11\/Y8A0095-scaled.jpg","contentUrl":"https:\/\/www.aglaiadesign.shop\/wp-content\/uploads\/2025\/11\/Y8A0095-scaled.jpg","width":1606,"height":2560},{"@type":"BreadcrumbList","@id":"https:\/\/www.aglaiadesign.shop\/en\/product\/zrozeni-zeme-1\/#breadcrumb","itemListElement":[{"@type":"ListItem","position":1,"name":"V\u00edtejte na e-shopu Aglaia Design","item":"https:\/\/www.aglaiadesign.shop\/"},{"@type":"ListItem","position":2,"name":"V\u00edtejte na e-shopu Aglaia Design","item":"https:\/\/www.aglaiadesign.shop\/"},{"@type":"ListItem","position":3,"name":"Zrozen\u00ed Zem\u011b 1"}]},{"@type":"WebSite","@id":"https:\/\/www.aglaiadesign.shop\/en\/#website","url":"https:\/\/www.aglaiadesign.shop\/en\/","name":"AglaiaDesign.shop","description":"Aglaia Design e-shop, obchod s enkaustick\u00fdmi obrazy a dal\u0161\u00edmi produkty s fotoreprodukc\u00ed t\u011bchto obraz\u016f.","publisher":{"@id":"https:\/\/www.aglaiadesign.shop\/en\/#organization"},"potentialAction":[{"@type":"SearchAction","target":{"@type":"EntryPoint","urlTemplate":"https:\/\/www.aglaiadesign.shop\/en\/?s={search_term_string}"},"query-input":{"@type":"PropertyValueSpecification","valueRequired":true,"valueName":"search_term_string"}}],"inLanguage":"en-US"},{"@type":"Organization","@id":"https:\/\/www.aglaiadesign.shop\/en\/#organization","name":"AglaiaDesign.shop","url":"https:\/\/www.aglaiadesign.shop\/en\/","logo":{"@type":"ImageObject","inLanguage":"en-US","@id":"https:\/\/www.aglaiadesign.shop\/en\/#\/schema\/logo\/image\/","url":"https:\/\/www.aglaiadesign.shop\/wp-content\/uploads\/2025\/11\/cropped-cropped-ad-logo-final.png","contentUrl":"https:\/\/www.aglaiadesign.shop\/wp-content\/uploads\/2025\/11\/cropped-cropped-ad-logo-final.png","width":512,"height":392,"caption":"AglaiaDesign.shop"},"image":{"@id":"https:\/\/www.aglaiadesign.shop\/en\/#\/schema\/logo\/image\/"},"sameAs":["https:\/\/www.facebook.com\/people\/AglaiaDesignshop\/61584360833340\/","https:\/\/www.instagram.com\/aglaiadesign.shop?igsh=NWh6eXNwbXM0Y2c4","https:\/\/www.tiktok.com\/@aglaia.design.m.k?_r=1&_t=ZN-92fGyZrw7WQ"]}]}},"jetpack_sharing_enabled":true,"_links":{"self":[{"href":"https:\/\/www.aglaiadesign.shop\/en\/wp-json\/wp\/v2\/product\/333","targetHints":{"allow":["GET"]}}],"collection":[{"href":"https:\/\/www.aglaiadesign.shop\/en\/wp-json\/wp\/v2\/product"}],"about":[{"href":"https:\/\/www.aglaiadesign.shop\/en\/wp-json\/wp\/v2\/types\/product"}],"replies":[{"embeddable":true,"href":"https:\/\/www.aglaiadesign.shop\/en\/wp-json\/wp\/v2\/comments?post=333"}],"wp:featuredmedia":[{"embeddable":true,"href":"https:\/\/www.aglaiadesign.shop\/en\/wp-json\/wp\/v2\/media\/334"}],"wp:attachment":[{"href":"https:\/\/www.aglaiadesign.shop\/en\/wp-json\/wp\/v2\/media?parent=333"}],"wp:term":[{"taxonomy":"product_brand","embeddable":true,"href":"https:\/\/www.aglaiadesign.shop\/en\/wp-json\/wp\/v2\/product_brand?post=333"},{"taxonomy":"product_cat","embeddable":true,"href":"https:\/\/www.aglaiadesign.shop\/en\/wp-json\/wp\/v2\/product_cat?post=333"},{"taxonomy":"product_tag","embeddable":true,"href":"https:\/\/www.aglaiadesign.shop\/en\/wp-json\/wp\/v2\/product_tag?post=333"}],"curies":[{"name":"wp","href":"https:\/\/api.w.org\/{rel}","templated":true}]}}