{"id":329,"date":"2025-11-14T07:53:59","date_gmt":"2025-11-14T06:53:59","guid":{"rendered":"https:\/\/beta.aglaiadesign.shop\/?post_type=product&#038;p=329"},"modified":"2025-11-14T08:39:13","modified_gmt":"2025-11-14T07:39:13","slug":"matka","status":"publish","type":"product","link":"https:\/\/www.aglaiadesign.shop\/en\/product\/matka\/","title":{"rendered":"Matka"},"content":{"rendered":"<p>Nejde pouze o na\u0161i na\u0161i pokrevn\u00ed maminku. Jde o \u0161ir\u0161\u00ed pojet\u00ed t\u00e9matu Matka. Matka Zem\u011b, archetyp\u00e1ln\u00ed \u017eensk\u00e1 podpora. Uzdravov\u00e1n\u00ed skrze mate\u0159skou l\u00e1sku. V tomto d\u00edle je obsa\u017eeno v\u0161e, co se t\u00e9matu Velk\u00e9 Matky t\u00fdk\u00e1. Vstupujeme zde i do temn\u011bj\u0161\u00edch vod nev\u011bdom\u00ed skrze \u017eenskou zku\u0161enost.<\/p>\n<p>Ka\u017ed\u00fd origin\u00e1l, kter\u00fd nen\u00ed tvo\u0159en na m\u00edru (pro osobn\u00ed zak\u00e1zku) je d\u00e1le tiskem p\u0159en\u00e1\u0161en na dal\u0161\u00ed m\u00e9dia. Origin\u00e1ln\u00ed obraz je pouze jeden, ale m\u016f\u017eete ho spat\u0159it na kopi\u00edch a ve ve\u0159ejn\u00e9m prostoru. Budouc\u00ed hodnota origin\u00e1ln\u00edho obrazu se t\u00edm m\u016f\u017ee zvedat. Origin\u00e1ln\u00ed obraz je v\u00fdhodn\u00e1 investice do budoucnosti.<\/p>\n<p>Malba v\u010del\u00edm voskem<\/p>\n<p>150 cm x 100 cm \/ canvas<\/p>\n","protected":false},"excerpt":{"rendered":"<p>Nejde pouze o na\u0161i na\u0161i pokrevn\u00ed maminku. Jde o \u0161ir\u0161\u00ed pojet\u00ed t\u00e9matu Matka. Matka Zem\u011b, archetyp\u00e1ln\u00ed \u017eensk\u00e1 podpora. Uzdravov\u00e1n\u00ed skrze mate\u0159skou l\u00e1sku. V tomto d\u00edle je obsa\u017eeno v\u0161e, co se t\u00e9matu Velk\u00e9 Matky t\u00fdk\u00e1. Vstupujeme zde i do temn\u011bj\u0161\u00edch vod nev\u011bdom\u00ed skrze \u017eenskou zku\u0161enost. Ka\u017ed\u00fd origin\u00e1l, kter\u00fd nen\u00ed tvo\u0159en na m\u00edru (pro osobn\u00ed zak\u00e1zku) je [&hellip;]<\/p>\n","protected":false},"featured_media":330,"comment_status":"open","ping_status":"closed","template":"","meta":[],"product_brand":[20],"product_cat":[27],"product_tag":[],"class_list":{"0":"post-329","1":"product","2":"type-product","3":"status-publish","4":"has-post-thumbnail","6":"product_brand-aglaia-design","7":"product_cat-originalni-obrazy","9":"first","10":"instock","11":"shipping-taxable","12":"purchasable","13":"product-type-simple"},"yoast_head":"<!-- This site is optimized with the Yoast SEO plugin v27.4 - https:\/\/yoast.com\/product\/yoast-seo-wordpress\/ -->\n<title>Matka<\/title>\n<meta name=\"description\" content=\"Nejde pouze o na\u0161i na\u0161i pokrevn\u00ed maminku. Jde o \u0161ir\u0161\u00ed pojet\u00ed t\u00e9matu Matka. Matka Zem\u011b, archetyp\u00e1ln\u00ed \u017eensk\u00e1 podpora. Uzdravov\u00e1n\u00ed skrze mate\u0159skou l\u00e1sku. V tomto d\u00edle je obsa\u017eeno v\u0161e, co se t\u00e9matu Velk\u00e9 Matky t\u00fdk\u00e1. Vstupujeme zde i do temn\u011bj\u0161\u00edch vod nev\u011bdom\u00ed skrze \u017eenskou zku\u0161enost. Ka\u017ed\u00fd origin\u00e1l, kter\u00fd nen\u00ed tvo\u0159en na m\u00edru (pro osobn\u00ed zak\u00e1zku) je&hellip;\" \/>\n<meta name=\"robots\" content=\"index, follow, max-snippet:-1, max-image-preview:large, max-video-preview:-1\" \/>\n<link rel=\"canonical\" href=\"http:\/\/Nejde%20pouze%20o%20na\u0161i%20na\u0161i%20pokrevn\u00ed%20maminku.%20Jde%20o%20\u0161ir\u0161\u00ed%20pojet\u00ed%20t\u00e9matu%20Matka.%20Matka%20Zem\u011b,%20archetyp\u00e1ln\u00ed%20\u017eensk\u00e1%20podpora.%20Uzdravov\u00e1n\u00ed%20skrze%20mate\u0159skou%20l\u00e1sku.%20V%20tomto%20d\u00edle%20je%20obsa\u017eeno%20v\u0161e,%20co%20se%20t\u00e9matu%20Velk\u00e9%20Matky%20t\u00fdk\u00e1.%20Vstupujeme%20zde%20i%20do%20temn\u011bj\u0161\u00edch%20vod%20nev\u011bdom\u00ed%20skrze%20\u017eenskou%20zku\u0161enost.%20Ka\u017ed\u00fd%20origin\u00e1l,%20kter\u00fd%20nen\u00ed%20tvo\u0159en%20na%20m\u00edru%20(pro%20osobn\u00ed%20zak\u00e1zku)%20je&hellip;\" \/>\n<meta property=\"og:locale\" content=\"en_US\" \/>\n<meta property=\"og:type\" content=\"article\" \/>\n<meta property=\"og:title\" content=\"Matka\" \/>\n<meta property=\"og:description\" content=\"Nejde pouze o na\u0161i na\u0161i pokrevn\u00ed maminku. Jde o \u0161ir\u0161\u00ed pojet\u00ed t\u00e9matu Matka. Matka Zem\u011b, archetyp\u00e1ln\u00ed \u017eensk\u00e1 podpora. Uzdravov\u00e1n\u00ed skrze mate\u0159skou l\u00e1sku. V tomto d\u00edle je obsa\u017eeno v\u0161e, co se t\u00e9matu Velk\u00e9 Matky t\u00fdk\u00e1. Vstupujeme zde i do temn\u011bj\u0161\u00edch vod nev\u011bdom\u00ed skrze \u017eenskou zku\u0161enost. Ka\u017ed\u00fd origin\u00e1l, kter\u00fd nen\u00ed tvo\u0159en na m\u00edru (pro osobn\u00ed zak\u00e1zku) je&hellip;\" \/>\n<meta property=\"og:url\" content=\"https:\/\/www.aglaiadesign.shop\/en\/product\/matka\/\" \/>\n<meta property=\"og:site_name\" content=\"AglaiaDesign.shop\" \/>\n<meta property=\"article:publisher\" content=\"https:\/\/www.facebook.com\/people\/AglaiaDesignshop\/61584360833340\/\" \/>\n<meta property=\"article:modified_time\" content=\"2025-11-14T07:39:13+00:00\" \/>\n<meta property=\"og:image\" content=\"https:\/\/www.aglaiadesign.shop\/wp-content\/uploads\/2025\/11\/5Y8A3463-scaled.jpg\" \/>\n\t<meta property=\"og:image:width\" content=\"1716\" \/>\n\t<meta property=\"og:image:height\" content=\"2560\" \/>\n\t<meta property=\"og:image:type\" content=\"image\/jpeg\" \/>\n<meta name=\"twitter:card\" content=\"summary_large_image\" \/>\n<meta name=\"twitter:label1\" content=\"Est. reading time\" \/>\n\t<meta name=\"twitter:data1\" content=\"1 minute\" \/>\n<script type=\"application\/ld+json\" class=\"yoast-schema-graph\">{\"@context\":\"https:\\\/\\\/schema.org\",\"@graph\":[{\"@type\":\"WebPage\",\"@id\":\"https:\\\/\\\/www.aglaiadesign.shop\\\/en\\\/product\\\/matka\\\/\",\"url\":\"https:\\\/\\\/www.aglaiadesign.shop\\\/en\\\/product\\\/matka\\\/\",\"name\":\"Matka - AglaiaDesign.shop\",\"isPartOf\":{\"@id\":\"https:\\\/\\\/www.aglaiadesign.shop\\\/#website\"},\"primaryImageOfPage\":{\"@id\":\"https:\\\/\\\/www.aglaiadesign.shop\\\/en\\\/product\\\/matka\\\/#primaryimage\"},\"image\":{\"@id\":\"https:\\\/\\\/www.aglaiadesign.shop\\\/en\\\/product\\\/matka\\\/#primaryimage\"},\"thumbnailUrl\":\"https:\\\/\\\/www.aglaiadesign.shop\\\/wp-content\\\/uploads\\\/2025\\\/11\\\/5Y8A3463-scaled.jpg\",\"datePublished\":\"2025-11-14T06:53:59+00:00\",\"dateModified\":\"2025-11-14T07:39:13+00:00\",\"breadcrumb\":{\"@id\":\"https:\\\/\\\/www.aglaiadesign.shop\\\/en\\\/product\\\/matka\\\/#breadcrumb\"},\"inLanguage\":\"en-US\",\"potentialAction\":[{\"@type\":\"ReadAction\",\"target\":[\"https:\\\/\\\/www.aglaiadesign.shop\\\/en\\\/product\\\/matka\\\/\"]}]},{\"@type\":\"ImageObject\",\"inLanguage\":\"en-US\",\"@id\":\"https:\\\/\\\/www.aglaiadesign.shop\\\/en\\\/product\\\/matka\\\/#primaryimage\",\"url\":\"https:\\\/\\\/www.aglaiadesign.shop\\\/wp-content\\\/uploads\\\/2025\\\/11\\\/5Y8A3463-scaled.jpg\",\"contentUrl\":\"https:\\\/\\\/www.aglaiadesign.shop\\\/wp-content\\\/uploads\\\/2025\\\/11\\\/5Y8A3463-scaled.jpg\",\"width\":1716,\"height\":2560},{\"@type\":\"BreadcrumbList\",\"@id\":\"https:\\\/\\\/www.aglaiadesign.shop\\\/en\\\/product\\\/matka\\\/#breadcrumb\",\"itemListElement\":[{\"@type\":\"ListItem\",\"position\":1,\"name\":\"V\u00edtejte na e-shopu Aglaia Design\",\"item\":\"https:\\\/\\\/www.aglaiadesign.shop\\\/\"},{\"@type\":\"ListItem\",\"position\":2,\"name\":\"V\u00edtejte na e-shopu Aglaia Design\",\"item\":\"https:\\\/\\\/www.aglaiadesign.shop\\\/\"},{\"@type\":\"ListItem\",\"position\":3,\"name\":\"Matka\"}]},{\"@type\":\"WebSite\",\"@id\":\"https:\\\/\\\/www.aglaiadesign.shop\\\/en\\\/#website\",\"url\":\"https:\\\/\\\/www.aglaiadesign.shop\\\/en\\\/\",\"name\":\"AglaiaDesign.shop\",\"description\":\"Aglaia Design e-shop, obchod s enkaustick\u00fdmi obrazy a dal\u0161\u00edmi produkty s fotoreprodukc\u00ed t\u011bchto obraz\u016f.\",\"publisher\":{\"@id\":\"https:\\\/\\\/www.aglaiadesign.shop\\\/en\\\/#organization\"},\"potentialAction\":[{\"@type\":\"SearchAction\",\"target\":{\"@type\":\"EntryPoint\",\"urlTemplate\":\"https:\\\/\\\/www.aglaiadesign.shop\\\/en\\\/?s={search_term_string}\"},\"query-input\":{\"@type\":\"PropertyValueSpecification\",\"valueRequired\":true,\"valueName\":\"search_term_string\"}}],\"inLanguage\":\"en-US\"},{\"@type\":\"Organization\",\"@id\":\"https:\\\/\\\/www.aglaiadesign.shop\\\/en\\\/#organization\",\"name\":\"AglaiaDesign.shop\",\"url\":\"https:\\\/\\\/www.aglaiadesign.shop\\\/en\\\/\",\"logo\":{\"@type\":\"ImageObject\",\"inLanguage\":\"en-US\",\"@id\":\"https:\\\/\\\/www.aglaiadesign.shop\\\/en\\\/#\\\/schema\\\/logo\\\/image\\\/\",\"url\":\"https:\\\/\\\/www.aglaiadesign.shop\\\/wp-content\\\/uploads\\\/2025\\\/11\\\/cropped-cropped-ad-logo-final.png\",\"contentUrl\":\"https:\\\/\\\/www.aglaiadesign.shop\\\/wp-content\\\/uploads\\\/2025\\\/11\\\/cropped-cropped-ad-logo-final.png\",\"width\":512,\"height\":392,\"caption\":\"AglaiaDesign.shop\"},\"image\":{\"@id\":\"https:\\\/\\\/www.aglaiadesign.shop\\\/en\\\/#\\\/schema\\\/logo\\\/image\\\/\"},\"sameAs\":[\"https:\\\/\\\/www.facebook.com\\\/people\\\/AglaiaDesignshop\\\/61584360833340\\\/\",\"https:\\\/\\\/www.instagram.com\\\/aglaiadesign.shop?igsh=NWh6eXNwbXM0Y2c4\",\"https:\\\/\\\/www.tiktok.com\\\/@aglaia.design.m.k?_r=1&_t=ZN-92fGyZrw7WQ\"]}]}<\/script>\n<!-- \/ Yoast SEO plugin. -->","yoast_head_json":{"title":"Matka","description":"Nejde pouze o na\u0161i na\u0161i pokrevn\u00ed maminku. Jde o \u0161ir\u0161\u00ed pojet\u00ed t\u00e9matu Matka. Matka Zem\u011b, archetyp\u00e1ln\u00ed \u017eensk\u00e1 podpora. Uzdravov\u00e1n\u00ed skrze mate\u0159skou l\u00e1sku. V tomto d\u00edle je obsa\u017eeno v\u0161e, co se t\u00e9matu Velk\u00e9 Matky t\u00fdk\u00e1. Vstupujeme zde i do temn\u011bj\u0161\u00edch vod nev\u011bdom\u00ed skrze \u017eenskou zku\u0161enost. Ka\u017ed\u00fd origin\u00e1l, kter\u00fd nen\u00ed tvo\u0159en na m\u00edru (pro osobn\u00ed zak\u00e1zku) je&hellip;","robots":{"index":"index","follow":"follow","max-snippet":"max-snippet:-1","max-image-preview":"max-image-preview:large","max-video-preview":"max-video-preview:-1"},"canonical":"Nejde pouze o na\u0161i na\u0161i pokrevn\u00ed maminku. Jde o \u0161ir\u0161\u00ed pojet\u00ed t\u00e9matu Matka. Matka Zem\u011b, archetyp\u00e1ln\u00ed \u017eensk\u00e1 podpora. Uzdravov\u00e1n\u00ed skrze mate\u0159skou l\u00e1sku. V tomto d\u00edle je obsa\u017eeno v\u0161e, co se t\u00e9matu Velk\u00e9 Matky t\u00fdk\u00e1. Vstupujeme zde i do temn\u011bj\u0161\u00edch vod nev\u011bdom\u00ed skrze \u017eenskou zku\u0161enost. Ka\u017ed\u00fd origin\u00e1l, kter\u00fd nen\u00ed tvo\u0159en na m\u00edru (pro osobn\u00ed zak\u00e1zku) je&hellip;","og_locale":"en_US","og_type":"article","og_title":"Matka","og_description":"Nejde pouze o na\u0161i na\u0161i pokrevn\u00ed maminku. Jde o \u0161ir\u0161\u00ed pojet\u00ed t\u00e9matu Matka. Matka Zem\u011b, archetyp\u00e1ln\u00ed \u017eensk\u00e1 podpora. Uzdravov\u00e1n\u00ed skrze mate\u0159skou l\u00e1sku. V tomto d\u00edle je obsa\u017eeno v\u0161e, co se t\u00e9matu Velk\u00e9 Matky t\u00fdk\u00e1. Vstupujeme zde i do temn\u011bj\u0161\u00edch vod nev\u011bdom\u00ed skrze \u017eenskou zku\u0161enost. Ka\u017ed\u00fd origin\u00e1l, kter\u00fd nen\u00ed tvo\u0159en na m\u00edru (pro osobn\u00ed zak\u00e1zku) je&hellip;","og_url":"https:\/\/www.aglaiadesign.shop\/en\/product\/matka\/","og_site_name":"AglaiaDesign.shop","article_publisher":"https:\/\/www.facebook.com\/people\/AglaiaDesignshop\/61584360833340\/","article_modified_time":"2025-11-14T07:39:13+00:00","og_image":[{"width":1716,"height":2560,"url":"https:\/\/www.aglaiadesign.shop\/wp-content\/uploads\/2025\/11\/5Y8A3463-scaled.jpg","type":"image\/jpeg"}],"twitter_card":"summary_large_image","twitter_misc":{"Est. reading time":"1 minute"},"schema":{"@context":"https:\/\/schema.org","@graph":[{"@type":"WebPage","@id":"https:\/\/www.aglaiadesign.shop\/en\/product\/matka\/","url":"https:\/\/www.aglaiadesign.shop\/en\/product\/matka\/","name":"Matka - AglaiaDesign.shop","isPartOf":{"@id":"https:\/\/www.aglaiadesign.shop\/#website"},"primaryImageOfPage":{"@id":"https:\/\/www.aglaiadesign.shop\/en\/product\/matka\/#primaryimage"},"image":{"@id":"https:\/\/www.aglaiadesign.shop\/en\/product\/matka\/#primaryimage"},"thumbnailUrl":"https:\/\/www.aglaiadesign.shop\/wp-content\/uploads\/2025\/11\/5Y8A3463-scaled.jpg","datePublished":"2025-11-14T06:53:59+00:00","dateModified":"2025-11-14T07:39:13+00:00","breadcrumb":{"@id":"https:\/\/www.aglaiadesign.shop\/en\/product\/matka\/#breadcrumb"},"inLanguage":"en-US","potentialAction":[{"@type":"ReadAction","target":["https:\/\/www.aglaiadesign.shop\/en\/product\/matka\/"]}]},{"@type":"ImageObject","inLanguage":"en-US","@id":"https:\/\/www.aglaiadesign.shop\/en\/product\/matka\/#primaryimage","url":"https:\/\/www.aglaiadesign.shop\/wp-content\/uploads\/2025\/11\/5Y8A3463-scaled.jpg","contentUrl":"https:\/\/www.aglaiadesign.shop\/wp-content\/uploads\/2025\/11\/5Y8A3463-scaled.jpg","width":1716,"height":2560},{"@type":"BreadcrumbList","@id":"https:\/\/www.aglaiadesign.shop\/en\/product\/matka\/#breadcrumb","itemListElement":[{"@type":"ListItem","position":1,"name":"V\u00edtejte na e-shopu Aglaia Design","item":"https:\/\/www.aglaiadesign.shop\/"},{"@type":"ListItem","position":2,"name":"V\u00edtejte na e-shopu Aglaia Design","item":"https:\/\/www.aglaiadesign.shop\/"},{"@type":"ListItem","position":3,"name":"Matka"}]},{"@type":"WebSite","@id":"https:\/\/www.aglaiadesign.shop\/en\/#website","url":"https:\/\/www.aglaiadesign.shop\/en\/","name":"AglaiaDesign.shop","description":"Aglaia Design e-shop, obchod s enkaustick\u00fdmi obrazy a dal\u0161\u00edmi produkty s fotoreprodukc\u00ed t\u011bchto obraz\u016f.","publisher":{"@id":"https:\/\/www.aglaiadesign.shop\/en\/#organization"},"potentialAction":[{"@type":"SearchAction","target":{"@type":"EntryPoint","urlTemplate":"https:\/\/www.aglaiadesign.shop\/en\/?s={search_term_string}"},"query-input":{"@type":"PropertyValueSpecification","valueRequired":true,"valueName":"search_term_string"}}],"inLanguage":"en-US"},{"@type":"Organization","@id":"https:\/\/www.aglaiadesign.shop\/en\/#organization","name":"AglaiaDesign.shop","url":"https:\/\/www.aglaiadesign.shop\/en\/","logo":{"@type":"ImageObject","inLanguage":"en-US","@id":"https:\/\/www.aglaiadesign.shop\/en\/#\/schema\/logo\/image\/","url":"https:\/\/www.aglaiadesign.shop\/wp-content\/uploads\/2025\/11\/cropped-cropped-ad-logo-final.png","contentUrl":"https:\/\/www.aglaiadesign.shop\/wp-content\/uploads\/2025\/11\/cropped-cropped-ad-logo-final.png","width":512,"height":392,"caption":"AglaiaDesign.shop"},"image":{"@id":"https:\/\/www.aglaiadesign.shop\/en\/#\/schema\/logo\/image\/"},"sameAs":["https:\/\/www.facebook.com\/people\/AglaiaDesignshop\/61584360833340\/","https:\/\/www.instagram.com\/aglaiadesign.shop?igsh=NWh6eXNwbXM0Y2c4","https:\/\/www.tiktok.com\/@aglaia.design.m.k?_r=1&_t=ZN-92fGyZrw7WQ"]}]}},"jetpack_sharing_enabled":true,"_links":{"self":[{"href":"https:\/\/www.aglaiadesign.shop\/en\/wp-json\/wp\/v2\/product\/329","targetHints":{"allow":["GET"]}}],"collection":[{"href":"https:\/\/www.aglaiadesign.shop\/en\/wp-json\/wp\/v2\/product"}],"about":[{"href":"https:\/\/www.aglaiadesign.shop\/en\/wp-json\/wp\/v2\/types\/product"}],"replies":[{"embeddable":true,"href":"https:\/\/www.aglaiadesign.shop\/en\/wp-json\/wp\/v2\/comments?post=329"}],"wp:featuredmedia":[{"embeddable":true,"href":"https:\/\/www.aglaiadesign.shop\/en\/wp-json\/wp\/v2\/media\/330"}],"wp:attachment":[{"href":"https:\/\/www.aglaiadesign.shop\/en\/wp-json\/wp\/v2\/media?parent=329"}],"wp:term":[{"taxonomy":"product_brand","embeddable":true,"href":"https:\/\/www.aglaiadesign.shop\/en\/wp-json\/wp\/v2\/product_brand?post=329"},{"taxonomy":"product_cat","embeddable":true,"href":"https:\/\/www.aglaiadesign.shop\/en\/wp-json\/wp\/v2\/product_cat?post=329"},{"taxonomy":"product_tag","embeddable":true,"href":"https:\/\/www.aglaiadesign.shop\/en\/wp-json\/wp\/v2\/product_tag?post=329"}],"curies":[{"name":"wp","href":"https:\/\/api.w.org\/{rel}","templated":true}]}}