{"id":322,"date":"2025-11-14T07:28:08","date_gmt":"2025-11-14T06:28:08","guid":{"rendered":"https:\/\/beta.aglaiadesign.shop\/?post_type=product&#038;p=322"},"modified":"2025-11-14T08:37:43","modified_gmt":"2025-11-14T07:37:43","slug":"ochranarodiny","status":"publish","type":"product","link":"https:\/\/www.aglaiadesign.shop\/en\/product\/ochranarodiny\/","title":{"rendered":"Ochrana rodiny"},"content":{"rendered":"<p>P\u00e1v jako ochr\u00e1nce na\u0161ich rodinn\u00fdch p\u0159\u00edslu\u0161n\u00edk\u016f i p\u0159\u00e1tel kolem n\u00e1s.<\/p>\n<p>Esence ochr\u00e1nce je z\u0159ejm\u00e1. V prostoru kolem obrazu jsme pod velikou ochranou. Aspo\u0148 s t\u00edmto z\u00e1m\u011brem byl obraz malov\u00e1n. Kdo by cht\u011bl pro\u017e\u00edvat pocit bezpe\u010d\u00ed, tak je pro n\u011bj toto d\u00edlo ide\u00e1ln\u00edm. Jeho barvy a velikost pot\u011b\u0161\u00ed ka\u017ed\u00fd interi\u00e9r.<\/p>\n<p>Ka\u017ed\u00fd origin\u00e1l, kter\u00fd nen\u00ed tvo\u0159en na m\u00edru (pro osobn\u00ed zak\u00e1zku) je d\u00e1le tiskem p\u0159en\u00e1\u0161en na dal\u0161\u00ed m\u00e9dia. Origin\u00e1ln\u00ed obraz je pouze jeden, ale m\u016f\u017eete ho spat\u0159it na kopi\u00edch a ve ve\u0159ejn\u00e9m prostoru. Budouc\u00ed hodnota origin\u00e1ln\u00edho obrazu se t\u00edm m\u016f\u017ee zvedat. Origin\u00e1ln\u00ed obraz je v\u00fdhodn\u00e1 investice do budoucnosti<\/p>\n<p>Malba v\u010del\u00edm voskem<\/p>\n<p>170 cm x 90 cm \/ canvas<\/p>\n<p>&nbsp;<\/p>\n","protected":false},"excerpt":{"rendered":"<p>P\u00e1v jako ochr\u00e1nce na\u0161ich rodinn\u00fdch p\u0159\u00edslu\u0161n\u00edk\u016f i p\u0159\u00e1tel kolem n\u00e1s. Esence ochr\u00e1nce je z\u0159ejm\u00e1. V prostoru kolem obrazu jsme pod velikou ochranou. Aspo\u0148 s t\u00edmto z\u00e1m\u011brem byl obraz malov\u00e1n. Kdo by cht\u011bl pro\u017e\u00edvat pocit bezpe\u010d\u00ed, tak je pro n\u011bj toto d\u00edlo ide\u00e1ln\u00edm. Jeho barvy a velikost pot\u011b\u0161\u00ed ka\u017ed\u00fd interi\u00e9r. Ka\u017ed\u00fd origin\u00e1l, kter\u00fd nen\u00ed tvo\u0159en na [&hellip;]<\/p>\n","protected":false},"featured_media":323,"comment_status":"open","ping_status":"closed","template":"","meta":[],"product_brand":[20],"product_cat":[27],"product_tag":[],"class_list":{"0":"post-322","1":"product","2":"type-product","3":"status-publish","4":"has-post-thumbnail","6":"product_brand-aglaia-design","7":"product_cat-originalni-obrazy","9":"first","10":"instock","11":"shipping-taxable","12":"purchasable","13":"product-type-simple"},"yoast_head":"<!-- This site is optimized with the Yoast SEO plugin v27.4 - https:\/\/yoast.com\/product\/yoast-seo-wordpress\/ -->\n<title>Ochrana rodiny<\/title>\n<meta name=\"description\" content=\"P\u00e1v jako ochr\u00e1nce na\u0161ich rodinn\u00fdch p\u0159\u00edslu\u0161n\u00edk\u016f i p\u0159\u00e1tel kolem n\u00e1s. Esence ochr\u00e1nce je z\u0159ejm\u00e1. V prostoru kolem obrazu jsme pod velikou ochranou. Aspo\u0148 s t\u00edmto z\u00e1m\u011brem byl obraz malov\u00e1n. Kdo by cht\u011bl pro\u017e\u00edvat pocit bezpe\u010d\u00ed, tak je pro n\u011bj toto d\u00edlo ide\u00e1ln\u00edm. Jeho barvy a velikost pot\u011b\u0161\u00ed ka\u017ed\u00fd interi\u00e9r. Ka\u017ed\u00fd origin\u00e1l, kter\u00fd nen\u00ed tvo\u0159en na&hellip;\" \/>\n<meta name=\"robots\" content=\"index, follow, max-snippet:-1, max-image-preview:large, max-video-preview:-1\" \/>\n<link rel=\"canonical\" href=\"http:\/\/P\u00e1v%20jako%20ochr\u00e1nce%20na\u0161ich%20rodinn\u00fdch%20p\u0159\u00edslu\u0161n\u00edk\u016f%20i%20p\u0159\u00e1tel%20kolem%20n\u00e1s.%20Esence%20ochr\u00e1nce%20je%20z\u0159ejm\u00e1.%20V%20prostoru%20kolem%20obrazu%20jsme%20pod%20velikou%20ochranou.%20Aspo\u0148%20s%20t\u00edmto%20z\u00e1m\u011brem%20byl%20obraz%20malov\u00e1n.%20Kdo%20by%20cht\u011bl%20pro\u017e\u00edvat%20pocit%20bezpe\u010d\u00ed,%20tak%20je%20pro%20n\u011bj%20toto%20d\u00edlo%20ide\u00e1ln\u00edm.%20Jeho%20barvy%20a%20velikost%20pot\u011b\u0161\u00ed%20ka\u017ed\u00fd%20interi\u00e9r.%20Ka\u017ed\u00fd%20origin\u00e1l,%20kter\u00fd%20nen\u00ed%20tvo\u0159en%20na&hellip;\" \/>\n<meta property=\"og:locale\" content=\"en_US\" \/>\n<meta property=\"og:type\" content=\"article\" \/>\n<meta property=\"og:title\" content=\"Ochrana rodiny\" \/>\n<meta property=\"og:description\" content=\"P\u00e1v jako ochr\u00e1nce na\u0161ich rodinn\u00fdch p\u0159\u00edslu\u0161n\u00edk\u016f i p\u0159\u00e1tel kolem n\u00e1s. Esence ochr\u00e1nce je z\u0159ejm\u00e1. V prostoru kolem obrazu jsme pod velikou ochranou. Aspo\u0148 s t\u00edmto z\u00e1m\u011brem byl obraz malov\u00e1n. Kdo by cht\u011bl pro\u017e\u00edvat pocit bezpe\u010d\u00ed, tak je pro n\u011bj toto d\u00edlo ide\u00e1ln\u00edm. Jeho barvy a velikost pot\u011b\u0161\u00ed ka\u017ed\u00fd interi\u00e9r. Ka\u017ed\u00fd origin\u00e1l, kter\u00fd nen\u00ed tvo\u0159en na&hellip;\" \/>\n<meta property=\"og:url\" content=\"https:\/\/www.aglaiadesign.shop\/en\/product\/ochranarodiny\/\" \/>\n<meta property=\"og:site_name\" content=\"AglaiaDesign.shop\" \/>\n<meta property=\"article:publisher\" content=\"https:\/\/www.facebook.com\/people\/AglaiaDesignshop\/61584360833340\/\" \/>\n<meta property=\"article:modified_time\" content=\"2025-11-14T07:37:43+00:00\" \/>\n<meta property=\"og:image\" content=\"https:\/\/www.aglaiadesign.shop\/wp-content\/uploads\/2025\/11\/5Y8A0857-scaled.jpg\" \/>\n\t<meta property=\"og:image:width\" content=\"1831\" \/>\n\t<meta property=\"og:image:height\" content=\"2560\" \/>\n\t<meta property=\"og:image:type\" content=\"image\/jpeg\" \/>\n<meta name=\"twitter:card\" content=\"summary_large_image\" \/>\n<meta name=\"twitter:label1\" content=\"Est. reading time\" \/>\n\t<meta name=\"twitter:data1\" content=\"1 minute\" \/>\n<script type=\"application\/ld+json\" class=\"yoast-schema-graph\">{\"@context\":\"https:\\\/\\\/schema.org\",\"@graph\":[{\"@type\":\"WebPage\",\"@id\":\"https:\\\/\\\/www.aglaiadesign.shop\\\/en\\\/product\\\/ochranarodiny\\\/\",\"url\":\"https:\\\/\\\/www.aglaiadesign.shop\\\/en\\\/product\\\/ochranarodiny\\\/\",\"name\":\"Ochrana rodiny - AglaiaDesign.shop\",\"isPartOf\":{\"@id\":\"https:\\\/\\\/www.aglaiadesign.shop\\\/#website\"},\"primaryImageOfPage\":{\"@id\":\"https:\\\/\\\/www.aglaiadesign.shop\\\/en\\\/product\\\/ochranarodiny\\\/#primaryimage\"},\"image\":{\"@id\":\"https:\\\/\\\/www.aglaiadesign.shop\\\/en\\\/product\\\/ochranarodiny\\\/#primaryimage\"},\"thumbnailUrl\":\"https:\\\/\\\/www.aglaiadesign.shop\\\/wp-content\\\/uploads\\\/2025\\\/11\\\/5Y8A0857-scaled.jpg\",\"datePublished\":\"2025-11-14T06:28:08+00:00\",\"dateModified\":\"2025-11-14T07:37:43+00:00\",\"breadcrumb\":{\"@id\":\"https:\\\/\\\/www.aglaiadesign.shop\\\/en\\\/product\\\/ochranarodiny\\\/#breadcrumb\"},\"inLanguage\":\"en-US\",\"potentialAction\":[{\"@type\":\"ReadAction\",\"target\":[\"https:\\\/\\\/www.aglaiadesign.shop\\\/en\\\/product\\\/ochranarodiny\\\/\"]}]},{\"@type\":\"ImageObject\",\"inLanguage\":\"en-US\",\"@id\":\"https:\\\/\\\/www.aglaiadesign.shop\\\/en\\\/product\\\/ochranarodiny\\\/#primaryimage\",\"url\":\"https:\\\/\\\/www.aglaiadesign.shop\\\/wp-content\\\/uploads\\\/2025\\\/11\\\/5Y8A0857-scaled.jpg\",\"contentUrl\":\"https:\\\/\\\/www.aglaiadesign.shop\\\/wp-content\\\/uploads\\\/2025\\\/11\\\/5Y8A0857-scaled.jpg\",\"width\":1831,\"height\":2560},{\"@type\":\"BreadcrumbList\",\"@id\":\"https:\\\/\\\/www.aglaiadesign.shop\\\/en\\\/product\\\/ochranarodiny\\\/#breadcrumb\",\"itemListElement\":[{\"@type\":\"ListItem\",\"position\":1,\"name\":\"V\u00edtejte na e-shopu Aglaia Design\",\"item\":\"https:\\\/\\\/www.aglaiadesign.shop\\\/\"},{\"@type\":\"ListItem\",\"position\":2,\"name\":\"V\u00edtejte na e-shopu Aglaia Design\",\"item\":\"https:\\\/\\\/www.aglaiadesign.shop\\\/\"},{\"@type\":\"ListItem\",\"position\":3,\"name\":\"Ochrana rodiny\"}]},{\"@type\":\"WebSite\",\"@id\":\"https:\\\/\\\/www.aglaiadesign.shop\\\/en\\\/#website\",\"url\":\"https:\\\/\\\/www.aglaiadesign.shop\\\/en\\\/\",\"name\":\"AglaiaDesign.shop\",\"description\":\"Aglaia Design e-shop, obchod s enkaustick\u00fdmi obrazy a dal\u0161\u00edmi produkty s fotoreprodukc\u00ed t\u011bchto obraz\u016f.\",\"publisher\":{\"@id\":\"https:\\\/\\\/www.aglaiadesign.shop\\\/en\\\/#organization\"},\"potentialAction\":[{\"@type\":\"SearchAction\",\"target\":{\"@type\":\"EntryPoint\",\"urlTemplate\":\"https:\\\/\\\/www.aglaiadesign.shop\\\/en\\\/?s={search_term_string}\"},\"query-input\":{\"@type\":\"PropertyValueSpecification\",\"valueRequired\":true,\"valueName\":\"search_term_string\"}}],\"inLanguage\":\"en-US\"},{\"@type\":\"Organization\",\"@id\":\"https:\\\/\\\/www.aglaiadesign.shop\\\/en\\\/#organization\",\"name\":\"AglaiaDesign.shop\",\"url\":\"https:\\\/\\\/www.aglaiadesign.shop\\\/en\\\/\",\"logo\":{\"@type\":\"ImageObject\",\"inLanguage\":\"en-US\",\"@id\":\"https:\\\/\\\/www.aglaiadesign.shop\\\/en\\\/#\\\/schema\\\/logo\\\/image\\\/\",\"url\":\"https:\\\/\\\/www.aglaiadesign.shop\\\/wp-content\\\/uploads\\\/2025\\\/11\\\/cropped-cropped-ad-logo-final.png\",\"contentUrl\":\"https:\\\/\\\/www.aglaiadesign.shop\\\/wp-content\\\/uploads\\\/2025\\\/11\\\/cropped-cropped-ad-logo-final.png\",\"width\":512,\"height\":392,\"caption\":\"AglaiaDesign.shop\"},\"image\":{\"@id\":\"https:\\\/\\\/www.aglaiadesign.shop\\\/en\\\/#\\\/schema\\\/logo\\\/image\\\/\"},\"sameAs\":[\"https:\\\/\\\/www.facebook.com\\\/people\\\/AglaiaDesignshop\\\/61584360833340\\\/\",\"https:\\\/\\\/www.instagram.com\\\/aglaiadesign.shop?igsh=NWh6eXNwbXM0Y2c4\",\"https:\\\/\\\/www.tiktok.com\\\/@aglaia.design.m.k?_r=1&_t=ZN-92fGyZrw7WQ\"]}]}<\/script>\n<!-- \/ Yoast SEO plugin. -->","yoast_head_json":{"title":"Ochrana rodiny","description":"P\u00e1v jako ochr\u00e1nce na\u0161ich rodinn\u00fdch p\u0159\u00edslu\u0161n\u00edk\u016f i p\u0159\u00e1tel kolem n\u00e1s. Esence ochr\u00e1nce je z\u0159ejm\u00e1. V prostoru kolem obrazu jsme pod velikou ochranou. Aspo\u0148 s t\u00edmto z\u00e1m\u011brem byl obraz malov\u00e1n. Kdo by cht\u011bl pro\u017e\u00edvat pocit bezpe\u010d\u00ed, tak je pro n\u011bj toto d\u00edlo ide\u00e1ln\u00edm. Jeho barvy a velikost pot\u011b\u0161\u00ed ka\u017ed\u00fd interi\u00e9r. Ka\u017ed\u00fd origin\u00e1l, kter\u00fd nen\u00ed tvo\u0159en na&hellip;","robots":{"index":"index","follow":"follow","max-snippet":"max-snippet:-1","max-image-preview":"max-image-preview:large","max-video-preview":"max-video-preview:-1"},"canonical":"P\u00e1v jako ochr\u00e1nce na\u0161ich rodinn\u00fdch p\u0159\u00edslu\u0161n\u00edk\u016f i p\u0159\u00e1tel kolem n\u00e1s. Esence ochr\u00e1nce je z\u0159ejm\u00e1. V prostoru kolem obrazu jsme pod velikou ochranou. Aspo\u0148 s t\u00edmto z\u00e1m\u011brem byl obraz malov\u00e1n. Kdo by cht\u011bl pro\u017e\u00edvat pocit bezpe\u010d\u00ed, tak je pro n\u011bj toto d\u00edlo ide\u00e1ln\u00edm. Jeho barvy a velikost pot\u011b\u0161\u00ed ka\u017ed\u00fd interi\u00e9r. Ka\u017ed\u00fd origin\u00e1l, kter\u00fd nen\u00ed tvo\u0159en na&hellip;","og_locale":"en_US","og_type":"article","og_title":"Ochrana rodiny","og_description":"P\u00e1v jako ochr\u00e1nce na\u0161ich rodinn\u00fdch p\u0159\u00edslu\u0161n\u00edk\u016f i p\u0159\u00e1tel kolem n\u00e1s. Esence ochr\u00e1nce je z\u0159ejm\u00e1. V prostoru kolem obrazu jsme pod velikou ochranou. Aspo\u0148 s t\u00edmto z\u00e1m\u011brem byl obraz malov\u00e1n. Kdo by cht\u011bl pro\u017e\u00edvat pocit bezpe\u010d\u00ed, tak je pro n\u011bj toto d\u00edlo ide\u00e1ln\u00edm. Jeho barvy a velikost pot\u011b\u0161\u00ed ka\u017ed\u00fd interi\u00e9r. Ka\u017ed\u00fd origin\u00e1l, kter\u00fd nen\u00ed tvo\u0159en na&hellip;","og_url":"https:\/\/www.aglaiadesign.shop\/en\/product\/ochranarodiny\/","og_site_name":"AglaiaDesign.shop","article_publisher":"https:\/\/www.facebook.com\/people\/AglaiaDesignshop\/61584360833340\/","article_modified_time":"2025-11-14T07:37:43+00:00","og_image":[{"width":1831,"height":2560,"url":"https:\/\/www.aglaiadesign.shop\/wp-content\/uploads\/2025\/11\/5Y8A0857-scaled.jpg","type":"image\/jpeg"}],"twitter_card":"summary_large_image","twitter_misc":{"Est. reading time":"1 minute"},"schema":{"@context":"https:\/\/schema.org","@graph":[{"@type":"WebPage","@id":"https:\/\/www.aglaiadesign.shop\/en\/product\/ochranarodiny\/","url":"https:\/\/www.aglaiadesign.shop\/en\/product\/ochranarodiny\/","name":"Ochrana rodiny - AglaiaDesign.shop","isPartOf":{"@id":"https:\/\/www.aglaiadesign.shop\/#website"},"primaryImageOfPage":{"@id":"https:\/\/www.aglaiadesign.shop\/en\/product\/ochranarodiny\/#primaryimage"},"image":{"@id":"https:\/\/www.aglaiadesign.shop\/en\/product\/ochranarodiny\/#primaryimage"},"thumbnailUrl":"https:\/\/www.aglaiadesign.shop\/wp-content\/uploads\/2025\/11\/5Y8A0857-scaled.jpg","datePublished":"2025-11-14T06:28:08+00:00","dateModified":"2025-11-14T07:37:43+00:00","breadcrumb":{"@id":"https:\/\/www.aglaiadesign.shop\/en\/product\/ochranarodiny\/#breadcrumb"},"inLanguage":"en-US","potentialAction":[{"@type":"ReadAction","target":["https:\/\/www.aglaiadesign.shop\/en\/product\/ochranarodiny\/"]}]},{"@type":"ImageObject","inLanguage":"en-US","@id":"https:\/\/www.aglaiadesign.shop\/en\/product\/ochranarodiny\/#primaryimage","url":"https:\/\/www.aglaiadesign.shop\/wp-content\/uploads\/2025\/11\/5Y8A0857-scaled.jpg","contentUrl":"https:\/\/www.aglaiadesign.shop\/wp-content\/uploads\/2025\/11\/5Y8A0857-scaled.jpg","width":1831,"height":2560},{"@type":"BreadcrumbList","@id":"https:\/\/www.aglaiadesign.shop\/en\/product\/ochranarodiny\/#breadcrumb","itemListElement":[{"@type":"ListItem","position":1,"name":"V\u00edtejte na e-shopu Aglaia Design","item":"https:\/\/www.aglaiadesign.shop\/"},{"@type":"ListItem","position":2,"name":"V\u00edtejte na e-shopu Aglaia Design","item":"https:\/\/www.aglaiadesign.shop\/"},{"@type":"ListItem","position":3,"name":"Ochrana rodiny"}]},{"@type":"WebSite","@id":"https:\/\/www.aglaiadesign.shop\/en\/#website","url":"https:\/\/www.aglaiadesign.shop\/en\/","name":"AglaiaDesign.shop","description":"Aglaia Design e-shop, obchod s enkaustick\u00fdmi obrazy a dal\u0161\u00edmi produkty s fotoreprodukc\u00ed t\u011bchto obraz\u016f.","publisher":{"@id":"https:\/\/www.aglaiadesign.shop\/en\/#organization"},"potentialAction":[{"@type":"SearchAction","target":{"@type":"EntryPoint","urlTemplate":"https:\/\/www.aglaiadesign.shop\/en\/?s={search_term_string}"},"query-input":{"@type":"PropertyValueSpecification","valueRequired":true,"valueName":"search_term_string"}}],"inLanguage":"en-US"},{"@type":"Organization","@id":"https:\/\/www.aglaiadesign.shop\/en\/#organization","name":"AglaiaDesign.shop","url":"https:\/\/www.aglaiadesign.shop\/en\/","logo":{"@type":"ImageObject","inLanguage":"en-US","@id":"https:\/\/www.aglaiadesign.shop\/en\/#\/schema\/logo\/image\/","url":"https:\/\/www.aglaiadesign.shop\/wp-content\/uploads\/2025\/11\/cropped-cropped-ad-logo-final.png","contentUrl":"https:\/\/www.aglaiadesign.shop\/wp-content\/uploads\/2025\/11\/cropped-cropped-ad-logo-final.png","width":512,"height":392,"caption":"AglaiaDesign.shop"},"image":{"@id":"https:\/\/www.aglaiadesign.shop\/en\/#\/schema\/logo\/image\/"},"sameAs":["https:\/\/www.facebook.com\/people\/AglaiaDesignshop\/61584360833340\/","https:\/\/www.instagram.com\/aglaiadesign.shop?igsh=NWh6eXNwbXM0Y2c4","https:\/\/www.tiktok.com\/@aglaia.design.m.k?_r=1&_t=ZN-92fGyZrw7WQ"]}]}},"jetpack_sharing_enabled":true,"_links":{"self":[{"href":"https:\/\/www.aglaiadesign.shop\/en\/wp-json\/wp\/v2\/product\/322","targetHints":{"allow":["GET"]}}],"collection":[{"href":"https:\/\/www.aglaiadesign.shop\/en\/wp-json\/wp\/v2\/product"}],"about":[{"href":"https:\/\/www.aglaiadesign.shop\/en\/wp-json\/wp\/v2\/types\/product"}],"replies":[{"embeddable":true,"href":"https:\/\/www.aglaiadesign.shop\/en\/wp-json\/wp\/v2\/comments?post=322"}],"wp:featuredmedia":[{"embeddable":true,"href":"https:\/\/www.aglaiadesign.shop\/en\/wp-json\/wp\/v2\/media\/323"}],"wp:attachment":[{"href":"https:\/\/www.aglaiadesign.shop\/en\/wp-json\/wp\/v2\/media?parent=322"}],"wp:term":[{"taxonomy":"product_brand","embeddable":true,"href":"https:\/\/www.aglaiadesign.shop\/en\/wp-json\/wp\/v2\/product_brand?post=322"},{"taxonomy":"product_cat","embeddable":true,"href":"https:\/\/www.aglaiadesign.shop\/en\/wp-json\/wp\/v2\/product_cat?post=322"},{"taxonomy":"product_tag","embeddable":true,"href":"https:\/\/www.aglaiadesign.shop\/en\/wp-json\/wp\/v2\/product_tag?post=322"}],"curies":[{"name":"wp","href":"https:\/\/api.w.org\/{rel}","templated":true}]}}