{"id":313,"date":"2025-11-13T13:38:25","date_gmt":"2025-11-13T12:38:25","guid":{"rendered":"https:\/\/beta.aglaiadesign.shop\/?post_type=product&#038;p=313"},"modified":"2025-11-14T08:35:13","modified_gmt":"2025-11-14T07:35:13","slug":"pravda","status":"publish","type":"product","link":"https:\/\/www.aglaiadesign.shop\/en\/product\/pravda\/","title":{"rendered":"Pravda"},"content":{"rendered":"<p>Origin\u00e1ln\u00ed obraz Pravda.<\/p>\n<p>T\u00e9ma je jasn\u00e9 u\u017e v n\u00e1zvu obrazu. Pravdivost se dnes u\u017e vytr\u00e1c\u00ed a je pot\u0159eba obnovit tuto vz\u00e1cnou vlastnost. Pravda je d\u016fle\u017eit\u00e9 t\u00e9ma i pro n\u00e1s. Nelhat si! To je prvn\u00ed krok k uzdraven\u00ed na\u0161eho du\u0161evn\u00edho a emocion\u00e1ln\u00edho byt\u00ed. N\u011bkdy se pravdy ob\u00e1v\u00e1me a d\u016fkladn\u011b j\u00ed obch\u00e1z\u00edme. Uvnit\u0159 n\u00e1s v\u0161ak pravda je. Na\u0161e mysl je aktivn\u00ed. Zabalovat Pravdu do velk\u00fdch vrstev, nepravdiv\u00fdch variac\u00ed.<\/p>\n<p>Esence obrazu Pravda &#8211; \u017e\u00edt v absolutn\u00ed Pravd\u011b k sob\u011b i druh\u00fdm.<\/p>\n<p>Ka\u017ed\u00fd origin\u00e1l, kter\u00fd nen\u00ed tvo\u0159en na m\u00edru (pro osobn\u00ed zak\u00e1zku) je d\u00e1le tiskem p\u0159en\u00e1\u0161en na dal\u0161\u00ed m\u00e9dia. Origin\u00e1ln\u00ed obraz je pouze jeden, ale m\u016f\u017eete ho spat\u0159it na kopi\u00edch a ve ve\u0159ejn\u00e9m prostoru. Budouc\u00ed hodnota origin\u00e1ln\u00edho obrazu se t\u00edm m\u016f\u017ee zvedat. Origin\u00e1ln\u00ed obraz je v\u00fdhodn\u00e1 investice do budoucnosti.<\/p>\n<p>120 cm x 100 cm \/ canvas<\/p>\n<p>&nbsp;<\/p>\n","protected":false},"excerpt":{"rendered":"<p>Origin\u00e1ln\u00ed obraz Pravda. T\u00e9ma je jasn\u00e9 u\u017e v n\u00e1zvu obrazu. Pravdivost se dnes u\u017e vytr\u00e1c\u00ed a je pot\u0159eba obnovit tuto vz\u00e1cnou vlastnost. Pravda je d\u016fle\u017eit\u00e9 t\u00e9ma i pro n\u00e1s. Nelhat si! To je prvn\u00ed krok k uzdraven\u00ed na\u0161eho du\u0161evn\u00edho a emocion\u00e1ln\u00edho byt\u00ed. N\u011bkdy se pravdy ob\u00e1v\u00e1me a d\u016fkladn\u011b j\u00ed obch\u00e1z\u00edme. Uvnit\u0159 n\u00e1s v\u0161ak pravda je. [&hellip;]<\/p>\n","protected":false},"featured_media":314,"comment_status":"open","ping_status":"closed","template":"","meta":[],"product_brand":[20],"product_cat":[27],"product_tag":[],"class_list":{"0":"post-313","1":"product","2":"type-product","3":"status-publish","4":"has-post-thumbnail","6":"product_brand-aglaia-design","7":"product_cat-originalni-obrazy","9":"first","10":"instock","11":"shipping-taxable","12":"purchasable","13":"product-type-simple"},"yoast_head":"<!-- This site is optimized with the Yoast SEO plugin v27.4 - https:\/\/yoast.com\/product\/yoast-seo-wordpress\/ -->\n<title>Pravda<\/title>\n<meta name=\"description\" content=\"Origin\u00e1ln\u00ed obraz Pravda. T\u00e9ma je jasn\u00e9 u\u017e v n\u00e1zvu obrazu. Pravdivost se dnes u\u017e vytr\u00e1c\u00ed a je pot\u0159eba obnovit tuto vz\u00e1cnou vlastnost. Pravda je d\u016fle\u017eit\u00e9 t\u00e9ma i pro n\u00e1s. Nelhat si! To je prvn\u00ed krok k uzdraven\u00ed na\u0161eho du\u0161evn\u00edho a emocion\u00e1ln\u00edho byt\u00ed. N\u011bkdy se pravdy ob\u00e1v\u00e1me a d\u016fkladn\u011b j\u00ed obch\u00e1z\u00edme. Uvnit\u0159 n\u00e1s v\u0161ak pravda je.&hellip;\" \/>\n<meta name=\"robots\" content=\"index, follow, max-snippet:-1, max-image-preview:large, max-video-preview:-1\" \/>\n<link rel=\"canonical\" href=\"http:\/\/Origin\u00e1ln\u00ed%20obraz%20Pravda.%20T\u00e9ma%20je%20jasn\u00e9%20u\u017e%20v%20n\u00e1zvu%20obrazu.%20Pravdivost%20se%20dnes%20u\u017e%20vytr\u00e1c\u00ed%20a%20je%20pot\u0159eba%20obnovit%20tuto%20vz\u00e1cnou%20vlastnost.%20Pravda%20je%20d\u016fle\u017eit\u00e9%20t\u00e9ma%20i%20pro%20n\u00e1s.%20Nelhat%20si!%20To%20je%20prvn\u00ed%20krok%20k%20uzdraven\u00ed%20na\u0161eho%20du\u0161evn\u00edho%20a%20emocion\u00e1ln\u00edho%20byt\u00ed.%20N\u011bkdy%20se%20pravdy%20ob\u00e1v\u00e1me%20a%20d\u016fkladn\u011b%20j\u00ed%20obch\u00e1z\u00edme.%20Uvnit\u0159%20n\u00e1s%20v\u0161ak%20pravda%20je.&hellip;\" \/>\n<meta property=\"og:locale\" content=\"en_US\" \/>\n<meta property=\"og:type\" content=\"article\" \/>\n<meta property=\"og:title\" content=\"Pravda\" \/>\n<meta property=\"og:description\" content=\"Origin\u00e1ln\u00ed obraz Pravda. T\u00e9ma je jasn\u00e9 u\u017e v n\u00e1zvu obrazu. Pravdivost se dnes u\u017e vytr\u00e1c\u00ed a je pot\u0159eba obnovit tuto vz\u00e1cnou vlastnost. Pravda je d\u016fle\u017eit\u00e9 t\u00e9ma i pro n\u00e1s. Nelhat si! To je prvn\u00ed krok k uzdraven\u00ed na\u0161eho du\u0161evn\u00edho a emocion\u00e1ln\u00edho byt\u00ed. N\u011bkdy se pravdy ob\u00e1v\u00e1me a d\u016fkladn\u011b j\u00ed obch\u00e1z\u00edme. Uvnit\u0159 n\u00e1s v\u0161ak pravda je.&hellip;\" \/>\n<meta property=\"og:url\" content=\"https:\/\/www.aglaiadesign.shop\/en\/product\/pravda\/\" \/>\n<meta property=\"og:site_name\" content=\"AglaiaDesign.shop\" \/>\n<meta property=\"article:publisher\" content=\"https:\/\/www.facebook.com\/people\/AglaiaDesignshop\/61584360833340\/\" \/>\n<meta property=\"article:modified_time\" content=\"2025-11-14T07:35:13+00:00\" \/>\n<meta property=\"og:image\" content=\"https:\/\/www.aglaiadesign.shop\/wp-content\/uploads\/2025\/11\/118A9549-scaled.jpg\" \/>\n\t<meta property=\"og:image:width\" content=\"1712\" \/>\n\t<meta property=\"og:image:height\" content=\"2560\" \/>\n\t<meta property=\"og:image:type\" content=\"image\/jpeg\" \/>\n<meta name=\"twitter:card\" content=\"summary_large_image\" \/>\n<meta name=\"twitter:label1\" content=\"Est. reading time\" \/>\n\t<meta name=\"twitter:data1\" content=\"1 minute\" \/>\n<script type=\"application\/ld+json\" class=\"yoast-schema-graph\">{\"@context\":\"https:\\\/\\\/schema.org\",\"@graph\":[{\"@type\":\"WebPage\",\"@id\":\"https:\\\/\\\/www.aglaiadesign.shop\\\/en\\\/product\\\/pravda\\\/\",\"url\":\"https:\\\/\\\/www.aglaiadesign.shop\\\/en\\\/product\\\/pravda\\\/\",\"name\":\"Pravda - AglaiaDesign.shop\",\"isPartOf\":{\"@id\":\"https:\\\/\\\/www.aglaiadesign.shop\\\/#website\"},\"primaryImageOfPage\":{\"@id\":\"https:\\\/\\\/www.aglaiadesign.shop\\\/en\\\/product\\\/pravda\\\/#primaryimage\"},\"image\":{\"@id\":\"https:\\\/\\\/www.aglaiadesign.shop\\\/en\\\/product\\\/pravda\\\/#primaryimage\"},\"thumbnailUrl\":\"https:\\\/\\\/www.aglaiadesign.shop\\\/wp-content\\\/uploads\\\/2025\\\/11\\\/118A9549-scaled.jpg\",\"datePublished\":\"2025-11-13T12:38:25+00:00\",\"dateModified\":\"2025-11-14T07:35:13+00:00\",\"breadcrumb\":{\"@id\":\"https:\\\/\\\/www.aglaiadesign.shop\\\/en\\\/product\\\/pravda\\\/#breadcrumb\"},\"inLanguage\":\"en-US\",\"potentialAction\":[{\"@type\":\"ReadAction\",\"target\":[\"https:\\\/\\\/www.aglaiadesign.shop\\\/en\\\/product\\\/pravda\\\/\"]}]},{\"@type\":\"ImageObject\",\"inLanguage\":\"en-US\",\"@id\":\"https:\\\/\\\/www.aglaiadesign.shop\\\/en\\\/product\\\/pravda\\\/#primaryimage\",\"url\":\"https:\\\/\\\/www.aglaiadesign.shop\\\/wp-content\\\/uploads\\\/2025\\\/11\\\/118A9549-scaled.jpg\",\"contentUrl\":\"https:\\\/\\\/www.aglaiadesign.shop\\\/wp-content\\\/uploads\\\/2025\\\/11\\\/118A9549-scaled.jpg\",\"width\":1712,\"height\":2560},{\"@type\":\"BreadcrumbList\",\"@id\":\"https:\\\/\\\/www.aglaiadesign.shop\\\/en\\\/product\\\/pravda\\\/#breadcrumb\",\"itemListElement\":[{\"@type\":\"ListItem\",\"position\":1,\"name\":\"V\u00edtejte na e-shopu Aglaia Design\",\"item\":\"https:\\\/\\\/www.aglaiadesign.shop\\\/\"},{\"@type\":\"ListItem\",\"position\":2,\"name\":\"V\u00edtejte na e-shopu Aglaia Design\",\"item\":\"https:\\\/\\\/www.aglaiadesign.shop\\\/\"},{\"@type\":\"ListItem\",\"position\":3,\"name\":\"Pravda\"}]},{\"@type\":\"WebSite\",\"@id\":\"https:\\\/\\\/www.aglaiadesign.shop\\\/en\\\/#website\",\"url\":\"https:\\\/\\\/www.aglaiadesign.shop\\\/en\\\/\",\"name\":\"AglaiaDesign.shop\",\"description\":\"Aglaia Design e-shop, obchod s enkaustick\u00fdmi obrazy a dal\u0161\u00edmi produkty s fotoreprodukc\u00ed t\u011bchto obraz\u016f.\",\"publisher\":{\"@id\":\"https:\\\/\\\/www.aglaiadesign.shop\\\/en\\\/#organization\"},\"potentialAction\":[{\"@type\":\"SearchAction\",\"target\":{\"@type\":\"EntryPoint\",\"urlTemplate\":\"https:\\\/\\\/www.aglaiadesign.shop\\\/en\\\/?s={search_term_string}\"},\"query-input\":{\"@type\":\"PropertyValueSpecification\",\"valueRequired\":true,\"valueName\":\"search_term_string\"}}],\"inLanguage\":\"en-US\"},{\"@type\":\"Organization\",\"@id\":\"https:\\\/\\\/www.aglaiadesign.shop\\\/en\\\/#organization\",\"name\":\"AglaiaDesign.shop\",\"url\":\"https:\\\/\\\/www.aglaiadesign.shop\\\/en\\\/\",\"logo\":{\"@type\":\"ImageObject\",\"inLanguage\":\"en-US\",\"@id\":\"https:\\\/\\\/www.aglaiadesign.shop\\\/en\\\/#\\\/schema\\\/logo\\\/image\\\/\",\"url\":\"https:\\\/\\\/www.aglaiadesign.shop\\\/wp-content\\\/uploads\\\/2025\\\/11\\\/cropped-cropped-ad-logo-final.png\",\"contentUrl\":\"https:\\\/\\\/www.aglaiadesign.shop\\\/wp-content\\\/uploads\\\/2025\\\/11\\\/cropped-cropped-ad-logo-final.png\",\"width\":512,\"height\":392,\"caption\":\"AglaiaDesign.shop\"},\"image\":{\"@id\":\"https:\\\/\\\/www.aglaiadesign.shop\\\/en\\\/#\\\/schema\\\/logo\\\/image\\\/\"},\"sameAs\":[\"https:\\\/\\\/www.facebook.com\\\/people\\\/AglaiaDesignshop\\\/61584360833340\\\/\",\"https:\\\/\\\/www.instagram.com\\\/aglaiadesign.shop?igsh=NWh6eXNwbXM0Y2c4\",\"https:\\\/\\\/www.tiktok.com\\\/@aglaia.design.m.k?_r=1&_t=ZN-92fGyZrw7WQ\"]}]}<\/script>\n<!-- \/ Yoast SEO plugin. -->","yoast_head_json":{"title":"Pravda","description":"Origin\u00e1ln\u00ed obraz Pravda. T\u00e9ma je jasn\u00e9 u\u017e v n\u00e1zvu obrazu. Pravdivost se dnes u\u017e vytr\u00e1c\u00ed a je pot\u0159eba obnovit tuto vz\u00e1cnou vlastnost. Pravda je d\u016fle\u017eit\u00e9 t\u00e9ma i pro n\u00e1s. Nelhat si! To je prvn\u00ed krok k uzdraven\u00ed na\u0161eho du\u0161evn\u00edho a emocion\u00e1ln\u00edho byt\u00ed. N\u011bkdy se pravdy ob\u00e1v\u00e1me a d\u016fkladn\u011b j\u00ed obch\u00e1z\u00edme. Uvnit\u0159 n\u00e1s v\u0161ak pravda je.&hellip;","robots":{"index":"index","follow":"follow","max-snippet":"max-snippet:-1","max-image-preview":"max-image-preview:large","max-video-preview":"max-video-preview:-1"},"canonical":"Origin\u00e1ln\u00ed obraz Pravda. T\u00e9ma je jasn\u00e9 u\u017e v n\u00e1zvu obrazu. Pravdivost se dnes u\u017e vytr\u00e1c\u00ed a je pot\u0159eba obnovit tuto vz\u00e1cnou vlastnost. Pravda je d\u016fle\u017eit\u00e9 t\u00e9ma i pro n\u00e1s. Nelhat si! To je prvn\u00ed krok k uzdraven\u00ed na\u0161eho du\u0161evn\u00edho a emocion\u00e1ln\u00edho byt\u00ed. N\u011bkdy se pravdy ob\u00e1v\u00e1me a d\u016fkladn\u011b j\u00ed obch\u00e1z\u00edme. Uvnit\u0159 n\u00e1s v\u0161ak pravda je.&hellip;","og_locale":"en_US","og_type":"article","og_title":"Pravda","og_description":"Origin\u00e1ln\u00ed obraz Pravda. T\u00e9ma je jasn\u00e9 u\u017e v n\u00e1zvu obrazu. Pravdivost se dnes u\u017e vytr\u00e1c\u00ed a je pot\u0159eba obnovit tuto vz\u00e1cnou vlastnost. Pravda je d\u016fle\u017eit\u00e9 t\u00e9ma i pro n\u00e1s. Nelhat si! To je prvn\u00ed krok k uzdraven\u00ed na\u0161eho du\u0161evn\u00edho a emocion\u00e1ln\u00edho byt\u00ed. N\u011bkdy se pravdy ob\u00e1v\u00e1me a d\u016fkladn\u011b j\u00ed obch\u00e1z\u00edme. Uvnit\u0159 n\u00e1s v\u0161ak pravda je.&hellip;","og_url":"https:\/\/www.aglaiadesign.shop\/en\/product\/pravda\/","og_site_name":"AglaiaDesign.shop","article_publisher":"https:\/\/www.facebook.com\/people\/AglaiaDesignshop\/61584360833340\/","article_modified_time":"2025-11-14T07:35:13+00:00","og_image":[{"width":1712,"height":2560,"url":"https:\/\/www.aglaiadesign.shop\/wp-content\/uploads\/2025\/11\/118A9549-scaled.jpg","type":"image\/jpeg"}],"twitter_card":"summary_large_image","twitter_misc":{"Est. reading time":"1 minute"},"schema":{"@context":"https:\/\/schema.org","@graph":[{"@type":"WebPage","@id":"https:\/\/www.aglaiadesign.shop\/en\/product\/pravda\/","url":"https:\/\/www.aglaiadesign.shop\/en\/product\/pravda\/","name":"Pravda - AglaiaDesign.shop","isPartOf":{"@id":"https:\/\/www.aglaiadesign.shop\/#website"},"primaryImageOfPage":{"@id":"https:\/\/www.aglaiadesign.shop\/en\/product\/pravda\/#primaryimage"},"image":{"@id":"https:\/\/www.aglaiadesign.shop\/en\/product\/pravda\/#primaryimage"},"thumbnailUrl":"https:\/\/www.aglaiadesign.shop\/wp-content\/uploads\/2025\/11\/118A9549-scaled.jpg","datePublished":"2025-11-13T12:38:25+00:00","dateModified":"2025-11-14T07:35:13+00:00","breadcrumb":{"@id":"https:\/\/www.aglaiadesign.shop\/en\/product\/pravda\/#breadcrumb"},"inLanguage":"en-US","potentialAction":[{"@type":"ReadAction","target":["https:\/\/www.aglaiadesign.shop\/en\/product\/pravda\/"]}]},{"@type":"ImageObject","inLanguage":"en-US","@id":"https:\/\/www.aglaiadesign.shop\/en\/product\/pravda\/#primaryimage","url":"https:\/\/www.aglaiadesign.shop\/wp-content\/uploads\/2025\/11\/118A9549-scaled.jpg","contentUrl":"https:\/\/www.aglaiadesign.shop\/wp-content\/uploads\/2025\/11\/118A9549-scaled.jpg","width":1712,"height":2560},{"@type":"BreadcrumbList","@id":"https:\/\/www.aglaiadesign.shop\/en\/product\/pravda\/#breadcrumb","itemListElement":[{"@type":"ListItem","position":1,"name":"V\u00edtejte na e-shopu Aglaia Design","item":"https:\/\/www.aglaiadesign.shop\/"},{"@type":"ListItem","position":2,"name":"V\u00edtejte na e-shopu Aglaia Design","item":"https:\/\/www.aglaiadesign.shop\/"},{"@type":"ListItem","position":3,"name":"Pravda"}]},{"@type":"WebSite","@id":"https:\/\/www.aglaiadesign.shop\/en\/#website","url":"https:\/\/www.aglaiadesign.shop\/en\/","name":"AglaiaDesign.shop","description":"Aglaia Design e-shop, obchod s enkaustick\u00fdmi obrazy a dal\u0161\u00edmi produkty s fotoreprodukc\u00ed t\u011bchto obraz\u016f.","publisher":{"@id":"https:\/\/www.aglaiadesign.shop\/en\/#organization"},"potentialAction":[{"@type":"SearchAction","target":{"@type":"EntryPoint","urlTemplate":"https:\/\/www.aglaiadesign.shop\/en\/?s={search_term_string}"},"query-input":{"@type":"PropertyValueSpecification","valueRequired":true,"valueName":"search_term_string"}}],"inLanguage":"en-US"},{"@type":"Organization","@id":"https:\/\/www.aglaiadesign.shop\/en\/#organization","name":"AglaiaDesign.shop","url":"https:\/\/www.aglaiadesign.shop\/en\/","logo":{"@type":"ImageObject","inLanguage":"en-US","@id":"https:\/\/www.aglaiadesign.shop\/en\/#\/schema\/logo\/image\/","url":"https:\/\/www.aglaiadesign.shop\/wp-content\/uploads\/2025\/11\/cropped-cropped-ad-logo-final.png","contentUrl":"https:\/\/www.aglaiadesign.shop\/wp-content\/uploads\/2025\/11\/cropped-cropped-ad-logo-final.png","width":512,"height":392,"caption":"AglaiaDesign.shop"},"image":{"@id":"https:\/\/www.aglaiadesign.shop\/en\/#\/schema\/logo\/image\/"},"sameAs":["https:\/\/www.facebook.com\/people\/AglaiaDesignshop\/61584360833340\/","https:\/\/www.instagram.com\/aglaiadesign.shop?igsh=NWh6eXNwbXM0Y2c4","https:\/\/www.tiktok.com\/@aglaia.design.m.k?_r=1&_t=ZN-92fGyZrw7WQ"]}]}},"jetpack_sharing_enabled":true,"_links":{"self":[{"href":"https:\/\/www.aglaiadesign.shop\/en\/wp-json\/wp\/v2\/product\/313","targetHints":{"allow":["GET"]}}],"collection":[{"href":"https:\/\/www.aglaiadesign.shop\/en\/wp-json\/wp\/v2\/product"}],"about":[{"href":"https:\/\/www.aglaiadesign.shop\/en\/wp-json\/wp\/v2\/types\/product"}],"replies":[{"embeddable":true,"href":"https:\/\/www.aglaiadesign.shop\/en\/wp-json\/wp\/v2\/comments?post=313"}],"wp:featuredmedia":[{"embeddable":true,"href":"https:\/\/www.aglaiadesign.shop\/en\/wp-json\/wp\/v2\/media\/314"}],"wp:attachment":[{"href":"https:\/\/www.aglaiadesign.shop\/en\/wp-json\/wp\/v2\/media?parent=313"}],"wp:term":[{"taxonomy":"product_brand","embeddable":true,"href":"https:\/\/www.aglaiadesign.shop\/en\/wp-json\/wp\/v2\/product_brand?post=313"},{"taxonomy":"product_cat","embeddable":true,"href":"https:\/\/www.aglaiadesign.shop\/en\/wp-json\/wp\/v2\/product_cat?post=313"},{"taxonomy":"product_tag","embeddable":true,"href":"https:\/\/www.aglaiadesign.shop\/en\/wp-json\/wp\/v2\/product_tag?post=313"}],"curies":[{"name":"wp","href":"https:\/\/api.w.org\/{rel}","templated":true}]}}