{"id":309,"date":"2025-11-13T13:04:53","date_gmt":"2025-11-13T12:04:53","guid":{"rendered":"https:\/\/beta.aglaiadesign.shop\/?post_type=product&#038;p=309"},"modified":"2025-11-14T08:33:30","modified_gmt":"2025-11-14T07:33:30","slug":"ryba","status":"publish","type":"product","link":"https:\/\/www.aglaiadesign.shop\/en\/product\/ryba\/","title":{"rendered":"Ryba"},"content":{"rendered":"<div class=\"Y3BBE\" data-sfc-cp=\"\" data-hveid=\"CAEQAA\" data-processed=\"true\">Jedn\u00e1 se o\u00a0<strong class=\"Yjhzub\">\u010d\u00ednskou legendu o dra\u010d\u00edm kapru<\/strong>, podle kter\u00e9 se kapr, kter\u00fd se s neuv\u011b\u0159itelnou silou a odhodl\u00e1n\u00edm proplave proti proudu po b\u00edl\u00e9 vodop\u00e1dy, prom\u011bn\u00ed v mocn\u00e9ho draka. Tato legenda je v Japonsku spojena s oslavami Dne d\u011bt\u00ed a pou\u017e\u00edv\u00e1 se k symbolizaci nezdolnosti, s\u00edly a \u00fasp\u011bchu. <span class=\"T286Pc\" data-sfc-cp=\"\"><strong class=\"Yjhzub\">Legenda:<\/strong>\u00a0Kapr, kter\u00fd se vzep\u0159e proudu a p\u0159ekon\u00e1 vodop\u00e1d, se prom\u011bn\u00ed v draka. Je to metafora pro velk\u00e9 \u00fasil\u00ed, odhodl\u00e1n\u00ed a schopnost dos\u00e1hnout mimo\u0159\u00e1dn\u00fdch v\u00fdsledk\u016f.<\/span><\/div>\n<ul class=\"KsbFXc U6u95\" data-processed=\"true\">\n<li data-hveid=\"CAMQAQ\"><span class=\"T286Pc\" data-sfc-cp=\"\"><strong class=\"Yjhzub\">Symbolika:<\/strong> Tento p\u0159\u00edb\u011bh symbolizuje nezdolnost, s\u00edlu a inspiruje k p\u0159ekon\u00e1v\u00e1n\u00ed p\u0159ek\u00e1\u017eek, a\u0165 u\u017e v \u017eivot\u011b nebo v podnik\u00e1n\u00ed.\u00a0<\/span><\/li>\n<\/ul>\n<p>Ka\u017ed\u00fd origin\u00e1l, kter\u00fd nen\u00ed tvo\u0159en na m\u00edru (pro osobn\u00ed zak\u00e1zku) je d\u00e1le tiskem p\u0159en\u00e1\u0161en na dal\u0161\u00ed m\u00e9dia. Origin\u00e1ln\u00ed obraz je pouze jeden, ale m\u016f\u017eete ho spat\u0159it na kopi\u00edch a ve ve\u0159ejn\u00e9m prostoru. Budouc\u00ed hodnota origin\u00e1ln\u00edho obrazu se t\u00edm m\u016f\u017ee zvedat. Origin\u00e1ln\u00ed obraz je v\u00fdhodn\u00e1 investice do budoucnosti.<\/p>\n<p>Malba v\u010del\u00edm voskem<\/p>\n<p>80 cm x 60 cm \/ canvas<\/p>\n<p>&nbsp;<\/p>\n<p>&nbsp;<\/p>\n","protected":false},"excerpt":{"rendered":"<p>Jedn\u00e1 se o\u00a0\u010d\u00ednskou legendu o dra\u010d\u00edm kapru, podle kter\u00e9 se kapr, kter\u00fd se s neuv\u011b\u0159itelnou silou a odhodl\u00e1n\u00edm proplave proti proudu po b\u00edl\u00e9 vodop\u00e1dy, prom\u011bn\u00ed v mocn\u00e9ho draka. Tato legenda je v Japonsku spojena s oslavami Dne d\u011bt\u00ed a pou\u017e\u00edv\u00e1 se k symbolizaci nezdolnosti, s\u00edly a \u00fasp\u011bchu. Legenda:\u00a0Kapr, kter\u00fd se vzep\u0159e proudu a p\u0159ekon\u00e1 vodop\u00e1d, [&hellip;]<\/p>\n","protected":false},"featured_media":310,"comment_status":"open","ping_status":"closed","template":"","meta":[],"product_brand":[20],"product_cat":[27],"product_tag":[],"class_list":{"0":"post-309","1":"product","2":"type-product","3":"status-publish","4":"has-post-thumbnail","6":"product_brand-aglaia-design","7":"product_cat-originalni-obrazy","9":"first","10":"instock","11":"shipping-taxable","12":"purchasable","13":"product-type-simple"},"yoast_head":"<!-- This site is optimized with the Yoast SEO plugin v27.4 - https:\/\/yoast.com\/product\/yoast-seo-wordpress\/ -->\n<title>Ryba<\/title>\n<meta name=\"description\" content=\"Jedn\u00e1 se o\u00a0\u010d\u00ednskou legendu o dra\u010d\u00edm kapru, podle kter\u00e9 se kapr, kter\u00fd se s neuv\u011b\u0159itelnou silou a odhodl\u00e1n\u00edm proplave proti proudu po b\u00edl\u00e9 vodop\u00e1dy, prom\u011bn\u00ed v mocn\u00e9ho draka. Tato legenda je v Japonsku spojena s oslavami Dne d\u011bt\u00ed a pou\u017e\u00edv\u00e1 se k symbolizaci nezdolnosti, s\u00edly a \u00fasp\u011bchu. Legenda:\u00a0Kapr, kter\u00fd se vzep\u0159e proudu a p\u0159ekon\u00e1 vodop\u00e1d,&hellip;\" \/>\n<meta name=\"robots\" content=\"index, follow, max-snippet:-1, max-image-preview:large, max-video-preview:-1\" \/>\n<link rel=\"canonical\" href=\"\" \/>\n<meta property=\"og:locale\" content=\"en_US\" \/>\n<meta property=\"og:type\" content=\"article\" \/>\n<meta property=\"og:title\" content=\"Ryba\" \/>\n<meta property=\"og:description\" content=\"Jedn\u00e1 se o\u00a0\u010d\u00ednskou legendu o dra\u010d\u00edm kapru, podle kter\u00e9 se kapr, kter\u00fd se s neuv\u011b\u0159itelnou silou a odhodl\u00e1n\u00edm proplave proti proudu po b\u00edl\u00e9 vodop\u00e1dy, prom\u011bn\u00ed v mocn\u00e9ho draka. Tato legenda je v Japonsku spojena s oslavami Dne d\u011bt\u00ed a pou\u017e\u00edv\u00e1 se k symbolizaci nezdolnosti, s\u00edly a \u00fasp\u011bchu. Legenda:\u00a0Kapr, kter\u00fd se vzep\u0159e proudu a p\u0159ekon\u00e1 vodop\u00e1d,&hellip;\" \/>\n<meta property=\"og:url\" content=\"https:\/\/www.aglaiadesign.shop\/en\/product\/ryba\/\" \/>\n<meta property=\"og:site_name\" content=\"AglaiaDesign.shop\" \/>\n<meta property=\"article:publisher\" content=\"https:\/\/www.facebook.com\/people\/AglaiaDesignshop\/61584360833340\/\" \/>\n<meta property=\"article:modified_time\" content=\"2025-11-14T07:33:30+00:00\" \/>\n<meta property=\"og:image\" content=\"https:\/\/www.aglaiadesign.shop\/wp-content\/uploads\/2025\/11\/118A9570-scaled.jpg\" \/>\n\t<meta property=\"og:image:width\" content=\"2560\" \/>\n\t<meta property=\"og:image:height\" content=\"1994\" \/>\n\t<meta property=\"og:image:type\" content=\"image\/jpeg\" \/>\n<meta name=\"twitter:card\" content=\"summary_large_image\" \/>\n<meta name=\"twitter:label1\" content=\"Est. reading time\" \/>\n\t<meta name=\"twitter:data1\" content=\"1 minute\" \/>\n<script type=\"application\/ld+json\" class=\"yoast-schema-graph\">{\"@context\":\"https:\\\/\\\/schema.org\",\"@graph\":[{\"@type\":\"WebPage\",\"@id\":\"https:\\\/\\\/www.aglaiadesign.shop\\\/en\\\/product\\\/ryba\\\/\",\"url\":\"https:\\\/\\\/www.aglaiadesign.shop\\\/en\\\/product\\\/ryba\\\/\",\"name\":\"Ryba - AglaiaDesign.shop\",\"isPartOf\":{\"@id\":\"https:\\\/\\\/www.aglaiadesign.shop\\\/#website\"},\"primaryImageOfPage\":{\"@id\":\"https:\\\/\\\/www.aglaiadesign.shop\\\/en\\\/product\\\/ryba\\\/#primaryimage\"},\"image\":{\"@id\":\"https:\\\/\\\/www.aglaiadesign.shop\\\/en\\\/product\\\/ryba\\\/#primaryimage\"},\"thumbnailUrl\":\"https:\\\/\\\/www.aglaiadesign.shop\\\/wp-content\\\/uploads\\\/2025\\\/11\\\/118A9570-scaled.jpg\",\"datePublished\":\"2025-11-13T12:04:53+00:00\",\"dateModified\":\"2025-11-14T07:33:30+00:00\",\"breadcrumb\":{\"@id\":\"https:\\\/\\\/www.aglaiadesign.shop\\\/en\\\/product\\\/ryba\\\/#breadcrumb\"},\"inLanguage\":\"en-US\",\"potentialAction\":[{\"@type\":\"ReadAction\",\"target\":[\"https:\\\/\\\/www.aglaiadesign.shop\\\/en\\\/product\\\/ryba\\\/\"]}]},{\"@type\":\"ImageObject\",\"inLanguage\":\"en-US\",\"@id\":\"https:\\\/\\\/www.aglaiadesign.shop\\\/en\\\/product\\\/ryba\\\/#primaryimage\",\"url\":\"https:\\\/\\\/www.aglaiadesign.shop\\\/wp-content\\\/uploads\\\/2025\\\/11\\\/118A9570-scaled.jpg\",\"contentUrl\":\"https:\\\/\\\/www.aglaiadesign.shop\\\/wp-content\\\/uploads\\\/2025\\\/11\\\/118A9570-scaled.jpg\",\"width\":2560,\"height\":1994},{\"@type\":\"BreadcrumbList\",\"@id\":\"https:\\\/\\\/www.aglaiadesign.shop\\\/en\\\/product\\\/ryba\\\/#breadcrumb\",\"itemListElement\":[{\"@type\":\"ListItem\",\"position\":1,\"name\":\"V\u00edtejte na e-shopu Aglaia Design\",\"item\":\"https:\\\/\\\/www.aglaiadesign.shop\\\/\"},{\"@type\":\"ListItem\",\"position\":2,\"name\":\"V\u00edtejte na e-shopu Aglaia Design\",\"item\":\"https:\\\/\\\/www.aglaiadesign.shop\\\/\"},{\"@type\":\"ListItem\",\"position\":3,\"name\":\"Ryba\"}]},{\"@type\":\"WebSite\",\"@id\":\"https:\\\/\\\/www.aglaiadesign.shop\\\/en\\\/#website\",\"url\":\"https:\\\/\\\/www.aglaiadesign.shop\\\/en\\\/\",\"name\":\"AglaiaDesign.shop\",\"description\":\"Aglaia Design e-shop, obchod s enkaustick\u00fdmi obrazy a dal\u0161\u00edmi produkty s fotoreprodukc\u00ed t\u011bchto obraz\u016f.\",\"publisher\":{\"@id\":\"https:\\\/\\\/www.aglaiadesign.shop\\\/en\\\/#organization\"},\"potentialAction\":[{\"@type\":\"SearchAction\",\"target\":{\"@type\":\"EntryPoint\",\"urlTemplate\":\"https:\\\/\\\/www.aglaiadesign.shop\\\/en\\\/?s={search_term_string}\"},\"query-input\":{\"@type\":\"PropertyValueSpecification\",\"valueRequired\":true,\"valueName\":\"search_term_string\"}}],\"inLanguage\":\"en-US\"},{\"@type\":\"Organization\",\"@id\":\"https:\\\/\\\/www.aglaiadesign.shop\\\/en\\\/#organization\",\"name\":\"AglaiaDesign.shop\",\"url\":\"https:\\\/\\\/www.aglaiadesign.shop\\\/en\\\/\",\"logo\":{\"@type\":\"ImageObject\",\"inLanguage\":\"en-US\",\"@id\":\"https:\\\/\\\/www.aglaiadesign.shop\\\/en\\\/#\\\/schema\\\/logo\\\/image\\\/\",\"url\":\"https:\\\/\\\/www.aglaiadesign.shop\\\/wp-content\\\/uploads\\\/2025\\\/11\\\/cropped-cropped-ad-logo-final.png\",\"contentUrl\":\"https:\\\/\\\/www.aglaiadesign.shop\\\/wp-content\\\/uploads\\\/2025\\\/11\\\/cropped-cropped-ad-logo-final.png\",\"width\":512,\"height\":392,\"caption\":\"AglaiaDesign.shop\"},\"image\":{\"@id\":\"https:\\\/\\\/www.aglaiadesign.shop\\\/en\\\/#\\\/schema\\\/logo\\\/image\\\/\"},\"sameAs\":[\"https:\\\/\\\/www.facebook.com\\\/people\\\/AglaiaDesignshop\\\/61584360833340\\\/\",\"https:\\\/\\\/www.instagram.com\\\/aglaiadesign.shop?igsh=NWh6eXNwbXM0Y2c4\",\"https:\\\/\\\/www.tiktok.com\\\/@aglaia.design.m.k?_r=1&_t=ZN-92fGyZrw7WQ\"]}]}<\/script>\n<!-- \/ Yoast SEO plugin. -->","yoast_head_json":{"title":"Ryba","description":"Jedn\u00e1 se o\u00a0\u010d\u00ednskou legendu o dra\u010d\u00edm kapru, podle kter\u00e9 se kapr, kter\u00fd se s neuv\u011b\u0159itelnou silou a odhodl\u00e1n\u00edm proplave proti proudu po b\u00edl\u00e9 vodop\u00e1dy, prom\u011bn\u00ed v mocn\u00e9ho draka. Tato legenda je v Japonsku spojena s oslavami Dne d\u011bt\u00ed a pou\u017e\u00edv\u00e1 se k symbolizaci nezdolnosti, s\u00edly a \u00fasp\u011bchu. Legenda:\u00a0Kapr, kter\u00fd se vzep\u0159e proudu a p\u0159ekon\u00e1 vodop\u00e1d,&hellip;","robots":{"index":"index","follow":"follow","max-snippet":"max-snippet:-1","max-image-preview":"max-image-preview:large","max-video-preview":"max-video-preview:-1"},"canonical":"Jedn\u00e1 se o\u00a0\u010d\u00ednskou legendu o dra\u010d\u00edm kapru, podle kter\u00e9 se kapr, kter\u00fd se s neuv\u011b\u0159itelnou silou a odhodl\u00e1n\u00edm proplave proti proudu po b\u00edl\u00e9 vodop\u00e1dy, prom\u011bn\u00ed v mocn\u00e9ho draka. Tato legenda je v Japonsku spojena s oslavami Dne d\u011bt\u00ed a pou\u017e\u00edv\u00e1 se k symbolizaci nezdolnosti, s\u00edly a \u00fasp\u011bchu. Legenda:\u00a0Kapr, kter\u00fd se vzep\u0159e proudu a p\u0159ekon\u00e1 vodop\u00e1d,&hellip;","og_locale":"en_US","og_type":"article","og_title":"Ryba","og_description":"Jedn\u00e1 se o\u00a0\u010d\u00ednskou legendu o dra\u010d\u00edm kapru, podle kter\u00e9 se kapr, kter\u00fd se s neuv\u011b\u0159itelnou silou a odhodl\u00e1n\u00edm proplave proti proudu po b\u00edl\u00e9 vodop\u00e1dy, prom\u011bn\u00ed v mocn\u00e9ho draka. Tato legenda je v Japonsku spojena s oslavami Dne d\u011bt\u00ed a pou\u017e\u00edv\u00e1 se k symbolizaci nezdolnosti, s\u00edly a \u00fasp\u011bchu. Legenda:\u00a0Kapr, kter\u00fd se vzep\u0159e proudu a p\u0159ekon\u00e1 vodop\u00e1d,&hellip;","og_url":"https:\/\/www.aglaiadesign.shop\/en\/product\/ryba\/","og_site_name":"AglaiaDesign.shop","article_publisher":"https:\/\/www.facebook.com\/people\/AglaiaDesignshop\/61584360833340\/","article_modified_time":"2025-11-14T07:33:30+00:00","og_image":[{"width":2560,"height":1994,"url":"https:\/\/www.aglaiadesign.shop\/wp-content\/uploads\/2025\/11\/118A9570-scaled.jpg","type":"image\/jpeg"}],"twitter_card":"summary_large_image","twitter_misc":{"Est. reading time":"1 minute"},"schema":{"@context":"https:\/\/schema.org","@graph":[{"@type":"WebPage","@id":"https:\/\/www.aglaiadesign.shop\/en\/product\/ryba\/","url":"https:\/\/www.aglaiadesign.shop\/en\/product\/ryba\/","name":"Ryba - AglaiaDesign.shop","isPartOf":{"@id":"https:\/\/www.aglaiadesign.shop\/#website"},"primaryImageOfPage":{"@id":"https:\/\/www.aglaiadesign.shop\/en\/product\/ryba\/#primaryimage"},"image":{"@id":"https:\/\/www.aglaiadesign.shop\/en\/product\/ryba\/#primaryimage"},"thumbnailUrl":"https:\/\/www.aglaiadesign.shop\/wp-content\/uploads\/2025\/11\/118A9570-scaled.jpg","datePublished":"2025-11-13T12:04:53+00:00","dateModified":"2025-11-14T07:33:30+00:00","breadcrumb":{"@id":"https:\/\/www.aglaiadesign.shop\/en\/product\/ryba\/#breadcrumb"},"inLanguage":"en-US","potentialAction":[{"@type":"ReadAction","target":["https:\/\/www.aglaiadesign.shop\/en\/product\/ryba\/"]}]},{"@type":"ImageObject","inLanguage":"en-US","@id":"https:\/\/www.aglaiadesign.shop\/en\/product\/ryba\/#primaryimage","url":"https:\/\/www.aglaiadesign.shop\/wp-content\/uploads\/2025\/11\/118A9570-scaled.jpg","contentUrl":"https:\/\/www.aglaiadesign.shop\/wp-content\/uploads\/2025\/11\/118A9570-scaled.jpg","width":2560,"height":1994},{"@type":"BreadcrumbList","@id":"https:\/\/www.aglaiadesign.shop\/en\/product\/ryba\/#breadcrumb","itemListElement":[{"@type":"ListItem","position":1,"name":"V\u00edtejte na e-shopu Aglaia Design","item":"https:\/\/www.aglaiadesign.shop\/"},{"@type":"ListItem","position":2,"name":"V\u00edtejte na e-shopu Aglaia Design","item":"https:\/\/www.aglaiadesign.shop\/"},{"@type":"ListItem","position":3,"name":"Ryba"}]},{"@type":"WebSite","@id":"https:\/\/www.aglaiadesign.shop\/en\/#website","url":"https:\/\/www.aglaiadesign.shop\/en\/","name":"AglaiaDesign.shop","description":"Aglaia Design e-shop, obchod s enkaustick\u00fdmi obrazy a dal\u0161\u00edmi produkty s fotoreprodukc\u00ed t\u011bchto obraz\u016f.","publisher":{"@id":"https:\/\/www.aglaiadesign.shop\/en\/#organization"},"potentialAction":[{"@type":"SearchAction","target":{"@type":"EntryPoint","urlTemplate":"https:\/\/www.aglaiadesign.shop\/en\/?s={search_term_string}"},"query-input":{"@type":"PropertyValueSpecification","valueRequired":true,"valueName":"search_term_string"}}],"inLanguage":"en-US"},{"@type":"Organization","@id":"https:\/\/www.aglaiadesign.shop\/en\/#organization","name":"AglaiaDesign.shop","url":"https:\/\/www.aglaiadesign.shop\/en\/","logo":{"@type":"ImageObject","inLanguage":"en-US","@id":"https:\/\/www.aglaiadesign.shop\/en\/#\/schema\/logo\/image\/","url":"https:\/\/www.aglaiadesign.shop\/wp-content\/uploads\/2025\/11\/cropped-cropped-ad-logo-final.png","contentUrl":"https:\/\/www.aglaiadesign.shop\/wp-content\/uploads\/2025\/11\/cropped-cropped-ad-logo-final.png","width":512,"height":392,"caption":"AglaiaDesign.shop"},"image":{"@id":"https:\/\/www.aglaiadesign.shop\/en\/#\/schema\/logo\/image\/"},"sameAs":["https:\/\/www.facebook.com\/people\/AglaiaDesignshop\/61584360833340\/","https:\/\/www.instagram.com\/aglaiadesign.shop?igsh=NWh6eXNwbXM0Y2c4","https:\/\/www.tiktok.com\/@aglaia.design.m.k?_r=1&_t=ZN-92fGyZrw7WQ"]}]}},"jetpack_sharing_enabled":true,"_links":{"self":[{"href":"https:\/\/www.aglaiadesign.shop\/en\/wp-json\/wp\/v2\/product\/309","targetHints":{"allow":["GET"]}}],"collection":[{"href":"https:\/\/www.aglaiadesign.shop\/en\/wp-json\/wp\/v2\/product"}],"about":[{"href":"https:\/\/www.aglaiadesign.shop\/en\/wp-json\/wp\/v2\/types\/product"}],"replies":[{"embeddable":true,"href":"https:\/\/www.aglaiadesign.shop\/en\/wp-json\/wp\/v2\/comments?post=309"}],"wp:featuredmedia":[{"embeddable":true,"href":"https:\/\/www.aglaiadesign.shop\/en\/wp-json\/wp\/v2\/media\/310"}],"wp:attachment":[{"href":"https:\/\/www.aglaiadesign.shop\/en\/wp-json\/wp\/v2\/media?parent=309"}],"wp:term":[{"taxonomy":"product_brand","embeddable":true,"href":"https:\/\/www.aglaiadesign.shop\/en\/wp-json\/wp\/v2\/product_brand?post=309"},{"taxonomy":"product_cat","embeddable":true,"href":"https:\/\/www.aglaiadesign.shop\/en\/wp-json\/wp\/v2\/product_cat?post=309"},{"taxonomy":"product_tag","embeddable":true,"href":"https:\/\/www.aglaiadesign.shop\/en\/wp-json\/wp\/v2\/product_tag?post=309"}],"curies":[{"name":"wp","href":"https:\/\/api.w.org\/{rel}","templated":true}]}}