{"id":1191,"date":"2026-05-02T12:24:43","date_gmt":"2026-05-02T10:24:43","guid":{"rendered":"https:\/\/www.aglaiadesign.shop\/product\/\/"},"modified":"2026-05-02T12:24:44","modified_gmt":"2026-05-02T10:24:44","slug":"modry-satek-rucne-malovane-hedvabi","status":"publish","type":"product","link":"https:\/\/www.aglaiadesign.shop\/en\/product\/modry-satek-rucne-malovane-hedvabi\/","title":{"rendered":"Modr\u00fd \u0161\u00e1tek - ru\u010dn\u011b malovan\u00e9 hedv\u00e1b\u00ed"},"content":{"rendered":"<p>Ru\u010dn\u011b malovan\u00fd hedv\u00e1bn\u00fd \u0161\u00e1tek v okouzluj\u00edc\u00edch modrofialov\u00fdch t\u00f3nech se zlat\u00fdmi ornamenty p\u0159edstavuje jedine\u010dn\u00e9 spojen\u00ed elegance, originality a um\u011bleck\u00e9ho \u0159emesla.<\/p>\n<p>Ka\u017ed\u00fd \u0161\u00e1tek je absolutn\u00edm origin\u00e1lem, vytvo\u0159en\u00fdm s d\u016frazem na detail, \u017eenskost a nad\u010dasovou kr\u00e1su. Jemn\u00e9 p\u0159echody modr\u00e9 a fialov\u00e9 barvy dopln\u011bn\u00e9 zlat\u00fdmi prvky p\u016fsob\u00ed luxusn\u011b, harmonicky a podtrhuj\u00ed v\u00fdjime\u010dnost ka\u017ed\u00e9 \u017eeny.<\/p>\n<p>Tento exkluzivn\u00ed dopln\u011bk je vhodn\u00fd jako osobit\u00fd d\u00e1rek, kter\u00fd zv\u00fdrazn\u00ed kr\u00e1su, styl a individualitu sv\u00e9 nositelky.<\/p>\n<p>Mo\u017enost malby na m\u00edru<br \/>\n\u0160\u00e1tek lze vytvo\u0159it tak\u00e9 podle va\u0161ich obl\u00edben\u00fdch barev a osobn\u00edch p\u0159edstav, \u010d\u00edm\u017e z\u00edsk\u00e1te zcela unik\u00e1tn\u00ed kousek p\u0159esn\u011b podle sv\u00e9ho p\u0159\u00e1n\u00ed.<\/p>\n<p>Rozm\u011bry: 180 x 45 cm<\/p>\n<p>\u2022 100% hedv\u00e1b\u00ed<br \/>\n\u2022 Ru\u010dn\u00ed malba<br \/>\n\u2022 Origin\u00e1ln\u00ed design<br \/>\n\u2022 Luxusn\u00ed m\u00f3dn\u00ed dopln\u011bk<br \/>\n\u2022 Mo\u017enost zak\u00e1zkov\u00e9 tvorby<\/p>\n<p>Dop\u0159ejte sob\u011b nebo sv\u00fdm bl\u00edzk\u00fdm v\u00fdjime\u010dn\u00fd um\u011bleck\u00fd \u0161perk v podob\u011b hedv\u00e1bn\u00e9ho \u0161\u00e1tku, kter\u00fd v sob\u011b nese eleganci, lehkost a neopakovatelnou energii ru\u010dn\u00ed tvorby.<\/p>\n","protected":false},"excerpt":{"rendered":"<p><strong>Dop\u0159ejte si luxus ru\u010dn\u011b malovan\u00e9ho hedv\u00e1b\u00ed \u2013 origin\u00e1ln\u00ed \u0161\u00e1tek, kter\u00fd podtrhne va\u0161i kr\u00e1su, eleganci a neopakovateln\u00fd styl.<\/strong><\/p>\n","protected":false},"featured_media":1192,"comment_status":"open","ping_status":"closed","template":"","meta":[],"product_brand":[20],"product_cat":[39],"product_tag":[],"class_list":{"0":"post-1191","1":"product","2":"type-product","3":"status-publish","4":"has-post-thumbnail","6":"product_brand-aglaia-design","7":"product_cat-modni-doplnky","9":"first","10":"instock","11":"shipping-taxable","12":"purchasable","13":"product-type-simple"},"yoast_head":"<!-- This site is optimized with the Yoast SEO plugin v27.5 - https:\/\/yoast.com\/product\/yoast-seo-wordpress\/ -->\n<title>Modr\u00fd \u0161\u00e1tek - ru\u010dn\u011b malovan\u00e9 hedv\u00e1b\u00ed<\/title>\n<meta name=\"description\" content=\"Dop\u0159ejte si luxus ru\u010dn\u011b malovan\u00e9ho hedv\u00e1b\u00ed \u2013 origin\u00e1ln\u00ed \u0161\u00e1tek, kter\u00fd podtrhne va\u0161i kr\u00e1su, eleganci a neopakovateln\u00fd styl.\" \/>\n<meta name=\"robots\" content=\"index, follow, max-snippet:-1, max-image-preview:large, max-video-preview:-1\" \/>\n<link rel=\"canonical\" href=\"http:\/\/Dop\u0159ejte%20si%20luxus%20ru\u010dn\u011b%20malovan\u00e9ho%20hedv\u00e1b\u00ed%20\u2013%20origin\u00e1ln\u00ed%20\u0161\u00e1tek,%20kter\u00fd%20podtrhne%20va\u0161i%20kr\u00e1su,%20eleganci%20a%20neopakovateln\u00fd%20styl.\" \/>\n<meta property=\"og:locale\" content=\"en_US\" \/>\n<meta property=\"og:type\" content=\"article\" \/>\n<meta property=\"og:title\" content=\"Modr\u00fd \u0161\u00e1tek - ru\u010dn\u011b malovan\u00e9 hedv\u00e1b\u00ed\" \/>\n<meta property=\"og:description\" content=\"Dop\u0159ejte si luxus ru\u010dn\u011b malovan\u00e9ho hedv\u00e1b\u00ed \u2013 origin\u00e1ln\u00ed \u0161\u00e1tek, kter\u00fd podtrhne va\u0161i kr\u00e1su, eleganci a neopakovateln\u00fd styl.\" \/>\n<meta property=\"og:url\" content=\"https:\/\/www.aglaiadesign.shop\/en\/product\/modry-satek-rucne-malovane-hedvabi\/\" \/>\n<meta property=\"og:site_name\" content=\"AglaiaDesign.shop\" \/>\n<meta property=\"article:publisher\" content=\"https:\/\/www.facebook.com\/people\/AglaiaDesignshop\/61584360833340\/\" \/>\n<meta property=\"article:modified_time\" content=\"2026-05-02T10:24:44+00:00\" \/>\n<meta property=\"og:image\" content=\"https:\/\/www.aglaiadesign.shop\/wp-content\/uploads\/2026\/05\/satek-modry-3.jpeg\" \/>\n\t<meta property=\"og:image:width\" content=\"768\" \/>\n\t<meta property=\"og:image:height\" content=\"1024\" \/>\n\t<meta property=\"og:image:type\" content=\"image\/jpeg\" \/>\n<meta name=\"twitter:card\" content=\"summary_large_image\" \/>\n<meta name=\"twitter:label1\" content=\"Est. reading time\" \/>\n\t<meta name=\"twitter:data1\" content=\"1 minute\" \/>\n<script type=\"application\/ld+json\" class=\"yoast-schema-graph\">{\"@context\":\"https:\\\/\\\/schema.org\",\"@graph\":[{\"@type\":\"WebPage\",\"@id\":\"https:\\\/\\\/www.aglaiadesign.shop\\\/en\\\/product\\\/modry-satek-rucne-malovane-hedvabi\\\/\",\"url\":\"https:\\\/\\\/www.aglaiadesign.shop\\\/en\\\/product\\\/modry-satek-rucne-malovane-hedvabi\\\/\",\"name\":\"Modr\u00fd \u0161\u00e1tek - ru\u010dn\u011b malovan\u00e9 hedv\u00e1b\u00ed - AglaiaDesign.shop\",\"isPartOf\":{\"@id\":\"https:\\\/\\\/www.aglaiadesign.shop\\\/#website\"},\"primaryImageOfPage\":{\"@id\":\"https:\\\/\\\/www.aglaiadesign.shop\\\/en\\\/product\\\/modry-satek-rucne-malovane-hedvabi\\\/#primaryimage\"},\"image\":{\"@id\":\"https:\\\/\\\/www.aglaiadesign.shop\\\/en\\\/product\\\/modry-satek-rucne-malovane-hedvabi\\\/#primaryimage\"},\"thumbnailUrl\":\"https:\\\/\\\/www.aglaiadesign.shop\\\/wp-content\\\/uploads\\\/2026\\\/05\\\/satek-modry-3.jpeg\",\"datePublished\":\"2026-05-02T10:24:43+00:00\",\"dateModified\":\"2026-05-02T10:24:44+00:00\",\"breadcrumb\":{\"@id\":\"https:\\\/\\\/www.aglaiadesign.shop\\\/en\\\/product\\\/modry-satek-rucne-malovane-hedvabi\\\/#breadcrumb\"},\"inLanguage\":\"en-US\",\"potentialAction\":[{\"@type\":\"ReadAction\",\"target\":[\"https:\\\/\\\/www.aglaiadesign.shop\\\/en\\\/product\\\/modry-satek-rucne-malovane-hedvabi\\\/\"]}]},{\"@type\":\"ImageObject\",\"inLanguage\":\"en-US\",\"@id\":\"https:\\\/\\\/www.aglaiadesign.shop\\\/en\\\/product\\\/modry-satek-rucne-malovane-hedvabi\\\/#primaryimage\",\"url\":\"https:\\\/\\\/www.aglaiadesign.shop\\\/wp-content\\\/uploads\\\/2026\\\/05\\\/satek-modry-3.jpeg\",\"contentUrl\":\"https:\\\/\\\/www.aglaiadesign.shop\\\/wp-content\\\/uploads\\\/2026\\\/05\\\/satek-modry-3.jpeg\",\"width\":768,\"height\":1024,\"caption\":\"Ru\u010dn\u011b malovan\u00e9 hedv\u00e1b\u00ed\"},{\"@type\":\"BreadcrumbList\",\"@id\":\"https:\\\/\\\/www.aglaiadesign.shop\\\/en\\\/product\\\/modry-satek-rucne-malovane-hedvabi\\\/#breadcrumb\",\"itemListElement\":[{\"@type\":\"ListItem\",\"position\":1,\"name\":\"V\u00edtejte na e-shopu Aglaia Design\",\"item\":\"https:\\\/\\\/www.aglaiadesign.shop\\\/\"},{\"@type\":\"ListItem\",\"position\":2,\"name\":\"V\u00edtejte na e-shopu Aglaia Design\",\"item\":\"https:\\\/\\\/www.aglaiadesign.shop\\\/\"},{\"@type\":\"ListItem\",\"position\":3,\"name\":\"Modr\u00fd \u0161\u00e1tek - ru\u010dn\u011b malovan\u00e9 hedv\u00e1b\u00ed\"}]},{\"@type\":\"WebSite\",\"@id\":\"https:\\\/\\\/www.aglaiadesign.shop\\\/en\\\/#website\",\"url\":\"https:\\\/\\\/www.aglaiadesign.shop\\\/en\\\/\",\"name\":\"AglaiaDesign.shop\",\"description\":\"Aglaia Design e-shop, obchod s enkaustick\u00fdmi obrazy a dal\u0161\u00edmi produkty s fotoreprodukc\u00ed t\u011bchto obraz\u016f.\",\"publisher\":{\"@id\":\"https:\\\/\\\/www.aglaiadesign.shop\\\/en\\\/#organization\"},\"potentialAction\":[{\"@type\":\"SearchAction\",\"target\":{\"@type\":\"EntryPoint\",\"urlTemplate\":\"https:\\\/\\\/www.aglaiadesign.shop\\\/en\\\/?s={search_term_string}\"},\"query-input\":{\"@type\":\"PropertyValueSpecification\",\"valueRequired\":true,\"valueName\":\"search_term_string\"}}],\"inLanguage\":\"en-US\"},{\"@type\":\"Organization\",\"@id\":\"https:\\\/\\\/www.aglaiadesign.shop\\\/en\\\/#organization\",\"name\":\"AglaiaDesign.shop\",\"url\":\"https:\\\/\\\/www.aglaiadesign.shop\\\/en\\\/\",\"logo\":{\"@type\":\"ImageObject\",\"inLanguage\":\"en-US\",\"@id\":\"https:\\\/\\\/www.aglaiadesign.shop\\\/en\\\/#\\\/schema\\\/logo\\\/image\\\/\",\"url\":\"https:\\\/\\\/www.aglaiadesign.shop\\\/wp-content\\\/uploads\\\/2025\\\/11\\\/cropped-cropped-ad-logo-final.png\",\"contentUrl\":\"https:\\\/\\\/www.aglaiadesign.shop\\\/wp-content\\\/uploads\\\/2025\\\/11\\\/cropped-cropped-ad-logo-final.png\",\"width\":512,\"height\":392,\"caption\":\"AglaiaDesign.shop\"},\"image\":{\"@id\":\"https:\\\/\\\/www.aglaiadesign.shop\\\/en\\\/#\\\/schema\\\/logo\\\/image\\\/\"},\"sameAs\":[\"https:\\\/\\\/www.facebook.com\\\/people\\\/AglaiaDesignshop\\\/61584360833340\\\/\",\"https:\\\/\\\/www.instagram.com\\\/aglaiadesign.shop?igsh=NWh6eXNwbXM0Y2c4\",\"https:\\\/\\\/www.tiktok.com\\\/@aglaia.design.m.k?_r=1&_t=ZN-92fGyZrw7WQ\"]}]}<\/script>\n<!-- \/ Yoast SEO plugin. -->","yoast_head_json":{"title":"Modr\u00fd \u0161\u00e1tek - ru\u010dn\u011b malovan\u00e9 hedv\u00e1b\u00ed","description":"Dop\u0159ejte si luxus ru\u010dn\u011b malovan\u00e9ho hedv\u00e1b\u00ed \u2013 origin\u00e1ln\u00ed \u0161\u00e1tek, kter\u00fd podtrhne va\u0161i kr\u00e1su, eleganci a neopakovateln\u00fd styl.","robots":{"index":"index","follow":"follow","max-snippet":"max-snippet:-1","max-image-preview":"max-image-preview:large","max-video-preview":"max-video-preview:-1"},"canonical":"Dop\u0159ejte si luxus ru\u010dn\u011b malovan\u00e9ho hedv\u00e1b\u00ed \u2013 origin\u00e1ln\u00ed \u0161\u00e1tek, kter\u00fd podtrhne va\u0161i kr\u00e1su, eleganci a neopakovateln\u00fd styl.","og_locale":"en_US","og_type":"article","og_title":"Modr\u00fd \u0161\u00e1tek - ru\u010dn\u011b malovan\u00e9 hedv\u00e1b\u00ed","og_description":"Dop\u0159ejte si luxus ru\u010dn\u011b malovan\u00e9ho hedv\u00e1b\u00ed \u2013 origin\u00e1ln\u00ed \u0161\u00e1tek, kter\u00fd podtrhne va\u0161i kr\u00e1su, eleganci a neopakovateln\u00fd styl.","og_url":"https:\/\/www.aglaiadesign.shop\/en\/product\/modry-satek-rucne-malovane-hedvabi\/","og_site_name":"AglaiaDesign.shop","article_publisher":"https:\/\/www.facebook.com\/people\/AglaiaDesignshop\/61584360833340\/","article_modified_time":"2026-05-02T10:24:44+00:00","og_image":[{"width":768,"height":1024,"url":"https:\/\/www.aglaiadesign.shop\/wp-content\/uploads\/2026\/05\/satek-modry-3.jpeg","type":"image\/jpeg"}],"twitter_card":"summary_large_image","twitter_misc":{"Est. reading time":"1 minute"},"schema":{"@context":"https:\/\/schema.org","@graph":[{"@type":"WebPage","@id":"https:\/\/www.aglaiadesign.shop\/en\/product\/modry-satek-rucne-malovane-hedvabi\/","url":"https:\/\/www.aglaiadesign.shop\/en\/product\/modry-satek-rucne-malovane-hedvabi\/","name":"Modr\u00fd \u0161\u00e1tek - ru\u010dn\u011b malovan\u00e9 hedv\u00e1b\u00ed - AglaiaDesign.shop","isPartOf":{"@id":"https:\/\/www.aglaiadesign.shop\/#website"},"primaryImageOfPage":{"@id":"https:\/\/www.aglaiadesign.shop\/en\/product\/modry-satek-rucne-malovane-hedvabi\/#primaryimage"},"image":{"@id":"https:\/\/www.aglaiadesign.shop\/en\/product\/modry-satek-rucne-malovane-hedvabi\/#primaryimage"},"thumbnailUrl":"https:\/\/www.aglaiadesign.shop\/wp-content\/uploads\/2026\/05\/satek-modry-3.jpeg","datePublished":"2026-05-02T10:24:43+00:00","dateModified":"2026-05-02T10:24:44+00:00","breadcrumb":{"@id":"https:\/\/www.aglaiadesign.shop\/en\/product\/modry-satek-rucne-malovane-hedvabi\/#breadcrumb"},"inLanguage":"en-US","potentialAction":[{"@type":"ReadAction","target":["https:\/\/www.aglaiadesign.shop\/en\/product\/modry-satek-rucne-malovane-hedvabi\/"]}]},{"@type":"ImageObject","inLanguage":"en-US","@id":"https:\/\/www.aglaiadesign.shop\/en\/product\/modry-satek-rucne-malovane-hedvabi\/#primaryimage","url":"https:\/\/www.aglaiadesign.shop\/wp-content\/uploads\/2026\/05\/satek-modry-3.jpeg","contentUrl":"https:\/\/www.aglaiadesign.shop\/wp-content\/uploads\/2026\/05\/satek-modry-3.jpeg","width":768,"height":1024,"caption":"Ru\u010dn\u011b malovan\u00e9 hedv\u00e1b\u00ed"},{"@type":"BreadcrumbList","@id":"https:\/\/www.aglaiadesign.shop\/en\/product\/modry-satek-rucne-malovane-hedvabi\/#breadcrumb","itemListElement":[{"@type":"ListItem","position":1,"name":"V\u00edtejte na e-shopu Aglaia Design","item":"https:\/\/www.aglaiadesign.shop\/"},{"@type":"ListItem","position":2,"name":"V\u00edtejte na e-shopu Aglaia Design","item":"https:\/\/www.aglaiadesign.shop\/"},{"@type":"ListItem","position":3,"name":"Modr\u00fd \u0161\u00e1tek - ru\u010dn\u011b malovan\u00e9 hedv\u00e1b\u00ed"}]},{"@type":"WebSite","@id":"https:\/\/www.aglaiadesign.shop\/en\/#website","url":"https:\/\/www.aglaiadesign.shop\/en\/","name":"AglaiaDesign.shop","description":"Aglaia Design e-shop, obchod s enkaustick\u00fdmi obrazy a dal\u0161\u00edmi produkty s fotoreprodukc\u00ed t\u011bchto obraz\u016f.","publisher":{"@id":"https:\/\/www.aglaiadesign.shop\/en\/#organization"},"potentialAction":[{"@type":"SearchAction","target":{"@type":"EntryPoint","urlTemplate":"https:\/\/www.aglaiadesign.shop\/en\/?s={search_term_string}"},"query-input":{"@type":"PropertyValueSpecification","valueRequired":true,"valueName":"search_term_string"}}],"inLanguage":"en-US"},{"@type":"Organization","@id":"https:\/\/www.aglaiadesign.shop\/en\/#organization","name":"AglaiaDesign.shop","url":"https:\/\/www.aglaiadesign.shop\/en\/","logo":{"@type":"ImageObject","inLanguage":"en-US","@id":"https:\/\/www.aglaiadesign.shop\/en\/#\/schema\/logo\/image\/","url":"https:\/\/www.aglaiadesign.shop\/wp-content\/uploads\/2025\/11\/cropped-cropped-ad-logo-final.png","contentUrl":"https:\/\/www.aglaiadesign.shop\/wp-content\/uploads\/2025\/11\/cropped-cropped-ad-logo-final.png","width":512,"height":392,"caption":"AglaiaDesign.shop"},"image":{"@id":"https:\/\/www.aglaiadesign.shop\/en\/#\/schema\/logo\/image\/"},"sameAs":["https:\/\/www.facebook.com\/people\/AglaiaDesignshop\/61584360833340\/","https:\/\/www.instagram.com\/aglaiadesign.shop?igsh=NWh6eXNwbXM0Y2c4","https:\/\/www.tiktok.com\/@aglaia.design.m.k?_r=1&_t=ZN-92fGyZrw7WQ"]}]}},"jetpack_sharing_enabled":true,"_links":{"self":[{"href":"https:\/\/www.aglaiadesign.shop\/en\/wp-json\/wp\/v2\/product\/1191","targetHints":{"allow":["GET"]}}],"collection":[{"href":"https:\/\/www.aglaiadesign.shop\/en\/wp-json\/wp\/v2\/product"}],"about":[{"href":"https:\/\/www.aglaiadesign.shop\/en\/wp-json\/wp\/v2\/types\/product"}],"replies":[{"embeddable":true,"href":"https:\/\/www.aglaiadesign.shop\/en\/wp-json\/wp\/v2\/comments?post=1191"}],"wp:featuredmedia":[{"embeddable":true,"href":"https:\/\/www.aglaiadesign.shop\/en\/wp-json\/wp\/v2\/media\/1192"}],"wp:attachment":[{"href":"https:\/\/www.aglaiadesign.shop\/en\/wp-json\/wp\/v2\/media?parent=1191"}],"wp:term":[{"taxonomy":"product_brand","embeddable":true,"href":"https:\/\/www.aglaiadesign.shop\/en\/wp-json\/wp\/v2\/product_brand?post=1191"},{"taxonomy":"product_cat","embeddable":true,"href":"https:\/\/www.aglaiadesign.shop\/en\/wp-json\/wp\/v2\/product_cat?post=1191"},{"taxonomy":"product_tag","embeddable":true,"href":"https:\/\/www.aglaiadesign.shop\/en\/wp-json\/wp\/v2\/product_tag?post=1191"}],"curies":[{"name":"wp","href":"https:\/\/api.w.org\/{rel}","templated":true}]}}