{"id":3,"date":"2025-11-10T10:19:47","date_gmt":"2025-11-10T09:19:47","guid":{"rendered":"https:\/\/beta.aglaiadesign.shop\/?page_id=3"},"modified":"2025-11-10T12:40:57","modified_gmt":"2025-11-10T11:40:57","slug":"ochrana-osobnich-udaju","status":"publish","type":"page","link":"https:\/\/www.aglaiadesign.shop\/en\/ochrana-osobnich-udaju\/","title":{"rendered":"Z\u00e1sady ochrany osobn\u00edch \u00fadaj\u016f"},"content":{"rendered":"\n<p>Sb\u00edr\u00e1me o V\u00e1s informace b\u011bhem procesu dokon\u010den\u00ed objedn\u00e1vky na na\u0161em e-shopu.<\/p>\n\n\n\n<h2 class=\"wp-block-heading\">Jak\u00e1 data sb\u00edr\u00e1me a uchov\u00e1v\u00e1me<\/h2>\n\n\n\n<p>B\u011bhem n\u00e1v\u0161t\u011bvy na\u0161eho webu budeme sledovat:<\/p>\n\n\n\n<ul class=\"wp-block-list\">\n<li>Ji\u017e zobrazen\u00e9 produkty: tyto informace m\u016f\u017eeme pou\u017e\u00edt k zobrazen\u00ed ji\u017e prohl\u00e9dnut\u00fdch produkt\u016f<\/li>\n\n\n\n<li>Lokace, IP adresa a typ prohl\u00ed\u017ee\u010de: tyto \u00fadaje pou\u017e\u00edv\u00e1me nap\u0159. pro spo\u010d\u00edt\u00e1n\u00ed dan\u00ed a po\u0161tovn\u00e9ho<\/li>\n\n\n\n<li>Adresa dod\u00e1n\u00ed: O zad\u00e1n\u00ed tohoto \u00fadaje V\u00e1s \u017e\u00e1d\u00e1me z d\u016fvodu p\u0159edb\u011b\u017en\u00e9 kalkulace ceny za dopravu d\u0159\u00edve, ne\u017e vytvo\u0159\u00edte objedn\u00e1vku a bude V\u00e1m zasl\u00e1no zbo\u017e\u00ed!<\/li>\n<\/ul>\n\n\n\n<p>Soubory cookie tak\u00e9 pou\u017e\u00edv\u00e1me k zapamatov\u00e1n\u00ed obsahu ko\u0161\u00edku p\u0159i proch\u00e1zen\u00ed na\u0161ich str\u00e1nek.<\/p>\n\n\n\n<p>Pokud u n\u00e1s budete nakupovat, vy\u017e\u00e1d\u00e1me si od V\u00e1s informace, jako jsou Va\u0161e jm\u00e9no, faktura\u010dn\u00ed adresa, doru\u010dovac\u00ed adresa, e-mailov\u00e1 adresa, telefonn\u00ed \u010d\u00edslo, kreditn\u00ed karta\/platebn\u00ed \u00fadaje a tak\u00e9 voliteln\u00e9 informace o Va\u0161em \u00fa\u010dtu, jako jsou u\u017eivatelsk\u00e9 jm\u00e9no a heslo. Tyto informace budou pou\u017eity, abychom mohli nap\u0159.:<\/p>\n\n\n\n<ul class=\"wp-block-list\">\n<li>Zaslat informace o va\u0161em \u00fa\u010dtu a objedn\u00e1vce<\/li>\n\n\n\n<li>Odpov\u011bd\u011bt na va\u0161e po\u017eadavky v\u010detn\u011b vr\u00e1cen\u00ed pen\u011bz a reklamac\u00ed<\/li>\n\n\n\n<li>Zpracovat platbu a p\u0159edej\u00edt podvod\u016fm<\/li>\n\n\n\n<li>Nastavit v\u00e1\u0161 \u00fa\u010det v na\u0161em obchod\u011b<\/li>\n\n\n\n<li>Dodr\u017eovat ve\u0161ker\u00e9 z\u00e1konn\u00e9 povinnosti, kter\u00e9 se na n\u00e1s vztahuj\u00ed, nap\u0159\u00edklad v\u00fdpo\u010det dan\u00ed<\/li>\n\n\n\n<li>Zlep\u0161ovat nab\u00eddku na\u0161eho obchodu<\/li>\n\n\n\n<li>Zas\u00edlat marketingov\u00e9 zpr\u00e1vy v p\u0159\u00edpad\u011b, \u017ee se je rozhodnete odeb\u00edrat<\/li>\n<\/ul>\n\n\n\n<p>Pokud vytvo\u0159\u00edte \u00fa\u010det, ulo\u017e\u00edme va\u0161e jm\u00e9no, adresu, e-mail a telefonn\u00ed \u010d\u00edslo, kter\u00e9 budou pou\u017eity v budoucnu pro vypln\u011bn\u00ed str\u00e1nky pokladny.<\/p>\n\n\n\n<p>Va\u0161e informace obvykle ukl\u00e1d\u00e1me po dobu, po kterou je pot\u0159ebujeme k \u00fa\u010del\u016fm, pro kter\u00e9 je sb\u00edr\u00e1me a pou\u017e\u00edv\u00e1me, dokud jsme povinni je uchov\u00e1vat. Nap\u0159\u00edklad informace o objedn\u00e1vce uchov\u00e1v\u00e1me po dobu XXX let pro da\u0148ov\u00e9 a \u00fa\u010detn\u00ed \u00fa\u010dely. Tyto \u00fadaje zahrnuj\u00ed Va\u0161e jm\u00e9no, e-mail, faktura\u010dn\u00ed a doru\u010dovac\u00ed adresu.<\/p>\n\n\n\n<p>Budeme rovn\u011b\u017e uchov\u00e1vat koment\u00e1\u0159e \u010di recenze, pokud se je rozhodnete zve\u0159ejnit.<\/p>\n\n\n\n<h2 class=\"wp-block-heading\">Kdo z na\u0161eho t\u00fdmu m\u00e1 p\u0159\u00edstup<\/h2>\n\n\n\n<p>K informac\u00edm, kter\u00e9 n\u00e1m poskytnete, maj\u00ed p\u0159\u00edstup \u010dlenov\u00e9 na\u0161eho t\u00fdmu. Nap\u0159\u00edklad jak Administr\u00e1to\u0159i, tak Mana\u017ee\u0159i obchodu maj\u00ed p\u0159\u00edstup k:<\/p>\n\n\n\n<ul class=\"wp-block-list\">\n<li>Informace o objedn\u00e1vce, jako jsou co bylo zakoupeno, kdy to bylo zakoupeno a kam by m\u011blo b\u00fdt zbo\u017e\u00ed zasl\u00e1no, a<\/li>\n\n\n\n<li>Informace o z\u00e1kazn\u00edkovi jako jsou va\u0161e jm\u00e9no, e-mailov\u00e1 adresa, faktura\u010dn\u00ed a doru\u010dovac\u00ed adresa.<\/li>\n<\/ul>\n\n\n\n<p>\u010clenov\u00e9 na\u0161eho t\u00fdmu maj\u00ed p\u0159\u00edstup k t\u011bmto informac\u00edm, aby pomohli zpracov\u00e1vat objedn\u00e1vky, refundace a poskytovali podporu z\u00e1kazn\u00edk\u016fm.<\/p>\n\n\n\n<h2 class=\"wp-block-heading\">Co sd\u00edl\u00edme s ostatn\u00edmi<\/h2>\n\n\n\n<p>Sd\u00edl\u00edme informace s t\u0159et\u00edmi stranami, kter\u00e9 n\u00e1m pom\u00e1haj\u00ed p\u0159i zpracov\u00e1n\u00ed va\u0161ich objedn\u00e1vek a n\u00e1mi poskytovan\u00fdch slu\u017eeb, nap\u0159\u00edklad &#8212;<\/p>\n\n\n\n<h3 class=\"wp-block-heading\">Platby<\/h3>\n\n\n\n<p>P\u0159ij\u00edm\u00e1me platby p\u0159es PayPal . P\u0159i zpracov\u00e1n\u00ed platby budou n\u011bkter\u00e9 va\u0161e \u00fadaje p\u0159ed\u00e1ny slu\u017eb\u011b PayPal, v\u010detn\u011b informac\u00ed pot\u0159ebn\u00fdch pro zpracov\u00e1n\u00ed nebo podpo\u0159e platby, jako jsou informace o celkov\u00e9 \u010d\u00e1stce prodeje nebo faktura\u010dn\u00ed \u00fadaje.<\/p>\n\n\n\n<p>V\u00edce informac\u00ed najdete na&nbsp;<a href=\"https:\/\/www.paypal.com\/us\/webapps\/mpp\/ua\/privacy-full\">PayPal Privacy Policy<\/a>&nbsp;.<\/p>\n","protected":false},"excerpt":{"rendered":"<p>Sb\u00edr\u00e1me o V\u00e1s informace b\u011bhem procesu dokon\u010den\u00ed objedn\u00e1vky na na\u0161em e-shopu. Jak\u00e1 data sb\u00edr\u00e1me a uchov\u00e1v\u00e1me B\u011bhem n\u00e1v\u0161t\u011bvy na\u0161eho webu budeme sledovat: Ji\u017e zobrazen\u00e9 produkty: tyto informace m\u016f\u017eeme pou\u017e\u00edt k zobrazen\u00ed ji\u017e prohl\u00e9dnut\u00fdch produkt\u016f Lokace, IP adresa a typ prohl\u00ed\u017ee\u010de: tyto \u00fadaje pou\u017e\u00edv\u00e1me nap\u0159. pro spo\u010d\u00edt\u00e1n\u00ed dan\u00ed a po\u0161tovn\u00e9ho Adresa dod\u00e1n\u00ed: O zad\u00e1n\u00ed tohoto \u00fadaje [&hellip;]<\/p>\n","protected":false},"author":1,"featured_media":0,"parent":0,"menu_order":0,"comment_status":"closed","ping_status":"open","template":"","meta":{"footnotes":""},"class_list":["post-3","page","type-page","status-publish","hentry"],"yoast_head":"<!-- This site is optimized with the Yoast SEO plugin v27.4 - https:\/\/yoast.com\/product\/yoast-seo-wordpress\/ -->\n<title>Z\u00e1sady ochrany osobn\u00edch \u00fadaj\u016f<\/title>\n<meta name=\"description\" content=\"Sb\u00edr\u00e1me o V\u00e1s informace b\u011bhem procesu dokon\u010den\u00ed objedn\u00e1vky na na\u0161em e-shopu. Jak\u00e1 data sb\u00edr\u00e1me a uchov\u00e1v\u00e1me B\u011bhem n\u00e1v\u0161t\u011bvy na\u0161eho webu budeme sledovat: Ji\u017e zobrazen\u00e9 produkty: tyto informace m\u016f\u017eeme pou\u017e\u00edt k zobrazen\u00ed ji\u017e prohl\u00e9dnut\u00fdch produkt\u016f Lokace, IP adresa a typ prohl\u00ed\u017ee\u010de: tyto \u00fadaje pou\u017e\u00edv\u00e1me nap\u0159. pro spo\u010d\u00edt\u00e1n\u00ed dan\u00ed a po\u0161tovn\u00e9ho Adresa dod\u00e1n\u00ed: O zad\u00e1n\u00ed tohoto \u00fadaje&hellip;\" \/>\n<meta name=\"robots\" content=\"index, follow, max-snippet:-1, max-image-preview:large, max-video-preview:-1\" \/>\n<link rel=\"canonical\" href=\"\" \/>\n<meta property=\"og:locale\" content=\"en_US\" \/>\n<meta property=\"og:type\" content=\"article\" \/>\n<meta property=\"og:title\" content=\"Z\u00e1sady ochrany osobn\u00edch \u00fadaj\u016f\" \/>\n<meta property=\"og:description\" content=\"Sb\u00edr\u00e1me o V\u00e1s informace b\u011bhem procesu dokon\u010den\u00ed objedn\u00e1vky na na\u0161em e-shopu. Jak\u00e1 data sb\u00edr\u00e1me a uchov\u00e1v\u00e1me B\u011bhem n\u00e1v\u0161t\u011bvy na\u0161eho webu budeme sledovat: Ji\u017e zobrazen\u00e9 produkty: tyto informace m\u016f\u017eeme pou\u017e\u00edt k zobrazen\u00ed ji\u017e prohl\u00e9dnut\u00fdch produkt\u016f Lokace, IP adresa a typ prohl\u00ed\u017ee\u010de: tyto \u00fadaje pou\u017e\u00edv\u00e1me nap\u0159. pro spo\u010d\u00edt\u00e1n\u00ed dan\u00ed a po\u0161tovn\u00e9ho Adresa dod\u00e1n\u00ed: O zad\u00e1n\u00ed tohoto \u00fadaje&hellip;\" \/>\n<meta property=\"og:url\" content=\"https:\/\/www.aglaiadesign.shop\/en\/ochrana-osobnich-udaju\/\" \/>\n<meta property=\"og:site_name\" content=\"AglaiaDesign.shop\" \/>\n<meta property=\"article:publisher\" content=\"https:\/\/www.facebook.com\/people\/AglaiaDesignshop\/61584360833340\/\" \/>\n<meta property=\"article:modified_time\" content=\"2025-11-10T11:40:57+00:00\" \/>\n<meta name=\"twitter:card\" content=\"summary_large_image\" \/>\n<meta name=\"twitter:label1\" content=\"Est. reading time\" \/>\n\t<meta name=\"twitter:data1\" content=\"3 minutes\" \/>\n<script type=\"application\/ld+json\" class=\"yoast-schema-graph\">{\"@context\":\"https:\\\/\\\/schema.org\",\"@graph\":[{\"@type\":\"WebPage\",\"@id\":\"https:\\\/\\\/www.aglaiadesign.shop\\\/en\\\/ochrana-osobnich-udaju\\\/\",\"url\":\"https:\\\/\\\/www.aglaiadesign.shop\\\/en\\\/ochrana-osobnich-udaju\\\/\",\"name\":\"Z\u00e1sady ochrany osobn\u00edch \u00fadaj\u016f - AglaiaDesign.shop\",\"isPartOf\":{\"@id\":\"https:\\\/\\\/www.aglaiadesign.shop\\\/#website\"},\"datePublished\":\"2025-11-10T09:19:47+00:00\",\"dateModified\":\"2025-11-10T11:40:57+00:00\",\"breadcrumb\":{\"@id\":\"https:\\\/\\\/www.aglaiadesign.shop\\\/en\\\/ochrana-osobnich-udaju\\\/#breadcrumb\"},\"inLanguage\":\"en-US\",\"potentialAction\":[{\"@type\":\"ReadAction\",\"target\":[\"https:\\\/\\\/www.aglaiadesign.shop\\\/en\\\/ochrana-osobnich-udaju\\\/\"]}]},{\"@type\":\"BreadcrumbList\",\"@id\":\"https:\\\/\\\/www.aglaiadesign.shop\\\/en\\\/ochrana-osobnich-udaju\\\/#breadcrumb\",\"itemListElement\":[{\"@type\":\"ListItem\",\"position\":1,\"name\":\"V\u00edtejte na e-shopu Aglaia Design\",\"item\":\"https:\\\/\\\/www.aglaiadesign.shop\\\/\"},{\"@type\":\"ListItem\",\"position\":2,\"name\":\"Z\u00e1sady ochrany osobn\u00edch \u00fadaj\u016f\"}]},{\"@type\":\"WebSite\",\"@id\":\"https:\\\/\\\/www.aglaiadesign.shop\\\/en\\\/#website\",\"url\":\"https:\\\/\\\/www.aglaiadesign.shop\\\/en\\\/\",\"name\":\"AglaiaDesign.shop\",\"description\":\"Aglaia Design e-shop, obchod s enkaustick\u00fdmi obrazy a dal\u0161\u00edmi produkty s fotoreprodukc\u00ed t\u011bchto obraz\u016f.\",\"publisher\":{\"@id\":\"https:\\\/\\\/www.aglaiadesign.shop\\\/en\\\/#organization\"},\"potentialAction\":[{\"@type\":\"SearchAction\",\"target\":{\"@type\":\"EntryPoint\",\"urlTemplate\":\"https:\\\/\\\/www.aglaiadesign.shop\\\/en\\\/?s={search_term_string}\"},\"query-input\":{\"@type\":\"PropertyValueSpecification\",\"valueRequired\":true,\"valueName\":\"search_term_string\"}}],\"inLanguage\":\"en-US\"},{\"@type\":\"Organization\",\"@id\":\"https:\\\/\\\/www.aglaiadesign.shop\\\/en\\\/#organization\",\"name\":\"AglaiaDesign.shop\",\"url\":\"https:\\\/\\\/www.aglaiadesign.shop\\\/en\\\/\",\"logo\":{\"@type\":\"ImageObject\",\"inLanguage\":\"en-US\",\"@id\":\"https:\\\/\\\/www.aglaiadesign.shop\\\/en\\\/#\\\/schema\\\/logo\\\/image\\\/\",\"url\":\"https:\\\/\\\/www.aglaiadesign.shop\\\/wp-content\\\/uploads\\\/2025\\\/11\\\/cropped-cropped-ad-logo-final.png\",\"contentUrl\":\"https:\\\/\\\/www.aglaiadesign.shop\\\/wp-content\\\/uploads\\\/2025\\\/11\\\/cropped-cropped-ad-logo-final.png\",\"width\":512,\"height\":392,\"caption\":\"AglaiaDesign.shop\"},\"image\":{\"@id\":\"https:\\\/\\\/www.aglaiadesign.shop\\\/en\\\/#\\\/schema\\\/logo\\\/image\\\/\"},\"sameAs\":[\"https:\\\/\\\/www.facebook.com\\\/people\\\/AglaiaDesignshop\\\/61584360833340\\\/\",\"https:\\\/\\\/www.instagram.com\\\/aglaiadesign.shop?igsh=NWh6eXNwbXM0Y2c4\",\"https:\\\/\\\/www.tiktok.com\\\/@aglaia.design.m.k?_r=1&_t=ZN-92fGyZrw7WQ\"]}]}<\/script>\n<!-- \/ Yoast SEO plugin. -->","yoast_head_json":{"title":"Z\u00e1sady ochrany osobn\u00edch \u00fadaj\u016f","description":"Sb\u00edr\u00e1me o V\u00e1s informace b\u011bhem procesu dokon\u010den\u00ed objedn\u00e1vky na na\u0161em e-shopu. Jak\u00e1 data sb\u00edr\u00e1me a uchov\u00e1v\u00e1me B\u011bhem n\u00e1v\u0161t\u011bvy na\u0161eho webu budeme sledovat: Ji\u017e zobrazen\u00e9 produkty: tyto informace m\u016f\u017eeme pou\u017e\u00edt k zobrazen\u00ed ji\u017e prohl\u00e9dnut\u00fdch produkt\u016f Lokace, IP adresa a typ prohl\u00ed\u017ee\u010de: tyto \u00fadaje pou\u017e\u00edv\u00e1me nap\u0159. pro spo\u010d\u00edt\u00e1n\u00ed dan\u00ed a po\u0161tovn\u00e9ho Adresa dod\u00e1n\u00ed: O zad\u00e1n\u00ed tohoto \u00fadaje&hellip;","robots":{"index":"index","follow":"follow","max-snippet":"max-snippet:-1","max-image-preview":"max-image-preview:large","max-video-preview":"max-video-preview:-1"},"canonical":"Sb\u00edr\u00e1me o V\u00e1s informace b\u011bhem procesu dokon\u010den\u00ed objedn\u00e1vky na na\u0161em e-shopu. Jak\u00e1 data sb\u00edr\u00e1me a uchov\u00e1v\u00e1me B\u011bhem n\u00e1v\u0161t\u011bvy na\u0161eho webu budeme sledovat: Ji\u017e zobrazen\u00e9 produkty: tyto informace m\u016f\u017eeme pou\u017e\u00edt k zobrazen\u00ed ji\u017e prohl\u00e9dnut\u00fdch produkt\u016f Lokace, IP adresa a typ prohl\u00ed\u017ee\u010de: tyto \u00fadaje pou\u017e\u00edv\u00e1me nap\u0159. pro spo\u010d\u00edt\u00e1n\u00ed dan\u00ed a po\u0161tovn\u00e9ho Adresa dod\u00e1n\u00ed: O zad\u00e1n\u00ed tohoto \u00fadaje&hellip;","og_locale":"en_US","og_type":"article","og_title":"Z\u00e1sady ochrany osobn\u00edch \u00fadaj\u016f","og_description":"Sb\u00edr\u00e1me o V\u00e1s informace b\u011bhem procesu dokon\u010den\u00ed objedn\u00e1vky na na\u0161em e-shopu. Jak\u00e1 data sb\u00edr\u00e1me a uchov\u00e1v\u00e1me B\u011bhem n\u00e1v\u0161t\u011bvy na\u0161eho webu budeme sledovat: Ji\u017e zobrazen\u00e9 produkty: tyto informace m\u016f\u017eeme pou\u017e\u00edt k zobrazen\u00ed ji\u017e prohl\u00e9dnut\u00fdch produkt\u016f Lokace, IP adresa a typ prohl\u00ed\u017ee\u010de: tyto \u00fadaje pou\u017e\u00edv\u00e1me nap\u0159. pro spo\u010d\u00edt\u00e1n\u00ed dan\u00ed a po\u0161tovn\u00e9ho Adresa dod\u00e1n\u00ed: O zad\u00e1n\u00ed tohoto \u00fadaje&hellip;","og_url":"https:\/\/www.aglaiadesign.shop\/en\/ochrana-osobnich-udaju\/","og_site_name":"AglaiaDesign.shop","article_publisher":"https:\/\/www.facebook.com\/people\/AglaiaDesignshop\/61584360833340\/","article_modified_time":"2025-11-10T11:40:57+00:00","twitter_card":"summary_large_image","twitter_misc":{"Est. reading time":"3 minutes"},"schema":{"@context":"https:\/\/schema.org","@graph":[{"@type":"WebPage","@id":"https:\/\/www.aglaiadesign.shop\/en\/ochrana-osobnich-udaju\/","url":"https:\/\/www.aglaiadesign.shop\/en\/ochrana-osobnich-udaju\/","name":"Z\u00e1sady ochrany osobn\u00edch \u00fadaj\u016f - AglaiaDesign.shop","isPartOf":{"@id":"https:\/\/www.aglaiadesign.shop\/#website"},"datePublished":"2025-11-10T09:19:47+00:00","dateModified":"2025-11-10T11:40:57+00:00","breadcrumb":{"@id":"https:\/\/www.aglaiadesign.shop\/en\/ochrana-osobnich-udaju\/#breadcrumb"},"inLanguage":"en-US","potentialAction":[{"@type":"ReadAction","target":["https:\/\/www.aglaiadesign.shop\/en\/ochrana-osobnich-udaju\/"]}]},{"@type":"BreadcrumbList","@id":"https:\/\/www.aglaiadesign.shop\/en\/ochrana-osobnich-udaju\/#breadcrumb","itemListElement":[{"@type":"ListItem","position":1,"name":"V\u00edtejte na e-shopu Aglaia Design","item":"https:\/\/www.aglaiadesign.shop\/"},{"@type":"ListItem","position":2,"name":"Z\u00e1sady ochrany osobn\u00edch \u00fadaj\u016f"}]},{"@type":"WebSite","@id":"https:\/\/www.aglaiadesign.shop\/en\/#website","url":"https:\/\/www.aglaiadesign.shop\/en\/","name":"AglaiaDesign.shop","description":"Aglaia Design e-shop, obchod s enkaustick\u00fdmi obrazy a dal\u0161\u00edmi produkty s fotoreprodukc\u00ed t\u011bchto obraz\u016f.","publisher":{"@id":"https:\/\/www.aglaiadesign.shop\/en\/#organization"},"potentialAction":[{"@type":"SearchAction","target":{"@type":"EntryPoint","urlTemplate":"https:\/\/www.aglaiadesign.shop\/en\/?s={search_term_string}"},"query-input":{"@type":"PropertyValueSpecification","valueRequired":true,"valueName":"search_term_string"}}],"inLanguage":"en-US"},{"@type":"Organization","@id":"https:\/\/www.aglaiadesign.shop\/en\/#organization","name":"AglaiaDesign.shop","url":"https:\/\/www.aglaiadesign.shop\/en\/","logo":{"@type":"ImageObject","inLanguage":"en-US","@id":"https:\/\/www.aglaiadesign.shop\/en\/#\/schema\/logo\/image\/","url":"https:\/\/www.aglaiadesign.shop\/wp-content\/uploads\/2025\/11\/cropped-cropped-ad-logo-final.png","contentUrl":"https:\/\/www.aglaiadesign.shop\/wp-content\/uploads\/2025\/11\/cropped-cropped-ad-logo-final.png","width":512,"height":392,"caption":"AglaiaDesign.shop"},"image":{"@id":"https:\/\/www.aglaiadesign.shop\/en\/#\/schema\/logo\/image\/"},"sameAs":["https:\/\/www.facebook.com\/people\/AglaiaDesignshop\/61584360833340\/","https:\/\/www.instagram.com\/aglaiadesign.shop?igsh=NWh6eXNwbXM0Y2c4","https:\/\/www.tiktok.com\/@aglaia.design.m.k?_r=1&_t=ZN-92fGyZrw7WQ"]}]}},"jetpack_sharing_enabled":true,"_links":{"self":[{"href":"https:\/\/www.aglaiadesign.shop\/en\/wp-json\/wp\/v2\/pages\/3","targetHints":{"allow":["GET"]}}],"collection":[{"href":"https:\/\/www.aglaiadesign.shop\/en\/wp-json\/wp\/v2\/pages"}],"about":[{"href":"https:\/\/www.aglaiadesign.shop\/en\/wp-json\/wp\/v2\/types\/page"}],"author":[{"embeddable":true,"href":"https:\/\/www.aglaiadesign.shop\/en\/wp-json\/wp\/v2\/users\/1"}],"replies":[{"embeddable":true,"href":"https:\/\/www.aglaiadesign.shop\/en\/wp-json\/wp\/v2\/comments?post=3"}],"version-history":[{"count":3,"href":"https:\/\/www.aglaiadesign.shop\/en\/wp-json\/wp\/v2\/pages\/3\/revisions"}],"predecessor-version":[{"id":135,"href":"https:\/\/www.aglaiadesign.shop\/en\/wp-json\/wp\/v2\/pages\/3\/revisions\/135"}],"wp:attachment":[{"href":"https:\/\/www.aglaiadesign.shop\/en\/wp-json\/wp\/v2\/media?parent=3"}],"curies":[{"name":"wp","href":"https:\/\/api.w.org\/{rel}","templated":true}]}}