{"id":158,"date":"2025-11-11T12:08:31","date_gmt":"2025-11-11T11:08:31","guid":{"rendered":"https:\/\/beta.aglaiadesign.shop\/?page_id=158"},"modified":"2026-03-21T10:47:19","modified_gmt":"2026-03-21T09:47:19","slug":"realizace","status":"publish","type":"page","link":"https:\/\/www.aglaiadesign.shop\/en\/realizace\/","title":{"rendered":"Realizace"},"content":{"rendered":"\n<p>Fotoreprodukce m\u00fdch obraz\u016f v r\u016fzn\u00fdch projektech. P\u0159ev\u00e1\u017en\u011b v architektu\u0159e. Nap\u0159\u00edklad dno baz\u00e9nu, vitr\u00e1\u017ee na m\u00edru nebo sklen\u011bn\u00e1 fas\u00e1da podle origin\u00e1ln\u00edho obrazu pro klienta.<\/p>\n\n\n<ul class=\"wp-block-page-list has-normal-font-size\"><li class=\"wp-block-pages-list__item\"><a class=\"wp-block-pages-list__item__link\" href=\"https:\/\/www.aglaiadesign.shop\/en\/realizace\/architektura-design\/\">Architektura &amp; design<\/a><\/li><\/ul>\n\n\n<p><\/p>\n","protected":false},"excerpt":{"rendered":"<p>Fotoreprodukce m\u00fdch obraz\u016f v r\u016fzn\u00fdch projektech. P\u0159ev\u00e1\u017en\u011b v architektu\u0159e. Nap\u0159\u00edklad dno baz\u00e9nu, vitr\u00e1\u017ee na m\u00edru nebo sklen\u011bn\u00e1 fas\u00e1da podle origin\u00e1ln\u00edho obrazu pro klienta.<\/p>\n","protected":false},"author":1,"featured_media":0,"parent":0,"menu_order":0,"comment_status":"closed","ping_status":"closed","template":"","meta":{"footnotes":""},"class_list":["post-158","page","type-page","status-publish","hentry"],"yoast_head":"<!-- This site is optimized with the Yoast SEO plugin v27.4 - https:\/\/yoast.com\/product\/yoast-seo-wordpress\/ -->\n<title>fotoreprodukc\u00ed v r\u016fzn\u00fdch projektech - AglaiaDesign.shop fotoreprodukc\u00ed v r\u016fzn\u00fdch projektech - AglaiaDesign.shop<\/title>\n<meta name=\"description\" content=\"Prohl\u00e9dn\u011bte si realizace fotoreprodukc\u00ed v r\u016fzn\u00fdch projektech. P\u0159ev\u00e1\u017en\u011b v architektu\u0159e. Nap\u0159\u00edklad dno baz\u00e9nu, vitr\u00e1\u017ee nebo sklen\u011bnou fas\u00e1du.\" \/>\n<meta name=\"robots\" content=\"index, follow, max-snippet:-1, max-image-preview:large, max-video-preview:-1\" \/>\n<link rel=\"canonical\" href=\"http:\/\/Fotoreprodukce%20m\u00fdch%20obraz\u016f%20v%20r\u016fzn\u00fdch%20projektech.%20P\u0159ev\u00e1\u017en\u011b%20v%20architektu\u0159e.%20Nap\u0159\u00edklad%20dno%20baz\u00e9nu,%20vitr\u00e1\u017ee%20na%20m\u00edru%20nebo%20sklen\u011bn\u00e1%20fas\u00e1da%20podle%20origin\u00e1ln\u00edho%20obrazu%20pro%20klienta.\" \/>\n<meta property=\"og:locale\" content=\"en_US\" \/>\n<meta property=\"og:type\" content=\"article\" \/>\n<meta property=\"og:title\" content=\"fotoreprodukc\u00ed v r\u016fzn\u00fdch projektech - AglaiaDesign.shop fotoreprodukc\u00ed v r\u016fzn\u00fdch projektech - AglaiaDesign.shop\" \/>\n<meta property=\"og:description\" content=\"Prohl\u00e9dn\u011bte si realizace fotoreprodukc\u00ed v r\u016fzn\u00fdch projektech. P\u0159ev\u00e1\u017en\u011b v architektu\u0159e. Nap\u0159\u00edklad dno baz\u00e9nu, vitr\u00e1\u017ee nebo sklen\u011bnou fas\u00e1du.\" \/>\n<meta property=\"og:url\" content=\"https:\/\/www.aglaiadesign.shop\/en\/realizace\/\" \/>\n<meta property=\"og:site_name\" content=\"AglaiaDesign.shop\" \/>\n<meta property=\"article:publisher\" content=\"https:\/\/www.facebook.com\/people\/AglaiaDesignshop\/61584360833340\/\" \/>\n<meta property=\"article:modified_time\" content=\"2026-03-21T09:47:19+00:00\" \/>\n<meta name=\"twitter:card\" content=\"summary_large_image\" \/>\n<meta name=\"twitter:label1\" content=\"Est. reading time\" \/>\n\t<meta name=\"twitter:data1\" content=\"1 minute\" \/>\n<script type=\"application\/ld+json\" class=\"yoast-schema-graph\">{\"@context\":\"https:\\\/\\\/schema.org\",\"@graph\":[{\"@type\":\"WebPage\",\"@id\":\"https:\\\/\\\/www.aglaiadesign.shop\\\/en\\\/realizace\\\/\",\"url\":\"https:\\\/\\\/www.aglaiadesign.shop\\\/en\\\/realizace\\\/\",\"name\":\"Realizace fotoreprodukc\u00ed v r\u016fzn\u00fdch projektech - AglaiaDesign.shop\",\"isPartOf\":{\"@id\":\"https:\\\/\\\/www.aglaiadesign.shop\\\/#website\"},\"datePublished\":\"2025-11-11T11:08:31+00:00\",\"dateModified\":\"2026-03-21T09:47:19+00:00\",\"description\":\"Prohl\u00e9dn\u011bte si realizace fotoreprodukc\u00ed v r\u016fzn\u00fdch projektech. P\u0159ev\u00e1\u017en\u011b v architektu\u0159e. Nap\u0159\u00edklad dno baz\u00e9nu, vitr\u00e1\u017ee nebo sklen\u011bnou fas\u00e1du.\",\"breadcrumb\":{\"@id\":\"https:\\\/\\\/www.aglaiadesign.shop\\\/en\\\/realizace\\\/#breadcrumb\"},\"inLanguage\":\"en-US\",\"potentialAction\":[{\"@type\":\"ReadAction\",\"target\":[\"https:\\\/\\\/www.aglaiadesign.shop\\\/en\\\/realizace\\\/\"]}]},{\"@type\":\"BreadcrumbList\",\"@id\":\"https:\\\/\\\/www.aglaiadesign.shop\\\/en\\\/realizace\\\/#breadcrumb\",\"itemListElement\":[{\"@type\":\"ListItem\",\"position\":1,\"name\":\"V\u00edtejte na e-shopu Aglaia Design\",\"item\":\"https:\\\/\\\/www.aglaiadesign.shop\\\/\"},{\"@type\":\"ListItem\",\"position\":2,\"name\":\"Realizace\"}]},{\"@type\":\"WebSite\",\"@id\":\"https:\\\/\\\/www.aglaiadesign.shop\\\/en\\\/#website\",\"url\":\"https:\\\/\\\/www.aglaiadesign.shop\\\/en\\\/\",\"name\":\"AglaiaDesign.shop\",\"description\":\"Aglaia Design e-shop, obchod s enkaustick\u00fdmi obrazy a dal\u0161\u00edmi produkty s fotoreprodukc\u00ed t\u011bchto obraz\u016f.\",\"publisher\":{\"@id\":\"https:\\\/\\\/www.aglaiadesign.shop\\\/en\\\/#organization\"},\"potentialAction\":[{\"@type\":\"SearchAction\",\"target\":{\"@type\":\"EntryPoint\",\"urlTemplate\":\"https:\\\/\\\/www.aglaiadesign.shop\\\/en\\\/?s={search_term_string}\"},\"query-input\":{\"@type\":\"PropertyValueSpecification\",\"valueRequired\":true,\"valueName\":\"search_term_string\"}}],\"inLanguage\":\"en-US\"},{\"@type\":\"Organization\",\"@id\":\"https:\\\/\\\/www.aglaiadesign.shop\\\/en\\\/#organization\",\"name\":\"AglaiaDesign.shop\",\"url\":\"https:\\\/\\\/www.aglaiadesign.shop\\\/en\\\/\",\"logo\":{\"@type\":\"ImageObject\",\"inLanguage\":\"en-US\",\"@id\":\"https:\\\/\\\/www.aglaiadesign.shop\\\/en\\\/#\\\/schema\\\/logo\\\/image\\\/\",\"url\":\"https:\\\/\\\/www.aglaiadesign.shop\\\/wp-content\\\/uploads\\\/2025\\\/11\\\/cropped-cropped-ad-logo-final.png\",\"contentUrl\":\"https:\\\/\\\/www.aglaiadesign.shop\\\/wp-content\\\/uploads\\\/2025\\\/11\\\/cropped-cropped-ad-logo-final.png\",\"width\":512,\"height\":392,\"caption\":\"AglaiaDesign.shop\"},\"image\":{\"@id\":\"https:\\\/\\\/www.aglaiadesign.shop\\\/en\\\/#\\\/schema\\\/logo\\\/image\\\/\"},\"sameAs\":[\"https:\\\/\\\/www.facebook.com\\\/people\\\/AglaiaDesignshop\\\/61584360833340\\\/\",\"https:\\\/\\\/www.instagram.com\\\/aglaiadesign.shop?igsh=NWh6eXNwbXM0Y2c4\",\"https:\\\/\\\/www.tiktok.com\\\/@aglaia.design.m.k?_r=1&_t=ZN-92fGyZrw7WQ\"]}]}<\/script>\n<!-- \/ Yoast SEO plugin. -->","yoast_head_json":{"title":"fotoreprodukc\u00ed v r\u016fzn\u00fdch projektech - AglaiaDesign.shop fotoreprodukc\u00ed v r\u016fzn\u00fdch projektech - AglaiaDesign.shop","description":"Prohl\u00e9dn\u011bte si realizace fotoreprodukc\u00ed v r\u016fzn\u00fdch projektech. P\u0159ev\u00e1\u017en\u011b v architektu\u0159e. Nap\u0159\u00edklad dno baz\u00e9nu, vitr\u00e1\u017ee nebo sklen\u011bnou fas\u00e1du.","robots":{"index":"index","follow":"follow","max-snippet":"max-snippet:-1","max-image-preview":"max-image-preview:large","max-video-preview":"max-video-preview:-1"},"canonical":"Fotoreprodukce m\u00fdch obraz\u016f v r\u016fzn\u00fdch projektech. P\u0159ev\u00e1\u017en\u011b v architektu\u0159e. Nap\u0159\u00edklad dno baz\u00e9nu, vitr\u00e1\u017ee na m\u00edru nebo sklen\u011bn\u00e1 fas\u00e1da podle origin\u00e1ln\u00edho obrazu pro klienta.","og_locale":"en_US","og_type":"article","og_title":"fotoreprodukc\u00ed v r\u016fzn\u00fdch projektech - AglaiaDesign.shop fotoreprodukc\u00ed v r\u016fzn\u00fdch projektech - AglaiaDesign.shop","og_description":"Prohl\u00e9dn\u011bte si realizace fotoreprodukc\u00ed v r\u016fzn\u00fdch projektech. P\u0159ev\u00e1\u017en\u011b v architektu\u0159e. Nap\u0159\u00edklad dno baz\u00e9nu, vitr\u00e1\u017ee nebo sklen\u011bnou fas\u00e1du.","og_url":"https:\/\/www.aglaiadesign.shop\/en\/realizace\/","og_site_name":"AglaiaDesign.shop","article_publisher":"https:\/\/www.facebook.com\/people\/AglaiaDesignshop\/61584360833340\/","article_modified_time":"2026-03-21T09:47:19+00:00","twitter_card":"summary_large_image","twitter_misc":{"Est. reading time":"1 minute"},"schema":{"@context":"https:\/\/schema.org","@graph":[{"@type":"WebPage","@id":"https:\/\/www.aglaiadesign.shop\/en\/realizace\/","url":"https:\/\/www.aglaiadesign.shop\/en\/realizace\/","name":"Realizace fotoreprodukc\u00ed v r\u016fzn\u00fdch projektech - AglaiaDesign.shop","isPartOf":{"@id":"https:\/\/www.aglaiadesign.shop\/#website"},"datePublished":"2025-11-11T11:08:31+00:00","dateModified":"2026-03-21T09:47:19+00:00","description":"Prohl\u00e9dn\u011bte si realizace fotoreprodukc\u00ed v r\u016fzn\u00fdch projektech. P\u0159ev\u00e1\u017en\u011b v architektu\u0159e. Nap\u0159\u00edklad dno baz\u00e9nu, vitr\u00e1\u017ee nebo sklen\u011bnou fas\u00e1du.","breadcrumb":{"@id":"https:\/\/www.aglaiadesign.shop\/en\/realizace\/#breadcrumb"},"inLanguage":"en-US","potentialAction":[{"@type":"ReadAction","target":["https:\/\/www.aglaiadesign.shop\/en\/realizace\/"]}]},{"@type":"BreadcrumbList","@id":"https:\/\/www.aglaiadesign.shop\/en\/realizace\/#breadcrumb","itemListElement":[{"@type":"ListItem","position":1,"name":"V\u00edtejte na e-shopu Aglaia Design","item":"https:\/\/www.aglaiadesign.shop\/"},{"@type":"ListItem","position":2,"name":"Realizace"}]},{"@type":"WebSite","@id":"https:\/\/www.aglaiadesign.shop\/en\/#website","url":"https:\/\/www.aglaiadesign.shop\/en\/","name":"AglaiaDesign.shop","description":"Aglaia Design e-shop, obchod s enkaustick\u00fdmi obrazy a dal\u0161\u00edmi produkty s fotoreprodukc\u00ed t\u011bchto obraz\u016f.","publisher":{"@id":"https:\/\/www.aglaiadesign.shop\/en\/#organization"},"potentialAction":[{"@type":"SearchAction","target":{"@type":"EntryPoint","urlTemplate":"https:\/\/www.aglaiadesign.shop\/en\/?s={search_term_string}"},"query-input":{"@type":"PropertyValueSpecification","valueRequired":true,"valueName":"search_term_string"}}],"inLanguage":"en-US"},{"@type":"Organization","@id":"https:\/\/www.aglaiadesign.shop\/en\/#organization","name":"AglaiaDesign.shop","url":"https:\/\/www.aglaiadesign.shop\/en\/","logo":{"@type":"ImageObject","inLanguage":"en-US","@id":"https:\/\/www.aglaiadesign.shop\/en\/#\/schema\/logo\/image\/","url":"https:\/\/www.aglaiadesign.shop\/wp-content\/uploads\/2025\/11\/cropped-cropped-ad-logo-final.png","contentUrl":"https:\/\/www.aglaiadesign.shop\/wp-content\/uploads\/2025\/11\/cropped-cropped-ad-logo-final.png","width":512,"height":392,"caption":"AglaiaDesign.shop"},"image":{"@id":"https:\/\/www.aglaiadesign.shop\/en\/#\/schema\/logo\/image\/"},"sameAs":["https:\/\/www.facebook.com\/people\/AglaiaDesignshop\/61584360833340\/","https:\/\/www.instagram.com\/aglaiadesign.shop?igsh=NWh6eXNwbXM0Y2c4","https:\/\/www.tiktok.com\/@aglaia.design.m.k?_r=1&_t=ZN-92fGyZrw7WQ"]}]}},"jetpack_sharing_enabled":true,"_links":{"self":[{"href":"https:\/\/www.aglaiadesign.shop\/en\/wp-json\/wp\/v2\/pages\/158","targetHints":{"allow":["GET"]}}],"collection":[{"href":"https:\/\/www.aglaiadesign.shop\/en\/wp-json\/wp\/v2\/pages"}],"about":[{"href":"https:\/\/www.aglaiadesign.shop\/en\/wp-json\/wp\/v2\/types\/page"}],"author":[{"embeddable":true,"href":"https:\/\/www.aglaiadesign.shop\/en\/wp-json\/wp\/v2\/users\/1"}],"replies":[{"embeddable":true,"href":"https:\/\/www.aglaiadesign.shop\/en\/wp-json\/wp\/v2\/comments?post=158"}],"version-history":[{"count":6,"href":"https:\/\/www.aglaiadesign.shop\/en\/wp-json\/wp\/v2\/pages\/158\/revisions"}],"predecessor-version":[{"id":1133,"href":"https:\/\/www.aglaiadesign.shop\/en\/wp-json\/wp\/v2\/pages\/158\/revisions\/1133"}],"wp:attachment":[{"href":"https:\/\/www.aglaiadesign.shop\/en\/wp-json\/wp\/v2\/media?parent=158"}],"curies":[{"name":"wp","href":"https:\/\/api.w.org\/{rel}","templated":true}]}}